{"id":18928,"date":"2023-07-06T20:28:42","date_gmt":"2023-07-06T17:28:42","guid":{"rendered":"https:\/\/kidsplay.lt\/?post_type=product&#038;p=18928"},"modified":"2025-10-04T12:22:33","modified_gmt":"2025-10-04T09:22:33","slug":"automobiline-kedute-joie-0-18-kg","status":"publish","type":"product","link":"https:\/\/kidsplay.lt\/lv\/products\/automobiline-kedute-joie-0-18-kg\/","title":{"rendered":"Automobilin\u0117 k\u0117dut\u0117 Joie 0-18 kg"},"content":{"rendered":"<p>Automobilin\u0117 k\u0117dut\u0117 Joie 0-18 kg, kuri u\u017etikrins j\u016bs\u0173 vaiko saugum\u0105 nuo gimimo iki 18 kilogram\u0173.<\/p>\n<ul>\n<li>K\u0117dut\u0119 galima reguliuoti 4 pad\u0117tyse: 1 \u012f gal\u0105 ir 3 \u012f priek\u012f.<\/li>\n<li>\u0160oninio sm\u016bgio apsaugos sustiprinimai &#8211; papildoma vaiko galvos, k\u016bno ir klub\u0173 apsauga.<\/li>\n<li>\u201eGrow Together\u201c sistema &#8211; tuo pa\u010diu metu reguliuojamas galvos atramos ir saugos dir\u017e\u0173 auk\u0161tis.<\/li>\n<li>Penki\u0173 ta\u0161k\u0173 saugos dir\u017eai su pamink\u0161tinimais.<\/li>\n<li>Viena ranka tvirtinami saugos dir\u017eai.<\/li>\n<li>Dvigubo fiksavimo sistema k\u0117dut\u0117s tvirtinimui.<\/li>\n<li>K\u0117dut\u0117s tvirtinimas va\u017eiavimo krypties at\u017evilgiu: \u012f priek\u012f ir atgal atsuktas.<\/li>\n<li>Tvirtinimo b\u016bdas: automobilio saugos dir\u017eas.<\/li>\n<li>Produkto svoris: 7,52 kg.<\/li>\n<li>Produkto auk\u0161tis: 72,3 cm<\/li>\n<li>Produkto plotis: 42,5 cm<\/li>\n<li>Gaminio gylis: 50 cm<\/li>\n<li>Atitikties sertifikatas: ECE. R44 \/ 04.<\/li>\n<li>Papildoma informacija: vaiko pad\u0117ties reguliavimas, s\u0117dyn\u0117s reguliavimas, galvos atramos reguliavimas, nuimamas apmu\u0161alas.<\/li>\n<\/ul>\n<p>&nbsp;<\/p>","protected":false},"excerpt":{"rendered":"<p>Automobilin\u0117 k\u0117dut\u0117 Joie 0-18 kg, kuri u\u017etikrins j\u016bs\u0173 vaiko saugum\u0105 nuo gimimo iki 18 kilogram\u0173.<\/p>","protected":false},"featured_media":19165,"template":"","meta":{"_acf_changed":false,"_glsr_average":0,"_glsr_ranking":0,"_glsr_reviews":0},"product_brand":[],"product_cat":[294,241],"product_tag":[293],"class_list":{"0":"post-18928","1":"product","2":"type-product","3":"status-publish","4":"has-post-thumbnail","6":"product_cat-0-18-kg","7":"product_cat-automobilines-kedutes","8":"product_tag-automobilines-kedutes","9":"\"style=\"background-color: #2ecc711c;\"","11":"first","12":"instock","13":"purchasable","14":"product-type-simple"},"acf":[],"yoast_head":"<!-- This site is optimized with the Yoast SEO plugin v27.3 - https:\/\/yoast.com\/product\/yoast-seo-wordpress\/ -->\n<title>Automobilin\u0117 k\u0117dut\u0117 Joie 0-18 kg - KidsPlay<\/title>\n<meta name=\"description\" content=\"Automobilin\u0117 k\u0117dut\u0117 Joie 0-18 kg, kuri u\u017etikrins j\u016bs\u0173 vaiko saugum\u0105 nuo gimimo iki 18 kilogram\u0173. \u0160oninio sm\u016bgio apsaugos sustiprinimai.\" \/>\n<meta name=\"robots\" content=\"index, follow, max-snippet:-1, max-image-preview:large, max-video-preview:-1\" \/>\n<link rel=\"canonical\" href=\"https:\/\/kidsplay.lt\/lv\/products\/automobiline-kedute-joie-0-18-kg\/\" \/>\n<meta property=\"og:locale\" content=\"lv_LV\" \/>\n<meta property=\"og:type\" content=\"article\" \/>\n<meta property=\"og:title\" content=\"Automobilin\u0117 k\u0117dut\u0117 Joie 0-18 kg - KidsPlay\" \/>\n<meta property=\"og:description\" content=\"Automobilin\u0117 k\u0117dut\u0117 Joie 0-18 kg, kuri u\u017etikrins j\u016bs\u0173 vaiko saugum\u0105 nuo gimimo iki 18 kilogram\u0173. \u0160oninio sm\u016bgio apsaugos sustiprinimai.\" \/>\n<meta property=\"og:url\" content=\"https:\/\/kidsplay.lt\/lv\/products\/automobiline-kedute-joie-0-18-kg\/\" \/>\n<meta property=\"og:site_name\" content=\"KidsPlay\" \/>\n<meta property=\"article:publisher\" content=\"https:\/\/www.facebook.com\/www.kidsplay.lt\" \/>\n<meta property=\"article:modified_time\" content=\"2025-10-04T09:22:33+00:00\" \/>\n<meta property=\"og:image\" content=\"https:\/\/kidsplay.lt\/wp-content\/uploads\/2023\/07\/JOIE-STEADI-FOTELIK-SAMOCHODOWY-0-18KG-TYL-PRZOD.jpeg\" \/>\n\t<meta property=\"og:image:width\" content=\"1000\" \/>\n\t<meta property=\"og:image:height\" content=\"1400\" \/>\n\t<meta property=\"og:image:type\" content=\"image\/jpeg\" \/>\n<meta name=\"twitter:card\" content=\"summary_large_image\" \/>\n<meta name=\"twitter:label1\" content=\"Est. reading time\" \/>\n\t<meta name=\"twitter:data1\" content=\"1 min\u016bte\" \/>\n<script type=\"application\/ld+json\" class=\"yoast-schema-graph\">{\"@context\":\"https:\\\/\\\/schema.org\",\"@graph\":[{\"@type\":\"WebPage\",\"@id\":\"https:\\\/\\\/kidsplay.lt\\\/produktas\\\/automobiline-kedute-joie-0-18-kg\\\/\",\"url\":\"https:\\\/\\\/kidsplay.lt\\\/produktas\\\/automobiline-kedute-joie-0-18-kg\\\/\",\"name\":\"Automobilin\u0117 k\u0117dut\u0117 Joie 0-18 kg - KidsPlay\",\"isPartOf\":{\"@id\":\"https:\\\/\\\/kidsplay.lt\\\/#website\"},\"primaryImageOfPage\":{\"@id\":\"https:\\\/\\\/kidsplay.lt\\\/produktas\\\/automobiline-kedute-joie-0-18-kg\\\/#primaryimage\"},\"image\":{\"@id\":\"https:\\\/\\\/kidsplay.lt\\\/produktas\\\/automobiline-kedute-joie-0-18-kg\\\/#primaryimage\"},\"thumbnailUrl\":\"https:\\\/\\\/kidsplay.lt\\\/wp-content\\\/uploads\\\/2023\\\/07\\\/JOIE-STEADI-FOTELIK-SAMOCHODOWY-0-18KG-TYL-PRZOD.jpeg\",\"datePublished\":\"2023-07-06T17:28:42+00:00\",\"dateModified\":\"2025-10-04T09:22:33+00:00\",\"description\":\"Automobilin\u0117 k\u0117dut\u0117 Joie 0-18 kg, kuri u\u017etikrins j\u016bs\u0173 vaiko saugum\u0105 nuo gimimo iki 18 kilogram\u0173. \u0160oninio sm\u016bgio apsaugos sustiprinimai.\",\"breadcrumb\":{\"@id\":\"https:\\\/\\\/kidsplay.lt\\\/produktas\\\/automobiline-kedute-joie-0-18-kg\\\/#breadcrumb\"},\"inLanguage\":\"lv-LV\",\"potentialAction\":[{\"@type\":\"ReadAction\",\"target\":[\"https:\\\/\\\/kidsplay.lt\\\/produktas\\\/automobiline-kedute-joie-0-18-kg\\\/\"]}]},{\"@type\":\"ImageObject\",\"inLanguage\":\"lv-LV\",\"@id\":\"https:\\\/\\\/kidsplay.lt\\\/produktas\\\/automobiline-kedute-joie-0-18-kg\\\/#primaryimage\",\"url\":\"https:\\\/\\\/kidsplay.lt\\\/wp-content\\\/uploads\\\/2023\\\/07\\\/JOIE-STEADI-FOTELIK-SAMOCHODOWY-0-18KG-TYL-PRZOD.jpeg\",\"contentUrl\":\"https:\\\/\\\/kidsplay.lt\\\/wp-content\\\/uploads\\\/2023\\\/07\\\/JOIE-STEADI-FOTELIK-SAMOCHODOWY-0-18KG-TYL-PRZOD.jpeg\",\"width\":1000,\"height\":1400},{\"@type\":\"BreadcrumbList\",\"@id\":\"https:\\\/\\\/kidsplay.lt\\\/produktas\\\/automobiline-kedute-joie-0-18-kg\\\/#breadcrumb\",\"itemListElement\":[{\"@type\":\"ListItem\",\"position\":1,\"name\":\"Pagrindinis\",\"item\":\"https:\\\/\\\/kidsplay.lt\\\/\"},{\"@type\":\"ListItem\",\"position\":2,\"name\":\"Parduotuv\u0117\",\"item\":\"https:\\\/\\\/kidsplay.lt\\\/parduotuve\\\/\"},{\"@type\":\"ListItem\",\"position\":3,\"name\":\"Automobilin\u0117 k\u0117dut\u0117 Joie 0-18 kg\"}]},{\"@type\":\"WebSite\",\"@id\":\"https:\\\/\\\/kidsplay.lt\\\/#website\",\"url\":\"https:\\\/\\\/kidsplay.lt\\\/\",\"name\":\"Kidsplay.lt\",\"description\":\"\u012evairios prek\u0117s vaikams\",\"publisher\":{\"@id\":\"https:\\\/\\\/kidsplay.lt\\\/#organization\"},\"alternateName\":\"Kidsplay\",\"potentialAction\":[{\"@type\":\"SearchAction\",\"target\":{\"@type\":\"EntryPoint\",\"urlTemplate\":\"https:\\\/\\\/kidsplay.lt\\\/?s={search_term_string}\"},\"query-input\":{\"@type\":\"PropertyValueSpecification\",\"valueRequired\":true,\"valueName\":\"search_term_string\"}}],\"inLanguage\":\"lv-LV\"},{\"@type\":\"Organization\",\"@id\":\"https:\\\/\\\/kidsplay.lt\\\/#organization\",\"name\":\"KidsPlay\",\"url\":\"https:\\\/\\\/kidsplay.lt\\\/\",\"logo\":{\"@type\":\"ImageObject\",\"inLanguage\":\"lv-LV\",\"@id\":\"https:\\\/\\\/kidsplay.lt\\\/#\\\/schema\\\/logo\\\/image\\\/\",\"url\":\"https:\\\/\\\/kidsplay.lt\\\/wp-content\\\/uploads\\\/2023\\\/07\\\/kidsplay-logo.png\",\"contentUrl\":\"https:\\\/\\\/kidsplay.lt\\\/wp-content\\\/uploads\\\/2023\\\/07\\\/kidsplay-logo.png\",\"width\":451,\"height\":98,\"caption\":\"KidsPlay\"},\"image\":{\"@id\":\"https:\\\/\\\/kidsplay.lt\\\/#\\\/schema\\\/logo\\\/image\\\/\"},\"sameAs\":[\"https:\\\/\\\/www.facebook.com\\\/www.kidsplay.lt\"]}]}<\/script>\n<!-- \/ Yoast SEO plugin. -->","yoast_head_json":{"title":"Automobilin\u0117 k\u0117dut\u0117 Joie 0-18 kg - KidsPlay","description":"Automobilin\u0117 k\u0117dut\u0117 Joie 0-18 kg, kuri u\u017etikrins j\u016bs\u0173 vaiko saugum\u0105 nuo gimimo iki 18 kilogram\u0173. \u0160oninio sm\u016bgio apsaugos sustiprinimai.","robots":{"index":"index","follow":"follow","max-snippet":"max-snippet:-1","max-image-preview":"max-image-preview:large","max-video-preview":"max-video-preview:-1"},"canonical":"https:\/\/kidsplay.lt\/lv\/products\/automobiline-kedute-joie-0-18-kg\/","og_locale":"lv_LV","og_type":"article","og_title":"Automobilin\u0117 k\u0117dut\u0117 Joie 0-18 kg - KidsPlay","og_description":"Automobilin\u0117 k\u0117dut\u0117 Joie 0-18 kg, kuri u\u017etikrins j\u016bs\u0173 vaiko saugum\u0105 nuo gimimo iki 18 kilogram\u0173. \u0160oninio sm\u016bgio apsaugos sustiprinimai.","og_url":"https:\/\/kidsplay.lt\/lv\/products\/automobiline-kedute-joie-0-18-kg\/","og_site_name":"KidsPlay","article_publisher":"https:\/\/www.facebook.com\/www.kidsplay.lt","article_modified_time":"2025-10-04T09:22:33+00:00","og_image":[{"width":1000,"height":1400,"url":"https:\/\/kidsplay.lt\/wp-content\/uploads\/2023\/07\/JOIE-STEADI-FOTELIK-SAMOCHODOWY-0-18KG-TYL-PRZOD.jpeg","type":"image\/jpeg"}],"twitter_card":"summary_large_image","twitter_misc":{"Est. reading time":"1 min\u016bte"},"schema":{"@context":"https:\/\/schema.org","@graph":[{"@type":"WebPage","@id":"https:\/\/kidsplay.lt\/produktas\/automobiline-kedute-joie-0-18-kg\/","url":"https:\/\/kidsplay.lt\/produktas\/automobiline-kedute-joie-0-18-kg\/","name":"Automobilin\u0117 k\u0117dut\u0117 Joie 0-18 kg - KidsPlay","isPartOf":{"@id":"https:\/\/kidsplay.lt\/#website"},"primaryImageOfPage":{"@id":"https:\/\/kidsplay.lt\/produktas\/automobiline-kedute-joie-0-18-kg\/#primaryimage"},"image":{"@id":"https:\/\/kidsplay.lt\/produktas\/automobiline-kedute-joie-0-18-kg\/#primaryimage"},"thumbnailUrl":"https:\/\/kidsplay.lt\/wp-content\/uploads\/2023\/07\/JOIE-STEADI-FOTELIK-SAMOCHODOWY-0-18KG-TYL-PRZOD.jpeg","datePublished":"2023-07-06T17:28:42+00:00","dateModified":"2025-10-04T09:22:33+00:00","description":"Automobilin\u0117 k\u0117dut\u0117 Joie 0-18 kg, kuri u\u017etikrins j\u016bs\u0173 vaiko saugum\u0105 nuo gimimo iki 18 kilogram\u0173. \u0160oninio sm\u016bgio apsaugos sustiprinimai.","breadcrumb":{"@id":"https:\/\/kidsplay.lt\/produktas\/automobiline-kedute-joie-0-18-kg\/#breadcrumb"},"inLanguage":"lv-LV","potentialAction":[{"@type":"ReadAction","target":["https:\/\/kidsplay.lt\/produktas\/automobiline-kedute-joie-0-18-kg\/"]}]},{"@type":"ImageObject","inLanguage":"lv-LV","@id":"https:\/\/kidsplay.lt\/produktas\/automobiline-kedute-joie-0-18-kg\/#primaryimage","url":"https:\/\/kidsplay.lt\/wp-content\/uploads\/2023\/07\/JOIE-STEADI-FOTELIK-SAMOCHODOWY-0-18KG-TYL-PRZOD.jpeg","contentUrl":"https:\/\/kidsplay.lt\/wp-content\/uploads\/2023\/07\/JOIE-STEADI-FOTELIK-SAMOCHODOWY-0-18KG-TYL-PRZOD.jpeg","width":1000,"height":1400},{"@type":"BreadcrumbList","@id":"https:\/\/kidsplay.lt\/produktas\/automobiline-kedute-joie-0-18-kg\/#breadcrumb","itemListElement":[{"@type":"ListItem","position":1,"name":"Pagrindinis","item":"https:\/\/kidsplay.lt\/"},{"@type":"ListItem","position":2,"name":"Parduotuv\u0117","item":"https:\/\/kidsplay.lt\/parduotuve\/"},{"@type":"ListItem","position":3,"name":"Automobilin\u0117 k\u0117dut\u0117 Joie 0-18 kg"}]},{"@type":"WebSite","@id":"https:\/\/kidsplay.lt\/#website","url":"https:\/\/kidsplay.lt\/","name":"B\u0113rnu sp\u0113les.lv","description":"\u012evairios prek\u0117s vaikams","publisher":{"@id":"https:\/\/kidsplay.lt\/#organization"},"alternateName":"Kidsplay","potentialAction":[{"@type":"SearchAction","target":{"@type":"EntryPoint","urlTemplate":"https:\/\/kidsplay.lt\/?s={search_term_string}"},"query-input":{"@type":"PropertyValueSpecification","valueRequired":true,"valueName":"search_term_string"}}],"inLanguage":"lv-LV"},{"@type":"Organization","@id":"https:\/\/kidsplay.lt\/#organization","name":"B\u0113rnu sp\u0113le","url":"https:\/\/kidsplay.lt\/","logo":{"@type":"ImageObject","inLanguage":"lv-LV","@id":"https:\/\/kidsplay.lt\/#\/schema\/logo\/image\/","url":"https:\/\/kidsplay.lt\/wp-content\/uploads\/2023\/07\/kidsplay-logo.png","contentUrl":"https:\/\/kidsplay.lt\/wp-content\/uploads\/2023\/07\/kidsplay-logo.png","width":451,"height":98,"caption":"KidsPlay"},"image":{"@id":"https:\/\/kidsplay.lt\/#\/schema\/logo\/image\/"},"sameAs":["https:\/\/www.facebook.com\/www.kidsplay.lt"]}]}},"_links":{"self":[{"href":"https:\/\/kidsplay.lt\/lv\/wp-json\/wp\/v2\/product\/18928","targetHints":{"allow":["GET"]}}],"collection":[{"href":"https:\/\/kidsplay.lt\/lv\/wp-json\/wp\/v2\/product"}],"about":[{"href":"https:\/\/kidsplay.lt\/lv\/wp-json\/wp\/v2\/types\/product"}],"version-history":[{"count":1,"href":"https:\/\/kidsplay.lt\/lv\/wp-json\/wp\/v2\/product\/18928\/revisions"}],"predecessor-version":[{"id":47239,"href":"https:\/\/kidsplay.lt\/lv\/wp-json\/wp\/v2\/product\/18928\/revisions\/47239"}],"wp:featuredmedia":[{"embeddable":true,"href":"https:\/\/kidsplay.lt\/lv\/wp-json\/wp\/v2\/media\/19165"}],"wp:attachment":[{"href":"https:\/\/kidsplay.lt\/lv\/wp-json\/wp\/v2\/media?parent=18928"}],"wp:term":[{"taxonomy":"product_brand","embeddable":true,"href":"https:\/\/kidsplay.lt\/lv\/wp-json\/wp\/v2\/product_brand?post=18928"},{"taxonomy":"product_cat","embeddable":true,"href":"https:\/\/kidsplay.lt\/lv\/wp-json\/wp\/v2\/product_cat?post=18928"},{"taxonomy":"product_tag","embeddable":true,"href":"https:\/\/kidsplay.lt\/lv\/wp-json\/wp\/v2\/product_tag?post=18928"}],"curies":[{"name":"wp","href":"https:\/\/api.w.org\/{rel}","templated":true}]}}