{"id":19312,"date":"2023-07-06T20:41:36","date_gmt":"2023-07-06T20:41:36","guid":{"rendered":"https:\/\/kidsplay.lt\/?post_type=product&#038;p=19312"},"modified":"2025-10-04T12:28:13","modified_gmt":"2025-10-04T09:28:13","slug":"metalines-daugiafunkcines-roges-su-lopsiu","status":"publish","type":"product","link":"https:\/\/kidsplay.lt\/lv\/products\/metalines-daugiafunkcines-roges-su-lopsiu\/","title":{"rendered":"Met\u0101la daudzfunkcion\u0101las ragavas ar \u0161\u016bpuli"},"content":{"rendered":"<p>Metalin\u0117s daugiafunkcin\u0117s rog\u0117s su lop\u0161iu, st\u016bmikliu, koj\u0173 atramomis ir ratais puikiai tiks snieguotoms dienoms ir suteiks puik\u0173 poils\u012f bei linksmybes j\u016bs\u0173 vaikui.\u00a0Saugu, patogu ir svarbiausia funkcionalu.<\/p>\n<p>Rog\u0117s yra labai prakti\u0161kos ir patogios &#8211; jos u\u017etikrins nepriekai\u0161ting\u0105 j\u016bs\u0173 vaiko poils\u012f ir linksmybes.<\/p>\n<p>Rog\u0117s yra labai patvarios d\u0117l plienini\u0173 vamzd\u017ei\u0173, elektrostati\u0161kai nuda\u017eyt\u0173 poliesteriniais da\u017eais, atspariais UV spinduliams, su stipriais tvirtinimo elementais.<\/p>\n<p>Rog\u0117s turi st\u016bmikl\u012f ir atlo\u0161\u0105, kur\u012f galima lengvai nuimti.<\/p>\n<p>St\u016bmikas su gumine virvele ir auk\u0161\u010dio reguliatoriumi.<\/p>\n<p>D\u0117l rankenos auk\u0161\u010dio reguliavimo roges labai patogu stumti, jas galite pritaikyti pagal savo \u016bg\u012f.<\/p>\n<p>Bendri matmenys: 112\/40 \/ 97 cm (ilgis \/ plotis \/ auk\u0161tis)<br \/>\nS\u0117dyn\u0117s matmenys: 60 \/ 23 cm (ilgis \/ plotis)<br \/>\nSt\u016bmiklio auk\u0161tis: 97 cm<br \/>\nRogu\u010di\u0173 svoris: 5 kg<br \/>\nRogu\u010di\u0173 svoris su \u012franga: 9 kg<br \/>\nMiegmai\u0161io i\u0161matavimai: 85 \/ 45cm<br \/>\nMaksimali apkrova: 100 kg<\/p>","protected":false},"excerpt":{"rendered":"<p>Metalin\u0117s daugiafunkcin\u0117s rog\u0117s su lop\u0161iu, st\u016bmikliu, koj\u0173 atramomis ir ratais puikiai tiks snieguotoms dienoms ir suteiks puik\u0173 poils\u012f bei linksmybes j\u016bs\u0173 vaikui.\u00a0Saugu, patogu ir svarbiausia funkcionalu.<\/p>","protected":false},"featured_media":48048,"template":"","meta":{"_acf_changed":false,"_glsr_average":0,"_glsr_ranking":0,"_glsr_reviews":0},"product_brand":[],"product_cat":[297],"product_tag":[298],"class_list":{"0":"post-19312","1":"product","2":"type-product","3":"status-publish","4":"has-post-thumbnail","6":"product_cat-ziemos-pramogos","7":"product_tag-rogutes","8":"\"style=\"background-color: #2ecc711c;\"","10":"first","11":"instock","12":"purchasable","13":"product-type-variable"},"acf":[],"yoast_head":"<!-- This site is optimized with the Yoast SEO plugin v27.3 - https:\/\/yoast.com\/product\/yoast-seo-wordpress\/ -->\n<title>Metalin\u0117s daugiafunkcin\u0117s rog\u0117s su lop\u0161iu - KidsPlay<\/title>\n<meta name=\"description\" content=\"Metalin\u0117s daugiafunkcin\u0117s rog\u0117s su lop\u0161iu, st\u016bmikliu, koj\u0173 atramomis ir ratais puikiai tiks snieguotoms dienoms ir suteiks puik\u0173 poils\u012f.\" \/>\n<meta name=\"robots\" content=\"index, follow, max-snippet:-1, max-image-preview:large, max-video-preview:-1\" \/>\n<link rel=\"canonical\" href=\"https:\/\/kidsplay.lt\/lv\/products\/metalines-daugiafunkcines-roges-su-lopsiu\/\" \/>\n<meta property=\"og:locale\" content=\"lv_LV\" \/>\n<meta property=\"og:type\" content=\"article\" \/>\n<meta property=\"og:title\" content=\"Metalin\u0117s daugiafunkcin\u0117s rog\u0117s su lop\u0161iu - KidsPlay\" \/>\n<meta property=\"og:description\" content=\"Metalin\u0117s daugiafunkcin\u0117s rog\u0117s su lop\u0161iu, st\u016bmikliu, koj\u0173 atramomis ir ratais puikiai tiks snieguotoms dienoms ir suteiks puik\u0173 poils\u012f.\" \/>\n<meta property=\"og:url\" content=\"https:\/\/kidsplay.lt\/lv\/products\/metalines-daugiafunkcines-roges-su-lopsiu\/\" \/>\n<meta property=\"og:site_name\" content=\"KidsPlay\" \/>\n<meta property=\"article:publisher\" content=\"https:\/\/www.facebook.com\/www.kidsplay.lt\" \/>\n<meta property=\"article:modified_time\" content=\"2025-10-04T09:28:13+00:00\" \/>\n<meta property=\"og:image\" content=\"https:\/\/kidsplay.lt\/wp-content\/uploads\/2023\/07\/Sanki-COMPLEX_Pik-Line-spiwor-budka-kolka.jpg\" \/>\n\t<meta property=\"og:image:width\" content=\"1000\" \/>\n\t<meta property=\"og:image:height\" content=\"1000\" \/>\n\t<meta property=\"og:image:type\" content=\"image\/jpeg\" \/>\n<meta name=\"twitter:card\" content=\"summary_large_image\" \/>\n<meta name=\"twitter:label1\" content=\"Est. reading time\" \/>\n\t<meta name=\"twitter:data1\" content=\"1 min\u016bte\" \/>\n<script type=\"application\/ld+json\" class=\"yoast-schema-graph\">{\"@context\":\"https:\\\/\\\/schema.org\",\"@graph\":[{\"@type\":\"WebPage\",\"@id\":\"https:\\\/\\\/kidsplay.lt\\\/produktas\\\/metalines-daugiafunkcines-roges-su-lopsiu\\\/\",\"url\":\"https:\\\/\\\/kidsplay.lt\\\/produktas\\\/metalines-daugiafunkcines-roges-su-lopsiu\\\/\",\"name\":\"Metalin\u0117s daugiafunkcin\u0117s rog\u0117s su lop\u0161iu - KidsPlay\",\"isPartOf\":{\"@id\":\"https:\\\/\\\/kidsplay.lt\\\/#website\"},\"primaryImageOfPage\":{\"@id\":\"https:\\\/\\\/kidsplay.lt\\\/produktas\\\/metalines-daugiafunkcines-roges-su-lopsiu\\\/#primaryimage\"},\"image\":{\"@id\":\"https:\\\/\\\/kidsplay.lt\\\/produktas\\\/metalines-daugiafunkcines-roges-su-lopsiu\\\/#primaryimage\"},\"thumbnailUrl\":\"https:\\\/\\\/kidsplay.lt\\\/wp-content\\\/uploads\\\/2023\\\/07\\\/Sanki-COMPLEX_Pik-Line-spiwor-budka-kolka.jpg\",\"datePublished\":\"2023-07-06T20:41:36+00:00\",\"dateModified\":\"2025-10-04T09:28:13+00:00\",\"description\":\"Metalin\u0117s daugiafunkcin\u0117s rog\u0117s su lop\u0161iu, st\u016bmikliu, koj\u0173 atramomis ir ratais puikiai tiks snieguotoms dienoms ir suteiks puik\u0173 poils\u012f.\",\"breadcrumb\":{\"@id\":\"https:\\\/\\\/kidsplay.lt\\\/produktas\\\/metalines-daugiafunkcines-roges-su-lopsiu\\\/#breadcrumb\"},\"inLanguage\":\"lv-LV\",\"potentialAction\":[{\"@type\":\"ReadAction\",\"target\":[\"https:\\\/\\\/kidsplay.lt\\\/produktas\\\/metalines-daugiafunkcines-roges-su-lopsiu\\\/\"]}]},{\"@type\":\"ImageObject\",\"inLanguage\":\"lv-LV\",\"@id\":\"https:\\\/\\\/kidsplay.lt\\\/produktas\\\/metalines-daugiafunkcines-roges-su-lopsiu\\\/#primaryimage\",\"url\":\"https:\\\/\\\/kidsplay.lt\\\/wp-content\\\/uploads\\\/2023\\\/07\\\/Sanki-COMPLEX_Pik-Line-spiwor-budka-kolka.jpg\",\"contentUrl\":\"https:\\\/\\\/kidsplay.lt\\\/wp-content\\\/uploads\\\/2023\\\/07\\\/Sanki-COMPLEX_Pik-Line-spiwor-budka-kolka.jpg\",\"width\":1000,\"height\":1000},{\"@type\":\"BreadcrumbList\",\"@id\":\"https:\\\/\\\/kidsplay.lt\\\/produktas\\\/metalines-daugiafunkcines-roges-su-lopsiu\\\/#breadcrumb\",\"itemListElement\":[{\"@type\":\"ListItem\",\"position\":1,\"name\":\"Pagrindinis\",\"item\":\"https:\\\/\\\/kidsplay.lt\\\/\"},{\"@type\":\"ListItem\",\"position\":2,\"name\":\"Parduotuv\u0117\",\"item\":\"https:\\\/\\\/kidsplay.lt\\\/parduotuve\\\/\"},{\"@type\":\"ListItem\",\"position\":3,\"name\":\"Metalin\u0117s daugiafunkcin\u0117s rog\u0117s su lop\u0161iu\"}]},{\"@type\":\"WebSite\",\"@id\":\"https:\\\/\\\/kidsplay.lt\\\/#website\",\"url\":\"https:\\\/\\\/kidsplay.lt\\\/\",\"name\":\"Kidsplay.lt\",\"description\":\"\u012evairios prek\u0117s vaikams\",\"publisher\":{\"@id\":\"https:\\\/\\\/kidsplay.lt\\\/#organization\"},\"alternateName\":\"Kidsplay\",\"potentialAction\":[{\"@type\":\"SearchAction\",\"target\":{\"@type\":\"EntryPoint\",\"urlTemplate\":\"https:\\\/\\\/kidsplay.lt\\\/?s={search_term_string}\"},\"query-input\":{\"@type\":\"PropertyValueSpecification\",\"valueRequired\":true,\"valueName\":\"search_term_string\"}}],\"inLanguage\":\"lv-LV\"},{\"@type\":\"Organization\",\"@id\":\"https:\\\/\\\/kidsplay.lt\\\/#organization\",\"name\":\"KidsPlay\",\"url\":\"https:\\\/\\\/kidsplay.lt\\\/\",\"logo\":{\"@type\":\"ImageObject\",\"inLanguage\":\"lv-LV\",\"@id\":\"https:\\\/\\\/kidsplay.lt\\\/#\\\/schema\\\/logo\\\/image\\\/\",\"url\":\"https:\\\/\\\/kidsplay.lt\\\/wp-content\\\/uploads\\\/2023\\\/07\\\/kidsplay-logo.png\",\"contentUrl\":\"https:\\\/\\\/kidsplay.lt\\\/wp-content\\\/uploads\\\/2023\\\/07\\\/kidsplay-logo.png\",\"width\":451,\"height\":98,\"caption\":\"KidsPlay\"},\"image\":{\"@id\":\"https:\\\/\\\/kidsplay.lt\\\/#\\\/schema\\\/logo\\\/image\\\/\"},\"sameAs\":[\"https:\\\/\\\/www.facebook.com\\\/www.kidsplay.lt\"]}]}<\/script>\n<!-- \/ Yoast SEO plugin. -->","yoast_head_json":{"title":"Metalin\u0117s daugiafunkcin\u0117s rog\u0117s su lop\u0161iu - KidsPlay","description":"Metalin\u0117s daugiafunkcin\u0117s rog\u0117s su lop\u0161iu, st\u016bmikliu, koj\u0173 atramomis ir ratais puikiai tiks snieguotoms dienoms ir suteiks puik\u0173 poils\u012f.","robots":{"index":"index","follow":"follow","max-snippet":"max-snippet:-1","max-image-preview":"max-image-preview:large","max-video-preview":"max-video-preview:-1"},"canonical":"https:\/\/kidsplay.lt\/lv\/products\/metalines-daugiafunkcines-roges-su-lopsiu\/","og_locale":"lv_LV","og_type":"article","og_title":"Metalin\u0117s daugiafunkcin\u0117s rog\u0117s su lop\u0161iu - KidsPlay","og_description":"Metalin\u0117s daugiafunkcin\u0117s rog\u0117s su lop\u0161iu, st\u016bmikliu, koj\u0173 atramomis ir ratais puikiai tiks snieguotoms dienoms ir suteiks puik\u0173 poils\u012f.","og_url":"https:\/\/kidsplay.lt\/lv\/products\/metalines-daugiafunkcines-roges-su-lopsiu\/","og_site_name":"KidsPlay","article_publisher":"https:\/\/www.facebook.com\/www.kidsplay.lt","article_modified_time":"2025-10-04T09:28:13+00:00","og_image":[{"width":1000,"height":1000,"url":"https:\/\/kidsplay.lt\/wp-content\/uploads\/2023\/07\/Sanki-COMPLEX_Pik-Line-spiwor-budka-kolka.jpg","type":"image\/jpeg"}],"twitter_card":"summary_large_image","twitter_misc":{"Est. reading time":"1 min\u016bte"},"schema":{"@context":"https:\/\/schema.org","@graph":[{"@type":"WebPage","@id":"https:\/\/kidsplay.lt\/produktas\/metalines-daugiafunkcines-roges-su-lopsiu\/","url":"https:\/\/kidsplay.lt\/produktas\/metalines-daugiafunkcines-roges-su-lopsiu\/","name":"Metalin\u0117s daugiafunkcin\u0117s rog\u0117s su lop\u0161iu - KidsPlay","isPartOf":{"@id":"https:\/\/kidsplay.lt\/#website"},"primaryImageOfPage":{"@id":"https:\/\/kidsplay.lt\/produktas\/metalines-daugiafunkcines-roges-su-lopsiu\/#primaryimage"},"image":{"@id":"https:\/\/kidsplay.lt\/produktas\/metalines-daugiafunkcines-roges-su-lopsiu\/#primaryimage"},"thumbnailUrl":"https:\/\/kidsplay.lt\/wp-content\/uploads\/2023\/07\/Sanki-COMPLEX_Pik-Line-spiwor-budka-kolka.jpg","datePublished":"2023-07-06T20:41:36+00:00","dateModified":"2025-10-04T09:28:13+00:00","description":"Metalin\u0117s daugiafunkcin\u0117s rog\u0117s su lop\u0161iu, st\u016bmikliu, koj\u0173 atramomis ir ratais puikiai tiks snieguotoms dienoms ir suteiks puik\u0173 poils\u012f.","breadcrumb":{"@id":"https:\/\/kidsplay.lt\/produktas\/metalines-daugiafunkcines-roges-su-lopsiu\/#breadcrumb"},"inLanguage":"lv-LV","potentialAction":[{"@type":"ReadAction","target":["https:\/\/kidsplay.lt\/produktas\/metalines-daugiafunkcines-roges-su-lopsiu\/"]}]},{"@type":"ImageObject","inLanguage":"lv-LV","@id":"https:\/\/kidsplay.lt\/produktas\/metalines-daugiafunkcines-roges-su-lopsiu\/#primaryimage","url":"https:\/\/kidsplay.lt\/wp-content\/uploads\/2023\/07\/Sanki-COMPLEX_Pik-Line-spiwor-budka-kolka.jpg","contentUrl":"https:\/\/kidsplay.lt\/wp-content\/uploads\/2023\/07\/Sanki-COMPLEX_Pik-Line-spiwor-budka-kolka.jpg","width":1000,"height":1000},{"@type":"BreadcrumbList","@id":"https:\/\/kidsplay.lt\/produktas\/metalines-daugiafunkcines-roges-su-lopsiu\/#breadcrumb","itemListElement":[{"@type":"ListItem","position":1,"name":"Pagrindinis","item":"https:\/\/kidsplay.lt\/"},{"@type":"ListItem","position":2,"name":"Parduotuv\u0117","item":"https:\/\/kidsplay.lt\/parduotuve\/"},{"@type":"ListItem","position":3,"name":"Metalin\u0117s daugiafunkcin\u0117s rog\u0117s su lop\u0161iu"}]},{"@type":"WebSite","@id":"https:\/\/kidsplay.lt\/#website","url":"https:\/\/kidsplay.lt\/","name":"B\u0113rnu sp\u0113les.lv","description":"\u012evairios prek\u0117s vaikams","publisher":{"@id":"https:\/\/kidsplay.lt\/#organization"},"alternateName":"Kidsplay","potentialAction":[{"@type":"SearchAction","target":{"@type":"EntryPoint","urlTemplate":"https:\/\/kidsplay.lt\/?s={search_term_string}"},"query-input":{"@type":"PropertyValueSpecification","valueRequired":true,"valueName":"search_term_string"}}],"inLanguage":"lv-LV"},{"@type":"Organization","@id":"https:\/\/kidsplay.lt\/#organization","name":"B\u0113rnu sp\u0113le","url":"https:\/\/kidsplay.lt\/","logo":{"@type":"ImageObject","inLanguage":"lv-LV","@id":"https:\/\/kidsplay.lt\/#\/schema\/logo\/image\/","url":"https:\/\/kidsplay.lt\/wp-content\/uploads\/2023\/07\/kidsplay-logo.png","contentUrl":"https:\/\/kidsplay.lt\/wp-content\/uploads\/2023\/07\/kidsplay-logo.png","width":451,"height":98,"caption":"KidsPlay"},"image":{"@id":"https:\/\/kidsplay.lt\/#\/schema\/logo\/image\/"},"sameAs":["https:\/\/www.facebook.com\/www.kidsplay.lt"]}]}},"_links":{"self":[{"href":"https:\/\/kidsplay.lt\/lv\/wp-json\/wp\/v2\/product\/19312","targetHints":{"allow":["GET"]}}],"collection":[{"href":"https:\/\/kidsplay.lt\/lv\/wp-json\/wp\/v2\/product"}],"about":[{"href":"https:\/\/kidsplay.lt\/lv\/wp-json\/wp\/v2\/types\/product"}],"version-history":[{"count":2,"href":"https:\/\/kidsplay.lt\/lv\/wp-json\/wp\/v2\/product\/19312\/revisions"}],"predecessor-version":[{"id":48054,"href":"https:\/\/kidsplay.lt\/lv\/wp-json\/wp\/v2\/product\/19312\/revisions\/48054"}],"wp:featuredmedia":[{"embeddable":true,"href":"https:\/\/kidsplay.lt\/lv\/wp-json\/wp\/v2\/media\/48048"}],"wp:attachment":[{"href":"https:\/\/kidsplay.lt\/lv\/wp-json\/wp\/v2\/media?parent=19312"}],"wp:term":[{"taxonomy":"product_brand","embeddable":true,"href":"https:\/\/kidsplay.lt\/lv\/wp-json\/wp\/v2\/product_brand?post=19312"},{"taxonomy":"product_cat","embeddable":true,"href":"https:\/\/kidsplay.lt\/lv\/wp-json\/wp\/v2\/product_cat?post=19312"},{"taxonomy":"product_tag","embeddable":true,"href":"https:\/\/kidsplay.lt\/lv\/wp-json\/wp\/v2\/product_tag?post=19312"}],"curies":[{"name":"wp","href":"https:\/\/api.w.org\/{rel}","templated":true}]}}