{"id":19586,"date":"2023-07-06T20:49:12","date_gmt":"2023-07-06T20:49:12","guid":{"rendered":"https:\/\/kidsplay.lt\/?post_type=product&#038;p=19586"},"modified":"2025-12-23T21:33:19","modified_gmt":"2025-12-23T19:33:19","slug":"zaislinis-garazas-su-masinelemis-is-bio-plastiko","status":"publish","type":"product","link":"https:\/\/kidsplay.lt\/lv\/products\/zaislinis-garazas-su-masinelemis-is-bio-plastiko\/","title":{"rendered":"Rota\u013cu gar\u0101\u017ea ar automa\u0161\u012bn\u0101m, kas izgatavotas no bioplastmasas"},"content":{"rendered":"<p>\u017daislinis gara\u017eas su ma\u0161in\u0117l\u0117mis i\u0161 Bio plastiko linijos yra sukurti vardan aplinkos ir jauniausi\u0173 kart\u0173 ateities!<\/p>\n<p>Pastelini\u0173 spalv\u0173 gara\u017eas su \u010diuo\u017eykla ir vieta ant stogo trims ma\u017eiems mieliems komplekte priklausantiems automobiliams. Kiekvienas automobilis turi savo parkavimo viet\u0105 pak\u0117lus gara\u017eo vartus. I\u0161 viso 4 atsidarantys vartai ir pakeliamas barjeras. Prava\u017eiavus per sm\u0117lio d\u0117\u017ees ar balas, automobilius lengva i\u0161valyti. Gara\u017eas taip pat tinkamas plauti indaplov\u0117je, ta\u010diau rekomenduojame daugiau plauti rankomis, kad apsaugotume lipdukus.<\/p>\n<p>BIO gara\u017eas ir jo automobiliai yra pagaminti Danijoje i\u0161 BIO plastiko, pagaminto i\u0161 cukranendri\u0173, kuris yra 100% tvarus ir tod\u0117l sertifikuotas \u0160iaur\u0117s \u0161ali\u0173 ekologiniu \u017eenklu. \u0160ie \u017eaislai yra draugi\u0161ki aplinkai ir juose n\u0117ra kenksming\u0173 chemini\u0173 med\u017eiag\u0173.<\/p>\n<p>Gaminio matmenys 35x17x28cm<\/p>\n<p>&nbsp;<\/p>\n<p>&nbsp;<\/p>","protected":false},"excerpt":{"rendered":"<p>\u017daislinis gara\u017eas su ma\u0161in\u0117l\u0117mis i\u0161 Bio plastiko linijos yra sukurti vardan aplinkos ir jauniausi\u0173 kart\u0173 ateities!<\/p>","protected":false},"featured_media":19722,"template":"","meta":{"_acf_changed":false,"_glsr_average":0,"_glsr_ranking":0,"_glsr_reviews":0},"product_brand":[],"product_cat":[448,229],"product_tag":[],"class_list":{"0":"post-19586","1":"product","2":"type-product","3":"status-publish","4":"has-post-thumbnail","6":"product_cat-automobiliai-ir-transportas","7":"product_cat-zaislai-vaikams","8":"\"style=\"background-color: #2ecc711c;\"","10":"first","11":"instock","12":"purchasable","13":"product-type-simple"},"acf":[],"yoast_head":"<!-- This site is optimized with the Yoast SEO plugin v27.4 - https:\/\/yoast.com\/product\/yoast-seo-wordpress\/ -->\n<title>\u017daislinis gara\u017eas su ma\u0161in\u0117l\u0117mis i\u0161 Bio plastiko - KidsPlay<\/title>\n<meta name=\"description\" content=\"\u017daislinis gara\u017eas su ma\u0161in\u0117l\u0117mis i\u0161 Bio plastiko linijos yra sukurti vardan aplinkos ir jauniausi\u0173 kart\u0173 ateities!\" \/>\n<meta name=\"robots\" content=\"index, follow, max-snippet:-1, max-image-preview:large, max-video-preview:-1\" \/>\n<link rel=\"canonical\" href=\"https:\/\/kidsplay.lt\/lv\/products\/zaislinis-garazas-su-masinelemis-is-bio-plastiko\/\" \/>\n<meta property=\"og:locale\" content=\"lv_LV\" \/>\n<meta property=\"og:type\" content=\"article\" \/>\n<meta property=\"og:title\" content=\"\u017daislinis gara\u017eas su ma\u0161in\u0117l\u0117mis i\u0161 Bio plastiko - KidsPlay\" \/>\n<meta property=\"og:description\" content=\"\u017daislinis gara\u017eas su ma\u0161in\u0117l\u0117mis i\u0161 Bio plastiko linijos yra sukurti vardan aplinkos ir jauniausi\u0173 kart\u0173 ateities!\" \/>\n<meta property=\"og:url\" content=\"https:\/\/kidsplay.lt\/lv\/products\/zaislinis-garazas-su-masinelemis-is-bio-plastiko\/\" \/>\n<meta property=\"og:site_name\" content=\"KidsPlay\" \/>\n<meta property=\"article:publisher\" content=\"https:\/\/www.facebook.com\/www.kidsplay.lt\" \/>\n<meta property=\"article:modified_time\" content=\"2025-12-23T19:33:19+00:00\" \/>\n<meta property=\"og:image\" content=\"https:\/\/kidsplay.lt\/wp-content\/uploads\/2023\/07\/garazas-su-masinelemis-is-Bio-plastiko.jpg\" \/>\n\t<meta property=\"og:image:width\" content=\"720\" \/>\n\t<meta property=\"og:image:height\" content=\"604\" \/>\n\t<meta property=\"og:image:type\" content=\"image\/jpeg\" \/>\n<meta name=\"twitter:card\" content=\"summary_large_image\" \/>\n<meta name=\"twitter:label1\" content=\"Est. reading time\" \/>\n\t<meta name=\"twitter:data1\" content=\"1 min\u016bte\" \/>\n<script type=\"application\/ld+json\" class=\"yoast-schema-graph\">{\"@context\":\"https:\\\/\\\/schema.org\",\"@graph\":[{\"@type\":\"WebPage\",\"@id\":\"https:\\\/\\\/kidsplay.lt\\\/produktas\\\/zaislinis-garazas-su-masinelemis-is-bio-plastiko\\\/\",\"url\":\"https:\\\/\\\/kidsplay.lt\\\/produktas\\\/zaislinis-garazas-su-masinelemis-is-bio-plastiko\\\/\",\"name\":\"\u017daislinis gara\u017eas su ma\u0161in\u0117l\u0117mis i\u0161 Bio plastiko - KidsPlay\",\"isPartOf\":{\"@id\":\"https:\\\/\\\/kidsplay.lt\\\/#website\"},\"primaryImageOfPage\":{\"@id\":\"https:\\\/\\\/kidsplay.lt\\\/produktas\\\/zaislinis-garazas-su-masinelemis-is-bio-plastiko\\\/#primaryimage\"},\"image\":{\"@id\":\"https:\\\/\\\/kidsplay.lt\\\/produktas\\\/zaislinis-garazas-su-masinelemis-is-bio-plastiko\\\/#primaryimage\"},\"thumbnailUrl\":\"https:\\\/\\\/kidsplay.lt\\\/wp-content\\\/uploads\\\/2023\\\/07\\\/garazas-su-masinelemis-is-Bio-plastiko.jpg\",\"datePublished\":\"2023-07-06T20:49:12+00:00\",\"dateModified\":\"2025-12-23T19:33:19+00:00\",\"description\":\"\u017daislinis gara\u017eas su ma\u0161in\u0117l\u0117mis i\u0161 Bio plastiko linijos yra sukurti vardan aplinkos ir jauniausi\u0173 kart\u0173 ateities!\",\"breadcrumb\":{\"@id\":\"https:\\\/\\\/kidsplay.lt\\\/produktas\\\/zaislinis-garazas-su-masinelemis-is-bio-plastiko\\\/#breadcrumb\"},\"inLanguage\":\"lv-LV\",\"potentialAction\":[{\"@type\":\"ReadAction\",\"target\":[\"https:\\\/\\\/kidsplay.lt\\\/produktas\\\/zaislinis-garazas-su-masinelemis-is-bio-plastiko\\\/\"]}]},{\"@type\":\"ImageObject\",\"inLanguage\":\"lv-LV\",\"@id\":\"https:\\\/\\\/kidsplay.lt\\\/produktas\\\/zaislinis-garazas-su-masinelemis-is-bio-plastiko\\\/#primaryimage\",\"url\":\"https:\\\/\\\/kidsplay.lt\\\/wp-content\\\/uploads\\\/2023\\\/07\\\/garazas-su-masinelemis-is-Bio-plastiko.jpg\",\"contentUrl\":\"https:\\\/\\\/kidsplay.lt\\\/wp-content\\\/uploads\\\/2023\\\/07\\\/garazas-su-masinelemis-is-Bio-plastiko.jpg\",\"width\":720,\"height\":604},{\"@type\":\"BreadcrumbList\",\"@id\":\"https:\\\/\\\/kidsplay.lt\\\/produktas\\\/zaislinis-garazas-su-masinelemis-is-bio-plastiko\\\/#breadcrumb\",\"itemListElement\":[{\"@type\":\"ListItem\",\"position\":1,\"name\":\"Pagrindinis\",\"item\":\"https:\\\/\\\/kidsplay.lt\\\/\"},{\"@type\":\"ListItem\",\"position\":2,\"name\":\"Parduotuv\u0117\",\"item\":\"https:\\\/\\\/kidsplay.lt\\\/parduotuve\\\/\"},{\"@type\":\"ListItem\",\"position\":3,\"name\":\"\u017daislinis gara\u017eas su ma\u0161in\u0117l\u0117mis i\u0161 Bio plastiko\"}]},{\"@type\":\"WebSite\",\"@id\":\"https:\\\/\\\/kidsplay.lt\\\/#website\",\"url\":\"https:\\\/\\\/kidsplay.lt\\\/\",\"name\":\"Kidsplay.lt\",\"description\":\"\u012evairios prek\u0117s vaikams\",\"publisher\":{\"@id\":\"https:\\\/\\\/kidsplay.lt\\\/#organization\"},\"alternateName\":\"Kidsplay\",\"potentialAction\":[{\"@type\":\"SearchAction\",\"target\":{\"@type\":\"EntryPoint\",\"urlTemplate\":\"https:\\\/\\\/kidsplay.lt\\\/?s={search_term_string}\"},\"query-input\":{\"@type\":\"PropertyValueSpecification\",\"valueRequired\":true,\"valueName\":\"search_term_string\"}}],\"inLanguage\":\"lv-LV\"},{\"@type\":\"Organization\",\"@id\":\"https:\\\/\\\/kidsplay.lt\\\/#organization\",\"name\":\"KidsPlay\",\"url\":\"https:\\\/\\\/kidsplay.lt\\\/\",\"logo\":{\"@type\":\"ImageObject\",\"inLanguage\":\"lv-LV\",\"@id\":\"https:\\\/\\\/kidsplay.lt\\\/#\\\/schema\\\/logo\\\/image\\\/\",\"url\":\"https:\\\/\\\/kidsplay.lt\\\/wp-content\\\/uploads\\\/2023\\\/07\\\/kidsplay-logo.png\",\"contentUrl\":\"https:\\\/\\\/kidsplay.lt\\\/wp-content\\\/uploads\\\/2023\\\/07\\\/kidsplay-logo.png\",\"width\":451,\"height\":98,\"caption\":\"KidsPlay\"},\"image\":{\"@id\":\"https:\\\/\\\/kidsplay.lt\\\/#\\\/schema\\\/logo\\\/image\\\/\"},\"sameAs\":[\"https:\\\/\\\/www.facebook.com\\\/www.kidsplay.lt\"]}]}<\/script>\n<!-- \/ Yoast SEO plugin. -->","yoast_head_json":{"title":"\u017daislinis gara\u017eas su ma\u0161in\u0117l\u0117mis i\u0161 Bio plastiko - KidsPlay","description":"\u017daislinis gara\u017eas su ma\u0161in\u0117l\u0117mis i\u0161 Bio plastiko linijos yra sukurti vardan aplinkos ir jauniausi\u0173 kart\u0173 ateities!","robots":{"index":"index","follow":"follow","max-snippet":"max-snippet:-1","max-image-preview":"max-image-preview:large","max-video-preview":"max-video-preview:-1"},"canonical":"https:\/\/kidsplay.lt\/lv\/products\/zaislinis-garazas-su-masinelemis-is-bio-plastiko\/","og_locale":"lv_LV","og_type":"article","og_title":"\u017daislinis gara\u017eas su ma\u0161in\u0117l\u0117mis i\u0161 Bio plastiko - KidsPlay","og_description":"\u017daislinis gara\u017eas su ma\u0161in\u0117l\u0117mis i\u0161 Bio plastiko linijos yra sukurti vardan aplinkos ir jauniausi\u0173 kart\u0173 ateities!","og_url":"https:\/\/kidsplay.lt\/lv\/products\/zaislinis-garazas-su-masinelemis-is-bio-plastiko\/","og_site_name":"KidsPlay","article_publisher":"https:\/\/www.facebook.com\/www.kidsplay.lt","article_modified_time":"2025-12-23T19:33:19+00:00","og_image":[{"width":720,"height":604,"url":"https:\/\/kidsplay.lt\/wp-content\/uploads\/2023\/07\/garazas-su-masinelemis-is-Bio-plastiko.jpg","type":"image\/jpeg"}],"twitter_card":"summary_large_image","twitter_misc":{"Est. reading time":"1 min\u016bte"},"schema":{"@context":"https:\/\/schema.org","@graph":[{"@type":"WebPage","@id":"https:\/\/kidsplay.lt\/produktas\/zaislinis-garazas-su-masinelemis-is-bio-plastiko\/","url":"https:\/\/kidsplay.lt\/produktas\/zaislinis-garazas-su-masinelemis-is-bio-plastiko\/","name":"\u017daislinis gara\u017eas su ma\u0161in\u0117l\u0117mis i\u0161 Bio plastiko - KidsPlay","isPartOf":{"@id":"https:\/\/kidsplay.lt\/#website"},"primaryImageOfPage":{"@id":"https:\/\/kidsplay.lt\/produktas\/zaislinis-garazas-su-masinelemis-is-bio-plastiko\/#primaryimage"},"image":{"@id":"https:\/\/kidsplay.lt\/produktas\/zaislinis-garazas-su-masinelemis-is-bio-plastiko\/#primaryimage"},"thumbnailUrl":"https:\/\/kidsplay.lt\/wp-content\/uploads\/2023\/07\/garazas-su-masinelemis-is-Bio-plastiko.jpg","datePublished":"2023-07-06T20:49:12+00:00","dateModified":"2025-12-23T19:33:19+00:00","description":"\u017daislinis gara\u017eas su ma\u0161in\u0117l\u0117mis i\u0161 Bio plastiko linijos yra sukurti vardan aplinkos ir jauniausi\u0173 kart\u0173 ateities!","breadcrumb":{"@id":"https:\/\/kidsplay.lt\/produktas\/zaislinis-garazas-su-masinelemis-is-bio-plastiko\/#breadcrumb"},"inLanguage":"lv-LV","potentialAction":[{"@type":"ReadAction","target":["https:\/\/kidsplay.lt\/produktas\/zaislinis-garazas-su-masinelemis-is-bio-plastiko\/"]}]},{"@type":"ImageObject","inLanguage":"lv-LV","@id":"https:\/\/kidsplay.lt\/produktas\/zaislinis-garazas-su-masinelemis-is-bio-plastiko\/#primaryimage","url":"https:\/\/kidsplay.lt\/wp-content\/uploads\/2023\/07\/garazas-su-masinelemis-is-Bio-plastiko.jpg","contentUrl":"https:\/\/kidsplay.lt\/wp-content\/uploads\/2023\/07\/garazas-su-masinelemis-is-Bio-plastiko.jpg","width":720,"height":604},{"@type":"BreadcrumbList","@id":"https:\/\/kidsplay.lt\/produktas\/zaislinis-garazas-su-masinelemis-is-bio-plastiko\/#breadcrumb","itemListElement":[{"@type":"ListItem","position":1,"name":"Pagrindinis","item":"https:\/\/kidsplay.lt\/"},{"@type":"ListItem","position":2,"name":"Parduotuv\u0117","item":"https:\/\/kidsplay.lt\/parduotuve\/"},{"@type":"ListItem","position":3,"name":"\u017daislinis gara\u017eas su ma\u0161in\u0117l\u0117mis i\u0161 Bio plastiko"}]},{"@type":"WebSite","@id":"https:\/\/kidsplay.lt\/#website","url":"https:\/\/kidsplay.lt\/","name":"B\u0113rnu sp\u0113les.lv","description":"\u012evairios prek\u0117s vaikams","publisher":{"@id":"https:\/\/kidsplay.lt\/#organization"},"alternateName":"Kidsplay","potentialAction":[{"@type":"SearchAction","target":{"@type":"EntryPoint","urlTemplate":"https:\/\/kidsplay.lt\/?s={search_term_string}"},"query-input":{"@type":"PropertyValueSpecification","valueRequired":true,"valueName":"search_term_string"}}],"inLanguage":"lv-LV"},{"@type":"Organization","@id":"https:\/\/kidsplay.lt\/#organization","name":"B\u0113rnu sp\u0113le","url":"https:\/\/kidsplay.lt\/","logo":{"@type":"ImageObject","inLanguage":"lv-LV","@id":"https:\/\/kidsplay.lt\/#\/schema\/logo\/image\/","url":"https:\/\/kidsplay.lt\/wp-content\/uploads\/2023\/07\/kidsplay-logo.png","contentUrl":"https:\/\/kidsplay.lt\/wp-content\/uploads\/2023\/07\/kidsplay-logo.png","width":451,"height":98,"caption":"KidsPlay"},"image":{"@id":"https:\/\/kidsplay.lt\/#\/schema\/logo\/image\/"},"sameAs":["https:\/\/www.facebook.com\/www.kidsplay.lt"]}]}},"_links":{"self":[{"href":"https:\/\/kidsplay.lt\/lv\/wp-json\/wp\/v2\/product\/19586","targetHints":{"allow":["GET"]}}],"collection":[{"href":"https:\/\/kidsplay.lt\/lv\/wp-json\/wp\/v2\/product"}],"about":[{"href":"https:\/\/kidsplay.lt\/lv\/wp-json\/wp\/v2\/types\/product"}],"version-history":[{"count":1,"href":"https:\/\/kidsplay.lt\/lv\/wp-json\/wp\/v2\/product\/19586\/revisions"}],"predecessor-version":[{"id":63669,"href":"https:\/\/kidsplay.lt\/lv\/wp-json\/wp\/v2\/product\/19586\/revisions\/63669"}],"wp:featuredmedia":[{"embeddable":true,"href":"https:\/\/kidsplay.lt\/lv\/wp-json\/wp\/v2\/media\/19722"}],"wp:attachment":[{"href":"https:\/\/kidsplay.lt\/lv\/wp-json\/wp\/v2\/media?parent=19586"}],"wp:term":[{"taxonomy":"product_brand","embeddable":true,"href":"https:\/\/kidsplay.lt\/lv\/wp-json\/wp\/v2\/product_brand?post=19586"},{"taxonomy":"product_cat","embeddable":true,"href":"https:\/\/kidsplay.lt\/lv\/wp-json\/wp\/v2\/product_cat?post=19586"},{"taxonomy":"product_tag","embeddable":true,"href":"https:\/\/kidsplay.lt\/lv\/wp-json\/wp\/v2\/product_tag?post=19586"}],"curies":[{"name":"wp","href":"https:\/\/api.w.org\/{rel}","templated":true}]}}