{"id":19706,"date":"2023-07-06T20:52:01","date_gmt":"2023-07-06T20:52:01","guid":{"rendered":"https:\/\/kidsplay.lt\/?post_type=product&#038;p=19706"},"modified":"2026-02-25T16:18:21","modified_gmt":"2026-02-25T14:18:21","slug":"sulankstoma-vaikiska-vonele-2","status":"publish","type":"product","link":"https:\/\/kidsplay.lt\/lv\/products\/sulankstoma-vaikiska-vonele-2\/","title":{"rendered":"Salok\u0101ma b\u0113rnu vanni\u0146a"},"content":{"rendered":"<p>Sulankstoma vaiki\u0161ka vonel\u0117 su elektroniniu termometru ir vonios pagalv\u0117le. Puikiai tiks namuose, taip pat savaitgal\u012f keliaujant ar sve\u010diuojantis. Skirta k\u016bdikiams nuo pirm\u0173j\u0173 gyvenimo dien\u0173. Elektroninis termometras maitinamas LR44 baterijomis. Termometras n\u0117ra atsparus vandeniui. Vonioje sumontuotas elektroninis temperat\u016bros jutiklis, kuris leis tiksliai nustatyti vaikui tinkam\u0105 vandens temperat\u016br\u0105. Lengvas sulankstymas ir kompakti\u0161ki matmenys. Pagalv\u0117 turi universalias tvirtinimo detales, tod\u0117l tinka bet kuriai voniai.<\/p>\n<p>&nbsp;<\/p>","protected":false},"excerpt":{"rendered":"<p>Sulankstoma vaiki\u0161ka vonel\u0117 su elektroniniu termometru ir vonios pagalv\u0117le. Puikiai tiks namuose, taip pat savaitgal\u012f keliaujant ar sve\u010diuojantis. Skirta k\u016bdikiams nuo pirm\u0173j\u0173 gyvenimo dien\u0173.<\/p>","protected":false},"featured_media":19893,"template":"","meta":{"_acf_changed":false,"_glsr_average":0,"_glsr_ranking":0,"_glsr_reviews":0},"product_brand":[],"product_cat":[284],"product_tag":[],"class_list":{"0":"post-19706","1":"product","2":"type-product","3":"status-publish","4":"has-post-thumbnail","6":"product_cat-vonios-reikmenys","7":"\"style=\"background-color: #2ecc711c;\"","9":"first","10":"instock","11":"purchasable","12":"product-type-simple"},"acf":[],"yoast_head":"<!-- This site is optimized with the Yoast SEO plugin v27.4 - https:\/\/yoast.com\/product\/yoast-seo-wordpress\/ -->\n<title>Sulankstoma vaiki\u0161ka vonel\u0117 - KidsPlay<\/title>\n<meta name=\"description\" content=\"Sulankstoma vaiki\u0161ka vonel\u0117 su elektroniniu termometru ir vonios pagalv\u0117le. Puikiai tiks namuose, taip pat savaitgal\u012f keliaujant ar sve\u010diuojantis.\" \/>\n<meta name=\"robots\" content=\"index, follow, max-snippet:-1, max-image-preview:large, max-video-preview:-1\" \/>\n<link rel=\"canonical\" href=\"https:\/\/kidsplay.lt\/lv\/products\/sulankstoma-vaikiska-vonele-2\/\" \/>\n<meta property=\"og:locale\" content=\"lv_LV\" \/>\n<meta property=\"og:type\" content=\"article\" \/>\n<meta property=\"og:title\" content=\"Sulankstoma vaiki\u0161ka vonel\u0117 - KidsPlay\" \/>\n<meta property=\"og:description\" content=\"Sulankstoma vaiki\u0161ka vonel\u0117 su elektroniniu termometru ir vonios pagalv\u0117le. Puikiai tiks namuose, taip pat savaitgal\u012f keliaujant ar sve\u010diuojantis.\" \/>\n<meta property=\"og:url\" content=\"https:\/\/kidsplay.lt\/lv\/products\/sulankstoma-vaikiska-vonele-2\/\" \/>\n<meta property=\"og:site_name\" content=\"KidsPlay\" \/>\n<meta property=\"article:publisher\" content=\"https:\/\/www.facebook.com\/www.kidsplay.lt\" \/>\n<meta property=\"article:modified_time\" content=\"2026-02-25T14:18:21+00:00\" \/>\n<meta property=\"og:image\" content=\"https:\/\/kidsplay.lt\/wp-content\/uploads\/2023\/07\/Sulankstoma-vaikiska-vonele1-1.jpg\" \/>\n\t<meta property=\"og:image:width\" content=\"1440\" \/>\n\t<meta property=\"og:image:height\" content=\"1440\" \/>\n\t<meta property=\"og:image:type\" content=\"image\/jpeg\" \/>\n<meta name=\"twitter:card\" content=\"summary_large_image\" \/>\n<meta name=\"twitter:label1\" content=\"Est. reading time\" \/>\n\t<meta name=\"twitter:data1\" content=\"1 min\u016bte\" \/>\n<script type=\"application\/ld+json\" class=\"yoast-schema-graph\">{\"@context\":\"https:\\\/\\\/schema.org\",\"@graph\":[{\"@type\":\"WebPage\",\"@id\":\"https:\\\/\\\/kidsplay.lt\\\/produktas\\\/sulankstoma-vaikiska-vonele-2\\\/\",\"url\":\"https:\\\/\\\/kidsplay.lt\\\/produktas\\\/sulankstoma-vaikiska-vonele-2\\\/\",\"name\":\"Sulankstoma vaiki\u0161ka vonel\u0117 - KidsPlay\",\"isPartOf\":{\"@id\":\"https:\\\/\\\/kidsplay.lt\\\/#website\"},\"primaryImageOfPage\":{\"@id\":\"https:\\\/\\\/kidsplay.lt\\\/produktas\\\/sulankstoma-vaikiska-vonele-2\\\/#primaryimage\"},\"image\":{\"@id\":\"https:\\\/\\\/kidsplay.lt\\\/produktas\\\/sulankstoma-vaikiska-vonele-2\\\/#primaryimage\"},\"thumbnailUrl\":\"https:\\\/\\\/kidsplay.lt\\\/wp-content\\\/uploads\\\/2023\\\/07\\\/Sulankstoma-vaikiska-vonele1-1.jpg\",\"datePublished\":\"2023-07-06T20:52:01+00:00\",\"dateModified\":\"2026-02-25T14:18:21+00:00\",\"description\":\"Sulankstoma vaiki\u0161ka vonel\u0117 su elektroniniu termometru ir vonios pagalv\u0117le. Puikiai tiks namuose, taip pat savaitgal\u012f keliaujant ar sve\u010diuojantis.\",\"breadcrumb\":{\"@id\":\"https:\\\/\\\/kidsplay.lt\\\/produktas\\\/sulankstoma-vaikiska-vonele-2\\\/#breadcrumb\"},\"inLanguage\":\"lv-LV\",\"potentialAction\":[{\"@type\":\"ReadAction\",\"target\":[\"https:\\\/\\\/kidsplay.lt\\\/produktas\\\/sulankstoma-vaikiska-vonele-2\\\/\"]}]},{\"@type\":\"ImageObject\",\"inLanguage\":\"lv-LV\",\"@id\":\"https:\\\/\\\/kidsplay.lt\\\/produktas\\\/sulankstoma-vaikiska-vonele-2\\\/#primaryimage\",\"url\":\"https:\\\/\\\/kidsplay.lt\\\/wp-content\\\/uploads\\\/2023\\\/07\\\/Sulankstoma-vaikiska-vonele1-1.jpg\",\"contentUrl\":\"https:\\\/\\\/kidsplay.lt\\\/wp-content\\\/uploads\\\/2023\\\/07\\\/Sulankstoma-vaikiska-vonele1-1.jpg\",\"width\":1440,\"height\":1440},{\"@type\":\"BreadcrumbList\",\"@id\":\"https:\\\/\\\/kidsplay.lt\\\/produktas\\\/sulankstoma-vaikiska-vonele-2\\\/#breadcrumb\",\"itemListElement\":[{\"@type\":\"ListItem\",\"position\":1,\"name\":\"Pagrindinis\",\"item\":\"https:\\\/\\\/kidsplay.lt\\\/\"},{\"@type\":\"ListItem\",\"position\":2,\"name\":\"Parduotuv\u0117\",\"item\":\"https:\\\/\\\/kidsplay.lt\\\/parduotuve\\\/\"},{\"@type\":\"ListItem\",\"position\":3,\"name\":\"Sulankstoma vaiki\u0161ka vonel\u0117\"}]},{\"@type\":\"WebSite\",\"@id\":\"https:\\\/\\\/kidsplay.lt\\\/#website\",\"url\":\"https:\\\/\\\/kidsplay.lt\\\/\",\"name\":\"Kidsplay.lt\",\"description\":\"\u012evairios prek\u0117s vaikams\",\"publisher\":{\"@id\":\"https:\\\/\\\/kidsplay.lt\\\/#organization\"},\"alternateName\":\"Kidsplay\",\"potentialAction\":[{\"@type\":\"SearchAction\",\"target\":{\"@type\":\"EntryPoint\",\"urlTemplate\":\"https:\\\/\\\/kidsplay.lt\\\/?s={search_term_string}\"},\"query-input\":{\"@type\":\"PropertyValueSpecification\",\"valueRequired\":true,\"valueName\":\"search_term_string\"}}],\"inLanguage\":\"lv-LV\"},{\"@type\":\"Organization\",\"@id\":\"https:\\\/\\\/kidsplay.lt\\\/#organization\",\"name\":\"KidsPlay\",\"url\":\"https:\\\/\\\/kidsplay.lt\\\/\",\"logo\":{\"@type\":\"ImageObject\",\"inLanguage\":\"lv-LV\",\"@id\":\"https:\\\/\\\/kidsplay.lt\\\/#\\\/schema\\\/logo\\\/image\\\/\",\"url\":\"https:\\\/\\\/kidsplay.lt\\\/wp-content\\\/uploads\\\/2023\\\/07\\\/kidsplay-logo.png\",\"contentUrl\":\"https:\\\/\\\/kidsplay.lt\\\/wp-content\\\/uploads\\\/2023\\\/07\\\/kidsplay-logo.png\",\"width\":451,\"height\":98,\"caption\":\"KidsPlay\"},\"image\":{\"@id\":\"https:\\\/\\\/kidsplay.lt\\\/#\\\/schema\\\/logo\\\/image\\\/\"},\"sameAs\":[\"https:\\\/\\\/www.facebook.com\\\/www.kidsplay.lt\"]}]}<\/script>\n<!-- \/ Yoast SEO plugin. -->","yoast_head_json":{"title":"Sulankstoma vaiki\u0161ka vonel\u0117 - KidsPlay","description":"Sulankstoma vaiki\u0161ka vonel\u0117 su elektroniniu termometru ir vonios pagalv\u0117le. Puikiai tiks namuose, taip pat savaitgal\u012f keliaujant ar sve\u010diuojantis.","robots":{"index":"index","follow":"follow","max-snippet":"max-snippet:-1","max-image-preview":"max-image-preview:large","max-video-preview":"max-video-preview:-1"},"canonical":"https:\/\/kidsplay.lt\/lv\/products\/sulankstoma-vaikiska-vonele-2\/","og_locale":"lv_LV","og_type":"article","og_title":"Sulankstoma vaiki\u0161ka vonel\u0117 - KidsPlay","og_description":"Sulankstoma vaiki\u0161ka vonel\u0117 su elektroniniu termometru ir vonios pagalv\u0117le. Puikiai tiks namuose, taip pat savaitgal\u012f keliaujant ar sve\u010diuojantis.","og_url":"https:\/\/kidsplay.lt\/lv\/products\/sulankstoma-vaikiska-vonele-2\/","og_site_name":"KidsPlay","article_publisher":"https:\/\/www.facebook.com\/www.kidsplay.lt","article_modified_time":"2026-02-25T14:18:21+00:00","og_image":[{"width":1440,"height":1440,"url":"https:\/\/kidsplay.lt\/wp-content\/uploads\/2023\/07\/Sulankstoma-vaikiska-vonele1-1.jpg","type":"image\/jpeg"}],"twitter_card":"summary_large_image","twitter_misc":{"Est. reading time":"1 min\u016bte"},"schema":{"@context":"https:\/\/schema.org","@graph":[{"@type":"WebPage","@id":"https:\/\/kidsplay.lt\/produktas\/sulankstoma-vaikiska-vonele-2\/","url":"https:\/\/kidsplay.lt\/produktas\/sulankstoma-vaikiska-vonele-2\/","name":"Sulankstoma vaiki\u0161ka vonel\u0117 - KidsPlay","isPartOf":{"@id":"https:\/\/kidsplay.lt\/#website"},"primaryImageOfPage":{"@id":"https:\/\/kidsplay.lt\/produktas\/sulankstoma-vaikiska-vonele-2\/#primaryimage"},"image":{"@id":"https:\/\/kidsplay.lt\/produktas\/sulankstoma-vaikiska-vonele-2\/#primaryimage"},"thumbnailUrl":"https:\/\/kidsplay.lt\/wp-content\/uploads\/2023\/07\/Sulankstoma-vaikiska-vonele1-1.jpg","datePublished":"2023-07-06T20:52:01+00:00","dateModified":"2026-02-25T14:18:21+00:00","description":"Sulankstoma vaiki\u0161ka vonel\u0117 su elektroniniu termometru ir vonios pagalv\u0117le. Puikiai tiks namuose, taip pat savaitgal\u012f keliaujant ar sve\u010diuojantis.","breadcrumb":{"@id":"https:\/\/kidsplay.lt\/produktas\/sulankstoma-vaikiska-vonele-2\/#breadcrumb"},"inLanguage":"lv-LV","potentialAction":[{"@type":"ReadAction","target":["https:\/\/kidsplay.lt\/produktas\/sulankstoma-vaikiska-vonele-2\/"]}]},{"@type":"ImageObject","inLanguage":"lv-LV","@id":"https:\/\/kidsplay.lt\/produktas\/sulankstoma-vaikiska-vonele-2\/#primaryimage","url":"https:\/\/kidsplay.lt\/wp-content\/uploads\/2023\/07\/Sulankstoma-vaikiska-vonele1-1.jpg","contentUrl":"https:\/\/kidsplay.lt\/wp-content\/uploads\/2023\/07\/Sulankstoma-vaikiska-vonele1-1.jpg","width":1440,"height":1440},{"@type":"BreadcrumbList","@id":"https:\/\/kidsplay.lt\/produktas\/sulankstoma-vaikiska-vonele-2\/#breadcrumb","itemListElement":[{"@type":"ListItem","position":1,"name":"Pagrindinis","item":"https:\/\/kidsplay.lt\/"},{"@type":"ListItem","position":2,"name":"Parduotuv\u0117","item":"https:\/\/kidsplay.lt\/parduotuve\/"},{"@type":"ListItem","position":3,"name":"Sulankstoma vaiki\u0161ka vonel\u0117"}]},{"@type":"WebSite","@id":"https:\/\/kidsplay.lt\/#website","url":"https:\/\/kidsplay.lt\/","name":"B\u0113rnu sp\u0113les.lv","description":"\u012evairios prek\u0117s vaikams","publisher":{"@id":"https:\/\/kidsplay.lt\/#organization"},"alternateName":"Kidsplay","potentialAction":[{"@type":"SearchAction","target":{"@type":"EntryPoint","urlTemplate":"https:\/\/kidsplay.lt\/?s={search_term_string}"},"query-input":{"@type":"PropertyValueSpecification","valueRequired":true,"valueName":"search_term_string"}}],"inLanguage":"lv-LV"},{"@type":"Organization","@id":"https:\/\/kidsplay.lt\/#organization","name":"B\u0113rnu sp\u0113le","url":"https:\/\/kidsplay.lt\/","logo":{"@type":"ImageObject","inLanguage":"lv-LV","@id":"https:\/\/kidsplay.lt\/#\/schema\/logo\/image\/","url":"https:\/\/kidsplay.lt\/wp-content\/uploads\/2023\/07\/kidsplay-logo.png","contentUrl":"https:\/\/kidsplay.lt\/wp-content\/uploads\/2023\/07\/kidsplay-logo.png","width":451,"height":98,"caption":"KidsPlay"},"image":{"@id":"https:\/\/kidsplay.lt\/#\/schema\/logo\/image\/"},"sameAs":["https:\/\/www.facebook.com\/www.kidsplay.lt"]}]}},"_links":{"self":[{"href":"https:\/\/kidsplay.lt\/lv\/wp-json\/wp\/v2\/product\/19706","targetHints":{"allow":["GET"]}}],"collection":[{"href":"https:\/\/kidsplay.lt\/lv\/wp-json\/wp\/v2\/product"}],"about":[{"href":"https:\/\/kidsplay.lt\/lv\/wp-json\/wp\/v2\/types\/product"}],"version-history":[{"count":2,"href":"https:\/\/kidsplay.lt\/lv\/wp-json\/wp\/v2\/product\/19706\/revisions"}],"predecessor-version":[{"id":74337,"href":"https:\/\/kidsplay.lt\/lv\/wp-json\/wp\/v2\/product\/19706\/revisions\/74337"}],"wp:featuredmedia":[{"embeddable":true,"href":"https:\/\/kidsplay.lt\/lv\/wp-json\/wp\/v2\/media\/19893"}],"wp:attachment":[{"href":"https:\/\/kidsplay.lt\/lv\/wp-json\/wp\/v2\/media?parent=19706"}],"wp:term":[{"taxonomy":"product_brand","embeddable":true,"href":"https:\/\/kidsplay.lt\/lv\/wp-json\/wp\/v2\/product_brand?post=19706"},{"taxonomy":"product_cat","embeddable":true,"href":"https:\/\/kidsplay.lt\/lv\/wp-json\/wp\/v2\/product_cat?post=19706"},{"taxonomy":"product_tag","embeddable":true,"href":"https:\/\/kidsplay.lt\/lv\/wp-json\/wp\/v2\/product_tag?post=19706"}],"curies":[{"name":"wp","href":"https:\/\/api.w.org\/{rel}","templated":true}]}}