{"id":19845,"date":"2023-07-06T20:56:26","date_gmt":"2023-07-06T20:56:26","guid":{"rendered":"https:\/\/kidsplay.lt\/?post_type=product&#038;p=19845"},"modified":"2026-02-25T16:17:55","modified_gmt":"2026-02-25T14:17:55","slug":"maitinimo-kedute-2in1","status":"publish","type":"product","link":"https:\/\/kidsplay.lt\/lv\/products\/maitinimo-kedute-2in1\/","title":{"rendered":"Maitinimo k\u0117dut\u0117 2in1"},"content":{"rendered":"<p>Maitinimo k\u0117dut\u0117 2in1 yra unikalus gaminys, tinkanti kaip maitinimo k\u0117dut\u0117, o kartu su ja galima ir patogiai keliauti. Pagrindin\u0117 gaminio funkcija \u2013 pad\u0117ti s\u0117din\u010diam vaikui. Ma\u017eam vaikui s\u0117dimoji pad\u0117tis rei\u0161kia naujas galimybes \u2013 kitok\u012f po\u017ei\u016br\u012f \u012f pasaul\u012f.<\/p>\n<p>Special\u016bs dir\u017eeliai, skirti lengvai pritvirtinti s\u0117dyn\u0119 prie k\u0117d\u0117s namuose ar keliaujant. 3 ta\u0161k\u0173 saugos dir\u017eai, apsaugantys vaik\u0105 k\u0117dut\u0117s viduje. Lengvas dizainas yra patogus ne\u0161iotis, neslystan\u010dios kojos.<\/p>\n<p>Gaminio matmenys:<\/p>\n<p>Su \u012fd\u0117klu: 38,1 cm x 34,3 cm x 29,1 cm<\/p>\n<p>&nbsp;<\/p>","protected":false},"excerpt":{"rendered":"<p>Maitinimo k\u0117dut\u0117 2in1 yra unikalus gaminys, tinkanti kaip maitinimo k\u0117dut\u0117, o kartu su ja galima ir patogiai keliauti. Pagrindin\u0117 gaminio funkcija \u2013 pad\u0117ti s\u0117din\u010diam vaikui. Ma\u017eam vaikui s\u0117dimoji pad\u0117tis rei\u0161kia naujas galimybes \u2013 kitok\u012f po\u017ei\u016br\u012f \u012f pasaul\u012f.<\/p>","protected":false},"featured_media":20061,"template":"","meta":{"_acf_changed":false,"_glsr_average":0,"_glsr_ranking":0,"_glsr_reviews":0},"product_brand":[],"product_cat":[259],"product_tag":[],"class_list":{"0":"post-19845","1":"product","2":"type-product","3":"status-publish","4":"has-post-thumbnail","6":"product_cat-maitinimo-kedutes","7":"\"style=\"background-color: #2ecc711c;\"","9":"first","10":"instock","11":"purchasable","12":"product-type-simple"},"acf":[],"yoast_head":"<!-- This site is optimized with the Yoast SEO plugin v27.3 - https:\/\/yoast.com\/product\/yoast-seo-wordpress\/ -->\n<title>Maitinimo k\u0117dut\u0117 2in1 - KidsPlay<\/title>\n<meta name=\"description\" content=\"Maitinimo k\u0117dut\u0117 2in1 yra unikalus gaminys, tinkanti kaip maitinimo k\u0117dut\u0117, o kartu su ja galima ir patogiai keliauti.\" \/>\n<meta name=\"robots\" content=\"index, follow, max-snippet:-1, max-image-preview:large, max-video-preview:-1\" \/>\n<link rel=\"canonical\" href=\"https:\/\/kidsplay.lt\/lv\/products\/maitinimo-kedute-2in1\/\" \/>\n<meta property=\"og:locale\" content=\"lv_LV\" \/>\n<meta property=\"og:type\" content=\"article\" \/>\n<meta property=\"og:title\" content=\"Maitinimo k\u0117dut\u0117 2in1 - KidsPlay\" \/>\n<meta property=\"og:description\" content=\"Maitinimo k\u0117dut\u0117 2in1 yra unikalus gaminys, tinkanti kaip maitinimo k\u0117dut\u0117, o kartu su ja galima ir patogiai keliauti.\" \/>\n<meta property=\"og:url\" content=\"https:\/\/kidsplay.lt\/lv\/products\/maitinimo-kedute-2in1\/\" \/>\n<meta property=\"og:site_name\" content=\"KidsPlay\" \/>\n<meta property=\"article:publisher\" content=\"https:\/\/www.facebook.com\/www.kidsplay.lt\" \/>\n<meta property=\"article:modified_time\" content=\"2026-02-25T14:17:55+00:00\" \/>\n<meta property=\"og:image\" content=\"https:\/\/kidsplay.lt\/wp-content\/uploads\/2023\/07\/Maitinimo-kedute-2in1.jpg\" \/>\n\t<meta property=\"og:image:width\" content=\"720\" \/>\n\t<meta property=\"og:image:height\" content=\"720\" \/>\n\t<meta property=\"og:image:type\" content=\"image\/jpeg\" \/>\n<meta name=\"twitter:card\" content=\"summary_large_image\" \/>\n<meta name=\"twitter:label1\" content=\"Est. reading time\" \/>\n\t<meta name=\"twitter:data1\" content=\"1 min\u016bte\" \/>\n<script type=\"application\/ld+json\" class=\"yoast-schema-graph\">{\"@context\":\"https:\\\/\\\/schema.org\",\"@graph\":[{\"@type\":\"WebPage\",\"@id\":\"https:\\\/\\\/kidsplay.lt\\\/produktas\\\/maitinimo-kedute-2in1\\\/\",\"url\":\"https:\\\/\\\/kidsplay.lt\\\/produktas\\\/maitinimo-kedute-2in1\\\/\",\"name\":\"Maitinimo k\u0117dut\u0117 2in1 - KidsPlay\",\"isPartOf\":{\"@id\":\"https:\\\/\\\/kidsplay.lt\\\/#website\"},\"primaryImageOfPage\":{\"@id\":\"https:\\\/\\\/kidsplay.lt\\\/produktas\\\/maitinimo-kedute-2in1\\\/#primaryimage\"},\"image\":{\"@id\":\"https:\\\/\\\/kidsplay.lt\\\/produktas\\\/maitinimo-kedute-2in1\\\/#primaryimage\"},\"thumbnailUrl\":\"https:\\\/\\\/kidsplay.lt\\\/wp-content\\\/uploads\\\/2023\\\/07\\\/Maitinimo-kedute-2in1.jpg\",\"datePublished\":\"2023-07-06T20:56:26+00:00\",\"dateModified\":\"2026-02-25T14:17:55+00:00\",\"description\":\"Maitinimo k\u0117dut\u0117 2in1 yra unikalus gaminys, tinkanti kaip maitinimo k\u0117dut\u0117, o kartu su ja galima ir patogiai keliauti.\",\"breadcrumb\":{\"@id\":\"https:\\\/\\\/kidsplay.lt\\\/produktas\\\/maitinimo-kedute-2in1\\\/#breadcrumb\"},\"inLanguage\":\"lv-LV\",\"potentialAction\":[{\"@type\":\"ReadAction\",\"target\":[\"https:\\\/\\\/kidsplay.lt\\\/produktas\\\/maitinimo-kedute-2in1\\\/\"]}]},{\"@type\":\"ImageObject\",\"inLanguage\":\"lv-LV\",\"@id\":\"https:\\\/\\\/kidsplay.lt\\\/produktas\\\/maitinimo-kedute-2in1\\\/#primaryimage\",\"url\":\"https:\\\/\\\/kidsplay.lt\\\/wp-content\\\/uploads\\\/2023\\\/07\\\/Maitinimo-kedute-2in1.jpg\",\"contentUrl\":\"https:\\\/\\\/kidsplay.lt\\\/wp-content\\\/uploads\\\/2023\\\/07\\\/Maitinimo-kedute-2in1.jpg\",\"width\":720,\"height\":720},{\"@type\":\"BreadcrumbList\",\"@id\":\"https:\\\/\\\/kidsplay.lt\\\/produktas\\\/maitinimo-kedute-2in1\\\/#breadcrumb\",\"itemListElement\":[{\"@type\":\"ListItem\",\"position\":1,\"name\":\"Pagrindinis\",\"item\":\"https:\\\/\\\/kidsplay.lt\\\/\"},{\"@type\":\"ListItem\",\"position\":2,\"name\":\"Parduotuv\u0117\",\"item\":\"https:\\\/\\\/kidsplay.lt\\\/parduotuve\\\/\"},{\"@type\":\"ListItem\",\"position\":3,\"name\":\"Maitinimo k\u0117dut\u0117 2in1\"}]},{\"@type\":\"WebSite\",\"@id\":\"https:\\\/\\\/kidsplay.lt\\\/#website\",\"url\":\"https:\\\/\\\/kidsplay.lt\\\/\",\"name\":\"Kidsplay.lt\",\"description\":\"\u012evairios prek\u0117s vaikams\",\"publisher\":{\"@id\":\"https:\\\/\\\/kidsplay.lt\\\/#organization\"},\"alternateName\":\"Kidsplay\",\"potentialAction\":[{\"@type\":\"SearchAction\",\"target\":{\"@type\":\"EntryPoint\",\"urlTemplate\":\"https:\\\/\\\/kidsplay.lt\\\/?s={search_term_string}\"},\"query-input\":{\"@type\":\"PropertyValueSpecification\",\"valueRequired\":true,\"valueName\":\"search_term_string\"}}],\"inLanguage\":\"lv-LV\"},{\"@type\":\"Organization\",\"@id\":\"https:\\\/\\\/kidsplay.lt\\\/#organization\",\"name\":\"KidsPlay\",\"url\":\"https:\\\/\\\/kidsplay.lt\\\/\",\"logo\":{\"@type\":\"ImageObject\",\"inLanguage\":\"lv-LV\",\"@id\":\"https:\\\/\\\/kidsplay.lt\\\/#\\\/schema\\\/logo\\\/image\\\/\",\"url\":\"https:\\\/\\\/kidsplay.lt\\\/wp-content\\\/uploads\\\/2023\\\/07\\\/kidsplay-logo.png\",\"contentUrl\":\"https:\\\/\\\/kidsplay.lt\\\/wp-content\\\/uploads\\\/2023\\\/07\\\/kidsplay-logo.png\",\"width\":451,\"height\":98,\"caption\":\"KidsPlay\"},\"image\":{\"@id\":\"https:\\\/\\\/kidsplay.lt\\\/#\\\/schema\\\/logo\\\/image\\\/\"},\"sameAs\":[\"https:\\\/\\\/www.facebook.com\\\/www.kidsplay.lt\"]}]}<\/script>\n<!-- \/ Yoast SEO plugin. -->","yoast_head_json":{"title":"Maitinimo k\u0117dut\u0117 2in1 - KidsPlay","description":"Maitinimo k\u0117dut\u0117 2in1 yra unikalus gaminys, tinkanti kaip maitinimo k\u0117dut\u0117, o kartu su ja galima ir patogiai keliauti.","robots":{"index":"index","follow":"follow","max-snippet":"max-snippet:-1","max-image-preview":"max-image-preview:large","max-video-preview":"max-video-preview:-1"},"canonical":"https:\/\/kidsplay.lt\/lv\/products\/maitinimo-kedute-2in1\/","og_locale":"lv_LV","og_type":"article","og_title":"Maitinimo k\u0117dut\u0117 2in1 - KidsPlay","og_description":"Maitinimo k\u0117dut\u0117 2in1 yra unikalus gaminys, tinkanti kaip maitinimo k\u0117dut\u0117, o kartu su ja galima ir patogiai keliauti.","og_url":"https:\/\/kidsplay.lt\/lv\/products\/maitinimo-kedute-2in1\/","og_site_name":"KidsPlay","article_publisher":"https:\/\/www.facebook.com\/www.kidsplay.lt","article_modified_time":"2026-02-25T14:17:55+00:00","og_image":[{"width":720,"height":720,"url":"https:\/\/kidsplay.lt\/wp-content\/uploads\/2023\/07\/Maitinimo-kedute-2in1.jpg","type":"image\/jpeg"}],"twitter_card":"summary_large_image","twitter_misc":{"Est. reading time":"1 min\u016bte"},"schema":{"@context":"https:\/\/schema.org","@graph":[{"@type":"WebPage","@id":"https:\/\/kidsplay.lt\/produktas\/maitinimo-kedute-2in1\/","url":"https:\/\/kidsplay.lt\/produktas\/maitinimo-kedute-2in1\/","name":"Maitinimo k\u0117dut\u0117 2in1 - KidsPlay","isPartOf":{"@id":"https:\/\/kidsplay.lt\/#website"},"primaryImageOfPage":{"@id":"https:\/\/kidsplay.lt\/produktas\/maitinimo-kedute-2in1\/#primaryimage"},"image":{"@id":"https:\/\/kidsplay.lt\/produktas\/maitinimo-kedute-2in1\/#primaryimage"},"thumbnailUrl":"https:\/\/kidsplay.lt\/wp-content\/uploads\/2023\/07\/Maitinimo-kedute-2in1.jpg","datePublished":"2023-07-06T20:56:26+00:00","dateModified":"2026-02-25T14:17:55+00:00","description":"Maitinimo k\u0117dut\u0117 2in1 yra unikalus gaminys, tinkanti kaip maitinimo k\u0117dut\u0117, o kartu su ja galima ir patogiai keliauti.","breadcrumb":{"@id":"https:\/\/kidsplay.lt\/produktas\/maitinimo-kedute-2in1\/#breadcrumb"},"inLanguage":"lv-LV","potentialAction":[{"@type":"ReadAction","target":["https:\/\/kidsplay.lt\/produktas\/maitinimo-kedute-2in1\/"]}]},{"@type":"ImageObject","inLanguage":"lv-LV","@id":"https:\/\/kidsplay.lt\/produktas\/maitinimo-kedute-2in1\/#primaryimage","url":"https:\/\/kidsplay.lt\/wp-content\/uploads\/2023\/07\/Maitinimo-kedute-2in1.jpg","contentUrl":"https:\/\/kidsplay.lt\/wp-content\/uploads\/2023\/07\/Maitinimo-kedute-2in1.jpg","width":720,"height":720},{"@type":"BreadcrumbList","@id":"https:\/\/kidsplay.lt\/produktas\/maitinimo-kedute-2in1\/#breadcrumb","itemListElement":[{"@type":"ListItem","position":1,"name":"Pagrindinis","item":"https:\/\/kidsplay.lt\/"},{"@type":"ListItem","position":2,"name":"Parduotuv\u0117","item":"https:\/\/kidsplay.lt\/parduotuve\/"},{"@type":"ListItem","position":3,"name":"Maitinimo k\u0117dut\u0117 2in1"}]},{"@type":"WebSite","@id":"https:\/\/kidsplay.lt\/#website","url":"https:\/\/kidsplay.lt\/","name":"B\u0113rnu sp\u0113les.lv","description":"\u012evairios prek\u0117s vaikams","publisher":{"@id":"https:\/\/kidsplay.lt\/#organization"},"alternateName":"Kidsplay","potentialAction":[{"@type":"SearchAction","target":{"@type":"EntryPoint","urlTemplate":"https:\/\/kidsplay.lt\/?s={search_term_string}"},"query-input":{"@type":"PropertyValueSpecification","valueRequired":true,"valueName":"search_term_string"}}],"inLanguage":"lv-LV"},{"@type":"Organization","@id":"https:\/\/kidsplay.lt\/#organization","name":"B\u0113rnu sp\u0113le","url":"https:\/\/kidsplay.lt\/","logo":{"@type":"ImageObject","inLanguage":"lv-LV","@id":"https:\/\/kidsplay.lt\/#\/schema\/logo\/image\/","url":"https:\/\/kidsplay.lt\/wp-content\/uploads\/2023\/07\/kidsplay-logo.png","contentUrl":"https:\/\/kidsplay.lt\/wp-content\/uploads\/2023\/07\/kidsplay-logo.png","width":451,"height":98,"caption":"KidsPlay"},"image":{"@id":"https:\/\/kidsplay.lt\/#\/schema\/logo\/image\/"},"sameAs":["https:\/\/www.facebook.com\/www.kidsplay.lt"]}]}},"_links":{"self":[{"href":"https:\/\/kidsplay.lt\/lv\/wp-json\/wp\/v2\/product\/19845","targetHints":{"allow":["GET"]}}],"collection":[{"href":"https:\/\/kidsplay.lt\/lv\/wp-json\/wp\/v2\/product"}],"about":[{"href":"https:\/\/kidsplay.lt\/lv\/wp-json\/wp\/v2\/types\/product"}],"version-history":[{"count":2,"href":"https:\/\/kidsplay.lt\/lv\/wp-json\/wp\/v2\/product\/19845\/revisions"}],"predecessor-version":[{"id":74338,"href":"https:\/\/kidsplay.lt\/lv\/wp-json\/wp\/v2\/product\/19845\/revisions\/74338"}],"wp:featuredmedia":[{"embeddable":true,"href":"https:\/\/kidsplay.lt\/lv\/wp-json\/wp\/v2\/media\/20061"}],"wp:attachment":[{"href":"https:\/\/kidsplay.lt\/lv\/wp-json\/wp\/v2\/media?parent=19845"}],"wp:term":[{"taxonomy":"product_brand","embeddable":true,"href":"https:\/\/kidsplay.lt\/lv\/wp-json\/wp\/v2\/product_brand?post=19845"},{"taxonomy":"product_cat","embeddable":true,"href":"https:\/\/kidsplay.lt\/lv\/wp-json\/wp\/v2\/product_cat?post=19845"},{"taxonomy":"product_tag","embeddable":true,"href":"https:\/\/kidsplay.lt\/lv\/wp-json\/wp\/v2\/product_tag?post=19845"}],"curies":[{"name":"wp","href":"https:\/\/api.w.org\/{rel}","templated":true}]}}