{"id":20095,"date":"2023-07-06T21:01:57","date_gmt":"2023-07-06T21:01:57","guid":{"rendered":"https:\/\/kidsplay.lt\/?post_type=product&#038;p=20095"},"modified":"2025-10-04T12:47:25","modified_gmt":"2025-10-04T09:47:25","slug":"vaikiska-medine-virtuvele-3","status":"publish","type":"product","link":"https:\/\/kidsplay.lt\/lv\/products\/vaikiska-medine-virtuvele-3\/","title":{"rendered":"Vaiki\u0161ka medin\u0117 virtuv\u0117l\u0117"},"content":{"rendered":"<p>Vaiki\u0161ka medin\u0117 virtuv\u0117l\u0117 smagiam gaminimui. \u012erengtos lentynos ir erdv\u016bs stal\u010diai. Virtuv\u0117 pagaminta i\u0161 10 mm storio MDF plok\u0161t\u0117s, baltos ir m\u0117lynos spalvos. Jai \u017eavesio prideda langas vir\u0161 kriaukl\u0117s.<\/p>\n<p>Virtuv\u0117je yra orkait\u0117 su permatomu langeliu (stiklo imitacija &#8211; i\u0161 saugaus organinio stiklo), stalvir\u0161is su dviem degikliais ir nuimama pjaustymo lenta. Ant degikli\u0173 yra keptuv\u0117 ir puodas su dang\u010diu. 4 ranken\u0117l\u0117s turi temperat\u016bros nustatymus (nuo \u017eemiausios iki auk\u0161\u010diausios) ir skleid\u017eia tikr\u0105 spragtel\u0117jim\u0105. I\u0161 karto u\u017e degikli\u0173 ant sienos yra gra\u017ei m\u0117lyna lentyna prieskoniams laikyti. Didelis d\u017eiaugsmas bus nuimama, lengvai valoma kriaukl\u0117 ir kranas su besisukan\u010diais \u010diaupais. Gaminant ir ruo\u0161iant patiekalus pad\u0117s ant kabliuk\u0173 pakabinti mediniai virtuv\u0117s reikmenys. Virtuv\u0117je taip pat yra mikrobang\u0173 krosnel\u0117 su detaliu valdymo skydeliu.<\/p>\n<p>Virtuv\u0117s matmenys: 105x30x108 cm (plotis \/ gylis \/ auk\u0161tis)<br \/>\nstalvir\u0161is: 100 cm (ilgis), 49 cm (auk\u0161tis nuo \u017eem\u0117s)<br \/>\nkriaukl\u0117s matmenys: 21,5 x 16 cm<\/p>\n<p>&nbsp;<\/p>","protected":false},"excerpt":{"rendered":"<p>Vaiki\u0161ka medin\u0117 virtuv\u0117l\u0117 smagiam gaminimui. \u012erengtos lentynos ir erdv\u016bs stal\u010diai. Virtuv\u0117 pagaminta i\u0161 10 mm storio MDF plok\u0161t\u0117s, baltos ir m\u0117lynos spalvos. Jai \u017eavesio prideda langas vir\u0161 kriaukl\u0117s.<\/p>","protected":false},"featured_media":20258,"template":"","meta":{"_acf_changed":false,"_glsr_average":0,"_glsr_ranking":0,"_glsr_reviews":0},"product_brand":[],"product_cat":[399,282],"product_tag":[290],"class_list":{"0":"post-20095","1":"product","2":"type-product","3":"status-publish","4":"has-post-thumbnail","6":"product_cat-vaidmenu-zaidimai-2","7":"product_cat-virtuves-reikmenys-vaidmenu-zaidimai","8":"product_tag-vaikiska-virtuvele","9":"\"style=\"background-color: #2ecc711c;\"","11":"first","12":"instock","13":"purchasable","14":"product-type-simple"},"acf":[],"yoast_head":"<!-- This site is optimized with the Yoast SEO plugin v27.3 - https:\/\/yoast.com\/product\/yoast-seo-wordpress\/ -->\n<title>Vaiki\u0161ka medin\u0117 virtuv\u0117l\u0117 - KidsPlay<\/title>\n<meta name=\"description\" content=\"Vaiki\u0161ka medin\u0117 virtuv\u0117l\u0117 smagiam gaminimui. \u012erengtos lentynos ir erdv\u016bs stal\u010diai. Jai \u017eavesio prideda langas vir\u0161 kriaukl\u0117s.\u00a0\" \/>\n<meta name=\"robots\" content=\"index, follow, max-snippet:-1, max-image-preview:large, max-video-preview:-1\" \/>\n<link rel=\"canonical\" href=\"https:\/\/kidsplay.lt\/lv\/products\/vaikiska-medine-virtuvele-3\/\" \/>\n<meta property=\"og:locale\" content=\"lv_LV\" \/>\n<meta property=\"og:type\" content=\"article\" \/>\n<meta property=\"og:title\" content=\"Vaiki\u0161ka medin\u0117 virtuv\u0117l\u0117 - KidsPlay\" \/>\n<meta property=\"og:description\" content=\"Vaiki\u0161ka medin\u0117 virtuv\u0117l\u0117 smagiam gaminimui. \u012erengtos lentynos ir erdv\u016bs stal\u010diai. Jai \u017eavesio prideda langas vir\u0161 kriaukl\u0117s.\u00a0\" \/>\n<meta property=\"og:url\" content=\"https:\/\/kidsplay.lt\/lv\/products\/vaikiska-medine-virtuvele-3\/\" \/>\n<meta property=\"og:site_name\" content=\"KidsPlay\" \/>\n<meta property=\"article:publisher\" content=\"https:\/\/www.facebook.com\/www.kidsplay.lt\" \/>\n<meta property=\"article:modified_time\" content=\"2025-10-04T09:47:25+00:00\" \/>\n<meta property=\"og:image\" content=\"https:\/\/kidsplay.lt\/wp-content\/uploads\/2023\/07\/Vaikiska-medine-virtuvele2.jpg\" \/>\n\t<meta property=\"og:image:width\" content=\"597\" \/>\n\t<meta property=\"og:image:height\" content=\"720\" \/>\n\t<meta property=\"og:image:type\" content=\"image\/jpeg\" \/>\n<meta name=\"twitter:card\" content=\"summary_large_image\" \/>\n<meta name=\"twitter:label1\" content=\"Est. reading time\" \/>\n\t<meta name=\"twitter:data1\" content=\"1 min\u016bte\" \/>\n<script type=\"application\/ld+json\" class=\"yoast-schema-graph\">{\"@context\":\"https:\\\/\\\/schema.org\",\"@graph\":[{\"@type\":\"WebPage\",\"@id\":\"https:\\\/\\\/kidsplay.lt\\\/produktas\\\/vaikiska-medine-virtuvele-3\\\/\",\"url\":\"https:\\\/\\\/kidsplay.lt\\\/produktas\\\/vaikiska-medine-virtuvele-3\\\/\",\"name\":\"Vaiki\u0161ka medin\u0117 virtuv\u0117l\u0117 - KidsPlay\",\"isPartOf\":{\"@id\":\"https:\\\/\\\/kidsplay.lt\\\/#website\"},\"primaryImageOfPage\":{\"@id\":\"https:\\\/\\\/kidsplay.lt\\\/produktas\\\/vaikiska-medine-virtuvele-3\\\/#primaryimage\"},\"image\":{\"@id\":\"https:\\\/\\\/kidsplay.lt\\\/produktas\\\/vaikiska-medine-virtuvele-3\\\/#primaryimage\"},\"thumbnailUrl\":\"https:\\\/\\\/kidsplay.lt\\\/wp-content\\\/uploads\\\/2023\\\/07\\\/Vaikiska-medine-virtuvele2.jpg\",\"datePublished\":\"2023-07-06T21:01:57+00:00\",\"dateModified\":\"2025-10-04T09:47:25+00:00\",\"description\":\"Vaiki\u0161ka medin\u0117 virtuv\u0117l\u0117 smagiam gaminimui. \u012erengtos lentynos ir erdv\u016bs stal\u010diai. Jai \u017eavesio prideda langas vir\u0161 kriaukl\u0117s.\u00a0\",\"breadcrumb\":{\"@id\":\"https:\\\/\\\/kidsplay.lt\\\/produktas\\\/vaikiska-medine-virtuvele-3\\\/#breadcrumb\"},\"inLanguage\":\"lv-LV\",\"potentialAction\":[{\"@type\":\"ReadAction\",\"target\":[\"https:\\\/\\\/kidsplay.lt\\\/produktas\\\/vaikiska-medine-virtuvele-3\\\/\"]}]},{\"@type\":\"ImageObject\",\"inLanguage\":\"lv-LV\",\"@id\":\"https:\\\/\\\/kidsplay.lt\\\/produktas\\\/vaikiska-medine-virtuvele-3\\\/#primaryimage\",\"url\":\"https:\\\/\\\/kidsplay.lt\\\/wp-content\\\/uploads\\\/2023\\\/07\\\/Vaikiska-medine-virtuvele2.jpg\",\"contentUrl\":\"https:\\\/\\\/kidsplay.lt\\\/wp-content\\\/uploads\\\/2023\\\/07\\\/Vaikiska-medine-virtuvele2.jpg\",\"width\":597,\"height\":720,\"caption\":\"medine virtuvele vaikams\"},{\"@type\":\"BreadcrumbList\",\"@id\":\"https:\\\/\\\/kidsplay.lt\\\/produktas\\\/vaikiska-medine-virtuvele-3\\\/#breadcrumb\",\"itemListElement\":[{\"@type\":\"ListItem\",\"position\":1,\"name\":\"Pagrindinis\",\"item\":\"https:\\\/\\\/kidsplay.lt\\\/\"},{\"@type\":\"ListItem\",\"position\":2,\"name\":\"Parduotuv\u0117\",\"item\":\"https:\\\/\\\/kidsplay.lt\\\/parduotuve\\\/\"},{\"@type\":\"ListItem\",\"position\":3,\"name\":\"Vaiki\u0161ka medin\u0117 virtuv\u0117l\u0117\"}]},{\"@type\":\"WebSite\",\"@id\":\"https:\\\/\\\/kidsplay.lt\\\/#website\",\"url\":\"https:\\\/\\\/kidsplay.lt\\\/\",\"name\":\"Kidsplay.lt\",\"description\":\"\u012evairios prek\u0117s vaikams\",\"publisher\":{\"@id\":\"https:\\\/\\\/kidsplay.lt\\\/#organization\"},\"alternateName\":\"Kidsplay\",\"potentialAction\":[{\"@type\":\"SearchAction\",\"target\":{\"@type\":\"EntryPoint\",\"urlTemplate\":\"https:\\\/\\\/kidsplay.lt\\\/?s={search_term_string}\"},\"query-input\":{\"@type\":\"PropertyValueSpecification\",\"valueRequired\":true,\"valueName\":\"search_term_string\"}}],\"inLanguage\":\"lv-LV\"},{\"@type\":\"Organization\",\"@id\":\"https:\\\/\\\/kidsplay.lt\\\/#organization\",\"name\":\"KidsPlay\",\"url\":\"https:\\\/\\\/kidsplay.lt\\\/\",\"logo\":{\"@type\":\"ImageObject\",\"inLanguage\":\"lv-LV\",\"@id\":\"https:\\\/\\\/kidsplay.lt\\\/#\\\/schema\\\/logo\\\/image\\\/\",\"url\":\"https:\\\/\\\/kidsplay.lt\\\/wp-content\\\/uploads\\\/2023\\\/07\\\/kidsplay-logo.png\",\"contentUrl\":\"https:\\\/\\\/kidsplay.lt\\\/wp-content\\\/uploads\\\/2023\\\/07\\\/kidsplay-logo.png\",\"width\":451,\"height\":98,\"caption\":\"KidsPlay\"},\"image\":{\"@id\":\"https:\\\/\\\/kidsplay.lt\\\/#\\\/schema\\\/logo\\\/image\\\/\"},\"sameAs\":[\"https:\\\/\\\/www.facebook.com\\\/www.kidsplay.lt\"]}]}<\/script>\n<!-- \/ Yoast SEO plugin. -->","yoast_head_json":{"title":"Vaiki\u0161ka medin\u0117 virtuv\u0117l\u0117 - KidsPlay","description":"Vaiki\u0161ka medin\u0117 virtuv\u0117l\u0117 smagiam gaminimui. \u012erengtos lentynos ir erdv\u016bs stal\u010diai. Jai \u017eavesio prideda langas vir\u0161 kriaukl\u0117s.\u00a0","robots":{"index":"index","follow":"follow","max-snippet":"max-snippet:-1","max-image-preview":"max-image-preview:large","max-video-preview":"max-video-preview:-1"},"canonical":"https:\/\/kidsplay.lt\/lv\/products\/vaikiska-medine-virtuvele-3\/","og_locale":"lv_LV","og_type":"article","og_title":"Vaiki\u0161ka medin\u0117 virtuv\u0117l\u0117 - KidsPlay","og_description":"Vaiki\u0161ka medin\u0117 virtuv\u0117l\u0117 smagiam gaminimui. \u012erengtos lentynos ir erdv\u016bs stal\u010diai. Jai \u017eavesio prideda langas vir\u0161 kriaukl\u0117s.\u00a0","og_url":"https:\/\/kidsplay.lt\/lv\/products\/vaikiska-medine-virtuvele-3\/","og_site_name":"KidsPlay","article_publisher":"https:\/\/www.facebook.com\/www.kidsplay.lt","article_modified_time":"2025-10-04T09:47:25+00:00","og_image":[{"width":597,"height":720,"url":"https:\/\/kidsplay.lt\/wp-content\/uploads\/2023\/07\/Vaikiska-medine-virtuvele2.jpg","type":"image\/jpeg"}],"twitter_card":"summary_large_image","twitter_misc":{"Est. reading time":"1 min\u016bte"},"schema":{"@context":"https:\/\/schema.org","@graph":[{"@type":"WebPage","@id":"https:\/\/kidsplay.lt\/produktas\/vaikiska-medine-virtuvele-3\/","url":"https:\/\/kidsplay.lt\/produktas\/vaikiska-medine-virtuvele-3\/","name":"Vaiki\u0161ka medin\u0117 virtuv\u0117l\u0117 - KidsPlay","isPartOf":{"@id":"https:\/\/kidsplay.lt\/#website"},"primaryImageOfPage":{"@id":"https:\/\/kidsplay.lt\/produktas\/vaikiska-medine-virtuvele-3\/#primaryimage"},"image":{"@id":"https:\/\/kidsplay.lt\/produktas\/vaikiska-medine-virtuvele-3\/#primaryimage"},"thumbnailUrl":"https:\/\/kidsplay.lt\/wp-content\/uploads\/2023\/07\/Vaikiska-medine-virtuvele2.jpg","datePublished":"2023-07-06T21:01:57+00:00","dateModified":"2025-10-04T09:47:25+00:00","description":"Vaiki\u0161ka medin\u0117 virtuv\u0117l\u0117 smagiam gaminimui. \u012erengtos lentynos ir erdv\u016bs stal\u010diai. Jai \u017eavesio prideda langas vir\u0161 kriaukl\u0117s.\u00a0","breadcrumb":{"@id":"https:\/\/kidsplay.lt\/produktas\/vaikiska-medine-virtuvele-3\/#breadcrumb"},"inLanguage":"lv-LV","potentialAction":[{"@type":"ReadAction","target":["https:\/\/kidsplay.lt\/produktas\/vaikiska-medine-virtuvele-3\/"]}]},{"@type":"ImageObject","inLanguage":"lv-LV","@id":"https:\/\/kidsplay.lt\/produktas\/vaikiska-medine-virtuvele-3\/#primaryimage","url":"https:\/\/kidsplay.lt\/wp-content\/uploads\/2023\/07\/Vaikiska-medine-virtuvele2.jpg","contentUrl":"https:\/\/kidsplay.lt\/wp-content\/uploads\/2023\/07\/Vaikiska-medine-virtuvele2.jpg","width":597,"height":720,"caption":"medine virtuvele vaikams"},{"@type":"BreadcrumbList","@id":"https:\/\/kidsplay.lt\/produktas\/vaikiska-medine-virtuvele-3\/#breadcrumb","itemListElement":[{"@type":"ListItem","position":1,"name":"Pagrindinis","item":"https:\/\/kidsplay.lt\/"},{"@type":"ListItem","position":2,"name":"Parduotuv\u0117","item":"https:\/\/kidsplay.lt\/parduotuve\/"},{"@type":"ListItem","position":3,"name":"Vaiki\u0161ka medin\u0117 virtuv\u0117l\u0117"}]},{"@type":"WebSite","@id":"https:\/\/kidsplay.lt\/#website","url":"https:\/\/kidsplay.lt\/","name":"B\u0113rnu sp\u0113les.lv","description":"\u012evairios prek\u0117s vaikams","publisher":{"@id":"https:\/\/kidsplay.lt\/#organization"},"alternateName":"Kidsplay","potentialAction":[{"@type":"SearchAction","target":{"@type":"EntryPoint","urlTemplate":"https:\/\/kidsplay.lt\/?s={search_term_string}"},"query-input":{"@type":"PropertyValueSpecification","valueRequired":true,"valueName":"search_term_string"}}],"inLanguage":"lv-LV"},{"@type":"Organization","@id":"https:\/\/kidsplay.lt\/#organization","name":"B\u0113rnu sp\u0113le","url":"https:\/\/kidsplay.lt\/","logo":{"@type":"ImageObject","inLanguage":"lv-LV","@id":"https:\/\/kidsplay.lt\/#\/schema\/logo\/image\/","url":"https:\/\/kidsplay.lt\/wp-content\/uploads\/2023\/07\/kidsplay-logo.png","contentUrl":"https:\/\/kidsplay.lt\/wp-content\/uploads\/2023\/07\/kidsplay-logo.png","width":451,"height":98,"caption":"KidsPlay"},"image":{"@id":"https:\/\/kidsplay.lt\/#\/schema\/logo\/image\/"},"sameAs":["https:\/\/www.facebook.com\/www.kidsplay.lt"]}]}},"_links":{"self":[{"href":"https:\/\/kidsplay.lt\/lv\/wp-json\/wp\/v2\/product\/20095","targetHints":{"allow":["GET"]}}],"collection":[{"href":"https:\/\/kidsplay.lt\/lv\/wp-json\/wp\/v2\/product"}],"about":[{"href":"https:\/\/kidsplay.lt\/lv\/wp-json\/wp\/v2\/types\/product"}],"version-history":[{"count":2,"href":"https:\/\/kidsplay.lt\/lv\/wp-json\/wp\/v2\/product\/20095\/revisions"}],"predecessor-version":[{"id":74339,"href":"https:\/\/kidsplay.lt\/lv\/wp-json\/wp\/v2\/product\/20095\/revisions\/74339"}],"wp:featuredmedia":[{"embeddable":true,"href":"https:\/\/kidsplay.lt\/lv\/wp-json\/wp\/v2\/media\/20258"}],"wp:attachment":[{"href":"https:\/\/kidsplay.lt\/lv\/wp-json\/wp\/v2\/media?parent=20095"}],"wp:term":[{"taxonomy":"product_brand","embeddable":true,"href":"https:\/\/kidsplay.lt\/lv\/wp-json\/wp\/v2\/product_brand?post=20095"},{"taxonomy":"product_cat","embeddable":true,"href":"https:\/\/kidsplay.lt\/lv\/wp-json\/wp\/v2\/product_cat?post=20095"},{"taxonomy":"product_tag","embeddable":true,"href":"https:\/\/kidsplay.lt\/lv\/wp-json\/wp\/v2\/product_tag?post=20095"}],"curies":[{"name":"wp","href":"https:\/\/api.w.org\/{rel}","templated":true}]}}