{"id":20125,"date":"2023-07-06T21:02:41","date_gmt":"2023-07-06T18:02:41","guid":{"rendered":"https:\/\/kidsplay.lt\/?post_type=product&#038;p=20125"},"modified":"2025-10-04T12:47:59","modified_gmt":"2025-10-04T09:47:59","slug":"vaikiska-medine-virtuvele-6","status":"publish","type":"product","link":"https:\/\/kidsplay.lt\/lv\/products\/vaikiska-medine-virtuvele-6\/","title":{"rendered":"B\u0113rnu koka virtuve"},"content":{"rendered":"<p>Vaiki\u0161ka medin\u0117 virtuv\u0117l\u0117 leis paruo\u0161ti patiekalus sve\u010diams ir l\u0117l\u0117ms. Mading\u0173 ro\u017ein\u0117s spalvos atspalvi\u0173 ir \u0161irdel\u0117s motyvo patiks kiekvienai mergaitei, o stabili ir tvirta medin\u0117 konstrukcija u\u017etikrins stabilum\u0105 ir saugum\u0105.<\/p>\n<p>Virtuv\u0117l\u0117je yra orkait\u0117 su dviej\u0173 pakop\u0173 lentyna viduje. Ji valdoma trimis ranken\u0117l\u0117mis, leid\u017eian\u010diomis nustatyti kepimo laik\u0105 ir temperat\u016br\u0105. Ant pagrindinio stalo yra vieta su dviem degikliais ir didele nuimama kriaukl\u0117 (19x25cm). Langas su \u017eaviomis u\u017euolaidomis prideda \u017eavesio. Vir\u0161 stalvir\u0161io yra mikrobang\u0173 krosnel\u0117 ir spintel\u0117 smulkiems daiktams susid\u0117ti. Prie lentynos dureli\u0173 pritvirtintas laikrodis, kuris taip pat i\u0161mokys skaityti valandas bei pad\u0117s planuoti dien\u0105. Prakti\u0161kos lentynos po stalvir\u0161iu pad\u0117s i\u0161laikyti tvark\u0105.<\/p>\n<p>Izm\u0113ri:<\/p>\n<ul>\n<li>82x30x101 (ilgis \/ plotis \/ auk\u0161tis)<\/li>\n<li>stalvir\u0161io matmenys: 82&#215;29 (ilgis \/ plotis)<\/li>\n<li>stalvir\u0161io auk\u0161tis nuo \u017eem\u0117s: 48<\/li>\n<\/ul>\n<p>&nbsp;<\/p>","protected":false},"excerpt":{"rendered":"<p>Vaiki\u0161ka medin\u0117 virtuv\u0117l\u0117 leis paruo\u0161ti patiekalus sve\u010diams ir l\u0117l\u0117ms. Mading\u0173 ro\u017ein\u0117s spalvos atspalvi\u0173 ir \u0161irdel\u0117s motyvo patiks kiekvienai mergaitei, o stabili ir tvirta medin\u0117 konstrukcija u\u017etikrins stabilum\u0105 ir saugum\u0105.<\/p>","protected":false},"featured_media":20308,"template":"","meta":{"_acf_changed":false,"_glsr_average":0,"_glsr_ranking":0,"_glsr_reviews":0},"product_brand":[],"product_cat":[399,282],"product_tag":[290],"class_list":{"0":"post-20125","1":"product","2":"type-product","3":"status-publish","4":"has-post-thumbnail","6":"product_cat-vaidmenu-zaidimai-2","7":"product_cat-virtuves-reikmenys-vaidmenu-zaidimai","8":"product_tag-vaikiska-virtuvele","9":"\"style=\"background-color: #2ecc711c;\"","11":"first","12":"instock","13":"purchasable","14":"product-type-simple"},"acf":[],"yoast_head":"<!-- This site is optimized with the Yoast SEO plugin v27.3 - https:\/\/yoast.com\/product\/yoast-seo-wordpress\/ -->\n<title>Vaiki\u0161ka medin\u0117 virtuv\u0117l\u0117 - KidsPlay<\/title>\n<meta name=\"description\" content=\"Vaiki\u0161ka medin\u0117 virtuv\u0117l\u0117 leis paruo\u0161ti patiekalus l\u0117l\u0117ms. Mading\u0173 ro\u017ein\u0117s spalvos atspalvi\u0173 ir \u0161irdel\u0117s motyvo patiks kiekvienai mergaitei.\" \/>\n<meta name=\"robots\" content=\"index, follow, max-snippet:-1, max-image-preview:large, max-video-preview:-1\" \/>\n<link rel=\"canonical\" href=\"https:\/\/kidsplay.lt\/lv\/products\/vaikiska-medine-virtuvele-6\/\" \/>\n<meta property=\"og:locale\" content=\"lv_LV\" \/>\n<meta property=\"og:type\" content=\"article\" \/>\n<meta property=\"og:title\" content=\"Vaiki\u0161ka medin\u0117 virtuv\u0117l\u0117 - KidsPlay\" \/>\n<meta property=\"og:description\" content=\"Vaiki\u0161ka medin\u0117 virtuv\u0117l\u0117 leis paruo\u0161ti patiekalus l\u0117l\u0117ms. Mading\u0173 ro\u017ein\u0117s spalvos atspalvi\u0173 ir \u0161irdel\u0117s motyvo patiks kiekvienai mergaitei.\" \/>\n<meta property=\"og:url\" content=\"https:\/\/kidsplay.lt\/lv\/products\/vaikiska-medine-virtuvele-6\/\" \/>\n<meta property=\"og:site_name\" content=\"KidsPlay\" \/>\n<meta property=\"article:publisher\" content=\"https:\/\/www.facebook.com\/www.kidsplay.lt\" \/>\n<meta property=\"article:modified_time\" content=\"2025-10-04T09:47:59+00:00\" \/>\n<meta property=\"og:image\" content=\"https:\/\/kidsplay.lt\/wp-content\/uploads\/2023\/07\/Vaikiska-medine-virtuvele7.jpg\" \/>\n\t<meta property=\"og:image:width\" content=\"1200\" \/>\n\t<meta property=\"og:image:height\" content=\"1489\" \/>\n\t<meta property=\"og:image:type\" content=\"image\/jpeg\" \/>\n<meta name=\"twitter:card\" content=\"summary_large_image\" \/>\n<meta name=\"twitter:label1\" content=\"Est. reading time\" \/>\n\t<meta name=\"twitter:data1\" content=\"1 min\u016bte\" \/>\n<script type=\"application\/ld+json\" class=\"yoast-schema-graph\">{\"@context\":\"https:\\\/\\\/schema.org\",\"@graph\":[{\"@type\":\"WebPage\",\"@id\":\"https:\\\/\\\/kidsplay.lt\\\/produktas\\\/vaikiska-medine-virtuvele-6\\\/\",\"url\":\"https:\\\/\\\/kidsplay.lt\\\/produktas\\\/vaikiska-medine-virtuvele-6\\\/\",\"name\":\"Vaiki\u0161ka medin\u0117 virtuv\u0117l\u0117 - KidsPlay\",\"isPartOf\":{\"@id\":\"https:\\\/\\\/kidsplay.lt\\\/#website\"},\"primaryImageOfPage\":{\"@id\":\"https:\\\/\\\/kidsplay.lt\\\/produktas\\\/vaikiska-medine-virtuvele-6\\\/#primaryimage\"},\"image\":{\"@id\":\"https:\\\/\\\/kidsplay.lt\\\/produktas\\\/vaikiska-medine-virtuvele-6\\\/#primaryimage\"},\"thumbnailUrl\":\"https:\\\/\\\/kidsplay.lt\\\/wp-content\\\/uploads\\\/2023\\\/07\\\/Vaikiska-medine-virtuvele7.jpg\",\"datePublished\":\"2023-07-06T18:02:41+00:00\",\"dateModified\":\"2025-10-04T09:47:59+00:00\",\"description\":\"Vaiki\u0161ka medin\u0117 virtuv\u0117l\u0117 leis paruo\u0161ti patiekalus l\u0117l\u0117ms. Mading\u0173 ro\u017ein\u0117s spalvos atspalvi\u0173 ir \u0161irdel\u0117s motyvo patiks kiekvienai mergaitei.\",\"breadcrumb\":{\"@id\":\"https:\\\/\\\/kidsplay.lt\\\/produktas\\\/vaikiska-medine-virtuvele-6\\\/#breadcrumb\"},\"inLanguage\":\"lv-LV\",\"potentialAction\":[{\"@type\":\"ReadAction\",\"target\":[\"https:\\\/\\\/kidsplay.lt\\\/produktas\\\/vaikiska-medine-virtuvele-6\\\/\"]}]},{\"@type\":\"ImageObject\",\"inLanguage\":\"lv-LV\",\"@id\":\"https:\\\/\\\/kidsplay.lt\\\/produktas\\\/vaikiska-medine-virtuvele-6\\\/#primaryimage\",\"url\":\"https:\\\/\\\/kidsplay.lt\\\/wp-content\\\/uploads\\\/2023\\\/07\\\/Vaikiska-medine-virtuvele7.jpg\",\"contentUrl\":\"https:\\\/\\\/kidsplay.lt\\\/wp-content\\\/uploads\\\/2023\\\/07\\\/Vaikiska-medine-virtuvele7.jpg\",\"width\":1200,\"height\":1489},{\"@type\":\"BreadcrumbList\",\"@id\":\"https:\\\/\\\/kidsplay.lt\\\/produktas\\\/vaikiska-medine-virtuvele-6\\\/#breadcrumb\",\"itemListElement\":[{\"@type\":\"ListItem\",\"position\":1,\"name\":\"Pagrindinis\",\"item\":\"https:\\\/\\\/kidsplay.lt\\\/\"},{\"@type\":\"ListItem\",\"position\":2,\"name\":\"Parduotuv\u0117\",\"item\":\"https:\\\/\\\/kidsplay.lt\\\/parduotuve\\\/\"},{\"@type\":\"ListItem\",\"position\":3,\"name\":\"Vaiki\u0161ka medin\u0117 virtuv\u0117l\u0117\"}]},{\"@type\":\"WebSite\",\"@id\":\"https:\\\/\\\/kidsplay.lt\\\/#website\",\"url\":\"https:\\\/\\\/kidsplay.lt\\\/\",\"name\":\"Kidsplay.lt\",\"description\":\"\u012evairios prek\u0117s vaikams\",\"publisher\":{\"@id\":\"https:\\\/\\\/kidsplay.lt\\\/#organization\"},\"alternateName\":\"Kidsplay\",\"potentialAction\":[{\"@type\":\"SearchAction\",\"target\":{\"@type\":\"EntryPoint\",\"urlTemplate\":\"https:\\\/\\\/kidsplay.lt\\\/?s={search_term_string}\"},\"query-input\":{\"@type\":\"PropertyValueSpecification\",\"valueRequired\":true,\"valueName\":\"search_term_string\"}}],\"inLanguage\":\"lv-LV\"},{\"@type\":\"Organization\",\"@id\":\"https:\\\/\\\/kidsplay.lt\\\/#organization\",\"name\":\"KidsPlay\",\"url\":\"https:\\\/\\\/kidsplay.lt\\\/\",\"logo\":{\"@type\":\"ImageObject\",\"inLanguage\":\"lv-LV\",\"@id\":\"https:\\\/\\\/kidsplay.lt\\\/#\\\/schema\\\/logo\\\/image\\\/\",\"url\":\"https:\\\/\\\/kidsplay.lt\\\/wp-content\\\/uploads\\\/2023\\\/07\\\/kidsplay-logo.png\",\"contentUrl\":\"https:\\\/\\\/kidsplay.lt\\\/wp-content\\\/uploads\\\/2023\\\/07\\\/kidsplay-logo.png\",\"width\":451,\"height\":98,\"caption\":\"KidsPlay\"},\"image\":{\"@id\":\"https:\\\/\\\/kidsplay.lt\\\/#\\\/schema\\\/logo\\\/image\\\/\"},\"sameAs\":[\"https:\\\/\\\/www.facebook.com\\\/www.kidsplay.lt\"]}]}<\/script>\n<!-- \/ Yoast SEO plugin. -->","yoast_head_json":{"title":"Vaiki\u0161ka medin\u0117 virtuv\u0117l\u0117 - KidsPlay","description":"Vaiki\u0161ka medin\u0117 virtuv\u0117l\u0117 leis paruo\u0161ti patiekalus l\u0117l\u0117ms. Mading\u0173 ro\u017ein\u0117s spalvos atspalvi\u0173 ir \u0161irdel\u0117s motyvo patiks kiekvienai mergaitei.","robots":{"index":"index","follow":"follow","max-snippet":"max-snippet:-1","max-image-preview":"max-image-preview:large","max-video-preview":"max-video-preview:-1"},"canonical":"https:\/\/kidsplay.lt\/lv\/products\/vaikiska-medine-virtuvele-6\/","og_locale":"lv_LV","og_type":"article","og_title":"Vaiki\u0161ka medin\u0117 virtuv\u0117l\u0117 - KidsPlay","og_description":"Vaiki\u0161ka medin\u0117 virtuv\u0117l\u0117 leis paruo\u0161ti patiekalus l\u0117l\u0117ms. Mading\u0173 ro\u017ein\u0117s spalvos atspalvi\u0173 ir \u0161irdel\u0117s motyvo patiks kiekvienai mergaitei.","og_url":"https:\/\/kidsplay.lt\/lv\/products\/vaikiska-medine-virtuvele-6\/","og_site_name":"KidsPlay","article_publisher":"https:\/\/www.facebook.com\/www.kidsplay.lt","article_modified_time":"2025-10-04T09:47:59+00:00","og_image":[{"width":1200,"height":1489,"url":"https:\/\/kidsplay.lt\/wp-content\/uploads\/2023\/07\/Vaikiska-medine-virtuvele7.jpg","type":"image\/jpeg"}],"twitter_card":"summary_large_image","twitter_misc":{"Est. reading time":"1 min\u016bte"},"schema":{"@context":"https:\/\/schema.org","@graph":[{"@type":"WebPage","@id":"https:\/\/kidsplay.lt\/produktas\/vaikiska-medine-virtuvele-6\/","url":"https:\/\/kidsplay.lt\/produktas\/vaikiska-medine-virtuvele-6\/","name":"Vaiki\u0161ka medin\u0117 virtuv\u0117l\u0117 - KidsPlay","isPartOf":{"@id":"https:\/\/kidsplay.lt\/#website"},"primaryImageOfPage":{"@id":"https:\/\/kidsplay.lt\/produktas\/vaikiska-medine-virtuvele-6\/#primaryimage"},"image":{"@id":"https:\/\/kidsplay.lt\/produktas\/vaikiska-medine-virtuvele-6\/#primaryimage"},"thumbnailUrl":"https:\/\/kidsplay.lt\/wp-content\/uploads\/2023\/07\/Vaikiska-medine-virtuvele7.jpg","datePublished":"2023-07-06T18:02:41+00:00","dateModified":"2025-10-04T09:47:59+00:00","description":"Vaiki\u0161ka medin\u0117 virtuv\u0117l\u0117 leis paruo\u0161ti patiekalus l\u0117l\u0117ms. Mading\u0173 ro\u017ein\u0117s spalvos atspalvi\u0173 ir \u0161irdel\u0117s motyvo patiks kiekvienai mergaitei.","breadcrumb":{"@id":"https:\/\/kidsplay.lt\/produktas\/vaikiska-medine-virtuvele-6\/#breadcrumb"},"inLanguage":"lv-LV","potentialAction":[{"@type":"ReadAction","target":["https:\/\/kidsplay.lt\/produktas\/vaikiska-medine-virtuvele-6\/"]}]},{"@type":"ImageObject","inLanguage":"lv-LV","@id":"https:\/\/kidsplay.lt\/produktas\/vaikiska-medine-virtuvele-6\/#primaryimage","url":"https:\/\/kidsplay.lt\/wp-content\/uploads\/2023\/07\/Vaikiska-medine-virtuvele7.jpg","contentUrl":"https:\/\/kidsplay.lt\/wp-content\/uploads\/2023\/07\/Vaikiska-medine-virtuvele7.jpg","width":1200,"height":1489},{"@type":"BreadcrumbList","@id":"https:\/\/kidsplay.lt\/produktas\/vaikiska-medine-virtuvele-6\/#breadcrumb","itemListElement":[{"@type":"ListItem","position":1,"name":"Pagrindinis","item":"https:\/\/kidsplay.lt\/"},{"@type":"ListItem","position":2,"name":"Parduotuv\u0117","item":"https:\/\/kidsplay.lt\/parduotuve\/"},{"@type":"ListItem","position":3,"name":"Vaiki\u0161ka medin\u0117 virtuv\u0117l\u0117"}]},{"@type":"WebSite","@id":"https:\/\/kidsplay.lt\/#website","url":"https:\/\/kidsplay.lt\/","name":"B\u0113rnu sp\u0113les.lv","description":"\u012evairios prek\u0117s vaikams","publisher":{"@id":"https:\/\/kidsplay.lt\/#organization"},"alternateName":"Kidsplay","potentialAction":[{"@type":"SearchAction","target":{"@type":"EntryPoint","urlTemplate":"https:\/\/kidsplay.lt\/?s={search_term_string}"},"query-input":{"@type":"PropertyValueSpecification","valueRequired":true,"valueName":"search_term_string"}}],"inLanguage":"lv-LV"},{"@type":"Organization","@id":"https:\/\/kidsplay.lt\/#organization","name":"B\u0113rnu sp\u0113le","url":"https:\/\/kidsplay.lt\/","logo":{"@type":"ImageObject","inLanguage":"lv-LV","@id":"https:\/\/kidsplay.lt\/#\/schema\/logo\/image\/","url":"https:\/\/kidsplay.lt\/wp-content\/uploads\/2023\/07\/kidsplay-logo.png","contentUrl":"https:\/\/kidsplay.lt\/wp-content\/uploads\/2023\/07\/kidsplay-logo.png","width":451,"height":98,"caption":"KidsPlay"},"image":{"@id":"https:\/\/kidsplay.lt\/#\/schema\/logo\/image\/"},"sameAs":["https:\/\/www.facebook.com\/www.kidsplay.lt"]}]}},"_links":{"self":[{"href":"https:\/\/kidsplay.lt\/lv\/wp-json\/wp\/v2\/product\/20125","targetHints":{"allow":["GET"]}}],"collection":[{"href":"https:\/\/kidsplay.lt\/lv\/wp-json\/wp\/v2\/product"}],"about":[{"href":"https:\/\/kidsplay.lt\/lv\/wp-json\/wp\/v2\/types\/product"}],"version-history":[{"count":1,"href":"https:\/\/kidsplay.lt\/lv\/wp-json\/wp\/v2\/product\/20125\/revisions"}],"predecessor-version":[{"id":47266,"href":"https:\/\/kidsplay.lt\/lv\/wp-json\/wp\/v2\/product\/20125\/revisions\/47266"}],"wp:featuredmedia":[{"embeddable":true,"href":"https:\/\/kidsplay.lt\/lv\/wp-json\/wp\/v2\/media\/20308"}],"wp:attachment":[{"href":"https:\/\/kidsplay.lt\/lv\/wp-json\/wp\/v2\/media?parent=20125"}],"wp:term":[{"taxonomy":"product_brand","embeddable":true,"href":"https:\/\/kidsplay.lt\/lv\/wp-json\/wp\/v2\/product_brand?post=20125"},{"taxonomy":"product_cat","embeddable":true,"href":"https:\/\/kidsplay.lt\/lv\/wp-json\/wp\/v2\/product_cat?post=20125"},{"taxonomy":"product_tag","embeddable":true,"href":"https:\/\/kidsplay.lt\/lv\/wp-json\/wp\/v2\/product_tag?post=20125"}],"curies":[{"name":"wp","href":"https:\/\/api.w.org\/{rel}","templated":true}]}}