{"id":20347,"date":"2023-07-06T21:08:23","date_gmt":"2023-07-06T18:08:23","guid":{"rendered":"https:\/\/kidsplay.lt\/?post_type=product&#038;p=20347"},"modified":"2025-10-04T12:49:31","modified_gmt":"2025-10-04T09:49:31","slug":"medine-virtuve-vaikams","status":"publish","type":"product","link":"https:\/\/kidsplay.lt\/lv\/products\/medine-virtuve-vaikams\/","title":{"rendered":"Koka virtuve b\u0113rniem"},"content":{"rendered":"<p>Medin\u0117 virtuv\u0117 vaikams smagiam maisto gaminimui. D\u0117l savo ry\u0161ki\u0173 spalv\u0173 ir funkcionalumo ji bus puikus pasi\u016blymas vaikams, m\u0117gstantiems laisvalaik\u012f leisti aktyviai ir \u012fdomiai.<\/p>\n<p>Virtuv\u0117l\u0117 turi kaitlent\u0119 su dviem degikliais, kriaukl\u0119 su dideliu kranu, mikrobang\u0173 krosnel\u0119, erdvias lentynas ir atidaromas spinteles. \u012edomus elementas \u2013 lenta ant \u0161aldytuvo dureli\u0173, ant kurios galima u\u017era\u0161yti (kreida) pirkini\u0173 s\u0105ra\u0161\u0105 ar kit\u0105 svarbi\u0105 informacij\u0105.<\/p>\n<p>Virtuv\u0117s matmenys:<\/p>\n<ul>\n<li>ilgis: 86 cm<\/li>\n<li>gylis: 34 cm<\/li>\n<li>auk\u0161tis: 89 cm<\/li>\n<li>stalvir\u0161io auk\u0161tis nuo \u017eem\u0117s: 45 cm<\/li>\n<li>\u0161aldytuvo plotis: 26 cm<\/li>\n<li>svoris: 16 kg<\/li>\n<\/ul>\n<p>&nbsp;<\/p>","protected":false},"excerpt":{"rendered":"<p>Medin\u0117 virtuv\u0117 vaikams smagiam maisto gaminimui. D\u0117l savo ry\u0161ki\u0173 spalv\u0173 ir funkcionalumo ji bus puikus pasi\u016blymas vaikams, m\u0117gstantiems laisvalaik\u012f leisti aktyviai ir \u012fdomiai.<\/p>","protected":false},"featured_media":20376,"template":"","meta":{"_acf_changed":false,"_glsr_average":0,"_glsr_ranking":0,"_glsr_reviews":0},"product_brand":[],"product_cat":[399,282],"product_tag":[290],"class_list":{"0":"post-20347","1":"product","2":"type-product","3":"status-publish","4":"has-post-thumbnail","6":"product_cat-vaidmenu-zaidimai-2","7":"product_cat-virtuves-reikmenys-vaidmenu-zaidimai","8":"product_tag-vaikiska-virtuvele","9":"\"style=\"background-color: #2ecc711c;\"","11":"first","12":"instock","13":"purchasable","14":"product-type-simple"},"acf":[],"yoast_head":"<!-- This site is optimized with the Yoast SEO plugin v27.3 - https:\/\/yoast.com\/product\/yoast-seo-wordpress\/ -->\n<title>Medin\u0117 virtuv\u0117 vaikams - KidsPlay<\/title>\n<meta name=\"description\" content=\"Medin\u0117 virtuv\u0117 vaikams smagiam maisto gaminimui. D\u0117l savo ry\u0161ki\u0173 spalv\u0173 ir funkcionalumo ji bus puikus pasi\u016blymas vaikams.\" \/>\n<meta name=\"robots\" content=\"index, follow, max-snippet:-1, max-image-preview:large, max-video-preview:-1\" \/>\n<link rel=\"canonical\" href=\"https:\/\/kidsplay.lt\/lv\/products\/medine-virtuve-vaikams\/\" \/>\n<meta property=\"og:locale\" content=\"lv_LV\" \/>\n<meta property=\"og:type\" content=\"article\" \/>\n<meta property=\"og:title\" content=\"Medin\u0117 virtuv\u0117 vaikams - KidsPlay\" \/>\n<meta property=\"og:description\" content=\"Medin\u0117 virtuv\u0117 vaikams smagiam maisto gaminimui. D\u0117l savo ry\u0161ki\u0173 spalv\u0173 ir funkcionalumo ji bus puikus pasi\u016blymas vaikams.\" \/>\n<meta property=\"og:url\" content=\"https:\/\/kidsplay.lt\/lv\/products\/medine-virtuve-vaikams\/\" \/>\n<meta property=\"og:site_name\" content=\"KidsPlay\" \/>\n<meta property=\"article:publisher\" content=\"https:\/\/www.facebook.com\/www.kidsplay.lt\" \/>\n<meta property=\"article:modified_time\" content=\"2025-10-04T09:49:31+00:00\" \/>\n<meta property=\"og:image\" content=\"https:\/\/kidsplay.lt\/wp-content\/uploads\/2023\/07\/vaikiska-medine-virtuvele11.png\" \/>\n\t<meta property=\"og:image:width\" content=\"648\" \/>\n\t<meta property=\"og:image:height\" content=\"541\" \/>\n\t<meta property=\"og:image:type\" content=\"image\/png\" \/>\n<meta name=\"twitter:card\" content=\"summary_large_image\" \/>\n<meta name=\"twitter:label1\" content=\"Est. reading time\" \/>\n\t<meta name=\"twitter:data1\" content=\"1 min\u016bte\" \/>\n<script type=\"application\/ld+json\" class=\"yoast-schema-graph\">{\"@context\":\"https:\\\/\\\/schema.org\",\"@graph\":[{\"@type\":\"WebPage\",\"@id\":\"https:\\\/\\\/kidsplay.lt\\\/produktas\\\/medine-virtuve-vaikams\\\/\",\"url\":\"https:\\\/\\\/kidsplay.lt\\\/produktas\\\/medine-virtuve-vaikams\\\/\",\"name\":\"Medin\u0117 virtuv\u0117 vaikams - KidsPlay\",\"isPartOf\":{\"@id\":\"https:\\\/\\\/kidsplay.lt\\\/#website\"},\"primaryImageOfPage\":{\"@id\":\"https:\\\/\\\/kidsplay.lt\\\/produktas\\\/medine-virtuve-vaikams\\\/#primaryimage\"},\"image\":{\"@id\":\"https:\\\/\\\/kidsplay.lt\\\/produktas\\\/medine-virtuve-vaikams\\\/#primaryimage\"},\"thumbnailUrl\":\"https:\\\/\\\/kidsplay.lt\\\/wp-content\\\/uploads\\\/2023\\\/07\\\/vaikiska-medine-virtuvele11.png\",\"datePublished\":\"2023-07-06T18:08:23+00:00\",\"dateModified\":\"2025-10-04T09:49:31+00:00\",\"description\":\"Medin\u0117 virtuv\u0117 vaikams smagiam maisto gaminimui. D\u0117l savo ry\u0161ki\u0173 spalv\u0173 ir funkcionalumo ji bus puikus pasi\u016blymas vaikams.\",\"breadcrumb\":{\"@id\":\"https:\\\/\\\/kidsplay.lt\\\/produktas\\\/medine-virtuve-vaikams\\\/#breadcrumb\"},\"inLanguage\":\"lv-LV\",\"potentialAction\":[{\"@type\":\"ReadAction\",\"target\":[\"https:\\\/\\\/kidsplay.lt\\\/produktas\\\/medine-virtuve-vaikams\\\/\"]}]},{\"@type\":\"ImageObject\",\"inLanguage\":\"lv-LV\",\"@id\":\"https:\\\/\\\/kidsplay.lt\\\/produktas\\\/medine-virtuve-vaikams\\\/#primaryimage\",\"url\":\"https:\\\/\\\/kidsplay.lt\\\/wp-content\\\/uploads\\\/2023\\\/07\\\/vaikiska-medine-virtuvele11.png\",\"contentUrl\":\"https:\\\/\\\/kidsplay.lt\\\/wp-content\\\/uploads\\\/2023\\\/07\\\/vaikiska-medine-virtuvele11.png\",\"width\":648,\"height\":541},{\"@type\":\"BreadcrumbList\",\"@id\":\"https:\\\/\\\/kidsplay.lt\\\/produktas\\\/medine-virtuve-vaikams\\\/#breadcrumb\",\"itemListElement\":[{\"@type\":\"ListItem\",\"position\":1,\"name\":\"Pagrindinis\",\"item\":\"https:\\\/\\\/kidsplay.lt\\\/\"},{\"@type\":\"ListItem\",\"position\":2,\"name\":\"Parduotuv\u0117\",\"item\":\"https:\\\/\\\/kidsplay.lt\\\/parduotuve\\\/\"},{\"@type\":\"ListItem\",\"position\":3,\"name\":\"Medin\u0117 virtuv\u0117 vaikams\"}]},{\"@type\":\"WebSite\",\"@id\":\"https:\\\/\\\/kidsplay.lt\\\/#website\",\"url\":\"https:\\\/\\\/kidsplay.lt\\\/\",\"name\":\"Kidsplay.lt\",\"description\":\"\u012evairios prek\u0117s vaikams\",\"publisher\":{\"@id\":\"https:\\\/\\\/kidsplay.lt\\\/#organization\"},\"alternateName\":\"Kidsplay\",\"potentialAction\":[{\"@type\":\"SearchAction\",\"target\":{\"@type\":\"EntryPoint\",\"urlTemplate\":\"https:\\\/\\\/kidsplay.lt\\\/?s={search_term_string}\"},\"query-input\":{\"@type\":\"PropertyValueSpecification\",\"valueRequired\":true,\"valueName\":\"search_term_string\"}}],\"inLanguage\":\"lv-LV\"},{\"@type\":\"Organization\",\"@id\":\"https:\\\/\\\/kidsplay.lt\\\/#organization\",\"name\":\"KidsPlay\",\"url\":\"https:\\\/\\\/kidsplay.lt\\\/\",\"logo\":{\"@type\":\"ImageObject\",\"inLanguage\":\"lv-LV\",\"@id\":\"https:\\\/\\\/kidsplay.lt\\\/#\\\/schema\\\/logo\\\/image\\\/\",\"url\":\"https:\\\/\\\/kidsplay.lt\\\/wp-content\\\/uploads\\\/2023\\\/07\\\/kidsplay-logo.png\",\"contentUrl\":\"https:\\\/\\\/kidsplay.lt\\\/wp-content\\\/uploads\\\/2023\\\/07\\\/kidsplay-logo.png\",\"width\":451,\"height\":98,\"caption\":\"KidsPlay\"},\"image\":{\"@id\":\"https:\\\/\\\/kidsplay.lt\\\/#\\\/schema\\\/logo\\\/image\\\/\"},\"sameAs\":[\"https:\\\/\\\/www.facebook.com\\\/www.kidsplay.lt\"]}]}<\/script>\n<!-- \/ Yoast SEO plugin. -->","yoast_head_json":{"title":"Medin\u0117 virtuv\u0117 vaikams - KidsPlay","description":"Medin\u0117 virtuv\u0117 vaikams smagiam maisto gaminimui. D\u0117l savo ry\u0161ki\u0173 spalv\u0173 ir funkcionalumo ji bus puikus pasi\u016blymas vaikams.","robots":{"index":"index","follow":"follow","max-snippet":"max-snippet:-1","max-image-preview":"max-image-preview:large","max-video-preview":"max-video-preview:-1"},"canonical":"https:\/\/kidsplay.lt\/lv\/products\/medine-virtuve-vaikams\/","og_locale":"lv_LV","og_type":"article","og_title":"Medin\u0117 virtuv\u0117 vaikams - KidsPlay","og_description":"Medin\u0117 virtuv\u0117 vaikams smagiam maisto gaminimui. D\u0117l savo ry\u0161ki\u0173 spalv\u0173 ir funkcionalumo ji bus puikus pasi\u016blymas vaikams.","og_url":"https:\/\/kidsplay.lt\/lv\/products\/medine-virtuve-vaikams\/","og_site_name":"KidsPlay","article_publisher":"https:\/\/www.facebook.com\/www.kidsplay.lt","article_modified_time":"2025-10-04T09:49:31+00:00","og_image":[{"width":648,"height":541,"url":"https:\/\/kidsplay.lt\/wp-content\/uploads\/2023\/07\/vaikiska-medine-virtuvele11.png","type":"image\/png"}],"twitter_card":"summary_large_image","twitter_misc":{"Est. reading time":"1 min\u016bte"},"schema":{"@context":"https:\/\/schema.org","@graph":[{"@type":"WebPage","@id":"https:\/\/kidsplay.lt\/produktas\/medine-virtuve-vaikams\/","url":"https:\/\/kidsplay.lt\/produktas\/medine-virtuve-vaikams\/","name":"Medin\u0117 virtuv\u0117 vaikams - KidsPlay","isPartOf":{"@id":"https:\/\/kidsplay.lt\/#website"},"primaryImageOfPage":{"@id":"https:\/\/kidsplay.lt\/produktas\/medine-virtuve-vaikams\/#primaryimage"},"image":{"@id":"https:\/\/kidsplay.lt\/produktas\/medine-virtuve-vaikams\/#primaryimage"},"thumbnailUrl":"https:\/\/kidsplay.lt\/wp-content\/uploads\/2023\/07\/vaikiska-medine-virtuvele11.png","datePublished":"2023-07-06T18:08:23+00:00","dateModified":"2025-10-04T09:49:31+00:00","description":"Medin\u0117 virtuv\u0117 vaikams smagiam maisto gaminimui. D\u0117l savo ry\u0161ki\u0173 spalv\u0173 ir funkcionalumo ji bus puikus pasi\u016blymas vaikams.","breadcrumb":{"@id":"https:\/\/kidsplay.lt\/produktas\/medine-virtuve-vaikams\/#breadcrumb"},"inLanguage":"lv-LV","potentialAction":[{"@type":"ReadAction","target":["https:\/\/kidsplay.lt\/produktas\/medine-virtuve-vaikams\/"]}]},{"@type":"ImageObject","inLanguage":"lv-LV","@id":"https:\/\/kidsplay.lt\/produktas\/medine-virtuve-vaikams\/#primaryimage","url":"https:\/\/kidsplay.lt\/wp-content\/uploads\/2023\/07\/vaikiska-medine-virtuvele11.png","contentUrl":"https:\/\/kidsplay.lt\/wp-content\/uploads\/2023\/07\/vaikiska-medine-virtuvele11.png","width":648,"height":541},{"@type":"BreadcrumbList","@id":"https:\/\/kidsplay.lt\/produktas\/medine-virtuve-vaikams\/#breadcrumb","itemListElement":[{"@type":"ListItem","position":1,"name":"Pagrindinis","item":"https:\/\/kidsplay.lt\/"},{"@type":"ListItem","position":2,"name":"Parduotuv\u0117","item":"https:\/\/kidsplay.lt\/parduotuve\/"},{"@type":"ListItem","position":3,"name":"Medin\u0117 virtuv\u0117 vaikams"}]},{"@type":"WebSite","@id":"https:\/\/kidsplay.lt\/#website","url":"https:\/\/kidsplay.lt\/","name":"B\u0113rnu sp\u0113les.lv","description":"\u012evairios prek\u0117s vaikams","publisher":{"@id":"https:\/\/kidsplay.lt\/#organization"},"alternateName":"Kidsplay","potentialAction":[{"@type":"SearchAction","target":{"@type":"EntryPoint","urlTemplate":"https:\/\/kidsplay.lt\/?s={search_term_string}"},"query-input":{"@type":"PropertyValueSpecification","valueRequired":true,"valueName":"search_term_string"}}],"inLanguage":"lv-LV"},{"@type":"Organization","@id":"https:\/\/kidsplay.lt\/#organization","name":"B\u0113rnu sp\u0113le","url":"https:\/\/kidsplay.lt\/","logo":{"@type":"ImageObject","inLanguage":"lv-LV","@id":"https:\/\/kidsplay.lt\/#\/schema\/logo\/image\/","url":"https:\/\/kidsplay.lt\/wp-content\/uploads\/2023\/07\/kidsplay-logo.png","contentUrl":"https:\/\/kidsplay.lt\/wp-content\/uploads\/2023\/07\/kidsplay-logo.png","width":451,"height":98,"caption":"KidsPlay"},"image":{"@id":"https:\/\/kidsplay.lt\/#\/schema\/logo\/image\/"},"sameAs":["https:\/\/www.facebook.com\/www.kidsplay.lt"]}]}},"_links":{"self":[{"href":"https:\/\/kidsplay.lt\/lv\/wp-json\/wp\/v2\/product\/20347","targetHints":{"allow":["GET"]}}],"collection":[{"href":"https:\/\/kidsplay.lt\/lv\/wp-json\/wp\/v2\/product"}],"about":[{"href":"https:\/\/kidsplay.lt\/lv\/wp-json\/wp\/v2\/types\/product"}],"version-history":[{"count":1,"href":"https:\/\/kidsplay.lt\/lv\/wp-json\/wp\/v2\/product\/20347\/revisions"}],"predecessor-version":[{"id":47265,"href":"https:\/\/kidsplay.lt\/lv\/wp-json\/wp\/v2\/product\/20347\/revisions\/47265"}],"wp:featuredmedia":[{"embeddable":true,"href":"https:\/\/kidsplay.lt\/lv\/wp-json\/wp\/v2\/media\/20376"}],"wp:attachment":[{"href":"https:\/\/kidsplay.lt\/lv\/wp-json\/wp\/v2\/media?parent=20347"}],"wp:term":[{"taxonomy":"product_brand","embeddable":true,"href":"https:\/\/kidsplay.lt\/lv\/wp-json\/wp\/v2\/product_brand?post=20347"},{"taxonomy":"product_cat","embeddable":true,"href":"https:\/\/kidsplay.lt\/lv\/wp-json\/wp\/v2\/product_cat?post=20347"},{"taxonomy":"product_tag","embeddable":true,"href":"https:\/\/kidsplay.lt\/lv\/wp-json\/wp\/v2\/product_tag?post=20347"}],"curies":[{"name":"wp","href":"https:\/\/api.w.org\/{rel}","templated":true}]}}