{"id":20471,"date":"2023-07-06T21:09:46","date_gmt":"2023-07-06T21:09:46","guid":{"rendered":"https:\/\/kidsplay.lt\/?post_type=product&#038;p=20471"},"modified":"2026-02-25T16:17:42","modified_gmt":"2026-02-25T14:17:42","slug":"kelionine-maitinimo-kedute-2in1","status":"publish","type":"product","link":"https:\/\/kidsplay.lt\/lv\/products\/kelionine-maitinimo-kedute-2in1\/","title":{"rendered":"Kelionin\u0117 maitinimo k\u0117dut\u0117 2in1"},"content":{"rendered":"<p>Kelionin\u0117 maitinimo k\u0117dut\u0117 2in1 lengva, ne\u0161iojama kelionin\u0117 maitinimo k\u0117dut\u0117, tvirtinama prie daugumos k\u0117d\u017ei\u0173. Tvirtinama dir\u017eais i\u0161 k\u0117d\u0117s apa\u010dios ir atlo\u0161o. K\u0117dut\u0117 turi 3 ta\u0161k\u0173 saugos dir\u017eus su greito atsegimo u\u017esegimu ir patobulinta \u0161onin\u0117mis apsaugomis, kad b\u016bt\u0173 u\u017etikrintas didesnis ma\u017eojo naudotojo saugumas. Patvari med\u017eiaga, i\u0161 kurios pagaminta k\u0117dut\u0117, u\u017etikrina stabilum\u0105 s\u0117dint ir apsaugo lagamino turin\u012f nuo suspaudimo. Lagamine yra daug vietos reikalingiems daiktams. Puikiai tinka kelion\u0117ms, i\u0161vykoms ar namuose.<\/p>\n<p>Maksimalus svoris: iki 20 kg<\/p>\n<p>Atlo\u0161o auk\u0161tis: 24 cm<\/p>\n<p>&nbsp;<\/p>","protected":false},"excerpt":{"rendered":"<p>Kelionin\u0117 maitinimo k\u0117dut\u0117 2in1 lengva, ne\u0161iojama kelionin\u0117 maitinimo k\u0117dut\u0117, tvirtinama prie daugumos k\u0117d\u017ei\u0173. Tvirtinama dir\u017eais i\u0161 k\u0117d\u0117s apa\u010dios ir atlo\u0161o. K\u0117dut\u0117 turi 3 ta\u0161k\u0173 saugos dir\u017eus su greito atsegimo u\u017esegimu ir patobulinta \u0161onin\u0117mis apsaugomis, kad b\u016bt\u0173 u\u017etikrintas didesnis ma\u017eojo naudotojo saugumas.<\/p>","protected":false},"featured_media":20673,"template":"","meta":{"_acf_changed":false,"_glsr_average":0,"_glsr_ranking":0,"_glsr_reviews":0},"product_brand":[],"product_cat":[259],"product_tag":[299],"class_list":{"0":"post-20471","1":"product","2":"type-product","3":"status-publish","4":"has-post-thumbnail","6":"product_cat-maitinimo-kedutes","7":"product_tag-maitinimas","8":"\"style=\"background-color: #2ecc711c;\"","10":"first","11":"instock","12":"purchasable","13":"product-type-simple"},"acf":[],"yoast_head":"<!-- This site is optimized with the Yoast SEO plugin v27.3 - https:\/\/yoast.com\/product\/yoast-seo-wordpress\/ -->\n<title>Kelionin\u0117 maitinimo k\u0117dut\u0117 2in1 - KidsPlay<\/title>\n<meta name=\"description\" content=\"Kelionin\u0117 maitinimo k\u0117dut\u0117 2in1 lengva, ne\u0161iojama kelionin\u0117 maitinimo k\u0117dut\u0117, tvirtinama prie daugumos k\u0117d\u017ei\u0173.\" \/>\n<meta name=\"robots\" content=\"index, follow, max-snippet:-1, max-image-preview:large, max-video-preview:-1\" \/>\n<link rel=\"canonical\" href=\"https:\/\/kidsplay.lt\/lv\/products\/kelionine-maitinimo-kedute-2in1\/\" \/>\n<meta property=\"og:locale\" content=\"lv_LV\" \/>\n<meta property=\"og:type\" content=\"article\" \/>\n<meta property=\"og:title\" content=\"Kelionin\u0117 maitinimo k\u0117dut\u0117 2in1 - KidsPlay\" \/>\n<meta property=\"og:description\" content=\"Kelionin\u0117 maitinimo k\u0117dut\u0117 2in1 lengva, ne\u0161iojama kelionin\u0117 maitinimo k\u0117dut\u0117, tvirtinama prie daugumos k\u0117d\u017ei\u0173.\" \/>\n<meta property=\"og:url\" content=\"https:\/\/kidsplay.lt\/lv\/products\/kelionine-maitinimo-kedute-2in1\/\" \/>\n<meta property=\"og:site_name\" content=\"KidsPlay\" \/>\n<meta property=\"article:publisher\" content=\"https:\/\/www.facebook.com\/www.kidsplay.lt\" \/>\n<meta property=\"article:modified_time\" content=\"2026-02-25T14:17:42+00:00\" \/>\n<meta property=\"og:image\" content=\"https:\/\/kidsplay.lt\/wp-content\/uploads\/2023\/07\/Kelionine-maitinimo-kedute1.jpg\" \/>\n\t<meta property=\"og:image:width\" content=\"700\" \/>\n\t<meta property=\"og:image:height\" content=\"694\" \/>\n\t<meta property=\"og:image:type\" content=\"image\/jpeg\" \/>\n<meta name=\"twitter:card\" content=\"summary_large_image\" \/>\n<meta name=\"twitter:label1\" content=\"Est. reading time\" \/>\n\t<meta name=\"twitter:data1\" content=\"1 min\u016bte\" \/>\n<script type=\"application\/ld+json\" class=\"yoast-schema-graph\">{\"@context\":\"https:\\\/\\\/schema.org\",\"@graph\":[{\"@type\":\"WebPage\",\"@id\":\"https:\\\/\\\/kidsplay.lt\\\/produktas\\\/kelionine-maitinimo-kedute-2in1\\\/\",\"url\":\"https:\\\/\\\/kidsplay.lt\\\/produktas\\\/kelionine-maitinimo-kedute-2in1\\\/\",\"name\":\"Kelionin\u0117 maitinimo k\u0117dut\u0117 2in1 - KidsPlay\",\"isPartOf\":{\"@id\":\"https:\\\/\\\/kidsplay.lt\\\/#website\"},\"primaryImageOfPage\":{\"@id\":\"https:\\\/\\\/kidsplay.lt\\\/produktas\\\/kelionine-maitinimo-kedute-2in1\\\/#primaryimage\"},\"image\":{\"@id\":\"https:\\\/\\\/kidsplay.lt\\\/produktas\\\/kelionine-maitinimo-kedute-2in1\\\/#primaryimage\"},\"thumbnailUrl\":\"https:\\\/\\\/kidsplay.lt\\\/wp-content\\\/uploads\\\/2023\\\/07\\\/Kelionine-maitinimo-kedute1.jpg\",\"datePublished\":\"2023-07-06T21:09:46+00:00\",\"dateModified\":\"2026-02-25T14:17:42+00:00\",\"description\":\"Kelionin\u0117 maitinimo k\u0117dut\u0117 2in1 lengva, ne\u0161iojama kelionin\u0117 maitinimo k\u0117dut\u0117, tvirtinama prie daugumos k\u0117d\u017ei\u0173.\",\"breadcrumb\":{\"@id\":\"https:\\\/\\\/kidsplay.lt\\\/produktas\\\/kelionine-maitinimo-kedute-2in1\\\/#breadcrumb\"},\"inLanguage\":\"lv-LV\",\"potentialAction\":[{\"@type\":\"ReadAction\",\"target\":[\"https:\\\/\\\/kidsplay.lt\\\/produktas\\\/kelionine-maitinimo-kedute-2in1\\\/\"]}]},{\"@type\":\"ImageObject\",\"inLanguage\":\"lv-LV\",\"@id\":\"https:\\\/\\\/kidsplay.lt\\\/produktas\\\/kelionine-maitinimo-kedute-2in1\\\/#primaryimage\",\"url\":\"https:\\\/\\\/kidsplay.lt\\\/wp-content\\\/uploads\\\/2023\\\/07\\\/Kelionine-maitinimo-kedute1.jpg\",\"contentUrl\":\"https:\\\/\\\/kidsplay.lt\\\/wp-content\\\/uploads\\\/2023\\\/07\\\/Kelionine-maitinimo-kedute1.jpg\",\"width\":700,\"height\":694},{\"@type\":\"BreadcrumbList\",\"@id\":\"https:\\\/\\\/kidsplay.lt\\\/produktas\\\/kelionine-maitinimo-kedute-2in1\\\/#breadcrumb\",\"itemListElement\":[{\"@type\":\"ListItem\",\"position\":1,\"name\":\"Pagrindinis\",\"item\":\"https:\\\/\\\/kidsplay.lt\\\/\"},{\"@type\":\"ListItem\",\"position\":2,\"name\":\"Parduotuv\u0117\",\"item\":\"https:\\\/\\\/kidsplay.lt\\\/parduotuve\\\/\"},{\"@type\":\"ListItem\",\"position\":3,\"name\":\"Kelionin\u0117 maitinimo k\u0117dut\u0117 2in1\"}]},{\"@type\":\"WebSite\",\"@id\":\"https:\\\/\\\/kidsplay.lt\\\/#website\",\"url\":\"https:\\\/\\\/kidsplay.lt\\\/\",\"name\":\"Kidsplay.lt\",\"description\":\"\u012evairios prek\u0117s vaikams\",\"publisher\":{\"@id\":\"https:\\\/\\\/kidsplay.lt\\\/#organization\"},\"alternateName\":\"Kidsplay\",\"potentialAction\":[{\"@type\":\"SearchAction\",\"target\":{\"@type\":\"EntryPoint\",\"urlTemplate\":\"https:\\\/\\\/kidsplay.lt\\\/?s={search_term_string}\"},\"query-input\":{\"@type\":\"PropertyValueSpecification\",\"valueRequired\":true,\"valueName\":\"search_term_string\"}}],\"inLanguage\":\"lv-LV\"},{\"@type\":\"Organization\",\"@id\":\"https:\\\/\\\/kidsplay.lt\\\/#organization\",\"name\":\"KidsPlay\",\"url\":\"https:\\\/\\\/kidsplay.lt\\\/\",\"logo\":{\"@type\":\"ImageObject\",\"inLanguage\":\"lv-LV\",\"@id\":\"https:\\\/\\\/kidsplay.lt\\\/#\\\/schema\\\/logo\\\/image\\\/\",\"url\":\"https:\\\/\\\/kidsplay.lt\\\/wp-content\\\/uploads\\\/2023\\\/07\\\/kidsplay-logo.png\",\"contentUrl\":\"https:\\\/\\\/kidsplay.lt\\\/wp-content\\\/uploads\\\/2023\\\/07\\\/kidsplay-logo.png\",\"width\":451,\"height\":98,\"caption\":\"KidsPlay\"},\"image\":{\"@id\":\"https:\\\/\\\/kidsplay.lt\\\/#\\\/schema\\\/logo\\\/image\\\/\"},\"sameAs\":[\"https:\\\/\\\/www.facebook.com\\\/www.kidsplay.lt\"]}]}<\/script>\n<!-- \/ Yoast SEO plugin. -->","yoast_head_json":{"title":"Kelionin\u0117 maitinimo k\u0117dut\u0117 2in1 - KidsPlay","description":"Kelionin\u0117 maitinimo k\u0117dut\u0117 2in1 lengva, ne\u0161iojama kelionin\u0117 maitinimo k\u0117dut\u0117, tvirtinama prie daugumos k\u0117d\u017ei\u0173.","robots":{"index":"index","follow":"follow","max-snippet":"max-snippet:-1","max-image-preview":"max-image-preview:large","max-video-preview":"max-video-preview:-1"},"canonical":"https:\/\/kidsplay.lt\/lv\/products\/kelionine-maitinimo-kedute-2in1\/","og_locale":"lv_LV","og_type":"article","og_title":"Kelionin\u0117 maitinimo k\u0117dut\u0117 2in1 - KidsPlay","og_description":"Kelionin\u0117 maitinimo k\u0117dut\u0117 2in1 lengva, ne\u0161iojama kelionin\u0117 maitinimo k\u0117dut\u0117, tvirtinama prie daugumos k\u0117d\u017ei\u0173.","og_url":"https:\/\/kidsplay.lt\/lv\/products\/kelionine-maitinimo-kedute-2in1\/","og_site_name":"KidsPlay","article_publisher":"https:\/\/www.facebook.com\/www.kidsplay.lt","article_modified_time":"2026-02-25T14:17:42+00:00","og_image":[{"width":700,"height":694,"url":"https:\/\/kidsplay.lt\/wp-content\/uploads\/2023\/07\/Kelionine-maitinimo-kedute1.jpg","type":"image\/jpeg"}],"twitter_card":"summary_large_image","twitter_misc":{"Est. reading time":"1 min\u016bte"},"schema":{"@context":"https:\/\/schema.org","@graph":[{"@type":"WebPage","@id":"https:\/\/kidsplay.lt\/produktas\/kelionine-maitinimo-kedute-2in1\/","url":"https:\/\/kidsplay.lt\/produktas\/kelionine-maitinimo-kedute-2in1\/","name":"Kelionin\u0117 maitinimo k\u0117dut\u0117 2in1 - KidsPlay","isPartOf":{"@id":"https:\/\/kidsplay.lt\/#website"},"primaryImageOfPage":{"@id":"https:\/\/kidsplay.lt\/produktas\/kelionine-maitinimo-kedute-2in1\/#primaryimage"},"image":{"@id":"https:\/\/kidsplay.lt\/produktas\/kelionine-maitinimo-kedute-2in1\/#primaryimage"},"thumbnailUrl":"https:\/\/kidsplay.lt\/wp-content\/uploads\/2023\/07\/Kelionine-maitinimo-kedute1.jpg","datePublished":"2023-07-06T21:09:46+00:00","dateModified":"2026-02-25T14:17:42+00:00","description":"Kelionin\u0117 maitinimo k\u0117dut\u0117 2in1 lengva, ne\u0161iojama kelionin\u0117 maitinimo k\u0117dut\u0117, tvirtinama prie daugumos k\u0117d\u017ei\u0173.","breadcrumb":{"@id":"https:\/\/kidsplay.lt\/produktas\/kelionine-maitinimo-kedute-2in1\/#breadcrumb"},"inLanguage":"lv-LV","potentialAction":[{"@type":"ReadAction","target":["https:\/\/kidsplay.lt\/produktas\/kelionine-maitinimo-kedute-2in1\/"]}]},{"@type":"ImageObject","inLanguage":"lv-LV","@id":"https:\/\/kidsplay.lt\/produktas\/kelionine-maitinimo-kedute-2in1\/#primaryimage","url":"https:\/\/kidsplay.lt\/wp-content\/uploads\/2023\/07\/Kelionine-maitinimo-kedute1.jpg","contentUrl":"https:\/\/kidsplay.lt\/wp-content\/uploads\/2023\/07\/Kelionine-maitinimo-kedute1.jpg","width":700,"height":694},{"@type":"BreadcrumbList","@id":"https:\/\/kidsplay.lt\/produktas\/kelionine-maitinimo-kedute-2in1\/#breadcrumb","itemListElement":[{"@type":"ListItem","position":1,"name":"Pagrindinis","item":"https:\/\/kidsplay.lt\/"},{"@type":"ListItem","position":2,"name":"Parduotuv\u0117","item":"https:\/\/kidsplay.lt\/parduotuve\/"},{"@type":"ListItem","position":3,"name":"Kelionin\u0117 maitinimo k\u0117dut\u0117 2in1"}]},{"@type":"WebSite","@id":"https:\/\/kidsplay.lt\/#website","url":"https:\/\/kidsplay.lt\/","name":"B\u0113rnu sp\u0113les.lv","description":"\u012evairios prek\u0117s vaikams","publisher":{"@id":"https:\/\/kidsplay.lt\/#organization"},"alternateName":"Kidsplay","potentialAction":[{"@type":"SearchAction","target":{"@type":"EntryPoint","urlTemplate":"https:\/\/kidsplay.lt\/?s={search_term_string}"},"query-input":{"@type":"PropertyValueSpecification","valueRequired":true,"valueName":"search_term_string"}}],"inLanguage":"lv-LV"},{"@type":"Organization","@id":"https:\/\/kidsplay.lt\/#organization","name":"B\u0113rnu sp\u0113le","url":"https:\/\/kidsplay.lt\/","logo":{"@type":"ImageObject","inLanguage":"lv-LV","@id":"https:\/\/kidsplay.lt\/#\/schema\/logo\/image\/","url":"https:\/\/kidsplay.lt\/wp-content\/uploads\/2023\/07\/kidsplay-logo.png","contentUrl":"https:\/\/kidsplay.lt\/wp-content\/uploads\/2023\/07\/kidsplay-logo.png","width":451,"height":98,"caption":"KidsPlay"},"image":{"@id":"https:\/\/kidsplay.lt\/#\/schema\/logo\/image\/"},"sameAs":["https:\/\/www.facebook.com\/www.kidsplay.lt"]}]}},"_links":{"self":[{"href":"https:\/\/kidsplay.lt\/lv\/wp-json\/wp\/v2\/product\/20471","targetHints":{"allow":["GET"]}}],"collection":[{"href":"https:\/\/kidsplay.lt\/lv\/wp-json\/wp\/v2\/product"}],"about":[{"href":"https:\/\/kidsplay.lt\/lv\/wp-json\/wp\/v2\/types\/product"}],"version-history":[{"count":1,"href":"https:\/\/kidsplay.lt\/lv\/wp-json\/wp\/v2\/product\/20471\/revisions"}],"predecessor-version":[{"id":63683,"href":"https:\/\/kidsplay.lt\/lv\/wp-json\/wp\/v2\/product\/20471\/revisions\/63683"}],"wp:featuredmedia":[{"embeddable":true,"href":"https:\/\/kidsplay.lt\/lv\/wp-json\/wp\/v2\/media\/20673"}],"wp:attachment":[{"href":"https:\/\/kidsplay.lt\/lv\/wp-json\/wp\/v2\/media?parent=20471"}],"wp:term":[{"taxonomy":"product_brand","embeddable":true,"href":"https:\/\/kidsplay.lt\/lv\/wp-json\/wp\/v2\/product_brand?post=20471"},{"taxonomy":"product_cat","embeddable":true,"href":"https:\/\/kidsplay.lt\/lv\/wp-json\/wp\/v2\/product_cat?post=20471"},{"taxonomy":"product_tag","embeddable":true,"href":"https:\/\/kidsplay.lt\/lv\/wp-json\/wp\/v2\/product_tag?post=20471"}],"curies":[{"name":"wp","href":"https:\/\/api.w.org\/{rel}","templated":true}]}}