{"id":20660,"date":"2023-07-06T21:14:45","date_gmt":"2023-07-06T21:14:45","guid":{"rendered":"https:\/\/kidsplay.lt\/?post_type=product&#038;p=20660"},"modified":"2026-02-25T16:17:30","modified_gmt":"2026-02-25T14:17:30","slug":"edukacinis-kilimelis-namelis","status":"publish","type":"product","link":"https:\/\/kidsplay.lt\/lv\/products\/edukacinis-kilimelis-namelis\/","title":{"rendered":"Izgl\u012btojo\u0161ais pakl\u0101ji\u0146\u0161 &quot;M\u0101ja&quot;"},"content":{"rendered":"<p>Edukacinis kilim\u0117lis Namelis &#8211; lavinamasis kilim\u0117lis, kuris patrauks j\u016bs\u0173 vaiko \u017evilgsn\u012f. Viskas d\u0117l ry\u0161ki\u0173 spalv\u0173, gyv\u016bn\u0173 b\u016brio ir galimyb\u0117s kilim\u0117l\u012f paversti jaukiais namais. \u017daidimas ant kilim\u0117lio \u2013 puikus b\u016bdas sustiprinti pe\u010di\u0173, nugaros ir kaklo raumenis.<\/p>\n<p>I\u0161skleistas kilim\u0117lis suteikia daug vietos pramogoms, jo matmenys yra 142 x 142 x 45 cm.<\/p>\n<ul>\n<li>gaminio auk\u0161tis: 45 cm<\/li>\n<li>gaminio plotis: 45 cm<\/li>\n<li>gaminio gylis: 142 cm<\/li>\n<li>matmenys i\u0161skleidus: 142 x 142 x 45 cm<\/li>\n<\/ul>","protected":false},"excerpt":{"rendered":"<p>Edukacinis kilim\u0117lis Namelis &#8211; lavinamasis kilim\u0117lis, kuris patrauks j\u016bs\u0173 vaiko \u017evilgsn\u012f. Viskas d\u0117l ry\u0161ki\u0173 spalv\u0173, gyv\u016bn\u0173 b\u016brio ir galimyb\u0117s kilim\u0117l\u012f paversti jaukiais namais. \u017daidimas ant kilim\u0117lio \u2013 puikus b\u016bdas sustiprinti pe\u010di\u0173, nugaros ir kaklo raumenis.<\/p>","protected":false},"featured_media":20862,"template":"","meta":{"_acf_changed":false,"_glsr_average":0,"_glsr_ranking":0,"_glsr_reviews":0},"product_brand":[],"product_cat":[887],"product_tag":[],"class_list":{"0":"post-20660","1":"product","2":"type-product","3":"status-publish","4":"has-post-thumbnail","6":"product_cat-sensoriniai-kilimeliai-kudikiams","7":"\"style=\"background-color: #2ecc711c;\"","9":"first","10":"instock","11":"purchasable","12":"product-type-simple"},"acf":[],"yoast_head":"<!-- This site is optimized with the Yoast SEO plugin v27.4 - https:\/\/yoast.com\/product\/yoast-seo-wordpress\/ -->\n<title>Edukacinis kilim\u0117lis Namelis - KidsPlay<\/title>\n<meta name=\"description\" content=\"Edukacinis kilim\u0117lis Namelis - lavinamasis kilim\u0117lis, kuris patrauks j\u016bs\u0173 vaiko \u017evilgsn\u012f. Viskas d\u0117l ry\u0161ki\u0173 spalv\u0173.\" \/>\n<meta name=\"robots\" content=\"index, follow, max-snippet:-1, max-image-preview:large, max-video-preview:-1\" \/>\n<link rel=\"canonical\" href=\"https:\/\/kidsplay.lt\/lv\/products\/edukacinis-kilimelis-namelis\/\" \/>\n<meta property=\"og:locale\" content=\"lv_LV\" \/>\n<meta property=\"og:type\" content=\"article\" \/>\n<meta property=\"og:title\" content=\"Edukacinis kilim\u0117lis Namelis - KidsPlay\" \/>\n<meta property=\"og:description\" content=\"Edukacinis kilim\u0117lis Namelis - lavinamasis kilim\u0117lis, kuris patrauks j\u016bs\u0173 vaiko \u017evilgsn\u012f. Viskas d\u0117l ry\u0161ki\u0173 spalv\u0173.\" \/>\n<meta property=\"og:url\" content=\"https:\/\/kidsplay.lt\/lv\/products\/edukacinis-kilimelis-namelis\/\" \/>\n<meta property=\"og:site_name\" content=\"KidsPlay\" \/>\n<meta property=\"article:publisher\" content=\"https:\/\/www.facebook.com\/www.kidsplay.lt\" \/>\n<meta property=\"article:modified_time\" content=\"2026-02-25T14:17:30+00:00\" \/>\n<meta property=\"og:image\" content=\"https:\/\/kidsplay.lt\/wp-content\/uploads\/2023\/07\/Edukacinis-kilimelis-Namelis.jpg\" \/>\n\t<meta property=\"og:image:width\" content=\"1192\" \/>\n\t<meta property=\"og:image:height\" content=\"908\" \/>\n\t<meta property=\"og:image:type\" content=\"image\/jpeg\" \/>\n<meta name=\"twitter:card\" content=\"summary_large_image\" \/>\n<meta name=\"twitter:label1\" content=\"Est. reading time\" \/>\n\t<meta name=\"twitter:data1\" content=\"1 min\u016bte\" \/>\n<script type=\"application\/ld+json\" class=\"yoast-schema-graph\">{\"@context\":\"https:\\\/\\\/schema.org\",\"@graph\":[{\"@type\":\"WebPage\",\"@id\":\"https:\\\/\\\/kidsplay.lt\\\/produktas\\\/edukacinis-kilimelis-namelis\\\/\",\"url\":\"https:\\\/\\\/kidsplay.lt\\\/produktas\\\/edukacinis-kilimelis-namelis\\\/\",\"name\":\"Edukacinis kilim\u0117lis Namelis - KidsPlay\",\"isPartOf\":{\"@id\":\"https:\\\/\\\/kidsplay.lt\\\/#website\"},\"primaryImageOfPage\":{\"@id\":\"https:\\\/\\\/kidsplay.lt\\\/produktas\\\/edukacinis-kilimelis-namelis\\\/#primaryimage\"},\"image\":{\"@id\":\"https:\\\/\\\/kidsplay.lt\\\/produktas\\\/edukacinis-kilimelis-namelis\\\/#primaryimage\"},\"thumbnailUrl\":\"https:\\\/\\\/kidsplay.lt\\\/wp-content\\\/uploads\\\/2023\\\/07\\\/Edukacinis-kilimelis-Namelis.jpg\",\"datePublished\":\"2023-07-06T21:14:45+00:00\",\"dateModified\":\"2026-02-25T14:17:30+00:00\",\"description\":\"Edukacinis kilim\u0117lis Namelis - lavinamasis kilim\u0117lis, kuris patrauks j\u016bs\u0173 vaiko \u017evilgsn\u012f. Viskas d\u0117l ry\u0161ki\u0173 spalv\u0173.\",\"breadcrumb\":{\"@id\":\"https:\\\/\\\/kidsplay.lt\\\/produktas\\\/edukacinis-kilimelis-namelis\\\/#breadcrumb\"},\"inLanguage\":\"lv-LV\",\"potentialAction\":[{\"@type\":\"ReadAction\",\"target\":[\"https:\\\/\\\/kidsplay.lt\\\/produktas\\\/edukacinis-kilimelis-namelis\\\/\"]}]},{\"@type\":\"ImageObject\",\"inLanguage\":\"lv-LV\",\"@id\":\"https:\\\/\\\/kidsplay.lt\\\/produktas\\\/edukacinis-kilimelis-namelis\\\/#primaryimage\",\"url\":\"https:\\\/\\\/kidsplay.lt\\\/wp-content\\\/uploads\\\/2023\\\/07\\\/Edukacinis-kilimelis-Namelis.jpg\",\"contentUrl\":\"https:\\\/\\\/kidsplay.lt\\\/wp-content\\\/uploads\\\/2023\\\/07\\\/Edukacinis-kilimelis-Namelis.jpg\",\"width\":1192,\"height\":908},{\"@type\":\"BreadcrumbList\",\"@id\":\"https:\\\/\\\/kidsplay.lt\\\/produktas\\\/edukacinis-kilimelis-namelis\\\/#breadcrumb\",\"itemListElement\":[{\"@type\":\"ListItem\",\"position\":1,\"name\":\"Pagrindinis\",\"item\":\"https:\\\/\\\/kidsplay.lt\\\/\"},{\"@type\":\"ListItem\",\"position\":2,\"name\":\"Parduotuv\u0117\",\"item\":\"https:\\\/\\\/kidsplay.lt\\\/parduotuve\\\/\"},{\"@type\":\"ListItem\",\"position\":3,\"name\":\"Edukacinis kilim\u0117lis Namelis\"}]},{\"@type\":\"WebSite\",\"@id\":\"https:\\\/\\\/kidsplay.lt\\\/#website\",\"url\":\"https:\\\/\\\/kidsplay.lt\\\/\",\"name\":\"Kidsplay.lt\",\"description\":\"\u012evairios prek\u0117s vaikams\",\"publisher\":{\"@id\":\"https:\\\/\\\/kidsplay.lt\\\/#organization\"},\"alternateName\":\"Kidsplay\",\"potentialAction\":[{\"@type\":\"SearchAction\",\"target\":{\"@type\":\"EntryPoint\",\"urlTemplate\":\"https:\\\/\\\/kidsplay.lt\\\/?s={search_term_string}\"},\"query-input\":{\"@type\":\"PropertyValueSpecification\",\"valueRequired\":true,\"valueName\":\"search_term_string\"}}],\"inLanguage\":\"lv-LV\"},{\"@type\":\"Organization\",\"@id\":\"https:\\\/\\\/kidsplay.lt\\\/#organization\",\"name\":\"KidsPlay\",\"url\":\"https:\\\/\\\/kidsplay.lt\\\/\",\"logo\":{\"@type\":\"ImageObject\",\"inLanguage\":\"lv-LV\",\"@id\":\"https:\\\/\\\/kidsplay.lt\\\/#\\\/schema\\\/logo\\\/image\\\/\",\"url\":\"https:\\\/\\\/kidsplay.lt\\\/wp-content\\\/uploads\\\/2023\\\/07\\\/kidsplay-logo.png\",\"contentUrl\":\"https:\\\/\\\/kidsplay.lt\\\/wp-content\\\/uploads\\\/2023\\\/07\\\/kidsplay-logo.png\",\"width\":451,\"height\":98,\"caption\":\"KidsPlay\"},\"image\":{\"@id\":\"https:\\\/\\\/kidsplay.lt\\\/#\\\/schema\\\/logo\\\/image\\\/\"},\"sameAs\":[\"https:\\\/\\\/www.facebook.com\\\/www.kidsplay.lt\"]}]}<\/script>\n<!-- \/ Yoast SEO plugin. -->","yoast_head_json":{"title":"Edukacinis kilim\u0117lis Namelis - KidsPlay","description":"Edukacinis kilim\u0117lis Namelis - lavinamasis kilim\u0117lis, kuris patrauks j\u016bs\u0173 vaiko \u017evilgsn\u012f. Viskas d\u0117l ry\u0161ki\u0173 spalv\u0173.","robots":{"index":"index","follow":"follow","max-snippet":"max-snippet:-1","max-image-preview":"max-image-preview:large","max-video-preview":"max-video-preview:-1"},"canonical":"https:\/\/kidsplay.lt\/lv\/products\/edukacinis-kilimelis-namelis\/","og_locale":"lv_LV","og_type":"article","og_title":"Edukacinis kilim\u0117lis Namelis - KidsPlay","og_description":"Edukacinis kilim\u0117lis Namelis - lavinamasis kilim\u0117lis, kuris patrauks j\u016bs\u0173 vaiko \u017evilgsn\u012f. Viskas d\u0117l ry\u0161ki\u0173 spalv\u0173.","og_url":"https:\/\/kidsplay.lt\/lv\/products\/edukacinis-kilimelis-namelis\/","og_site_name":"KidsPlay","article_publisher":"https:\/\/www.facebook.com\/www.kidsplay.lt","article_modified_time":"2026-02-25T14:17:30+00:00","og_image":[{"width":1192,"height":908,"url":"https:\/\/kidsplay.lt\/wp-content\/uploads\/2023\/07\/Edukacinis-kilimelis-Namelis.jpg","type":"image\/jpeg"}],"twitter_card":"summary_large_image","twitter_misc":{"Est. reading time":"1 min\u016bte"},"schema":{"@context":"https:\/\/schema.org","@graph":[{"@type":"WebPage","@id":"https:\/\/kidsplay.lt\/produktas\/edukacinis-kilimelis-namelis\/","url":"https:\/\/kidsplay.lt\/produktas\/edukacinis-kilimelis-namelis\/","name":"Edukacinis kilim\u0117lis Namelis - KidsPlay","isPartOf":{"@id":"https:\/\/kidsplay.lt\/#website"},"primaryImageOfPage":{"@id":"https:\/\/kidsplay.lt\/produktas\/edukacinis-kilimelis-namelis\/#primaryimage"},"image":{"@id":"https:\/\/kidsplay.lt\/produktas\/edukacinis-kilimelis-namelis\/#primaryimage"},"thumbnailUrl":"https:\/\/kidsplay.lt\/wp-content\/uploads\/2023\/07\/Edukacinis-kilimelis-Namelis.jpg","datePublished":"2023-07-06T21:14:45+00:00","dateModified":"2026-02-25T14:17:30+00:00","description":"Edukacinis kilim\u0117lis Namelis - lavinamasis kilim\u0117lis, kuris patrauks j\u016bs\u0173 vaiko \u017evilgsn\u012f. Viskas d\u0117l ry\u0161ki\u0173 spalv\u0173.","breadcrumb":{"@id":"https:\/\/kidsplay.lt\/produktas\/edukacinis-kilimelis-namelis\/#breadcrumb"},"inLanguage":"lv-LV","potentialAction":[{"@type":"ReadAction","target":["https:\/\/kidsplay.lt\/produktas\/edukacinis-kilimelis-namelis\/"]}]},{"@type":"ImageObject","inLanguage":"lv-LV","@id":"https:\/\/kidsplay.lt\/produktas\/edukacinis-kilimelis-namelis\/#primaryimage","url":"https:\/\/kidsplay.lt\/wp-content\/uploads\/2023\/07\/Edukacinis-kilimelis-Namelis.jpg","contentUrl":"https:\/\/kidsplay.lt\/wp-content\/uploads\/2023\/07\/Edukacinis-kilimelis-Namelis.jpg","width":1192,"height":908},{"@type":"BreadcrumbList","@id":"https:\/\/kidsplay.lt\/produktas\/edukacinis-kilimelis-namelis\/#breadcrumb","itemListElement":[{"@type":"ListItem","position":1,"name":"Pagrindinis","item":"https:\/\/kidsplay.lt\/"},{"@type":"ListItem","position":2,"name":"Parduotuv\u0117","item":"https:\/\/kidsplay.lt\/parduotuve\/"},{"@type":"ListItem","position":3,"name":"Edukacinis kilim\u0117lis Namelis"}]},{"@type":"WebSite","@id":"https:\/\/kidsplay.lt\/#website","url":"https:\/\/kidsplay.lt\/","name":"B\u0113rnu sp\u0113les.lv","description":"\u012evairios prek\u0117s vaikams","publisher":{"@id":"https:\/\/kidsplay.lt\/#organization"},"alternateName":"Kidsplay","potentialAction":[{"@type":"SearchAction","target":{"@type":"EntryPoint","urlTemplate":"https:\/\/kidsplay.lt\/?s={search_term_string}"},"query-input":{"@type":"PropertyValueSpecification","valueRequired":true,"valueName":"search_term_string"}}],"inLanguage":"lv-LV"},{"@type":"Organization","@id":"https:\/\/kidsplay.lt\/#organization","name":"B\u0113rnu sp\u0113le","url":"https:\/\/kidsplay.lt\/","logo":{"@type":"ImageObject","inLanguage":"lv-LV","@id":"https:\/\/kidsplay.lt\/#\/schema\/logo\/image\/","url":"https:\/\/kidsplay.lt\/wp-content\/uploads\/2023\/07\/kidsplay-logo.png","contentUrl":"https:\/\/kidsplay.lt\/wp-content\/uploads\/2023\/07\/kidsplay-logo.png","width":451,"height":98,"caption":"KidsPlay"},"image":{"@id":"https:\/\/kidsplay.lt\/#\/schema\/logo\/image\/"},"sameAs":["https:\/\/www.facebook.com\/www.kidsplay.lt"]}]}},"_links":{"self":[{"href":"https:\/\/kidsplay.lt\/lv\/wp-json\/wp\/v2\/product\/20660","targetHints":{"allow":["GET"]}}],"collection":[{"href":"https:\/\/kidsplay.lt\/lv\/wp-json\/wp\/v2\/product"}],"about":[{"href":"https:\/\/kidsplay.lt\/lv\/wp-json\/wp\/v2\/types\/product"}],"version-history":[{"count":1,"href":"https:\/\/kidsplay.lt\/lv\/wp-json\/wp\/v2\/product\/20660\/revisions"}],"predecessor-version":[{"id":63686,"href":"https:\/\/kidsplay.lt\/lv\/wp-json\/wp\/v2\/product\/20660\/revisions\/63686"}],"wp:featuredmedia":[{"embeddable":true,"href":"https:\/\/kidsplay.lt\/lv\/wp-json\/wp\/v2\/media\/20862"}],"wp:attachment":[{"href":"https:\/\/kidsplay.lt\/lv\/wp-json\/wp\/v2\/media?parent=20660"}],"wp:term":[{"taxonomy":"product_brand","embeddable":true,"href":"https:\/\/kidsplay.lt\/lv\/wp-json\/wp\/v2\/product_brand?post=20660"},{"taxonomy":"product_cat","embeddable":true,"href":"https:\/\/kidsplay.lt\/lv\/wp-json\/wp\/v2\/product_cat?post=20660"},{"taxonomy":"product_tag","embeddable":true,"href":"https:\/\/kidsplay.lt\/lv\/wp-json\/wp\/v2\/product_tag?post=20660"}],"curies":[{"name":"wp","href":"https:\/\/api.w.org\/{rel}","templated":true}]}}