{"id":21190,"date":"2023-07-06T21:22:46","date_gmt":"2023-07-06T21:22:46","guid":{"rendered":"https:\/\/kidsplay.lt\/?post_type=product&#038;p=21190"},"modified":"2026-04-19T10:00:40","modified_gmt":"2026-04-19T07:00:40","slug":"sodo-zaidimu-namelis","status":"publish","type":"product","link":"https:\/\/kidsplay.lt\/lv\/products\/sodo-zaidimu-namelis\/","title":{"rendered":"D\u0101rza rota\u013cu m\u0101ji\u0146a"},"content":{"rendered":"<p>Sodo \u017eaidim\u0173 namelis gra\u017eus, spalvingas ir erdvus namelis bus puiki vieta vaikams \u017eaisti. Puikiai tinka namams ir sodui. Tinka grupiniams \u017eaidimams, lavina vaiko fizin\u012f pasirengim\u0105. Tobulas \u017eaislas J\u016bs\u0173 vaikams!<\/p>\n<p>Namelyje yra atidaromi langai ir durys, vazonai, kuriuose galima sodinti g\u0117les. Komplekte yra 21 sodo reikmenys (gr\u0117bliai, mentel\u0117, laistytuvas, vazonai, \u017eenkleliai g\u0117l\u0117ms sura\u0161yti). Ant namo sienos yra dekoratyvinis tinklelis ant kurio galima pritvirtinti 4 vazonus. Ant dekoratyvinio tinklelio yra ir lesykl\u0117l\u0117, kur galima pripilti vandens pauk\u0161\u010diukams. Lietaus vamzdis su rezervuaru leis vaikui gauti vandens i\u0161 lietaus, o tada, naudojant laistytuv\u0105, laistyti augalus. Anti-UV danga \u2013 nekei\u010dia spalvos veikiant saul\u0117s spinduliams!<\/p>\n<ul>\n<li>Gaminio matmenys: 132 x 135 x 128,5 (cm)<\/li>\n<li>Pakuot\u0117s matmenys: 120 x 50 x 92 (cm)<\/li>\n<\/ul>","protected":false},"excerpt":{"rendered":"<p>Sodo \u017eaidim\u0173 namelis gra\u017eus, spalvingas ir erdvus namelis bus puiki vieta vaikams \u017eaisti. Puikiai tinka namams ir sodui. Tinka grupiniams \u017eaidimams, lavina vaiko fizin\u012f pasirengim\u0105. Tobulas \u017eaislas J\u016bs\u0173 vaikams!<\/p>","protected":false},"featured_media":21225,"template":"","meta":{"_acf_changed":false,"_glsr_average":0,"_glsr_ranking":0,"_glsr_reviews":0},"product_brand":[],"product_cat":[233,234],"product_tag":[316],"class_list":{"0":"post-21190","1":"product","2":"type-product","3":"status-publish","4":"has-post-thumbnail","6":"product_cat-lauko-pramogos","7":"product_cat-vaikiski-nameliai","8":"product_tag-zaidimu-nameliai","9":"\"style=\"background-color: #2ecc711c;\"","11":"first","12":"instock","13":"shipping-taxable","14":"purchasable","15":"product-type-simple"},"acf":[],"yoast_head":"<!-- This site is optimized with the Yoast SEO plugin v27.4 - https:\/\/yoast.com\/product\/yoast-seo-wordpress\/ -->\n<title>Sodo \u017eaidim\u0173 namelis - KidsPlay<\/title>\n<meta name=\"description\" content=\"Sodo \u017eaidim\u0173 namelis gra\u017eus, spalvingas ir erdvus namelis bus puiki vieta vaikams \u017eaisti. Puikiai tinka namams ir sodui.\" \/>\n<meta name=\"robots\" content=\"index, follow, max-snippet:-1, max-image-preview:large, max-video-preview:-1\" \/>\n<link rel=\"canonical\" href=\"https:\/\/kidsplay.lt\/lv\/products\/sodo-zaidimu-namelis\/\" \/>\n<meta property=\"og:locale\" content=\"lv_LV\" \/>\n<meta property=\"og:type\" content=\"article\" \/>\n<meta property=\"og:title\" content=\"Sodo \u017eaidim\u0173 namelis - KidsPlay\" \/>\n<meta property=\"og:description\" content=\"Sodo \u017eaidim\u0173 namelis gra\u017eus, spalvingas ir erdvus namelis bus puiki vieta vaikams \u017eaisti. Puikiai tinka namams ir sodui.\" \/>\n<meta property=\"og:url\" content=\"https:\/\/kidsplay.lt\/lv\/products\/sodo-zaidimu-namelis\/\" \/>\n<meta property=\"og:site_name\" content=\"KidsPlay\" \/>\n<meta property=\"article:publisher\" content=\"https:\/\/www.facebook.com\/www.kidsplay.lt\" \/>\n<meta property=\"article:modified_time\" content=\"2026-04-19T07:00:40+00:00\" \/>\n<meta property=\"og:image\" content=\"https:\/\/kidsplay.lt\/wp-content\/uploads\/2023\/07\/Sodo-zaidimu-namelis.jpg\" \/>\n\t<meta property=\"og:image:width\" content=\"720\" \/>\n\t<meta property=\"og:image:height\" content=\"720\" \/>\n\t<meta property=\"og:image:type\" content=\"image\/jpeg\" \/>\n<meta name=\"twitter:card\" content=\"summary_large_image\" \/>\n<meta name=\"twitter:label1\" content=\"Est. reading time\" \/>\n\t<meta name=\"twitter:data1\" content=\"1 min\u016bte\" \/>\n<script type=\"application\/ld+json\" class=\"yoast-schema-graph\">{\"@context\":\"https:\\\/\\\/schema.org\",\"@graph\":[{\"@type\":\"WebPage\",\"@id\":\"https:\\\/\\\/kidsplay.lt\\\/produktas\\\/sodo-zaidimu-namelis\\\/\",\"url\":\"https:\\\/\\\/kidsplay.lt\\\/produktas\\\/sodo-zaidimu-namelis\\\/\",\"name\":\"Sodo \u017eaidim\u0173 namelis - KidsPlay\",\"isPartOf\":{\"@id\":\"https:\\\/\\\/kidsplay.lt\\\/#website\"},\"primaryImageOfPage\":{\"@id\":\"https:\\\/\\\/kidsplay.lt\\\/produktas\\\/sodo-zaidimu-namelis\\\/#primaryimage\"},\"image\":{\"@id\":\"https:\\\/\\\/kidsplay.lt\\\/produktas\\\/sodo-zaidimu-namelis\\\/#primaryimage\"},\"thumbnailUrl\":\"https:\\\/\\\/kidsplay.lt\\\/wp-content\\\/uploads\\\/2023\\\/07\\\/Sodo-zaidimu-namelis.jpg\",\"datePublished\":\"2023-07-06T21:22:46+00:00\",\"dateModified\":\"2026-04-19T07:00:40+00:00\",\"description\":\"Sodo \u017eaidim\u0173 namelis gra\u017eus, spalvingas ir erdvus namelis bus puiki vieta vaikams \u017eaisti. Puikiai tinka namams ir sodui.\",\"breadcrumb\":{\"@id\":\"https:\\\/\\\/kidsplay.lt\\\/produktas\\\/sodo-zaidimu-namelis\\\/#breadcrumb\"},\"inLanguage\":\"lv-LV\",\"potentialAction\":[{\"@type\":\"ReadAction\",\"target\":[\"https:\\\/\\\/kidsplay.lt\\\/produktas\\\/sodo-zaidimu-namelis\\\/\"]}]},{\"@type\":\"ImageObject\",\"inLanguage\":\"lv-LV\",\"@id\":\"https:\\\/\\\/kidsplay.lt\\\/produktas\\\/sodo-zaidimu-namelis\\\/#primaryimage\",\"url\":\"https:\\\/\\\/kidsplay.lt\\\/wp-content\\\/uploads\\\/2023\\\/07\\\/Sodo-zaidimu-namelis.jpg\",\"contentUrl\":\"https:\\\/\\\/kidsplay.lt\\\/wp-content\\\/uploads\\\/2023\\\/07\\\/Sodo-zaidimu-namelis.jpg\",\"width\":720,\"height\":720},{\"@type\":\"BreadcrumbList\",\"@id\":\"https:\\\/\\\/kidsplay.lt\\\/produktas\\\/sodo-zaidimu-namelis\\\/#breadcrumb\",\"itemListElement\":[{\"@type\":\"ListItem\",\"position\":1,\"name\":\"Pagrindinis\",\"item\":\"https:\\\/\\\/kidsplay.lt\\\/\"},{\"@type\":\"ListItem\",\"position\":2,\"name\":\"Parduotuv\u0117\",\"item\":\"https:\\\/\\\/kidsplay.lt\\\/parduotuve\\\/\"},{\"@type\":\"ListItem\",\"position\":3,\"name\":\"Sodo \u017eaidim\u0173 namelis\"}]},{\"@type\":\"WebSite\",\"@id\":\"https:\\\/\\\/kidsplay.lt\\\/#website\",\"url\":\"https:\\\/\\\/kidsplay.lt\\\/\",\"name\":\"Kidsplay.lt\",\"description\":\"\u012evairios prek\u0117s vaikams\",\"publisher\":{\"@id\":\"https:\\\/\\\/kidsplay.lt\\\/#organization\"},\"alternateName\":\"Kidsplay\",\"potentialAction\":[{\"@type\":\"SearchAction\",\"target\":{\"@type\":\"EntryPoint\",\"urlTemplate\":\"https:\\\/\\\/kidsplay.lt\\\/?s={search_term_string}\"},\"query-input\":{\"@type\":\"PropertyValueSpecification\",\"valueRequired\":true,\"valueName\":\"search_term_string\"}}],\"inLanguage\":\"lv-LV\"},{\"@type\":\"Organization\",\"@id\":\"https:\\\/\\\/kidsplay.lt\\\/#organization\",\"name\":\"KidsPlay\",\"url\":\"https:\\\/\\\/kidsplay.lt\\\/\",\"logo\":{\"@type\":\"ImageObject\",\"inLanguage\":\"lv-LV\",\"@id\":\"https:\\\/\\\/kidsplay.lt\\\/#\\\/schema\\\/logo\\\/image\\\/\",\"url\":\"https:\\\/\\\/kidsplay.lt\\\/wp-content\\\/uploads\\\/2023\\\/07\\\/kidsplay-logo.png\",\"contentUrl\":\"https:\\\/\\\/kidsplay.lt\\\/wp-content\\\/uploads\\\/2023\\\/07\\\/kidsplay-logo.png\",\"width\":451,\"height\":98,\"caption\":\"KidsPlay\"},\"image\":{\"@id\":\"https:\\\/\\\/kidsplay.lt\\\/#\\\/schema\\\/logo\\\/image\\\/\"},\"sameAs\":[\"https:\\\/\\\/www.facebook.com\\\/www.kidsplay.lt\"]}]}<\/script>\n<!-- \/ Yoast SEO plugin. -->","yoast_head_json":{"title":"Sodo \u017eaidim\u0173 namelis - KidsPlay","description":"Sodo \u017eaidim\u0173 namelis gra\u017eus, spalvingas ir erdvus namelis bus puiki vieta vaikams \u017eaisti. Puikiai tinka namams ir sodui.","robots":{"index":"index","follow":"follow","max-snippet":"max-snippet:-1","max-image-preview":"max-image-preview:large","max-video-preview":"max-video-preview:-1"},"canonical":"https:\/\/kidsplay.lt\/lv\/products\/sodo-zaidimu-namelis\/","og_locale":"lv_LV","og_type":"article","og_title":"Sodo \u017eaidim\u0173 namelis - KidsPlay","og_description":"Sodo \u017eaidim\u0173 namelis gra\u017eus, spalvingas ir erdvus namelis bus puiki vieta vaikams \u017eaisti. Puikiai tinka namams ir sodui.","og_url":"https:\/\/kidsplay.lt\/lv\/products\/sodo-zaidimu-namelis\/","og_site_name":"KidsPlay","article_publisher":"https:\/\/www.facebook.com\/www.kidsplay.lt","article_modified_time":"2026-04-19T07:00:40+00:00","og_image":[{"width":720,"height":720,"url":"https:\/\/kidsplay.lt\/wp-content\/uploads\/2023\/07\/Sodo-zaidimu-namelis.jpg","type":"image\/jpeg"}],"twitter_card":"summary_large_image","twitter_misc":{"Est. reading time":"1 min\u016bte"},"schema":{"@context":"https:\/\/schema.org","@graph":[{"@type":"WebPage","@id":"https:\/\/kidsplay.lt\/produktas\/sodo-zaidimu-namelis\/","url":"https:\/\/kidsplay.lt\/produktas\/sodo-zaidimu-namelis\/","name":"Sodo \u017eaidim\u0173 namelis - KidsPlay","isPartOf":{"@id":"https:\/\/kidsplay.lt\/#website"},"primaryImageOfPage":{"@id":"https:\/\/kidsplay.lt\/produktas\/sodo-zaidimu-namelis\/#primaryimage"},"image":{"@id":"https:\/\/kidsplay.lt\/produktas\/sodo-zaidimu-namelis\/#primaryimage"},"thumbnailUrl":"https:\/\/kidsplay.lt\/wp-content\/uploads\/2023\/07\/Sodo-zaidimu-namelis.jpg","datePublished":"2023-07-06T21:22:46+00:00","dateModified":"2026-04-19T07:00:40+00:00","description":"Sodo \u017eaidim\u0173 namelis gra\u017eus, spalvingas ir erdvus namelis bus puiki vieta vaikams \u017eaisti. Puikiai tinka namams ir sodui.","breadcrumb":{"@id":"https:\/\/kidsplay.lt\/produktas\/sodo-zaidimu-namelis\/#breadcrumb"},"inLanguage":"lv-LV","potentialAction":[{"@type":"ReadAction","target":["https:\/\/kidsplay.lt\/produktas\/sodo-zaidimu-namelis\/"]}]},{"@type":"ImageObject","inLanguage":"lv-LV","@id":"https:\/\/kidsplay.lt\/produktas\/sodo-zaidimu-namelis\/#primaryimage","url":"https:\/\/kidsplay.lt\/wp-content\/uploads\/2023\/07\/Sodo-zaidimu-namelis.jpg","contentUrl":"https:\/\/kidsplay.lt\/wp-content\/uploads\/2023\/07\/Sodo-zaidimu-namelis.jpg","width":720,"height":720},{"@type":"BreadcrumbList","@id":"https:\/\/kidsplay.lt\/produktas\/sodo-zaidimu-namelis\/#breadcrumb","itemListElement":[{"@type":"ListItem","position":1,"name":"Pagrindinis","item":"https:\/\/kidsplay.lt\/"},{"@type":"ListItem","position":2,"name":"Parduotuv\u0117","item":"https:\/\/kidsplay.lt\/parduotuve\/"},{"@type":"ListItem","position":3,"name":"Sodo \u017eaidim\u0173 namelis"}]},{"@type":"WebSite","@id":"https:\/\/kidsplay.lt\/#website","url":"https:\/\/kidsplay.lt\/","name":"B\u0113rnu sp\u0113les.lv","description":"\u012evairios prek\u0117s vaikams","publisher":{"@id":"https:\/\/kidsplay.lt\/#organization"},"alternateName":"Kidsplay","potentialAction":[{"@type":"SearchAction","target":{"@type":"EntryPoint","urlTemplate":"https:\/\/kidsplay.lt\/?s={search_term_string}"},"query-input":{"@type":"PropertyValueSpecification","valueRequired":true,"valueName":"search_term_string"}}],"inLanguage":"lv-LV"},{"@type":"Organization","@id":"https:\/\/kidsplay.lt\/#organization","name":"B\u0113rnu sp\u0113le","url":"https:\/\/kidsplay.lt\/","logo":{"@type":"ImageObject","inLanguage":"lv-LV","@id":"https:\/\/kidsplay.lt\/#\/schema\/logo\/image\/","url":"https:\/\/kidsplay.lt\/wp-content\/uploads\/2023\/07\/kidsplay-logo.png","contentUrl":"https:\/\/kidsplay.lt\/wp-content\/uploads\/2023\/07\/kidsplay-logo.png","width":451,"height":98,"caption":"KidsPlay"},"image":{"@id":"https:\/\/kidsplay.lt\/#\/schema\/logo\/image\/"},"sameAs":["https:\/\/www.facebook.com\/www.kidsplay.lt"]}]}},"_links":{"self":[{"href":"https:\/\/kidsplay.lt\/lv\/wp-json\/wp\/v2\/product\/21190","targetHints":{"allow":["GET"]}}],"collection":[{"href":"https:\/\/kidsplay.lt\/lv\/wp-json\/wp\/v2\/product"}],"about":[{"href":"https:\/\/kidsplay.lt\/lv\/wp-json\/wp\/v2\/types\/product"}],"version-history":[{"count":1,"href":"https:\/\/kidsplay.lt\/lv\/wp-json\/wp\/v2\/product\/21190\/revisions"}],"predecessor-version":[{"id":63691,"href":"https:\/\/kidsplay.lt\/lv\/wp-json\/wp\/v2\/product\/21190\/revisions\/63691"}],"wp:featuredmedia":[{"embeddable":true,"href":"https:\/\/kidsplay.lt\/lv\/wp-json\/wp\/v2\/media\/21225"}],"wp:attachment":[{"href":"https:\/\/kidsplay.lt\/lv\/wp-json\/wp\/v2\/media?parent=21190"}],"wp:term":[{"taxonomy":"product_brand","embeddable":true,"href":"https:\/\/kidsplay.lt\/lv\/wp-json\/wp\/v2\/product_brand?post=21190"},{"taxonomy":"product_cat","embeddable":true,"href":"https:\/\/kidsplay.lt\/lv\/wp-json\/wp\/v2\/product_cat?post=21190"},{"taxonomy":"product_tag","embeddable":true,"href":"https:\/\/kidsplay.lt\/lv\/wp-json\/wp\/v2\/product_tag?post=21190"}],"curies":[{"name":"wp","href":"https:\/\/api.w.org\/{rel}","templated":true}]}}