{"id":21489,"date":"2023-07-06T21:26:44","date_gmt":"2023-07-06T21:26:44","guid":{"rendered":"https:\/\/kidsplay.lt\/?post_type=product&#038;p=21489"},"modified":"2025-12-23T21:45:46","modified_gmt":"2025-12-23T19:45:46","slug":"vaikiskas-dviratukas-mexller-16-coliu","status":"publish","type":"product","link":"https:\/\/kidsplay.lt\/lv\/products\/vaikiskas-dviratukas-mexller-16-coliu\/","title":{"rendered":"Vaiki\u0161kas dviratukas Mexller 16 coli\u0173"},"content":{"rendered":"<p>Vaiki\u0161kas dviratukas Mexller 16 coli\u0173 skirtas vaikams nuo 4 iki 7 met\u0173. Dviratis pagamintas i\u0161 auk\u0161tos kokyb\u0117s komponent\u0173. Efektyvus dizainas ir d\u0117mesys detal\u0117ms neabejotinai yra \u0161io dvira\u010dio privalumai. Vaiko patogumui vairas yra reguliuojamo auk\u0161\u010dio ir kampo. S\u0117dyn\u0117 taip pat yra reguliuojamo auk\u0161\u010dio. Dviratis apr\u016bpintas reikalingais mokymuisi va\u017eiuoti priedais, \u0161oniniais ratais ir st\u016bmimo rankena.<\/p>","protected":false},"excerpt":{"rendered":"<p>Vaiki\u0161kas dviratukas Mexller 16 coli\u0173 skirtas vaikams nuo 4 iki 7 met\u0173. Dviratis pagamintas i\u0161 auk\u0161tos kokyb\u0117s komponent\u0173. Efektyvus dizainas ir d\u0117mesys detal\u0117ms neabejotinai yra \u0161io dvira\u010dio privalumai.<\/p>","protected":false},"featured_media":21641,"template":"","meta":{"_acf_changed":false,"_glsr_average":0,"_glsr_ranking":0,"_glsr_reviews":0},"product_brand":[],"product_cat":[245,237],"product_tag":[317],"class_list":{"0":"post-21489","1":"product","2":"type-product","3":"status-publish","4":"has-post-thumbnail","6":"product_cat-dviratukai","7":"product_cat-judejimo-priemones","8":"product_tag-vaikiskas-dviratukas","9":"\"style=\"background-color: #2ecc711c;\"","11":"first","12":"instock","13":"shipping-taxable","14":"purchasable","15":"product-type-variable"},"acf":[],"yoast_head":"<!-- This site is optimized with the Yoast SEO plugin v27.3 - https:\/\/yoast.com\/product\/yoast-seo-wordpress\/ -->\n<title>Vaiki\u0161kas dviratukas Mexller 16 coli\u0173 - KidsPlay<\/title>\n<meta name=\"description\" content=\"Vaiki\u0161kas dviratukas Mexller 16 coli\u0173 skirtas vaikams nuo 4 iki 7 met\u0173. Dviratis pagamintas i\u0161 auk\u0161tos kokyb\u0117s komponent\u0173.\" \/>\n<meta name=\"robots\" content=\"index, follow, max-snippet:-1, max-image-preview:large, max-video-preview:-1\" \/>\n<link rel=\"canonical\" href=\"https:\/\/kidsplay.lt\/lv\/products\/vaikiskas-dviratukas-mexller-16-coliu\/\" \/>\n<meta property=\"og:locale\" content=\"lv_LV\" \/>\n<meta property=\"og:type\" content=\"article\" \/>\n<meta property=\"og:title\" content=\"Vaiki\u0161kas dviratukas Mexller 16 coli\u0173 - KidsPlay\" \/>\n<meta property=\"og:description\" content=\"Vaiki\u0161kas dviratukas Mexller 16 coli\u0173 skirtas vaikams nuo 4 iki 7 met\u0173. Dviratis pagamintas i\u0161 auk\u0161tos kokyb\u0117s komponent\u0173.\" \/>\n<meta property=\"og:url\" content=\"https:\/\/kidsplay.lt\/lv\/products\/vaikiskas-dviratukas-mexller-16-coliu\/\" \/>\n<meta property=\"og:site_name\" content=\"KidsPlay\" \/>\n<meta property=\"article:publisher\" content=\"https:\/\/www.facebook.com\/www.kidsplay.lt\" \/>\n<meta property=\"article:modified_time\" content=\"2025-12-23T19:45:46+00:00\" \/>\n<meta property=\"og:image\" content=\"https:\/\/kidsplay.lt\/wp-content\/uploads\/2023\/07\/Vaikiskas-dviratukas-Mexller1.jpg\" \/>\n\t<meta property=\"og:image:width\" content=\"2560\" \/>\n\t<meta property=\"og:image:height\" content=\"1707\" \/>\n\t<meta property=\"og:image:type\" content=\"image\/jpeg\" \/>\n<meta name=\"twitter:card\" content=\"summary_large_image\" \/>\n<meta name=\"twitter:label1\" content=\"Est. reading time\" \/>\n\t<meta name=\"twitter:data1\" content=\"1 min\u016bte\" \/>\n<script type=\"application\/ld+json\" class=\"yoast-schema-graph\">{\"@context\":\"https:\\\/\\\/schema.org\",\"@graph\":[{\"@type\":\"WebPage\",\"@id\":\"https:\\\/\\\/kidsplay.lt\\\/produktas\\\/vaikiskas-dviratukas-mexller-16-coliu\\\/\",\"url\":\"https:\\\/\\\/kidsplay.lt\\\/produktas\\\/vaikiskas-dviratukas-mexller-16-coliu\\\/\",\"name\":\"Vaiki\u0161kas dviratukas Mexller 16 coli\u0173 - KidsPlay\",\"isPartOf\":{\"@id\":\"https:\\\/\\\/kidsplay.lt\\\/#website\"},\"primaryImageOfPage\":{\"@id\":\"https:\\\/\\\/kidsplay.lt\\\/produktas\\\/vaikiskas-dviratukas-mexller-16-coliu\\\/#primaryimage\"},\"image\":{\"@id\":\"https:\\\/\\\/kidsplay.lt\\\/produktas\\\/vaikiskas-dviratukas-mexller-16-coliu\\\/#primaryimage\"},\"thumbnailUrl\":\"https:\\\/\\\/kidsplay.lt\\\/wp-content\\\/uploads\\\/2023\\\/07\\\/Vaikiskas-dviratukas-Mexller1.jpg\",\"datePublished\":\"2023-07-06T21:26:44+00:00\",\"dateModified\":\"2025-12-23T19:45:46+00:00\",\"description\":\"Vaiki\u0161kas dviratukas Mexller 16 coli\u0173 skirtas vaikams nuo 4 iki 7 met\u0173. Dviratis pagamintas i\u0161 auk\u0161tos kokyb\u0117s komponent\u0173.\",\"breadcrumb\":{\"@id\":\"https:\\\/\\\/kidsplay.lt\\\/produktas\\\/vaikiskas-dviratukas-mexller-16-coliu\\\/#breadcrumb\"},\"inLanguage\":\"lv-LV\",\"potentialAction\":[{\"@type\":\"ReadAction\",\"target\":[\"https:\\\/\\\/kidsplay.lt\\\/produktas\\\/vaikiskas-dviratukas-mexller-16-coliu\\\/\"]}]},{\"@type\":\"ImageObject\",\"inLanguage\":\"lv-LV\",\"@id\":\"https:\\\/\\\/kidsplay.lt\\\/produktas\\\/vaikiskas-dviratukas-mexller-16-coliu\\\/#primaryimage\",\"url\":\"https:\\\/\\\/kidsplay.lt\\\/wp-content\\\/uploads\\\/2023\\\/07\\\/Vaikiskas-dviratukas-Mexller1.jpg\",\"contentUrl\":\"https:\\\/\\\/kidsplay.lt\\\/wp-content\\\/uploads\\\/2023\\\/07\\\/Vaikiskas-dviratukas-Mexller1.jpg\",\"width\":2560,\"height\":1707},{\"@type\":\"BreadcrumbList\",\"@id\":\"https:\\\/\\\/kidsplay.lt\\\/produktas\\\/vaikiskas-dviratukas-mexller-16-coliu\\\/#breadcrumb\",\"itemListElement\":[{\"@type\":\"ListItem\",\"position\":1,\"name\":\"Pagrindinis\",\"item\":\"https:\\\/\\\/kidsplay.lt\\\/\"},{\"@type\":\"ListItem\",\"position\":2,\"name\":\"Parduotuv\u0117\",\"item\":\"https:\\\/\\\/kidsplay.lt\\\/parduotuve\\\/\"},{\"@type\":\"ListItem\",\"position\":3,\"name\":\"Vaiki\u0161kas dviratukas Mexller 16 coli\u0173\"}]},{\"@type\":\"WebSite\",\"@id\":\"https:\\\/\\\/kidsplay.lt\\\/#website\",\"url\":\"https:\\\/\\\/kidsplay.lt\\\/\",\"name\":\"Kidsplay.lt\",\"description\":\"\u012evairios prek\u0117s vaikams\",\"publisher\":{\"@id\":\"https:\\\/\\\/kidsplay.lt\\\/#organization\"},\"alternateName\":\"Kidsplay\",\"potentialAction\":[{\"@type\":\"SearchAction\",\"target\":{\"@type\":\"EntryPoint\",\"urlTemplate\":\"https:\\\/\\\/kidsplay.lt\\\/?s={search_term_string}\"},\"query-input\":{\"@type\":\"PropertyValueSpecification\",\"valueRequired\":true,\"valueName\":\"search_term_string\"}}],\"inLanguage\":\"lv-LV\"},{\"@type\":\"Organization\",\"@id\":\"https:\\\/\\\/kidsplay.lt\\\/#organization\",\"name\":\"KidsPlay\",\"url\":\"https:\\\/\\\/kidsplay.lt\\\/\",\"logo\":{\"@type\":\"ImageObject\",\"inLanguage\":\"lv-LV\",\"@id\":\"https:\\\/\\\/kidsplay.lt\\\/#\\\/schema\\\/logo\\\/image\\\/\",\"url\":\"https:\\\/\\\/kidsplay.lt\\\/wp-content\\\/uploads\\\/2023\\\/07\\\/kidsplay-logo.png\",\"contentUrl\":\"https:\\\/\\\/kidsplay.lt\\\/wp-content\\\/uploads\\\/2023\\\/07\\\/kidsplay-logo.png\",\"width\":451,\"height\":98,\"caption\":\"KidsPlay\"},\"image\":{\"@id\":\"https:\\\/\\\/kidsplay.lt\\\/#\\\/schema\\\/logo\\\/image\\\/\"},\"sameAs\":[\"https:\\\/\\\/www.facebook.com\\\/www.kidsplay.lt\"]}]}<\/script>\n<!-- \/ Yoast SEO plugin. -->","yoast_head_json":{"title":"Vaiki\u0161kas dviratukas Mexller 16 coli\u0173 - KidsPlay","description":"Vaiki\u0161kas dviratukas Mexller 16 coli\u0173 skirtas vaikams nuo 4 iki 7 met\u0173. Dviratis pagamintas i\u0161 auk\u0161tos kokyb\u0117s komponent\u0173.","robots":{"index":"index","follow":"follow","max-snippet":"max-snippet:-1","max-image-preview":"max-image-preview:large","max-video-preview":"max-video-preview:-1"},"canonical":"https:\/\/kidsplay.lt\/lv\/products\/vaikiskas-dviratukas-mexller-16-coliu\/","og_locale":"lv_LV","og_type":"article","og_title":"Vaiki\u0161kas dviratukas Mexller 16 coli\u0173 - KidsPlay","og_description":"Vaiki\u0161kas dviratukas Mexller 16 coli\u0173 skirtas vaikams nuo 4 iki 7 met\u0173. Dviratis pagamintas i\u0161 auk\u0161tos kokyb\u0117s komponent\u0173.","og_url":"https:\/\/kidsplay.lt\/lv\/products\/vaikiskas-dviratukas-mexller-16-coliu\/","og_site_name":"KidsPlay","article_publisher":"https:\/\/www.facebook.com\/www.kidsplay.lt","article_modified_time":"2025-12-23T19:45:46+00:00","og_image":[{"width":2560,"height":1707,"url":"https:\/\/kidsplay.lt\/wp-content\/uploads\/2023\/07\/Vaikiskas-dviratukas-Mexller1.jpg","type":"image\/jpeg"}],"twitter_card":"summary_large_image","twitter_misc":{"Est. reading time":"1 min\u016bte"},"schema":{"@context":"https:\/\/schema.org","@graph":[{"@type":"WebPage","@id":"https:\/\/kidsplay.lt\/produktas\/vaikiskas-dviratukas-mexller-16-coliu\/","url":"https:\/\/kidsplay.lt\/produktas\/vaikiskas-dviratukas-mexller-16-coliu\/","name":"Vaiki\u0161kas dviratukas Mexller 16 coli\u0173 - KidsPlay","isPartOf":{"@id":"https:\/\/kidsplay.lt\/#website"},"primaryImageOfPage":{"@id":"https:\/\/kidsplay.lt\/produktas\/vaikiskas-dviratukas-mexller-16-coliu\/#primaryimage"},"image":{"@id":"https:\/\/kidsplay.lt\/produktas\/vaikiskas-dviratukas-mexller-16-coliu\/#primaryimage"},"thumbnailUrl":"https:\/\/kidsplay.lt\/wp-content\/uploads\/2023\/07\/Vaikiskas-dviratukas-Mexller1.jpg","datePublished":"2023-07-06T21:26:44+00:00","dateModified":"2025-12-23T19:45:46+00:00","description":"Vaiki\u0161kas dviratukas Mexller 16 coli\u0173 skirtas vaikams nuo 4 iki 7 met\u0173. Dviratis pagamintas i\u0161 auk\u0161tos kokyb\u0117s komponent\u0173.","breadcrumb":{"@id":"https:\/\/kidsplay.lt\/produktas\/vaikiskas-dviratukas-mexller-16-coliu\/#breadcrumb"},"inLanguage":"lv-LV","potentialAction":[{"@type":"ReadAction","target":["https:\/\/kidsplay.lt\/produktas\/vaikiskas-dviratukas-mexller-16-coliu\/"]}]},{"@type":"ImageObject","inLanguage":"lv-LV","@id":"https:\/\/kidsplay.lt\/produktas\/vaikiskas-dviratukas-mexller-16-coliu\/#primaryimage","url":"https:\/\/kidsplay.lt\/wp-content\/uploads\/2023\/07\/Vaikiskas-dviratukas-Mexller1.jpg","contentUrl":"https:\/\/kidsplay.lt\/wp-content\/uploads\/2023\/07\/Vaikiskas-dviratukas-Mexller1.jpg","width":2560,"height":1707},{"@type":"BreadcrumbList","@id":"https:\/\/kidsplay.lt\/produktas\/vaikiskas-dviratukas-mexller-16-coliu\/#breadcrumb","itemListElement":[{"@type":"ListItem","position":1,"name":"Pagrindinis","item":"https:\/\/kidsplay.lt\/"},{"@type":"ListItem","position":2,"name":"Parduotuv\u0117","item":"https:\/\/kidsplay.lt\/parduotuve\/"},{"@type":"ListItem","position":3,"name":"Vaiki\u0161kas dviratukas Mexller 16 coli\u0173"}]},{"@type":"WebSite","@id":"https:\/\/kidsplay.lt\/#website","url":"https:\/\/kidsplay.lt\/","name":"B\u0113rnu sp\u0113les.lv","description":"\u012evairios prek\u0117s vaikams","publisher":{"@id":"https:\/\/kidsplay.lt\/#organization"},"alternateName":"Kidsplay","potentialAction":[{"@type":"SearchAction","target":{"@type":"EntryPoint","urlTemplate":"https:\/\/kidsplay.lt\/?s={search_term_string}"},"query-input":{"@type":"PropertyValueSpecification","valueRequired":true,"valueName":"search_term_string"}}],"inLanguage":"lv-LV"},{"@type":"Organization","@id":"https:\/\/kidsplay.lt\/#organization","name":"B\u0113rnu sp\u0113le","url":"https:\/\/kidsplay.lt\/","logo":{"@type":"ImageObject","inLanguage":"lv-LV","@id":"https:\/\/kidsplay.lt\/#\/schema\/logo\/image\/","url":"https:\/\/kidsplay.lt\/wp-content\/uploads\/2023\/07\/kidsplay-logo.png","contentUrl":"https:\/\/kidsplay.lt\/wp-content\/uploads\/2023\/07\/kidsplay-logo.png","width":451,"height":98,"caption":"KidsPlay"},"image":{"@id":"https:\/\/kidsplay.lt\/#\/schema\/logo\/image\/"},"sameAs":["https:\/\/www.facebook.com\/www.kidsplay.lt"]}]}},"_links":{"self":[{"href":"https:\/\/kidsplay.lt\/lv\/wp-json\/wp\/v2\/product\/21489","targetHints":{"allow":["GET"]}}],"collection":[{"href":"https:\/\/kidsplay.lt\/lv\/wp-json\/wp\/v2\/product"}],"about":[{"href":"https:\/\/kidsplay.lt\/lv\/wp-json\/wp\/v2\/types\/product"}],"version-history":[{"count":1,"href":"https:\/\/kidsplay.lt\/lv\/wp-json\/wp\/v2\/product\/21489\/revisions"}],"predecessor-version":[{"id":63693,"href":"https:\/\/kidsplay.lt\/lv\/wp-json\/wp\/v2\/product\/21489\/revisions\/63693"}],"wp:featuredmedia":[{"embeddable":true,"href":"https:\/\/kidsplay.lt\/lv\/wp-json\/wp\/v2\/media\/21641"}],"wp:attachment":[{"href":"https:\/\/kidsplay.lt\/lv\/wp-json\/wp\/v2\/media?parent=21489"}],"wp:term":[{"taxonomy":"product_brand","embeddable":true,"href":"https:\/\/kidsplay.lt\/lv\/wp-json\/wp\/v2\/product_brand?post=21489"},{"taxonomy":"product_cat","embeddable":true,"href":"https:\/\/kidsplay.lt\/lv\/wp-json\/wp\/v2\/product_cat?post=21489"},{"taxonomy":"product_tag","embeddable":true,"href":"https:\/\/kidsplay.lt\/lv\/wp-json\/wp\/v2\/product_tag?post=21489"}],"curies":[{"name":"wp","href":"https:\/\/api.w.org\/{rel}","templated":true}]}}