{"id":21578,"date":"2023-07-06T21:28:06","date_gmt":"2023-07-06T21:28:06","guid":{"rendered":"https:\/\/kidsplay.lt\/?post_type=product&#038;p=21578"},"modified":"2025-12-23T21:47:03","modified_gmt":"2025-12-23T19:47:03","slug":"vaikiskas-dviratukas-royalbaby-2","status":"publish","type":"product","link":"https:\/\/kidsplay.lt\/lv\/products\/vaikiskas-dviratukas-royalbaby-2\/","title":{"rendered":"Vaiki\u0161kas dviratukas RoyalBaby"},"content":{"rendered":"<p>Vaiki\u0161kas dviratukas RoyalBaby puikiai nupoliruotas, proporcingai i\u0161laikomi atstumai tarp vairo, s\u0117dyn\u0117s ir pedal\u0173, o tai u\u017etikrina skland\u0173 ir patog\u0173 va\u017eiavim\u0105. Profesionaliai pavaizduotas vairas su tokiais atrakcionais kaip kaspin\u0117liai, varpeliai ir \u017eavus krep\u0161elis. Grandin\u0117s dangtis, apsaugantis nuo su\u017ealojim\u0173 ir purvo. Rankiniai stabd\u017eiai pritaikyti ma\u017eoms vaiko rankyt\u0117ms. Patogi s\u0117dyn\u0117 su rankena t\u0117veliams. 12 coli\u0173 ratai, metalinis r\u0117mas ir kokybi\u0161kos padangos u\u017etikrins patog\u0173 ir stabil\u0173 va\u017eiavim\u0105. \u0160oniniai ratukai, kad prad\u017eioje i\u0161laikyt\u0173 pusiausvyr\u0105, kad vaikas i\u0161mokt\u0173 grei\u010diau va\u017eiuoti. St\u016bmikas t\u0117vams, suteikiantis komfort\u0105 vaikui mokantis vairuoti.<\/p>\n<p>Matmenys 14 coli\u0173 ratais:<\/p>\n<ul>\n<li>dvira\u010dio ilgis 95 cm<\/li>\n<li>auk\u0161tis nuo \u017eem\u0117s iki vairo 65-70 cm<\/li>\n<li>s\u0117dyn\u0117s reguliavimas nuo 50 iki 56 cm<\/li>\n<li>st\u016bmiklio ilgis 90 cm<\/li>\n<li>rato skersmuo 14&#8243;<\/li>\n<li>rekomenduojamas vaiko \u016bgis 100-135 cm<\/li>\n<li>rekomenduojamas vaiko am\u017eius 3-5 metai<\/li>\n<li>dvira\u010dio svoris 9,5 kg<\/li>\n<\/ul>","protected":false},"excerpt":{"rendered":"<p>Vaiki\u0161kas dviratukas RoyalBaby puikiai nupoliruotas, proporcingai i\u0161laikomi atstumai tarp vairo, s\u0117dyn\u0117s ir pedal\u0173, o tai u\u017etikrina skland\u0173 ir patog\u0173 va\u017eiavim\u0105. Profesionaliai pavaizduotas vairas su tokiais atrakcionais kaip kaspin\u0117liai, varpeliai ir \u017eavus krep\u0161elis. Grandin\u0117s dangtis, apsaugantis nuo su\u017ealojim\u0173 ir purvo.<\/p>","protected":false},"featured_media":21698,"template":"","meta":{"_acf_changed":false,"_glsr_average":0,"_glsr_ranking":0,"_glsr_reviews":0},"product_brand":[],"product_cat":[245,237],"product_tag":[317],"class_list":{"0":"post-21578","1":"product","2":"type-product","3":"status-publish","4":"has-post-thumbnail","6":"product_cat-dviratukai","7":"product_cat-judejimo-priemones","8":"product_tag-vaikiskas-dviratukas","9":"\"style=\"background-color: #2ecc711c;\"","11":"first","12":"instock","13":"shipping-taxable","14":"purchasable","15":"product-type-variable"},"acf":[],"yoast_head":"<!-- This site is optimized with the Yoast SEO plugin v27.3 - https:\/\/yoast.com\/product\/yoast-seo-wordpress\/ -->\n<title>Vaiki\u0161kas dviratukas RoyalBaby - KidsPlay<\/title>\n<meta name=\"description\" content=\"Vaiki\u0161kas dviratukas RoyalBaby puikiai nupoliruotas, proporcingai i\u0161laikomi atstumai tarp vairo, s\u0117dyn\u0117s ir pedal\u0173.\" \/>\n<meta name=\"robots\" content=\"index, follow, max-snippet:-1, max-image-preview:large, max-video-preview:-1\" \/>\n<link rel=\"canonical\" href=\"https:\/\/kidsplay.lt\/lv\/products\/vaikiskas-dviratukas-royalbaby-2\/\" \/>\n<meta property=\"og:locale\" content=\"lv_LV\" \/>\n<meta property=\"og:type\" content=\"article\" \/>\n<meta property=\"og:title\" content=\"Vaiki\u0161kas dviratukas RoyalBaby - KidsPlay\" \/>\n<meta property=\"og:description\" content=\"Vaiki\u0161kas dviratukas RoyalBaby puikiai nupoliruotas, proporcingai i\u0161laikomi atstumai tarp vairo, s\u0117dyn\u0117s ir pedal\u0173.\" \/>\n<meta property=\"og:url\" content=\"https:\/\/kidsplay.lt\/lv\/products\/vaikiskas-dviratukas-royalbaby-2\/\" \/>\n<meta property=\"og:site_name\" content=\"KidsPlay\" \/>\n<meta property=\"article:publisher\" content=\"https:\/\/www.facebook.com\/www.kidsplay.lt\" \/>\n<meta property=\"article:modified_time\" content=\"2025-12-23T19:47:03+00:00\" \/>\n<meta property=\"og:image\" content=\"https:\/\/kidsplay.lt\/wp-content\/uploads\/2023\/07\/Vaikiskas-dviratukas-RoyalBaby23.jpg\" \/>\n\t<meta property=\"og:image:width\" content=\"1000\" \/>\n\t<meta property=\"og:image:height\" content=\"750\" \/>\n\t<meta property=\"og:image:type\" content=\"image\/jpeg\" \/>\n<meta name=\"twitter:card\" content=\"summary_large_image\" \/>\n<meta name=\"twitter:label1\" content=\"Est. reading time\" \/>\n\t<meta name=\"twitter:data1\" content=\"1 min\u016bte\" \/>\n<script type=\"application\/ld+json\" class=\"yoast-schema-graph\">{\"@context\":\"https:\\\/\\\/schema.org\",\"@graph\":[{\"@type\":\"WebPage\",\"@id\":\"https:\\\/\\\/kidsplay.lt\\\/produktas\\\/vaikiskas-dviratukas-royalbaby-2\\\/\",\"url\":\"https:\\\/\\\/kidsplay.lt\\\/produktas\\\/vaikiskas-dviratukas-royalbaby-2\\\/\",\"name\":\"Vaiki\u0161kas dviratukas RoyalBaby - KidsPlay\",\"isPartOf\":{\"@id\":\"https:\\\/\\\/kidsplay.lt\\\/#website\"},\"primaryImageOfPage\":{\"@id\":\"https:\\\/\\\/kidsplay.lt\\\/produktas\\\/vaikiskas-dviratukas-royalbaby-2\\\/#primaryimage\"},\"image\":{\"@id\":\"https:\\\/\\\/kidsplay.lt\\\/produktas\\\/vaikiskas-dviratukas-royalbaby-2\\\/#primaryimage\"},\"thumbnailUrl\":\"https:\\\/\\\/kidsplay.lt\\\/wp-content\\\/uploads\\\/2023\\\/07\\\/Vaikiskas-dviratukas-RoyalBaby23.jpg\",\"datePublished\":\"2023-07-06T21:28:06+00:00\",\"dateModified\":\"2025-12-23T19:47:03+00:00\",\"description\":\"Vaiki\u0161kas dviratukas RoyalBaby puikiai nupoliruotas, proporcingai i\u0161laikomi atstumai tarp vairo, s\u0117dyn\u0117s ir pedal\u0173.\",\"breadcrumb\":{\"@id\":\"https:\\\/\\\/kidsplay.lt\\\/produktas\\\/vaikiskas-dviratukas-royalbaby-2\\\/#breadcrumb\"},\"inLanguage\":\"lv-LV\",\"potentialAction\":[{\"@type\":\"ReadAction\",\"target\":[\"https:\\\/\\\/kidsplay.lt\\\/produktas\\\/vaikiskas-dviratukas-royalbaby-2\\\/\"]}]},{\"@type\":\"ImageObject\",\"inLanguage\":\"lv-LV\",\"@id\":\"https:\\\/\\\/kidsplay.lt\\\/produktas\\\/vaikiskas-dviratukas-royalbaby-2\\\/#primaryimage\",\"url\":\"https:\\\/\\\/kidsplay.lt\\\/wp-content\\\/uploads\\\/2023\\\/07\\\/Vaikiskas-dviratukas-RoyalBaby23.jpg\",\"contentUrl\":\"https:\\\/\\\/kidsplay.lt\\\/wp-content\\\/uploads\\\/2023\\\/07\\\/Vaikiskas-dviratukas-RoyalBaby23.jpg\",\"width\":1000,\"height\":750},{\"@type\":\"BreadcrumbList\",\"@id\":\"https:\\\/\\\/kidsplay.lt\\\/produktas\\\/vaikiskas-dviratukas-royalbaby-2\\\/#breadcrumb\",\"itemListElement\":[{\"@type\":\"ListItem\",\"position\":1,\"name\":\"Pagrindinis\",\"item\":\"https:\\\/\\\/kidsplay.lt\\\/\"},{\"@type\":\"ListItem\",\"position\":2,\"name\":\"Parduotuv\u0117\",\"item\":\"https:\\\/\\\/kidsplay.lt\\\/parduotuve\\\/\"},{\"@type\":\"ListItem\",\"position\":3,\"name\":\"Vaiki\u0161kas dviratukas RoyalBaby\"}]},{\"@type\":\"WebSite\",\"@id\":\"https:\\\/\\\/kidsplay.lt\\\/#website\",\"url\":\"https:\\\/\\\/kidsplay.lt\\\/\",\"name\":\"Kidsplay.lt\",\"description\":\"\u012evairios prek\u0117s vaikams\",\"publisher\":{\"@id\":\"https:\\\/\\\/kidsplay.lt\\\/#organization\"},\"alternateName\":\"Kidsplay\",\"potentialAction\":[{\"@type\":\"SearchAction\",\"target\":{\"@type\":\"EntryPoint\",\"urlTemplate\":\"https:\\\/\\\/kidsplay.lt\\\/?s={search_term_string}\"},\"query-input\":{\"@type\":\"PropertyValueSpecification\",\"valueRequired\":true,\"valueName\":\"search_term_string\"}}],\"inLanguage\":\"lv-LV\"},{\"@type\":\"Organization\",\"@id\":\"https:\\\/\\\/kidsplay.lt\\\/#organization\",\"name\":\"KidsPlay\",\"url\":\"https:\\\/\\\/kidsplay.lt\\\/\",\"logo\":{\"@type\":\"ImageObject\",\"inLanguage\":\"lv-LV\",\"@id\":\"https:\\\/\\\/kidsplay.lt\\\/#\\\/schema\\\/logo\\\/image\\\/\",\"url\":\"https:\\\/\\\/kidsplay.lt\\\/wp-content\\\/uploads\\\/2023\\\/07\\\/kidsplay-logo.png\",\"contentUrl\":\"https:\\\/\\\/kidsplay.lt\\\/wp-content\\\/uploads\\\/2023\\\/07\\\/kidsplay-logo.png\",\"width\":451,\"height\":98,\"caption\":\"KidsPlay\"},\"image\":{\"@id\":\"https:\\\/\\\/kidsplay.lt\\\/#\\\/schema\\\/logo\\\/image\\\/\"},\"sameAs\":[\"https:\\\/\\\/www.facebook.com\\\/www.kidsplay.lt\"]}]}<\/script>\n<!-- \/ Yoast SEO plugin. -->","yoast_head_json":{"title":"Vaiki\u0161kas dviratukas RoyalBaby - KidsPlay","description":"Vaiki\u0161kas dviratukas RoyalBaby puikiai nupoliruotas, proporcingai i\u0161laikomi atstumai tarp vairo, s\u0117dyn\u0117s ir pedal\u0173.","robots":{"index":"index","follow":"follow","max-snippet":"max-snippet:-1","max-image-preview":"max-image-preview:large","max-video-preview":"max-video-preview:-1"},"canonical":"https:\/\/kidsplay.lt\/lv\/products\/vaikiskas-dviratukas-royalbaby-2\/","og_locale":"lv_LV","og_type":"article","og_title":"Vaiki\u0161kas dviratukas RoyalBaby - KidsPlay","og_description":"Vaiki\u0161kas dviratukas RoyalBaby puikiai nupoliruotas, proporcingai i\u0161laikomi atstumai tarp vairo, s\u0117dyn\u0117s ir pedal\u0173.","og_url":"https:\/\/kidsplay.lt\/lv\/products\/vaikiskas-dviratukas-royalbaby-2\/","og_site_name":"KidsPlay","article_publisher":"https:\/\/www.facebook.com\/www.kidsplay.lt","article_modified_time":"2025-12-23T19:47:03+00:00","og_image":[{"width":1000,"height":750,"url":"https:\/\/kidsplay.lt\/wp-content\/uploads\/2023\/07\/Vaikiskas-dviratukas-RoyalBaby23.jpg","type":"image\/jpeg"}],"twitter_card":"summary_large_image","twitter_misc":{"Est. reading time":"1 min\u016bte"},"schema":{"@context":"https:\/\/schema.org","@graph":[{"@type":"WebPage","@id":"https:\/\/kidsplay.lt\/produktas\/vaikiskas-dviratukas-royalbaby-2\/","url":"https:\/\/kidsplay.lt\/produktas\/vaikiskas-dviratukas-royalbaby-2\/","name":"Vaiki\u0161kas dviratukas RoyalBaby - KidsPlay","isPartOf":{"@id":"https:\/\/kidsplay.lt\/#website"},"primaryImageOfPage":{"@id":"https:\/\/kidsplay.lt\/produktas\/vaikiskas-dviratukas-royalbaby-2\/#primaryimage"},"image":{"@id":"https:\/\/kidsplay.lt\/produktas\/vaikiskas-dviratukas-royalbaby-2\/#primaryimage"},"thumbnailUrl":"https:\/\/kidsplay.lt\/wp-content\/uploads\/2023\/07\/Vaikiskas-dviratukas-RoyalBaby23.jpg","datePublished":"2023-07-06T21:28:06+00:00","dateModified":"2025-12-23T19:47:03+00:00","description":"Vaiki\u0161kas dviratukas RoyalBaby puikiai nupoliruotas, proporcingai i\u0161laikomi atstumai tarp vairo, s\u0117dyn\u0117s ir pedal\u0173.","breadcrumb":{"@id":"https:\/\/kidsplay.lt\/produktas\/vaikiskas-dviratukas-royalbaby-2\/#breadcrumb"},"inLanguage":"lv-LV","potentialAction":[{"@type":"ReadAction","target":["https:\/\/kidsplay.lt\/produktas\/vaikiskas-dviratukas-royalbaby-2\/"]}]},{"@type":"ImageObject","inLanguage":"lv-LV","@id":"https:\/\/kidsplay.lt\/produktas\/vaikiskas-dviratukas-royalbaby-2\/#primaryimage","url":"https:\/\/kidsplay.lt\/wp-content\/uploads\/2023\/07\/Vaikiskas-dviratukas-RoyalBaby23.jpg","contentUrl":"https:\/\/kidsplay.lt\/wp-content\/uploads\/2023\/07\/Vaikiskas-dviratukas-RoyalBaby23.jpg","width":1000,"height":750},{"@type":"BreadcrumbList","@id":"https:\/\/kidsplay.lt\/produktas\/vaikiskas-dviratukas-royalbaby-2\/#breadcrumb","itemListElement":[{"@type":"ListItem","position":1,"name":"Pagrindinis","item":"https:\/\/kidsplay.lt\/"},{"@type":"ListItem","position":2,"name":"Parduotuv\u0117","item":"https:\/\/kidsplay.lt\/parduotuve\/"},{"@type":"ListItem","position":3,"name":"Vaiki\u0161kas dviratukas RoyalBaby"}]},{"@type":"WebSite","@id":"https:\/\/kidsplay.lt\/#website","url":"https:\/\/kidsplay.lt\/","name":"B\u0113rnu sp\u0113les.lv","description":"\u012evairios prek\u0117s vaikams","publisher":{"@id":"https:\/\/kidsplay.lt\/#organization"},"alternateName":"Kidsplay","potentialAction":[{"@type":"SearchAction","target":{"@type":"EntryPoint","urlTemplate":"https:\/\/kidsplay.lt\/?s={search_term_string}"},"query-input":{"@type":"PropertyValueSpecification","valueRequired":true,"valueName":"search_term_string"}}],"inLanguage":"lv-LV"},{"@type":"Organization","@id":"https:\/\/kidsplay.lt\/#organization","name":"B\u0113rnu sp\u0113le","url":"https:\/\/kidsplay.lt\/","logo":{"@type":"ImageObject","inLanguage":"lv-LV","@id":"https:\/\/kidsplay.lt\/#\/schema\/logo\/image\/","url":"https:\/\/kidsplay.lt\/wp-content\/uploads\/2023\/07\/kidsplay-logo.png","contentUrl":"https:\/\/kidsplay.lt\/wp-content\/uploads\/2023\/07\/kidsplay-logo.png","width":451,"height":98,"caption":"KidsPlay"},"image":{"@id":"https:\/\/kidsplay.lt\/#\/schema\/logo\/image\/"},"sameAs":["https:\/\/www.facebook.com\/www.kidsplay.lt"]}]}},"_links":{"self":[{"href":"https:\/\/kidsplay.lt\/lv\/wp-json\/wp\/v2\/product\/21578","targetHints":{"allow":["GET"]}}],"collection":[{"href":"https:\/\/kidsplay.lt\/lv\/wp-json\/wp\/v2\/product"}],"about":[{"href":"https:\/\/kidsplay.lt\/lv\/wp-json\/wp\/v2\/types\/product"}],"version-history":[{"count":1,"href":"https:\/\/kidsplay.lt\/lv\/wp-json\/wp\/v2\/product\/21578\/revisions"}],"predecessor-version":[{"id":57404,"href":"https:\/\/kidsplay.lt\/lv\/wp-json\/wp\/v2\/product\/21578\/revisions\/57404"}],"wp:featuredmedia":[{"embeddable":true,"href":"https:\/\/kidsplay.lt\/lv\/wp-json\/wp\/v2\/media\/21698"}],"wp:attachment":[{"href":"https:\/\/kidsplay.lt\/lv\/wp-json\/wp\/v2\/media?parent=21578"}],"wp:term":[{"taxonomy":"product_brand","embeddable":true,"href":"https:\/\/kidsplay.lt\/lv\/wp-json\/wp\/v2\/product_brand?post=21578"},{"taxonomy":"product_cat","embeddable":true,"href":"https:\/\/kidsplay.lt\/lv\/wp-json\/wp\/v2\/product_cat?post=21578"},{"taxonomy":"product_tag","embeddable":true,"href":"https:\/\/kidsplay.lt\/lv\/wp-json\/wp\/v2\/product_tag?post=21578"}],"curies":[{"name":"wp","href":"https:\/\/api.w.org\/{rel}","templated":true}]}}