{"id":21694,"date":"2023-07-06T21:29:53","date_gmt":"2023-07-06T21:29:53","guid":{"rendered":"https:\/\/kidsplay.lt\/?post_type=product&#038;p=21694"},"modified":"2025-10-04T13:09:17","modified_gmt":"2025-10-04T10:09:17","slug":"sodo-supynes","status":"publish","type":"product","link":"https:\/\/kidsplay.lt\/lv\/products\/sodo-supynes\/","title":{"rendered":"Sodo s\u016bpyn\u0117s"},"content":{"rendered":"<p>Sodo s\u016bpyn\u0117s leis J\u016bs\u0173 vaikams d\u017eiaugsmingai praleisti laik\u0105 gryname ore. Spalvos pavers s\u016bpynes madinga sodo dekoro dalimi. S\u016bpyn\u0117s turi did\u017eiul\u012f prana\u0161um\u0105 lyginant su \u012fprastomis s\u016bpuokl\u0117mis. Jos yra daug lengvesn\u0117s, jas galima lengvai surinkti ir i\u0161ardyti. Tai leis s\u016bpynes pasl\u0117pti \u017eiemos laikotarpiui. D\u0117l didel\u0117s keliamosios galios s\u016bpuotis gal\u0117s ne tik vaikai.<\/p>\n<ul>\n<li>S\u016bpyni\u0173 skersmuo: 100 cm<\/li>\n<li>Skirtos naudojimui lauke ir viduje<\/li>\n<li>Tvirtinimo virvi\u0173 ilgis: 160 cm<\/li>\n<li>Metalin\u0117, sulankstoma konstrukcija<\/li>\n<li>S\u016bpyn\u0117s skirtos vaikams nuo 3 met\u0173<\/li>\n<li>Virv\u0117s 10 mm storio<\/li>\n<li>S\u0117dyn\u0117 pagaminta i\u0161 tvirtos OXFORD 600D med\u017eiagos<\/li>\n<li>Gaminys atitinka CE, EN 71-1, EN 71-2, EN 71-3, EN 71-8<\/li>\n<li>Maksimali apkrova 160 kg.<\/li>\n<\/ul>","protected":false},"excerpt":{"rendered":"<p>Sodo s\u016bpyn\u0117s leis J\u016bs\u0173 vaikams d\u017eiaugsmingai praleisti laik\u0105 gryname ore. Spalvos pavers s\u016bpynes madinga sodo dekoro dalimi.<\/p>","protected":false},"featured_media":21789,"template":"","meta":{"_acf_changed":false,"_glsr_average":0,"_glsr_ranking":0,"_glsr_reviews":0},"product_brand":[],"product_cat":[232],"product_tag":[315],"class_list":{"0":"post-21694","1":"product","2":"type-product","3":"status-publish","4":"has-post-thumbnail","6":"product_cat-supynes","7":"product_tag-supynes-vaikams","8":"\"style=\"background-color: #2ecc711c;\"","10":"first","11":"instock","12":"shipping-taxable","13":"purchasable","14":"product-type-variable"},"acf":[],"yoast_head":"<!-- This site is optimized with the Yoast SEO plugin v27.4 - https:\/\/yoast.com\/product\/yoast-seo-wordpress\/ -->\n<title>Sodo s\u016bpyn\u0117s - KidsPlay<\/title>\n<meta name=\"description\" content=\"Sodo s\u016bpyn\u0117s leis J\u016bs\u0173 vaikams d\u017eiaugsmingai praleisti laik\u0105 gryname ore. Spalvos pavers s\u016bpynes madinga sodo dekoro dalimi.\" \/>\n<meta name=\"robots\" content=\"index, follow, max-snippet:-1, max-image-preview:large, max-video-preview:-1\" \/>\n<link rel=\"canonical\" href=\"https:\/\/kidsplay.lt\/lv\/products\/sodo-supynes\/\" \/>\n<meta property=\"og:locale\" content=\"lv_LV\" \/>\n<meta property=\"og:type\" content=\"article\" \/>\n<meta property=\"og:title\" content=\"Sodo s\u016bpyn\u0117s - KidsPlay\" \/>\n<meta property=\"og:description\" content=\"Sodo s\u016bpyn\u0117s leis J\u016bs\u0173 vaikams d\u017eiaugsmingai praleisti laik\u0105 gryname ore. Spalvos pavers s\u016bpynes madinga sodo dekoro dalimi.\" \/>\n<meta property=\"og:url\" content=\"https:\/\/kidsplay.lt\/lv\/products\/sodo-supynes\/\" \/>\n<meta property=\"og:site_name\" content=\"KidsPlay\" \/>\n<meta property=\"article:publisher\" content=\"https:\/\/www.facebook.com\/www.kidsplay.lt\" \/>\n<meta property=\"article:modified_time\" content=\"2025-10-04T10:09:17+00:00\" \/>\n<meta property=\"og:image\" content=\"https:\/\/kidsplay.lt\/wp-content\/uploads\/2023\/07\/Sodo-supynes-1.jpg\" \/>\n\t<meta property=\"og:image:width\" content=\"720\" \/>\n\t<meta property=\"og:image:height\" content=\"720\" \/>\n\t<meta property=\"og:image:type\" content=\"image\/jpeg\" \/>\n<meta name=\"twitter:card\" content=\"summary_large_image\" \/>\n<meta name=\"twitter:label1\" content=\"Est. reading time\" \/>\n\t<meta name=\"twitter:data1\" content=\"1 min\u016bte\" \/>\n<script type=\"application\/ld+json\" class=\"yoast-schema-graph\">{\"@context\":\"https:\\\/\\\/schema.org\",\"@graph\":[{\"@type\":\"WebPage\",\"@id\":\"https:\\\/\\\/kidsplay.lt\\\/produktas\\\/sodo-supynes\\\/\",\"url\":\"https:\\\/\\\/kidsplay.lt\\\/produktas\\\/sodo-supynes\\\/\",\"name\":\"Sodo s\u016bpyn\u0117s - KidsPlay\",\"isPartOf\":{\"@id\":\"https:\\\/\\\/kidsplay.lt\\\/#website\"},\"primaryImageOfPage\":{\"@id\":\"https:\\\/\\\/kidsplay.lt\\\/produktas\\\/sodo-supynes\\\/#primaryimage\"},\"image\":{\"@id\":\"https:\\\/\\\/kidsplay.lt\\\/produktas\\\/sodo-supynes\\\/#primaryimage\"},\"thumbnailUrl\":\"https:\\\/\\\/kidsplay.lt\\\/wp-content\\\/uploads\\\/2023\\\/07\\\/Sodo-supynes-1.jpg\",\"datePublished\":\"2023-07-06T21:29:53+00:00\",\"dateModified\":\"2025-10-04T10:09:17+00:00\",\"description\":\"Sodo s\u016bpyn\u0117s leis J\u016bs\u0173 vaikams d\u017eiaugsmingai praleisti laik\u0105 gryname ore. Spalvos pavers s\u016bpynes madinga sodo dekoro dalimi.\",\"breadcrumb\":{\"@id\":\"https:\\\/\\\/kidsplay.lt\\\/produktas\\\/sodo-supynes\\\/#breadcrumb\"},\"inLanguage\":\"lv-LV\",\"potentialAction\":[{\"@type\":\"ReadAction\",\"target\":[\"https:\\\/\\\/kidsplay.lt\\\/produktas\\\/sodo-supynes\\\/\"]}]},{\"@type\":\"ImageObject\",\"inLanguage\":\"lv-LV\",\"@id\":\"https:\\\/\\\/kidsplay.lt\\\/produktas\\\/sodo-supynes\\\/#primaryimage\",\"url\":\"https:\\\/\\\/kidsplay.lt\\\/wp-content\\\/uploads\\\/2023\\\/07\\\/Sodo-supynes-1.jpg\",\"contentUrl\":\"https:\\\/\\\/kidsplay.lt\\\/wp-content\\\/uploads\\\/2023\\\/07\\\/Sodo-supynes-1.jpg\",\"width\":720,\"height\":720},{\"@type\":\"BreadcrumbList\",\"@id\":\"https:\\\/\\\/kidsplay.lt\\\/produktas\\\/sodo-supynes\\\/#breadcrumb\",\"itemListElement\":[{\"@type\":\"ListItem\",\"position\":1,\"name\":\"Pagrindinis\",\"item\":\"https:\\\/\\\/kidsplay.lt\\\/\"},{\"@type\":\"ListItem\",\"position\":2,\"name\":\"Parduotuv\u0117\",\"item\":\"https:\\\/\\\/kidsplay.lt\\\/parduotuve\\\/\"},{\"@type\":\"ListItem\",\"position\":3,\"name\":\"Sodo s\u016bpyn\u0117s\"}]},{\"@type\":\"WebSite\",\"@id\":\"https:\\\/\\\/kidsplay.lt\\\/#website\",\"url\":\"https:\\\/\\\/kidsplay.lt\\\/\",\"name\":\"Kidsplay.lt\",\"description\":\"\u012evairios prek\u0117s vaikams\",\"publisher\":{\"@id\":\"https:\\\/\\\/kidsplay.lt\\\/#organization\"},\"alternateName\":\"Kidsplay\",\"potentialAction\":[{\"@type\":\"SearchAction\",\"target\":{\"@type\":\"EntryPoint\",\"urlTemplate\":\"https:\\\/\\\/kidsplay.lt\\\/?s={search_term_string}\"},\"query-input\":{\"@type\":\"PropertyValueSpecification\",\"valueRequired\":true,\"valueName\":\"search_term_string\"}}],\"inLanguage\":\"lv-LV\"},{\"@type\":\"Organization\",\"@id\":\"https:\\\/\\\/kidsplay.lt\\\/#organization\",\"name\":\"KidsPlay\",\"url\":\"https:\\\/\\\/kidsplay.lt\\\/\",\"logo\":{\"@type\":\"ImageObject\",\"inLanguage\":\"lv-LV\",\"@id\":\"https:\\\/\\\/kidsplay.lt\\\/#\\\/schema\\\/logo\\\/image\\\/\",\"url\":\"https:\\\/\\\/kidsplay.lt\\\/wp-content\\\/uploads\\\/2023\\\/07\\\/kidsplay-logo.png\",\"contentUrl\":\"https:\\\/\\\/kidsplay.lt\\\/wp-content\\\/uploads\\\/2023\\\/07\\\/kidsplay-logo.png\",\"width\":451,\"height\":98,\"caption\":\"KidsPlay\"},\"image\":{\"@id\":\"https:\\\/\\\/kidsplay.lt\\\/#\\\/schema\\\/logo\\\/image\\\/\"},\"sameAs\":[\"https:\\\/\\\/www.facebook.com\\\/www.kidsplay.lt\"]}]}<\/script>\n<!-- \/ Yoast SEO plugin. -->","yoast_head_json":{"title":"Sodo s\u016bpyn\u0117s - KidsPlay","description":"Sodo s\u016bpyn\u0117s leis J\u016bs\u0173 vaikams d\u017eiaugsmingai praleisti laik\u0105 gryname ore. Spalvos pavers s\u016bpynes madinga sodo dekoro dalimi.","robots":{"index":"index","follow":"follow","max-snippet":"max-snippet:-1","max-image-preview":"max-image-preview:large","max-video-preview":"max-video-preview:-1"},"canonical":"https:\/\/kidsplay.lt\/lv\/products\/sodo-supynes\/","og_locale":"lv_LV","og_type":"article","og_title":"Sodo s\u016bpyn\u0117s - KidsPlay","og_description":"Sodo s\u016bpyn\u0117s leis J\u016bs\u0173 vaikams d\u017eiaugsmingai praleisti laik\u0105 gryname ore. Spalvos pavers s\u016bpynes madinga sodo dekoro dalimi.","og_url":"https:\/\/kidsplay.lt\/lv\/products\/sodo-supynes\/","og_site_name":"KidsPlay","article_publisher":"https:\/\/www.facebook.com\/www.kidsplay.lt","article_modified_time":"2025-10-04T10:09:17+00:00","og_image":[{"width":720,"height":720,"url":"https:\/\/kidsplay.lt\/wp-content\/uploads\/2023\/07\/Sodo-supynes-1.jpg","type":"image\/jpeg"}],"twitter_card":"summary_large_image","twitter_misc":{"Est. reading time":"1 min\u016bte"},"schema":{"@context":"https:\/\/schema.org","@graph":[{"@type":"WebPage","@id":"https:\/\/kidsplay.lt\/produktas\/sodo-supynes\/","url":"https:\/\/kidsplay.lt\/produktas\/sodo-supynes\/","name":"Sodo s\u016bpyn\u0117s - KidsPlay","isPartOf":{"@id":"https:\/\/kidsplay.lt\/#website"},"primaryImageOfPage":{"@id":"https:\/\/kidsplay.lt\/produktas\/sodo-supynes\/#primaryimage"},"image":{"@id":"https:\/\/kidsplay.lt\/produktas\/sodo-supynes\/#primaryimage"},"thumbnailUrl":"https:\/\/kidsplay.lt\/wp-content\/uploads\/2023\/07\/Sodo-supynes-1.jpg","datePublished":"2023-07-06T21:29:53+00:00","dateModified":"2025-10-04T10:09:17+00:00","description":"Sodo s\u016bpyn\u0117s leis J\u016bs\u0173 vaikams d\u017eiaugsmingai praleisti laik\u0105 gryname ore. Spalvos pavers s\u016bpynes madinga sodo dekoro dalimi.","breadcrumb":{"@id":"https:\/\/kidsplay.lt\/produktas\/sodo-supynes\/#breadcrumb"},"inLanguage":"lv-LV","potentialAction":[{"@type":"ReadAction","target":["https:\/\/kidsplay.lt\/produktas\/sodo-supynes\/"]}]},{"@type":"ImageObject","inLanguage":"lv-LV","@id":"https:\/\/kidsplay.lt\/produktas\/sodo-supynes\/#primaryimage","url":"https:\/\/kidsplay.lt\/wp-content\/uploads\/2023\/07\/Sodo-supynes-1.jpg","contentUrl":"https:\/\/kidsplay.lt\/wp-content\/uploads\/2023\/07\/Sodo-supynes-1.jpg","width":720,"height":720},{"@type":"BreadcrumbList","@id":"https:\/\/kidsplay.lt\/produktas\/sodo-supynes\/#breadcrumb","itemListElement":[{"@type":"ListItem","position":1,"name":"Pagrindinis","item":"https:\/\/kidsplay.lt\/"},{"@type":"ListItem","position":2,"name":"Parduotuv\u0117","item":"https:\/\/kidsplay.lt\/parduotuve\/"},{"@type":"ListItem","position":3,"name":"Sodo s\u016bpyn\u0117s"}]},{"@type":"WebSite","@id":"https:\/\/kidsplay.lt\/#website","url":"https:\/\/kidsplay.lt\/","name":"B\u0113rnu sp\u0113les.lv","description":"\u012evairios prek\u0117s vaikams","publisher":{"@id":"https:\/\/kidsplay.lt\/#organization"},"alternateName":"Kidsplay","potentialAction":[{"@type":"SearchAction","target":{"@type":"EntryPoint","urlTemplate":"https:\/\/kidsplay.lt\/?s={search_term_string}"},"query-input":{"@type":"PropertyValueSpecification","valueRequired":true,"valueName":"search_term_string"}}],"inLanguage":"lv-LV"},{"@type":"Organization","@id":"https:\/\/kidsplay.lt\/#organization","name":"B\u0113rnu sp\u0113le","url":"https:\/\/kidsplay.lt\/","logo":{"@type":"ImageObject","inLanguage":"lv-LV","@id":"https:\/\/kidsplay.lt\/#\/schema\/logo\/image\/","url":"https:\/\/kidsplay.lt\/wp-content\/uploads\/2023\/07\/kidsplay-logo.png","contentUrl":"https:\/\/kidsplay.lt\/wp-content\/uploads\/2023\/07\/kidsplay-logo.png","width":451,"height":98,"caption":"KidsPlay"},"image":{"@id":"https:\/\/kidsplay.lt\/#\/schema\/logo\/image\/"},"sameAs":["https:\/\/www.facebook.com\/www.kidsplay.lt"]}]}},"_links":{"self":[{"href":"https:\/\/kidsplay.lt\/lv\/wp-json\/wp\/v2\/product\/21694","targetHints":{"allow":["GET"]}}],"collection":[{"href":"https:\/\/kidsplay.lt\/lv\/wp-json\/wp\/v2\/product"}],"about":[{"href":"https:\/\/kidsplay.lt\/lv\/wp-json\/wp\/v2\/types\/product"}],"version-history":[{"count":1,"href":"https:\/\/kidsplay.lt\/lv\/wp-json\/wp\/v2\/product\/21694\/revisions"}],"predecessor-version":[{"id":57547,"href":"https:\/\/kidsplay.lt\/lv\/wp-json\/wp\/v2\/product\/21694\/revisions\/57547"}],"wp:featuredmedia":[{"embeddable":true,"href":"https:\/\/kidsplay.lt\/lv\/wp-json\/wp\/v2\/media\/21789"}],"wp:attachment":[{"href":"https:\/\/kidsplay.lt\/lv\/wp-json\/wp\/v2\/media?parent=21694"}],"wp:term":[{"taxonomy":"product_brand","embeddable":true,"href":"https:\/\/kidsplay.lt\/lv\/wp-json\/wp\/v2\/product_brand?post=21694"},{"taxonomy":"product_cat","embeddable":true,"href":"https:\/\/kidsplay.lt\/lv\/wp-json\/wp\/v2\/product_cat?post=21694"},{"taxonomy":"product_tag","embeddable":true,"href":"https:\/\/kidsplay.lt\/lv\/wp-json\/wp\/v2\/product_tag?post=21694"}],"curies":[{"name":"wp","href":"https:\/\/api.w.org\/{rel}","templated":true}]}}