{"id":21872,"date":"2023-07-06T21:32:03","date_gmt":"2023-07-06T21:32:03","guid":{"rendered":"https:\/\/kidsplay.lt\/?post_type=product&#038;p=21872"},"modified":"2025-12-23T21:49:57","modified_gmt":"2025-12-23T19:49:57","slug":"balansinis-dviratukas-giraffe","status":"publish","type":"product","link":"https:\/\/kidsplay.lt\/lv\/products\/balansinis-dviratukas-giraffe\/","title":{"rendered":"\u017dirafes l\u012bdzsvara velosip\u0113ds"},"content":{"rendered":"<p>Balansinis dviratukas Giraffe pagaminta i\u0161 auk\u0161\u010diausios kokyb\u0117s med\u017eiag\u0173, u\u017etikrinan\u010di\u0173 vaiko naudojimosi d\u017eiaugsm\u0105. Lengvas, judrus, tiks namuose ir pasivaik\u0161\u010diojant. Ma\u017ei jo i\u0161matavimai leis pasiimti ne \u012f vien\u0105 kelion\u0119 su vaiku, tikrai taps geriausiu ir neatsiejamu kelioni\u0173 palydovu. Yra itin lengvas \u2013 sveria tik 2 kg.<\/p>\n<p>Izm\u0113ri:<\/p>\n<ul>\n<li>ilgis 49 cm<\/li>\n<li>platums 20 cm<\/li>\n<li>auk\u0161tis 35 cm<\/li>\n<li>auk\u0161tis iki s\u0117dyn\u0117s 21 cm<\/li>\n<\/ul>\n<p>&nbsp;<\/p>","protected":false},"excerpt":{"rendered":"<p>Balansinis dviratukas Giraffe pagaminta i\u0161 auk\u0161\u010diausios kokyb\u0117s med\u017eiag\u0173, u\u017etikrinan\u010di\u0173 vaiko naudojimosi d\u017eiaugsm\u0105. Lengvas, judrus, tiks namuose ir pasivaik\u0161\u010diojant.<\/p>","protected":false},"featured_media":22002,"template":"","meta":{"_acf_changed":false,"_glsr_average":0,"_glsr_ranking":0,"_glsr_reviews":0},"product_brand":[],"product_cat":[240,237],"product_tag":[318],"class_list":{"0":"post-21872","1":"product","2":"type-product","3":"status-publish","4":"has-post-thumbnail","6":"product_cat-balansiniai-dviratukai","7":"product_cat-judejimo-priemones","8":"product_tag-balansiniai-dviratukai","9":"\"style=\"background-color: #2ecc711c;\"","11":"first","12":"instock","13":"shipping-taxable","14":"purchasable","15":"product-type-simple"},"acf":[],"yoast_head":"<!-- This site is optimized with the Yoast SEO plugin v27.4 - https:\/\/yoast.com\/product\/yoast-seo-wordpress\/ -->\n<title>Balansinis dviratukas Giraffe - KidsPlay<\/title>\n<meta name=\"description\" content=\"Balansinis dviratukas Giraffe pagaminta i\u0161 auk\u0161\u010diausios kokyb\u0117s med\u017eiag\u0173, u\u017etikrinan\u010di\u0173 vaiko naudojimosi d\u017eiaugsm\u0105.\" \/>\n<meta name=\"robots\" content=\"index, follow, max-snippet:-1, max-image-preview:large, max-video-preview:-1\" \/>\n<link rel=\"canonical\" href=\"https:\/\/kidsplay.lt\/lv\/products\/balansinis-dviratukas-giraffe\/\" \/>\n<meta property=\"og:locale\" content=\"lv_LV\" \/>\n<meta property=\"og:type\" content=\"article\" \/>\n<meta property=\"og:title\" content=\"Balansinis dviratukas Giraffe - KidsPlay\" \/>\n<meta property=\"og:description\" content=\"Balansinis dviratukas Giraffe pagaminta i\u0161 auk\u0161\u010diausios kokyb\u0117s med\u017eiag\u0173, u\u017etikrinan\u010di\u0173 vaiko naudojimosi d\u017eiaugsm\u0105.\" \/>\n<meta property=\"og:url\" content=\"https:\/\/kidsplay.lt\/lv\/products\/balansinis-dviratukas-giraffe\/\" \/>\n<meta property=\"og:site_name\" content=\"KidsPlay\" \/>\n<meta property=\"article:publisher\" content=\"https:\/\/www.facebook.com\/www.kidsplay.lt\" \/>\n<meta property=\"article:modified_time\" content=\"2025-12-23T19:49:57+00:00\" \/>\n<meta property=\"og:image\" content=\"https:\/\/kidsplay.lt\/wp-content\/uploads\/2023\/07\/Balansinis-dviratukas-Giraffe.jpg\" \/>\n\t<meta property=\"og:image:width\" content=\"1296\" \/>\n\t<meta property=\"og:image:height\" content=\"1080\" \/>\n\t<meta property=\"og:image:type\" content=\"image\/jpeg\" \/>\n<meta name=\"twitter:card\" content=\"summary_large_image\" \/>\n<meta name=\"twitter:label1\" content=\"Est. reading time\" \/>\n\t<meta name=\"twitter:data1\" content=\"1 min\u016bte\" \/>\n<script type=\"application\/ld+json\" class=\"yoast-schema-graph\">{\"@context\":\"https:\\\/\\\/schema.org\",\"@graph\":[{\"@type\":\"WebPage\",\"@id\":\"https:\\\/\\\/kidsplay.lt\\\/produktas\\\/balansinis-dviratukas-giraffe\\\/\",\"url\":\"https:\\\/\\\/kidsplay.lt\\\/produktas\\\/balansinis-dviratukas-giraffe\\\/\",\"name\":\"Balansinis dviratukas Giraffe - KidsPlay\",\"isPartOf\":{\"@id\":\"https:\\\/\\\/kidsplay.lt\\\/#website\"},\"primaryImageOfPage\":{\"@id\":\"https:\\\/\\\/kidsplay.lt\\\/produktas\\\/balansinis-dviratukas-giraffe\\\/#primaryimage\"},\"image\":{\"@id\":\"https:\\\/\\\/kidsplay.lt\\\/produktas\\\/balansinis-dviratukas-giraffe\\\/#primaryimage\"},\"thumbnailUrl\":\"https:\\\/\\\/kidsplay.lt\\\/wp-content\\\/uploads\\\/2023\\\/07\\\/Balansinis-dviratukas-Giraffe.jpg\",\"datePublished\":\"2023-07-06T21:32:03+00:00\",\"dateModified\":\"2025-12-23T19:49:57+00:00\",\"description\":\"Balansinis dviratukas Giraffe pagaminta i\u0161 auk\u0161\u010diausios kokyb\u0117s med\u017eiag\u0173, u\u017etikrinan\u010di\u0173 vaiko naudojimosi d\u017eiaugsm\u0105.\",\"breadcrumb\":{\"@id\":\"https:\\\/\\\/kidsplay.lt\\\/produktas\\\/balansinis-dviratukas-giraffe\\\/#breadcrumb\"},\"inLanguage\":\"lv-LV\",\"potentialAction\":[{\"@type\":\"ReadAction\",\"target\":[\"https:\\\/\\\/kidsplay.lt\\\/produktas\\\/balansinis-dviratukas-giraffe\\\/\"]}]},{\"@type\":\"ImageObject\",\"inLanguage\":\"lv-LV\",\"@id\":\"https:\\\/\\\/kidsplay.lt\\\/produktas\\\/balansinis-dviratukas-giraffe\\\/#primaryimage\",\"url\":\"https:\\\/\\\/kidsplay.lt\\\/wp-content\\\/uploads\\\/2023\\\/07\\\/Balansinis-dviratukas-Giraffe.jpg\",\"contentUrl\":\"https:\\\/\\\/kidsplay.lt\\\/wp-content\\\/uploads\\\/2023\\\/07\\\/Balansinis-dviratukas-Giraffe.jpg\",\"width\":1296,\"height\":1080},{\"@type\":\"BreadcrumbList\",\"@id\":\"https:\\\/\\\/kidsplay.lt\\\/produktas\\\/balansinis-dviratukas-giraffe\\\/#breadcrumb\",\"itemListElement\":[{\"@type\":\"ListItem\",\"position\":1,\"name\":\"Pagrindinis\",\"item\":\"https:\\\/\\\/kidsplay.lt\\\/\"},{\"@type\":\"ListItem\",\"position\":2,\"name\":\"Parduotuv\u0117\",\"item\":\"https:\\\/\\\/kidsplay.lt\\\/parduotuve\\\/\"},{\"@type\":\"ListItem\",\"position\":3,\"name\":\"Balansinis dviratukas Giraffe\"}]},{\"@type\":\"WebSite\",\"@id\":\"https:\\\/\\\/kidsplay.lt\\\/#website\",\"url\":\"https:\\\/\\\/kidsplay.lt\\\/\",\"name\":\"Kidsplay.lt\",\"description\":\"\u012evairios prek\u0117s vaikams\",\"publisher\":{\"@id\":\"https:\\\/\\\/kidsplay.lt\\\/#organization\"},\"alternateName\":\"Kidsplay\",\"potentialAction\":[{\"@type\":\"SearchAction\",\"target\":{\"@type\":\"EntryPoint\",\"urlTemplate\":\"https:\\\/\\\/kidsplay.lt\\\/?s={search_term_string}\"},\"query-input\":{\"@type\":\"PropertyValueSpecification\",\"valueRequired\":true,\"valueName\":\"search_term_string\"}}],\"inLanguage\":\"lv-LV\"},{\"@type\":\"Organization\",\"@id\":\"https:\\\/\\\/kidsplay.lt\\\/#organization\",\"name\":\"KidsPlay\",\"url\":\"https:\\\/\\\/kidsplay.lt\\\/\",\"logo\":{\"@type\":\"ImageObject\",\"inLanguage\":\"lv-LV\",\"@id\":\"https:\\\/\\\/kidsplay.lt\\\/#\\\/schema\\\/logo\\\/image\\\/\",\"url\":\"https:\\\/\\\/kidsplay.lt\\\/wp-content\\\/uploads\\\/2023\\\/07\\\/kidsplay-logo.png\",\"contentUrl\":\"https:\\\/\\\/kidsplay.lt\\\/wp-content\\\/uploads\\\/2023\\\/07\\\/kidsplay-logo.png\",\"width\":451,\"height\":98,\"caption\":\"KidsPlay\"},\"image\":{\"@id\":\"https:\\\/\\\/kidsplay.lt\\\/#\\\/schema\\\/logo\\\/image\\\/\"},\"sameAs\":[\"https:\\\/\\\/www.facebook.com\\\/www.kidsplay.lt\"]}]}<\/script>\n<!-- \/ Yoast SEO plugin. -->","yoast_head_json":{"title":"Balansinis dviratukas Giraffe - KidsPlay","description":"Balansinis dviratukas Giraffe pagaminta i\u0161 auk\u0161\u010diausios kokyb\u0117s med\u017eiag\u0173, u\u017etikrinan\u010di\u0173 vaiko naudojimosi d\u017eiaugsm\u0105.","robots":{"index":"index","follow":"follow","max-snippet":"max-snippet:-1","max-image-preview":"max-image-preview:large","max-video-preview":"max-video-preview:-1"},"canonical":"https:\/\/kidsplay.lt\/lv\/products\/balansinis-dviratukas-giraffe\/","og_locale":"lv_LV","og_type":"article","og_title":"Balansinis dviratukas Giraffe - KidsPlay","og_description":"Balansinis dviratukas Giraffe pagaminta i\u0161 auk\u0161\u010diausios kokyb\u0117s med\u017eiag\u0173, u\u017etikrinan\u010di\u0173 vaiko naudojimosi d\u017eiaugsm\u0105.","og_url":"https:\/\/kidsplay.lt\/lv\/products\/balansinis-dviratukas-giraffe\/","og_site_name":"KidsPlay","article_publisher":"https:\/\/www.facebook.com\/www.kidsplay.lt","article_modified_time":"2025-12-23T19:49:57+00:00","og_image":[{"width":1296,"height":1080,"url":"https:\/\/kidsplay.lt\/wp-content\/uploads\/2023\/07\/Balansinis-dviratukas-Giraffe.jpg","type":"image\/jpeg"}],"twitter_card":"summary_large_image","twitter_misc":{"Est. reading time":"1 min\u016bte"},"schema":{"@context":"https:\/\/schema.org","@graph":[{"@type":"WebPage","@id":"https:\/\/kidsplay.lt\/produktas\/balansinis-dviratukas-giraffe\/","url":"https:\/\/kidsplay.lt\/produktas\/balansinis-dviratukas-giraffe\/","name":"Balansinis dviratukas Giraffe - KidsPlay","isPartOf":{"@id":"https:\/\/kidsplay.lt\/#website"},"primaryImageOfPage":{"@id":"https:\/\/kidsplay.lt\/produktas\/balansinis-dviratukas-giraffe\/#primaryimage"},"image":{"@id":"https:\/\/kidsplay.lt\/produktas\/balansinis-dviratukas-giraffe\/#primaryimage"},"thumbnailUrl":"https:\/\/kidsplay.lt\/wp-content\/uploads\/2023\/07\/Balansinis-dviratukas-Giraffe.jpg","datePublished":"2023-07-06T21:32:03+00:00","dateModified":"2025-12-23T19:49:57+00:00","description":"Balansinis dviratukas Giraffe pagaminta i\u0161 auk\u0161\u010diausios kokyb\u0117s med\u017eiag\u0173, u\u017etikrinan\u010di\u0173 vaiko naudojimosi d\u017eiaugsm\u0105.","breadcrumb":{"@id":"https:\/\/kidsplay.lt\/produktas\/balansinis-dviratukas-giraffe\/#breadcrumb"},"inLanguage":"lv-LV","potentialAction":[{"@type":"ReadAction","target":["https:\/\/kidsplay.lt\/produktas\/balansinis-dviratukas-giraffe\/"]}]},{"@type":"ImageObject","inLanguage":"lv-LV","@id":"https:\/\/kidsplay.lt\/produktas\/balansinis-dviratukas-giraffe\/#primaryimage","url":"https:\/\/kidsplay.lt\/wp-content\/uploads\/2023\/07\/Balansinis-dviratukas-Giraffe.jpg","contentUrl":"https:\/\/kidsplay.lt\/wp-content\/uploads\/2023\/07\/Balansinis-dviratukas-Giraffe.jpg","width":1296,"height":1080},{"@type":"BreadcrumbList","@id":"https:\/\/kidsplay.lt\/produktas\/balansinis-dviratukas-giraffe\/#breadcrumb","itemListElement":[{"@type":"ListItem","position":1,"name":"Pagrindinis","item":"https:\/\/kidsplay.lt\/"},{"@type":"ListItem","position":2,"name":"Parduotuv\u0117","item":"https:\/\/kidsplay.lt\/parduotuve\/"},{"@type":"ListItem","position":3,"name":"Balansinis dviratukas Giraffe"}]},{"@type":"WebSite","@id":"https:\/\/kidsplay.lt\/#website","url":"https:\/\/kidsplay.lt\/","name":"B\u0113rnu sp\u0113les.lv","description":"\u012evairios prek\u0117s vaikams","publisher":{"@id":"https:\/\/kidsplay.lt\/#organization"},"alternateName":"Kidsplay","potentialAction":[{"@type":"SearchAction","target":{"@type":"EntryPoint","urlTemplate":"https:\/\/kidsplay.lt\/?s={search_term_string}"},"query-input":{"@type":"PropertyValueSpecification","valueRequired":true,"valueName":"search_term_string"}}],"inLanguage":"lv-LV"},{"@type":"Organization","@id":"https:\/\/kidsplay.lt\/#organization","name":"B\u0113rnu sp\u0113le","url":"https:\/\/kidsplay.lt\/","logo":{"@type":"ImageObject","inLanguage":"lv-LV","@id":"https:\/\/kidsplay.lt\/#\/schema\/logo\/image\/","url":"https:\/\/kidsplay.lt\/wp-content\/uploads\/2023\/07\/kidsplay-logo.png","contentUrl":"https:\/\/kidsplay.lt\/wp-content\/uploads\/2023\/07\/kidsplay-logo.png","width":451,"height":98,"caption":"KidsPlay"},"image":{"@id":"https:\/\/kidsplay.lt\/#\/schema\/logo\/image\/"},"sameAs":["https:\/\/www.facebook.com\/www.kidsplay.lt"]}]}},"_links":{"self":[{"href":"https:\/\/kidsplay.lt\/lv\/wp-json\/wp\/v2\/product\/21872","targetHints":{"allow":["GET"]}}],"collection":[{"href":"https:\/\/kidsplay.lt\/lv\/wp-json\/wp\/v2\/product"}],"about":[{"href":"https:\/\/kidsplay.lt\/lv\/wp-json\/wp\/v2\/types\/product"}],"version-history":[{"count":2,"href":"https:\/\/kidsplay.lt\/lv\/wp-json\/wp\/v2\/product\/21872\/revisions"}],"predecessor-version":[{"id":74343,"href":"https:\/\/kidsplay.lt\/lv\/wp-json\/wp\/v2\/product\/21872\/revisions\/74343"}],"wp:featuredmedia":[{"embeddable":true,"href":"https:\/\/kidsplay.lt\/lv\/wp-json\/wp\/v2\/media\/22002"}],"wp:attachment":[{"href":"https:\/\/kidsplay.lt\/lv\/wp-json\/wp\/v2\/media?parent=21872"}],"wp:term":[{"taxonomy":"product_brand","embeddable":true,"href":"https:\/\/kidsplay.lt\/lv\/wp-json\/wp\/v2\/product_brand?post=21872"},{"taxonomy":"product_cat","embeddable":true,"href":"https:\/\/kidsplay.lt\/lv\/wp-json\/wp\/v2\/product_cat?post=21872"},{"taxonomy":"product_tag","embeddable":true,"href":"https:\/\/kidsplay.lt\/lv\/wp-json\/wp\/v2\/product_tag?post=21872"}],"curies":[{"name":"wp","href":"https:\/\/api.w.org\/{rel}","templated":true}]}}