{"id":21909,"date":"2023-07-06T21:32:28","date_gmt":"2023-07-06T21:32:28","guid":{"rendered":"https:\/\/kidsplay.lt\/?post_type=product&#038;p=21909"},"modified":"2025-10-04T13:11:22","modified_gmt":"2025-10-04T10:11:22","slug":"balansinis-dviratukas-dusty","status":"publish","type":"product","link":"https:\/\/kidsplay.lt\/lv\/products\/balansinis-dviratukas-dusty\/","title":{"rendered":"L\u012bdzsvara velosip\u0113ds Dusty"},"content":{"rendered":"<p>Balansinis dviratukas Dusty yra pagamintas i\u0161 auk\u0161\u010diausios kokyb\u0117s med\u017eiag\u0173, o tai savo ruo\u017etu yra saugumo garantija. Dviratis turi neslystan\u010dias rankenas, kad b\u016bt\u0173 i\u0161vengta su\u017eeidim\u0173 kritimo metu.<\/p>\n<p>Dviratukas turi reguliuojam\u0105 vair\u0105 ir s\u0117dyn\u0119, kurie leid\u017eia tobulai pritaikyti dvirat\u012f pagal vaiko \u016bg\u012f. Tinkamas dvira\u010dio pritaikymas u\u017etikrina va\u017eiavimo komfort\u0105 ir vaiko vystym\u0105si.<\/p>\n<p>Dviratyje naudojamos pla\u010dios pripu\u010diamos padangos su protektoriumi u\u017etikrina tinkam\u0105 sukibim\u0105 su bet kokiu pavir\u0161iumi.\u00a0Pripu\u010diamos padangos kartu su mink\u0161ta ir kont\u016bruota s\u0117dyne u\u017etikrins reikiam\u0105 amortizavimo lyg\u012f, taip pat patogum\u0105 ir komfort\u0105 kiekvienos kelion\u0117s metu.<\/p>\n<p>Izm\u0113ri:<\/p>\n<ul>\n<li>Vairo auk\u0161tis: 58 &#8211; 61 cm<\/li>\n<li>Vairo plotis: 39 cm<\/li>\n<li>S\u0117dyn\u0117s auk\u0161tis: 36 &#8211; 45 cm<\/li>\n<li>S\u0117dyn\u0117s atramos ilgis: 14 cm<\/li>\n<li>Dvira\u010dio ilgis: 84 cm<\/li>\n<li>R\u0117mo ilgis: 57,5 \u200b\u200bcm<\/li>\n<li>Platformos auk\u0161tis: 22 cm<\/li>\n<li>Platformos plotis: 11 cm<\/li>\n<li>Platformos ilgis: 21 cm<\/li>\n<li>Koj\u0173 atramos ilgis: 20 cm<\/li>\n<li>Apkrova: 20 kg<\/li>\n<li>Svoris: 4,2 kg<\/li>\n<li>Am\u017eiaus diapazonas 3-5 metai 12 coli\u0173 ratams<\/li>\n<\/ul>\n<p>&nbsp;<\/p>","protected":false},"excerpt":{"rendered":"<p>Balansinis dviratukas Dusty yra pagamintas i\u0161 auk\u0161\u010diausios kokyb\u0117s med\u017eiag\u0173, o tai savo ruo\u017etu yra saugumo garantija. Dviratis turi neslystan\u010dias rankenas, kad b\u016bt\u0173 i\u0161vengta su\u017eeidim\u0173 kritimo metu.<\/p>","protected":false},"featured_media":22014,"template":"","meta":{"_acf_changed":false,"_glsr_average":0,"_glsr_ranking":0,"_glsr_reviews":0},"product_brand":[],"product_cat":[240,237],"product_tag":[318],"class_list":{"0":"post-21909","1":"product","2":"type-product","3":"status-publish","4":"has-post-thumbnail","6":"product_cat-balansiniai-dviratukai","7":"product_cat-judejimo-priemones","8":"product_tag-balansiniai-dviratukai","9":"\"style=\"background-color: #2ecc711c;\"","11":"first","12":"instock","13":"shipping-taxable","14":"purchasable","15":"product-type-variable"},"acf":[],"yoast_head":"<!-- This site is optimized with the Yoast SEO plugin v27.4 - https:\/\/yoast.com\/product\/yoast-seo-wordpress\/ -->\n<title>Balansinis dviratukas Dusty - KidsPlay<\/title>\n<meta name=\"description\" content=\"Balansinis dviratukas Dusty yra pagamintas i\u0161 auk\u0161\u010diausios kokyb\u0117s med\u017eiag\u0173, o tai savo ruo\u017etu yra saugumo garantija.\" \/>\n<meta name=\"robots\" content=\"index, follow, max-snippet:-1, max-image-preview:large, max-video-preview:-1\" \/>\n<link rel=\"canonical\" href=\"https:\/\/kidsplay.lt\/lv\/products\/balansinis-dviratukas-dusty\/\" \/>\n<meta property=\"og:locale\" content=\"lv_LV\" \/>\n<meta property=\"og:type\" content=\"article\" \/>\n<meta property=\"og:title\" content=\"Balansinis dviratukas Dusty - KidsPlay\" \/>\n<meta property=\"og:description\" content=\"Balansinis dviratukas Dusty yra pagamintas i\u0161 auk\u0161\u010diausios kokyb\u0117s med\u017eiag\u0173, o tai savo ruo\u017etu yra saugumo garantija.\" \/>\n<meta property=\"og:url\" content=\"https:\/\/kidsplay.lt\/lv\/products\/balansinis-dviratukas-dusty\/\" \/>\n<meta property=\"og:site_name\" content=\"KidsPlay\" \/>\n<meta property=\"article:publisher\" content=\"https:\/\/www.facebook.com\/www.kidsplay.lt\" \/>\n<meta property=\"article:modified_time\" content=\"2025-10-04T10:11:22+00:00\" \/>\n<meta property=\"og:image\" content=\"https:\/\/kidsplay.lt\/wp-content\/uploads\/2023\/07\/Balansinis-dviratukas-Dusty.jpg\" \/>\n\t<meta property=\"og:image:width\" content=\"800\" \/>\n\t<meta property=\"og:image:height\" content=\"630\" \/>\n\t<meta property=\"og:image:type\" content=\"image\/jpeg\" \/>\n<meta name=\"twitter:card\" content=\"summary_large_image\" \/>\n<meta name=\"twitter:label1\" content=\"Est. reading time\" \/>\n\t<meta name=\"twitter:data1\" content=\"1 min\u016bte\" \/>\n<script type=\"application\/ld+json\" class=\"yoast-schema-graph\">{\"@context\":\"https:\\\/\\\/schema.org\",\"@graph\":[{\"@type\":\"WebPage\",\"@id\":\"https:\\\/\\\/kidsplay.lt\\\/produktas\\\/balansinis-dviratukas-dusty\\\/\",\"url\":\"https:\\\/\\\/kidsplay.lt\\\/produktas\\\/balansinis-dviratukas-dusty\\\/\",\"name\":\"Balansinis dviratukas Dusty - KidsPlay\",\"isPartOf\":{\"@id\":\"https:\\\/\\\/kidsplay.lt\\\/#website\"},\"primaryImageOfPage\":{\"@id\":\"https:\\\/\\\/kidsplay.lt\\\/produktas\\\/balansinis-dviratukas-dusty\\\/#primaryimage\"},\"image\":{\"@id\":\"https:\\\/\\\/kidsplay.lt\\\/produktas\\\/balansinis-dviratukas-dusty\\\/#primaryimage\"},\"thumbnailUrl\":\"https:\\\/\\\/kidsplay.lt\\\/wp-content\\\/uploads\\\/2023\\\/07\\\/Balansinis-dviratukas-Dusty.jpg\",\"datePublished\":\"2023-07-06T21:32:28+00:00\",\"dateModified\":\"2025-10-04T10:11:22+00:00\",\"description\":\"Balansinis dviratukas Dusty yra pagamintas i\u0161 auk\u0161\u010diausios kokyb\u0117s med\u017eiag\u0173, o tai savo ruo\u017etu yra saugumo garantija.\",\"breadcrumb\":{\"@id\":\"https:\\\/\\\/kidsplay.lt\\\/produktas\\\/balansinis-dviratukas-dusty\\\/#breadcrumb\"},\"inLanguage\":\"lv-LV\",\"potentialAction\":[{\"@type\":\"ReadAction\",\"target\":[\"https:\\\/\\\/kidsplay.lt\\\/produktas\\\/balansinis-dviratukas-dusty\\\/\"]}]},{\"@type\":\"ImageObject\",\"inLanguage\":\"lv-LV\",\"@id\":\"https:\\\/\\\/kidsplay.lt\\\/produktas\\\/balansinis-dviratukas-dusty\\\/#primaryimage\",\"url\":\"https:\\\/\\\/kidsplay.lt\\\/wp-content\\\/uploads\\\/2023\\\/07\\\/Balansinis-dviratukas-Dusty.jpg\",\"contentUrl\":\"https:\\\/\\\/kidsplay.lt\\\/wp-content\\\/uploads\\\/2023\\\/07\\\/Balansinis-dviratukas-Dusty.jpg\",\"width\":800,\"height\":630},{\"@type\":\"BreadcrumbList\",\"@id\":\"https:\\\/\\\/kidsplay.lt\\\/produktas\\\/balansinis-dviratukas-dusty\\\/#breadcrumb\",\"itemListElement\":[{\"@type\":\"ListItem\",\"position\":1,\"name\":\"Pagrindinis\",\"item\":\"https:\\\/\\\/kidsplay.lt\\\/\"},{\"@type\":\"ListItem\",\"position\":2,\"name\":\"Parduotuv\u0117\",\"item\":\"https:\\\/\\\/kidsplay.lt\\\/parduotuve\\\/\"},{\"@type\":\"ListItem\",\"position\":3,\"name\":\"Balansinis dviratukas Dusty\"}]},{\"@type\":\"WebSite\",\"@id\":\"https:\\\/\\\/kidsplay.lt\\\/#website\",\"url\":\"https:\\\/\\\/kidsplay.lt\\\/\",\"name\":\"Kidsplay.lt\",\"description\":\"\u012evairios prek\u0117s vaikams\",\"publisher\":{\"@id\":\"https:\\\/\\\/kidsplay.lt\\\/#organization\"},\"alternateName\":\"Kidsplay\",\"potentialAction\":[{\"@type\":\"SearchAction\",\"target\":{\"@type\":\"EntryPoint\",\"urlTemplate\":\"https:\\\/\\\/kidsplay.lt\\\/?s={search_term_string}\"},\"query-input\":{\"@type\":\"PropertyValueSpecification\",\"valueRequired\":true,\"valueName\":\"search_term_string\"}}],\"inLanguage\":\"lv-LV\"},{\"@type\":\"Organization\",\"@id\":\"https:\\\/\\\/kidsplay.lt\\\/#organization\",\"name\":\"KidsPlay\",\"url\":\"https:\\\/\\\/kidsplay.lt\\\/\",\"logo\":{\"@type\":\"ImageObject\",\"inLanguage\":\"lv-LV\",\"@id\":\"https:\\\/\\\/kidsplay.lt\\\/#\\\/schema\\\/logo\\\/image\\\/\",\"url\":\"https:\\\/\\\/kidsplay.lt\\\/wp-content\\\/uploads\\\/2023\\\/07\\\/kidsplay-logo.png\",\"contentUrl\":\"https:\\\/\\\/kidsplay.lt\\\/wp-content\\\/uploads\\\/2023\\\/07\\\/kidsplay-logo.png\",\"width\":451,\"height\":98,\"caption\":\"KidsPlay\"},\"image\":{\"@id\":\"https:\\\/\\\/kidsplay.lt\\\/#\\\/schema\\\/logo\\\/image\\\/\"},\"sameAs\":[\"https:\\\/\\\/www.facebook.com\\\/www.kidsplay.lt\"]}]}<\/script>\n<!-- \/ Yoast SEO plugin. -->","yoast_head_json":{"title":"Balansinis dviratukas Dusty - KidsPlay","description":"Balansinis dviratukas Dusty yra pagamintas i\u0161 auk\u0161\u010diausios kokyb\u0117s med\u017eiag\u0173, o tai savo ruo\u017etu yra saugumo garantija.","robots":{"index":"index","follow":"follow","max-snippet":"max-snippet:-1","max-image-preview":"max-image-preview:large","max-video-preview":"max-video-preview:-1"},"canonical":"https:\/\/kidsplay.lt\/lv\/products\/balansinis-dviratukas-dusty\/","og_locale":"lv_LV","og_type":"article","og_title":"Balansinis dviratukas Dusty - KidsPlay","og_description":"Balansinis dviratukas Dusty yra pagamintas i\u0161 auk\u0161\u010diausios kokyb\u0117s med\u017eiag\u0173, o tai savo ruo\u017etu yra saugumo garantija.","og_url":"https:\/\/kidsplay.lt\/lv\/products\/balansinis-dviratukas-dusty\/","og_site_name":"KidsPlay","article_publisher":"https:\/\/www.facebook.com\/www.kidsplay.lt","article_modified_time":"2025-10-04T10:11:22+00:00","og_image":[{"width":800,"height":630,"url":"https:\/\/kidsplay.lt\/wp-content\/uploads\/2023\/07\/Balansinis-dviratukas-Dusty.jpg","type":"image\/jpeg"}],"twitter_card":"summary_large_image","twitter_misc":{"Est. reading time":"1 min\u016bte"},"schema":{"@context":"https:\/\/schema.org","@graph":[{"@type":"WebPage","@id":"https:\/\/kidsplay.lt\/produktas\/balansinis-dviratukas-dusty\/","url":"https:\/\/kidsplay.lt\/produktas\/balansinis-dviratukas-dusty\/","name":"Balansinis dviratukas Dusty - KidsPlay","isPartOf":{"@id":"https:\/\/kidsplay.lt\/#website"},"primaryImageOfPage":{"@id":"https:\/\/kidsplay.lt\/produktas\/balansinis-dviratukas-dusty\/#primaryimage"},"image":{"@id":"https:\/\/kidsplay.lt\/produktas\/balansinis-dviratukas-dusty\/#primaryimage"},"thumbnailUrl":"https:\/\/kidsplay.lt\/wp-content\/uploads\/2023\/07\/Balansinis-dviratukas-Dusty.jpg","datePublished":"2023-07-06T21:32:28+00:00","dateModified":"2025-10-04T10:11:22+00:00","description":"Balansinis dviratukas Dusty yra pagamintas i\u0161 auk\u0161\u010diausios kokyb\u0117s med\u017eiag\u0173, o tai savo ruo\u017etu yra saugumo garantija.","breadcrumb":{"@id":"https:\/\/kidsplay.lt\/produktas\/balansinis-dviratukas-dusty\/#breadcrumb"},"inLanguage":"lv-LV","potentialAction":[{"@type":"ReadAction","target":["https:\/\/kidsplay.lt\/produktas\/balansinis-dviratukas-dusty\/"]}]},{"@type":"ImageObject","inLanguage":"lv-LV","@id":"https:\/\/kidsplay.lt\/produktas\/balansinis-dviratukas-dusty\/#primaryimage","url":"https:\/\/kidsplay.lt\/wp-content\/uploads\/2023\/07\/Balansinis-dviratukas-Dusty.jpg","contentUrl":"https:\/\/kidsplay.lt\/wp-content\/uploads\/2023\/07\/Balansinis-dviratukas-Dusty.jpg","width":800,"height":630},{"@type":"BreadcrumbList","@id":"https:\/\/kidsplay.lt\/produktas\/balansinis-dviratukas-dusty\/#breadcrumb","itemListElement":[{"@type":"ListItem","position":1,"name":"Pagrindinis","item":"https:\/\/kidsplay.lt\/"},{"@type":"ListItem","position":2,"name":"Parduotuv\u0117","item":"https:\/\/kidsplay.lt\/parduotuve\/"},{"@type":"ListItem","position":3,"name":"Balansinis dviratukas Dusty"}]},{"@type":"WebSite","@id":"https:\/\/kidsplay.lt\/#website","url":"https:\/\/kidsplay.lt\/","name":"B\u0113rnu sp\u0113les.lv","description":"\u012evairios prek\u0117s vaikams","publisher":{"@id":"https:\/\/kidsplay.lt\/#organization"},"alternateName":"Kidsplay","potentialAction":[{"@type":"SearchAction","target":{"@type":"EntryPoint","urlTemplate":"https:\/\/kidsplay.lt\/?s={search_term_string}"},"query-input":{"@type":"PropertyValueSpecification","valueRequired":true,"valueName":"search_term_string"}}],"inLanguage":"lv-LV"},{"@type":"Organization","@id":"https:\/\/kidsplay.lt\/#organization","name":"B\u0113rnu sp\u0113le","url":"https:\/\/kidsplay.lt\/","logo":{"@type":"ImageObject","inLanguage":"lv-LV","@id":"https:\/\/kidsplay.lt\/#\/schema\/logo\/image\/","url":"https:\/\/kidsplay.lt\/wp-content\/uploads\/2023\/07\/kidsplay-logo.png","contentUrl":"https:\/\/kidsplay.lt\/wp-content\/uploads\/2023\/07\/kidsplay-logo.png","width":451,"height":98,"caption":"KidsPlay"},"image":{"@id":"https:\/\/kidsplay.lt\/#\/schema\/logo\/image\/"},"sameAs":["https:\/\/www.facebook.com\/www.kidsplay.lt"]}]}},"_links":{"self":[{"href":"https:\/\/kidsplay.lt\/lv\/wp-json\/wp\/v2\/product\/21909","targetHints":{"allow":["GET"]}}],"collection":[{"href":"https:\/\/kidsplay.lt\/lv\/wp-json\/wp\/v2\/product"}],"about":[{"href":"https:\/\/kidsplay.lt\/lv\/wp-json\/wp\/v2\/types\/product"}],"version-history":[{"count":1,"href":"https:\/\/kidsplay.lt\/lv\/wp-json\/wp\/v2\/product\/21909\/revisions"}],"predecessor-version":[{"id":65031,"href":"https:\/\/kidsplay.lt\/lv\/wp-json\/wp\/v2\/product\/21909\/revisions\/65031"}],"wp:featuredmedia":[{"embeddable":true,"href":"https:\/\/kidsplay.lt\/lv\/wp-json\/wp\/v2\/media\/22014"}],"wp:attachment":[{"href":"https:\/\/kidsplay.lt\/lv\/wp-json\/wp\/v2\/media?parent=21909"}],"wp:term":[{"taxonomy":"product_brand","embeddable":true,"href":"https:\/\/kidsplay.lt\/lv\/wp-json\/wp\/v2\/product_brand?post=21909"},{"taxonomy":"product_cat","embeddable":true,"href":"https:\/\/kidsplay.lt\/lv\/wp-json\/wp\/v2\/product_cat?post=21909"},{"taxonomy":"product_tag","embeddable":true,"href":"https:\/\/kidsplay.lt\/lv\/wp-json\/wp\/v2\/product_tag?post=21909"}],"curies":[{"name":"wp","href":"https:\/\/api.w.org\/{rel}","templated":true}]}}