{"id":21978,"date":"2023-07-06T21:33:20","date_gmt":"2023-07-06T21:33:20","guid":{"rendered":"https:\/\/kidsplay.lt\/?post_type=product&#038;p=21978"},"modified":"2025-12-23T21:50:56","modified_gmt":"2025-12-23T19:50:56","slug":"pripuciamas-batutas-su-krepsiu","status":"publish","type":"product","link":"https:\/\/kidsplay.lt\/lv\/products\/pripuciamas-batutas-su-krepsiu\/","title":{"rendered":"Piep\u016b\u0161amais batuts ar grozu"},"content":{"rendered":"<p>Pripu\u010diamas batutas su krep\u0161iu yra kiekvieno vaiko svajon\u0117s i\u0161sipildymas. \u0160is pripu\u010diamas batutas turi mink\u0161t\u0105 pavir\u0161i\u0173 ir auk\u0161tas sienas, tod\u0117l gal\u0117site \u017eaisti saugiai. Pakankamai didelis pavir\u0161ius rei\u0161kia, kad ant batuto gali tilpti daugiau nei vienas vaikas. Be \u0161okin\u0117jimo, vaikai gali \u017eaisti krep\u0161in\u012f ar m\u0117tyti \u017eiedus. Rinkin\u012f galima naudoti sode arba namuose.<\/p>\n<ul>\n<li>Rekomenduojamas am\u017eius nuo 3 met\u0173<\/li>\n<li>Materi\u0101ls: poliesters<\/li>\n<li>Matmenys: 160 x 180 x 160 cm (P x A x G)<\/li>\n<li>Apkrova: 50 kg<\/li>\n<li>Svoris: 6,85 kg<\/li>\n<\/ul>","protected":false},"excerpt":{"rendered":"<p>Pripu\u010diamas batutas su krep\u0161iu yra kiekvieno vaiko svajon\u0117s i\u0161sipildymas. \u0160is pripu\u010diamas batutas turi mink\u0161t\u0105 pavir\u0161i\u0173 ir auk\u0161tas sienas, tod\u0117l gal\u0117site \u017eaisti saugiai. Pakankamai didelis pavir\u0161ius rei\u0161kia, kad ant batuto gali tilpti daugiau nei vienas vaikas.<\/p>","protected":false},"featured_media":22107,"template":"","meta":{"_acf_changed":false,"_glsr_average":0,"_glsr_ranking":0,"_glsr_reviews":0},"product_brand":[],"product_cat":[235,233],"product_tag":[],"class_list":{"0":"post-21978","1":"product","2":"type-product","3":"status-publish","4":"has-post-thumbnail","6":"product_cat-batutai","7":"product_cat-lauko-pramogos","8":"\"style=\"background-color: #2ecc711c;\"","10":"first","11":"instock","12":"shipping-taxable","13":"purchasable","14":"product-type-simple"},"acf":[],"yoast_head":"<!-- This site is optimized with the Yoast SEO plugin v27.3 - https:\/\/yoast.com\/product\/yoast-seo-wordpress\/ -->\n<title>Pripu\u010diamas batutas su krep\u0161iu - KidsPlay<\/title>\n<meta name=\"description\" content=\"Pripu\u010diamas batutas su krep\u0161iu yra kiekvieno vaiko svajon\u0117s i\u0161sipildymas. \u0160is pripu\u010diamas batutas turi mink\u0161t\u0105 pavir\u0161i\u0173 ir auk\u0161tas sienas.\" \/>\n<meta name=\"robots\" content=\"index, follow, max-snippet:-1, max-image-preview:large, max-video-preview:-1\" \/>\n<link rel=\"canonical\" href=\"https:\/\/kidsplay.lt\/lv\/product\/pripuciamas-batutas-su-krepsiu\/\" \/>\n<meta property=\"og:locale\" content=\"lv_LV\" \/>\n<meta property=\"og:type\" content=\"article\" \/>\n<meta property=\"og:title\" content=\"Pripu\u010diamas batutas su krep\u0161iu - KidsPlay\" \/>\n<meta property=\"og:description\" content=\"Pripu\u010diamas batutas su krep\u0161iu yra kiekvieno vaiko svajon\u0117s i\u0161sipildymas. \u0160is pripu\u010diamas batutas turi mink\u0161t\u0105 pavir\u0161i\u0173 ir auk\u0161tas sienas.\" \/>\n<meta property=\"og:url\" content=\"https:\/\/kidsplay.lt\/lv\/product\/pripuciamas-batutas-su-krepsiu\/\" \/>\n<meta property=\"og:site_name\" content=\"KidsPlay\" \/>\n<meta property=\"article:publisher\" content=\"https:\/\/www.facebook.com\/www.kidsplay.lt\" \/>\n<meta property=\"article:modified_time\" content=\"2025-12-23T19:50:56+00:00\" \/>\n<meta property=\"og:image\" content=\"https:\/\/kidsplay.lt\/wp-content\/uploads\/2023\/07\/Pripuciamas-batutas-su-krepsiu.webp\" \/>\n\t<meta property=\"og:image:width\" content=\"635\" \/>\n\t<meta property=\"og:image:height\" content=\"720\" \/>\n\t<meta property=\"og:image:type\" content=\"image\/webp\" \/>\n<meta name=\"twitter:card\" content=\"summary_large_image\" \/>\n<meta name=\"twitter:label1\" content=\"Est. reading time\" \/>\n\t<meta name=\"twitter:data1\" content=\"1 min\u016bte\" \/>\n<script type=\"application\/ld+json\" class=\"yoast-schema-graph\">{\"@context\":\"https:\\\/\\\/schema.org\",\"@graph\":[{\"@type\":\"WebPage\",\"@id\":\"https:\\\/\\\/kidsplay.lt\\\/produktas\\\/pripuciamas-batutas-su-krepsiu\\\/\",\"url\":\"https:\\\/\\\/kidsplay.lt\\\/produktas\\\/pripuciamas-batutas-su-krepsiu\\\/\",\"name\":\"Pripu\u010diamas batutas su krep\u0161iu - KidsPlay\",\"isPartOf\":{\"@id\":\"https:\\\/\\\/kidsplay.lt\\\/#website\"},\"primaryImageOfPage\":{\"@id\":\"https:\\\/\\\/kidsplay.lt\\\/produktas\\\/pripuciamas-batutas-su-krepsiu\\\/#primaryimage\"},\"image\":{\"@id\":\"https:\\\/\\\/kidsplay.lt\\\/produktas\\\/pripuciamas-batutas-su-krepsiu\\\/#primaryimage\"},\"thumbnailUrl\":\"https:\\\/\\\/kidsplay.lt\\\/wp-content\\\/uploads\\\/2023\\\/07\\\/Pripuciamas-batutas-su-krepsiu.webp\",\"datePublished\":\"2023-07-06T21:33:20+00:00\",\"dateModified\":\"2025-12-23T19:50:56+00:00\",\"description\":\"Pripu\u010diamas batutas su krep\u0161iu yra kiekvieno vaiko svajon\u0117s i\u0161sipildymas. \u0160is pripu\u010diamas batutas turi mink\u0161t\u0105 pavir\u0161i\u0173 ir auk\u0161tas sienas.\",\"breadcrumb\":{\"@id\":\"https:\\\/\\\/kidsplay.lt\\\/produktas\\\/pripuciamas-batutas-su-krepsiu\\\/#breadcrumb\"},\"inLanguage\":\"lv-LV\",\"potentialAction\":[{\"@type\":\"ReadAction\",\"target\":[\"https:\\\/\\\/kidsplay.lt\\\/produktas\\\/pripuciamas-batutas-su-krepsiu\\\/\"]}]},{\"@type\":\"ImageObject\",\"inLanguage\":\"lv-LV\",\"@id\":\"https:\\\/\\\/kidsplay.lt\\\/produktas\\\/pripuciamas-batutas-su-krepsiu\\\/#primaryimage\",\"url\":\"https:\\\/\\\/kidsplay.lt\\\/wp-content\\\/uploads\\\/2023\\\/07\\\/Pripuciamas-batutas-su-krepsiu.webp\",\"contentUrl\":\"https:\\\/\\\/kidsplay.lt\\\/wp-content\\\/uploads\\\/2023\\\/07\\\/Pripuciamas-batutas-su-krepsiu.webp\",\"width\":635,\"height\":720},{\"@type\":\"BreadcrumbList\",\"@id\":\"https:\\\/\\\/kidsplay.lt\\\/produktas\\\/pripuciamas-batutas-su-krepsiu\\\/#breadcrumb\",\"itemListElement\":[{\"@type\":\"ListItem\",\"position\":1,\"name\":\"Pagrindinis\",\"item\":\"https:\\\/\\\/kidsplay.lt\\\/\"},{\"@type\":\"ListItem\",\"position\":2,\"name\":\"Parduotuv\u0117\",\"item\":\"https:\\\/\\\/kidsplay.lt\\\/parduotuve\\\/\"},{\"@type\":\"ListItem\",\"position\":3,\"name\":\"Pripu\u010diamas batutas su krep\u0161iu\"}]},{\"@type\":\"WebSite\",\"@id\":\"https:\\\/\\\/kidsplay.lt\\\/#website\",\"url\":\"https:\\\/\\\/kidsplay.lt\\\/\",\"name\":\"Kidsplay.lt\",\"description\":\"\u012evairios prek\u0117s vaikams\",\"publisher\":{\"@id\":\"https:\\\/\\\/kidsplay.lt\\\/#organization\"},\"alternateName\":\"Kidsplay\",\"potentialAction\":[{\"@type\":\"SearchAction\",\"target\":{\"@type\":\"EntryPoint\",\"urlTemplate\":\"https:\\\/\\\/kidsplay.lt\\\/?s={search_term_string}\"},\"query-input\":{\"@type\":\"PropertyValueSpecification\",\"valueRequired\":true,\"valueName\":\"search_term_string\"}}],\"inLanguage\":\"lv-LV\"},{\"@type\":\"Organization\",\"@id\":\"https:\\\/\\\/kidsplay.lt\\\/#organization\",\"name\":\"KidsPlay\",\"url\":\"https:\\\/\\\/kidsplay.lt\\\/\",\"logo\":{\"@type\":\"ImageObject\",\"inLanguage\":\"lv-LV\",\"@id\":\"https:\\\/\\\/kidsplay.lt\\\/#\\\/schema\\\/logo\\\/image\\\/\",\"url\":\"https:\\\/\\\/kidsplay.lt\\\/wp-content\\\/uploads\\\/2023\\\/07\\\/kidsplay-logo.png\",\"contentUrl\":\"https:\\\/\\\/kidsplay.lt\\\/wp-content\\\/uploads\\\/2023\\\/07\\\/kidsplay-logo.png\",\"width\":451,\"height\":98,\"caption\":\"KidsPlay\"},\"image\":{\"@id\":\"https:\\\/\\\/kidsplay.lt\\\/#\\\/schema\\\/logo\\\/image\\\/\"},\"sameAs\":[\"https:\\\/\\\/www.facebook.com\\\/www.kidsplay.lt\"]}]}<\/script>\n<!-- \/ Yoast SEO plugin. -->","yoast_head_json":{"title":"Pripu\u010diamas batutas su krep\u0161iu - KidsPlay","description":"Pripu\u010diamas batutas su krep\u0161iu yra kiekvieno vaiko svajon\u0117s i\u0161sipildymas. \u0160is pripu\u010diamas batutas turi mink\u0161t\u0105 pavir\u0161i\u0173 ir auk\u0161tas sienas.","robots":{"index":"index","follow":"follow","max-snippet":"max-snippet:-1","max-image-preview":"max-image-preview:large","max-video-preview":"max-video-preview:-1"},"canonical":"https:\/\/kidsplay.lt\/lv\/product\/pripuciamas-batutas-su-krepsiu\/","og_locale":"lv_LV","og_type":"article","og_title":"Pripu\u010diamas batutas su krep\u0161iu - KidsPlay","og_description":"Pripu\u010diamas batutas su krep\u0161iu yra kiekvieno vaiko svajon\u0117s i\u0161sipildymas. \u0160is pripu\u010diamas batutas turi mink\u0161t\u0105 pavir\u0161i\u0173 ir auk\u0161tas sienas.","og_url":"https:\/\/kidsplay.lt\/lv\/product\/pripuciamas-batutas-su-krepsiu\/","og_site_name":"KidsPlay","article_publisher":"https:\/\/www.facebook.com\/www.kidsplay.lt","article_modified_time":"2025-12-23T19:50:56+00:00","og_image":[{"width":635,"height":720,"url":"https:\/\/kidsplay.lt\/wp-content\/uploads\/2023\/07\/Pripuciamas-batutas-su-krepsiu.webp","type":"image\/webp"}],"twitter_card":"summary_large_image","twitter_misc":{"Est. reading time":"1 min\u016bte"},"schema":{"@context":"https:\/\/schema.org","@graph":[{"@type":"WebPage","@id":"https:\/\/kidsplay.lt\/produktas\/pripuciamas-batutas-su-krepsiu\/","url":"https:\/\/kidsplay.lt\/produktas\/pripuciamas-batutas-su-krepsiu\/","name":"Pripu\u010diamas batutas su krep\u0161iu - KidsPlay","isPartOf":{"@id":"https:\/\/kidsplay.lt\/#website"},"primaryImageOfPage":{"@id":"https:\/\/kidsplay.lt\/produktas\/pripuciamas-batutas-su-krepsiu\/#primaryimage"},"image":{"@id":"https:\/\/kidsplay.lt\/produktas\/pripuciamas-batutas-su-krepsiu\/#primaryimage"},"thumbnailUrl":"https:\/\/kidsplay.lt\/wp-content\/uploads\/2023\/07\/Pripuciamas-batutas-su-krepsiu.webp","datePublished":"2023-07-06T21:33:20+00:00","dateModified":"2025-12-23T19:50:56+00:00","description":"Pripu\u010diamas batutas su krep\u0161iu yra kiekvieno vaiko svajon\u0117s i\u0161sipildymas. \u0160is pripu\u010diamas batutas turi mink\u0161t\u0105 pavir\u0161i\u0173 ir auk\u0161tas sienas.","breadcrumb":{"@id":"https:\/\/kidsplay.lt\/produktas\/pripuciamas-batutas-su-krepsiu\/#breadcrumb"},"inLanguage":"lv-LV","potentialAction":[{"@type":"ReadAction","target":["https:\/\/kidsplay.lt\/produktas\/pripuciamas-batutas-su-krepsiu\/"]}]},{"@type":"ImageObject","inLanguage":"lv-LV","@id":"https:\/\/kidsplay.lt\/produktas\/pripuciamas-batutas-su-krepsiu\/#primaryimage","url":"https:\/\/kidsplay.lt\/wp-content\/uploads\/2023\/07\/Pripuciamas-batutas-su-krepsiu.webp","contentUrl":"https:\/\/kidsplay.lt\/wp-content\/uploads\/2023\/07\/Pripuciamas-batutas-su-krepsiu.webp","width":635,"height":720},{"@type":"BreadcrumbList","@id":"https:\/\/kidsplay.lt\/produktas\/pripuciamas-batutas-su-krepsiu\/#breadcrumb","itemListElement":[{"@type":"ListItem","position":1,"name":"Pagrindinis","item":"https:\/\/kidsplay.lt\/"},{"@type":"ListItem","position":2,"name":"Parduotuv\u0117","item":"https:\/\/kidsplay.lt\/parduotuve\/"},{"@type":"ListItem","position":3,"name":"Pripu\u010diamas batutas su krep\u0161iu"}]},{"@type":"WebSite","@id":"https:\/\/kidsplay.lt\/#website","url":"https:\/\/kidsplay.lt\/","name":"B\u0113rnu sp\u0113les.lv","description":"\u012evairios prek\u0117s vaikams","publisher":{"@id":"https:\/\/kidsplay.lt\/#organization"},"alternateName":"Kidsplay","potentialAction":[{"@type":"SearchAction","target":{"@type":"EntryPoint","urlTemplate":"https:\/\/kidsplay.lt\/?s={search_term_string}"},"query-input":{"@type":"PropertyValueSpecification","valueRequired":true,"valueName":"search_term_string"}}],"inLanguage":"lv-LV"},{"@type":"Organization","@id":"https:\/\/kidsplay.lt\/#organization","name":"B\u0113rnu sp\u0113le","url":"https:\/\/kidsplay.lt\/","logo":{"@type":"ImageObject","inLanguage":"lv-LV","@id":"https:\/\/kidsplay.lt\/#\/schema\/logo\/image\/","url":"https:\/\/kidsplay.lt\/wp-content\/uploads\/2023\/07\/kidsplay-logo.png","contentUrl":"https:\/\/kidsplay.lt\/wp-content\/uploads\/2023\/07\/kidsplay-logo.png","width":451,"height":98,"caption":"KidsPlay"},"image":{"@id":"https:\/\/kidsplay.lt\/#\/schema\/logo\/image\/"},"sameAs":["https:\/\/www.facebook.com\/www.kidsplay.lt"]}]}},"_links":{"self":[{"href":"https:\/\/kidsplay.lt\/lv\/wp-json\/wp\/v2\/product\/21978","targetHints":{"allow":["GET"]}}],"collection":[{"href":"https:\/\/kidsplay.lt\/lv\/wp-json\/wp\/v2\/product"}],"about":[{"href":"https:\/\/kidsplay.lt\/lv\/wp-json\/wp\/v2\/types\/product"}],"version-history":[{"count":1,"href":"https:\/\/kidsplay.lt\/lv\/wp-json\/wp\/v2\/product\/21978\/revisions"}],"predecessor-version":[{"id":57549,"href":"https:\/\/kidsplay.lt\/lv\/wp-json\/wp\/v2\/product\/21978\/revisions\/57549"}],"wp:featuredmedia":[{"embeddable":true,"href":"https:\/\/kidsplay.lt\/lv\/wp-json\/wp\/v2\/media\/22107"}],"wp:attachment":[{"href":"https:\/\/kidsplay.lt\/lv\/wp-json\/wp\/v2\/media?parent=21978"}],"wp:term":[{"taxonomy":"product_brand","embeddable":true,"href":"https:\/\/kidsplay.lt\/lv\/wp-json\/wp\/v2\/product_brand?post=21978"},{"taxonomy":"product_cat","embeddable":true,"href":"https:\/\/kidsplay.lt\/lv\/wp-json\/wp\/v2\/product_cat?post=21978"},{"taxonomy":"product_tag","embeddable":true,"href":"https:\/\/kidsplay.lt\/lv\/wp-json\/wp\/v2\/product_tag?post=21978"}],"curies":[{"name":"wp","href":"https:\/\/api.w.org\/{rel}","templated":true}]}}