{"id":22124,"date":"2023-07-06T21:35:43","date_gmt":"2023-07-06T21:35:43","guid":{"rendered":"https:\/\/kidsplay.lt\/?post_type=product&#038;p=22124"},"modified":"2025-10-04T13:14:27","modified_gmt":"2025-10-04T10:14:27","slug":"vaikiskas-baseinas-dino","status":"publish","type":"product","link":"https:\/\/kidsplay.lt\/lv\/products\/vaikiskas-baseinas-dino\/","title":{"rendered":"Vaiki\u0161kas baseinas Dino"},"content":{"rendered":"<p>Vaiki\u0161kas baseinas Dino pagamintas i\u0161 tvirtos ir patvarios vinilo med\u017eiagos (PVC). Jame yra \u012fmontuotas purk\u0161tuvas \u2013 tiesiog prijunkite sodo \u017earn\u0105 ir vanduo prad\u0117s purk\u0161ti i\u0161 vir\u0161utin\u0117s arkos. Kad b\u016bt\u0173 patogiau naudotis, \u010diuo\u017eykla baigiasi nusileidimo kilim\u0117liu. Baseine yra i\u0161leidimo kam\u0161tis, leid\u017eiantis lengvai ir greitai i\u0161tu\u0161tinti basein\u0105. Prie vandens \u017eaidim\u0173 aik\u0161tel\u0117s pritvirtinti \u0161e\u0161i \u017eiedai ir \u0161e\u0161i kamuoliukai .<\/p>\n<p>Komplekte taip pat yra remonto pleistras, kurio d\u0117ka galite pataisyti bet kokius nedidelius pa\u017eeidimus.<\/p>\n<ul>\n<li>Vinilo storis: 0,30 mm<\/li>\n<li>Matmenys: 302 cm x 229 cm x 112 cm<\/li>\n<li>Svoris: 7,7 kg<\/li>\n<li>Talpa: 290 l<\/li>\n<li>Maksimalus vandens lygis: 14 cm<\/li>\n<\/ul>","protected":false},"excerpt":{"rendered":"<p>Vaiki\u0161kas baseinas Dino pagamintas i\u0161 tvirtos ir patvarios vinilo med\u017eiagos (PVC). Jame yra \u012fmontuotas purk\u0161tuvas \u2013 tiesiog prijunkite sodo \u017earn\u0105 ir vanduo prad\u0117s purk\u0161ti i\u0161 vir\u0161utin\u0117s arkos.<\/p>","protected":false},"featured_media":22269,"template":"","meta":{"_acf_changed":false,"_glsr_average":0,"_glsr_ranking":0,"_glsr_reviews":0},"product_brand":[],"product_cat":[233,390],"product_tag":[197],"class_list":{"0":"post-22124","1":"product","2":"type-product","3":"status-publish","4":"has-post-thumbnail","6":"product_cat-lauko-pramogos","7":"product_cat-vandens-pramogos","8":"product_tag-vaikiskas-baseinas","9":"\"style=\"background-color: #2ecc711c;\"","11":"first","12":"instock","13":"shipping-taxable","14":"purchasable","15":"product-type-simple"},"acf":[],"yoast_head":"<!-- This site is optimized with the Yoast SEO plugin v27.3 - https:\/\/yoast.com\/product\/yoast-seo-wordpress\/ -->\n<title>Vaiki\u0161kas baseinas Dino - KidsPlay<\/title>\n<meta name=\"description\" content=\"Vaiki\u0161kas baseinas Dino pagamintas i\u0161 tvirtos ir patvarios vinilo med\u017eiagos. \u012emontuotas purk\u0161tuvas \u2013 tiesiog prijunkite sodo \u017earn\u0105.\" \/>\n<meta name=\"robots\" content=\"index, follow, max-snippet:-1, max-image-preview:large, max-video-preview:-1\" \/>\n<link rel=\"canonical\" href=\"https:\/\/kidsplay.lt\/lv\/products\/vaikiskas-baseinas-dino\/\" \/>\n<meta property=\"og:locale\" content=\"lv_LV\" \/>\n<meta property=\"og:type\" content=\"article\" \/>\n<meta property=\"og:title\" content=\"Vaiki\u0161kas baseinas Dino - KidsPlay\" \/>\n<meta property=\"og:description\" content=\"Vaiki\u0161kas baseinas Dino pagamintas i\u0161 tvirtos ir patvarios vinilo med\u017eiagos. \u012emontuotas purk\u0161tuvas \u2013 tiesiog prijunkite sodo \u017earn\u0105.\" \/>\n<meta property=\"og:url\" content=\"https:\/\/kidsplay.lt\/lv\/products\/vaikiskas-baseinas-dino\/\" \/>\n<meta property=\"og:site_name\" content=\"KidsPlay\" \/>\n<meta property=\"article:publisher\" content=\"https:\/\/www.facebook.com\/www.kidsplay.lt\" \/>\n<meta property=\"article:modified_time\" content=\"2025-10-04T10:14:27+00:00\" \/>\n<meta property=\"og:image\" content=\"https:\/\/kidsplay.lt\/wp-content\/uploads\/2023\/07\/Vaikiskas-baseinas-Dino.webp\" \/>\n\t<meta property=\"og:image:width\" content=\"720\" \/>\n\t<meta property=\"og:image:height\" content=\"540\" \/>\n\t<meta property=\"og:image:type\" content=\"image\/webp\" \/>\n<meta name=\"twitter:card\" content=\"summary_large_image\" \/>\n<meta name=\"twitter:label1\" content=\"Est. reading time\" \/>\n\t<meta name=\"twitter:data1\" content=\"1 min\u016bte\" \/>\n<script type=\"application\/ld+json\" class=\"yoast-schema-graph\">{\"@context\":\"https:\\\/\\\/schema.org\",\"@graph\":[{\"@type\":\"WebPage\",\"@id\":\"https:\\\/\\\/kidsplay.lt\\\/produktas\\\/vaikiskas-baseinas-dino\\\/\",\"url\":\"https:\\\/\\\/kidsplay.lt\\\/produktas\\\/vaikiskas-baseinas-dino\\\/\",\"name\":\"Vaiki\u0161kas baseinas Dino - KidsPlay\",\"isPartOf\":{\"@id\":\"https:\\\/\\\/kidsplay.lt\\\/#website\"},\"primaryImageOfPage\":{\"@id\":\"https:\\\/\\\/kidsplay.lt\\\/produktas\\\/vaikiskas-baseinas-dino\\\/#primaryimage\"},\"image\":{\"@id\":\"https:\\\/\\\/kidsplay.lt\\\/produktas\\\/vaikiskas-baseinas-dino\\\/#primaryimage\"},\"thumbnailUrl\":\"https:\\\/\\\/kidsplay.lt\\\/wp-content\\\/uploads\\\/2023\\\/07\\\/Vaikiskas-baseinas-Dino.webp\",\"datePublished\":\"2023-07-06T21:35:43+00:00\",\"dateModified\":\"2025-10-04T10:14:27+00:00\",\"description\":\"Vaiki\u0161kas baseinas Dino pagamintas i\u0161 tvirtos ir patvarios vinilo med\u017eiagos. \u012emontuotas purk\u0161tuvas \u2013 tiesiog prijunkite sodo \u017earn\u0105.\",\"breadcrumb\":{\"@id\":\"https:\\\/\\\/kidsplay.lt\\\/produktas\\\/vaikiskas-baseinas-dino\\\/#breadcrumb\"},\"inLanguage\":\"lv-LV\",\"potentialAction\":[{\"@type\":\"ReadAction\",\"target\":[\"https:\\\/\\\/kidsplay.lt\\\/produktas\\\/vaikiskas-baseinas-dino\\\/\"]}]},{\"@type\":\"ImageObject\",\"inLanguage\":\"lv-LV\",\"@id\":\"https:\\\/\\\/kidsplay.lt\\\/produktas\\\/vaikiskas-baseinas-dino\\\/#primaryimage\",\"url\":\"https:\\\/\\\/kidsplay.lt\\\/wp-content\\\/uploads\\\/2023\\\/07\\\/Vaikiskas-baseinas-Dino.webp\",\"contentUrl\":\"https:\\\/\\\/kidsplay.lt\\\/wp-content\\\/uploads\\\/2023\\\/07\\\/Vaikiskas-baseinas-Dino.webp\",\"width\":720,\"height\":540},{\"@type\":\"BreadcrumbList\",\"@id\":\"https:\\\/\\\/kidsplay.lt\\\/produktas\\\/vaikiskas-baseinas-dino\\\/#breadcrumb\",\"itemListElement\":[{\"@type\":\"ListItem\",\"position\":1,\"name\":\"Pagrindinis\",\"item\":\"https:\\\/\\\/kidsplay.lt\\\/\"},{\"@type\":\"ListItem\",\"position\":2,\"name\":\"Parduotuv\u0117\",\"item\":\"https:\\\/\\\/kidsplay.lt\\\/parduotuve\\\/\"},{\"@type\":\"ListItem\",\"position\":3,\"name\":\"Vaiki\u0161kas baseinas Dino\"}]},{\"@type\":\"WebSite\",\"@id\":\"https:\\\/\\\/kidsplay.lt\\\/#website\",\"url\":\"https:\\\/\\\/kidsplay.lt\\\/\",\"name\":\"Kidsplay.lt\",\"description\":\"\u012evairios prek\u0117s vaikams\",\"publisher\":{\"@id\":\"https:\\\/\\\/kidsplay.lt\\\/#organization\"},\"alternateName\":\"Kidsplay\",\"potentialAction\":[{\"@type\":\"SearchAction\",\"target\":{\"@type\":\"EntryPoint\",\"urlTemplate\":\"https:\\\/\\\/kidsplay.lt\\\/?s={search_term_string}\"},\"query-input\":{\"@type\":\"PropertyValueSpecification\",\"valueRequired\":true,\"valueName\":\"search_term_string\"}}],\"inLanguage\":\"lv-LV\"},{\"@type\":\"Organization\",\"@id\":\"https:\\\/\\\/kidsplay.lt\\\/#organization\",\"name\":\"KidsPlay\",\"url\":\"https:\\\/\\\/kidsplay.lt\\\/\",\"logo\":{\"@type\":\"ImageObject\",\"inLanguage\":\"lv-LV\",\"@id\":\"https:\\\/\\\/kidsplay.lt\\\/#\\\/schema\\\/logo\\\/image\\\/\",\"url\":\"https:\\\/\\\/kidsplay.lt\\\/wp-content\\\/uploads\\\/2023\\\/07\\\/kidsplay-logo.png\",\"contentUrl\":\"https:\\\/\\\/kidsplay.lt\\\/wp-content\\\/uploads\\\/2023\\\/07\\\/kidsplay-logo.png\",\"width\":451,\"height\":98,\"caption\":\"KidsPlay\"},\"image\":{\"@id\":\"https:\\\/\\\/kidsplay.lt\\\/#\\\/schema\\\/logo\\\/image\\\/\"},\"sameAs\":[\"https:\\\/\\\/www.facebook.com\\\/www.kidsplay.lt\"]}]}<\/script>\n<!-- \/ Yoast SEO plugin. -->","yoast_head_json":{"title":"Vaiki\u0161kas baseinas Dino - KidsPlay","description":"Vaiki\u0161kas baseinas Dino pagamintas i\u0161 tvirtos ir patvarios vinilo med\u017eiagos. \u012emontuotas purk\u0161tuvas \u2013 tiesiog prijunkite sodo \u017earn\u0105.","robots":{"index":"index","follow":"follow","max-snippet":"max-snippet:-1","max-image-preview":"max-image-preview:large","max-video-preview":"max-video-preview:-1"},"canonical":"https:\/\/kidsplay.lt\/lv\/products\/vaikiskas-baseinas-dino\/","og_locale":"lv_LV","og_type":"article","og_title":"Vaiki\u0161kas baseinas Dino - KidsPlay","og_description":"Vaiki\u0161kas baseinas Dino pagamintas i\u0161 tvirtos ir patvarios vinilo med\u017eiagos. \u012emontuotas purk\u0161tuvas \u2013 tiesiog prijunkite sodo \u017earn\u0105.","og_url":"https:\/\/kidsplay.lt\/lv\/products\/vaikiskas-baseinas-dino\/","og_site_name":"KidsPlay","article_publisher":"https:\/\/www.facebook.com\/www.kidsplay.lt","article_modified_time":"2025-10-04T10:14:27+00:00","og_image":[{"width":720,"height":540,"url":"https:\/\/kidsplay.lt\/wp-content\/uploads\/2023\/07\/Vaikiskas-baseinas-Dino.webp","type":"image\/webp"}],"twitter_card":"summary_large_image","twitter_misc":{"Est. reading time":"1 min\u016bte"},"schema":{"@context":"https:\/\/schema.org","@graph":[{"@type":"WebPage","@id":"https:\/\/kidsplay.lt\/produktas\/vaikiskas-baseinas-dino\/","url":"https:\/\/kidsplay.lt\/produktas\/vaikiskas-baseinas-dino\/","name":"Vaiki\u0161kas baseinas Dino - KidsPlay","isPartOf":{"@id":"https:\/\/kidsplay.lt\/#website"},"primaryImageOfPage":{"@id":"https:\/\/kidsplay.lt\/produktas\/vaikiskas-baseinas-dino\/#primaryimage"},"image":{"@id":"https:\/\/kidsplay.lt\/produktas\/vaikiskas-baseinas-dino\/#primaryimage"},"thumbnailUrl":"https:\/\/kidsplay.lt\/wp-content\/uploads\/2023\/07\/Vaikiskas-baseinas-Dino.webp","datePublished":"2023-07-06T21:35:43+00:00","dateModified":"2025-10-04T10:14:27+00:00","description":"Vaiki\u0161kas baseinas Dino pagamintas i\u0161 tvirtos ir patvarios vinilo med\u017eiagos. \u012emontuotas purk\u0161tuvas \u2013 tiesiog prijunkite sodo \u017earn\u0105.","breadcrumb":{"@id":"https:\/\/kidsplay.lt\/produktas\/vaikiskas-baseinas-dino\/#breadcrumb"},"inLanguage":"lv-LV","potentialAction":[{"@type":"ReadAction","target":["https:\/\/kidsplay.lt\/produktas\/vaikiskas-baseinas-dino\/"]}]},{"@type":"ImageObject","inLanguage":"lv-LV","@id":"https:\/\/kidsplay.lt\/produktas\/vaikiskas-baseinas-dino\/#primaryimage","url":"https:\/\/kidsplay.lt\/wp-content\/uploads\/2023\/07\/Vaikiskas-baseinas-Dino.webp","contentUrl":"https:\/\/kidsplay.lt\/wp-content\/uploads\/2023\/07\/Vaikiskas-baseinas-Dino.webp","width":720,"height":540},{"@type":"BreadcrumbList","@id":"https:\/\/kidsplay.lt\/produktas\/vaikiskas-baseinas-dino\/#breadcrumb","itemListElement":[{"@type":"ListItem","position":1,"name":"Pagrindinis","item":"https:\/\/kidsplay.lt\/"},{"@type":"ListItem","position":2,"name":"Parduotuv\u0117","item":"https:\/\/kidsplay.lt\/parduotuve\/"},{"@type":"ListItem","position":3,"name":"Vaiki\u0161kas baseinas Dino"}]},{"@type":"WebSite","@id":"https:\/\/kidsplay.lt\/#website","url":"https:\/\/kidsplay.lt\/","name":"B\u0113rnu sp\u0113les.lv","description":"\u012evairios prek\u0117s vaikams","publisher":{"@id":"https:\/\/kidsplay.lt\/#organization"},"alternateName":"Kidsplay","potentialAction":[{"@type":"SearchAction","target":{"@type":"EntryPoint","urlTemplate":"https:\/\/kidsplay.lt\/?s={search_term_string}"},"query-input":{"@type":"PropertyValueSpecification","valueRequired":true,"valueName":"search_term_string"}}],"inLanguage":"lv-LV"},{"@type":"Organization","@id":"https:\/\/kidsplay.lt\/#organization","name":"B\u0113rnu sp\u0113le","url":"https:\/\/kidsplay.lt\/","logo":{"@type":"ImageObject","inLanguage":"lv-LV","@id":"https:\/\/kidsplay.lt\/#\/schema\/logo\/image\/","url":"https:\/\/kidsplay.lt\/wp-content\/uploads\/2023\/07\/kidsplay-logo.png","contentUrl":"https:\/\/kidsplay.lt\/wp-content\/uploads\/2023\/07\/kidsplay-logo.png","width":451,"height":98,"caption":"KidsPlay"},"image":{"@id":"https:\/\/kidsplay.lt\/#\/schema\/logo\/image\/"},"sameAs":["https:\/\/www.facebook.com\/www.kidsplay.lt"]}]}},"_links":{"self":[{"href":"https:\/\/kidsplay.lt\/lv\/wp-json\/wp\/v2\/product\/22124","targetHints":{"allow":["GET"]}}],"collection":[{"href":"https:\/\/kidsplay.lt\/lv\/wp-json\/wp\/v2\/product"}],"about":[{"href":"https:\/\/kidsplay.lt\/lv\/wp-json\/wp\/v2\/types\/product"}],"version-history":[{"count":1,"href":"https:\/\/kidsplay.lt\/lv\/wp-json\/wp\/v2\/product\/22124\/revisions"}],"predecessor-version":[{"id":74345,"href":"https:\/\/kidsplay.lt\/lv\/wp-json\/wp\/v2\/product\/22124\/revisions\/74345"}],"wp:featuredmedia":[{"embeddable":true,"href":"https:\/\/kidsplay.lt\/lv\/wp-json\/wp\/v2\/media\/22269"}],"wp:attachment":[{"href":"https:\/\/kidsplay.lt\/lv\/wp-json\/wp\/v2\/media?parent=22124"}],"wp:term":[{"taxonomy":"product_brand","embeddable":true,"href":"https:\/\/kidsplay.lt\/lv\/wp-json\/wp\/v2\/product_brand?post=22124"},{"taxonomy":"product_cat","embeddable":true,"href":"https:\/\/kidsplay.lt\/lv\/wp-json\/wp\/v2\/product_cat?post=22124"},{"taxonomy":"product_tag","embeddable":true,"href":"https:\/\/kidsplay.lt\/lv\/wp-json\/wp\/v2\/product_tag?post=22124"}],"curies":[{"name":"wp","href":"https:\/\/api.w.org\/{rel}","templated":true}]}}