{"id":22369,"date":"2023-07-06T21:39:03","date_gmt":"2023-07-06T21:39:03","guid":{"rendered":"https:\/\/kidsplay.lt\/?post_type=product&#038;p=22369"},"modified":"2026-02-25T16:17:17","modified_gmt":"2026-02-25T14:17:17","slug":"pripuciama-kudikio-vonele","status":"publish","type":"product","link":"https:\/\/kidsplay.lt\/lv\/products\/pripuciama-kudikio-vonele\/","title":{"rendered":"Pripu\u010diama k\u016bdikio vonel\u0117"},"content":{"rendered":"<p>Pripu\u010diama k\u016bdikio vonel\u0117 puikiai tiks namuose ir kelion\u0117je. Ma\u017ea, kompakti\u0161ka, j\u0105 galima greitai prip\u016bsti ir taip pat greitai sulankstyti. Vonel\u0117 pagaminta i\u0161 tvirtos vinilo med\u017eiagos, atsparios pa\u017eeidimams. Pagaminta labai atsargiai, ji suteiks j\u016bs\u0173 vaikui komforto ir d\u017eiaugsmo maudantis.<\/p>\n<ul>\n<li>matmenys 86 x 86 x 25 cm cm<\/li>\n<li>vaikams nuo 0-2 met\u0173<\/li>\n<li>svoris &#8211; 0,90 kg<\/li>\n<li>med\u017eiaga &#8211; PVC &#8211; 0,25 mm<\/li>\n<\/ul>","protected":false},"excerpt":{"rendered":"<p>Pripu\u010diama k\u016bdikio vonel\u0117 puikiai tiks namuose ir kelion\u0117je. Ma\u017ea, kompakti\u0161ka, j\u0105 galima greitai prip\u016bsti ir taip pat greitai sulankstyti.<\/p>","protected":false},"featured_media":22455,"template":"","meta":{"_acf_changed":false,"_glsr_average":0,"_glsr_ranking":0,"_glsr_reviews":0},"product_brand":[],"product_cat":[233,390,284],"product_tag":[197],"class_list":{"0":"post-22369","1":"product","2":"type-product","3":"status-publish","4":"has-post-thumbnail","6":"product_cat-lauko-pramogos","7":"product_cat-vandens-pramogos","8":"product_cat-vonios-reikmenys","9":"product_tag-vaikiskas-baseinas","10":"\"style=\"background-color: #2ecc711c;\"","12":"first","13":"instock","14":"shipping-taxable","15":"purchasable","16":"product-type-simple"},"acf":[],"yoast_head":"<!-- This site is optimized with the Yoast SEO plugin v27.3 - https:\/\/yoast.com\/product\/yoast-seo-wordpress\/ -->\n<title>Pripu\u010diama k\u016bdikio vonel\u0117 - KidsPlay<\/title>\n<meta name=\"description\" content=\"Pripu\u010diama k\u016bdikio vonel\u0117 puikiai tiks namuose ir kelion\u0117je. Ma\u017ea, kompakti\u0161ka, j\u0105 galima greitai prip\u016bsti ir taip pat greitai sulankstyti.\" \/>\n<meta name=\"robots\" content=\"index, follow, max-snippet:-1, max-image-preview:large, max-video-preview:-1\" \/>\n<link rel=\"canonical\" href=\"https:\/\/kidsplay.lt\/lv\/products\/pripuciama-kudikio-vonele\/\" \/>\n<meta property=\"og:locale\" content=\"lv_LV\" \/>\n<meta property=\"og:type\" content=\"article\" \/>\n<meta property=\"og:title\" content=\"Pripu\u010diama k\u016bdikio vonel\u0117 - KidsPlay\" \/>\n<meta property=\"og:description\" content=\"Pripu\u010diama k\u016bdikio vonel\u0117 puikiai tiks namuose ir kelion\u0117je. Ma\u017ea, kompakti\u0161ka, j\u0105 galima greitai prip\u016bsti ir taip pat greitai sulankstyti.\" \/>\n<meta property=\"og:url\" content=\"https:\/\/kidsplay.lt\/lv\/products\/pripuciama-kudikio-vonele\/\" \/>\n<meta property=\"og:site_name\" content=\"KidsPlay\" \/>\n<meta property=\"article:publisher\" content=\"https:\/\/www.facebook.com\/www.kidsplay.lt\" \/>\n<meta property=\"article:modified_time\" content=\"2026-02-25T14:17:17+00:00\" \/>\n<meta property=\"og:image\" content=\"https:\/\/kidsplay.lt\/wp-content\/uploads\/2023\/07\/Pripuciama-kudikio-vonele4.webp\" \/>\n\t<meta property=\"og:image:width\" content=\"768\" \/>\n\t<meta property=\"og:image:height\" content=\"768\" \/>\n\t<meta property=\"og:image:type\" content=\"image\/webp\" \/>\n<meta name=\"twitter:card\" content=\"summary_large_image\" \/>\n<meta name=\"twitter:label1\" content=\"Est. reading time\" \/>\n\t<meta name=\"twitter:data1\" content=\"1 min\u016bte\" \/>\n<script type=\"application\/ld+json\" class=\"yoast-schema-graph\">{\"@context\":\"https:\\\/\\\/schema.org\",\"@graph\":[{\"@type\":\"WebPage\",\"@id\":\"https:\\\/\\\/kidsplay.lt\\\/produktas\\\/pripuciama-kudikio-vonele\\\/\",\"url\":\"https:\\\/\\\/kidsplay.lt\\\/produktas\\\/pripuciama-kudikio-vonele\\\/\",\"name\":\"Pripu\u010diama k\u016bdikio vonel\u0117 - KidsPlay\",\"isPartOf\":{\"@id\":\"https:\\\/\\\/kidsplay.lt\\\/#website\"},\"primaryImageOfPage\":{\"@id\":\"https:\\\/\\\/kidsplay.lt\\\/produktas\\\/pripuciama-kudikio-vonele\\\/#primaryimage\"},\"image\":{\"@id\":\"https:\\\/\\\/kidsplay.lt\\\/produktas\\\/pripuciama-kudikio-vonele\\\/#primaryimage\"},\"thumbnailUrl\":\"https:\\\/\\\/kidsplay.lt\\\/wp-content\\\/uploads\\\/2023\\\/07\\\/Pripuciama-kudikio-vonele4.webp\",\"datePublished\":\"2023-07-06T21:39:03+00:00\",\"dateModified\":\"2026-02-25T14:17:17+00:00\",\"description\":\"Pripu\u010diama k\u016bdikio vonel\u0117 puikiai tiks namuose ir kelion\u0117je. Ma\u017ea, kompakti\u0161ka, j\u0105 galima greitai prip\u016bsti ir taip pat greitai sulankstyti.\",\"breadcrumb\":{\"@id\":\"https:\\\/\\\/kidsplay.lt\\\/produktas\\\/pripuciama-kudikio-vonele\\\/#breadcrumb\"},\"inLanguage\":\"lv-LV\",\"potentialAction\":[{\"@type\":\"ReadAction\",\"target\":[\"https:\\\/\\\/kidsplay.lt\\\/produktas\\\/pripuciama-kudikio-vonele\\\/\"]}]},{\"@type\":\"ImageObject\",\"inLanguage\":\"lv-LV\",\"@id\":\"https:\\\/\\\/kidsplay.lt\\\/produktas\\\/pripuciama-kudikio-vonele\\\/#primaryimage\",\"url\":\"https:\\\/\\\/kidsplay.lt\\\/wp-content\\\/uploads\\\/2023\\\/07\\\/Pripuciama-kudikio-vonele4.webp\",\"contentUrl\":\"https:\\\/\\\/kidsplay.lt\\\/wp-content\\\/uploads\\\/2023\\\/07\\\/Pripuciama-kudikio-vonele4.webp\",\"width\":768,\"height\":768},{\"@type\":\"BreadcrumbList\",\"@id\":\"https:\\\/\\\/kidsplay.lt\\\/produktas\\\/pripuciama-kudikio-vonele\\\/#breadcrumb\",\"itemListElement\":[{\"@type\":\"ListItem\",\"position\":1,\"name\":\"Pagrindinis\",\"item\":\"https:\\\/\\\/kidsplay.lt\\\/\"},{\"@type\":\"ListItem\",\"position\":2,\"name\":\"Parduotuv\u0117\",\"item\":\"https:\\\/\\\/kidsplay.lt\\\/parduotuve\\\/\"},{\"@type\":\"ListItem\",\"position\":3,\"name\":\"Pripu\u010diama k\u016bdikio vonel\u0117\"}]},{\"@type\":\"WebSite\",\"@id\":\"https:\\\/\\\/kidsplay.lt\\\/#website\",\"url\":\"https:\\\/\\\/kidsplay.lt\\\/\",\"name\":\"Kidsplay.lt\",\"description\":\"\u012evairios prek\u0117s vaikams\",\"publisher\":{\"@id\":\"https:\\\/\\\/kidsplay.lt\\\/#organization\"},\"alternateName\":\"Kidsplay\",\"potentialAction\":[{\"@type\":\"SearchAction\",\"target\":{\"@type\":\"EntryPoint\",\"urlTemplate\":\"https:\\\/\\\/kidsplay.lt\\\/?s={search_term_string}\"},\"query-input\":{\"@type\":\"PropertyValueSpecification\",\"valueRequired\":true,\"valueName\":\"search_term_string\"}}],\"inLanguage\":\"lv-LV\"},{\"@type\":\"Organization\",\"@id\":\"https:\\\/\\\/kidsplay.lt\\\/#organization\",\"name\":\"KidsPlay\",\"url\":\"https:\\\/\\\/kidsplay.lt\\\/\",\"logo\":{\"@type\":\"ImageObject\",\"inLanguage\":\"lv-LV\",\"@id\":\"https:\\\/\\\/kidsplay.lt\\\/#\\\/schema\\\/logo\\\/image\\\/\",\"url\":\"https:\\\/\\\/kidsplay.lt\\\/wp-content\\\/uploads\\\/2023\\\/07\\\/kidsplay-logo.png\",\"contentUrl\":\"https:\\\/\\\/kidsplay.lt\\\/wp-content\\\/uploads\\\/2023\\\/07\\\/kidsplay-logo.png\",\"width\":451,\"height\":98,\"caption\":\"KidsPlay\"},\"image\":{\"@id\":\"https:\\\/\\\/kidsplay.lt\\\/#\\\/schema\\\/logo\\\/image\\\/\"},\"sameAs\":[\"https:\\\/\\\/www.facebook.com\\\/www.kidsplay.lt\"]}]}<\/script>\n<!-- \/ Yoast SEO plugin. -->","yoast_head_json":{"title":"Pripu\u010diama k\u016bdikio vonel\u0117 - KidsPlay","description":"Pripu\u010diama k\u016bdikio vonel\u0117 puikiai tiks namuose ir kelion\u0117je. Ma\u017ea, kompakti\u0161ka, j\u0105 galima greitai prip\u016bsti ir taip pat greitai sulankstyti.","robots":{"index":"index","follow":"follow","max-snippet":"max-snippet:-1","max-image-preview":"max-image-preview:large","max-video-preview":"max-video-preview:-1"},"canonical":"https:\/\/kidsplay.lt\/lv\/products\/pripuciama-kudikio-vonele\/","og_locale":"lv_LV","og_type":"article","og_title":"Pripu\u010diama k\u016bdikio vonel\u0117 - KidsPlay","og_description":"Pripu\u010diama k\u016bdikio vonel\u0117 puikiai tiks namuose ir kelion\u0117je. Ma\u017ea, kompakti\u0161ka, j\u0105 galima greitai prip\u016bsti ir taip pat greitai sulankstyti.","og_url":"https:\/\/kidsplay.lt\/lv\/products\/pripuciama-kudikio-vonele\/","og_site_name":"KidsPlay","article_publisher":"https:\/\/www.facebook.com\/www.kidsplay.lt","article_modified_time":"2026-02-25T14:17:17+00:00","og_image":[{"width":768,"height":768,"url":"https:\/\/kidsplay.lt\/wp-content\/uploads\/2023\/07\/Pripuciama-kudikio-vonele4.webp","type":"image\/webp"}],"twitter_card":"summary_large_image","twitter_misc":{"Est. reading time":"1 min\u016bte"},"schema":{"@context":"https:\/\/schema.org","@graph":[{"@type":"WebPage","@id":"https:\/\/kidsplay.lt\/produktas\/pripuciama-kudikio-vonele\/","url":"https:\/\/kidsplay.lt\/produktas\/pripuciama-kudikio-vonele\/","name":"Pripu\u010diama k\u016bdikio vonel\u0117 - KidsPlay","isPartOf":{"@id":"https:\/\/kidsplay.lt\/#website"},"primaryImageOfPage":{"@id":"https:\/\/kidsplay.lt\/produktas\/pripuciama-kudikio-vonele\/#primaryimage"},"image":{"@id":"https:\/\/kidsplay.lt\/produktas\/pripuciama-kudikio-vonele\/#primaryimage"},"thumbnailUrl":"https:\/\/kidsplay.lt\/wp-content\/uploads\/2023\/07\/Pripuciama-kudikio-vonele4.webp","datePublished":"2023-07-06T21:39:03+00:00","dateModified":"2026-02-25T14:17:17+00:00","description":"Pripu\u010diama k\u016bdikio vonel\u0117 puikiai tiks namuose ir kelion\u0117je. Ma\u017ea, kompakti\u0161ka, j\u0105 galima greitai prip\u016bsti ir taip pat greitai sulankstyti.","breadcrumb":{"@id":"https:\/\/kidsplay.lt\/produktas\/pripuciama-kudikio-vonele\/#breadcrumb"},"inLanguage":"lv-LV","potentialAction":[{"@type":"ReadAction","target":["https:\/\/kidsplay.lt\/produktas\/pripuciama-kudikio-vonele\/"]}]},{"@type":"ImageObject","inLanguage":"lv-LV","@id":"https:\/\/kidsplay.lt\/produktas\/pripuciama-kudikio-vonele\/#primaryimage","url":"https:\/\/kidsplay.lt\/wp-content\/uploads\/2023\/07\/Pripuciama-kudikio-vonele4.webp","contentUrl":"https:\/\/kidsplay.lt\/wp-content\/uploads\/2023\/07\/Pripuciama-kudikio-vonele4.webp","width":768,"height":768},{"@type":"BreadcrumbList","@id":"https:\/\/kidsplay.lt\/produktas\/pripuciama-kudikio-vonele\/#breadcrumb","itemListElement":[{"@type":"ListItem","position":1,"name":"Pagrindinis","item":"https:\/\/kidsplay.lt\/"},{"@type":"ListItem","position":2,"name":"Parduotuv\u0117","item":"https:\/\/kidsplay.lt\/parduotuve\/"},{"@type":"ListItem","position":3,"name":"Pripu\u010diama k\u016bdikio vonel\u0117"}]},{"@type":"WebSite","@id":"https:\/\/kidsplay.lt\/#website","url":"https:\/\/kidsplay.lt\/","name":"B\u0113rnu sp\u0113les.lv","description":"\u012evairios prek\u0117s vaikams","publisher":{"@id":"https:\/\/kidsplay.lt\/#organization"},"alternateName":"Kidsplay","potentialAction":[{"@type":"SearchAction","target":{"@type":"EntryPoint","urlTemplate":"https:\/\/kidsplay.lt\/?s={search_term_string}"},"query-input":{"@type":"PropertyValueSpecification","valueRequired":true,"valueName":"search_term_string"}}],"inLanguage":"lv-LV"},{"@type":"Organization","@id":"https:\/\/kidsplay.lt\/#organization","name":"B\u0113rnu sp\u0113le","url":"https:\/\/kidsplay.lt\/","logo":{"@type":"ImageObject","inLanguage":"lv-LV","@id":"https:\/\/kidsplay.lt\/#\/schema\/logo\/image\/","url":"https:\/\/kidsplay.lt\/wp-content\/uploads\/2023\/07\/kidsplay-logo.png","contentUrl":"https:\/\/kidsplay.lt\/wp-content\/uploads\/2023\/07\/kidsplay-logo.png","width":451,"height":98,"caption":"KidsPlay"},"image":{"@id":"https:\/\/kidsplay.lt\/#\/schema\/logo\/image\/"},"sameAs":["https:\/\/www.facebook.com\/www.kidsplay.lt"]}]}},"_links":{"self":[{"href":"https:\/\/kidsplay.lt\/lv\/wp-json\/wp\/v2\/product\/22369","targetHints":{"allow":["GET"]}}],"collection":[{"href":"https:\/\/kidsplay.lt\/lv\/wp-json\/wp\/v2\/product"}],"about":[{"href":"https:\/\/kidsplay.lt\/lv\/wp-json\/wp\/v2\/types\/product"}],"version-history":[{"count":1,"href":"https:\/\/kidsplay.lt\/lv\/wp-json\/wp\/v2\/product\/22369\/revisions"}],"predecessor-version":[{"id":72239,"href":"https:\/\/kidsplay.lt\/lv\/wp-json\/wp\/v2\/product\/22369\/revisions\/72239"}],"wp:featuredmedia":[{"embeddable":true,"href":"https:\/\/kidsplay.lt\/lv\/wp-json\/wp\/v2\/media\/22455"}],"wp:attachment":[{"href":"https:\/\/kidsplay.lt\/lv\/wp-json\/wp\/v2\/media?parent=22369"}],"wp:term":[{"taxonomy":"product_brand","embeddable":true,"href":"https:\/\/kidsplay.lt\/lv\/wp-json\/wp\/v2\/product_brand?post=22369"},{"taxonomy":"product_cat","embeddable":true,"href":"https:\/\/kidsplay.lt\/lv\/wp-json\/wp\/v2\/product_cat?post=22369"},{"taxonomy":"product_tag","embeddable":true,"href":"https:\/\/kidsplay.lt\/lv\/wp-json\/wp\/v2\/product_tag?post=22369"}],"curies":[{"name":"wp","href":"https:\/\/api.w.org\/{rel}","templated":true}]}}