{"id":22469,"date":"2023-07-06T21:40:18","date_gmt":"2023-07-06T21:40:18","guid":{"rendered":"https:\/\/kidsplay.lt\/?post_type=product&#038;p=22469"},"modified":"2026-04-19T10:00:38","modified_gmt":"2026-04-19T07:00:38","slug":"baseinas-zaidimu-aikstele","status":"publish","type":"product","link":"https:\/\/kidsplay.lt\/lv\/products\/baseinas-zaidimu-aikstele\/","title":{"rendered":"Peldbaseina rota\u013cu laukums"},"content":{"rendered":"<p>Baseinas \u017eaidim\u0173 aik\u0161tel\u0117 \u2013 tai vieta, kurioje gausu atrakcion\u0173 vaikams, kurie u\u017etikrins puiki\u0105 pramog\u0105 ir i\u0161laikys ger\u0105 nuotaik\u0105. \u017daidim\u0173 aik\u0161tel\u0117 i\u0161siskiria tvirta konstrukcija ir ilgaam\u017ei\u0161kumu. Ji pagaminta i\u0161 0,27 mm storio vinilo med\u017eiagos.<\/p>\n<ul>\n<li>Matmenys: 435 x 213 x 117 cm<\/li>\n<li>Med\u017eiaga: PVC<\/li>\n<li>Svoris: 7,35 kg<\/li>\n<li>Talpa: 314 litr\u0173<\/li>\n<li>Rekomenduojamas am\u017eius: nuo 2 met\u0173<\/li>\n<\/ul>","protected":false},"excerpt":{"rendered":"<p>Baseinas \u017eaidim\u0173 aik\u0161tel\u0117 \u2013 tai vieta, kurioje gausu atrakcion\u0173 vaikams, kurie u\u017etikrins puiki\u0105 pramog\u0105 ir i\u0161laikys ger\u0105 nuotaik\u0105.<\/p>","protected":false},"featured_media":22596,"template":"","meta":{"_acf_changed":false,"_glsr_average":0,"_glsr_ranking":0,"_glsr_reviews":0},"product_brand":[],"product_cat":[233,390],"product_tag":[197],"class_list":{"0":"post-22469","1":"product","2":"type-product","3":"status-publish","4":"has-post-thumbnail","6":"product_cat-lauko-pramogos","7":"product_cat-vandens-pramogos","8":"product_tag-vaikiskas-baseinas","9":"\"style=\"background-color: #2ecc711c;\"","11":"first","12":"instock","13":"shipping-taxable","14":"purchasable","15":"product-type-simple"},"acf":[],"yoast_head":"<!-- This site is optimized with the Yoast SEO plugin v27.4 - https:\/\/yoast.com\/product\/yoast-seo-wordpress\/ -->\n<title>Baseinas \u017eaidim\u0173 aik\u0161tel\u0117 - KidsPlay<\/title>\n<meta name=\"description\" content=\"Baseinas \u017eaidim\u0173 aik\u0161tel\u0117 \u2013 tai vieta, kurioje gausu atrakcion\u0173 vaikams, kurie u\u017etikrins puiki\u0105 pramog\u0105 ir i\u0161laikys ger\u0105 nuotaik\u0105.\" \/>\n<meta name=\"robots\" content=\"index, follow, max-snippet:-1, max-image-preview:large, max-video-preview:-1\" \/>\n<link rel=\"canonical\" href=\"https:\/\/kidsplay.lt\/lv\/products\/baseinas-zaidimu-aikstele\/\" \/>\n<meta property=\"og:locale\" content=\"lv_LV\" \/>\n<meta property=\"og:type\" content=\"article\" \/>\n<meta property=\"og:title\" content=\"Baseinas \u017eaidim\u0173 aik\u0161tel\u0117 - KidsPlay\" \/>\n<meta property=\"og:description\" content=\"Baseinas \u017eaidim\u0173 aik\u0161tel\u0117 \u2013 tai vieta, kurioje gausu atrakcion\u0173 vaikams, kurie u\u017etikrins puiki\u0105 pramog\u0105 ir i\u0161laikys ger\u0105 nuotaik\u0105.\" \/>\n<meta property=\"og:url\" content=\"https:\/\/kidsplay.lt\/lv\/products\/baseinas-zaidimu-aikstele\/\" \/>\n<meta property=\"og:site_name\" content=\"KidsPlay\" \/>\n<meta property=\"article:publisher\" content=\"https:\/\/www.facebook.com\/www.kidsplay.lt\" \/>\n<meta property=\"article:modified_time\" content=\"2026-04-19T07:00:38+00:00\" \/>\n<meta property=\"og:image\" content=\"https:\/\/kidsplay.lt\/wp-content\/uploads\/2023\/07\/Baseinas-zaidimu-aikstele.jpg\" \/>\n\t<meta property=\"og:image:width\" content=\"2560\" \/>\n\t<meta property=\"og:image:height\" content=\"1702\" \/>\n\t<meta property=\"og:image:type\" content=\"image\/jpeg\" \/>\n<meta name=\"twitter:card\" content=\"summary_large_image\" \/>\n<meta name=\"twitter:label1\" content=\"Est. reading time\" \/>\n\t<meta name=\"twitter:data1\" content=\"1 min\u016bte\" \/>\n<script type=\"application\/ld+json\" class=\"yoast-schema-graph\">{\"@context\":\"https:\\\/\\\/schema.org\",\"@graph\":[{\"@type\":\"WebPage\",\"@id\":\"https:\\\/\\\/kidsplay.lt\\\/produktas\\\/baseinas-zaidimu-aikstele\\\/\",\"url\":\"https:\\\/\\\/kidsplay.lt\\\/produktas\\\/baseinas-zaidimu-aikstele\\\/\",\"name\":\"Baseinas \u017eaidim\u0173 aik\u0161tel\u0117 - KidsPlay\",\"isPartOf\":{\"@id\":\"https:\\\/\\\/kidsplay.lt\\\/#website\"},\"primaryImageOfPage\":{\"@id\":\"https:\\\/\\\/kidsplay.lt\\\/produktas\\\/baseinas-zaidimu-aikstele\\\/#primaryimage\"},\"image\":{\"@id\":\"https:\\\/\\\/kidsplay.lt\\\/produktas\\\/baseinas-zaidimu-aikstele\\\/#primaryimage\"},\"thumbnailUrl\":\"https:\\\/\\\/kidsplay.lt\\\/wp-content\\\/uploads\\\/2023\\\/07\\\/Baseinas-zaidimu-aikstele.jpg\",\"datePublished\":\"2023-07-06T21:40:18+00:00\",\"dateModified\":\"2026-04-19T07:00:38+00:00\",\"description\":\"Baseinas \u017eaidim\u0173 aik\u0161tel\u0117 \u2013 tai vieta, kurioje gausu atrakcion\u0173 vaikams, kurie u\u017etikrins puiki\u0105 pramog\u0105 ir i\u0161laikys ger\u0105 nuotaik\u0105.\",\"breadcrumb\":{\"@id\":\"https:\\\/\\\/kidsplay.lt\\\/produktas\\\/baseinas-zaidimu-aikstele\\\/#breadcrumb\"},\"inLanguage\":\"lv-LV\",\"potentialAction\":[{\"@type\":\"ReadAction\",\"target\":[\"https:\\\/\\\/kidsplay.lt\\\/produktas\\\/baseinas-zaidimu-aikstele\\\/\"]}]},{\"@type\":\"ImageObject\",\"inLanguage\":\"lv-LV\",\"@id\":\"https:\\\/\\\/kidsplay.lt\\\/produktas\\\/baseinas-zaidimu-aikstele\\\/#primaryimage\",\"url\":\"https:\\\/\\\/kidsplay.lt\\\/wp-content\\\/uploads\\\/2023\\\/07\\\/Baseinas-zaidimu-aikstele.jpg\",\"contentUrl\":\"https:\\\/\\\/kidsplay.lt\\\/wp-content\\\/uploads\\\/2023\\\/07\\\/Baseinas-zaidimu-aikstele.jpg\",\"width\":2560,\"height\":1702},{\"@type\":\"BreadcrumbList\",\"@id\":\"https:\\\/\\\/kidsplay.lt\\\/produktas\\\/baseinas-zaidimu-aikstele\\\/#breadcrumb\",\"itemListElement\":[{\"@type\":\"ListItem\",\"position\":1,\"name\":\"Pagrindinis\",\"item\":\"https:\\\/\\\/kidsplay.lt\\\/\"},{\"@type\":\"ListItem\",\"position\":2,\"name\":\"Parduotuv\u0117\",\"item\":\"https:\\\/\\\/kidsplay.lt\\\/parduotuve\\\/\"},{\"@type\":\"ListItem\",\"position\":3,\"name\":\"Baseinas \u017eaidim\u0173 aik\u0161tel\u0117\"}]},{\"@type\":\"WebSite\",\"@id\":\"https:\\\/\\\/kidsplay.lt\\\/#website\",\"url\":\"https:\\\/\\\/kidsplay.lt\\\/\",\"name\":\"Kidsplay.lt\",\"description\":\"\u012evairios prek\u0117s vaikams\",\"publisher\":{\"@id\":\"https:\\\/\\\/kidsplay.lt\\\/#organization\"},\"alternateName\":\"Kidsplay\",\"potentialAction\":[{\"@type\":\"SearchAction\",\"target\":{\"@type\":\"EntryPoint\",\"urlTemplate\":\"https:\\\/\\\/kidsplay.lt\\\/?s={search_term_string}\"},\"query-input\":{\"@type\":\"PropertyValueSpecification\",\"valueRequired\":true,\"valueName\":\"search_term_string\"}}],\"inLanguage\":\"lv-LV\"},{\"@type\":\"Organization\",\"@id\":\"https:\\\/\\\/kidsplay.lt\\\/#organization\",\"name\":\"KidsPlay\",\"url\":\"https:\\\/\\\/kidsplay.lt\\\/\",\"logo\":{\"@type\":\"ImageObject\",\"inLanguage\":\"lv-LV\",\"@id\":\"https:\\\/\\\/kidsplay.lt\\\/#\\\/schema\\\/logo\\\/image\\\/\",\"url\":\"https:\\\/\\\/kidsplay.lt\\\/wp-content\\\/uploads\\\/2023\\\/07\\\/kidsplay-logo.png\",\"contentUrl\":\"https:\\\/\\\/kidsplay.lt\\\/wp-content\\\/uploads\\\/2023\\\/07\\\/kidsplay-logo.png\",\"width\":451,\"height\":98,\"caption\":\"KidsPlay\"},\"image\":{\"@id\":\"https:\\\/\\\/kidsplay.lt\\\/#\\\/schema\\\/logo\\\/image\\\/\"},\"sameAs\":[\"https:\\\/\\\/www.facebook.com\\\/www.kidsplay.lt\"]}]}<\/script>\n<!-- \/ Yoast SEO plugin. -->","yoast_head_json":{"title":"Baseinas \u017eaidim\u0173 aik\u0161tel\u0117 - KidsPlay","description":"Baseinas \u017eaidim\u0173 aik\u0161tel\u0117 \u2013 tai vieta, kurioje gausu atrakcion\u0173 vaikams, kurie u\u017etikrins puiki\u0105 pramog\u0105 ir i\u0161laikys ger\u0105 nuotaik\u0105.","robots":{"index":"index","follow":"follow","max-snippet":"max-snippet:-1","max-image-preview":"max-image-preview:large","max-video-preview":"max-video-preview:-1"},"canonical":"https:\/\/kidsplay.lt\/lv\/products\/baseinas-zaidimu-aikstele\/","og_locale":"lv_LV","og_type":"article","og_title":"Baseinas \u017eaidim\u0173 aik\u0161tel\u0117 - KidsPlay","og_description":"Baseinas \u017eaidim\u0173 aik\u0161tel\u0117 \u2013 tai vieta, kurioje gausu atrakcion\u0173 vaikams, kurie u\u017etikrins puiki\u0105 pramog\u0105 ir i\u0161laikys ger\u0105 nuotaik\u0105.","og_url":"https:\/\/kidsplay.lt\/lv\/products\/baseinas-zaidimu-aikstele\/","og_site_name":"KidsPlay","article_publisher":"https:\/\/www.facebook.com\/www.kidsplay.lt","article_modified_time":"2026-04-19T07:00:38+00:00","og_image":[{"width":2560,"height":1702,"url":"https:\/\/kidsplay.lt\/wp-content\/uploads\/2023\/07\/Baseinas-zaidimu-aikstele.jpg","type":"image\/jpeg"}],"twitter_card":"summary_large_image","twitter_misc":{"Est. reading time":"1 min\u016bte"},"schema":{"@context":"https:\/\/schema.org","@graph":[{"@type":"WebPage","@id":"https:\/\/kidsplay.lt\/produktas\/baseinas-zaidimu-aikstele\/","url":"https:\/\/kidsplay.lt\/produktas\/baseinas-zaidimu-aikstele\/","name":"Baseinas \u017eaidim\u0173 aik\u0161tel\u0117 - KidsPlay","isPartOf":{"@id":"https:\/\/kidsplay.lt\/#website"},"primaryImageOfPage":{"@id":"https:\/\/kidsplay.lt\/produktas\/baseinas-zaidimu-aikstele\/#primaryimage"},"image":{"@id":"https:\/\/kidsplay.lt\/produktas\/baseinas-zaidimu-aikstele\/#primaryimage"},"thumbnailUrl":"https:\/\/kidsplay.lt\/wp-content\/uploads\/2023\/07\/Baseinas-zaidimu-aikstele.jpg","datePublished":"2023-07-06T21:40:18+00:00","dateModified":"2026-04-19T07:00:38+00:00","description":"Baseinas \u017eaidim\u0173 aik\u0161tel\u0117 \u2013 tai vieta, kurioje gausu atrakcion\u0173 vaikams, kurie u\u017etikrins puiki\u0105 pramog\u0105 ir i\u0161laikys ger\u0105 nuotaik\u0105.","breadcrumb":{"@id":"https:\/\/kidsplay.lt\/produktas\/baseinas-zaidimu-aikstele\/#breadcrumb"},"inLanguage":"lv-LV","potentialAction":[{"@type":"ReadAction","target":["https:\/\/kidsplay.lt\/produktas\/baseinas-zaidimu-aikstele\/"]}]},{"@type":"ImageObject","inLanguage":"lv-LV","@id":"https:\/\/kidsplay.lt\/produktas\/baseinas-zaidimu-aikstele\/#primaryimage","url":"https:\/\/kidsplay.lt\/wp-content\/uploads\/2023\/07\/Baseinas-zaidimu-aikstele.jpg","contentUrl":"https:\/\/kidsplay.lt\/wp-content\/uploads\/2023\/07\/Baseinas-zaidimu-aikstele.jpg","width":2560,"height":1702},{"@type":"BreadcrumbList","@id":"https:\/\/kidsplay.lt\/produktas\/baseinas-zaidimu-aikstele\/#breadcrumb","itemListElement":[{"@type":"ListItem","position":1,"name":"Pagrindinis","item":"https:\/\/kidsplay.lt\/"},{"@type":"ListItem","position":2,"name":"Parduotuv\u0117","item":"https:\/\/kidsplay.lt\/parduotuve\/"},{"@type":"ListItem","position":3,"name":"Baseinas \u017eaidim\u0173 aik\u0161tel\u0117"}]},{"@type":"WebSite","@id":"https:\/\/kidsplay.lt\/#website","url":"https:\/\/kidsplay.lt\/","name":"B\u0113rnu sp\u0113les.lv","description":"\u012evairios prek\u0117s vaikams","publisher":{"@id":"https:\/\/kidsplay.lt\/#organization"},"alternateName":"Kidsplay","potentialAction":[{"@type":"SearchAction","target":{"@type":"EntryPoint","urlTemplate":"https:\/\/kidsplay.lt\/?s={search_term_string}"},"query-input":{"@type":"PropertyValueSpecification","valueRequired":true,"valueName":"search_term_string"}}],"inLanguage":"lv-LV"},{"@type":"Organization","@id":"https:\/\/kidsplay.lt\/#organization","name":"B\u0113rnu sp\u0113le","url":"https:\/\/kidsplay.lt\/","logo":{"@type":"ImageObject","inLanguage":"lv-LV","@id":"https:\/\/kidsplay.lt\/#\/schema\/logo\/image\/","url":"https:\/\/kidsplay.lt\/wp-content\/uploads\/2023\/07\/kidsplay-logo.png","contentUrl":"https:\/\/kidsplay.lt\/wp-content\/uploads\/2023\/07\/kidsplay-logo.png","width":451,"height":98,"caption":"KidsPlay"},"image":{"@id":"https:\/\/kidsplay.lt\/#\/schema\/logo\/image\/"},"sameAs":["https:\/\/www.facebook.com\/www.kidsplay.lt"]}]}},"_links":{"self":[{"href":"https:\/\/kidsplay.lt\/lv\/wp-json\/wp\/v2\/product\/22469","targetHints":{"allow":["GET"]}}],"collection":[{"href":"https:\/\/kidsplay.lt\/lv\/wp-json\/wp\/v2\/product"}],"about":[{"href":"https:\/\/kidsplay.lt\/lv\/wp-json\/wp\/v2\/types\/product"}],"version-history":[{"count":2,"href":"https:\/\/kidsplay.lt\/lv\/wp-json\/wp\/v2\/product\/22469\/revisions"}],"predecessor-version":[{"id":74346,"href":"https:\/\/kidsplay.lt\/lv\/wp-json\/wp\/v2\/product\/22469\/revisions\/74346"}],"wp:featuredmedia":[{"embeddable":true,"href":"https:\/\/kidsplay.lt\/lv\/wp-json\/wp\/v2\/media\/22596"}],"wp:attachment":[{"href":"https:\/\/kidsplay.lt\/lv\/wp-json\/wp\/v2\/media?parent=22469"}],"wp:term":[{"taxonomy":"product_brand","embeddable":true,"href":"https:\/\/kidsplay.lt\/lv\/wp-json\/wp\/v2\/product_brand?post=22469"},{"taxonomy":"product_cat","embeddable":true,"href":"https:\/\/kidsplay.lt\/lv\/wp-json\/wp\/v2\/product_cat?post=22469"},{"taxonomy":"product_tag","embeddable":true,"href":"https:\/\/kidsplay.lt\/lv\/wp-json\/wp\/v2\/product_tag?post=22469"}],"curies":[{"name":"wp","href":"https:\/\/api.w.org\/{rel}","templated":true}]}}