{"id":22586,"date":"2023-07-06T21:41:42","date_gmt":"2023-07-06T21:41:42","guid":{"rendered":"https:\/\/kidsplay.lt\/?post_type=product&#038;p=22586"},"modified":"2025-10-04T13:34:18","modified_gmt":"2025-10-04T10:34:18","slug":"kamuoliuku-baseinas-su-pakopa","status":"publish","type":"product","link":"https:\/\/kidsplay.lt\/lv\/products\/kamuoliuku-baseinas-su-pakopa\/","title":{"rendered":"Bumbu baseins ar pak\u0101pieniem"},"content":{"rendered":"<p>Kamuoliuk\u0173 baseinas su pakopa efektyviai \u017eadins vaik\u0173 vaizduot\u0119 ir lavins k\u016brybin\u012f m\u0105stym\u0105. Dviej\u0173 dali\u0173 baseino rinkinys, susidedantis i\u0161 kamuoliuk\u0173, baseino ir mink\u0161tos pakopos, gali b\u016bti naudojamas \u012fprastam \u017eaidimui, mank\u0161tai ar \u012fvairi\u0173 konstrukcij\u0173 statybai.<\/p>\n<ul>\n<li>baseino matmenys: 900x900x300 cm.<\/li>\n<li>laipteli\u0173 matmenys: 450x400x300 cm.<\/li>\n<li>200 vnt kamuoliuk\u0173<\/li>\n<\/ul>","protected":false},"excerpt":{"rendered":"<p>Kamuoliuk\u0173 baseinas su pakopa efektyviai \u017eadins vaik\u0173 vaizduot\u0119 ir lavins k\u016brybin\u012f m\u0105stym\u0105. Dviej\u0173 dali\u0173 baseino rinkinys, susidedantis i\u0161 kamuoliuk\u0173, baseino ir mink\u0161tos pakopos, gali b\u016bti naudojamas \u012fprastam \u017eaidimui, mank\u0161tai ar \u012fvairi\u0173 konstrukcij\u0173 statybai.<\/p>","protected":false},"featured_media":22743,"template":"","meta":{"_acf_changed":false,"_glsr_average":0,"_glsr_ranking":0,"_glsr_reviews":0},"product_brand":[],"product_cat":[339],"product_tag":[340],"class_list":{"0":"post-22586","1":"product","2":"type-product","3":"status-publish","4":"has-post-thumbnail","6":"product_cat-kamuoliuku-baseinai","7":"product_tag-kamuoliuku-baseinai","8":"\"style=\"background-color: #2ecc711c;\"","10":"first","11":"instock","12":"shipping-taxable","13":"purchasable","14":"product-type-simple"},"acf":[],"yoast_head":"<!-- This site is optimized with the Yoast SEO plugin v27.4 - https:\/\/yoast.com\/product\/yoast-seo-wordpress\/ -->\n<title>Kamuoliuk\u0173 baseinas su pakopa - KidsPlay<\/title>\n<meta name=\"description\" content=\"Kamuoliuk\u0173 baseinas su pakopa efektyviai \u017eadins vaik\u0173 vaizduot\u0119 ir lavins k\u016brybin\u012f m\u0105stym\u0105. Gali b\u016bti naudojamas \u012fprastam \u017eaidimui\" \/>\n<meta name=\"robots\" content=\"index, follow, max-snippet:-1, max-image-preview:large, max-video-preview:-1\" \/>\n<link rel=\"canonical\" href=\"https:\/\/kidsplay.lt\/lv\/products\/kamuoliuku-baseinas-su-pakopa\/\" \/>\n<meta property=\"og:locale\" content=\"lv_LV\" \/>\n<meta property=\"og:type\" content=\"article\" \/>\n<meta property=\"og:title\" content=\"Kamuoliuk\u0173 baseinas su pakopa - KidsPlay\" \/>\n<meta property=\"og:description\" content=\"Kamuoliuk\u0173 baseinas su pakopa efektyviai \u017eadins vaik\u0173 vaizduot\u0119 ir lavins k\u016brybin\u012f m\u0105stym\u0105. Gali b\u016bti naudojamas \u012fprastam \u017eaidimui\" \/>\n<meta property=\"og:url\" content=\"https:\/\/kidsplay.lt\/lv\/products\/kamuoliuku-baseinas-su-pakopa\/\" \/>\n<meta property=\"og:site_name\" content=\"KidsPlay\" \/>\n<meta property=\"article:publisher\" content=\"https:\/\/www.facebook.com\/www.kidsplay.lt\" \/>\n<meta property=\"article:modified_time\" content=\"2025-10-04T10:34:18+00:00\" \/>\n<meta property=\"og:image\" content=\"https:\/\/kidsplay.lt\/wp-content\/uploads\/2023\/07\/Kamuoliuku-baseinas-su-pakopa.jpg\" \/>\n\t<meta property=\"og:image:width\" content=\"1500\" \/>\n\t<meta property=\"og:image:height\" content=\"1500\" \/>\n\t<meta property=\"og:image:type\" content=\"image\/jpeg\" \/>\n<meta name=\"twitter:card\" content=\"summary_large_image\" \/>\n<meta name=\"twitter:label1\" content=\"Est. reading time\" \/>\n\t<meta name=\"twitter:data1\" content=\"1 min\u016bte\" \/>\n<script type=\"application\/ld+json\" class=\"yoast-schema-graph\">{\"@context\":\"https:\\\/\\\/schema.org\",\"@graph\":[{\"@type\":\"WebPage\",\"@id\":\"https:\\\/\\\/kidsplay.lt\\\/produktas\\\/kamuoliuku-baseinas-su-pakopa\\\/\",\"url\":\"https:\\\/\\\/kidsplay.lt\\\/produktas\\\/kamuoliuku-baseinas-su-pakopa\\\/\",\"name\":\"Kamuoliuk\u0173 baseinas su pakopa - KidsPlay\",\"isPartOf\":{\"@id\":\"https:\\\/\\\/kidsplay.lt\\\/#website\"},\"primaryImageOfPage\":{\"@id\":\"https:\\\/\\\/kidsplay.lt\\\/produktas\\\/kamuoliuku-baseinas-su-pakopa\\\/#primaryimage\"},\"image\":{\"@id\":\"https:\\\/\\\/kidsplay.lt\\\/produktas\\\/kamuoliuku-baseinas-su-pakopa\\\/#primaryimage\"},\"thumbnailUrl\":\"https:\\\/\\\/kidsplay.lt\\\/wp-content\\\/uploads\\\/2023\\\/07\\\/Kamuoliuku-baseinas-su-pakopa.jpg\",\"datePublished\":\"2023-07-06T21:41:42+00:00\",\"dateModified\":\"2025-10-04T10:34:18+00:00\",\"description\":\"Kamuoliuk\u0173 baseinas su pakopa efektyviai \u017eadins vaik\u0173 vaizduot\u0119 ir lavins k\u016brybin\u012f m\u0105stym\u0105. Gali b\u016bti naudojamas \u012fprastam \u017eaidimui\",\"breadcrumb\":{\"@id\":\"https:\\\/\\\/kidsplay.lt\\\/produktas\\\/kamuoliuku-baseinas-su-pakopa\\\/#breadcrumb\"},\"inLanguage\":\"lv-LV\",\"potentialAction\":[{\"@type\":\"ReadAction\",\"target\":[\"https:\\\/\\\/kidsplay.lt\\\/produktas\\\/kamuoliuku-baseinas-su-pakopa\\\/\"]}]},{\"@type\":\"ImageObject\",\"inLanguage\":\"lv-LV\",\"@id\":\"https:\\\/\\\/kidsplay.lt\\\/produktas\\\/kamuoliuku-baseinas-su-pakopa\\\/#primaryimage\",\"url\":\"https:\\\/\\\/kidsplay.lt\\\/wp-content\\\/uploads\\\/2023\\\/07\\\/Kamuoliuku-baseinas-su-pakopa.jpg\",\"contentUrl\":\"https:\\\/\\\/kidsplay.lt\\\/wp-content\\\/uploads\\\/2023\\\/07\\\/Kamuoliuku-baseinas-su-pakopa.jpg\",\"width\":1500,\"height\":1500},{\"@type\":\"BreadcrumbList\",\"@id\":\"https:\\\/\\\/kidsplay.lt\\\/produktas\\\/kamuoliuku-baseinas-su-pakopa\\\/#breadcrumb\",\"itemListElement\":[{\"@type\":\"ListItem\",\"position\":1,\"name\":\"Pagrindinis\",\"item\":\"https:\\\/\\\/kidsplay.lt\\\/\"},{\"@type\":\"ListItem\",\"position\":2,\"name\":\"Parduotuv\u0117\",\"item\":\"https:\\\/\\\/kidsplay.lt\\\/parduotuve\\\/\"},{\"@type\":\"ListItem\",\"position\":3,\"name\":\"Kamuoliuk\u0173 baseinas su pakopa\"}]},{\"@type\":\"WebSite\",\"@id\":\"https:\\\/\\\/kidsplay.lt\\\/#website\",\"url\":\"https:\\\/\\\/kidsplay.lt\\\/\",\"name\":\"Kidsplay.lt\",\"description\":\"\u012evairios prek\u0117s vaikams\",\"publisher\":{\"@id\":\"https:\\\/\\\/kidsplay.lt\\\/#organization\"},\"alternateName\":\"Kidsplay\",\"potentialAction\":[{\"@type\":\"SearchAction\",\"target\":{\"@type\":\"EntryPoint\",\"urlTemplate\":\"https:\\\/\\\/kidsplay.lt\\\/?s={search_term_string}\"},\"query-input\":{\"@type\":\"PropertyValueSpecification\",\"valueRequired\":true,\"valueName\":\"search_term_string\"}}],\"inLanguage\":\"lv-LV\"},{\"@type\":\"Organization\",\"@id\":\"https:\\\/\\\/kidsplay.lt\\\/#organization\",\"name\":\"KidsPlay\",\"url\":\"https:\\\/\\\/kidsplay.lt\\\/\",\"logo\":{\"@type\":\"ImageObject\",\"inLanguage\":\"lv-LV\",\"@id\":\"https:\\\/\\\/kidsplay.lt\\\/#\\\/schema\\\/logo\\\/image\\\/\",\"url\":\"https:\\\/\\\/kidsplay.lt\\\/wp-content\\\/uploads\\\/2023\\\/07\\\/kidsplay-logo.png\",\"contentUrl\":\"https:\\\/\\\/kidsplay.lt\\\/wp-content\\\/uploads\\\/2023\\\/07\\\/kidsplay-logo.png\",\"width\":451,\"height\":98,\"caption\":\"KidsPlay\"},\"image\":{\"@id\":\"https:\\\/\\\/kidsplay.lt\\\/#\\\/schema\\\/logo\\\/image\\\/\"},\"sameAs\":[\"https:\\\/\\\/www.facebook.com\\\/www.kidsplay.lt\"]}]}<\/script>\n<!-- \/ Yoast SEO plugin. -->","yoast_head_json":{"title":"Kamuoliuk\u0173 baseinas su pakopa - KidsPlay","description":"Kamuoliuk\u0173 baseinas su pakopa efektyviai \u017eadins vaik\u0173 vaizduot\u0119 ir lavins k\u016brybin\u012f m\u0105stym\u0105. Gali b\u016bti naudojamas \u012fprastam \u017eaidimui","robots":{"index":"index","follow":"follow","max-snippet":"max-snippet:-1","max-image-preview":"max-image-preview:large","max-video-preview":"max-video-preview:-1"},"canonical":"https:\/\/kidsplay.lt\/lv\/products\/kamuoliuku-baseinas-su-pakopa\/","og_locale":"lv_LV","og_type":"article","og_title":"Kamuoliuk\u0173 baseinas su pakopa - KidsPlay","og_description":"Kamuoliuk\u0173 baseinas su pakopa efektyviai \u017eadins vaik\u0173 vaizduot\u0119 ir lavins k\u016brybin\u012f m\u0105stym\u0105. Gali b\u016bti naudojamas \u012fprastam \u017eaidimui","og_url":"https:\/\/kidsplay.lt\/lv\/products\/kamuoliuku-baseinas-su-pakopa\/","og_site_name":"KidsPlay","article_publisher":"https:\/\/www.facebook.com\/www.kidsplay.lt","article_modified_time":"2025-10-04T10:34:18+00:00","og_image":[{"width":1500,"height":1500,"url":"https:\/\/kidsplay.lt\/wp-content\/uploads\/2023\/07\/Kamuoliuku-baseinas-su-pakopa.jpg","type":"image\/jpeg"}],"twitter_card":"summary_large_image","twitter_misc":{"Est. reading time":"1 min\u016bte"},"schema":{"@context":"https:\/\/schema.org","@graph":[{"@type":"WebPage","@id":"https:\/\/kidsplay.lt\/produktas\/kamuoliuku-baseinas-su-pakopa\/","url":"https:\/\/kidsplay.lt\/produktas\/kamuoliuku-baseinas-su-pakopa\/","name":"Kamuoliuk\u0173 baseinas su pakopa - KidsPlay","isPartOf":{"@id":"https:\/\/kidsplay.lt\/#website"},"primaryImageOfPage":{"@id":"https:\/\/kidsplay.lt\/produktas\/kamuoliuku-baseinas-su-pakopa\/#primaryimage"},"image":{"@id":"https:\/\/kidsplay.lt\/produktas\/kamuoliuku-baseinas-su-pakopa\/#primaryimage"},"thumbnailUrl":"https:\/\/kidsplay.lt\/wp-content\/uploads\/2023\/07\/Kamuoliuku-baseinas-su-pakopa.jpg","datePublished":"2023-07-06T21:41:42+00:00","dateModified":"2025-10-04T10:34:18+00:00","description":"Kamuoliuk\u0173 baseinas su pakopa efektyviai \u017eadins vaik\u0173 vaizduot\u0119 ir lavins k\u016brybin\u012f m\u0105stym\u0105. Gali b\u016bti naudojamas \u012fprastam \u017eaidimui","breadcrumb":{"@id":"https:\/\/kidsplay.lt\/produktas\/kamuoliuku-baseinas-su-pakopa\/#breadcrumb"},"inLanguage":"lv-LV","potentialAction":[{"@type":"ReadAction","target":["https:\/\/kidsplay.lt\/produktas\/kamuoliuku-baseinas-su-pakopa\/"]}]},{"@type":"ImageObject","inLanguage":"lv-LV","@id":"https:\/\/kidsplay.lt\/produktas\/kamuoliuku-baseinas-su-pakopa\/#primaryimage","url":"https:\/\/kidsplay.lt\/wp-content\/uploads\/2023\/07\/Kamuoliuku-baseinas-su-pakopa.jpg","contentUrl":"https:\/\/kidsplay.lt\/wp-content\/uploads\/2023\/07\/Kamuoliuku-baseinas-su-pakopa.jpg","width":1500,"height":1500},{"@type":"BreadcrumbList","@id":"https:\/\/kidsplay.lt\/produktas\/kamuoliuku-baseinas-su-pakopa\/#breadcrumb","itemListElement":[{"@type":"ListItem","position":1,"name":"Pagrindinis","item":"https:\/\/kidsplay.lt\/"},{"@type":"ListItem","position":2,"name":"Parduotuv\u0117","item":"https:\/\/kidsplay.lt\/parduotuve\/"},{"@type":"ListItem","position":3,"name":"Kamuoliuk\u0173 baseinas su pakopa"}]},{"@type":"WebSite","@id":"https:\/\/kidsplay.lt\/#website","url":"https:\/\/kidsplay.lt\/","name":"B\u0113rnu sp\u0113les.lv","description":"\u012evairios prek\u0117s vaikams","publisher":{"@id":"https:\/\/kidsplay.lt\/#organization"},"alternateName":"Kidsplay","potentialAction":[{"@type":"SearchAction","target":{"@type":"EntryPoint","urlTemplate":"https:\/\/kidsplay.lt\/?s={search_term_string}"},"query-input":{"@type":"PropertyValueSpecification","valueRequired":true,"valueName":"search_term_string"}}],"inLanguage":"lv-LV"},{"@type":"Organization","@id":"https:\/\/kidsplay.lt\/#organization","name":"B\u0113rnu sp\u0113le","url":"https:\/\/kidsplay.lt\/","logo":{"@type":"ImageObject","inLanguage":"lv-LV","@id":"https:\/\/kidsplay.lt\/#\/schema\/logo\/image\/","url":"https:\/\/kidsplay.lt\/wp-content\/uploads\/2023\/07\/kidsplay-logo.png","contentUrl":"https:\/\/kidsplay.lt\/wp-content\/uploads\/2023\/07\/kidsplay-logo.png","width":451,"height":98,"caption":"KidsPlay"},"image":{"@id":"https:\/\/kidsplay.lt\/#\/schema\/logo\/image\/"},"sameAs":["https:\/\/www.facebook.com\/www.kidsplay.lt"]}]}},"_links":{"self":[{"href":"https:\/\/kidsplay.lt\/lv\/wp-json\/wp\/v2\/product\/22586","targetHints":{"allow":["GET"]}}],"collection":[{"href":"https:\/\/kidsplay.lt\/lv\/wp-json\/wp\/v2\/product"}],"about":[{"href":"https:\/\/kidsplay.lt\/lv\/wp-json\/wp\/v2\/types\/product"}],"version-history":[{"count":1,"href":"https:\/\/kidsplay.lt\/lv\/wp-json\/wp\/v2\/product\/22586\/revisions"}],"predecessor-version":[{"id":72238,"href":"https:\/\/kidsplay.lt\/lv\/wp-json\/wp\/v2\/product\/22586\/revisions\/72238"}],"wp:featuredmedia":[{"embeddable":true,"href":"https:\/\/kidsplay.lt\/lv\/wp-json\/wp\/v2\/media\/22743"}],"wp:attachment":[{"href":"https:\/\/kidsplay.lt\/lv\/wp-json\/wp\/v2\/media?parent=22586"}],"wp:term":[{"taxonomy":"product_brand","embeddable":true,"href":"https:\/\/kidsplay.lt\/lv\/wp-json\/wp\/v2\/product_brand?post=22586"},{"taxonomy":"product_cat","embeddable":true,"href":"https:\/\/kidsplay.lt\/lv\/wp-json\/wp\/v2\/product_cat?post=22586"},{"taxonomy":"product_tag","embeddable":true,"href":"https:\/\/kidsplay.lt\/lv\/wp-json\/wp\/v2\/product_tag?post=22586"}],"curies":[{"name":"wp","href":"https:\/\/api.w.org\/{rel}","templated":true}]}}