{"id":22692,"date":"2023-07-06T21:43:40","date_gmt":"2023-07-06T21:43:40","guid":{"rendered":"https:\/\/kidsplay.lt\/?post_type=product&#038;p=22692"},"modified":"2025-12-23T21:54:13","modified_gmt":"2025-12-23T19:54:13","slug":"vaikiska-kedute-2in1-2","status":"publish","type":"product","link":"https:\/\/kidsplay.lt\/lv\/products\/vaikiska-kedute-2in1-2\/","title":{"rendered":"B\u0113rnu s\u0113deklis 2in1"},"content":{"rendered":"<p>Vaiki\u0161ka k\u0117dut\u0117 2in1 yra idealus ir itin prakti\u0161kas vaiki\u0161ko interjero elementas. Modernus dizainas pritrauks ma\u017eylio d\u0117mes\u012f ir paskatins j\u012f valgyti tam skirtoje vietoje.<\/p>\n<p>Dviej\u0173 pakop\u0173 k\u0117dut\u0117s auk\u0161\u010dio reguliavimo galimyb\u0117 leis j\u0105 priderinti prie augan\u010dio vaiko poreiki\u0173. Norint padidinti k\u0117d\u0117s auk\u0161t\u012f, pakanka pakeisti koj\u0173 atramas auk\u0161tesn\u0117mis. Be to, stalas gali b\u016bti pilnai i\u0161ardomas, tuomet liks tik k\u0117dut\u0117 vaikui pa\u010diam atsis\u0117sti. Komplektas pagamintas i\u0161 kokybi\u0161ko plastiko, garantuojan\u010dio ilgaam\u017ei\u0161kum\u0105.<\/p>\n<p>K\u0117dut\u0117 lengvai sulankstoma ir lengva, tod\u0117l gal\u0117site pasiimti su savimi \u012f sve\u010dius pas mo\u010diut\u0119 ar atostogauti. Rinkinys s\u0117kmingai pakeis dideles, sunkias maitinimo k\u0117des.<\/p>\n<p>Izm\u0113ri:<\/p>\n<ul>\n<li>K\u0117d\u0117s i\u0161matavimai: 31cm x 31cm x 45cm<\/li>\n<li>S\u0117dyn\u0117s matmenys: 29 cm x 26 cm<\/li>\n<li>S\u0117dyn\u0117s auk\u0161tis nuo grind\u0173 : min 20 cm \/ maks. 23 cm<\/li>\n<li>Atlo\u0161o auk\u0161tis: 23 cm<\/li>\n<li>Stalo i\u0161matavimai: 33,5cm x 17cm<\/li>\n<li>Pakuot\u0117s i\u0161matavimai: 32cm x 30cm x 15cm<\/li>\n<li>Maksimali apkrova: 26 kg<\/li>\n<\/ul>","protected":false},"excerpt":{"rendered":"<p>Vaiki\u0161ka k\u0117dut\u0117 2in1 yra idealus ir itin prakti\u0161kas vaiki\u0161ko interjero elementas. Modernus dizainas pritrauks ma\u017eylio d\u0117mes\u012f ir paskatins j\u012f valgyti tam skirtoje vietoje.<\/p>","protected":false},"featured_media":22795,"template":"","meta":{"_acf_changed":false,"_glsr_average":0,"_glsr_ranking":0,"_glsr_reviews":0},"product_brand":[],"product_cat":[259,314,254],"product_tag":[341],"class_list":{"0":"post-22692","1":"product","2":"type-product","3":"status-publish","4":"has-post-thumbnail","6":"product_cat-maitinimo-kedutes","7":"product_cat-staliukai-ir-kedutes","8":"product_cat-vaiko-kambarys","9":"product_tag-vaikiska-kedute","10":"\"style=\"background-color: #2ecc711c;\"","12":"first","13":"instock","14":"shipping-taxable","15":"purchasable","16":"product-type-simple"},"acf":[],"yoast_head":"<!-- This site is optimized with the Yoast SEO plugin v27.4 - https:\/\/yoast.com\/product\/yoast-seo-wordpress\/ -->\n<title>Vaiki\u0161ka k\u0117dut\u0117 2in1 - KidsPlay<\/title>\n<meta name=\"description\" content=\"Vaiki\u0161ka k\u0117dut\u0117 2in1 yra idealus ir itin prakti\u0161kas vaiki\u0161ko interjero elementas. Modernus dizainas pritrauks ma\u017eylio d\u0117mes\u012f.\" \/>\n<meta name=\"robots\" content=\"index, follow, max-snippet:-1, max-image-preview:large, max-video-preview:-1\" \/>\n<link rel=\"canonical\" href=\"https:\/\/kidsplay.lt\/lv\/products\/vaikiska-kedute-2in1-2\/\" \/>\n<meta property=\"og:locale\" content=\"lv_LV\" \/>\n<meta property=\"og:type\" content=\"article\" \/>\n<meta property=\"og:title\" content=\"Vaiki\u0161ka k\u0117dut\u0117 2in1 - KidsPlay\" \/>\n<meta property=\"og:description\" content=\"Vaiki\u0161ka k\u0117dut\u0117 2in1 yra idealus ir itin prakti\u0161kas vaiki\u0161ko interjero elementas. Modernus dizainas pritrauks ma\u017eylio d\u0117mes\u012f.\" \/>\n<meta property=\"og:url\" content=\"https:\/\/kidsplay.lt\/lv\/products\/vaikiska-kedute-2in1-2\/\" \/>\n<meta property=\"og:site_name\" content=\"KidsPlay\" \/>\n<meta property=\"article:publisher\" content=\"https:\/\/www.facebook.com\/www.kidsplay.lt\" \/>\n<meta property=\"article:modified_time\" content=\"2025-12-23T19:54:13+00:00\" \/>\n<meta property=\"og:image\" content=\"https:\/\/kidsplay.lt\/wp-content\/uploads\/2023\/07\/Vaikiska-kedute11.jpg\" \/>\n\t<meta property=\"og:image:width\" content=\"1024\" \/>\n\t<meta property=\"og:image:height\" content=\"768\" \/>\n\t<meta property=\"og:image:type\" content=\"image\/jpeg\" \/>\n<meta name=\"twitter:card\" content=\"summary_large_image\" \/>\n<meta name=\"twitter:label1\" content=\"Est. reading time\" \/>\n\t<meta name=\"twitter:data1\" content=\"1 min\u016bte\" \/>\n<script type=\"application\/ld+json\" class=\"yoast-schema-graph\">{\"@context\":\"https:\\\/\\\/schema.org\",\"@graph\":[{\"@type\":\"WebPage\",\"@id\":\"https:\\\/\\\/kidsplay.lt\\\/produktas\\\/vaikiska-kedute-2in1-2\\\/\",\"url\":\"https:\\\/\\\/kidsplay.lt\\\/produktas\\\/vaikiska-kedute-2in1-2\\\/\",\"name\":\"Vaiki\u0161ka k\u0117dut\u0117 2in1 - KidsPlay\",\"isPartOf\":{\"@id\":\"https:\\\/\\\/kidsplay.lt\\\/#website\"},\"primaryImageOfPage\":{\"@id\":\"https:\\\/\\\/kidsplay.lt\\\/produktas\\\/vaikiska-kedute-2in1-2\\\/#primaryimage\"},\"image\":{\"@id\":\"https:\\\/\\\/kidsplay.lt\\\/produktas\\\/vaikiska-kedute-2in1-2\\\/#primaryimage\"},\"thumbnailUrl\":\"https:\\\/\\\/kidsplay.lt\\\/wp-content\\\/uploads\\\/2023\\\/07\\\/Vaikiska-kedute11.jpg\",\"datePublished\":\"2023-07-06T21:43:40+00:00\",\"dateModified\":\"2025-12-23T19:54:13+00:00\",\"description\":\"Vaiki\u0161ka k\u0117dut\u0117 2in1 yra idealus ir itin prakti\u0161kas vaiki\u0161ko interjero elementas. Modernus dizainas pritrauks ma\u017eylio d\u0117mes\u012f.\",\"breadcrumb\":{\"@id\":\"https:\\\/\\\/kidsplay.lt\\\/produktas\\\/vaikiska-kedute-2in1-2\\\/#breadcrumb\"},\"inLanguage\":\"lv-LV\",\"potentialAction\":[{\"@type\":\"ReadAction\",\"target\":[\"https:\\\/\\\/kidsplay.lt\\\/produktas\\\/vaikiska-kedute-2in1-2\\\/\"]}]},{\"@type\":\"ImageObject\",\"inLanguage\":\"lv-LV\",\"@id\":\"https:\\\/\\\/kidsplay.lt\\\/produktas\\\/vaikiska-kedute-2in1-2\\\/#primaryimage\",\"url\":\"https:\\\/\\\/kidsplay.lt\\\/wp-content\\\/uploads\\\/2023\\\/07\\\/Vaikiska-kedute11.jpg\",\"contentUrl\":\"https:\\\/\\\/kidsplay.lt\\\/wp-content\\\/uploads\\\/2023\\\/07\\\/Vaikiska-kedute11.jpg\",\"width\":1024,\"height\":768},{\"@type\":\"BreadcrumbList\",\"@id\":\"https:\\\/\\\/kidsplay.lt\\\/produktas\\\/vaikiska-kedute-2in1-2\\\/#breadcrumb\",\"itemListElement\":[{\"@type\":\"ListItem\",\"position\":1,\"name\":\"Pagrindinis\",\"item\":\"https:\\\/\\\/kidsplay.lt\\\/\"},{\"@type\":\"ListItem\",\"position\":2,\"name\":\"Parduotuv\u0117\",\"item\":\"https:\\\/\\\/kidsplay.lt\\\/parduotuve\\\/\"},{\"@type\":\"ListItem\",\"position\":3,\"name\":\"Vaiki\u0161ka k\u0117dut\u0117 2in1\"}]},{\"@type\":\"WebSite\",\"@id\":\"https:\\\/\\\/kidsplay.lt\\\/#website\",\"url\":\"https:\\\/\\\/kidsplay.lt\\\/\",\"name\":\"Kidsplay.lt\",\"description\":\"\u012evairios prek\u0117s vaikams\",\"publisher\":{\"@id\":\"https:\\\/\\\/kidsplay.lt\\\/#organization\"},\"alternateName\":\"Kidsplay\",\"potentialAction\":[{\"@type\":\"SearchAction\",\"target\":{\"@type\":\"EntryPoint\",\"urlTemplate\":\"https:\\\/\\\/kidsplay.lt\\\/?s={search_term_string}\"},\"query-input\":{\"@type\":\"PropertyValueSpecification\",\"valueRequired\":true,\"valueName\":\"search_term_string\"}}],\"inLanguage\":\"lv-LV\"},{\"@type\":\"Organization\",\"@id\":\"https:\\\/\\\/kidsplay.lt\\\/#organization\",\"name\":\"KidsPlay\",\"url\":\"https:\\\/\\\/kidsplay.lt\\\/\",\"logo\":{\"@type\":\"ImageObject\",\"inLanguage\":\"lv-LV\",\"@id\":\"https:\\\/\\\/kidsplay.lt\\\/#\\\/schema\\\/logo\\\/image\\\/\",\"url\":\"https:\\\/\\\/kidsplay.lt\\\/wp-content\\\/uploads\\\/2023\\\/07\\\/kidsplay-logo.png\",\"contentUrl\":\"https:\\\/\\\/kidsplay.lt\\\/wp-content\\\/uploads\\\/2023\\\/07\\\/kidsplay-logo.png\",\"width\":451,\"height\":98,\"caption\":\"KidsPlay\"},\"image\":{\"@id\":\"https:\\\/\\\/kidsplay.lt\\\/#\\\/schema\\\/logo\\\/image\\\/\"},\"sameAs\":[\"https:\\\/\\\/www.facebook.com\\\/www.kidsplay.lt\"]}]}<\/script>\n<!-- \/ Yoast SEO plugin. -->","yoast_head_json":{"title":"Vaiki\u0161ka k\u0117dut\u0117 2in1 - KidsPlay","description":"Vaiki\u0161ka k\u0117dut\u0117 2in1 yra idealus ir itin prakti\u0161kas vaiki\u0161ko interjero elementas. Modernus dizainas pritrauks ma\u017eylio d\u0117mes\u012f.","robots":{"index":"index","follow":"follow","max-snippet":"max-snippet:-1","max-image-preview":"max-image-preview:large","max-video-preview":"max-video-preview:-1"},"canonical":"https:\/\/kidsplay.lt\/lv\/products\/vaikiska-kedute-2in1-2\/","og_locale":"lv_LV","og_type":"article","og_title":"Vaiki\u0161ka k\u0117dut\u0117 2in1 - KidsPlay","og_description":"Vaiki\u0161ka k\u0117dut\u0117 2in1 yra idealus ir itin prakti\u0161kas vaiki\u0161ko interjero elementas. Modernus dizainas pritrauks ma\u017eylio d\u0117mes\u012f.","og_url":"https:\/\/kidsplay.lt\/lv\/products\/vaikiska-kedute-2in1-2\/","og_site_name":"KidsPlay","article_publisher":"https:\/\/www.facebook.com\/www.kidsplay.lt","article_modified_time":"2025-12-23T19:54:13+00:00","og_image":[{"width":1024,"height":768,"url":"https:\/\/kidsplay.lt\/wp-content\/uploads\/2023\/07\/Vaikiska-kedute11.jpg","type":"image\/jpeg"}],"twitter_card":"summary_large_image","twitter_misc":{"Est. reading time":"1 min\u016bte"},"schema":{"@context":"https:\/\/schema.org","@graph":[{"@type":"WebPage","@id":"https:\/\/kidsplay.lt\/produktas\/vaikiska-kedute-2in1-2\/","url":"https:\/\/kidsplay.lt\/produktas\/vaikiska-kedute-2in1-2\/","name":"Vaiki\u0161ka k\u0117dut\u0117 2in1 - KidsPlay","isPartOf":{"@id":"https:\/\/kidsplay.lt\/#website"},"primaryImageOfPage":{"@id":"https:\/\/kidsplay.lt\/produktas\/vaikiska-kedute-2in1-2\/#primaryimage"},"image":{"@id":"https:\/\/kidsplay.lt\/produktas\/vaikiska-kedute-2in1-2\/#primaryimage"},"thumbnailUrl":"https:\/\/kidsplay.lt\/wp-content\/uploads\/2023\/07\/Vaikiska-kedute11.jpg","datePublished":"2023-07-06T21:43:40+00:00","dateModified":"2025-12-23T19:54:13+00:00","description":"Vaiki\u0161ka k\u0117dut\u0117 2in1 yra idealus ir itin prakti\u0161kas vaiki\u0161ko interjero elementas. Modernus dizainas pritrauks ma\u017eylio d\u0117mes\u012f.","breadcrumb":{"@id":"https:\/\/kidsplay.lt\/produktas\/vaikiska-kedute-2in1-2\/#breadcrumb"},"inLanguage":"lv-LV","potentialAction":[{"@type":"ReadAction","target":["https:\/\/kidsplay.lt\/produktas\/vaikiska-kedute-2in1-2\/"]}]},{"@type":"ImageObject","inLanguage":"lv-LV","@id":"https:\/\/kidsplay.lt\/produktas\/vaikiska-kedute-2in1-2\/#primaryimage","url":"https:\/\/kidsplay.lt\/wp-content\/uploads\/2023\/07\/Vaikiska-kedute11.jpg","contentUrl":"https:\/\/kidsplay.lt\/wp-content\/uploads\/2023\/07\/Vaikiska-kedute11.jpg","width":1024,"height":768},{"@type":"BreadcrumbList","@id":"https:\/\/kidsplay.lt\/produktas\/vaikiska-kedute-2in1-2\/#breadcrumb","itemListElement":[{"@type":"ListItem","position":1,"name":"Pagrindinis","item":"https:\/\/kidsplay.lt\/"},{"@type":"ListItem","position":2,"name":"Parduotuv\u0117","item":"https:\/\/kidsplay.lt\/parduotuve\/"},{"@type":"ListItem","position":3,"name":"Vaiki\u0161ka k\u0117dut\u0117 2in1"}]},{"@type":"WebSite","@id":"https:\/\/kidsplay.lt\/#website","url":"https:\/\/kidsplay.lt\/","name":"B\u0113rnu sp\u0113les.lv","description":"\u012evairios prek\u0117s vaikams","publisher":{"@id":"https:\/\/kidsplay.lt\/#organization"},"alternateName":"Kidsplay","potentialAction":[{"@type":"SearchAction","target":{"@type":"EntryPoint","urlTemplate":"https:\/\/kidsplay.lt\/?s={search_term_string}"},"query-input":{"@type":"PropertyValueSpecification","valueRequired":true,"valueName":"search_term_string"}}],"inLanguage":"lv-LV"},{"@type":"Organization","@id":"https:\/\/kidsplay.lt\/#organization","name":"B\u0113rnu sp\u0113le","url":"https:\/\/kidsplay.lt\/","logo":{"@type":"ImageObject","inLanguage":"lv-LV","@id":"https:\/\/kidsplay.lt\/#\/schema\/logo\/image\/","url":"https:\/\/kidsplay.lt\/wp-content\/uploads\/2023\/07\/kidsplay-logo.png","contentUrl":"https:\/\/kidsplay.lt\/wp-content\/uploads\/2023\/07\/kidsplay-logo.png","width":451,"height":98,"caption":"KidsPlay"},"image":{"@id":"https:\/\/kidsplay.lt\/#\/schema\/logo\/image\/"},"sameAs":["https:\/\/www.facebook.com\/www.kidsplay.lt"]}]}},"_links":{"self":[{"href":"https:\/\/kidsplay.lt\/lv\/wp-json\/wp\/v2\/product\/22692","targetHints":{"allow":["GET"]}}],"collection":[{"href":"https:\/\/kidsplay.lt\/lv\/wp-json\/wp\/v2\/product"}],"about":[{"href":"https:\/\/kidsplay.lt\/lv\/wp-json\/wp\/v2\/types\/product"}],"version-history":[{"count":1,"href":"https:\/\/kidsplay.lt\/lv\/wp-json\/wp\/v2\/product\/22692\/revisions"}],"predecessor-version":[{"id":65052,"href":"https:\/\/kidsplay.lt\/lv\/wp-json\/wp\/v2\/product\/22692\/revisions\/65052"}],"wp:featuredmedia":[{"embeddable":true,"href":"https:\/\/kidsplay.lt\/lv\/wp-json\/wp\/v2\/media\/22795"}],"wp:attachment":[{"href":"https:\/\/kidsplay.lt\/lv\/wp-json\/wp\/v2\/media?parent=22692"}],"wp:term":[{"taxonomy":"product_brand","embeddable":true,"href":"https:\/\/kidsplay.lt\/lv\/wp-json\/wp\/v2\/product_brand?post=22692"},{"taxonomy":"product_cat","embeddable":true,"href":"https:\/\/kidsplay.lt\/lv\/wp-json\/wp\/v2\/product_cat?post=22692"},{"taxonomy":"product_tag","embeddable":true,"href":"https:\/\/kidsplay.lt\/lv\/wp-json\/wp\/v2\/product_tag?post=22692"}],"curies":[{"name":"wp","href":"https:\/\/api.w.org\/{rel}","templated":true}]}}