{"id":22748,"date":"2023-07-06T21:44:29","date_gmt":"2023-07-06T21:44:29","guid":{"rendered":"https:\/\/kidsplay.lt\/?post_type=product&#038;p=22748"},"modified":"2025-10-04T13:42:05","modified_gmt":"2025-10-04T10:42:05","slug":"mokykline-kuprine-berniukui-1-3-kl","status":"publish","type":"product","link":"https:\/\/kidsplay.lt\/lv\/product\/mokykline-kuprine-berniukui-1-3-kl\/","title":{"rendered":"Skolas mugursoma z\u0113niem 1.-3. klasei"},"content":{"rendered":"<p>Mokyklin\u0117 kuprin\u0117 berniukui 1-3 kl pasi\u017eymi itin kruop\u0161\u010diu apdirbimu ir \u012fdomiu ra\u0161tu kosmoso tema. Med\u017eiaga, i\u0161 kurios buvo pasi\u016bta kuprin\u0117, yra atspari vandeniui ir patvari. Kuprin\u0117je yra 2 erdv\u016bs skyriai, visi u\u017esegami u\u017etrauktuku. Pagrindiniame skyriuje yra ne\u0161iojamojo kompiuterio ki\u0161en\u0117. Jame taip pat yra patogus laikiklis ir ki\u0161en\u0117 akiniams. \u0160onuose kuprin\u0117 turi dvi atviras ki\u0161enes vandens buteliui. Kuprin\u0117 turi pamink\u0161tint\u0105 nugar\u0117l\u0119, padengt\u0105 EVA putomis. Sustiprintas dugnas yra papildomas privalumas. Kuprin\u0117je yra patogus, reguliuojamas kr\u016btin\u0117s dir\u017eas. Dir\u017e\u0173 pamink\u0161tinimas \u017eymiai padidina naudojimo komfort\u0105. Be to, kuprin\u0117 turi at\u0161vaitus.<\/p>\n<ul>\n<li>auk\u0161tis: 39 cm<\/li>\n<li>plotis: 28 cm<\/li>\n<li>gylis: 17 cm<\/li>\n<li>talpa: 21 l<\/li>\n<li>med\u017eiaga: poliesteris 600D<\/li>\n<\/ul>","protected":false},"excerpt":{"rendered":"<p>Mokyklin\u0117 kuprin\u0117 berniukui 1-3 kl pasi\u017eymi itin kruop\u0161\u010diu apdirbimu ir \u012fdomiu ra\u0161tu kosmoso tema. Med\u017eiaga, i\u0161 kurios buvo pasi\u016bta kuprin\u0117, yra atspari vandeniui ir patvari.<\/p>","protected":false},"featured_media":22915,"template":"","meta":{"_acf_changed":false,"_glsr_average":0,"_glsr_ranking":0,"_glsr_reviews":0},"product_brand":[],"product_cat":[342,343,337],"product_tag":[344],"class_list":{"0":"post-22748","1":"product","2":"type-product","3":"status-publish","4":"has-post-thumbnail","6":"product_cat-kuprines","7":"product_cat-kuprines-pradinukams","8":"product_cat-mokyklines-prekes","9":"product_tag-kuprines","10":"\"style=\"background-color: #2ecc711c;\"","12":"first","13":"instock","14":"shipping-taxable","15":"purchasable","16":"product-type-simple"},"acf":[],"yoast_head":"<!-- This site is optimized with the Yoast SEO plugin v27.3 - https:\/\/yoast.com\/product\/yoast-seo-wordpress\/ -->\n<title>Mokyklin\u0117 kuprin\u0117 berniukui 1-3 kl - KidsPlay<\/title>\n<meta name=\"description\" content=\"Mokyklin\u0117 kuprin\u0117 berniukui 1-3 kl pasi\u017eymi itin kruop\u0161\u010diu apdirbimu ir \u012fdomiu ra\u0161tu kosmoso tema. Med\u017eiaga yra atspari vandeniui ir patvari.\" \/>\n<meta name=\"robots\" content=\"index, follow, max-snippet:-1, max-image-preview:large, max-video-preview:-1\" \/>\n<link rel=\"canonical\" href=\"https:\/\/kidsplay.lt\/lv\/product\/mokykline-kuprine-berniukui-1-3-kl\/\" \/>\n<meta property=\"og:locale\" content=\"lv_LV\" \/>\n<meta property=\"og:type\" content=\"article\" \/>\n<meta property=\"og:title\" content=\"Mokyklin\u0117 kuprin\u0117 berniukui 1-3 kl - KidsPlay\" \/>\n<meta property=\"og:description\" content=\"Mokyklin\u0117 kuprin\u0117 berniukui 1-3 kl pasi\u017eymi itin kruop\u0161\u010diu apdirbimu ir \u012fdomiu ra\u0161tu kosmoso tema. Med\u017eiaga yra atspari vandeniui ir patvari.\" \/>\n<meta property=\"og:url\" content=\"https:\/\/kidsplay.lt\/lv\/product\/mokykline-kuprine-berniukui-1-3-kl\/\" \/>\n<meta property=\"og:site_name\" content=\"KidsPlay\" \/>\n<meta property=\"article:publisher\" content=\"https:\/\/www.facebook.com\/www.kidsplay.lt\" \/>\n<meta property=\"article:modified_time\" content=\"2025-10-04T10:42:05+00:00\" \/>\n<meta property=\"og:image\" content=\"https:\/\/kidsplay.lt\/wp-content\/uploads\/2023\/07\/Mokykline-kuprine-berniukui-1-3-kl.jpg\" \/>\n\t<meta property=\"og:image:width\" content=\"683\" \/>\n\t<meta property=\"og:image:height\" content=\"1024\" \/>\n\t<meta property=\"og:image:type\" content=\"image\/jpeg\" \/>\n<meta name=\"twitter:card\" content=\"summary_large_image\" \/>\n<meta name=\"twitter:label1\" content=\"Est. reading time\" \/>\n\t<meta name=\"twitter:data1\" content=\"1 min\u016bte\" \/>\n<script type=\"application\/ld+json\" class=\"yoast-schema-graph\">{\"@context\":\"https:\\\/\\\/schema.org\",\"@graph\":[{\"@type\":\"WebPage\",\"@id\":\"https:\\\/\\\/kidsplay.lt\\\/produktas\\\/mokykline-kuprine-berniukui-1-3-kl\\\/\",\"url\":\"https:\\\/\\\/kidsplay.lt\\\/produktas\\\/mokykline-kuprine-berniukui-1-3-kl\\\/\",\"name\":\"Mokyklin\u0117 kuprin\u0117 berniukui 1-3 kl - KidsPlay\",\"isPartOf\":{\"@id\":\"https:\\\/\\\/kidsplay.lt\\\/#website\"},\"primaryImageOfPage\":{\"@id\":\"https:\\\/\\\/kidsplay.lt\\\/produktas\\\/mokykline-kuprine-berniukui-1-3-kl\\\/#primaryimage\"},\"image\":{\"@id\":\"https:\\\/\\\/kidsplay.lt\\\/produktas\\\/mokykline-kuprine-berniukui-1-3-kl\\\/#primaryimage\"},\"thumbnailUrl\":\"https:\\\/\\\/kidsplay.lt\\\/wp-content\\\/uploads\\\/2023\\\/07\\\/Mokykline-kuprine-berniukui-1-3-kl.jpg\",\"datePublished\":\"2023-07-06T21:44:29+00:00\",\"dateModified\":\"2025-10-04T10:42:05+00:00\",\"description\":\"Mokyklin\u0117 kuprin\u0117 berniukui 1-3 kl pasi\u017eymi itin kruop\u0161\u010diu apdirbimu ir \u012fdomiu ra\u0161tu kosmoso tema. Med\u017eiaga yra atspari vandeniui ir patvari.\",\"breadcrumb\":{\"@id\":\"https:\\\/\\\/kidsplay.lt\\\/produktas\\\/mokykline-kuprine-berniukui-1-3-kl\\\/#breadcrumb\"},\"inLanguage\":\"lv-LV\",\"potentialAction\":[{\"@type\":\"ReadAction\",\"target\":[\"https:\\\/\\\/kidsplay.lt\\\/produktas\\\/mokykline-kuprine-berniukui-1-3-kl\\\/\"]}]},{\"@type\":\"ImageObject\",\"inLanguage\":\"lv-LV\",\"@id\":\"https:\\\/\\\/kidsplay.lt\\\/produktas\\\/mokykline-kuprine-berniukui-1-3-kl\\\/#primaryimage\",\"url\":\"https:\\\/\\\/kidsplay.lt\\\/wp-content\\\/uploads\\\/2023\\\/07\\\/Mokykline-kuprine-berniukui-1-3-kl.jpg\",\"contentUrl\":\"https:\\\/\\\/kidsplay.lt\\\/wp-content\\\/uploads\\\/2023\\\/07\\\/Mokykline-kuprine-berniukui-1-3-kl.jpg\",\"width\":683,\"height\":1024},{\"@type\":\"BreadcrumbList\",\"@id\":\"https:\\\/\\\/kidsplay.lt\\\/produktas\\\/mokykline-kuprine-berniukui-1-3-kl\\\/#breadcrumb\",\"itemListElement\":[{\"@type\":\"ListItem\",\"position\":1,\"name\":\"Pagrindinis\",\"item\":\"https:\\\/\\\/kidsplay.lt\\\/\"},{\"@type\":\"ListItem\",\"position\":2,\"name\":\"Parduotuv\u0117\",\"item\":\"https:\\\/\\\/kidsplay.lt\\\/parduotuve\\\/\"},{\"@type\":\"ListItem\",\"position\":3,\"name\":\"Mokyklin\u0117 kuprin\u0117 berniukui 1-3 kl\"}]},{\"@type\":\"WebSite\",\"@id\":\"https:\\\/\\\/kidsplay.lt\\\/#website\",\"url\":\"https:\\\/\\\/kidsplay.lt\\\/\",\"name\":\"Kidsplay.lt\",\"description\":\"\u012evairios prek\u0117s vaikams\",\"publisher\":{\"@id\":\"https:\\\/\\\/kidsplay.lt\\\/#organization\"},\"alternateName\":\"Kidsplay\",\"potentialAction\":[{\"@type\":\"SearchAction\",\"target\":{\"@type\":\"EntryPoint\",\"urlTemplate\":\"https:\\\/\\\/kidsplay.lt\\\/?s={search_term_string}\"},\"query-input\":{\"@type\":\"PropertyValueSpecification\",\"valueRequired\":true,\"valueName\":\"search_term_string\"}}],\"inLanguage\":\"lv-LV\"},{\"@type\":\"Organization\",\"@id\":\"https:\\\/\\\/kidsplay.lt\\\/#organization\",\"name\":\"KidsPlay\",\"url\":\"https:\\\/\\\/kidsplay.lt\\\/\",\"logo\":{\"@type\":\"ImageObject\",\"inLanguage\":\"lv-LV\",\"@id\":\"https:\\\/\\\/kidsplay.lt\\\/#\\\/schema\\\/logo\\\/image\\\/\",\"url\":\"https:\\\/\\\/kidsplay.lt\\\/wp-content\\\/uploads\\\/2023\\\/07\\\/kidsplay-logo.png\",\"contentUrl\":\"https:\\\/\\\/kidsplay.lt\\\/wp-content\\\/uploads\\\/2023\\\/07\\\/kidsplay-logo.png\",\"width\":451,\"height\":98,\"caption\":\"KidsPlay\"},\"image\":{\"@id\":\"https:\\\/\\\/kidsplay.lt\\\/#\\\/schema\\\/logo\\\/image\\\/\"},\"sameAs\":[\"https:\\\/\\\/www.facebook.com\\\/www.kidsplay.lt\"]}]}<\/script>\n<!-- \/ Yoast SEO plugin. -->","yoast_head_json":{"title":"Mokyklin\u0117 kuprin\u0117 berniukui 1-3 kl - KidsPlay","description":"Mokyklin\u0117 kuprin\u0117 berniukui 1-3 kl pasi\u017eymi itin kruop\u0161\u010diu apdirbimu ir \u012fdomiu ra\u0161tu kosmoso tema. Med\u017eiaga yra atspari vandeniui ir patvari.","robots":{"index":"index","follow":"follow","max-snippet":"max-snippet:-1","max-image-preview":"max-image-preview:large","max-video-preview":"max-video-preview:-1"},"canonical":"https:\/\/kidsplay.lt\/lv\/product\/mokykline-kuprine-berniukui-1-3-kl\/","og_locale":"lv_LV","og_type":"article","og_title":"Mokyklin\u0117 kuprin\u0117 berniukui 1-3 kl - KidsPlay","og_description":"Mokyklin\u0117 kuprin\u0117 berniukui 1-3 kl pasi\u017eymi itin kruop\u0161\u010diu apdirbimu ir \u012fdomiu ra\u0161tu kosmoso tema. Med\u017eiaga yra atspari vandeniui ir patvari.","og_url":"https:\/\/kidsplay.lt\/lv\/product\/mokykline-kuprine-berniukui-1-3-kl\/","og_site_name":"KidsPlay","article_publisher":"https:\/\/www.facebook.com\/www.kidsplay.lt","article_modified_time":"2025-10-04T10:42:05+00:00","og_image":[{"width":683,"height":1024,"url":"https:\/\/kidsplay.lt\/wp-content\/uploads\/2023\/07\/Mokykline-kuprine-berniukui-1-3-kl.jpg","type":"image\/jpeg"}],"twitter_card":"summary_large_image","twitter_misc":{"Est. reading time":"1 min\u016bte"},"schema":{"@context":"https:\/\/schema.org","@graph":[{"@type":"WebPage","@id":"https:\/\/kidsplay.lt\/produktas\/mokykline-kuprine-berniukui-1-3-kl\/","url":"https:\/\/kidsplay.lt\/produktas\/mokykline-kuprine-berniukui-1-3-kl\/","name":"Mokyklin\u0117 kuprin\u0117 berniukui 1-3 kl - KidsPlay","isPartOf":{"@id":"https:\/\/kidsplay.lt\/#website"},"primaryImageOfPage":{"@id":"https:\/\/kidsplay.lt\/produktas\/mokykline-kuprine-berniukui-1-3-kl\/#primaryimage"},"image":{"@id":"https:\/\/kidsplay.lt\/produktas\/mokykline-kuprine-berniukui-1-3-kl\/#primaryimage"},"thumbnailUrl":"https:\/\/kidsplay.lt\/wp-content\/uploads\/2023\/07\/Mokykline-kuprine-berniukui-1-3-kl.jpg","datePublished":"2023-07-06T21:44:29+00:00","dateModified":"2025-10-04T10:42:05+00:00","description":"Mokyklin\u0117 kuprin\u0117 berniukui 1-3 kl pasi\u017eymi itin kruop\u0161\u010diu apdirbimu ir \u012fdomiu ra\u0161tu kosmoso tema. Med\u017eiaga yra atspari vandeniui ir patvari.","breadcrumb":{"@id":"https:\/\/kidsplay.lt\/produktas\/mokykline-kuprine-berniukui-1-3-kl\/#breadcrumb"},"inLanguage":"lv-LV","potentialAction":[{"@type":"ReadAction","target":["https:\/\/kidsplay.lt\/produktas\/mokykline-kuprine-berniukui-1-3-kl\/"]}]},{"@type":"ImageObject","inLanguage":"lv-LV","@id":"https:\/\/kidsplay.lt\/produktas\/mokykline-kuprine-berniukui-1-3-kl\/#primaryimage","url":"https:\/\/kidsplay.lt\/wp-content\/uploads\/2023\/07\/Mokykline-kuprine-berniukui-1-3-kl.jpg","contentUrl":"https:\/\/kidsplay.lt\/wp-content\/uploads\/2023\/07\/Mokykline-kuprine-berniukui-1-3-kl.jpg","width":683,"height":1024},{"@type":"BreadcrumbList","@id":"https:\/\/kidsplay.lt\/produktas\/mokykline-kuprine-berniukui-1-3-kl\/#breadcrumb","itemListElement":[{"@type":"ListItem","position":1,"name":"Pagrindinis","item":"https:\/\/kidsplay.lt\/"},{"@type":"ListItem","position":2,"name":"Parduotuv\u0117","item":"https:\/\/kidsplay.lt\/parduotuve\/"},{"@type":"ListItem","position":3,"name":"Mokyklin\u0117 kuprin\u0117 berniukui 1-3 kl"}]},{"@type":"WebSite","@id":"https:\/\/kidsplay.lt\/#website","url":"https:\/\/kidsplay.lt\/","name":"B\u0113rnu sp\u0113les.lv","description":"\u012evairios prek\u0117s vaikams","publisher":{"@id":"https:\/\/kidsplay.lt\/#organization"},"alternateName":"Kidsplay","potentialAction":[{"@type":"SearchAction","target":{"@type":"EntryPoint","urlTemplate":"https:\/\/kidsplay.lt\/?s={search_term_string}"},"query-input":{"@type":"PropertyValueSpecification","valueRequired":true,"valueName":"search_term_string"}}],"inLanguage":"lv-LV"},{"@type":"Organization","@id":"https:\/\/kidsplay.lt\/#organization","name":"B\u0113rnu sp\u0113le","url":"https:\/\/kidsplay.lt\/","logo":{"@type":"ImageObject","inLanguage":"lv-LV","@id":"https:\/\/kidsplay.lt\/#\/schema\/logo\/image\/","url":"https:\/\/kidsplay.lt\/wp-content\/uploads\/2023\/07\/kidsplay-logo.png","contentUrl":"https:\/\/kidsplay.lt\/wp-content\/uploads\/2023\/07\/kidsplay-logo.png","width":451,"height":98,"caption":"KidsPlay"},"image":{"@id":"https:\/\/kidsplay.lt\/#\/schema\/logo\/image\/"},"sameAs":["https:\/\/www.facebook.com\/www.kidsplay.lt"]}]}},"_links":{"self":[{"href":"https:\/\/kidsplay.lt\/lv\/wp-json\/wp\/v2\/product\/22748","targetHints":{"allow":["GET"]}}],"collection":[{"href":"https:\/\/kidsplay.lt\/lv\/wp-json\/wp\/v2\/product"}],"about":[{"href":"https:\/\/kidsplay.lt\/lv\/wp-json\/wp\/v2\/types\/product"}],"version-history":[{"count":1,"href":"https:\/\/kidsplay.lt\/lv\/wp-json\/wp\/v2\/product\/22748\/revisions"}],"predecessor-version":[{"id":65055,"href":"https:\/\/kidsplay.lt\/lv\/wp-json\/wp\/v2\/product\/22748\/revisions\/65055"}],"wp:featuredmedia":[{"embeddable":true,"href":"https:\/\/kidsplay.lt\/lv\/wp-json\/wp\/v2\/media\/22915"}],"wp:attachment":[{"href":"https:\/\/kidsplay.lt\/lv\/wp-json\/wp\/v2\/media?parent=22748"}],"wp:term":[{"taxonomy":"product_brand","embeddable":true,"href":"https:\/\/kidsplay.lt\/lv\/wp-json\/wp\/v2\/product_brand?post=22748"},{"taxonomy":"product_cat","embeddable":true,"href":"https:\/\/kidsplay.lt\/lv\/wp-json\/wp\/v2\/product_cat?post=22748"},{"taxonomy":"product_tag","embeddable":true,"href":"https:\/\/kidsplay.lt\/lv\/wp-json\/wp\/v2\/product_tag?post=22748"}],"curies":[{"name":"wp","href":"https:\/\/api.w.org\/{rel}","templated":true}]}}