{"id":22997,"date":"2023-07-06T21:48:12","date_gmt":"2023-07-06T21:48:12","guid":{"rendered":"https:\/\/kidsplay.lt\/?post_type=product&#038;p=22997"},"modified":"2025-10-04T13:47:16","modified_gmt":"2025-10-04T10:47:16","slug":"vaikiska-kuprine-meskiukas","status":"publish","type":"product","link":"https:\/\/kidsplay.lt\/lv\/products\/vaikiska-kuprine-meskiukas\/","title":{"rendered":"Vaiki\u0161ka kuprin\u0117 Me\u0161kiukas"},"content":{"rendered":"<p>Vaiki\u0161ka kuprin\u0117 Me\u0161kiukas originalaus dizaino privers vaikus pamilti \u0161i\u0105 kuprin\u0119 ir visur nor\u0117sis j\u0105 ne\u0161ioti.<\/p>\n<p>Dydis: 23 x 22 x 9 cm.<\/p>","protected":false},"excerpt":{"rendered":"<p>Vaiki\u0161ka kuprin\u0117 Me\u0161kiukas originalaus dizaino privers vaikus pamilti \u0161i\u0105 kuprin\u0119 ir visur nor\u0117sis j\u0105 ne\u0161ioti.<\/p>","protected":false},"featured_media":23150,"template":"","meta":{"_acf_changed":false,"_glsr_average":0,"_glsr_ranking":0,"_glsr_reviews":0},"product_brand":[],"product_cat":[338,335,337],"product_tag":[344],"class_list":{"0":"post-22997","1":"product","2":"type-product","3":"status-publish","4":"has-post-thumbnail","6":"product_cat-ikimokyklines-kuprines","7":"product_cat-kelionems","8":"product_cat-mokyklines-prekes","9":"product_tag-kuprines","10":"\"style=\"background-color: #2ecc711c;\"","12":"first","13":"instock","14":"shipping-taxable","15":"purchasable","16":"product-type-simple"},"acf":[],"yoast_head":"<!-- This site is optimized with the Yoast SEO plugin v27.3 - https:\/\/yoast.com\/product\/yoast-seo-wordpress\/ -->\n<title>Vaiki\u0161ka kuprin\u0117 Me\u0161kiukas - KidsPlay<\/title>\n<meta name=\"description\" content=\"Vaiki\u0161ka kuprin\u0117 Me\u0161kiukas originalaus dizaino privers vaikus pamilti \u0161i\u0105 kuprin\u0119 ir visur nor\u0117sis j\u0105 ne\u0161ioti.\u00a0\" \/>\n<meta name=\"robots\" content=\"index, follow, max-snippet:-1, max-image-preview:large, max-video-preview:-1\" \/>\n<link rel=\"canonical\" href=\"https:\/\/kidsplay.lt\/lv\/products\/vaikiska-kuprine-meskiukas\/\" \/>\n<meta property=\"og:locale\" content=\"lv_LV\" \/>\n<meta property=\"og:type\" content=\"article\" \/>\n<meta property=\"og:title\" content=\"Vaiki\u0161ka kuprin\u0117 Me\u0161kiukas - KidsPlay\" \/>\n<meta property=\"og:description\" content=\"Vaiki\u0161ka kuprin\u0117 Me\u0161kiukas originalaus dizaino privers vaikus pamilti \u0161i\u0105 kuprin\u0119 ir visur nor\u0117sis j\u0105 ne\u0161ioti.\u00a0\" \/>\n<meta property=\"og:url\" content=\"https:\/\/kidsplay.lt\/lv\/products\/vaikiska-kuprine-meskiukas\/\" \/>\n<meta property=\"og:site_name\" content=\"KidsPlay\" \/>\n<meta property=\"article:publisher\" content=\"https:\/\/www.facebook.com\/www.kidsplay.lt\" \/>\n<meta property=\"article:modified_time\" content=\"2025-10-04T10:47:16+00:00\" \/>\n<meta property=\"og:image\" content=\"https:\/\/kidsplay.lt\/wp-content\/uploads\/2023\/07\/Vaikiska-kuprine-Meskiukas2.jpg\" \/>\n\t<meta property=\"og:image:width\" content=\"496\" \/>\n\t<meta property=\"og:image:height\" content=\"564\" \/>\n\t<meta property=\"og:image:type\" content=\"image\/jpeg\" \/>\n<meta name=\"twitter:card\" content=\"summary_large_image\" \/>\n<meta name=\"twitter:label1\" content=\"Est. reading time\" \/>\n\t<meta name=\"twitter:data1\" content=\"1 min\u016bte\" \/>\n<script type=\"application\/ld+json\" class=\"yoast-schema-graph\">{\"@context\":\"https:\\\/\\\/schema.org\",\"@graph\":[{\"@type\":\"WebPage\",\"@id\":\"https:\\\/\\\/kidsplay.lt\\\/produktas\\\/vaikiska-kuprine-meskiukas\\\/\",\"url\":\"https:\\\/\\\/kidsplay.lt\\\/produktas\\\/vaikiska-kuprine-meskiukas\\\/\",\"name\":\"Vaiki\u0161ka kuprin\u0117 Me\u0161kiukas - KidsPlay\",\"isPartOf\":{\"@id\":\"https:\\\/\\\/kidsplay.lt\\\/#website\"},\"primaryImageOfPage\":{\"@id\":\"https:\\\/\\\/kidsplay.lt\\\/produktas\\\/vaikiska-kuprine-meskiukas\\\/#primaryimage\"},\"image\":{\"@id\":\"https:\\\/\\\/kidsplay.lt\\\/produktas\\\/vaikiska-kuprine-meskiukas\\\/#primaryimage\"},\"thumbnailUrl\":\"https:\\\/\\\/kidsplay.lt\\\/wp-content\\\/uploads\\\/2023\\\/07\\\/Vaikiska-kuprine-Meskiukas2.jpg\",\"datePublished\":\"2023-07-06T21:48:12+00:00\",\"dateModified\":\"2025-10-04T10:47:16+00:00\",\"description\":\"Vaiki\u0161ka kuprin\u0117 Me\u0161kiukas originalaus dizaino privers vaikus pamilti \u0161i\u0105 kuprin\u0119 ir visur nor\u0117sis j\u0105 ne\u0161ioti.\u00a0\",\"breadcrumb\":{\"@id\":\"https:\\\/\\\/kidsplay.lt\\\/produktas\\\/vaikiska-kuprine-meskiukas\\\/#breadcrumb\"},\"inLanguage\":\"lv-LV\",\"potentialAction\":[{\"@type\":\"ReadAction\",\"target\":[\"https:\\\/\\\/kidsplay.lt\\\/produktas\\\/vaikiska-kuprine-meskiukas\\\/\"]}]},{\"@type\":\"ImageObject\",\"inLanguage\":\"lv-LV\",\"@id\":\"https:\\\/\\\/kidsplay.lt\\\/produktas\\\/vaikiska-kuprine-meskiukas\\\/#primaryimage\",\"url\":\"https:\\\/\\\/kidsplay.lt\\\/wp-content\\\/uploads\\\/2023\\\/07\\\/Vaikiska-kuprine-Meskiukas2.jpg\",\"contentUrl\":\"https:\\\/\\\/kidsplay.lt\\\/wp-content\\\/uploads\\\/2023\\\/07\\\/Vaikiska-kuprine-Meskiukas2.jpg\",\"width\":496,\"height\":564},{\"@type\":\"BreadcrumbList\",\"@id\":\"https:\\\/\\\/kidsplay.lt\\\/produktas\\\/vaikiska-kuprine-meskiukas\\\/#breadcrumb\",\"itemListElement\":[{\"@type\":\"ListItem\",\"position\":1,\"name\":\"Pagrindinis\",\"item\":\"https:\\\/\\\/kidsplay.lt\\\/\"},{\"@type\":\"ListItem\",\"position\":2,\"name\":\"Parduotuv\u0117\",\"item\":\"https:\\\/\\\/kidsplay.lt\\\/parduotuve\\\/\"},{\"@type\":\"ListItem\",\"position\":3,\"name\":\"Vaiki\u0161ka kuprin\u0117 Me\u0161kiukas\"}]},{\"@type\":\"WebSite\",\"@id\":\"https:\\\/\\\/kidsplay.lt\\\/#website\",\"url\":\"https:\\\/\\\/kidsplay.lt\\\/\",\"name\":\"Kidsplay.lt\",\"description\":\"\u012evairios prek\u0117s vaikams\",\"publisher\":{\"@id\":\"https:\\\/\\\/kidsplay.lt\\\/#organization\"},\"alternateName\":\"Kidsplay\",\"potentialAction\":[{\"@type\":\"SearchAction\",\"target\":{\"@type\":\"EntryPoint\",\"urlTemplate\":\"https:\\\/\\\/kidsplay.lt\\\/?s={search_term_string}\"},\"query-input\":{\"@type\":\"PropertyValueSpecification\",\"valueRequired\":true,\"valueName\":\"search_term_string\"}}],\"inLanguage\":\"lv-LV\"},{\"@type\":\"Organization\",\"@id\":\"https:\\\/\\\/kidsplay.lt\\\/#organization\",\"name\":\"KidsPlay\",\"url\":\"https:\\\/\\\/kidsplay.lt\\\/\",\"logo\":{\"@type\":\"ImageObject\",\"inLanguage\":\"lv-LV\",\"@id\":\"https:\\\/\\\/kidsplay.lt\\\/#\\\/schema\\\/logo\\\/image\\\/\",\"url\":\"https:\\\/\\\/kidsplay.lt\\\/wp-content\\\/uploads\\\/2023\\\/07\\\/kidsplay-logo.png\",\"contentUrl\":\"https:\\\/\\\/kidsplay.lt\\\/wp-content\\\/uploads\\\/2023\\\/07\\\/kidsplay-logo.png\",\"width\":451,\"height\":98,\"caption\":\"KidsPlay\"},\"image\":{\"@id\":\"https:\\\/\\\/kidsplay.lt\\\/#\\\/schema\\\/logo\\\/image\\\/\"},\"sameAs\":[\"https:\\\/\\\/www.facebook.com\\\/www.kidsplay.lt\"]}]}<\/script>\n<!-- \/ Yoast SEO plugin. -->","yoast_head_json":{"title":"Vaiki\u0161ka kuprin\u0117 Me\u0161kiukas - KidsPlay","description":"Vaiki\u0161ka kuprin\u0117 Me\u0161kiukas originalaus dizaino privers vaikus pamilti \u0161i\u0105 kuprin\u0119 ir visur nor\u0117sis j\u0105 ne\u0161ioti.\u00a0","robots":{"index":"index","follow":"follow","max-snippet":"max-snippet:-1","max-image-preview":"max-image-preview:large","max-video-preview":"max-video-preview:-1"},"canonical":"https:\/\/kidsplay.lt\/lv\/products\/vaikiska-kuprine-meskiukas\/","og_locale":"lv_LV","og_type":"article","og_title":"Vaiki\u0161ka kuprin\u0117 Me\u0161kiukas - KidsPlay","og_description":"Vaiki\u0161ka kuprin\u0117 Me\u0161kiukas originalaus dizaino privers vaikus pamilti \u0161i\u0105 kuprin\u0119 ir visur nor\u0117sis j\u0105 ne\u0161ioti.\u00a0","og_url":"https:\/\/kidsplay.lt\/lv\/products\/vaikiska-kuprine-meskiukas\/","og_site_name":"KidsPlay","article_publisher":"https:\/\/www.facebook.com\/www.kidsplay.lt","article_modified_time":"2025-10-04T10:47:16+00:00","og_image":[{"width":496,"height":564,"url":"https:\/\/kidsplay.lt\/wp-content\/uploads\/2023\/07\/Vaikiska-kuprine-Meskiukas2.jpg","type":"image\/jpeg"}],"twitter_card":"summary_large_image","twitter_misc":{"Est. reading time":"1 min\u016bte"},"schema":{"@context":"https:\/\/schema.org","@graph":[{"@type":"WebPage","@id":"https:\/\/kidsplay.lt\/produktas\/vaikiska-kuprine-meskiukas\/","url":"https:\/\/kidsplay.lt\/produktas\/vaikiska-kuprine-meskiukas\/","name":"Vaiki\u0161ka kuprin\u0117 Me\u0161kiukas - KidsPlay","isPartOf":{"@id":"https:\/\/kidsplay.lt\/#website"},"primaryImageOfPage":{"@id":"https:\/\/kidsplay.lt\/produktas\/vaikiska-kuprine-meskiukas\/#primaryimage"},"image":{"@id":"https:\/\/kidsplay.lt\/produktas\/vaikiska-kuprine-meskiukas\/#primaryimage"},"thumbnailUrl":"https:\/\/kidsplay.lt\/wp-content\/uploads\/2023\/07\/Vaikiska-kuprine-Meskiukas2.jpg","datePublished":"2023-07-06T21:48:12+00:00","dateModified":"2025-10-04T10:47:16+00:00","description":"Vaiki\u0161ka kuprin\u0117 Me\u0161kiukas originalaus dizaino privers vaikus pamilti \u0161i\u0105 kuprin\u0119 ir visur nor\u0117sis j\u0105 ne\u0161ioti.\u00a0","breadcrumb":{"@id":"https:\/\/kidsplay.lt\/produktas\/vaikiska-kuprine-meskiukas\/#breadcrumb"},"inLanguage":"lv-LV","potentialAction":[{"@type":"ReadAction","target":["https:\/\/kidsplay.lt\/produktas\/vaikiska-kuprine-meskiukas\/"]}]},{"@type":"ImageObject","inLanguage":"lv-LV","@id":"https:\/\/kidsplay.lt\/produktas\/vaikiska-kuprine-meskiukas\/#primaryimage","url":"https:\/\/kidsplay.lt\/wp-content\/uploads\/2023\/07\/Vaikiska-kuprine-Meskiukas2.jpg","contentUrl":"https:\/\/kidsplay.lt\/wp-content\/uploads\/2023\/07\/Vaikiska-kuprine-Meskiukas2.jpg","width":496,"height":564},{"@type":"BreadcrumbList","@id":"https:\/\/kidsplay.lt\/produktas\/vaikiska-kuprine-meskiukas\/#breadcrumb","itemListElement":[{"@type":"ListItem","position":1,"name":"Pagrindinis","item":"https:\/\/kidsplay.lt\/"},{"@type":"ListItem","position":2,"name":"Parduotuv\u0117","item":"https:\/\/kidsplay.lt\/parduotuve\/"},{"@type":"ListItem","position":3,"name":"Vaiki\u0161ka kuprin\u0117 Me\u0161kiukas"}]},{"@type":"WebSite","@id":"https:\/\/kidsplay.lt\/#website","url":"https:\/\/kidsplay.lt\/","name":"B\u0113rnu sp\u0113les.lv","description":"\u012evairios prek\u0117s vaikams","publisher":{"@id":"https:\/\/kidsplay.lt\/#organization"},"alternateName":"Kidsplay","potentialAction":[{"@type":"SearchAction","target":{"@type":"EntryPoint","urlTemplate":"https:\/\/kidsplay.lt\/?s={search_term_string}"},"query-input":{"@type":"PropertyValueSpecification","valueRequired":true,"valueName":"search_term_string"}}],"inLanguage":"lv-LV"},{"@type":"Organization","@id":"https:\/\/kidsplay.lt\/#organization","name":"B\u0113rnu sp\u0113le","url":"https:\/\/kidsplay.lt\/","logo":{"@type":"ImageObject","inLanguage":"lv-LV","@id":"https:\/\/kidsplay.lt\/#\/schema\/logo\/image\/","url":"https:\/\/kidsplay.lt\/wp-content\/uploads\/2023\/07\/kidsplay-logo.png","contentUrl":"https:\/\/kidsplay.lt\/wp-content\/uploads\/2023\/07\/kidsplay-logo.png","width":451,"height":98,"caption":"KidsPlay"},"image":{"@id":"https:\/\/kidsplay.lt\/#\/schema\/logo\/image\/"},"sameAs":["https:\/\/www.facebook.com\/www.kidsplay.lt"]}]}},"_links":{"self":[{"href":"https:\/\/kidsplay.lt\/lv\/wp-json\/wp\/v2\/product\/22997","targetHints":{"allow":["GET"]}}],"collection":[{"href":"https:\/\/kidsplay.lt\/lv\/wp-json\/wp\/v2\/product"}],"about":[{"href":"https:\/\/kidsplay.lt\/lv\/wp-json\/wp\/v2\/types\/product"}],"version-history":[{"count":1,"href":"https:\/\/kidsplay.lt\/lv\/wp-json\/wp\/v2\/product\/22997\/revisions"}],"predecessor-version":[{"id":65062,"href":"https:\/\/kidsplay.lt\/lv\/wp-json\/wp\/v2\/product\/22997\/revisions\/65062"}],"wp:featuredmedia":[{"embeddable":true,"href":"https:\/\/kidsplay.lt\/lv\/wp-json\/wp\/v2\/media\/23150"}],"wp:attachment":[{"href":"https:\/\/kidsplay.lt\/lv\/wp-json\/wp\/v2\/media?parent=22997"}],"wp:term":[{"taxonomy":"product_brand","embeddable":true,"href":"https:\/\/kidsplay.lt\/lv\/wp-json\/wp\/v2\/product_brand?post=22997"},{"taxonomy":"product_cat","embeddable":true,"href":"https:\/\/kidsplay.lt\/lv\/wp-json\/wp\/v2\/product_cat?post=22997"},{"taxonomy":"product_tag","embeddable":true,"href":"https:\/\/kidsplay.lt\/lv\/wp-json\/wp\/v2\/product_tag?post=22997"}],"curies":[{"name":"wp","href":"https:\/\/api.w.org\/{rel}","templated":true}]}}