{"id":23077,"date":"2023-07-06T21:49:26","date_gmt":"2023-07-06T21:49:26","guid":{"rendered":"https:\/\/kidsplay.lt\/?post_type=product&#038;p=23077"},"modified":"2025-12-23T21:57:40","modified_gmt":"2025-12-23T19:57:40","slug":"vaikiskas-lagaminas-suniukai-patruliai","status":"publish","type":"product","link":"https:\/\/kidsplay.lt\/lv\/products\/vaikiskas-lagaminas-suniukai-patruliai\/","title":{"rendered":"Vaiki\u0161kas lagaminas \u0160uniukai patruliai"},"content":{"rendered":"<p>Vaiki\u0161kas lagaminas \u0160uniukai patruliai &#8211; \u017eavus, talpus lagaminas ant ratuk\u0173 su Paw Patrol motyvu, kuris tikrai patiks kiekvienam ma\u017eajam keliautojui. Puikiai tinka kelion\u0117ms ar atostogoms. Pagamintas i\u0161 patvarios ABS med\u017eiagos, padengtas PC sluoksniu.<\/p>\n<ul>\n<li>divvirzienu r\u0101v\u0113jsl\u0113dz\u0113js<\/li>\n<li>ne\u0161imo rankena<\/li>\n<li>triecieniztur\u012bgs un iespiedumu iztur\u012bgs<\/li>\n<li>\u016bdensiztur\u012bgs<\/li>\n<li>dvi erdvios kameros viduje (viena su u\u017etrauktuku, kita su reguliuojamais dir\u017eeliais)<\/li>\n<li>talpa 28l<\/li>\n<li>maksimali apkrova 50 kg<\/li>\n<li>matmenys: 41,5 x 33 x 22 cm<\/li>\n<\/ul>","protected":false},"excerpt":{"rendered":"<p>Vaiki\u0161kas lagaminas \u0160uniukai patruliai &#8211; \u017eavus, talpus lagaminas ant ratuk\u0173 su Paw Patrol motyvu, kuris tikrai patiks kiekvienam ma\u017eajam keliautojui. Puikiai tinka kelion\u0117ms ar atostogoms.<\/p>","protected":false},"featured_media":23182,"template":"","meta":{"_acf_changed":false,"_glsr_average":0,"_glsr_ranking":0,"_glsr_reviews":0},"product_brand":[],"product_cat":[335],"product_tag":[336],"class_list":{"0":"post-23077","1":"product","2":"type-product","3":"status-publish","4":"has-post-thumbnail","6":"product_cat-kelionems","7":"product_tag-lagaminas-vaikui","8":"\"style=\"background-color: #2ecc711c;\"","10":"first","11":"instock","12":"shipping-taxable","13":"purchasable","14":"product-type-simple"},"acf":[],"yoast_head":"<!-- This site is optimized with the Yoast SEO plugin v27.3 - https:\/\/yoast.com\/product\/yoast-seo-wordpress\/ -->\n<title>Vaiki\u0161kas lagaminas \u0160uniukai patruliai - KidsPlay<\/title>\n<meta name=\"description\" content=\"Vaiki\u0161kas lagaminas \u0160uniukai patruliai - \u017eavus, talpus lagaminas ant ratuk\u0173 su Paw Patrol motyvu, kuris tikrai patiks kiekvienam.\" \/>\n<meta name=\"robots\" content=\"index, follow, max-snippet:-1, max-image-preview:large, max-video-preview:-1\" \/>\n<link rel=\"canonical\" href=\"https:\/\/kidsplay.lt\/lv\/products\/vaikiskas-lagaminas-suniukai-patruliai\/\" \/>\n<meta property=\"og:locale\" content=\"lv_LV\" \/>\n<meta property=\"og:type\" content=\"article\" \/>\n<meta property=\"og:title\" content=\"Vaiki\u0161kas lagaminas \u0160uniukai patruliai - KidsPlay\" \/>\n<meta property=\"og:description\" content=\"Vaiki\u0161kas lagaminas \u0160uniukai patruliai - \u017eavus, talpus lagaminas ant ratuk\u0173 su Paw Patrol motyvu, kuris tikrai patiks kiekvienam.\" \/>\n<meta property=\"og:url\" content=\"https:\/\/kidsplay.lt\/lv\/products\/vaikiskas-lagaminas-suniukai-patruliai\/\" \/>\n<meta property=\"og:site_name\" content=\"KidsPlay\" \/>\n<meta property=\"article:publisher\" content=\"https:\/\/www.facebook.com\/www.kidsplay.lt\" \/>\n<meta property=\"article:modified_time\" content=\"2025-12-23T19:57:40+00:00\" \/>\n<meta property=\"og:image\" content=\"https:\/\/kidsplay.lt\/wp-content\/uploads\/2023\/07\/Vaikiskas-lagaminas-Suniukai-patruliai.webp\" \/>\n\t<meta property=\"og:image:width\" content=\"600\" \/>\n\t<meta property=\"og:image:height\" content=\"600\" \/>\n\t<meta property=\"og:image:type\" content=\"image\/webp\" \/>\n<meta name=\"twitter:card\" content=\"summary_large_image\" \/>\n<meta name=\"twitter:label1\" content=\"Est. reading time\" \/>\n\t<meta name=\"twitter:data1\" content=\"1 min\u016bte\" \/>\n<script type=\"application\/ld+json\" class=\"yoast-schema-graph\">{\"@context\":\"https:\\\/\\\/schema.org\",\"@graph\":[{\"@type\":\"WebPage\",\"@id\":\"https:\\\/\\\/kidsplay.lt\\\/produktas\\\/vaikiskas-lagaminas-suniukai-patruliai\\\/\",\"url\":\"https:\\\/\\\/kidsplay.lt\\\/produktas\\\/vaikiskas-lagaminas-suniukai-patruliai\\\/\",\"name\":\"Vaiki\u0161kas lagaminas \u0160uniukai patruliai - KidsPlay\",\"isPartOf\":{\"@id\":\"https:\\\/\\\/kidsplay.lt\\\/#website\"},\"primaryImageOfPage\":{\"@id\":\"https:\\\/\\\/kidsplay.lt\\\/produktas\\\/vaikiskas-lagaminas-suniukai-patruliai\\\/#primaryimage\"},\"image\":{\"@id\":\"https:\\\/\\\/kidsplay.lt\\\/produktas\\\/vaikiskas-lagaminas-suniukai-patruliai\\\/#primaryimage\"},\"thumbnailUrl\":\"https:\\\/\\\/kidsplay.lt\\\/wp-content\\\/uploads\\\/2023\\\/07\\\/Vaikiskas-lagaminas-Suniukai-patruliai.webp\",\"datePublished\":\"2023-07-06T21:49:26+00:00\",\"dateModified\":\"2025-12-23T19:57:40+00:00\",\"description\":\"Vaiki\u0161kas lagaminas \u0160uniukai patruliai - \u017eavus, talpus lagaminas ant ratuk\u0173 su Paw Patrol motyvu, kuris tikrai patiks kiekvienam.\",\"breadcrumb\":{\"@id\":\"https:\\\/\\\/kidsplay.lt\\\/produktas\\\/vaikiskas-lagaminas-suniukai-patruliai\\\/#breadcrumb\"},\"inLanguage\":\"lv-LV\",\"potentialAction\":[{\"@type\":\"ReadAction\",\"target\":[\"https:\\\/\\\/kidsplay.lt\\\/produktas\\\/vaikiskas-lagaminas-suniukai-patruliai\\\/\"]}]},{\"@type\":\"ImageObject\",\"inLanguage\":\"lv-LV\",\"@id\":\"https:\\\/\\\/kidsplay.lt\\\/produktas\\\/vaikiskas-lagaminas-suniukai-patruliai\\\/#primaryimage\",\"url\":\"https:\\\/\\\/kidsplay.lt\\\/wp-content\\\/uploads\\\/2023\\\/07\\\/Vaikiskas-lagaminas-Suniukai-patruliai.webp\",\"contentUrl\":\"https:\\\/\\\/kidsplay.lt\\\/wp-content\\\/uploads\\\/2023\\\/07\\\/Vaikiskas-lagaminas-Suniukai-patruliai.webp\",\"width\":600,\"height\":600},{\"@type\":\"BreadcrumbList\",\"@id\":\"https:\\\/\\\/kidsplay.lt\\\/produktas\\\/vaikiskas-lagaminas-suniukai-patruliai\\\/#breadcrumb\",\"itemListElement\":[{\"@type\":\"ListItem\",\"position\":1,\"name\":\"Pagrindinis\",\"item\":\"https:\\\/\\\/kidsplay.lt\\\/\"},{\"@type\":\"ListItem\",\"position\":2,\"name\":\"Parduotuv\u0117\",\"item\":\"https:\\\/\\\/kidsplay.lt\\\/parduotuve\\\/\"},{\"@type\":\"ListItem\",\"position\":3,\"name\":\"Vaiki\u0161kas lagaminas \u0160uniukai patruliai\"}]},{\"@type\":\"WebSite\",\"@id\":\"https:\\\/\\\/kidsplay.lt\\\/#website\",\"url\":\"https:\\\/\\\/kidsplay.lt\\\/\",\"name\":\"Kidsplay.lt\",\"description\":\"\u012evairios prek\u0117s vaikams\",\"publisher\":{\"@id\":\"https:\\\/\\\/kidsplay.lt\\\/#organization\"},\"alternateName\":\"Kidsplay\",\"potentialAction\":[{\"@type\":\"SearchAction\",\"target\":{\"@type\":\"EntryPoint\",\"urlTemplate\":\"https:\\\/\\\/kidsplay.lt\\\/?s={search_term_string}\"},\"query-input\":{\"@type\":\"PropertyValueSpecification\",\"valueRequired\":true,\"valueName\":\"search_term_string\"}}],\"inLanguage\":\"lv-LV\"},{\"@type\":\"Organization\",\"@id\":\"https:\\\/\\\/kidsplay.lt\\\/#organization\",\"name\":\"KidsPlay\",\"url\":\"https:\\\/\\\/kidsplay.lt\\\/\",\"logo\":{\"@type\":\"ImageObject\",\"inLanguage\":\"lv-LV\",\"@id\":\"https:\\\/\\\/kidsplay.lt\\\/#\\\/schema\\\/logo\\\/image\\\/\",\"url\":\"https:\\\/\\\/kidsplay.lt\\\/wp-content\\\/uploads\\\/2023\\\/07\\\/kidsplay-logo.png\",\"contentUrl\":\"https:\\\/\\\/kidsplay.lt\\\/wp-content\\\/uploads\\\/2023\\\/07\\\/kidsplay-logo.png\",\"width\":451,\"height\":98,\"caption\":\"KidsPlay\"},\"image\":{\"@id\":\"https:\\\/\\\/kidsplay.lt\\\/#\\\/schema\\\/logo\\\/image\\\/\"},\"sameAs\":[\"https:\\\/\\\/www.facebook.com\\\/www.kidsplay.lt\"]}]}<\/script>\n<!-- \/ Yoast SEO plugin. -->","yoast_head_json":{"title":"Vaiki\u0161kas lagaminas \u0160uniukai patruliai - KidsPlay","description":"Vaiki\u0161kas lagaminas \u0160uniukai patruliai - \u017eavus, talpus lagaminas ant ratuk\u0173 su Paw Patrol motyvu, kuris tikrai patiks kiekvienam.","robots":{"index":"index","follow":"follow","max-snippet":"max-snippet:-1","max-image-preview":"max-image-preview:large","max-video-preview":"max-video-preview:-1"},"canonical":"https:\/\/kidsplay.lt\/lv\/products\/vaikiskas-lagaminas-suniukai-patruliai\/","og_locale":"lv_LV","og_type":"article","og_title":"Vaiki\u0161kas lagaminas \u0160uniukai patruliai - KidsPlay","og_description":"Vaiki\u0161kas lagaminas \u0160uniukai patruliai - \u017eavus, talpus lagaminas ant ratuk\u0173 su Paw Patrol motyvu, kuris tikrai patiks kiekvienam.","og_url":"https:\/\/kidsplay.lt\/lv\/products\/vaikiskas-lagaminas-suniukai-patruliai\/","og_site_name":"KidsPlay","article_publisher":"https:\/\/www.facebook.com\/www.kidsplay.lt","article_modified_time":"2025-12-23T19:57:40+00:00","og_image":[{"width":600,"height":600,"url":"https:\/\/kidsplay.lt\/wp-content\/uploads\/2023\/07\/Vaikiskas-lagaminas-Suniukai-patruliai.webp","type":"image\/webp"}],"twitter_card":"summary_large_image","twitter_misc":{"Est. reading time":"1 min\u016bte"},"schema":{"@context":"https:\/\/schema.org","@graph":[{"@type":"WebPage","@id":"https:\/\/kidsplay.lt\/produktas\/vaikiskas-lagaminas-suniukai-patruliai\/","url":"https:\/\/kidsplay.lt\/produktas\/vaikiskas-lagaminas-suniukai-patruliai\/","name":"Vaiki\u0161kas lagaminas \u0160uniukai patruliai - KidsPlay","isPartOf":{"@id":"https:\/\/kidsplay.lt\/#website"},"primaryImageOfPage":{"@id":"https:\/\/kidsplay.lt\/produktas\/vaikiskas-lagaminas-suniukai-patruliai\/#primaryimage"},"image":{"@id":"https:\/\/kidsplay.lt\/produktas\/vaikiskas-lagaminas-suniukai-patruliai\/#primaryimage"},"thumbnailUrl":"https:\/\/kidsplay.lt\/wp-content\/uploads\/2023\/07\/Vaikiskas-lagaminas-Suniukai-patruliai.webp","datePublished":"2023-07-06T21:49:26+00:00","dateModified":"2025-12-23T19:57:40+00:00","description":"Vaiki\u0161kas lagaminas \u0160uniukai patruliai - \u017eavus, talpus lagaminas ant ratuk\u0173 su Paw Patrol motyvu, kuris tikrai patiks kiekvienam.","breadcrumb":{"@id":"https:\/\/kidsplay.lt\/produktas\/vaikiskas-lagaminas-suniukai-patruliai\/#breadcrumb"},"inLanguage":"lv-LV","potentialAction":[{"@type":"ReadAction","target":["https:\/\/kidsplay.lt\/produktas\/vaikiskas-lagaminas-suniukai-patruliai\/"]}]},{"@type":"ImageObject","inLanguage":"lv-LV","@id":"https:\/\/kidsplay.lt\/produktas\/vaikiskas-lagaminas-suniukai-patruliai\/#primaryimage","url":"https:\/\/kidsplay.lt\/wp-content\/uploads\/2023\/07\/Vaikiskas-lagaminas-Suniukai-patruliai.webp","contentUrl":"https:\/\/kidsplay.lt\/wp-content\/uploads\/2023\/07\/Vaikiskas-lagaminas-Suniukai-patruliai.webp","width":600,"height":600},{"@type":"BreadcrumbList","@id":"https:\/\/kidsplay.lt\/produktas\/vaikiskas-lagaminas-suniukai-patruliai\/#breadcrumb","itemListElement":[{"@type":"ListItem","position":1,"name":"Pagrindinis","item":"https:\/\/kidsplay.lt\/"},{"@type":"ListItem","position":2,"name":"Parduotuv\u0117","item":"https:\/\/kidsplay.lt\/parduotuve\/"},{"@type":"ListItem","position":3,"name":"Vaiki\u0161kas lagaminas \u0160uniukai patruliai"}]},{"@type":"WebSite","@id":"https:\/\/kidsplay.lt\/#website","url":"https:\/\/kidsplay.lt\/","name":"B\u0113rnu sp\u0113les.lv","description":"\u012evairios prek\u0117s vaikams","publisher":{"@id":"https:\/\/kidsplay.lt\/#organization"},"alternateName":"Kidsplay","potentialAction":[{"@type":"SearchAction","target":{"@type":"EntryPoint","urlTemplate":"https:\/\/kidsplay.lt\/?s={search_term_string}"},"query-input":{"@type":"PropertyValueSpecification","valueRequired":true,"valueName":"search_term_string"}}],"inLanguage":"lv-LV"},{"@type":"Organization","@id":"https:\/\/kidsplay.lt\/#organization","name":"B\u0113rnu sp\u0113le","url":"https:\/\/kidsplay.lt\/","logo":{"@type":"ImageObject","inLanguage":"lv-LV","@id":"https:\/\/kidsplay.lt\/#\/schema\/logo\/image\/","url":"https:\/\/kidsplay.lt\/wp-content\/uploads\/2023\/07\/kidsplay-logo.png","contentUrl":"https:\/\/kidsplay.lt\/wp-content\/uploads\/2023\/07\/kidsplay-logo.png","width":451,"height":98,"caption":"KidsPlay"},"image":{"@id":"https:\/\/kidsplay.lt\/#\/schema\/logo\/image\/"},"sameAs":["https:\/\/www.facebook.com\/www.kidsplay.lt"]}]}},"_links":{"self":[{"href":"https:\/\/kidsplay.lt\/lv\/wp-json\/wp\/v2\/product\/23077","targetHints":{"allow":["GET"]}}],"collection":[{"href":"https:\/\/kidsplay.lt\/lv\/wp-json\/wp\/v2\/product"}],"about":[{"href":"https:\/\/kidsplay.lt\/lv\/wp-json\/wp\/v2\/types\/product"}],"version-history":[{"count":2,"href":"https:\/\/kidsplay.lt\/lv\/wp-json\/wp\/v2\/product\/23077\/revisions"}],"predecessor-version":[{"id":74347,"href":"https:\/\/kidsplay.lt\/lv\/wp-json\/wp\/v2\/product\/23077\/revisions\/74347"}],"wp:featuredmedia":[{"embeddable":true,"href":"https:\/\/kidsplay.lt\/lv\/wp-json\/wp\/v2\/media\/23182"}],"wp:attachment":[{"href":"https:\/\/kidsplay.lt\/lv\/wp-json\/wp\/v2\/media?parent=23077"}],"wp:term":[{"taxonomy":"product_brand","embeddable":true,"href":"https:\/\/kidsplay.lt\/lv\/wp-json\/wp\/v2\/product_brand?post=23077"},{"taxonomy":"product_cat","embeddable":true,"href":"https:\/\/kidsplay.lt\/lv\/wp-json\/wp\/v2\/product_cat?post=23077"},{"taxonomy":"product_tag","embeddable":true,"href":"https:\/\/kidsplay.lt\/lv\/wp-json\/wp\/v2\/product_tag?post=23077"}],"curies":[{"name":"wp","href":"https:\/\/api.w.org\/{rel}","templated":true}]}}