{"id":23202,"date":"2023-07-06T21:51:21","date_gmt":"2023-07-06T21:51:21","guid":{"rendered":"https:\/\/kidsplay.lt\/?post_type=product&#038;p=23202"},"modified":"2025-10-04T13:48:44","modified_gmt":"2025-10-04T10:48:44","slug":"ikimokykline-kuprine-berniukams-spiderman","status":"publish","type":"product","link":"https:\/\/kidsplay.lt\/lv\/products\/ikimokykline-kuprine-berniukams-spiderman\/","title":{"rendered":"Pirmsskolas vecuma mugursoma z\u0113niem Zirnek\u013ccilv\u0113ks"},"content":{"rendered":"<p>Ikimokyklin\u0117 kuprin\u0117 berniukams Spiderman itin kruop\u0161\u010diai pagaminta kuprin\u0117 su m\u0117gstamos pasakos herojaus tema paskatins kiekvien\u0105 vaik\u0105 imtis mokyklini\u0173 pareig\u0173. Viduje yra erdvus skyrius, kuriame tilps vadov\u0117liai ir mokykliniai reikmenys. Reguliuojamos petne\u0161os leid\u017eia gerai priglusti prie kuprin\u0117s. U\u017esegamos ki\u0161en\u0117s. Su 3D efektu.<\/p>\n<ul>\n<li>Matmenys: 31 x 25 x 10 cm<\/li>\n<\/ul>","protected":false},"excerpt":{"rendered":"<p>Ikimokyklin\u0117 kuprin\u0117 berniukams Spiderman itin kruop\u0161\u010diai pagaminta kuprin\u0117 su m\u0117gstamos pasakos herojaus tema paskatins kiekvien\u0105 vaik\u0105 imtis mokyklini\u0173 pareig\u0173.<\/p>","protected":false},"featured_media":23275,"template":"","meta":{"_acf_changed":false,"_glsr_average":0,"_glsr_ranking":0,"_glsr_reviews":0},"product_brand":[],"product_cat":[338,337],"product_tag":[344],"class_list":{"0":"post-23202","1":"product","2":"type-product","3":"status-publish","4":"has-post-thumbnail","6":"product_cat-ikimokyklines-kuprines","7":"product_cat-mokyklines-prekes","8":"product_tag-kuprines","9":"\"style=\"background-color: #2ecc711c;\"","11":"first","12":"instock","13":"shipping-taxable","14":"purchasable","15":"product-type-simple"},"acf":[],"yoast_head":"<!-- This site is optimized with the Yoast SEO plugin v27.3 - https:\/\/yoast.com\/product\/yoast-seo-wordpress\/ -->\n<title>Ikimokyklin\u0117 kuprin\u0117 berniukams Spiderman - KidsPlay<\/title>\n<meta name=\"description\" content=\"Ikimokyklin\u0117 kuprin\u0117 berniukams Spiderman itin kruop\u0161\u010diai pagaminta kuprin\u0117 su m\u0117gstamos pasakos herojaus tema.\" \/>\n<meta name=\"robots\" content=\"index, follow, max-snippet:-1, max-image-preview:large, max-video-preview:-1\" \/>\n<link rel=\"canonical\" href=\"https:\/\/kidsplay.lt\/lv\/products\/ikimokykline-kuprine-berniukams-spiderman\/\" \/>\n<meta property=\"og:locale\" content=\"lv_LV\" \/>\n<meta property=\"og:type\" content=\"article\" \/>\n<meta property=\"og:title\" content=\"Ikimokyklin\u0117 kuprin\u0117 berniukams Spiderman - KidsPlay\" \/>\n<meta property=\"og:description\" content=\"Ikimokyklin\u0117 kuprin\u0117 berniukams Spiderman itin kruop\u0161\u010diai pagaminta kuprin\u0117 su m\u0117gstamos pasakos herojaus tema.\" \/>\n<meta property=\"og:url\" content=\"https:\/\/kidsplay.lt\/lv\/products\/ikimokykline-kuprine-berniukams-spiderman\/\" \/>\n<meta property=\"og:site_name\" content=\"KidsPlay\" \/>\n<meta property=\"article:publisher\" content=\"https:\/\/www.facebook.com\/www.kidsplay.lt\" \/>\n<meta property=\"article:modified_time\" content=\"2025-10-04T10:48:44+00:00\" \/>\n<meta property=\"og:image\" content=\"https:\/\/kidsplay.lt\/wp-content\/uploads\/2023\/07\/Ikimokykline-kuprine-berniukams-Spiderman4.jpg\" \/>\n\t<meta property=\"og:image:width\" content=\"793\" \/>\n\t<meta property=\"og:image:height\" content=\"979\" \/>\n\t<meta property=\"og:image:type\" content=\"image\/jpeg\" \/>\n<meta name=\"twitter:card\" content=\"summary_large_image\" \/>\n<meta name=\"twitter:label1\" content=\"Est. reading time\" \/>\n\t<meta name=\"twitter:data1\" content=\"1 min\u016bte\" \/>\n<script type=\"application\/ld+json\" class=\"yoast-schema-graph\">{\"@context\":\"https:\\\/\\\/schema.org\",\"@graph\":[{\"@type\":\"WebPage\",\"@id\":\"https:\\\/\\\/kidsplay.lt\\\/produktas\\\/ikimokykline-kuprine-berniukams-spiderman\\\/\",\"url\":\"https:\\\/\\\/kidsplay.lt\\\/produktas\\\/ikimokykline-kuprine-berniukams-spiderman\\\/\",\"name\":\"Ikimokyklin\u0117 kuprin\u0117 berniukams Spiderman - KidsPlay\",\"isPartOf\":{\"@id\":\"https:\\\/\\\/kidsplay.lt\\\/#website\"},\"primaryImageOfPage\":{\"@id\":\"https:\\\/\\\/kidsplay.lt\\\/produktas\\\/ikimokykline-kuprine-berniukams-spiderman\\\/#primaryimage\"},\"image\":{\"@id\":\"https:\\\/\\\/kidsplay.lt\\\/produktas\\\/ikimokykline-kuprine-berniukams-spiderman\\\/#primaryimage\"},\"thumbnailUrl\":\"https:\\\/\\\/kidsplay.lt\\\/wp-content\\\/uploads\\\/2023\\\/07\\\/Ikimokykline-kuprine-berniukams-Spiderman4.jpg\",\"datePublished\":\"2023-07-06T21:51:21+00:00\",\"dateModified\":\"2025-10-04T10:48:44+00:00\",\"description\":\"Ikimokyklin\u0117 kuprin\u0117 berniukams Spiderman itin kruop\u0161\u010diai pagaminta kuprin\u0117 su m\u0117gstamos pasakos herojaus tema.\",\"breadcrumb\":{\"@id\":\"https:\\\/\\\/kidsplay.lt\\\/produktas\\\/ikimokykline-kuprine-berniukams-spiderman\\\/#breadcrumb\"},\"inLanguage\":\"lv-LV\",\"potentialAction\":[{\"@type\":\"ReadAction\",\"target\":[\"https:\\\/\\\/kidsplay.lt\\\/produktas\\\/ikimokykline-kuprine-berniukams-spiderman\\\/\"]}]},{\"@type\":\"ImageObject\",\"inLanguage\":\"lv-LV\",\"@id\":\"https:\\\/\\\/kidsplay.lt\\\/produktas\\\/ikimokykline-kuprine-berniukams-spiderman\\\/#primaryimage\",\"url\":\"https:\\\/\\\/kidsplay.lt\\\/wp-content\\\/uploads\\\/2023\\\/07\\\/Ikimokykline-kuprine-berniukams-Spiderman4.jpg\",\"contentUrl\":\"https:\\\/\\\/kidsplay.lt\\\/wp-content\\\/uploads\\\/2023\\\/07\\\/Ikimokykline-kuprine-berniukams-Spiderman4.jpg\",\"width\":793,\"height\":979},{\"@type\":\"BreadcrumbList\",\"@id\":\"https:\\\/\\\/kidsplay.lt\\\/produktas\\\/ikimokykline-kuprine-berniukams-spiderman\\\/#breadcrumb\",\"itemListElement\":[{\"@type\":\"ListItem\",\"position\":1,\"name\":\"Pagrindinis\",\"item\":\"https:\\\/\\\/kidsplay.lt\\\/\"},{\"@type\":\"ListItem\",\"position\":2,\"name\":\"Parduotuv\u0117\",\"item\":\"https:\\\/\\\/kidsplay.lt\\\/parduotuve\\\/\"},{\"@type\":\"ListItem\",\"position\":3,\"name\":\"Ikimokyklin\u0117 kuprin\u0117 berniukams Spiderman\"}]},{\"@type\":\"WebSite\",\"@id\":\"https:\\\/\\\/kidsplay.lt\\\/#website\",\"url\":\"https:\\\/\\\/kidsplay.lt\\\/\",\"name\":\"Kidsplay.lt\",\"description\":\"\u012evairios prek\u0117s vaikams\",\"publisher\":{\"@id\":\"https:\\\/\\\/kidsplay.lt\\\/#organization\"},\"alternateName\":\"Kidsplay\",\"potentialAction\":[{\"@type\":\"SearchAction\",\"target\":{\"@type\":\"EntryPoint\",\"urlTemplate\":\"https:\\\/\\\/kidsplay.lt\\\/?s={search_term_string}\"},\"query-input\":{\"@type\":\"PropertyValueSpecification\",\"valueRequired\":true,\"valueName\":\"search_term_string\"}}],\"inLanguage\":\"lv-LV\"},{\"@type\":\"Organization\",\"@id\":\"https:\\\/\\\/kidsplay.lt\\\/#organization\",\"name\":\"KidsPlay\",\"url\":\"https:\\\/\\\/kidsplay.lt\\\/\",\"logo\":{\"@type\":\"ImageObject\",\"inLanguage\":\"lv-LV\",\"@id\":\"https:\\\/\\\/kidsplay.lt\\\/#\\\/schema\\\/logo\\\/image\\\/\",\"url\":\"https:\\\/\\\/kidsplay.lt\\\/wp-content\\\/uploads\\\/2023\\\/07\\\/kidsplay-logo.png\",\"contentUrl\":\"https:\\\/\\\/kidsplay.lt\\\/wp-content\\\/uploads\\\/2023\\\/07\\\/kidsplay-logo.png\",\"width\":451,\"height\":98,\"caption\":\"KidsPlay\"},\"image\":{\"@id\":\"https:\\\/\\\/kidsplay.lt\\\/#\\\/schema\\\/logo\\\/image\\\/\"},\"sameAs\":[\"https:\\\/\\\/www.facebook.com\\\/www.kidsplay.lt\"]}]}<\/script>\n<!-- \/ Yoast SEO plugin. -->","yoast_head_json":{"title":"Ikimokyklin\u0117 kuprin\u0117 berniukams Spiderman - KidsPlay","description":"Ikimokyklin\u0117 kuprin\u0117 berniukams Spiderman itin kruop\u0161\u010diai pagaminta kuprin\u0117 su m\u0117gstamos pasakos herojaus tema.","robots":{"index":"index","follow":"follow","max-snippet":"max-snippet:-1","max-image-preview":"max-image-preview:large","max-video-preview":"max-video-preview:-1"},"canonical":"https:\/\/kidsplay.lt\/lv\/products\/ikimokykline-kuprine-berniukams-spiderman\/","og_locale":"lv_LV","og_type":"article","og_title":"Ikimokyklin\u0117 kuprin\u0117 berniukams Spiderman - KidsPlay","og_description":"Ikimokyklin\u0117 kuprin\u0117 berniukams Spiderman itin kruop\u0161\u010diai pagaminta kuprin\u0117 su m\u0117gstamos pasakos herojaus tema.","og_url":"https:\/\/kidsplay.lt\/lv\/products\/ikimokykline-kuprine-berniukams-spiderman\/","og_site_name":"KidsPlay","article_publisher":"https:\/\/www.facebook.com\/www.kidsplay.lt","article_modified_time":"2025-10-04T10:48:44+00:00","og_image":[{"width":793,"height":979,"url":"https:\/\/kidsplay.lt\/wp-content\/uploads\/2023\/07\/Ikimokykline-kuprine-berniukams-Spiderman4.jpg","type":"image\/jpeg"}],"twitter_card":"summary_large_image","twitter_misc":{"Est. reading time":"1 min\u016bte"},"schema":{"@context":"https:\/\/schema.org","@graph":[{"@type":"WebPage","@id":"https:\/\/kidsplay.lt\/produktas\/ikimokykline-kuprine-berniukams-spiderman\/","url":"https:\/\/kidsplay.lt\/produktas\/ikimokykline-kuprine-berniukams-spiderman\/","name":"Ikimokyklin\u0117 kuprin\u0117 berniukams Spiderman - KidsPlay","isPartOf":{"@id":"https:\/\/kidsplay.lt\/#website"},"primaryImageOfPage":{"@id":"https:\/\/kidsplay.lt\/produktas\/ikimokykline-kuprine-berniukams-spiderman\/#primaryimage"},"image":{"@id":"https:\/\/kidsplay.lt\/produktas\/ikimokykline-kuprine-berniukams-spiderman\/#primaryimage"},"thumbnailUrl":"https:\/\/kidsplay.lt\/wp-content\/uploads\/2023\/07\/Ikimokykline-kuprine-berniukams-Spiderman4.jpg","datePublished":"2023-07-06T21:51:21+00:00","dateModified":"2025-10-04T10:48:44+00:00","description":"Ikimokyklin\u0117 kuprin\u0117 berniukams Spiderman itin kruop\u0161\u010diai pagaminta kuprin\u0117 su m\u0117gstamos pasakos herojaus tema.","breadcrumb":{"@id":"https:\/\/kidsplay.lt\/produktas\/ikimokykline-kuprine-berniukams-spiderman\/#breadcrumb"},"inLanguage":"lv-LV","potentialAction":[{"@type":"ReadAction","target":["https:\/\/kidsplay.lt\/produktas\/ikimokykline-kuprine-berniukams-spiderman\/"]}]},{"@type":"ImageObject","inLanguage":"lv-LV","@id":"https:\/\/kidsplay.lt\/produktas\/ikimokykline-kuprine-berniukams-spiderman\/#primaryimage","url":"https:\/\/kidsplay.lt\/wp-content\/uploads\/2023\/07\/Ikimokykline-kuprine-berniukams-Spiderman4.jpg","contentUrl":"https:\/\/kidsplay.lt\/wp-content\/uploads\/2023\/07\/Ikimokykline-kuprine-berniukams-Spiderman4.jpg","width":793,"height":979},{"@type":"BreadcrumbList","@id":"https:\/\/kidsplay.lt\/produktas\/ikimokykline-kuprine-berniukams-spiderman\/#breadcrumb","itemListElement":[{"@type":"ListItem","position":1,"name":"Pagrindinis","item":"https:\/\/kidsplay.lt\/"},{"@type":"ListItem","position":2,"name":"Parduotuv\u0117","item":"https:\/\/kidsplay.lt\/parduotuve\/"},{"@type":"ListItem","position":3,"name":"Ikimokyklin\u0117 kuprin\u0117 berniukams Spiderman"}]},{"@type":"WebSite","@id":"https:\/\/kidsplay.lt\/#website","url":"https:\/\/kidsplay.lt\/","name":"B\u0113rnu sp\u0113les.lv","description":"\u012evairios prek\u0117s vaikams","publisher":{"@id":"https:\/\/kidsplay.lt\/#organization"},"alternateName":"Kidsplay","potentialAction":[{"@type":"SearchAction","target":{"@type":"EntryPoint","urlTemplate":"https:\/\/kidsplay.lt\/?s={search_term_string}"},"query-input":{"@type":"PropertyValueSpecification","valueRequired":true,"valueName":"search_term_string"}}],"inLanguage":"lv-LV"},{"@type":"Organization","@id":"https:\/\/kidsplay.lt\/#organization","name":"B\u0113rnu sp\u0113le","url":"https:\/\/kidsplay.lt\/","logo":{"@type":"ImageObject","inLanguage":"lv-LV","@id":"https:\/\/kidsplay.lt\/#\/schema\/logo\/image\/","url":"https:\/\/kidsplay.lt\/wp-content\/uploads\/2023\/07\/kidsplay-logo.png","contentUrl":"https:\/\/kidsplay.lt\/wp-content\/uploads\/2023\/07\/kidsplay-logo.png","width":451,"height":98,"caption":"KidsPlay"},"image":{"@id":"https:\/\/kidsplay.lt\/#\/schema\/logo\/image\/"},"sameAs":["https:\/\/www.facebook.com\/www.kidsplay.lt"]}]}},"_links":{"self":[{"href":"https:\/\/kidsplay.lt\/lv\/wp-json\/wp\/v2\/product\/23202","targetHints":{"allow":["GET"]}}],"collection":[{"href":"https:\/\/kidsplay.lt\/lv\/wp-json\/wp\/v2\/product"}],"about":[{"href":"https:\/\/kidsplay.lt\/lv\/wp-json\/wp\/v2\/types\/product"}],"version-history":[{"count":1,"href":"https:\/\/kidsplay.lt\/lv\/wp-json\/wp\/v2\/product\/23202\/revisions"}],"predecessor-version":[{"id":65065,"href":"https:\/\/kidsplay.lt\/lv\/wp-json\/wp\/v2\/product\/23202\/revisions\/65065"}],"wp:featuredmedia":[{"embeddable":true,"href":"https:\/\/kidsplay.lt\/lv\/wp-json\/wp\/v2\/media\/23275"}],"wp:attachment":[{"href":"https:\/\/kidsplay.lt\/lv\/wp-json\/wp\/v2\/media?parent=23202"}],"wp:term":[{"taxonomy":"product_brand","embeddable":true,"href":"https:\/\/kidsplay.lt\/lv\/wp-json\/wp\/v2\/product_brand?post=23202"},{"taxonomy":"product_cat","embeddable":true,"href":"https:\/\/kidsplay.lt\/lv\/wp-json\/wp\/v2\/product_cat?post=23202"},{"taxonomy":"product_tag","embeddable":true,"href":"https:\/\/kidsplay.lt\/lv\/wp-json\/wp\/v2\/product_tag?post=23202"}],"curies":[{"name":"wp","href":"https:\/\/api.w.org\/{rel}","templated":true}]}}