{"id":23206,"date":"2023-07-06T21:51:22","date_gmt":"2023-07-06T21:51:22","guid":{"rendered":"https:\/\/kidsplay.lt\/?post_type=product&#038;p=23206"},"modified":"2025-10-04T13:49:45","modified_gmt":"2025-10-04T10:49:45","slug":"mokykline-kuprine-minnie-mouse","status":"publish","type":"product","link":"https:\/\/kidsplay.lt\/lv\/products\/mokykline-kuprine-minnie-mouse\/","title":{"rendered":"Mokyklin\u0117 kuprin\u0117 Minnie Mouse"},"content":{"rendered":"<p>Mokyklin\u0117 kuprin\u0117 Minnie Mouse turi patogius, reguliuojamus pe\u010di\u0173 dir\u017eelius, taip pat stand\u017ei\u0105 nugar\u0105, kuri padeda i\u0161laikyti taisykling\u0105 laikysen\u0105. Kuprin\u0117s privalumas \u2013 erdvios \u012fvairaus dyd\u017eio ki\u0161en\u0117s, kuri\u0173 d\u0117ka kuprin\u0117je tilps visi reikalingi priedai.<\/p>\n<p>Kuprin\u0117s matmenys:<\/p>\n<ul>\n<li>auk\u0161tis: 41 cm; plotis: 31 cm; gylis: 18 cm;<\/li>\n<li>svoris: 580 g<\/li>\n<li>talpa: 20 l<\/li>\n<\/ul>","protected":false},"excerpt":{"rendered":"<p>Mokyklin\u0117 kuprin\u0117 Minnie Mouse turi patogius, reguliuojamus pe\u010di\u0173 dir\u017eelius, taip pat stand\u017ei\u0105 nugar\u0105, kuri padeda i\u0161laikyti taisykling\u0105 laikysen\u0105.<\/p>","protected":false},"featured_media":23306,"template":"","meta":{"_acf_changed":false,"_glsr_average":0,"_glsr_ranking":0,"_glsr_reviews":0},"product_brand":[],"product_cat":[342,343,337],"product_tag":[344],"class_list":{"0":"post-23206","1":"product","2":"type-product","3":"status-publish","4":"has-post-thumbnail","6":"product_cat-kuprines","7":"product_cat-kuprines-pradinukams","8":"product_cat-mokyklines-prekes","9":"product_tag-kuprines","10":"\"style=\"background-color: #2ecc711c;\"","12":"first","13":"instock","14":"shipping-taxable","15":"purchasable","16":"product-type-simple"},"acf":[],"yoast_head":"<!-- This site is optimized with the Yoast SEO plugin v27.3 - https:\/\/yoast.com\/product\/yoast-seo-wordpress\/ -->\n<title>Mokyklin\u0117 kuprin\u0117 Minnie Mouse - KidsPlay<\/title>\n<meta name=\"description\" content=\"Mokyklin\u0117 kuprin\u0117 Minnie Mouse turi patogius, reguliuojamus pe\u010di\u0173 dir\u017eelius, taip pat stand\u017ei\u0105 nugar\u0105, kuri padeda i\u0161laikyti laikysen\u0105.\" \/>\n<meta name=\"robots\" content=\"index, follow, max-snippet:-1, max-image-preview:large, max-video-preview:-1\" \/>\n<link rel=\"canonical\" href=\"https:\/\/kidsplay.lt\/lv\/products\/mokykline-kuprine-minnie-mouse\/\" \/>\n<meta property=\"og:locale\" content=\"lv_LV\" \/>\n<meta property=\"og:type\" content=\"article\" \/>\n<meta property=\"og:title\" content=\"Mokyklin\u0117 kuprin\u0117 Minnie Mouse - KidsPlay\" \/>\n<meta property=\"og:description\" content=\"Mokyklin\u0117 kuprin\u0117 Minnie Mouse turi patogius, reguliuojamus pe\u010di\u0173 dir\u017eelius, taip pat stand\u017ei\u0105 nugar\u0105, kuri padeda i\u0161laikyti laikysen\u0105.\" \/>\n<meta property=\"og:url\" content=\"https:\/\/kidsplay.lt\/lv\/products\/mokykline-kuprine-minnie-mouse\/\" \/>\n<meta property=\"og:site_name\" content=\"KidsPlay\" \/>\n<meta property=\"article:publisher\" content=\"https:\/\/www.facebook.com\/www.kidsplay.lt\" \/>\n<meta property=\"article:modified_time\" content=\"2025-10-04T10:49:45+00:00\" \/>\n<meta property=\"og:image\" content=\"https:\/\/kidsplay.lt\/wp-content\/uploads\/2023\/07\/Mokykline-kuprine-Minnie-Mouse.jpg\" \/>\n\t<meta property=\"og:image:width\" content=\"720\" \/>\n\t<meta property=\"og:image:height\" content=\"720\" \/>\n\t<meta property=\"og:image:type\" content=\"image\/jpeg\" \/>\n<meta name=\"twitter:card\" content=\"summary_large_image\" \/>\n<meta name=\"twitter:label1\" content=\"Est. reading time\" \/>\n\t<meta name=\"twitter:data1\" content=\"1 min\u016bte\" \/>\n<script type=\"application\/ld+json\" class=\"yoast-schema-graph\">{\"@context\":\"https:\\\/\\\/schema.org\",\"@graph\":[{\"@type\":\"WebPage\",\"@id\":\"https:\\\/\\\/kidsplay.lt\\\/produktas\\\/mokykline-kuprine-minnie-mouse\\\/\",\"url\":\"https:\\\/\\\/kidsplay.lt\\\/produktas\\\/mokykline-kuprine-minnie-mouse\\\/\",\"name\":\"Mokyklin\u0117 kuprin\u0117 Minnie Mouse - KidsPlay\",\"isPartOf\":{\"@id\":\"https:\\\/\\\/kidsplay.lt\\\/#website\"},\"primaryImageOfPage\":{\"@id\":\"https:\\\/\\\/kidsplay.lt\\\/produktas\\\/mokykline-kuprine-minnie-mouse\\\/#primaryimage\"},\"image\":{\"@id\":\"https:\\\/\\\/kidsplay.lt\\\/produktas\\\/mokykline-kuprine-minnie-mouse\\\/#primaryimage\"},\"thumbnailUrl\":\"https:\\\/\\\/kidsplay.lt\\\/wp-content\\\/uploads\\\/2023\\\/07\\\/Mokykline-kuprine-Minnie-Mouse.jpg\",\"datePublished\":\"2023-07-06T21:51:22+00:00\",\"dateModified\":\"2025-10-04T10:49:45+00:00\",\"description\":\"Mokyklin\u0117 kuprin\u0117 Minnie Mouse turi patogius, reguliuojamus pe\u010di\u0173 dir\u017eelius, taip pat stand\u017ei\u0105 nugar\u0105, kuri padeda i\u0161laikyti laikysen\u0105.\",\"breadcrumb\":{\"@id\":\"https:\\\/\\\/kidsplay.lt\\\/produktas\\\/mokykline-kuprine-minnie-mouse\\\/#breadcrumb\"},\"inLanguage\":\"lv-LV\",\"potentialAction\":[{\"@type\":\"ReadAction\",\"target\":[\"https:\\\/\\\/kidsplay.lt\\\/produktas\\\/mokykline-kuprine-minnie-mouse\\\/\"]}]},{\"@type\":\"ImageObject\",\"inLanguage\":\"lv-LV\",\"@id\":\"https:\\\/\\\/kidsplay.lt\\\/produktas\\\/mokykline-kuprine-minnie-mouse\\\/#primaryimage\",\"url\":\"https:\\\/\\\/kidsplay.lt\\\/wp-content\\\/uploads\\\/2023\\\/07\\\/Mokykline-kuprine-Minnie-Mouse.jpg\",\"contentUrl\":\"https:\\\/\\\/kidsplay.lt\\\/wp-content\\\/uploads\\\/2023\\\/07\\\/Mokykline-kuprine-Minnie-Mouse.jpg\",\"width\":720,\"height\":720},{\"@type\":\"BreadcrumbList\",\"@id\":\"https:\\\/\\\/kidsplay.lt\\\/produktas\\\/mokykline-kuprine-minnie-mouse\\\/#breadcrumb\",\"itemListElement\":[{\"@type\":\"ListItem\",\"position\":1,\"name\":\"Pagrindinis\",\"item\":\"https:\\\/\\\/kidsplay.lt\\\/\"},{\"@type\":\"ListItem\",\"position\":2,\"name\":\"Parduotuv\u0117\",\"item\":\"https:\\\/\\\/kidsplay.lt\\\/parduotuve\\\/\"},{\"@type\":\"ListItem\",\"position\":3,\"name\":\"Mokyklin\u0117 kuprin\u0117 Minnie Mouse\"}]},{\"@type\":\"WebSite\",\"@id\":\"https:\\\/\\\/kidsplay.lt\\\/#website\",\"url\":\"https:\\\/\\\/kidsplay.lt\\\/\",\"name\":\"Kidsplay.lt\",\"description\":\"\u012evairios prek\u0117s vaikams\",\"publisher\":{\"@id\":\"https:\\\/\\\/kidsplay.lt\\\/#organization\"},\"alternateName\":\"Kidsplay\",\"potentialAction\":[{\"@type\":\"SearchAction\",\"target\":{\"@type\":\"EntryPoint\",\"urlTemplate\":\"https:\\\/\\\/kidsplay.lt\\\/?s={search_term_string}\"},\"query-input\":{\"@type\":\"PropertyValueSpecification\",\"valueRequired\":true,\"valueName\":\"search_term_string\"}}],\"inLanguage\":\"lv-LV\"},{\"@type\":\"Organization\",\"@id\":\"https:\\\/\\\/kidsplay.lt\\\/#organization\",\"name\":\"KidsPlay\",\"url\":\"https:\\\/\\\/kidsplay.lt\\\/\",\"logo\":{\"@type\":\"ImageObject\",\"inLanguage\":\"lv-LV\",\"@id\":\"https:\\\/\\\/kidsplay.lt\\\/#\\\/schema\\\/logo\\\/image\\\/\",\"url\":\"https:\\\/\\\/kidsplay.lt\\\/wp-content\\\/uploads\\\/2023\\\/07\\\/kidsplay-logo.png\",\"contentUrl\":\"https:\\\/\\\/kidsplay.lt\\\/wp-content\\\/uploads\\\/2023\\\/07\\\/kidsplay-logo.png\",\"width\":451,\"height\":98,\"caption\":\"KidsPlay\"},\"image\":{\"@id\":\"https:\\\/\\\/kidsplay.lt\\\/#\\\/schema\\\/logo\\\/image\\\/\"},\"sameAs\":[\"https:\\\/\\\/www.facebook.com\\\/www.kidsplay.lt\"]}]}<\/script>\n<!-- \/ Yoast SEO plugin. -->","yoast_head_json":{"title":"Mokyklin\u0117 kuprin\u0117 Minnie Mouse - KidsPlay","description":"Mokyklin\u0117 kuprin\u0117 Minnie Mouse turi patogius, reguliuojamus pe\u010di\u0173 dir\u017eelius, taip pat stand\u017ei\u0105 nugar\u0105, kuri padeda i\u0161laikyti laikysen\u0105.","robots":{"index":"index","follow":"follow","max-snippet":"max-snippet:-1","max-image-preview":"max-image-preview:large","max-video-preview":"max-video-preview:-1"},"canonical":"https:\/\/kidsplay.lt\/lv\/products\/mokykline-kuprine-minnie-mouse\/","og_locale":"lv_LV","og_type":"article","og_title":"Mokyklin\u0117 kuprin\u0117 Minnie Mouse - KidsPlay","og_description":"Mokyklin\u0117 kuprin\u0117 Minnie Mouse turi patogius, reguliuojamus pe\u010di\u0173 dir\u017eelius, taip pat stand\u017ei\u0105 nugar\u0105, kuri padeda i\u0161laikyti laikysen\u0105.","og_url":"https:\/\/kidsplay.lt\/lv\/products\/mokykline-kuprine-minnie-mouse\/","og_site_name":"KidsPlay","article_publisher":"https:\/\/www.facebook.com\/www.kidsplay.lt","article_modified_time":"2025-10-04T10:49:45+00:00","og_image":[{"width":720,"height":720,"url":"https:\/\/kidsplay.lt\/wp-content\/uploads\/2023\/07\/Mokykline-kuprine-Minnie-Mouse.jpg","type":"image\/jpeg"}],"twitter_card":"summary_large_image","twitter_misc":{"Est. reading time":"1 min\u016bte"},"schema":{"@context":"https:\/\/schema.org","@graph":[{"@type":"WebPage","@id":"https:\/\/kidsplay.lt\/produktas\/mokykline-kuprine-minnie-mouse\/","url":"https:\/\/kidsplay.lt\/produktas\/mokykline-kuprine-minnie-mouse\/","name":"Mokyklin\u0117 kuprin\u0117 Minnie Mouse - KidsPlay","isPartOf":{"@id":"https:\/\/kidsplay.lt\/#website"},"primaryImageOfPage":{"@id":"https:\/\/kidsplay.lt\/produktas\/mokykline-kuprine-minnie-mouse\/#primaryimage"},"image":{"@id":"https:\/\/kidsplay.lt\/produktas\/mokykline-kuprine-minnie-mouse\/#primaryimage"},"thumbnailUrl":"https:\/\/kidsplay.lt\/wp-content\/uploads\/2023\/07\/Mokykline-kuprine-Minnie-Mouse.jpg","datePublished":"2023-07-06T21:51:22+00:00","dateModified":"2025-10-04T10:49:45+00:00","description":"Mokyklin\u0117 kuprin\u0117 Minnie Mouse turi patogius, reguliuojamus pe\u010di\u0173 dir\u017eelius, taip pat stand\u017ei\u0105 nugar\u0105, kuri padeda i\u0161laikyti laikysen\u0105.","breadcrumb":{"@id":"https:\/\/kidsplay.lt\/produktas\/mokykline-kuprine-minnie-mouse\/#breadcrumb"},"inLanguage":"lv-LV","potentialAction":[{"@type":"ReadAction","target":["https:\/\/kidsplay.lt\/produktas\/mokykline-kuprine-minnie-mouse\/"]}]},{"@type":"ImageObject","inLanguage":"lv-LV","@id":"https:\/\/kidsplay.lt\/produktas\/mokykline-kuprine-minnie-mouse\/#primaryimage","url":"https:\/\/kidsplay.lt\/wp-content\/uploads\/2023\/07\/Mokykline-kuprine-Minnie-Mouse.jpg","contentUrl":"https:\/\/kidsplay.lt\/wp-content\/uploads\/2023\/07\/Mokykline-kuprine-Minnie-Mouse.jpg","width":720,"height":720},{"@type":"BreadcrumbList","@id":"https:\/\/kidsplay.lt\/produktas\/mokykline-kuprine-minnie-mouse\/#breadcrumb","itemListElement":[{"@type":"ListItem","position":1,"name":"Pagrindinis","item":"https:\/\/kidsplay.lt\/"},{"@type":"ListItem","position":2,"name":"Parduotuv\u0117","item":"https:\/\/kidsplay.lt\/parduotuve\/"},{"@type":"ListItem","position":3,"name":"Mokyklin\u0117 kuprin\u0117 Minnie Mouse"}]},{"@type":"WebSite","@id":"https:\/\/kidsplay.lt\/#website","url":"https:\/\/kidsplay.lt\/","name":"B\u0113rnu sp\u0113les.lv","description":"\u012evairios prek\u0117s vaikams","publisher":{"@id":"https:\/\/kidsplay.lt\/#organization"},"alternateName":"Kidsplay","potentialAction":[{"@type":"SearchAction","target":{"@type":"EntryPoint","urlTemplate":"https:\/\/kidsplay.lt\/?s={search_term_string}"},"query-input":{"@type":"PropertyValueSpecification","valueRequired":true,"valueName":"search_term_string"}}],"inLanguage":"lv-LV"},{"@type":"Organization","@id":"https:\/\/kidsplay.lt\/#organization","name":"B\u0113rnu sp\u0113le","url":"https:\/\/kidsplay.lt\/","logo":{"@type":"ImageObject","inLanguage":"lv-LV","@id":"https:\/\/kidsplay.lt\/#\/schema\/logo\/image\/","url":"https:\/\/kidsplay.lt\/wp-content\/uploads\/2023\/07\/kidsplay-logo.png","contentUrl":"https:\/\/kidsplay.lt\/wp-content\/uploads\/2023\/07\/kidsplay-logo.png","width":451,"height":98,"caption":"KidsPlay"},"image":{"@id":"https:\/\/kidsplay.lt\/#\/schema\/logo\/image\/"},"sameAs":["https:\/\/www.facebook.com\/www.kidsplay.lt"]}]}},"_links":{"self":[{"href":"https:\/\/kidsplay.lt\/lv\/wp-json\/wp\/v2\/product\/23206","targetHints":{"allow":["GET"]}}],"collection":[{"href":"https:\/\/kidsplay.lt\/lv\/wp-json\/wp\/v2\/product"}],"about":[{"href":"https:\/\/kidsplay.lt\/lv\/wp-json\/wp\/v2\/types\/product"}],"version-history":[{"count":1,"href":"https:\/\/kidsplay.lt\/lv\/wp-json\/wp\/v2\/product\/23206\/revisions"}],"predecessor-version":[{"id":65066,"href":"https:\/\/kidsplay.lt\/lv\/wp-json\/wp\/v2\/product\/23206\/revisions\/65066"}],"wp:featuredmedia":[{"embeddable":true,"href":"https:\/\/kidsplay.lt\/lv\/wp-json\/wp\/v2\/media\/23306"}],"wp:attachment":[{"href":"https:\/\/kidsplay.lt\/lv\/wp-json\/wp\/v2\/media?parent=23206"}],"wp:term":[{"taxonomy":"product_brand","embeddable":true,"href":"https:\/\/kidsplay.lt\/lv\/wp-json\/wp\/v2\/product_brand?post=23206"},{"taxonomy":"product_cat","embeddable":true,"href":"https:\/\/kidsplay.lt\/lv\/wp-json\/wp\/v2\/product_cat?post=23206"},{"taxonomy":"product_tag","embeddable":true,"href":"https:\/\/kidsplay.lt\/lv\/wp-json\/wp\/v2\/product_tag?post=23206"}],"curies":[{"name":"wp","href":"https:\/\/api.w.org\/{rel}","templated":true}]}}