{"id":23310,"date":"2023-07-06T21:53:45","date_gmt":"2023-07-06T21:53:45","guid":{"rendered":"https:\/\/kidsplay.lt\/?post_type=product&#038;p=23310"},"modified":"2025-10-04T13:50:14","modified_gmt":"2025-10-04T10:50:14","slug":"mokykline-kuprine-coolpack-su-priedais","status":"publish","type":"product","link":"https:\/\/kidsplay.lt\/lv\/products\/mokykline-kuprine-coolpack-su-priedais\/","title":{"rendered":"Mokyklin\u0117 kuprin\u0117 CoolPack su priedais"},"content":{"rendered":"<p>Mokyklin\u0117 kuprin\u0117 CoolPack su priedais, 21 litro talpos mokyklin\u0117 kuprin\u0117 yra lengva ir draugi\u0161ka vaiko sveikatai, nes turi stand\u017ei\u0105 ir kont\u016bruot\u0105 nugar\u0105 bei patog\u0173 kr\u016btin\u0117s dir\u017eel\u012f. Trij\u0173 kamer\u0173 pie\u0161tuk\u0173 d\u0117klas su 46 priedais. Ner\u016bdijan\u010dio plieno termo butelis, kurio dvigubos sienos i\u0161laiko temperat\u016br\u0105 iki 12h \u0161ilt\u0173 g\u0117rim\u0173. Talpa 500 ml.<\/p>\n<ul>\n<li>Talpa: 21 L<\/li>\n<li>Kuprin\u0117s matmenys: 39 x 28 x 15 cm<\/li>\n<li>Pie\u0161tuk\u0173 d\u0117klo matmenys: 20 x 12,5 x 6,5 cm<\/li>\n<\/ul>","protected":false},"excerpt":{"rendered":"<p>Mokyklin\u0117 kuprin\u0117 CoolPack su priedais, 21 litro talpos mokyklin\u0117 kuprin\u0117 yra lengva ir draugi\u0161ka vaiko sveikatai, nes turi stand\u017ei\u0105 ir kont\u016bruot\u0105 nugar\u0105 bei patog\u0173 kr\u016btin\u0117s dir\u017eel\u012f.<\/p>","protected":false},"featured_media":23423,"template":"","meta":{"_acf_changed":false,"_glsr_average":0,"_glsr_ranking":0,"_glsr_reviews":0},"product_brand":[],"product_cat":[342,337],"product_tag":[344],"class_list":{"0":"post-23310","1":"product","2":"type-product","3":"status-publish","4":"has-post-thumbnail","6":"product_cat-kuprines","7":"product_cat-mokyklines-prekes","8":"product_tag-kuprines","9":"\"style=\"background-color: #2ecc711c;\"","11":"first","12":"instock","13":"shipping-taxable","14":"purchasable","15":"product-type-simple"},"acf":[],"yoast_head":"<!-- This site is optimized with the Yoast SEO plugin v27.3 - https:\/\/yoast.com\/product\/yoast-seo-wordpress\/ -->\n<title>Mokyklin\u0117 kuprin\u0117 CoolPack su priedais - KidsPlay<\/title>\n<meta name=\"description\" content=\"Mokyklin\u0117 kuprin\u0117 CoolPack su priedais, 21 litro talpos mokyklin\u0117 kuprin\u0117 yra lengva ir draugi\u0161ka vaiko sveikatai.\" \/>\n<meta name=\"robots\" content=\"index, follow, max-snippet:-1, max-image-preview:large, max-video-preview:-1\" \/>\n<link rel=\"canonical\" href=\"https:\/\/kidsplay.lt\/lv\/products\/mokykline-kuprine-coolpack-su-priedais\/\" \/>\n<meta property=\"og:locale\" content=\"lv_LV\" \/>\n<meta property=\"og:type\" content=\"article\" \/>\n<meta property=\"og:title\" content=\"Mokyklin\u0117 kuprin\u0117 CoolPack su priedais - KidsPlay\" \/>\n<meta property=\"og:description\" content=\"Mokyklin\u0117 kuprin\u0117 CoolPack su priedais, 21 litro talpos mokyklin\u0117 kuprin\u0117 yra lengva ir draugi\u0161ka vaiko sveikatai.\" \/>\n<meta property=\"og:url\" content=\"https:\/\/kidsplay.lt\/lv\/products\/mokykline-kuprine-coolpack-su-priedais\/\" \/>\n<meta property=\"og:site_name\" content=\"KidsPlay\" \/>\n<meta property=\"article:publisher\" content=\"https:\/\/www.facebook.com\/www.kidsplay.lt\" \/>\n<meta property=\"article:modified_time\" content=\"2025-10-04T10:50:14+00:00\" \/>\n<meta property=\"og:image\" content=\"https:\/\/kidsplay.lt\/wp-content\/uploads\/2023\/07\/Mokykline-kuprine-CoolPack-su-priedais.jpg\" \/>\n\t<meta property=\"og:image:width\" content=\"720\" \/>\n\t<meta property=\"og:image:height\" content=\"664\" \/>\n\t<meta property=\"og:image:type\" content=\"image\/jpeg\" \/>\n<meta name=\"twitter:card\" content=\"summary_large_image\" \/>\n<meta name=\"twitter:label1\" content=\"Est. reading time\" \/>\n\t<meta name=\"twitter:data1\" content=\"1 min\u016bte\" \/>\n<script type=\"application\/ld+json\" class=\"yoast-schema-graph\">{\"@context\":\"https:\\\/\\\/schema.org\",\"@graph\":[{\"@type\":\"WebPage\",\"@id\":\"https:\\\/\\\/kidsplay.lt\\\/produktas\\\/mokykline-kuprine-coolpack-su-priedais\\\/\",\"url\":\"https:\\\/\\\/kidsplay.lt\\\/produktas\\\/mokykline-kuprine-coolpack-su-priedais\\\/\",\"name\":\"Mokyklin\u0117 kuprin\u0117 CoolPack su priedais - KidsPlay\",\"isPartOf\":{\"@id\":\"https:\\\/\\\/kidsplay.lt\\\/#website\"},\"primaryImageOfPage\":{\"@id\":\"https:\\\/\\\/kidsplay.lt\\\/produktas\\\/mokykline-kuprine-coolpack-su-priedais\\\/#primaryimage\"},\"image\":{\"@id\":\"https:\\\/\\\/kidsplay.lt\\\/produktas\\\/mokykline-kuprine-coolpack-su-priedais\\\/#primaryimage\"},\"thumbnailUrl\":\"https:\\\/\\\/kidsplay.lt\\\/wp-content\\\/uploads\\\/2023\\\/07\\\/Mokykline-kuprine-CoolPack-su-priedais.jpg\",\"datePublished\":\"2023-07-06T21:53:45+00:00\",\"dateModified\":\"2025-10-04T10:50:14+00:00\",\"description\":\"Mokyklin\u0117 kuprin\u0117 CoolPack su priedais, 21 litro talpos mokyklin\u0117 kuprin\u0117 yra lengva ir draugi\u0161ka vaiko sveikatai.\",\"breadcrumb\":{\"@id\":\"https:\\\/\\\/kidsplay.lt\\\/produktas\\\/mokykline-kuprine-coolpack-su-priedais\\\/#breadcrumb\"},\"inLanguage\":\"lv-LV\",\"potentialAction\":[{\"@type\":\"ReadAction\",\"target\":[\"https:\\\/\\\/kidsplay.lt\\\/produktas\\\/mokykline-kuprine-coolpack-su-priedais\\\/\"]}]},{\"@type\":\"ImageObject\",\"inLanguage\":\"lv-LV\",\"@id\":\"https:\\\/\\\/kidsplay.lt\\\/produktas\\\/mokykline-kuprine-coolpack-su-priedais\\\/#primaryimage\",\"url\":\"https:\\\/\\\/kidsplay.lt\\\/wp-content\\\/uploads\\\/2023\\\/07\\\/Mokykline-kuprine-CoolPack-su-priedais.jpg\",\"contentUrl\":\"https:\\\/\\\/kidsplay.lt\\\/wp-content\\\/uploads\\\/2023\\\/07\\\/Mokykline-kuprine-CoolPack-su-priedais.jpg\",\"width\":720,\"height\":664},{\"@type\":\"BreadcrumbList\",\"@id\":\"https:\\\/\\\/kidsplay.lt\\\/produktas\\\/mokykline-kuprine-coolpack-su-priedais\\\/#breadcrumb\",\"itemListElement\":[{\"@type\":\"ListItem\",\"position\":1,\"name\":\"Pagrindinis\",\"item\":\"https:\\\/\\\/kidsplay.lt\\\/\"},{\"@type\":\"ListItem\",\"position\":2,\"name\":\"Parduotuv\u0117\",\"item\":\"https:\\\/\\\/kidsplay.lt\\\/parduotuve\\\/\"},{\"@type\":\"ListItem\",\"position\":3,\"name\":\"Mokyklin\u0117 kuprin\u0117 CoolPack su priedais\"}]},{\"@type\":\"WebSite\",\"@id\":\"https:\\\/\\\/kidsplay.lt\\\/#website\",\"url\":\"https:\\\/\\\/kidsplay.lt\\\/\",\"name\":\"Kidsplay.lt\",\"description\":\"\u012evairios prek\u0117s vaikams\",\"publisher\":{\"@id\":\"https:\\\/\\\/kidsplay.lt\\\/#organization\"},\"alternateName\":\"Kidsplay\",\"potentialAction\":[{\"@type\":\"SearchAction\",\"target\":{\"@type\":\"EntryPoint\",\"urlTemplate\":\"https:\\\/\\\/kidsplay.lt\\\/?s={search_term_string}\"},\"query-input\":{\"@type\":\"PropertyValueSpecification\",\"valueRequired\":true,\"valueName\":\"search_term_string\"}}],\"inLanguage\":\"lv-LV\"},{\"@type\":\"Organization\",\"@id\":\"https:\\\/\\\/kidsplay.lt\\\/#organization\",\"name\":\"KidsPlay\",\"url\":\"https:\\\/\\\/kidsplay.lt\\\/\",\"logo\":{\"@type\":\"ImageObject\",\"inLanguage\":\"lv-LV\",\"@id\":\"https:\\\/\\\/kidsplay.lt\\\/#\\\/schema\\\/logo\\\/image\\\/\",\"url\":\"https:\\\/\\\/kidsplay.lt\\\/wp-content\\\/uploads\\\/2023\\\/07\\\/kidsplay-logo.png\",\"contentUrl\":\"https:\\\/\\\/kidsplay.lt\\\/wp-content\\\/uploads\\\/2023\\\/07\\\/kidsplay-logo.png\",\"width\":451,\"height\":98,\"caption\":\"KidsPlay\"},\"image\":{\"@id\":\"https:\\\/\\\/kidsplay.lt\\\/#\\\/schema\\\/logo\\\/image\\\/\"},\"sameAs\":[\"https:\\\/\\\/www.facebook.com\\\/www.kidsplay.lt\"]}]}<\/script>\n<!-- \/ Yoast SEO plugin. -->","yoast_head_json":{"title":"Mokyklin\u0117 kuprin\u0117 CoolPack su priedais - KidsPlay","description":"Mokyklin\u0117 kuprin\u0117 CoolPack su priedais, 21 litro talpos mokyklin\u0117 kuprin\u0117 yra lengva ir draugi\u0161ka vaiko sveikatai.","robots":{"index":"index","follow":"follow","max-snippet":"max-snippet:-1","max-image-preview":"max-image-preview:large","max-video-preview":"max-video-preview:-1"},"canonical":"https:\/\/kidsplay.lt\/lv\/products\/mokykline-kuprine-coolpack-su-priedais\/","og_locale":"lv_LV","og_type":"article","og_title":"Mokyklin\u0117 kuprin\u0117 CoolPack su priedais - KidsPlay","og_description":"Mokyklin\u0117 kuprin\u0117 CoolPack su priedais, 21 litro talpos mokyklin\u0117 kuprin\u0117 yra lengva ir draugi\u0161ka vaiko sveikatai.","og_url":"https:\/\/kidsplay.lt\/lv\/products\/mokykline-kuprine-coolpack-su-priedais\/","og_site_name":"KidsPlay","article_publisher":"https:\/\/www.facebook.com\/www.kidsplay.lt","article_modified_time":"2025-10-04T10:50:14+00:00","og_image":[{"width":720,"height":664,"url":"https:\/\/kidsplay.lt\/wp-content\/uploads\/2023\/07\/Mokykline-kuprine-CoolPack-su-priedais.jpg","type":"image\/jpeg"}],"twitter_card":"summary_large_image","twitter_misc":{"Est. reading time":"1 min\u016bte"},"schema":{"@context":"https:\/\/schema.org","@graph":[{"@type":"WebPage","@id":"https:\/\/kidsplay.lt\/produktas\/mokykline-kuprine-coolpack-su-priedais\/","url":"https:\/\/kidsplay.lt\/produktas\/mokykline-kuprine-coolpack-su-priedais\/","name":"Mokyklin\u0117 kuprin\u0117 CoolPack su priedais - KidsPlay","isPartOf":{"@id":"https:\/\/kidsplay.lt\/#website"},"primaryImageOfPage":{"@id":"https:\/\/kidsplay.lt\/produktas\/mokykline-kuprine-coolpack-su-priedais\/#primaryimage"},"image":{"@id":"https:\/\/kidsplay.lt\/produktas\/mokykline-kuprine-coolpack-su-priedais\/#primaryimage"},"thumbnailUrl":"https:\/\/kidsplay.lt\/wp-content\/uploads\/2023\/07\/Mokykline-kuprine-CoolPack-su-priedais.jpg","datePublished":"2023-07-06T21:53:45+00:00","dateModified":"2025-10-04T10:50:14+00:00","description":"Mokyklin\u0117 kuprin\u0117 CoolPack su priedais, 21 litro talpos mokyklin\u0117 kuprin\u0117 yra lengva ir draugi\u0161ka vaiko sveikatai.","breadcrumb":{"@id":"https:\/\/kidsplay.lt\/produktas\/mokykline-kuprine-coolpack-su-priedais\/#breadcrumb"},"inLanguage":"lv-LV","potentialAction":[{"@type":"ReadAction","target":["https:\/\/kidsplay.lt\/produktas\/mokykline-kuprine-coolpack-su-priedais\/"]}]},{"@type":"ImageObject","inLanguage":"lv-LV","@id":"https:\/\/kidsplay.lt\/produktas\/mokykline-kuprine-coolpack-su-priedais\/#primaryimage","url":"https:\/\/kidsplay.lt\/wp-content\/uploads\/2023\/07\/Mokykline-kuprine-CoolPack-su-priedais.jpg","contentUrl":"https:\/\/kidsplay.lt\/wp-content\/uploads\/2023\/07\/Mokykline-kuprine-CoolPack-su-priedais.jpg","width":720,"height":664},{"@type":"BreadcrumbList","@id":"https:\/\/kidsplay.lt\/produktas\/mokykline-kuprine-coolpack-su-priedais\/#breadcrumb","itemListElement":[{"@type":"ListItem","position":1,"name":"Pagrindinis","item":"https:\/\/kidsplay.lt\/"},{"@type":"ListItem","position":2,"name":"Parduotuv\u0117","item":"https:\/\/kidsplay.lt\/parduotuve\/"},{"@type":"ListItem","position":3,"name":"Mokyklin\u0117 kuprin\u0117 CoolPack su priedais"}]},{"@type":"WebSite","@id":"https:\/\/kidsplay.lt\/#website","url":"https:\/\/kidsplay.lt\/","name":"B\u0113rnu sp\u0113les.lv","description":"\u012evairios prek\u0117s vaikams","publisher":{"@id":"https:\/\/kidsplay.lt\/#organization"},"alternateName":"Kidsplay","potentialAction":[{"@type":"SearchAction","target":{"@type":"EntryPoint","urlTemplate":"https:\/\/kidsplay.lt\/?s={search_term_string}"},"query-input":{"@type":"PropertyValueSpecification","valueRequired":true,"valueName":"search_term_string"}}],"inLanguage":"lv-LV"},{"@type":"Organization","@id":"https:\/\/kidsplay.lt\/#organization","name":"B\u0113rnu sp\u0113le","url":"https:\/\/kidsplay.lt\/","logo":{"@type":"ImageObject","inLanguage":"lv-LV","@id":"https:\/\/kidsplay.lt\/#\/schema\/logo\/image\/","url":"https:\/\/kidsplay.lt\/wp-content\/uploads\/2023\/07\/kidsplay-logo.png","contentUrl":"https:\/\/kidsplay.lt\/wp-content\/uploads\/2023\/07\/kidsplay-logo.png","width":451,"height":98,"caption":"KidsPlay"},"image":{"@id":"https:\/\/kidsplay.lt\/#\/schema\/logo\/image\/"},"sameAs":["https:\/\/www.facebook.com\/www.kidsplay.lt"]}]}},"_links":{"self":[{"href":"https:\/\/kidsplay.lt\/lv\/wp-json\/wp\/v2\/product\/23310","targetHints":{"allow":["GET"]}}],"collection":[{"href":"https:\/\/kidsplay.lt\/lv\/wp-json\/wp\/v2\/product"}],"about":[{"href":"https:\/\/kidsplay.lt\/lv\/wp-json\/wp\/v2\/types\/product"}],"version-history":[{"count":1,"href":"https:\/\/kidsplay.lt\/lv\/wp-json\/wp\/v2\/product\/23310\/revisions"}],"predecessor-version":[{"id":65070,"href":"https:\/\/kidsplay.lt\/lv\/wp-json\/wp\/v2\/product\/23310\/revisions\/65070"}],"wp:featuredmedia":[{"embeddable":true,"href":"https:\/\/kidsplay.lt\/lv\/wp-json\/wp\/v2\/media\/23423"}],"wp:attachment":[{"href":"https:\/\/kidsplay.lt\/lv\/wp-json\/wp\/v2\/media?parent=23310"}],"wp:term":[{"taxonomy":"product_brand","embeddable":true,"href":"https:\/\/kidsplay.lt\/lv\/wp-json\/wp\/v2\/product_brand?post=23310"},{"taxonomy":"product_cat","embeddable":true,"href":"https:\/\/kidsplay.lt\/lv\/wp-json\/wp\/v2\/product_cat?post=23310"},{"taxonomy":"product_tag","embeddable":true,"href":"https:\/\/kidsplay.lt\/lv\/wp-json\/wp\/v2\/product_tag?post=23310"}],"curies":[{"name":"wp","href":"https:\/\/api.w.org\/{rel}","templated":true}]}}