{"id":23329,"date":"2023-07-06T21:54:14","date_gmt":"2023-07-06T21:54:14","guid":{"rendered":"https:\/\/kidsplay.lt\/?post_type=product&#038;p=23329"},"modified":"2025-10-04T13:51:11","modified_gmt":"2025-10-04T10:51:11","slug":"rozinis-triratis-paspirtukas-su-led-ratais","status":"publish","type":"product","link":"https:\/\/kidsplay.lt\/lv\/products\/rozinis-triratis-paspirtukas-su-led-ratais\/","title":{"rendered":"Ro\u017einis triratis paspirtukas su Led ratais"},"content":{"rendered":"<p>Ro\u017einis triratis paspirtukas su Led ratais lavina motorinius \u012fg\u016bd\u017eius, j\u0117g\u0105 ir koj\u0173 raumenis, r\u016bpinasi vaiko koordinacija ir pusiausvyra.\u00a0 Sulankstoma konstrukcija, kad b\u016bt\u0173 lengviau transportuoti, nuimama aliuminio rankena. \u0160vie\u010diantys LED priekiniai ratai.<\/p>\n<p>Maksimali apkrova iki 60 kg.<\/p>","protected":false},"excerpt":{"rendered":"<p>Ro\u017einis triratis paspirtukas su Led ratais lavina motorinius \u012fg\u016bd\u017eius, j\u0117g\u0105 ir koj\u0173 raumenis, r\u016bpinasi vaiko koordinacija ir pusiausvyra.<\/p>","protected":false},"featured_media":23445,"template":"","meta":{"_acf_changed":false,"_glsr_average":0,"_glsr_ranking":0,"_glsr_reviews":0},"product_brand":[],"product_cat":[237,261],"product_tag":[325],"class_list":{"0":"post-23329","1":"product","2":"type-product","3":"status-publish","4":"has-post-thumbnail","6":"product_cat-judejimo-priemones","7":"product_cat-paspirtukai","8":"product_tag-paspirtukas","9":"\"style=\"background-color: #2ecc711c;\"","11":"first","12":"instock","13":"shipping-taxable","14":"purchasable","15":"product-type-simple"},"acf":[],"yoast_head":"<!-- This site is optimized with the Yoast SEO plugin v27.3 - https:\/\/yoast.com\/product\/yoast-seo-wordpress\/ -->\n<title>Ro\u017einis triratis paspirtukas su Led ratais - KidsPlay<\/title>\n<meta name=\"description\" content=\"Ro\u017einis triratis paspirtukas su Led ratais lavina motorinius \u012fg\u016bd\u017eius, j\u0117g\u0105 ir koj\u0173 raumenis, r\u016bpinasi vaiko koordinacija ir pusiausvyra.\u00a0\" \/>\n<meta name=\"robots\" content=\"index, follow, max-snippet:-1, max-image-preview:large, max-video-preview:-1\" \/>\n<link rel=\"canonical\" href=\"https:\/\/kidsplay.lt\/lv\/products\/rozinis-triratis-paspirtukas-su-led-ratais\/\" \/>\n<meta property=\"og:locale\" content=\"lv_LV\" \/>\n<meta property=\"og:type\" content=\"article\" \/>\n<meta property=\"og:title\" content=\"Ro\u017einis triratis paspirtukas su Led ratais - KidsPlay\" \/>\n<meta property=\"og:description\" content=\"Ro\u017einis triratis paspirtukas su Led ratais lavina motorinius \u012fg\u016bd\u017eius, j\u0117g\u0105 ir koj\u0173 raumenis, r\u016bpinasi vaiko koordinacija ir pusiausvyra.\u00a0\" \/>\n<meta property=\"og:url\" content=\"https:\/\/kidsplay.lt\/lv\/products\/rozinis-triratis-paspirtukas-su-led-ratais\/\" \/>\n<meta property=\"og:site_name\" content=\"KidsPlay\" \/>\n<meta property=\"article:publisher\" content=\"https:\/\/www.facebook.com\/www.kidsplay.lt\" \/>\n<meta property=\"article:modified_time\" content=\"2025-10-04T10:51:11+00:00\" \/>\n<meta property=\"og:image\" content=\"https:\/\/kidsplay.lt\/wp-content\/uploads\/2023\/07\/Rozinis-triratis-paspirtukas-su-Led-ratais.jpg\" \/>\n\t<meta property=\"og:image:width\" content=\"720\" \/>\n\t<meta property=\"og:image:height\" content=\"559\" \/>\n\t<meta property=\"og:image:type\" content=\"image\/jpeg\" \/>\n<meta name=\"twitter:card\" content=\"summary_large_image\" \/>\n<meta name=\"twitter:label1\" content=\"Est. reading time\" \/>\n\t<meta name=\"twitter:data1\" content=\"1 min\u016bte\" \/>\n<script type=\"application\/ld+json\" class=\"yoast-schema-graph\">{\"@context\":\"https:\\\/\\\/schema.org\",\"@graph\":[{\"@type\":\"WebPage\",\"@id\":\"https:\\\/\\\/kidsplay.lt\\\/produktas\\\/rozinis-triratis-paspirtukas-su-led-ratais\\\/\",\"url\":\"https:\\\/\\\/kidsplay.lt\\\/produktas\\\/rozinis-triratis-paspirtukas-su-led-ratais\\\/\",\"name\":\"Ro\u017einis triratis paspirtukas su Led ratais - KidsPlay\",\"isPartOf\":{\"@id\":\"https:\\\/\\\/kidsplay.lt\\\/#website\"},\"primaryImageOfPage\":{\"@id\":\"https:\\\/\\\/kidsplay.lt\\\/produktas\\\/rozinis-triratis-paspirtukas-su-led-ratais\\\/#primaryimage\"},\"image\":{\"@id\":\"https:\\\/\\\/kidsplay.lt\\\/produktas\\\/rozinis-triratis-paspirtukas-su-led-ratais\\\/#primaryimage\"},\"thumbnailUrl\":\"https:\\\/\\\/kidsplay.lt\\\/wp-content\\\/uploads\\\/2023\\\/07\\\/Rozinis-triratis-paspirtukas-su-Led-ratais.jpg\",\"datePublished\":\"2023-07-06T21:54:14+00:00\",\"dateModified\":\"2025-10-04T10:51:11+00:00\",\"description\":\"Ro\u017einis triratis paspirtukas su Led ratais lavina motorinius \u012fg\u016bd\u017eius, j\u0117g\u0105 ir koj\u0173 raumenis, r\u016bpinasi vaiko koordinacija ir pusiausvyra.\u00a0\",\"breadcrumb\":{\"@id\":\"https:\\\/\\\/kidsplay.lt\\\/produktas\\\/rozinis-triratis-paspirtukas-su-led-ratais\\\/#breadcrumb\"},\"inLanguage\":\"lv-LV\",\"potentialAction\":[{\"@type\":\"ReadAction\",\"target\":[\"https:\\\/\\\/kidsplay.lt\\\/produktas\\\/rozinis-triratis-paspirtukas-su-led-ratais\\\/\"]}]},{\"@type\":\"ImageObject\",\"inLanguage\":\"lv-LV\",\"@id\":\"https:\\\/\\\/kidsplay.lt\\\/produktas\\\/rozinis-triratis-paspirtukas-su-led-ratais\\\/#primaryimage\",\"url\":\"https:\\\/\\\/kidsplay.lt\\\/wp-content\\\/uploads\\\/2023\\\/07\\\/Rozinis-triratis-paspirtukas-su-Led-ratais.jpg\",\"contentUrl\":\"https:\\\/\\\/kidsplay.lt\\\/wp-content\\\/uploads\\\/2023\\\/07\\\/Rozinis-triratis-paspirtukas-su-Led-ratais.jpg\",\"width\":720,\"height\":559},{\"@type\":\"BreadcrumbList\",\"@id\":\"https:\\\/\\\/kidsplay.lt\\\/produktas\\\/rozinis-triratis-paspirtukas-su-led-ratais\\\/#breadcrumb\",\"itemListElement\":[{\"@type\":\"ListItem\",\"position\":1,\"name\":\"Pagrindinis\",\"item\":\"https:\\\/\\\/kidsplay.lt\\\/\"},{\"@type\":\"ListItem\",\"position\":2,\"name\":\"Parduotuv\u0117\",\"item\":\"https:\\\/\\\/kidsplay.lt\\\/parduotuve\\\/\"},{\"@type\":\"ListItem\",\"position\":3,\"name\":\"Ro\u017einis triratis paspirtukas su Led ratais\"}]},{\"@type\":\"WebSite\",\"@id\":\"https:\\\/\\\/kidsplay.lt\\\/#website\",\"url\":\"https:\\\/\\\/kidsplay.lt\\\/\",\"name\":\"Kidsplay.lt\",\"description\":\"\u012evairios prek\u0117s vaikams\",\"publisher\":{\"@id\":\"https:\\\/\\\/kidsplay.lt\\\/#organization\"},\"alternateName\":\"Kidsplay\",\"potentialAction\":[{\"@type\":\"SearchAction\",\"target\":{\"@type\":\"EntryPoint\",\"urlTemplate\":\"https:\\\/\\\/kidsplay.lt\\\/?s={search_term_string}\"},\"query-input\":{\"@type\":\"PropertyValueSpecification\",\"valueRequired\":true,\"valueName\":\"search_term_string\"}}],\"inLanguage\":\"lv-LV\"},{\"@type\":\"Organization\",\"@id\":\"https:\\\/\\\/kidsplay.lt\\\/#organization\",\"name\":\"KidsPlay\",\"url\":\"https:\\\/\\\/kidsplay.lt\\\/\",\"logo\":{\"@type\":\"ImageObject\",\"inLanguage\":\"lv-LV\",\"@id\":\"https:\\\/\\\/kidsplay.lt\\\/#\\\/schema\\\/logo\\\/image\\\/\",\"url\":\"https:\\\/\\\/kidsplay.lt\\\/wp-content\\\/uploads\\\/2023\\\/07\\\/kidsplay-logo.png\",\"contentUrl\":\"https:\\\/\\\/kidsplay.lt\\\/wp-content\\\/uploads\\\/2023\\\/07\\\/kidsplay-logo.png\",\"width\":451,\"height\":98,\"caption\":\"KidsPlay\"},\"image\":{\"@id\":\"https:\\\/\\\/kidsplay.lt\\\/#\\\/schema\\\/logo\\\/image\\\/\"},\"sameAs\":[\"https:\\\/\\\/www.facebook.com\\\/www.kidsplay.lt\"]}]}<\/script>\n<!-- \/ Yoast SEO plugin. -->","yoast_head_json":{"title":"Ro\u017einis triratis paspirtukas su Led ratais - KidsPlay","description":"Ro\u017einis triratis paspirtukas su Led ratais lavina motorinius \u012fg\u016bd\u017eius, j\u0117g\u0105 ir koj\u0173 raumenis, r\u016bpinasi vaiko koordinacija ir pusiausvyra.\u00a0","robots":{"index":"index","follow":"follow","max-snippet":"max-snippet:-1","max-image-preview":"max-image-preview:large","max-video-preview":"max-video-preview:-1"},"canonical":"https:\/\/kidsplay.lt\/lv\/products\/rozinis-triratis-paspirtukas-su-led-ratais\/","og_locale":"lv_LV","og_type":"article","og_title":"Ro\u017einis triratis paspirtukas su Led ratais - KidsPlay","og_description":"Ro\u017einis triratis paspirtukas su Led ratais lavina motorinius \u012fg\u016bd\u017eius, j\u0117g\u0105 ir koj\u0173 raumenis, r\u016bpinasi vaiko koordinacija ir pusiausvyra.\u00a0","og_url":"https:\/\/kidsplay.lt\/lv\/products\/rozinis-triratis-paspirtukas-su-led-ratais\/","og_site_name":"KidsPlay","article_publisher":"https:\/\/www.facebook.com\/www.kidsplay.lt","article_modified_time":"2025-10-04T10:51:11+00:00","og_image":[{"width":720,"height":559,"url":"https:\/\/kidsplay.lt\/wp-content\/uploads\/2023\/07\/Rozinis-triratis-paspirtukas-su-Led-ratais.jpg","type":"image\/jpeg"}],"twitter_card":"summary_large_image","twitter_misc":{"Est. reading time":"1 min\u016bte"},"schema":{"@context":"https:\/\/schema.org","@graph":[{"@type":"WebPage","@id":"https:\/\/kidsplay.lt\/produktas\/rozinis-triratis-paspirtukas-su-led-ratais\/","url":"https:\/\/kidsplay.lt\/produktas\/rozinis-triratis-paspirtukas-su-led-ratais\/","name":"Ro\u017einis triratis paspirtukas su Led ratais - KidsPlay","isPartOf":{"@id":"https:\/\/kidsplay.lt\/#website"},"primaryImageOfPage":{"@id":"https:\/\/kidsplay.lt\/produktas\/rozinis-triratis-paspirtukas-su-led-ratais\/#primaryimage"},"image":{"@id":"https:\/\/kidsplay.lt\/produktas\/rozinis-triratis-paspirtukas-su-led-ratais\/#primaryimage"},"thumbnailUrl":"https:\/\/kidsplay.lt\/wp-content\/uploads\/2023\/07\/Rozinis-triratis-paspirtukas-su-Led-ratais.jpg","datePublished":"2023-07-06T21:54:14+00:00","dateModified":"2025-10-04T10:51:11+00:00","description":"Ro\u017einis triratis paspirtukas su Led ratais lavina motorinius \u012fg\u016bd\u017eius, j\u0117g\u0105 ir koj\u0173 raumenis, r\u016bpinasi vaiko koordinacija ir pusiausvyra.\u00a0","breadcrumb":{"@id":"https:\/\/kidsplay.lt\/produktas\/rozinis-triratis-paspirtukas-su-led-ratais\/#breadcrumb"},"inLanguage":"lv-LV","potentialAction":[{"@type":"ReadAction","target":["https:\/\/kidsplay.lt\/produktas\/rozinis-triratis-paspirtukas-su-led-ratais\/"]}]},{"@type":"ImageObject","inLanguage":"lv-LV","@id":"https:\/\/kidsplay.lt\/produktas\/rozinis-triratis-paspirtukas-su-led-ratais\/#primaryimage","url":"https:\/\/kidsplay.lt\/wp-content\/uploads\/2023\/07\/Rozinis-triratis-paspirtukas-su-Led-ratais.jpg","contentUrl":"https:\/\/kidsplay.lt\/wp-content\/uploads\/2023\/07\/Rozinis-triratis-paspirtukas-su-Led-ratais.jpg","width":720,"height":559},{"@type":"BreadcrumbList","@id":"https:\/\/kidsplay.lt\/produktas\/rozinis-triratis-paspirtukas-su-led-ratais\/#breadcrumb","itemListElement":[{"@type":"ListItem","position":1,"name":"Pagrindinis","item":"https:\/\/kidsplay.lt\/"},{"@type":"ListItem","position":2,"name":"Parduotuv\u0117","item":"https:\/\/kidsplay.lt\/parduotuve\/"},{"@type":"ListItem","position":3,"name":"Ro\u017einis triratis paspirtukas su Led ratais"}]},{"@type":"WebSite","@id":"https:\/\/kidsplay.lt\/#website","url":"https:\/\/kidsplay.lt\/","name":"B\u0113rnu sp\u0113les.lv","description":"\u012evairios prek\u0117s vaikams","publisher":{"@id":"https:\/\/kidsplay.lt\/#organization"},"alternateName":"Kidsplay","potentialAction":[{"@type":"SearchAction","target":{"@type":"EntryPoint","urlTemplate":"https:\/\/kidsplay.lt\/?s={search_term_string}"},"query-input":{"@type":"PropertyValueSpecification","valueRequired":true,"valueName":"search_term_string"}}],"inLanguage":"lv-LV"},{"@type":"Organization","@id":"https:\/\/kidsplay.lt\/#organization","name":"B\u0113rnu sp\u0113le","url":"https:\/\/kidsplay.lt\/","logo":{"@type":"ImageObject","inLanguage":"lv-LV","@id":"https:\/\/kidsplay.lt\/#\/schema\/logo\/image\/","url":"https:\/\/kidsplay.lt\/wp-content\/uploads\/2023\/07\/kidsplay-logo.png","contentUrl":"https:\/\/kidsplay.lt\/wp-content\/uploads\/2023\/07\/kidsplay-logo.png","width":451,"height":98,"caption":"KidsPlay"},"image":{"@id":"https:\/\/kidsplay.lt\/#\/schema\/logo\/image\/"},"sameAs":["https:\/\/www.facebook.com\/www.kidsplay.lt"]}]}},"_links":{"self":[{"href":"https:\/\/kidsplay.lt\/lv\/wp-json\/wp\/v2\/product\/23329","targetHints":{"allow":["GET"]}}],"collection":[{"href":"https:\/\/kidsplay.lt\/lv\/wp-json\/wp\/v2\/product"}],"about":[{"href":"https:\/\/kidsplay.lt\/lv\/wp-json\/wp\/v2\/types\/product"}],"version-history":[{"count":1,"href":"https:\/\/kidsplay.lt\/lv\/wp-json\/wp\/v2\/product\/23329\/revisions"}],"predecessor-version":[{"id":65072,"href":"https:\/\/kidsplay.lt\/lv\/wp-json\/wp\/v2\/product\/23329\/revisions\/65072"}],"wp:featuredmedia":[{"embeddable":true,"href":"https:\/\/kidsplay.lt\/lv\/wp-json\/wp\/v2\/media\/23445"}],"wp:attachment":[{"href":"https:\/\/kidsplay.lt\/lv\/wp-json\/wp\/v2\/media?parent=23329"}],"wp:term":[{"taxonomy":"product_brand","embeddable":true,"href":"https:\/\/kidsplay.lt\/lv\/wp-json\/wp\/v2\/product_brand?post=23329"},{"taxonomy":"product_cat","embeddable":true,"href":"https:\/\/kidsplay.lt\/lv\/wp-json\/wp\/v2\/product_cat?post=23329"},{"taxonomy":"product_tag","embeddable":true,"href":"https:\/\/kidsplay.lt\/lv\/wp-json\/wp\/v2\/product_tag?post=23329"}],"curies":[{"name":"wp","href":"https:\/\/api.w.org\/{rel}","templated":true}]}}