{"id":23361,"date":"2023-07-06T21:54:43","date_gmt":"2023-07-06T21:54:43","guid":{"rendered":"https:\/\/kidsplay.lt\/?post_type=product&#038;p=23361"},"modified":"2025-10-04T13:52:46","modified_gmt":"2025-10-04T10:52:46","slug":"mokykline-kuprine-coolpack-su-led-apsvietimu","status":"publish","type":"product","link":"https:\/\/kidsplay.lt\/lv\/products\/mokykline-kuprine-coolpack-su-led-apsvietimu\/","title":{"rendered":"Skolas mugursoma Coolpack ar LED apgaismojumu"},"content":{"rendered":"<p>Mokyklin\u0117 kuprin\u0117 Coolpack su Led ap\u0161vietimu puikiai prisitaiko prie mokyklinio am\u017eiaus vaiko poreiki\u0173. Kuprin\u0117 itin lengva, tod\u0117l nevargins J\u016bs\u0173 vaiko ir tolygiai paskirstys ne\u0161iojam\u0105 svor\u012f. Kokybi\u0161ka, vandeniui atspari med\u017eiaga u\u017etikrins naudojimo komfort\u0105 ilgus metus. Be to, kuprin\u0117 apr\u016bpinta \u0161vie\u010dian\u010dia LED juostele, kurios d\u0117ka J\u016bs\u0173 vaikas bus matomas net sutemus!<\/p>\n<ul>\n<li>Talpa 19 l<\/li>\n<li>Kuprin\u0117s auk\u0161tis 38 cm<\/li>\n<li>Kuprin\u0117s plotis 28 cm<\/li>\n<li>Gylis 18 cm<\/li>\n<\/ul>","protected":false},"excerpt":{"rendered":"<p>Mokyklin\u0117 kuprin\u0117 Coolpack su Led ap\u0161vietimu puikiai prisitaiko prie mokyklinio am\u017eiaus vaiko poreiki\u0173. Kuprin\u0117 itin lengva, tod\u0117l nevargins J\u016bs\u0173 vaiko ir tolygiai paskirstys ne\u0161iojam\u0105 svor\u012f.<\/p>","protected":false},"featured_media":23519,"template":"","meta":{"_acf_changed":false,"_glsr_average":0,"_glsr_ranking":0,"_glsr_reviews":0},"product_brand":[],"product_cat":[342,343,337],"product_tag":[344],"class_list":{"0":"post-23361","1":"product","2":"type-product","3":"status-publish","4":"has-post-thumbnail","6":"product_cat-kuprines","7":"product_cat-kuprines-pradinukams","8":"product_cat-mokyklines-prekes","9":"product_tag-kuprines","10":"\"style=\"background-color: #2ecc711c;\"","12":"first","13":"instock","14":"shipping-taxable","15":"purchasable","16":"product-type-simple"},"acf":[],"yoast_head":"<!-- This site is optimized with the Yoast SEO plugin v27.3 - https:\/\/yoast.com\/product\/yoast-seo-wordpress\/ -->\n<title>Mokyklin\u0117 kuprin\u0117 Coolpack su Led ap\u0161vietimu - KidsPlay<\/title>\n<meta name=\"description\" content=\"Mokyklin\u0117 kuprin\u0117 Coolpack su Led ap\u0161vietimu puikiai prisitaiko prie mokyklinio am\u017eiaus vaiko poreiki\u0173. Kuprin\u0117 itin lengva.\" \/>\n<meta name=\"robots\" content=\"index, follow, max-snippet:-1, max-image-preview:large, max-video-preview:-1\" \/>\n<link rel=\"canonical\" href=\"https:\/\/kidsplay.lt\/lv\/products\/mokykline-kuprine-coolpack-su-led-apsvietimu\/\" \/>\n<meta property=\"og:locale\" content=\"lv_LV\" \/>\n<meta property=\"og:type\" content=\"article\" \/>\n<meta property=\"og:title\" content=\"Mokyklin\u0117 kuprin\u0117 Coolpack su Led ap\u0161vietimu - KidsPlay\" \/>\n<meta property=\"og:description\" content=\"Mokyklin\u0117 kuprin\u0117 Coolpack su Led ap\u0161vietimu puikiai prisitaiko prie mokyklinio am\u017eiaus vaiko poreiki\u0173. Kuprin\u0117 itin lengva.\" \/>\n<meta property=\"og:url\" content=\"https:\/\/kidsplay.lt\/lv\/products\/mokykline-kuprine-coolpack-su-led-apsvietimu\/\" \/>\n<meta property=\"og:site_name\" content=\"KidsPlay\" \/>\n<meta property=\"article:publisher\" content=\"https:\/\/www.facebook.com\/www.kidsplay.lt\" \/>\n<meta property=\"article:modified_time\" content=\"2025-10-04T10:52:46+00:00\" \/>\n<meta property=\"og:image\" content=\"https:\/\/kidsplay.lt\/wp-content\/uploads\/2023\/07\/Mokykline-kuprine-Coolpack-su-Led-apsvietimu.jpg\" \/>\n\t<meta property=\"og:image:width\" content=\"667\" \/>\n\t<meta property=\"og:image:height\" content=\"1000\" \/>\n\t<meta property=\"og:image:type\" content=\"image\/jpeg\" \/>\n<meta name=\"twitter:card\" content=\"summary_large_image\" \/>\n<script type=\"application\/ld+json\" class=\"yoast-schema-graph\">{\"@context\":\"https:\\\/\\\/schema.org\",\"@graph\":[{\"@type\":\"WebPage\",\"@id\":\"https:\\\/\\\/kidsplay.lt\\\/produktas\\\/mokykline-kuprine-coolpack-su-led-apsvietimu\\\/\",\"url\":\"https:\\\/\\\/kidsplay.lt\\\/produktas\\\/mokykline-kuprine-coolpack-su-led-apsvietimu\\\/\",\"name\":\"Mokyklin\u0117 kuprin\u0117 Coolpack su Led ap\u0161vietimu - KidsPlay\",\"isPartOf\":{\"@id\":\"https:\\\/\\\/kidsplay.lt\\\/#website\"},\"primaryImageOfPage\":{\"@id\":\"https:\\\/\\\/kidsplay.lt\\\/produktas\\\/mokykline-kuprine-coolpack-su-led-apsvietimu\\\/#primaryimage\"},\"image\":{\"@id\":\"https:\\\/\\\/kidsplay.lt\\\/produktas\\\/mokykline-kuprine-coolpack-su-led-apsvietimu\\\/#primaryimage\"},\"thumbnailUrl\":\"https:\\\/\\\/kidsplay.lt\\\/wp-content\\\/uploads\\\/2023\\\/07\\\/Mokykline-kuprine-Coolpack-su-Led-apsvietimu.jpg\",\"datePublished\":\"2023-07-06T21:54:43+00:00\",\"dateModified\":\"2025-10-04T10:52:46+00:00\",\"description\":\"Mokyklin\u0117 kuprin\u0117 Coolpack su Led ap\u0161vietimu puikiai prisitaiko prie mokyklinio am\u017eiaus vaiko poreiki\u0173. Kuprin\u0117 itin lengva.\",\"breadcrumb\":{\"@id\":\"https:\\\/\\\/kidsplay.lt\\\/produktas\\\/mokykline-kuprine-coolpack-su-led-apsvietimu\\\/#breadcrumb\"},\"inLanguage\":\"lv-LV\",\"potentialAction\":[{\"@type\":\"ReadAction\",\"target\":[\"https:\\\/\\\/kidsplay.lt\\\/produktas\\\/mokykline-kuprine-coolpack-su-led-apsvietimu\\\/\"]}]},{\"@type\":\"ImageObject\",\"inLanguage\":\"lv-LV\",\"@id\":\"https:\\\/\\\/kidsplay.lt\\\/produktas\\\/mokykline-kuprine-coolpack-su-led-apsvietimu\\\/#primaryimage\",\"url\":\"https:\\\/\\\/kidsplay.lt\\\/wp-content\\\/uploads\\\/2023\\\/07\\\/Mokykline-kuprine-Coolpack-su-Led-apsvietimu.jpg\",\"contentUrl\":\"https:\\\/\\\/kidsplay.lt\\\/wp-content\\\/uploads\\\/2023\\\/07\\\/Mokykline-kuprine-Coolpack-su-Led-apsvietimu.jpg\",\"width\":667,\"height\":1000},{\"@type\":\"BreadcrumbList\",\"@id\":\"https:\\\/\\\/kidsplay.lt\\\/produktas\\\/mokykline-kuprine-coolpack-su-led-apsvietimu\\\/#breadcrumb\",\"itemListElement\":[{\"@type\":\"ListItem\",\"position\":1,\"name\":\"Pagrindinis\",\"item\":\"https:\\\/\\\/kidsplay.lt\\\/\"},{\"@type\":\"ListItem\",\"position\":2,\"name\":\"Parduotuv\u0117\",\"item\":\"https:\\\/\\\/kidsplay.lt\\\/parduotuve\\\/\"},{\"@type\":\"ListItem\",\"position\":3,\"name\":\"Mokyklin\u0117 kuprin\u0117 Coolpack su Led ap\u0161vietimu\"}]},{\"@type\":\"WebSite\",\"@id\":\"https:\\\/\\\/kidsplay.lt\\\/#website\",\"url\":\"https:\\\/\\\/kidsplay.lt\\\/\",\"name\":\"Kidsplay.lt\",\"description\":\"\u012evairios prek\u0117s vaikams\",\"publisher\":{\"@id\":\"https:\\\/\\\/kidsplay.lt\\\/#organization\"},\"alternateName\":\"Kidsplay\",\"potentialAction\":[{\"@type\":\"SearchAction\",\"target\":{\"@type\":\"EntryPoint\",\"urlTemplate\":\"https:\\\/\\\/kidsplay.lt\\\/?s={search_term_string}\"},\"query-input\":{\"@type\":\"PropertyValueSpecification\",\"valueRequired\":true,\"valueName\":\"search_term_string\"}}],\"inLanguage\":\"lv-LV\"},{\"@type\":\"Organization\",\"@id\":\"https:\\\/\\\/kidsplay.lt\\\/#organization\",\"name\":\"KidsPlay\",\"url\":\"https:\\\/\\\/kidsplay.lt\\\/\",\"logo\":{\"@type\":\"ImageObject\",\"inLanguage\":\"lv-LV\",\"@id\":\"https:\\\/\\\/kidsplay.lt\\\/#\\\/schema\\\/logo\\\/image\\\/\",\"url\":\"https:\\\/\\\/kidsplay.lt\\\/wp-content\\\/uploads\\\/2023\\\/07\\\/kidsplay-logo.png\",\"contentUrl\":\"https:\\\/\\\/kidsplay.lt\\\/wp-content\\\/uploads\\\/2023\\\/07\\\/kidsplay-logo.png\",\"width\":451,\"height\":98,\"caption\":\"KidsPlay\"},\"image\":{\"@id\":\"https:\\\/\\\/kidsplay.lt\\\/#\\\/schema\\\/logo\\\/image\\\/\"},\"sameAs\":[\"https:\\\/\\\/www.facebook.com\\\/www.kidsplay.lt\"]}]}<\/script>\n<!-- \/ Yoast SEO plugin. -->","yoast_head_json":{"title":"Mokyklin\u0117 kuprin\u0117 Coolpack su Led ap\u0161vietimu - KidsPlay","description":"Mokyklin\u0117 kuprin\u0117 Coolpack su Led ap\u0161vietimu puikiai prisitaiko prie mokyklinio am\u017eiaus vaiko poreiki\u0173. Kuprin\u0117 itin lengva.","robots":{"index":"index","follow":"follow","max-snippet":"max-snippet:-1","max-image-preview":"max-image-preview:large","max-video-preview":"max-video-preview:-1"},"canonical":"https:\/\/kidsplay.lt\/lv\/products\/mokykline-kuprine-coolpack-su-led-apsvietimu\/","og_locale":"lv_LV","og_type":"article","og_title":"Mokyklin\u0117 kuprin\u0117 Coolpack su Led ap\u0161vietimu - KidsPlay","og_description":"Mokyklin\u0117 kuprin\u0117 Coolpack su Led ap\u0161vietimu puikiai prisitaiko prie mokyklinio am\u017eiaus vaiko poreiki\u0173. Kuprin\u0117 itin lengva.","og_url":"https:\/\/kidsplay.lt\/lv\/products\/mokykline-kuprine-coolpack-su-led-apsvietimu\/","og_site_name":"KidsPlay","article_publisher":"https:\/\/www.facebook.com\/www.kidsplay.lt","article_modified_time":"2025-10-04T10:52:46+00:00","og_image":[{"width":667,"height":1000,"url":"https:\/\/kidsplay.lt\/wp-content\/uploads\/2023\/07\/Mokykline-kuprine-Coolpack-su-Led-apsvietimu.jpg","type":"image\/jpeg"}],"twitter_card":"summary_large_image","schema":{"@context":"https:\/\/schema.org","@graph":[{"@type":"WebPage","@id":"https:\/\/kidsplay.lt\/produktas\/mokykline-kuprine-coolpack-su-led-apsvietimu\/","url":"https:\/\/kidsplay.lt\/produktas\/mokykline-kuprine-coolpack-su-led-apsvietimu\/","name":"Mokyklin\u0117 kuprin\u0117 Coolpack su Led ap\u0161vietimu - KidsPlay","isPartOf":{"@id":"https:\/\/kidsplay.lt\/#website"},"primaryImageOfPage":{"@id":"https:\/\/kidsplay.lt\/produktas\/mokykline-kuprine-coolpack-su-led-apsvietimu\/#primaryimage"},"image":{"@id":"https:\/\/kidsplay.lt\/produktas\/mokykline-kuprine-coolpack-su-led-apsvietimu\/#primaryimage"},"thumbnailUrl":"https:\/\/kidsplay.lt\/wp-content\/uploads\/2023\/07\/Mokykline-kuprine-Coolpack-su-Led-apsvietimu.jpg","datePublished":"2023-07-06T21:54:43+00:00","dateModified":"2025-10-04T10:52:46+00:00","description":"Mokyklin\u0117 kuprin\u0117 Coolpack su Led ap\u0161vietimu puikiai prisitaiko prie mokyklinio am\u017eiaus vaiko poreiki\u0173. Kuprin\u0117 itin lengva.","breadcrumb":{"@id":"https:\/\/kidsplay.lt\/produktas\/mokykline-kuprine-coolpack-su-led-apsvietimu\/#breadcrumb"},"inLanguage":"lv-LV","potentialAction":[{"@type":"ReadAction","target":["https:\/\/kidsplay.lt\/produktas\/mokykline-kuprine-coolpack-su-led-apsvietimu\/"]}]},{"@type":"ImageObject","inLanguage":"lv-LV","@id":"https:\/\/kidsplay.lt\/produktas\/mokykline-kuprine-coolpack-su-led-apsvietimu\/#primaryimage","url":"https:\/\/kidsplay.lt\/wp-content\/uploads\/2023\/07\/Mokykline-kuprine-Coolpack-su-Led-apsvietimu.jpg","contentUrl":"https:\/\/kidsplay.lt\/wp-content\/uploads\/2023\/07\/Mokykline-kuprine-Coolpack-su-Led-apsvietimu.jpg","width":667,"height":1000},{"@type":"BreadcrumbList","@id":"https:\/\/kidsplay.lt\/produktas\/mokykline-kuprine-coolpack-su-led-apsvietimu\/#breadcrumb","itemListElement":[{"@type":"ListItem","position":1,"name":"Pagrindinis","item":"https:\/\/kidsplay.lt\/"},{"@type":"ListItem","position":2,"name":"Parduotuv\u0117","item":"https:\/\/kidsplay.lt\/parduotuve\/"},{"@type":"ListItem","position":3,"name":"Mokyklin\u0117 kuprin\u0117 Coolpack su Led ap\u0161vietimu"}]},{"@type":"WebSite","@id":"https:\/\/kidsplay.lt\/#website","url":"https:\/\/kidsplay.lt\/","name":"B\u0113rnu sp\u0113les.lv","description":"\u012evairios prek\u0117s vaikams","publisher":{"@id":"https:\/\/kidsplay.lt\/#organization"},"alternateName":"Kidsplay","potentialAction":[{"@type":"SearchAction","target":{"@type":"EntryPoint","urlTemplate":"https:\/\/kidsplay.lt\/?s={search_term_string}"},"query-input":{"@type":"PropertyValueSpecification","valueRequired":true,"valueName":"search_term_string"}}],"inLanguage":"lv-LV"},{"@type":"Organization","@id":"https:\/\/kidsplay.lt\/#organization","name":"B\u0113rnu sp\u0113le","url":"https:\/\/kidsplay.lt\/","logo":{"@type":"ImageObject","inLanguage":"lv-LV","@id":"https:\/\/kidsplay.lt\/#\/schema\/logo\/image\/","url":"https:\/\/kidsplay.lt\/wp-content\/uploads\/2023\/07\/kidsplay-logo.png","contentUrl":"https:\/\/kidsplay.lt\/wp-content\/uploads\/2023\/07\/kidsplay-logo.png","width":451,"height":98,"caption":"KidsPlay"},"image":{"@id":"https:\/\/kidsplay.lt\/#\/schema\/logo\/image\/"},"sameAs":["https:\/\/www.facebook.com\/www.kidsplay.lt"]}]}},"_links":{"self":[{"href":"https:\/\/kidsplay.lt\/lv\/wp-json\/wp\/v2\/product\/23361","targetHints":{"allow":["GET"]}}],"collection":[{"href":"https:\/\/kidsplay.lt\/lv\/wp-json\/wp\/v2\/product"}],"about":[{"href":"https:\/\/kidsplay.lt\/lv\/wp-json\/wp\/v2\/types\/product"}],"version-history":[{"count":1,"href":"https:\/\/kidsplay.lt\/lv\/wp-json\/wp\/v2\/product\/23361\/revisions"}],"predecessor-version":[{"id":65075,"href":"https:\/\/kidsplay.lt\/lv\/wp-json\/wp\/v2\/product\/23361\/revisions\/65075"}],"wp:featuredmedia":[{"embeddable":true,"href":"https:\/\/kidsplay.lt\/lv\/wp-json\/wp\/v2\/media\/23519"}],"wp:attachment":[{"href":"https:\/\/kidsplay.lt\/lv\/wp-json\/wp\/v2\/media?parent=23361"}],"wp:term":[{"taxonomy":"product_brand","embeddable":true,"href":"https:\/\/kidsplay.lt\/lv\/wp-json\/wp\/v2\/product_brand?post=23361"},{"taxonomy":"product_cat","embeddable":true,"href":"https:\/\/kidsplay.lt\/lv\/wp-json\/wp\/v2\/product_cat?post=23361"},{"taxonomy":"product_tag","embeddable":true,"href":"https:\/\/kidsplay.lt\/lv\/wp-json\/wp\/v2\/product_tag?post=23361"}],"curies":[{"name":"wp","href":"https:\/\/api.w.org\/{rel}","templated":true}]}}