{"id":23366,"date":"2023-07-06T21:55:10","date_gmt":"2023-07-06T21:55:10","guid":{"rendered":"https:\/\/kidsplay.lt\/?post_type=product&#038;p=23366"},"modified":"2026-04-19T09:59:41","modified_gmt":"2026-04-19T06:59:41","slug":"mokykline-kuprine-coolpack-su-led-apsvietimu-2","status":"publish","type":"product","link":"https:\/\/kidsplay.lt\/lv\/products\/mokykline-kuprine-coolpack-su-led-apsvietimu-2\/","title":{"rendered":"Skolas mugursoma Coolpack ar LED apgaismojumu"},"content":{"rendered":"<p>Mokyklin\u0117 kuprin\u0117 Coolpack su Led ap\u0161vietimu puikiai prisitaiko prie mokyklinio am\u017eiaus vaiko poreiki\u0173. D\u0117l papildomos ne\u0161iojamojo kompiuterio ki\u0161en\u0117s kuprin\u0117 tiks ir kiek vyresniems mokyklinukams. Kuprin\u0117 itin lengva, tod\u0117l nevargins J\u016bs\u0173 vaiko ir tolygiai paskirstys ne\u0161iojam\u0105 svor\u012f. Kokybi\u0161ka, vandeniui atspari med\u017eiaga u\u017etikrins naudojimo komfort\u0105 ilgus metus. Be to, kuprin\u0117 apr\u016bpinta \u0161vie\u010dian\u010dia LED juostele, kurios d\u0117ka J\u016bs\u0173 vaikas bus matomas net sutemus! Unikalioje LED sistemoje yra 23 ap\u0161vietimo programos, parenkamos i\u0161oriniu mygtuku. Baterija leid\u017eia nuolat \u0161viesti 3-4 valandas. \u012ekrovimas vyksta per mini USB lizd\u0105, pasl\u0117pt\u0105 atskiroje ki\u0161en\u0117je. USB laidas, leid\u017eiantis \u012fkrauti per standartin\u012f kompiuterio USB lizd\u0105 arba 220V.<\/p>\n<ul>\n<li>Talpa 26 l<\/li>\n<li>Kuprin\u0117s auk\u0161tis 44 cm<\/li>\n<li>Kuprin\u0117s plotis 32 cm<\/li>\n<li>Gylis 20 cm<\/li>\n<\/ul>","protected":false},"excerpt":{"rendered":"<p>Mokyklin\u0117 kuprin\u0117 Coolpack su Led ap\u0161vietimu puikiai prisitaiko prie mokyklinio am\u017eiaus vaiko poreiki\u0173. D\u0117l papildomos ne\u0161iojamojo kompiuterio ki\u0161en\u0117s kuprin\u0117 tiks ir kiek vyresniems mokyklinukams.<\/p>","protected":false},"featured_media":23534,"template":"","meta":{"_acf_changed":false,"_glsr_average":0,"_glsr_ranking":0,"_glsr_reviews":0},"product_brand":[],"product_cat":[342,343,337],"product_tag":[344],"class_list":{"0":"post-23366","1":"product","2":"type-product","3":"status-publish","4":"has-post-thumbnail","6":"product_cat-kuprines","7":"product_cat-kuprines-pradinukams","8":"product_cat-mokyklines-prekes","9":"product_tag-kuprines","10":"\"style=\"background-color: #2ecc711c;\"","12":"first","13":"instock","14":"featured","15":"shipping-taxable","16":"purchasable","17":"product-type-simple"},"acf":[],"yoast_head":"<!-- This site is optimized with the Yoast SEO plugin v27.4 - https:\/\/yoast.com\/product\/yoast-seo-wordpress\/ -->\n<title>Mokyklin\u0117 kuprin\u0117 Coolpack su Led ap\u0161vietimu - KidsPlay<\/title>\n<meta name=\"description\" content=\"Mokyklin\u0117 kuprin\u0117 Coolpack su Led ap\u0161vietimu puikiai prisitaiko prie mokyklinio am\u017eiaus vaiko poreiki\u0173. Kuprin\u0117 tiks ir vyresniems.\" \/>\n<meta name=\"robots\" content=\"index, follow, max-snippet:-1, max-image-preview:large, max-video-preview:-1\" \/>\n<link rel=\"canonical\" href=\"https:\/\/kidsplay.lt\/lv\/products\/mokykline-kuprine-coolpack-su-led-apsvietimu-2\/\" \/>\n<meta property=\"og:locale\" content=\"lv_LV\" \/>\n<meta property=\"og:type\" content=\"article\" \/>\n<meta property=\"og:title\" content=\"Mokyklin\u0117 kuprin\u0117 Coolpack su Led ap\u0161vietimu - KidsPlay\" \/>\n<meta property=\"og:description\" content=\"Mokyklin\u0117 kuprin\u0117 Coolpack su Led ap\u0161vietimu puikiai prisitaiko prie mokyklinio am\u017eiaus vaiko poreiki\u0173. Kuprin\u0117 tiks ir vyresniems.\" \/>\n<meta property=\"og:url\" content=\"https:\/\/kidsplay.lt\/lv\/products\/mokykline-kuprine-coolpack-su-led-apsvietimu-2\/\" \/>\n<meta property=\"og:site_name\" content=\"KidsPlay\" \/>\n<meta property=\"article:publisher\" content=\"https:\/\/www.facebook.com\/www.kidsplay.lt\" \/>\n<meta property=\"article:modified_time\" content=\"2026-04-19T06:59:41+00:00\" \/>\n<meta property=\"og:image\" content=\"https:\/\/kidsplay.lt\/wp-content\/uploads\/2023\/07\/Mokykline-kuprine-Coolpack-su-Led-apsvietimu6.jpg\" \/>\n\t<meta property=\"og:image:width\" content=\"667\" \/>\n\t<meta property=\"og:image:height\" content=\"1000\" \/>\n\t<meta property=\"og:image:type\" content=\"image\/jpeg\" \/>\n<meta name=\"twitter:card\" content=\"summary_large_image\" \/>\n<meta name=\"twitter:label1\" content=\"Est. reading time\" \/>\n\t<meta name=\"twitter:data1\" content=\"1 min\u016bte\" \/>\n<script type=\"application\/ld+json\" class=\"yoast-schema-graph\">{\"@context\":\"https:\\\/\\\/schema.org\",\"@graph\":[{\"@type\":\"WebPage\",\"@id\":\"https:\\\/\\\/kidsplay.lt\\\/produktas\\\/mokykline-kuprine-coolpack-su-led-apsvietimu-2\\\/\",\"url\":\"https:\\\/\\\/kidsplay.lt\\\/produktas\\\/mokykline-kuprine-coolpack-su-led-apsvietimu-2\\\/\",\"name\":\"Mokyklin\u0117 kuprin\u0117 Coolpack su Led ap\u0161vietimu - KidsPlay\",\"isPartOf\":{\"@id\":\"https:\\\/\\\/kidsplay.lt\\\/#website\"},\"primaryImageOfPage\":{\"@id\":\"https:\\\/\\\/kidsplay.lt\\\/produktas\\\/mokykline-kuprine-coolpack-su-led-apsvietimu-2\\\/#primaryimage\"},\"image\":{\"@id\":\"https:\\\/\\\/kidsplay.lt\\\/produktas\\\/mokykline-kuprine-coolpack-su-led-apsvietimu-2\\\/#primaryimage\"},\"thumbnailUrl\":\"https:\\\/\\\/kidsplay.lt\\\/wp-content\\\/uploads\\\/2023\\\/07\\\/Mokykline-kuprine-Coolpack-su-Led-apsvietimu6.jpg\",\"datePublished\":\"2023-07-06T21:55:10+00:00\",\"dateModified\":\"2026-04-19T06:59:41+00:00\",\"description\":\"Mokyklin\u0117 kuprin\u0117 Coolpack su Led ap\u0161vietimu puikiai prisitaiko prie mokyklinio am\u017eiaus vaiko poreiki\u0173. Kuprin\u0117 tiks ir vyresniems.\",\"breadcrumb\":{\"@id\":\"https:\\\/\\\/kidsplay.lt\\\/produktas\\\/mokykline-kuprine-coolpack-su-led-apsvietimu-2\\\/#breadcrumb\"},\"inLanguage\":\"lv-LV\",\"potentialAction\":[{\"@type\":\"ReadAction\",\"target\":[\"https:\\\/\\\/kidsplay.lt\\\/produktas\\\/mokykline-kuprine-coolpack-su-led-apsvietimu-2\\\/\"]}]},{\"@type\":\"ImageObject\",\"inLanguage\":\"lv-LV\",\"@id\":\"https:\\\/\\\/kidsplay.lt\\\/produktas\\\/mokykline-kuprine-coolpack-su-led-apsvietimu-2\\\/#primaryimage\",\"url\":\"https:\\\/\\\/kidsplay.lt\\\/wp-content\\\/uploads\\\/2023\\\/07\\\/Mokykline-kuprine-Coolpack-su-Led-apsvietimu6.jpg\",\"contentUrl\":\"https:\\\/\\\/kidsplay.lt\\\/wp-content\\\/uploads\\\/2023\\\/07\\\/Mokykline-kuprine-Coolpack-su-Led-apsvietimu6.jpg\",\"width\":667,\"height\":1000},{\"@type\":\"BreadcrumbList\",\"@id\":\"https:\\\/\\\/kidsplay.lt\\\/produktas\\\/mokykline-kuprine-coolpack-su-led-apsvietimu-2\\\/#breadcrumb\",\"itemListElement\":[{\"@type\":\"ListItem\",\"position\":1,\"name\":\"Pagrindinis\",\"item\":\"https:\\\/\\\/kidsplay.lt\\\/\"},{\"@type\":\"ListItem\",\"position\":2,\"name\":\"Parduotuv\u0117\",\"item\":\"https:\\\/\\\/kidsplay.lt\\\/parduotuve\\\/\"},{\"@type\":\"ListItem\",\"position\":3,\"name\":\"Mokyklin\u0117 kuprin\u0117 Coolpack su Led ap\u0161vietimu\"}]},{\"@type\":\"WebSite\",\"@id\":\"https:\\\/\\\/kidsplay.lt\\\/#website\",\"url\":\"https:\\\/\\\/kidsplay.lt\\\/\",\"name\":\"Kidsplay.lt\",\"description\":\"\u012evairios prek\u0117s vaikams\",\"publisher\":{\"@id\":\"https:\\\/\\\/kidsplay.lt\\\/#organization\"},\"alternateName\":\"Kidsplay\",\"potentialAction\":[{\"@type\":\"SearchAction\",\"target\":{\"@type\":\"EntryPoint\",\"urlTemplate\":\"https:\\\/\\\/kidsplay.lt\\\/?s={search_term_string}\"},\"query-input\":{\"@type\":\"PropertyValueSpecification\",\"valueRequired\":true,\"valueName\":\"search_term_string\"}}],\"inLanguage\":\"lv-LV\"},{\"@type\":\"Organization\",\"@id\":\"https:\\\/\\\/kidsplay.lt\\\/#organization\",\"name\":\"KidsPlay\",\"url\":\"https:\\\/\\\/kidsplay.lt\\\/\",\"logo\":{\"@type\":\"ImageObject\",\"inLanguage\":\"lv-LV\",\"@id\":\"https:\\\/\\\/kidsplay.lt\\\/#\\\/schema\\\/logo\\\/image\\\/\",\"url\":\"https:\\\/\\\/kidsplay.lt\\\/wp-content\\\/uploads\\\/2023\\\/07\\\/kidsplay-logo.png\",\"contentUrl\":\"https:\\\/\\\/kidsplay.lt\\\/wp-content\\\/uploads\\\/2023\\\/07\\\/kidsplay-logo.png\",\"width\":451,\"height\":98,\"caption\":\"KidsPlay\"},\"image\":{\"@id\":\"https:\\\/\\\/kidsplay.lt\\\/#\\\/schema\\\/logo\\\/image\\\/\"},\"sameAs\":[\"https:\\\/\\\/www.facebook.com\\\/www.kidsplay.lt\"]}]}<\/script>\n<!-- \/ Yoast SEO plugin. -->","yoast_head_json":{"title":"Mokyklin\u0117 kuprin\u0117 Coolpack su Led ap\u0161vietimu - KidsPlay","description":"Mokyklin\u0117 kuprin\u0117 Coolpack su Led ap\u0161vietimu puikiai prisitaiko prie mokyklinio am\u017eiaus vaiko poreiki\u0173. Kuprin\u0117 tiks ir vyresniems.","robots":{"index":"index","follow":"follow","max-snippet":"max-snippet:-1","max-image-preview":"max-image-preview:large","max-video-preview":"max-video-preview:-1"},"canonical":"https:\/\/kidsplay.lt\/lv\/products\/mokykline-kuprine-coolpack-su-led-apsvietimu-2\/","og_locale":"lv_LV","og_type":"article","og_title":"Mokyklin\u0117 kuprin\u0117 Coolpack su Led ap\u0161vietimu - KidsPlay","og_description":"Mokyklin\u0117 kuprin\u0117 Coolpack su Led ap\u0161vietimu puikiai prisitaiko prie mokyklinio am\u017eiaus vaiko poreiki\u0173. Kuprin\u0117 tiks ir vyresniems.","og_url":"https:\/\/kidsplay.lt\/lv\/products\/mokykline-kuprine-coolpack-su-led-apsvietimu-2\/","og_site_name":"KidsPlay","article_publisher":"https:\/\/www.facebook.com\/www.kidsplay.lt","article_modified_time":"2026-04-19T06:59:41+00:00","og_image":[{"width":667,"height":1000,"url":"https:\/\/kidsplay.lt\/wp-content\/uploads\/2023\/07\/Mokykline-kuprine-Coolpack-su-Led-apsvietimu6.jpg","type":"image\/jpeg"}],"twitter_card":"summary_large_image","twitter_misc":{"Est. reading time":"1 min\u016bte"},"schema":{"@context":"https:\/\/schema.org","@graph":[{"@type":"WebPage","@id":"https:\/\/kidsplay.lt\/produktas\/mokykline-kuprine-coolpack-su-led-apsvietimu-2\/","url":"https:\/\/kidsplay.lt\/produktas\/mokykline-kuprine-coolpack-su-led-apsvietimu-2\/","name":"Mokyklin\u0117 kuprin\u0117 Coolpack su Led ap\u0161vietimu - KidsPlay","isPartOf":{"@id":"https:\/\/kidsplay.lt\/#website"},"primaryImageOfPage":{"@id":"https:\/\/kidsplay.lt\/produktas\/mokykline-kuprine-coolpack-su-led-apsvietimu-2\/#primaryimage"},"image":{"@id":"https:\/\/kidsplay.lt\/produktas\/mokykline-kuprine-coolpack-su-led-apsvietimu-2\/#primaryimage"},"thumbnailUrl":"https:\/\/kidsplay.lt\/wp-content\/uploads\/2023\/07\/Mokykline-kuprine-Coolpack-su-Led-apsvietimu6.jpg","datePublished":"2023-07-06T21:55:10+00:00","dateModified":"2026-04-19T06:59:41+00:00","description":"Mokyklin\u0117 kuprin\u0117 Coolpack su Led ap\u0161vietimu puikiai prisitaiko prie mokyklinio am\u017eiaus vaiko poreiki\u0173. Kuprin\u0117 tiks ir vyresniems.","breadcrumb":{"@id":"https:\/\/kidsplay.lt\/produktas\/mokykline-kuprine-coolpack-su-led-apsvietimu-2\/#breadcrumb"},"inLanguage":"lv-LV","potentialAction":[{"@type":"ReadAction","target":["https:\/\/kidsplay.lt\/produktas\/mokykline-kuprine-coolpack-su-led-apsvietimu-2\/"]}]},{"@type":"ImageObject","inLanguage":"lv-LV","@id":"https:\/\/kidsplay.lt\/produktas\/mokykline-kuprine-coolpack-su-led-apsvietimu-2\/#primaryimage","url":"https:\/\/kidsplay.lt\/wp-content\/uploads\/2023\/07\/Mokykline-kuprine-Coolpack-su-Led-apsvietimu6.jpg","contentUrl":"https:\/\/kidsplay.lt\/wp-content\/uploads\/2023\/07\/Mokykline-kuprine-Coolpack-su-Led-apsvietimu6.jpg","width":667,"height":1000},{"@type":"BreadcrumbList","@id":"https:\/\/kidsplay.lt\/produktas\/mokykline-kuprine-coolpack-su-led-apsvietimu-2\/#breadcrumb","itemListElement":[{"@type":"ListItem","position":1,"name":"Pagrindinis","item":"https:\/\/kidsplay.lt\/"},{"@type":"ListItem","position":2,"name":"Parduotuv\u0117","item":"https:\/\/kidsplay.lt\/parduotuve\/"},{"@type":"ListItem","position":3,"name":"Mokyklin\u0117 kuprin\u0117 Coolpack su Led ap\u0161vietimu"}]},{"@type":"WebSite","@id":"https:\/\/kidsplay.lt\/#website","url":"https:\/\/kidsplay.lt\/","name":"B\u0113rnu sp\u0113les.lv","description":"\u012evairios prek\u0117s vaikams","publisher":{"@id":"https:\/\/kidsplay.lt\/#organization"},"alternateName":"Kidsplay","potentialAction":[{"@type":"SearchAction","target":{"@type":"EntryPoint","urlTemplate":"https:\/\/kidsplay.lt\/?s={search_term_string}"},"query-input":{"@type":"PropertyValueSpecification","valueRequired":true,"valueName":"search_term_string"}}],"inLanguage":"lv-LV"},{"@type":"Organization","@id":"https:\/\/kidsplay.lt\/#organization","name":"B\u0113rnu sp\u0113le","url":"https:\/\/kidsplay.lt\/","logo":{"@type":"ImageObject","inLanguage":"lv-LV","@id":"https:\/\/kidsplay.lt\/#\/schema\/logo\/image\/","url":"https:\/\/kidsplay.lt\/wp-content\/uploads\/2023\/07\/kidsplay-logo.png","contentUrl":"https:\/\/kidsplay.lt\/wp-content\/uploads\/2023\/07\/kidsplay-logo.png","width":451,"height":98,"caption":"KidsPlay"},"image":{"@id":"https:\/\/kidsplay.lt\/#\/schema\/logo\/image\/"},"sameAs":["https:\/\/www.facebook.com\/www.kidsplay.lt"]}]}},"_links":{"self":[{"href":"https:\/\/kidsplay.lt\/lv\/wp-json\/wp\/v2\/product\/23366","targetHints":{"allow":["GET"]}}],"collection":[{"href":"https:\/\/kidsplay.lt\/lv\/wp-json\/wp\/v2\/product"}],"about":[{"href":"https:\/\/kidsplay.lt\/lv\/wp-json\/wp\/v2\/types\/product"}],"version-history":[{"count":1,"href":"https:\/\/kidsplay.lt\/lv\/wp-json\/wp\/v2\/product\/23366\/revisions"}],"predecessor-version":[{"id":65079,"href":"https:\/\/kidsplay.lt\/lv\/wp-json\/wp\/v2\/product\/23366\/revisions\/65079"}],"wp:featuredmedia":[{"embeddable":true,"href":"https:\/\/kidsplay.lt\/lv\/wp-json\/wp\/v2\/media\/23534"}],"wp:attachment":[{"href":"https:\/\/kidsplay.lt\/lv\/wp-json\/wp\/v2\/media?parent=23366"}],"wp:term":[{"taxonomy":"product_brand","embeddable":true,"href":"https:\/\/kidsplay.lt\/lv\/wp-json\/wp\/v2\/product_brand?post=23366"},{"taxonomy":"product_cat","embeddable":true,"href":"https:\/\/kidsplay.lt\/lv\/wp-json\/wp\/v2\/product_cat?post=23366"},{"taxonomy":"product_tag","embeddable":true,"href":"https:\/\/kidsplay.lt\/lv\/wp-json\/wp\/v2\/product_tag?post=23366"}],"curies":[{"name":"wp","href":"https:\/\/api.w.org\/{rel}","templated":true}]}}