{"id":24592,"date":"2023-07-06T22:17:52","date_gmt":"2023-07-06T19:17:52","guid":{"rendered":"https:\/\/kidsplay.lt\/?post_type=product&#038;p=24592"},"modified":"2025-10-04T14:06:59","modified_gmt":"2025-10-04T11:06:59","slug":"montessori-supynes-su-ciuziniu","status":"publish","type":"product","link":"https:\/\/kidsplay.lt\/lv\/products\/montessori-supynes-su-ciuziniu\/","title":{"rendered":"Montessori \u0161\u016bpoles ar matraci"},"content":{"rendered":"<p>Montessori \u0161\u016bpoles ar matraci - ekskluz\u012bva koka rota\u013clieta, kas atbalsta b\u0113rnu att\u012bst\u012bbu. Montessori \u0161\u016bpoles ir daudzfunkcion\u0101las, t\u0101s var b\u016bt gan k\u0101p\u0161anas siena, gan \u0161\u016bpulis, gan b\u016btisks elements slidkalni\u0146a izveidei. Materi\u0101ls: sapl\u0101ksnis + MDF pl\u0101ksne. Malas ir pul\u0113tas un dro\u0161as b\u0113rniem.<\/p>\n<p>Izm\u0113ri:<\/p>\n<ul>\n<li>93 cm x 50 cm x 45 cm<\/li>\n<li>maksim\u0101l\u0101 slodze l\u012bdz 130 kg<\/li>\n<li>matra\u010da augstums: 11 cm, platums: 60 cm, garums: 110 cm<\/li>\n<\/ul>","protected":false},"excerpt":{"rendered":"<p>Montessori \u0161\u016bpoles ar matraci - ekskluz\u012bva koka rota\u013clieta, kas atbalsta b\u0113rnu att\u012bst\u012bbu. Montessori \u0161\u016bpoles ir daudzfunkcion\u0101las, t\u0101s var b\u016bt gan k\u0101p\u0161anas siena, gan \u0161\u016bpulis, gan b\u016btisks elements slidkalni\u0146a izveid\u0113.<\/p>","protected":false},"featured_media":24764,"template":"","meta":{"_acf_changed":false,"_glsr_average":0,"_glsr_ranking":0,"_glsr_reviews":0},"product_brand":[],"product_cat":[254],"product_tag":[],"class_list":{"0":"post-24592","1":"product","2":"type-product","3":"status-publish","4":"has-post-thumbnail","6":"product_cat-vaiko-kambarys","7":"\"style=\"background-color: #2ecc711c;\"","9":"first","10":"instock","11":"shipping-taxable","12":"purchasable","13":"product-type-variable"},"acf":[],"yoast_head":"<!-- This site is optimized with the Yoast SEO plugin v27.4 - https:\/\/yoast.com\/product\/yoast-seo-wordpress\/ -->\n<title>Montessori s\u016bpyn\u0117s su \u010diu\u017einiu - KidsPlay<\/title>\n<meta name=\"description\" content=\"Montessori s\u016bpyn\u0117s su \u010diu\u017einiu - i\u0161skirtinis medinis \u017eaislas, palaikantis vaik\u0173 vystym\u0105si. Montessori s\u016bpyn\u0117s yra daugiafunkcin\u0117s.\" \/>\n<meta name=\"robots\" content=\"index, follow, max-snippet:-1, max-image-preview:large, max-video-preview:-1\" \/>\n<link rel=\"canonical\" href=\"https:\/\/kidsplay.lt\/lv\/products\/montessori-supynes-su-ciuziniu\/\" \/>\n<meta property=\"og:locale\" content=\"lv_LV\" \/>\n<meta property=\"og:type\" content=\"article\" \/>\n<meta property=\"og:title\" content=\"Montessori s\u016bpyn\u0117s su \u010diu\u017einiu - KidsPlay\" \/>\n<meta property=\"og:description\" content=\"Montessori s\u016bpyn\u0117s su \u010diu\u017einiu - i\u0161skirtinis medinis \u017eaislas, palaikantis vaik\u0173 vystym\u0105si. Montessori s\u016bpyn\u0117s yra daugiafunkcin\u0117s.\" \/>\n<meta property=\"og:url\" content=\"https:\/\/kidsplay.lt\/lv\/products\/montessori-supynes-su-ciuziniu\/\" \/>\n<meta property=\"og:site_name\" content=\"KidsPlay\" \/>\n<meta property=\"article:publisher\" content=\"https:\/\/www.facebook.com\/www.kidsplay.lt\" \/>\n<meta property=\"article:modified_time\" content=\"2025-10-04T11:06:59+00:00\" \/>\n<meta property=\"og:image\" content=\"https:\/\/kidsplay.lt\/wp-content\/uploads\/2023\/07\/Montessori-supynes-su-ciuziniu.jpg\" \/>\n\t<meta property=\"og:image:width\" content=\"2560\" \/>\n\t<meta property=\"og:image:height\" content=\"1706\" \/>\n\t<meta property=\"og:image:type\" content=\"image\/jpeg\" \/>\n<meta name=\"twitter:card\" content=\"summary_large_image\" \/>\n<script type=\"application\/ld+json\" class=\"yoast-schema-graph\">{\"@context\":\"https:\\\/\\\/schema.org\",\"@graph\":[{\"@type\":\"WebPage\",\"@id\":\"https:\\\/\\\/kidsplay.lt\\\/produktas\\\/montessori-supynes-su-ciuziniu\\\/\",\"url\":\"https:\\\/\\\/kidsplay.lt\\\/produktas\\\/montessori-supynes-su-ciuziniu\\\/\",\"name\":\"Montessori s\u016bpyn\u0117s su \u010diu\u017einiu - KidsPlay\",\"isPartOf\":{\"@id\":\"https:\\\/\\\/kidsplay.lt\\\/#website\"},\"primaryImageOfPage\":{\"@id\":\"https:\\\/\\\/kidsplay.lt\\\/produktas\\\/montessori-supynes-su-ciuziniu\\\/#primaryimage\"},\"image\":{\"@id\":\"https:\\\/\\\/kidsplay.lt\\\/produktas\\\/montessori-supynes-su-ciuziniu\\\/#primaryimage\"},\"thumbnailUrl\":\"https:\\\/\\\/kidsplay.lt\\\/wp-content\\\/uploads\\\/2023\\\/07\\\/Montessori-supynes-su-ciuziniu.jpg\",\"datePublished\":\"2023-07-06T19:17:52+00:00\",\"dateModified\":\"2025-10-04T11:06:59+00:00\",\"description\":\"Montessori s\u016bpyn\u0117s su \u010diu\u017einiu - i\u0161skirtinis medinis \u017eaislas, palaikantis vaik\u0173 vystym\u0105si. Montessori s\u016bpyn\u0117s yra daugiafunkcin\u0117s.\",\"breadcrumb\":{\"@id\":\"https:\\\/\\\/kidsplay.lt\\\/produktas\\\/montessori-supynes-su-ciuziniu\\\/#breadcrumb\"},\"inLanguage\":\"lv-LV\",\"potentialAction\":[{\"@type\":\"ReadAction\",\"target\":[\"https:\\\/\\\/kidsplay.lt\\\/produktas\\\/montessori-supynes-su-ciuziniu\\\/\"]}]},{\"@type\":\"ImageObject\",\"inLanguage\":\"lv-LV\",\"@id\":\"https:\\\/\\\/kidsplay.lt\\\/produktas\\\/montessori-supynes-su-ciuziniu\\\/#primaryimage\",\"url\":\"https:\\\/\\\/kidsplay.lt\\\/wp-content\\\/uploads\\\/2023\\\/07\\\/Montessori-supynes-su-ciuziniu.jpg\",\"contentUrl\":\"https:\\\/\\\/kidsplay.lt\\\/wp-content\\\/uploads\\\/2023\\\/07\\\/Montessori-supynes-su-ciuziniu.jpg\",\"width\":2560,\"height\":1706},{\"@type\":\"BreadcrumbList\",\"@id\":\"https:\\\/\\\/kidsplay.lt\\\/produktas\\\/montessori-supynes-su-ciuziniu\\\/#breadcrumb\",\"itemListElement\":[{\"@type\":\"ListItem\",\"position\":1,\"name\":\"Pagrindinis\",\"item\":\"https:\\\/\\\/kidsplay.lt\\\/\"},{\"@type\":\"ListItem\",\"position\":2,\"name\":\"Parduotuv\u0117\",\"item\":\"https:\\\/\\\/kidsplay.lt\\\/parduotuve\\\/\"},{\"@type\":\"ListItem\",\"position\":3,\"name\":\"Montessori s\u016bpyn\u0117s su \u010diu\u017einiu\"}]},{\"@type\":\"WebSite\",\"@id\":\"https:\\\/\\\/kidsplay.lt\\\/#website\",\"url\":\"https:\\\/\\\/kidsplay.lt\\\/\",\"name\":\"Kidsplay.lt\",\"description\":\"\u012evairios prek\u0117s vaikams\",\"publisher\":{\"@id\":\"https:\\\/\\\/kidsplay.lt\\\/#organization\"},\"alternateName\":\"Kidsplay\",\"potentialAction\":[{\"@type\":\"SearchAction\",\"target\":{\"@type\":\"EntryPoint\",\"urlTemplate\":\"https:\\\/\\\/kidsplay.lt\\\/?s={search_term_string}\"},\"query-input\":{\"@type\":\"PropertyValueSpecification\",\"valueRequired\":true,\"valueName\":\"search_term_string\"}}],\"inLanguage\":\"lv-LV\"},{\"@type\":\"Organization\",\"@id\":\"https:\\\/\\\/kidsplay.lt\\\/#organization\",\"name\":\"KidsPlay\",\"url\":\"https:\\\/\\\/kidsplay.lt\\\/\",\"logo\":{\"@type\":\"ImageObject\",\"inLanguage\":\"lv-LV\",\"@id\":\"https:\\\/\\\/kidsplay.lt\\\/#\\\/schema\\\/logo\\\/image\\\/\",\"url\":\"https:\\\/\\\/kidsplay.lt\\\/wp-content\\\/uploads\\\/2023\\\/07\\\/kidsplay-logo.png\",\"contentUrl\":\"https:\\\/\\\/kidsplay.lt\\\/wp-content\\\/uploads\\\/2023\\\/07\\\/kidsplay-logo.png\",\"width\":451,\"height\":98,\"caption\":\"KidsPlay\"},\"image\":{\"@id\":\"https:\\\/\\\/kidsplay.lt\\\/#\\\/schema\\\/logo\\\/image\\\/\"},\"sameAs\":[\"https:\\\/\\\/www.facebook.com\\\/www.kidsplay.lt\"]}]}<\/script>\n<!-- \/ Yoast SEO plugin. -->","yoast_head_json":{"title":"Montessori s\u016bpyn\u0117s su \u010diu\u017einiu - KidsPlay","description":"Montessori s\u016bpyn\u0117s su \u010diu\u017einiu - i\u0161skirtinis medinis \u017eaislas, palaikantis vaik\u0173 vystym\u0105si. Montessori s\u016bpyn\u0117s yra daugiafunkcin\u0117s.","robots":{"index":"index","follow":"follow","max-snippet":"max-snippet:-1","max-image-preview":"max-image-preview:large","max-video-preview":"max-video-preview:-1"},"canonical":"https:\/\/kidsplay.lt\/lv\/products\/montessori-supynes-su-ciuziniu\/","og_locale":"lv_LV","og_type":"article","og_title":"Montessori s\u016bpyn\u0117s su \u010diu\u017einiu - KidsPlay","og_description":"Montessori s\u016bpyn\u0117s su \u010diu\u017einiu - i\u0161skirtinis medinis \u017eaislas, palaikantis vaik\u0173 vystym\u0105si. Montessori s\u016bpyn\u0117s yra daugiafunkcin\u0117s.","og_url":"https:\/\/kidsplay.lt\/lv\/products\/montessori-supynes-su-ciuziniu\/","og_site_name":"KidsPlay","article_publisher":"https:\/\/www.facebook.com\/www.kidsplay.lt","article_modified_time":"2025-10-04T11:06:59+00:00","og_image":[{"width":2560,"height":1706,"url":"https:\/\/kidsplay.lt\/wp-content\/uploads\/2023\/07\/Montessori-supynes-su-ciuziniu.jpg","type":"image\/jpeg"}],"twitter_card":"summary_large_image","schema":{"@context":"https:\/\/schema.org","@graph":[{"@type":"WebPage","@id":"https:\/\/kidsplay.lt\/produktas\/montessori-supynes-su-ciuziniu\/","url":"https:\/\/kidsplay.lt\/produktas\/montessori-supynes-su-ciuziniu\/","name":"Montessori s\u016bpyn\u0117s su \u010diu\u017einiu - KidsPlay","isPartOf":{"@id":"https:\/\/kidsplay.lt\/#website"},"primaryImageOfPage":{"@id":"https:\/\/kidsplay.lt\/produktas\/montessori-supynes-su-ciuziniu\/#primaryimage"},"image":{"@id":"https:\/\/kidsplay.lt\/produktas\/montessori-supynes-su-ciuziniu\/#primaryimage"},"thumbnailUrl":"https:\/\/kidsplay.lt\/wp-content\/uploads\/2023\/07\/Montessori-supynes-su-ciuziniu.jpg","datePublished":"2023-07-06T19:17:52+00:00","dateModified":"2025-10-04T11:06:59+00:00","description":"Montessori s\u016bpyn\u0117s su \u010diu\u017einiu - i\u0161skirtinis medinis \u017eaislas, palaikantis vaik\u0173 vystym\u0105si. Montessori s\u016bpyn\u0117s yra daugiafunkcin\u0117s.","breadcrumb":{"@id":"https:\/\/kidsplay.lt\/produktas\/montessori-supynes-su-ciuziniu\/#breadcrumb"},"inLanguage":"lv-LV","potentialAction":[{"@type":"ReadAction","target":["https:\/\/kidsplay.lt\/produktas\/montessori-supynes-su-ciuziniu\/"]}]},{"@type":"ImageObject","inLanguage":"lv-LV","@id":"https:\/\/kidsplay.lt\/produktas\/montessori-supynes-su-ciuziniu\/#primaryimage","url":"https:\/\/kidsplay.lt\/wp-content\/uploads\/2023\/07\/Montessori-supynes-su-ciuziniu.jpg","contentUrl":"https:\/\/kidsplay.lt\/wp-content\/uploads\/2023\/07\/Montessori-supynes-su-ciuziniu.jpg","width":2560,"height":1706},{"@type":"BreadcrumbList","@id":"https:\/\/kidsplay.lt\/produktas\/montessori-supynes-su-ciuziniu\/#breadcrumb","itemListElement":[{"@type":"ListItem","position":1,"name":"Pagrindinis","item":"https:\/\/kidsplay.lt\/"},{"@type":"ListItem","position":2,"name":"Parduotuv\u0117","item":"https:\/\/kidsplay.lt\/parduotuve\/"},{"@type":"ListItem","position":3,"name":"Montessori s\u016bpyn\u0117s su \u010diu\u017einiu"}]},{"@type":"WebSite","@id":"https:\/\/kidsplay.lt\/#website","url":"https:\/\/kidsplay.lt\/","name":"B\u0113rnu sp\u0113les.lv","description":"\u012evairios prek\u0117s vaikams","publisher":{"@id":"https:\/\/kidsplay.lt\/#organization"},"alternateName":"Kidsplay","potentialAction":[{"@type":"SearchAction","target":{"@type":"EntryPoint","urlTemplate":"https:\/\/kidsplay.lt\/?s={search_term_string}"},"query-input":{"@type":"PropertyValueSpecification","valueRequired":true,"valueName":"search_term_string"}}],"inLanguage":"lv-LV"},{"@type":"Organization","@id":"https:\/\/kidsplay.lt\/#organization","name":"B\u0113rnu sp\u0113le","url":"https:\/\/kidsplay.lt\/","logo":{"@type":"ImageObject","inLanguage":"lv-LV","@id":"https:\/\/kidsplay.lt\/#\/schema\/logo\/image\/","url":"https:\/\/kidsplay.lt\/wp-content\/uploads\/2023\/07\/kidsplay-logo.png","contentUrl":"https:\/\/kidsplay.lt\/wp-content\/uploads\/2023\/07\/kidsplay-logo.png","width":451,"height":98,"caption":"KidsPlay"},"image":{"@id":"https:\/\/kidsplay.lt\/#\/schema\/logo\/image\/"},"sameAs":["https:\/\/www.facebook.com\/www.kidsplay.lt"]}]}},"_links":{"self":[{"href":"https:\/\/kidsplay.lt\/lv\/wp-json\/wp\/v2\/product\/24592","targetHints":{"allow":["GET"]}}],"collection":[{"href":"https:\/\/kidsplay.lt\/lv\/wp-json\/wp\/v2\/product"}],"about":[{"href":"https:\/\/kidsplay.lt\/lv\/wp-json\/wp\/v2\/types\/product"}],"version-history":[{"count":1,"href":"https:\/\/kidsplay.lt\/lv\/wp-json\/wp\/v2\/product\/24592\/revisions"}],"predecessor-version":[{"id":47290,"href":"https:\/\/kidsplay.lt\/lv\/wp-json\/wp\/v2\/product\/24592\/revisions\/47290"}],"wp:featuredmedia":[{"embeddable":true,"href":"https:\/\/kidsplay.lt\/lv\/wp-json\/wp\/v2\/media\/24764"}],"wp:attachment":[{"href":"https:\/\/kidsplay.lt\/lv\/wp-json\/wp\/v2\/media?parent=24592"}],"wp:term":[{"taxonomy":"product_brand","embeddable":true,"href":"https:\/\/kidsplay.lt\/lv\/wp-json\/wp\/v2\/product_brand?post=24592"},{"taxonomy":"product_cat","embeddable":true,"href":"https:\/\/kidsplay.lt\/lv\/wp-json\/wp\/v2\/product_cat?post=24592"},{"taxonomy":"product_tag","embeddable":true,"href":"https:\/\/kidsplay.lt\/lv\/wp-json\/wp\/v2\/product_tag?post=24592"}],"curies":[{"name":"wp","href":"https:\/\/api.w.org\/{rel}","templated":true}]}}