{"id":24822,"date":"2023-07-06T22:20:55","date_gmt":"2023-07-06T22:20:55","guid":{"rendered":"https:\/\/kidsplay.lt\/?post_type=product&#038;p=24822"},"modified":"2025-10-04T14:10:07","modified_gmt":"2025-10-04T11:10:07","slug":"sviestuvas-drugeliai","status":"publish","type":"product","link":"https:\/\/kidsplay.lt\/lv\/products\/sviestuvas-drugeliai\/","title":{"rendered":"\u0160viestuvas Drugeliai"},"content":{"rendered":"<p>\u0160viestuvas Drugeliai pasi\u017eymi \u012fdomiu dizainu ir originalia forma. Eleganti\u0161k\u0173 ovali\u0173 form\u0173 lemp\u0173 gaubtai, pagaminti i\u0161 auk\u0161tos kokyb\u0117s metalo. Visa danga padengta blizgiais baltais da\u017eais milteliniu b\u016bdu. Papildoma puo\u0161mena \u2013 auksiniai cilindrai vir\u0161 \u0161viestuv\u0173. \u0160viestuvai veikia su dvipoliu jungikliu, o tai rei\u0161kia, kad kai nereikia daug \u0161viesos, galima u\u017edegti 1 lemp\u0105.<\/p>\n<p>Papildoma \u0161viestuvo puo\u0161mena \u2013 3 eleganti\u0161ki aukso spalvos drugeliai. Drugeliai turi magnet\u0105, tod\u0117l juos galima d\u0117ti bet kurioje lempos vietoje. Drugeliai pagaminti i\u0161 lengvos med\u017eiagos, kurios strukt\u016bra primena pauk\u0161\u010dio plunksn\u0105.<\/p>\n<p>Trys lemput\u0117s standartiniam E27 sriegiui, kuri\u0173 kiekviena maksimali galia 60W.<\/p>\n<p>Izm\u0113ri:<\/p>\n<ul>\n<li>Lempos auk\u0161tis: reguliuojamas maks. 90 cm<\/li>\n<li>\u0160viestuvo skersmuo: 30 cm<\/li>\n<li>Gaubto skersmuo pla\u010diausioje vietoje: 12 cm<\/li>\n<li>Paties \u0161viestuvo gaubto auk\u0161tis: 8cm<\/li>\n<\/ul>","protected":false},"excerpt":{"rendered":"<p>\u0160viestuvas Drugeliai pasi\u017eymi \u012fdomiu dizainu ir originalia forma. Eleganti\u0161k\u0173 ovali\u0173 form\u0173 lemp\u0173 gaubtai, pagaminti i\u0161 auk\u0161tos kokyb\u0117s metalo.<\/p>","protected":false},"featured_media":24928,"template":"","meta":{"_acf_changed":false,"_glsr_average":0,"_glsr_ranking":0,"_glsr_reviews":0},"product_brand":[],"product_cat":[362,254],"product_tag":[],"class_list":{"0":"post-24822","1":"product","2":"type-product","3":"status-publish","4":"has-post-thumbnail","6":"product_cat-lempos","7":"product_cat-vaiko-kambarys","8":"\"style=\"background-color: #2ecc711c;\"","10":"first","11":"instock","12":"shipping-taxable","13":"purchasable","14":"product-type-simple"},"acf":[],"yoast_head":"<!-- This site is optimized with the Yoast SEO plugin v27.3 - https:\/\/yoast.com\/product\/yoast-seo-wordpress\/ -->\n<title>\u0160viestuvas Drugeliai - KidsPlay<\/title>\n<meta name=\"description\" content=\"\u0160viestuvas Drugeliai pasi\u017eymi \u012fdomiu dizainu ir originalia forma. Eleganti\u0161k\u0173 ovali\u0173 form\u0173 lemp\u0173 gaubtai, pagaminti i\u0161 auk\u0161tos kokyb\u0117s metalo.\" \/>\n<meta name=\"robots\" content=\"index, follow, max-snippet:-1, max-image-preview:large, max-video-preview:-1\" \/>\n<link rel=\"canonical\" href=\"https:\/\/kidsplay.lt\/lv\/products\/sviestuvas-drugeliai\/\" \/>\n<meta property=\"og:locale\" content=\"lv_LV\" \/>\n<meta property=\"og:type\" content=\"article\" \/>\n<meta property=\"og:title\" content=\"\u0160viestuvas Drugeliai - KidsPlay\" \/>\n<meta property=\"og:description\" content=\"\u0160viestuvas Drugeliai pasi\u017eymi \u012fdomiu dizainu ir originalia forma. Eleganti\u0161k\u0173 ovali\u0173 form\u0173 lemp\u0173 gaubtai, pagaminti i\u0161 auk\u0161tos kokyb\u0117s metalo.\" \/>\n<meta property=\"og:url\" content=\"https:\/\/kidsplay.lt\/lv\/products\/sviestuvas-drugeliai\/\" \/>\n<meta property=\"og:site_name\" content=\"KidsPlay\" \/>\n<meta property=\"article:publisher\" content=\"https:\/\/www.facebook.com\/www.kidsplay.lt\" \/>\n<meta property=\"article:modified_time\" content=\"2025-10-04T11:10:07+00:00\" \/>\n<meta property=\"og:image\" content=\"https:\/\/kidsplay.lt\/wp-content\/uploads\/2023\/07\/Sviestuvas-Drugeliai.jpg\" \/>\n\t<meta property=\"og:image:width\" content=\"720\" \/>\n\t<meta property=\"og:image:height\" content=\"698\" \/>\n\t<meta property=\"og:image:type\" content=\"image\/jpeg\" \/>\n<meta name=\"twitter:card\" content=\"summary_large_image\" \/>\n<meta name=\"twitter:label1\" content=\"Est. reading time\" \/>\n\t<meta name=\"twitter:data1\" content=\"1 min\u016bte\" \/>\n<script type=\"application\/ld+json\" class=\"yoast-schema-graph\">{\"@context\":\"https:\\\/\\\/schema.org\",\"@graph\":[{\"@type\":\"WebPage\",\"@id\":\"https:\\\/\\\/kidsplay.lt\\\/produktas\\\/sviestuvas-drugeliai\\\/\",\"url\":\"https:\\\/\\\/kidsplay.lt\\\/produktas\\\/sviestuvas-drugeliai\\\/\",\"name\":\"\u0160viestuvas Drugeliai - KidsPlay\",\"isPartOf\":{\"@id\":\"https:\\\/\\\/kidsplay.lt\\\/#website\"},\"primaryImageOfPage\":{\"@id\":\"https:\\\/\\\/kidsplay.lt\\\/produktas\\\/sviestuvas-drugeliai\\\/#primaryimage\"},\"image\":{\"@id\":\"https:\\\/\\\/kidsplay.lt\\\/produktas\\\/sviestuvas-drugeliai\\\/#primaryimage\"},\"thumbnailUrl\":\"https:\\\/\\\/kidsplay.lt\\\/wp-content\\\/uploads\\\/2023\\\/07\\\/Sviestuvas-Drugeliai.jpg\",\"datePublished\":\"2023-07-06T22:20:55+00:00\",\"dateModified\":\"2025-10-04T11:10:07+00:00\",\"description\":\"\u0160viestuvas Drugeliai pasi\u017eymi \u012fdomiu dizainu ir originalia forma. Eleganti\u0161k\u0173 ovali\u0173 form\u0173 lemp\u0173 gaubtai, pagaminti i\u0161 auk\u0161tos kokyb\u0117s metalo.\",\"breadcrumb\":{\"@id\":\"https:\\\/\\\/kidsplay.lt\\\/produktas\\\/sviestuvas-drugeliai\\\/#breadcrumb\"},\"inLanguage\":\"lv-LV\",\"potentialAction\":[{\"@type\":\"ReadAction\",\"target\":[\"https:\\\/\\\/kidsplay.lt\\\/produktas\\\/sviestuvas-drugeliai\\\/\"]}]},{\"@type\":\"ImageObject\",\"inLanguage\":\"lv-LV\",\"@id\":\"https:\\\/\\\/kidsplay.lt\\\/produktas\\\/sviestuvas-drugeliai\\\/#primaryimage\",\"url\":\"https:\\\/\\\/kidsplay.lt\\\/wp-content\\\/uploads\\\/2023\\\/07\\\/Sviestuvas-Drugeliai.jpg\",\"contentUrl\":\"https:\\\/\\\/kidsplay.lt\\\/wp-content\\\/uploads\\\/2023\\\/07\\\/Sviestuvas-Drugeliai.jpg\",\"width\":720,\"height\":698},{\"@type\":\"BreadcrumbList\",\"@id\":\"https:\\\/\\\/kidsplay.lt\\\/produktas\\\/sviestuvas-drugeliai\\\/#breadcrumb\",\"itemListElement\":[{\"@type\":\"ListItem\",\"position\":1,\"name\":\"Pagrindinis\",\"item\":\"https:\\\/\\\/kidsplay.lt\\\/\"},{\"@type\":\"ListItem\",\"position\":2,\"name\":\"Parduotuv\u0117\",\"item\":\"https:\\\/\\\/kidsplay.lt\\\/parduotuve\\\/\"},{\"@type\":\"ListItem\",\"position\":3,\"name\":\"\u0160viestuvas Drugeliai\"}]},{\"@type\":\"WebSite\",\"@id\":\"https:\\\/\\\/kidsplay.lt\\\/#website\",\"url\":\"https:\\\/\\\/kidsplay.lt\\\/\",\"name\":\"Kidsplay.lt\",\"description\":\"\u012evairios prek\u0117s vaikams\",\"publisher\":{\"@id\":\"https:\\\/\\\/kidsplay.lt\\\/#organization\"},\"alternateName\":\"Kidsplay\",\"potentialAction\":[{\"@type\":\"SearchAction\",\"target\":{\"@type\":\"EntryPoint\",\"urlTemplate\":\"https:\\\/\\\/kidsplay.lt\\\/?s={search_term_string}\"},\"query-input\":{\"@type\":\"PropertyValueSpecification\",\"valueRequired\":true,\"valueName\":\"search_term_string\"}}],\"inLanguage\":\"lv-LV\"},{\"@type\":\"Organization\",\"@id\":\"https:\\\/\\\/kidsplay.lt\\\/#organization\",\"name\":\"KidsPlay\",\"url\":\"https:\\\/\\\/kidsplay.lt\\\/\",\"logo\":{\"@type\":\"ImageObject\",\"inLanguage\":\"lv-LV\",\"@id\":\"https:\\\/\\\/kidsplay.lt\\\/#\\\/schema\\\/logo\\\/image\\\/\",\"url\":\"https:\\\/\\\/kidsplay.lt\\\/wp-content\\\/uploads\\\/2023\\\/07\\\/kidsplay-logo.png\",\"contentUrl\":\"https:\\\/\\\/kidsplay.lt\\\/wp-content\\\/uploads\\\/2023\\\/07\\\/kidsplay-logo.png\",\"width\":451,\"height\":98,\"caption\":\"KidsPlay\"},\"image\":{\"@id\":\"https:\\\/\\\/kidsplay.lt\\\/#\\\/schema\\\/logo\\\/image\\\/\"},\"sameAs\":[\"https:\\\/\\\/www.facebook.com\\\/www.kidsplay.lt\"]}]}<\/script>\n<!-- \/ Yoast SEO plugin. -->","yoast_head_json":{"title":"\u0160viestuvas Drugeliai - KidsPlay","description":"\u0160viestuvas Drugeliai pasi\u017eymi \u012fdomiu dizainu ir originalia forma. Eleganti\u0161k\u0173 ovali\u0173 form\u0173 lemp\u0173 gaubtai, pagaminti i\u0161 auk\u0161tos kokyb\u0117s metalo.","robots":{"index":"index","follow":"follow","max-snippet":"max-snippet:-1","max-image-preview":"max-image-preview:large","max-video-preview":"max-video-preview:-1"},"canonical":"https:\/\/kidsplay.lt\/lv\/products\/sviestuvas-drugeliai\/","og_locale":"lv_LV","og_type":"article","og_title":"\u0160viestuvas Drugeliai - KidsPlay","og_description":"\u0160viestuvas Drugeliai pasi\u017eymi \u012fdomiu dizainu ir originalia forma. Eleganti\u0161k\u0173 ovali\u0173 form\u0173 lemp\u0173 gaubtai, pagaminti i\u0161 auk\u0161tos kokyb\u0117s metalo.","og_url":"https:\/\/kidsplay.lt\/lv\/products\/sviestuvas-drugeliai\/","og_site_name":"KidsPlay","article_publisher":"https:\/\/www.facebook.com\/www.kidsplay.lt","article_modified_time":"2025-10-04T11:10:07+00:00","og_image":[{"width":720,"height":698,"url":"https:\/\/kidsplay.lt\/wp-content\/uploads\/2023\/07\/Sviestuvas-Drugeliai.jpg","type":"image\/jpeg"}],"twitter_card":"summary_large_image","twitter_misc":{"Est. reading time":"1 min\u016bte"},"schema":{"@context":"https:\/\/schema.org","@graph":[{"@type":"WebPage","@id":"https:\/\/kidsplay.lt\/produktas\/sviestuvas-drugeliai\/","url":"https:\/\/kidsplay.lt\/produktas\/sviestuvas-drugeliai\/","name":"\u0160viestuvas Drugeliai - KidsPlay","isPartOf":{"@id":"https:\/\/kidsplay.lt\/#website"},"primaryImageOfPage":{"@id":"https:\/\/kidsplay.lt\/produktas\/sviestuvas-drugeliai\/#primaryimage"},"image":{"@id":"https:\/\/kidsplay.lt\/produktas\/sviestuvas-drugeliai\/#primaryimage"},"thumbnailUrl":"https:\/\/kidsplay.lt\/wp-content\/uploads\/2023\/07\/Sviestuvas-Drugeliai.jpg","datePublished":"2023-07-06T22:20:55+00:00","dateModified":"2025-10-04T11:10:07+00:00","description":"\u0160viestuvas Drugeliai pasi\u017eymi \u012fdomiu dizainu ir originalia forma. Eleganti\u0161k\u0173 ovali\u0173 form\u0173 lemp\u0173 gaubtai, pagaminti i\u0161 auk\u0161tos kokyb\u0117s metalo.","breadcrumb":{"@id":"https:\/\/kidsplay.lt\/produktas\/sviestuvas-drugeliai\/#breadcrumb"},"inLanguage":"lv-LV","potentialAction":[{"@type":"ReadAction","target":["https:\/\/kidsplay.lt\/produktas\/sviestuvas-drugeliai\/"]}]},{"@type":"ImageObject","inLanguage":"lv-LV","@id":"https:\/\/kidsplay.lt\/produktas\/sviestuvas-drugeliai\/#primaryimage","url":"https:\/\/kidsplay.lt\/wp-content\/uploads\/2023\/07\/Sviestuvas-Drugeliai.jpg","contentUrl":"https:\/\/kidsplay.lt\/wp-content\/uploads\/2023\/07\/Sviestuvas-Drugeliai.jpg","width":720,"height":698},{"@type":"BreadcrumbList","@id":"https:\/\/kidsplay.lt\/produktas\/sviestuvas-drugeliai\/#breadcrumb","itemListElement":[{"@type":"ListItem","position":1,"name":"Pagrindinis","item":"https:\/\/kidsplay.lt\/"},{"@type":"ListItem","position":2,"name":"Parduotuv\u0117","item":"https:\/\/kidsplay.lt\/parduotuve\/"},{"@type":"ListItem","position":3,"name":"\u0160viestuvas Drugeliai"}]},{"@type":"WebSite","@id":"https:\/\/kidsplay.lt\/#website","url":"https:\/\/kidsplay.lt\/","name":"B\u0113rnu sp\u0113les.lv","description":"\u012evairios prek\u0117s vaikams","publisher":{"@id":"https:\/\/kidsplay.lt\/#organization"},"alternateName":"Kidsplay","potentialAction":[{"@type":"SearchAction","target":{"@type":"EntryPoint","urlTemplate":"https:\/\/kidsplay.lt\/?s={search_term_string}"},"query-input":{"@type":"PropertyValueSpecification","valueRequired":true,"valueName":"search_term_string"}}],"inLanguage":"lv-LV"},{"@type":"Organization","@id":"https:\/\/kidsplay.lt\/#organization","name":"B\u0113rnu sp\u0113le","url":"https:\/\/kidsplay.lt\/","logo":{"@type":"ImageObject","inLanguage":"lv-LV","@id":"https:\/\/kidsplay.lt\/#\/schema\/logo\/image\/","url":"https:\/\/kidsplay.lt\/wp-content\/uploads\/2023\/07\/kidsplay-logo.png","contentUrl":"https:\/\/kidsplay.lt\/wp-content\/uploads\/2023\/07\/kidsplay-logo.png","width":451,"height":98,"caption":"KidsPlay"},"image":{"@id":"https:\/\/kidsplay.lt\/#\/schema\/logo\/image\/"},"sameAs":["https:\/\/www.facebook.com\/www.kidsplay.lt"]}]}},"_links":{"self":[{"href":"https:\/\/kidsplay.lt\/lv\/wp-json\/wp\/v2\/product\/24822","targetHints":{"allow":["GET"]}}],"collection":[{"href":"https:\/\/kidsplay.lt\/lv\/wp-json\/wp\/v2\/product"}],"about":[{"href":"https:\/\/kidsplay.lt\/lv\/wp-json\/wp\/v2\/types\/product"}],"version-history":[{"count":1,"href":"https:\/\/kidsplay.lt\/lv\/wp-json\/wp\/v2\/product\/24822\/revisions"}],"predecessor-version":[{"id":57477,"href":"https:\/\/kidsplay.lt\/lv\/wp-json\/wp\/v2\/product\/24822\/revisions\/57477"}],"wp:featuredmedia":[{"embeddable":true,"href":"https:\/\/kidsplay.lt\/lv\/wp-json\/wp\/v2\/media\/24928"}],"wp:attachment":[{"href":"https:\/\/kidsplay.lt\/lv\/wp-json\/wp\/v2\/media?parent=24822"}],"wp:term":[{"taxonomy":"product_brand","embeddable":true,"href":"https:\/\/kidsplay.lt\/lv\/wp-json\/wp\/v2\/product_brand?post=24822"},{"taxonomy":"product_cat","embeddable":true,"href":"https:\/\/kidsplay.lt\/lv\/wp-json\/wp\/v2\/product_cat?post=24822"},{"taxonomy":"product_tag","embeddable":true,"href":"https:\/\/kidsplay.lt\/lv\/wp-json\/wp\/v2\/product_tag?post=24822"}],"curies":[{"name":"wp","href":"https:\/\/api.w.org\/{rel}","templated":true}]}}