{"id":24996,"date":"2023-07-06T22:23:49","date_gmt":"2023-07-06T22:23:49","guid":{"rendered":"https:\/\/kidsplay.lt\/?post_type=product&#038;p=24996"},"modified":"2026-04-19T09:59:39","modified_gmt":"2026-04-19T06:59:39","slug":"lubinis-sviestuvas-futbolo-kamuolys-4","status":"publish","type":"product","link":"https:\/\/kidsplay.lt\/lv\/products\/lubinis-sviestuvas-futbolo-kamuolys-4\/","title":{"rendered":"Griestu lampa Futbola bumba"},"content":{"rendered":"<p>Lubinis \u0161viestuvas Futbolo kamuolys skirtas b\u016bsim\u0173 futbolinink\u0173 kambariui. \u0160viestuvas pasi\u017eymi \u012fdomiu dizainu ir originalia forma. \u0160viestuvas susideda i\u0161 dviej\u0173 gaubt\u0173 \u2013 i\u0161orinio ovalo ir vidinio. D\u0117l \u0161io derinio lempa atrodo ne\u012ftik\u0117tinai originali.<\/p>\n<p>Abu gaubtai pagaminti i\u0161 auk\u0161tos kokyb\u0117s metalo. Visa danga padengta matin\u0117s juodos ir blizgios baltos spalvos da\u017eais milteliniu b\u016bdu. Reguliuojamas gaubto kab\u0117jimo auk\u0161tis.<\/p>\n<p>Papildoma \u0161io \u0161viestuvo puo\u0161mena \u2013 prie magneto pritvirtinti 3 kamuoliukai.<\/p>\n<p>Viena lemput\u0117 (\u012f rinkin\u012f ne\u012feina) standartiniam E27 sriegiui, kurios maksimali galia 60W.<\/p>\n<p>Izm\u0113ri:<\/p>\n<ul>\n<li>Atstumas nuo lub\u0173 reguliuojamas maks. 90 cm<\/li>\n<li>Gaubto skersmuo pla\u010diausioje vietoje: 20 cm<\/li>\n<li>Paties \u0161viestuvo gaubto auk\u0161tis: 8cm<\/li>\n<\/ul>","protected":false},"excerpt":{"rendered":"<p>Lubinis \u0161viestuvas Futbolo kamuolys skirtas b\u016bsim\u0173 futbolinink\u0173 kambariui. \u0160viestuvas pasi\u017eymi \u012fdomiu dizainu ir originalia forma. \u0160viestuvas susideda i\u0161 dviej\u0173 gaubt\u0173.<\/p>","protected":false},"featured_media":25061,"template":"","meta":{"_acf_changed":false,"_glsr_average":0,"_glsr_ranking":0,"_glsr_reviews":0},"product_brand":[],"product_cat":[362,254],"product_tag":[],"class_list":{"0":"post-24996","1":"product","2":"type-product","3":"status-publish","4":"has-post-thumbnail","6":"product_cat-lempos","7":"product_cat-vaiko-kambarys","8":"\"style=\"background-color: #2ecc711c;\"","10":"first","11":"instock","12":"featured","13":"shipping-taxable","14":"purchasable","15":"product-type-variable"},"acf":[],"yoast_head":"<!-- This site is optimized with the Yoast SEO plugin v27.4 - https:\/\/yoast.com\/product\/yoast-seo-wordpress\/ -->\n<title>Lubinis \u0161viestuvas Futbolo kamuolys - KidsPlay<\/title>\n<meta name=\"description\" content=\"Lubinis \u0161viestuvas Futbolo kamuolys skirtas b\u016bsim\u0173 futbolinink\u0173 kambariui. \u0160viestuvas pasi\u017eymi \u012fdomiu dizainu ir originalia forma.\" \/>\n<meta name=\"robots\" content=\"index, follow, max-snippet:-1, max-image-preview:large, max-video-preview:-1\" \/>\n<link rel=\"canonical\" href=\"https:\/\/kidsplay.lt\/lv\/products\/lubinis-sviestuvas-futbolo-kamuolys-4\/\" \/>\n<meta property=\"og:locale\" content=\"lv_LV\" \/>\n<meta property=\"og:type\" content=\"article\" \/>\n<meta property=\"og:title\" content=\"Lubinis \u0161viestuvas Futbolo kamuolys - KidsPlay\" \/>\n<meta property=\"og:description\" content=\"Lubinis \u0161viestuvas Futbolo kamuolys skirtas b\u016bsim\u0173 futbolinink\u0173 kambariui. \u0160viestuvas pasi\u017eymi \u012fdomiu dizainu ir originalia forma.\" \/>\n<meta property=\"og:url\" content=\"https:\/\/kidsplay.lt\/lv\/products\/lubinis-sviestuvas-futbolo-kamuolys-4\/\" \/>\n<meta property=\"og:site_name\" content=\"KidsPlay\" \/>\n<meta property=\"article:publisher\" content=\"https:\/\/www.facebook.com\/www.kidsplay.lt\" \/>\n<meta property=\"article:modified_time\" content=\"2026-04-19T06:59:39+00:00\" \/>\n<meta property=\"og:image\" content=\"https:\/\/kidsplay.lt\/wp-content\/uploads\/2023\/07\/Lubinis-sviestuvas-Futbolo-kamuolys15.jpg\" \/>\n\t<meta property=\"og:image:width\" content=\"1300\" \/>\n\t<meta property=\"og:image:height\" content=\"1834\" \/>\n\t<meta property=\"og:image:type\" content=\"image\/jpeg\" \/>\n<meta name=\"twitter:card\" content=\"summary_large_image\" \/>\n<meta name=\"twitter:label1\" content=\"Est. reading time\" \/>\n\t<meta name=\"twitter:data1\" content=\"1 min\u016bte\" \/>\n<script type=\"application\/ld+json\" class=\"yoast-schema-graph\">{\"@context\":\"https:\\\/\\\/schema.org\",\"@graph\":[{\"@type\":\"WebPage\",\"@id\":\"https:\\\/\\\/kidsplay.lt\\\/produktas\\\/lubinis-sviestuvas-futbolo-kamuolys-4\\\/\",\"url\":\"https:\\\/\\\/kidsplay.lt\\\/produktas\\\/lubinis-sviestuvas-futbolo-kamuolys-4\\\/\",\"name\":\"Lubinis \u0161viestuvas Futbolo kamuolys - KidsPlay\",\"isPartOf\":{\"@id\":\"https:\\\/\\\/kidsplay.lt\\\/#website\"},\"primaryImageOfPage\":{\"@id\":\"https:\\\/\\\/kidsplay.lt\\\/produktas\\\/lubinis-sviestuvas-futbolo-kamuolys-4\\\/#primaryimage\"},\"image\":{\"@id\":\"https:\\\/\\\/kidsplay.lt\\\/produktas\\\/lubinis-sviestuvas-futbolo-kamuolys-4\\\/#primaryimage\"},\"thumbnailUrl\":\"https:\\\/\\\/kidsplay.lt\\\/wp-content\\\/uploads\\\/2023\\\/07\\\/Lubinis-sviestuvas-Futbolo-kamuolys15.jpg\",\"datePublished\":\"2023-07-06T22:23:49+00:00\",\"dateModified\":\"2026-04-19T06:59:39+00:00\",\"description\":\"Lubinis \u0161viestuvas Futbolo kamuolys skirtas b\u016bsim\u0173 futbolinink\u0173 kambariui. \u0160viestuvas pasi\u017eymi \u012fdomiu dizainu ir originalia forma.\",\"breadcrumb\":{\"@id\":\"https:\\\/\\\/kidsplay.lt\\\/produktas\\\/lubinis-sviestuvas-futbolo-kamuolys-4\\\/#breadcrumb\"},\"inLanguage\":\"lv-LV\",\"potentialAction\":[{\"@type\":\"ReadAction\",\"target\":[\"https:\\\/\\\/kidsplay.lt\\\/produktas\\\/lubinis-sviestuvas-futbolo-kamuolys-4\\\/\"]}]},{\"@type\":\"ImageObject\",\"inLanguage\":\"lv-LV\",\"@id\":\"https:\\\/\\\/kidsplay.lt\\\/produktas\\\/lubinis-sviestuvas-futbolo-kamuolys-4\\\/#primaryimage\",\"url\":\"https:\\\/\\\/kidsplay.lt\\\/wp-content\\\/uploads\\\/2023\\\/07\\\/Lubinis-sviestuvas-Futbolo-kamuolys15.jpg\",\"contentUrl\":\"https:\\\/\\\/kidsplay.lt\\\/wp-content\\\/uploads\\\/2023\\\/07\\\/Lubinis-sviestuvas-Futbolo-kamuolys15.jpg\",\"width\":1300,\"height\":1834},{\"@type\":\"BreadcrumbList\",\"@id\":\"https:\\\/\\\/kidsplay.lt\\\/produktas\\\/lubinis-sviestuvas-futbolo-kamuolys-4\\\/#breadcrumb\",\"itemListElement\":[{\"@type\":\"ListItem\",\"position\":1,\"name\":\"Pagrindinis\",\"item\":\"https:\\\/\\\/kidsplay.lt\\\/\"},{\"@type\":\"ListItem\",\"position\":2,\"name\":\"Parduotuv\u0117\",\"item\":\"https:\\\/\\\/kidsplay.lt\\\/parduotuve\\\/\"},{\"@type\":\"ListItem\",\"position\":3,\"name\":\"Lubinis \u0161viestuvas Futbolo kamuolys\"}]},{\"@type\":\"WebSite\",\"@id\":\"https:\\\/\\\/kidsplay.lt\\\/#website\",\"url\":\"https:\\\/\\\/kidsplay.lt\\\/\",\"name\":\"Kidsplay.lt\",\"description\":\"\u012evairios prek\u0117s vaikams\",\"publisher\":{\"@id\":\"https:\\\/\\\/kidsplay.lt\\\/#organization\"},\"alternateName\":\"Kidsplay\",\"potentialAction\":[{\"@type\":\"SearchAction\",\"target\":{\"@type\":\"EntryPoint\",\"urlTemplate\":\"https:\\\/\\\/kidsplay.lt\\\/?s={search_term_string}\"},\"query-input\":{\"@type\":\"PropertyValueSpecification\",\"valueRequired\":true,\"valueName\":\"search_term_string\"}}],\"inLanguage\":\"lv-LV\"},{\"@type\":\"Organization\",\"@id\":\"https:\\\/\\\/kidsplay.lt\\\/#organization\",\"name\":\"KidsPlay\",\"url\":\"https:\\\/\\\/kidsplay.lt\\\/\",\"logo\":{\"@type\":\"ImageObject\",\"inLanguage\":\"lv-LV\",\"@id\":\"https:\\\/\\\/kidsplay.lt\\\/#\\\/schema\\\/logo\\\/image\\\/\",\"url\":\"https:\\\/\\\/kidsplay.lt\\\/wp-content\\\/uploads\\\/2023\\\/07\\\/kidsplay-logo.png\",\"contentUrl\":\"https:\\\/\\\/kidsplay.lt\\\/wp-content\\\/uploads\\\/2023\\\/07\\\/kidsplay-logo.png\",\"width\":451,\"height\":98,\"caption\":\"KidsPlay\"},\"image\":{\"@id\":\"https:\\\/\\\/kidsplay.lt\\\/#\\\/schema\\\/logo\\\/image\\\/\"},\"sameAs\":[\"https:\\\/\\\/www.facebook.com\\\/www.kidsplay.lt\"]}]}<\/script>\n<!-- \/ Yoast SEO plugin. -->","yoast_head_json":{"title":"Lubinis \u0161viestuvas Futbolo kamuolys - KidsPlay","description":"Lubinis \u0161viestuvas Futbolo kamuolys skirtas b\u016bsim\u0173 futbolinink\u0173 kambariui. \u0160viestuvas pasi\u017eymi \u012fdomiu dizainu ir originalia forma.","robots":{"index":"index","follow":"follow","max-snippet":"max-snippet:-1","max-image-preview":"max-image-preview:large","max-video-preview":"max-video-preview:-1"},"canonical":"https:\/\/kidsplay.lt\/lv\/products\/lubinis-sviestuvas-futbolo-kamuolys-4\/","og_locale":"lv_LV","og_type":"article","og_title":"Lubinis \u0161viestuvas Futbolo kamuolys - KidsPlay","og_description":"Lubinis \u0161viestuvas Futbolo kamuolys skirtas b\u016bsim\u0173 futbolinink\u0173 kambariui. \u0160viestuvas pasi\u017eymi \u012fdomiu dizainu ir originalia forma.","og_url":"https:\/\/kidsplay.lt\/lv\/products\/lubinis-sviestuvas-futbolo-kamuolys-4\/","og_site_name":"KidsPlay","article_publisher":"https:\/\/www.facebook.com\/www.kidsplay.lt","article_modified_time":"2026-04-19T06:59:39+00:00","og_image":[{"width":1300,"height":1834,"url":"https:\/\/kidsplay.lt\/wp-content\/uploads\/2023\/07\/Lubinis-sviestuvas-Futbolo-kamuolys15.jpg","type":"image\/jpeg"}],"twitter_card":"summary_large_image","twitter_misc":{"Est. reading time":"1 min\u016bte"},"schema":{"@context":"https:\/\/schema.org","@graph":[{"@type":"WebPage","@id":"https:\/\/kidsplay.lt\/produktas\/lubinis-sviestuvas-futbolo-kamuolys-4\/","url":"https:\/\/kidsplay.lt\/produktas\/lubinis-sviestuvas-futbolo-kamuolys-4\/","name":"Lubinis \u0161viestuvas Futbolo kamuolys - KidsPlay","isPartOf":{"@id":"https:\/\/kidsplay.lt\/#website"},"primaryImageOfPage":{"@id":"https:\/\/kidsplay.lt\/produktas\/lubinis-sviestuvas-futbolo-kamuolys-4\/#primaryimage"},"image":{"@id":"https:\/\/kidsplay.lt\/produktas\/lubinis-sviestuvas-futbolo-kamuolys-4\/#primaryimage"},"thumbnailUrl":"https:\/\/kidsplay.lt\/wp-content\/uploads\/2023\/07\/Lubinis-sviestuvas-Futbolo-kamuolys15.jpg","datePublished":"2023-07-06T22:23:49+00:00","dateModified":"2026-04-19T06:59:39+00:00","description":"Lubinis \u0161viestuvas Futbolo kamuolys skirtas b\u016bsim\u0173 futbolinink\u0173 kambariui. \u0160viestuvas pasi\u017eymi \u012fdomiu dizainu ir originalia forma.","breadcrumb":{"@id":"https:\/\/kidsplay.lt\/produktas\/lubinis-sviestuvas-futbolo-kamuolys-4\/#breadcrumb"},"inLanguage":"lv-LV","potentialAction":[{"@type":"ReadAction","target":["https:\/\/kidsplay.lt\/produktas\/lubinis-sviestuvas-futbolo-kamuolys-4\/"]}]},{"@type":"ImageObject","inLanguage":"lv-LV","@id":"https:\/\/kidsplay.lt\/produktas\/lubinis-sviestuvas-futbolo-kamuolys-4\/#primaryimage","url":"https:\/\/kidsplay.lt\/wp-content\/uploads\/2023\/07\/Lubinis-sviestuvas-Futbolo-kamuolys15.jpg","contentUrl":"https:\/\/kidsplay.lt\/wp-content\/uploads\/2023\/07\/Lubinis-sviestuvas-Futbolo-kamuolys15.jpg","width":1300,"height":1834},{"@type":"BreadcrumbList","@id":"https:\/\/kidsplay.lt\/produktas\/lubinis-sviestuvas-futbolo-kamuolys-4\/#breadcrumb","itemListElement":[{"@type":"ListItem","position":1,"name":"Pagrindinis","item":"https:\/\/kidsplay.lt\/"},{"@type":"ListItem","position":2,"name":"Parduotuv\u0117","item":"https:\/\/kidsplay.lt\/parduotuve\/"},{"@type":"ListItem","position":3,"name":"Lubinis \u0161viestuvas Futbolo kamuolys"}]},{"@type":"WebSite","@id":"https:\/\/kidsplay.lt\/#website","url":"https:\/\/kidsplay.lt\/","name":"B\u0113rnu sp\u0113les.lv","description":"\u012evairios prek\u0117s vaikams","publisher":{"@id":"https:\/\/kidsplay.lt\/#organization"},"alternateName":"Kidsplay","potentialAction":[{"@type":"SearchAction","target":{"@type":"EntryPoint","urlTemplate":"https:\/\/kidsplay.lt\/?s={search_term_string}"},"query-input":{"@type":"PropertyValueSpecification","valueRequired":true,"valueName":"search_term_string"}}],"inLanguage":"lv-LV"},{"@type":"Organization","@id":"https:\/\/kidsplay.lt\/#organization","name":"B\u0113rnu sp\u0113le","url":"https:\/\/kidsplay.lt\/","logo":{"@type":"ImageObject","inLanguage":"lv-LV","@id":"https:\/\/kidsplay.lt\/#\/schema\/logo\/image\/","url":"https:\/\/kidsplay.lt\/wp-content\/uploads\/2023\/07\/kidsplay-logo.png","contentUrl":"https:\/\/kidsplay.lt\/wp-content\/uploads\/2023\/07\/kidsplay-logo.png","width":451,"height":98,"caption":"KidsPlay"},"image":{"@id":"https:\/\/kidsplay.lt\/#\/schema\/logo\/image\/"},"sameAs":["https:\/\/www.facebook.com\/www.kidsplay.lt"]}]}},"_links":{"self":[{"href":"https:\/\/kidsplay.lt\/lv\/wp-json\/wp\/v2\/product\/24996","targetHints":{"allow":["GET"]}}],"collection":[{"href":"https:\/\/kidsplay.lt\/lv\/wp-json\/wp\/v2\/product"}],"about":[{"href":"https:\/\/kidsplay.lt\/lv\/wp-json\/wp\/v2\/types\/product"}],"version-history":[{"count":1,"href":"https:\/\/kidsplay.lt\/lv\/wp-json\/wp\/v2\/product\/24996\/revisions"}],"predecessor-version":[{"id":65095,"href":"https:\/\/kidsplay.lt\/lv\/wp-json\/wp\/v2\/product\/24996\/revisions\/65095"}],"wp:featuredmedia":[{"embeddable":true,"href":"https:\/\/kidsplay.lt\/lv\/wp-json\/wp\/v2\/media\/25061"}],"wp:attachment":[{"href":"https:\/\/kidsplay.lt\/lv\/wp-json\/wp\/v2\/media?parent=24996"}],"wp:term":[{"taxonomy":"product_brand","embeddable":true,"href":"https:\/\/kidsplay.lt\/lv\/wp-json\/wp\/v2\/product_brand?post=24996"},{"taxonomy":"product_cat","embeddable":true,"href":"https:\/\/kidsplay.lt\/lv\/wp-json\/wp\/v2\/product_cat?post=24996"},{"taxonomy":"product_tag","embeddable":true,"href":"https:\/\/kidsplay.lt\/lv\/wp-json\/wp\/v2\/product_tag?post=24996"}],"curies":[{"name":"wp","href":"https:\/\/api.w.org\/{rel}","templated":true}]}}