{"id":24999,"date":"2023-07-06T22:23:50","date_gmt":"2023-07-06T22:23:50","guid":{"rendered":"https:\/\/kidsplay.lt\/?post_type=product&#038;p=24999"},"modified":"2025-10-04T14:11:57","modified_gmt":"2025-10-04T11:11:57","slug":"lubinis-sviestuvas-kamuolys-4","status":"publish","type":"product","link":"https:\/\/kidsplay.lt\/lv\/products\/lubinis-sviestuvas-kamuolys-4\/","title":{"rendered":"Lubinis \u0161viestuvas Kamuolys"},"content":{"rendered":"<p>Lubinis \u0161viestuvas Kamuolys b\u016bsim\u0173 futbolinink\u0173 kambari\u0173 ap\u0161vietimui. \u0160viestuvas pasi\u017eymi \u012fdomiu dizainu ir originalia forma. Lempos turi judan\u010dias jungtis, kurios leid\u017eia nukreipti \u0161vies\u0105 bet kuria kryptimi.<\/p>\n<p>Eleganti\u0161k\u0173 ovali\u0173 form\u0173 lemp\u0173 gaubtai pagaminti i\u0161 auk\u0161tos kokyb\u0117s metalo. Gaubtas padengtas milteliniu b\u016bdu baltais ir juodais da\u017eais.<\/p>\n<p>Papildoma lempos puo\u0161mena yra magnetu pritvirtinti 2 kamuoliai. Dvi lemput\u0117s (\u012f rinkin\u012f ne\u012feina) standartiniam E27 sriegiui, kuri\u0173 kiekviena maksimali galia 60W.<\/p>\n<p>Izm\u0113ri:<\/p>\n<ul>\n<li>Lempos auk\u0161tis: reguliuojamas maks. 16 cm<\/li>\n<li>Juostos plotis prie lub\u0173: 40cm<\/li>\n<li>Gaubto skersmuo pla\u010diausioje vietoje: 12 cm<\/li>\n<li>Paties \u0161viestuvo gaubto auk\u0161tis: 8cm<\/li>\n<\/ul>","protected":false},"excerpt":{"rendered":"<p>Lubinis \u0161viestuvas Kamuolys b\u016bsim\u0173 futbolinink\u0173 kambari\u0173 ap\u0161vietimui. \u0160viestuvas pasi\u017eymi \u012fdomiu dizainu ir originalia forma. Lempos turi judan\u010dias jungtis.<\/p>","protected":false},"featured_media":25074,"template":"","meta":{"_acf_changed":false,"_glsr_average":0,"_glsr_ranking":0,"_glsr_reviews":0},"product_brand":[],"product_cat":[362,254],"product_tag":[],"class_list":{"0":"post-24999","1":"product","2":"type-product","3":"status-publish","4":"has-post-thumbnail","6":"product_cat-lempos","7":"product_cat-vaiko-kambarys","8":"\"style=\"background-color: #2ecc711c;\"","10":"first","11":"instock","12":"shipping-taxable","13":"purchasable","14":"product-type-simple"},"acf":[],"yoast_head":"<!-- This site is optimized with the Yoast SEO plugin v27.3 - https:\/\/yoast.com\/product\/yoast-seo-wordpress\/ -->\n<title>Lubinis \u0161viestuvas Kamuolys - KidsPlay<\/title>\n<meta name=\"description\" content=\"Lubinis \u0161viestuvas Kamuolys b\u016bsim\u0173 futbolinink\u0173 kambari\u0173 ap\u0161vietimui. \u0160viestuvas pasi\u017eymi \u012fdomiu dizainu ir originalia forma. Lempos turi judan\u010dias jungtis.\" \/>\n<meta name=\"robots\" content=\"index, follow, max-snippet:-1, max-image-preview:large, max-video-preview:-1\" \/>\n<link rel=\"canonical\" href=\"https:\/\/kidsplay.lt\/lv\/products\/lubinis-sviestuvas-kamuolys-4\/\" \/>\n<meta property=\"og:locale\" content=\"lv_LV\" \/>\n<meta property=\"og:type\" content=\"article\" \/>\n<meta property=\"og:title\" content=\"Lubinis \u0161viestuvas Kamuolys - KidsPlay\" \/>\n<meta property=\"og:description\" content=\"Lubinis \u0161viestuvas Kamuolys b\u016bsim\u0173 futbolinink\u0173 kambari\u0173 ap\u0161vietimui. \u0160viestuvas pasi\u017eymi \u012fdomiu dizainu ir originalia forma. Lempos turi judan\u010dias jungtis.\" \/>\n<meta property=\"og:url\" content=\"https:\/\/kidsplay.lt\/lv\/products\/lubinis-sviestuvas-kamuolys-4\/\" \/>\n<meta property=\"og:site_name\" content=\"KidsPlay\" \/>\n<meta property=\"article:publisher\" content=\"https:\/\/www.facebook.com\/www.kidsplay.lt\" \/>\n<meta property=\"article:modified_time\" content=\"2025-10-04T11:11:57+00:00\" \/>\n<meta property=\"og:image\" content=\"https:\/\/kidsplay.lt\/wp-content\/uploads\/2023\/07\/Lubinis-sviestuvas-Kamuolys5.jpg\" \/>\n\t<meta property=\"og:image:width\" content=\"720\" \/>\n\t<meta property=\"og:image:height\" content=\"448\" \/>\n\t<meta property=\"og:image:type\" content=\"image\/jpeg\" \/>\n<meta name=\"twitter:card\" content=\"summary_large_image\" \/>\n<script type=\"application\/ld+json\" class=\"yoast-schema-graph\">{\"@context\":\"https:\\\/\\\/schema.org\",\"@graph\":[{\"@type\":\"WebPage\",\"@id\":\"https:\\\/\\\/kidsplay.lt\\\/produktas\\\/lubinis-sviestuvas-kamuolys-4\\\/\",\"url\":\"https:\\\/\\\/kidsplay.lt\\\/produktas\\\/lubinis-sviestuvas-kamuolys-4\\\/\",\"name\":\"Lubinis \u0161viestuvas Kamuolys - KidsPlay\",\"isPartOf\":{\"@id\":\"https:\\\/\\\/kidsplay.lt\\\/#website\"},\"primaryImageOfPage\":{\"@id\":\"https:\\\/\\\/kidsplay.lt\\\/produktas\\\/lubinis-sviestuvas-kamuolys-4\\\/#primaryimage\"},\"image\":{\"@id\":\"https:\\\/\\\/kidsplay.lt\\\/produktas\\\/lubinis-sviestuvas-kamuolys-4\\\/#primaryimage\"},\"thumbnailUrl\":\"https:\\\/\\\/kidsplay.lt\\\/wp-content\\\/uploads\\\/2023\\\/07\\\/Lubinis-sviestuvas-Kamuolys5.jpg\",\"datePublished\":\"2023-07-06T22:23:50+00:00\",\"dateModified\":\"2025-10-04T11:11:57+00:00\",\"description\":\"Lubinis \u0161viestuvas Kamuolys b\u016bsim\u0173 futbolinink\u0173 kambari\u0173 ap\u0161vietimui. \u0160viestuvas pasi\u017eymi \u012fdomiu dizainu ir originalia forma. Lempos turi judan\u010dias jungtis.\",\"breadcrumb\":{\"@id\":\"https:\\\/\\\/kidsplay.lt\\\/produktas\\\/lubinis-sviestuvas-kamuolys-4\\\/#breadcrumb\"},\"inLanguage\":\"lv-LV\",\"potentialAction\":[{\"@type\":\"ReadAction\",\"target\":[\"https:\\\/\\\/kidsplay.lt\\\/produktas\\\/lubinis-sviestuvas-kamuolys-4\\\/\"]}]},{\"@type\":\"ImageObject\",\"inLanguage\":\"lv-LV\",\"@id\":\"https:\\\/\\\/kidsplay.lt\\\/produktas\\\/lubinis-sviestuvas-kamuolys-4\\\/#primaryimage\",\"url\":\"https:\\\/\\\/kidsplay.lt\\\/wp-content\\\/uploads\\\/2023\\\/07\\\/Lubinis-sviestuvas-Kamuolys5.jpg\",\"contentUrl\":\"https:\\\/\\\/kidsplay.lt\\\/wp-content\\\/uploads\\\/2023\\\/07\\\/Lubinis-sviestuvas-Kamuolys5.jpg\",\"width\":720,\"height\":448},{\"@type\":\"BreadcrumbList\",\"@id\":\"https:\\\/\\\/kidsplay.lt\\\/produktas\\\/lubinis-sviestuvas-kamuolys-4\\\/#breadcrumb\",\"itemListElement\":[{\"@type\":\"ListItem\",\"position\":1,\"name\":\"Pagrindinis\",\"item\":\"https:\\\/\\\/kidsplay.lt\\\/\"},{\"@type\":\"ListItem\",\"position\":2,\"name\":\"Parduotuv\u0117\",\"item\":\"https:\\\/\\\/kidsplay.lt\\\/parduotuve\\\/\"},{\"@type\":\"ListItem\",\"position\":3,\"name\":\"Lubinis \u0161viestuvas Kamuolys\"}]},{\"@type\":\"WebSite\",\"@id\":\"https:\\\/\\\/kidsplay.lt\\\/#website\",\"url\":\"https:\\\/\\\/kidsplay.lt\\\/\",\"name\":\"Kidsplay.lt\",\"description\":\"\u012evairios prek\u0117s vaikams\",\"publisher\":{\"@id\":\"https:\\\/\\\/kidsplay.lt\\\/#organization\"},\"alternateName\":\"Kidsplay\",\"potentialAction\":[{\"@type\":\"SearchAction\",\"target\":{\"@type\":\"EntryPoint\",\"urlTemplate\":\"https:\\\/\\\/kidsplay.lt\\\/?s={search_term_string}\"},\"query-input\":{\"@type\":\"PropertyValueSpecification\",\"valueRequired\":true,\"valueName\":\"search_term_string\"}}],\"inLanguage\":\"lv-LV\"},{\"@type\":\"Organization\",\"@id\":\"https:\\\/\\\/kidsplay.lt\\\/#organization\",\"name\":\"KidsPlay\",\"url\":\"https:\\\/\\\/kidsplay.lt\\\/\",\"logo\":{\"@type\":\"ImageObject\",\"inLanguage\":\"lv-LV\",\"@id\":\"https:\\\/\\\/kidsplay.lt\\\/#\\\/schema\\\/logo\\\/image\\\/\",\"url\":\"https:\\\/\\\/kidsplay.lt\\\/wp-content\\\/uploads\\\/2023\\\/07\\\/kidsplay-logo.png\",\"contentUrl\":\"https:\\\/\\\/kidsplay.lt\\\/wp-content\\\/uploads\\\/2023\\\/07\\\/kidsplay-logo.png\",\"width\":451,\"height\":98,\"caption\":\"KidsPlay\"},\"image\":{\"@id\":\"https:\\\/\\\/kidsplay.lt\\\/#\\\/schema\\\/logo\\\/image\\\/\"},\"sameAs\":[\"https:\\\/\\\/www.facebook.com\\\/www.kidsplay.lt\"]}]}<\/script>\n<!-- \/ Yoast SEO plugin. -->","yoast_head_json":{"title":"Lubinis \u0161viestuvas Kamuolys - KidsPlay","description":"Lubinis \u0161viestuvas Kamuolys b\u016bsim\u0173 futbolinink\u0173 kambari\u0173 ap\u0161vietimui. \u0160viestuvas pasi\u017eymi \u012fdomiu dizainu ir originalia forma. Lempos turi judan\u010dias jungtis.","robots":{"index":"index","follow":"follow","max-snippet":"max-snippet:-1","max-image-preview":"max-image-preview:large","max-video-preview":"max-video-preview:-1"},"canonical":"https:\/\/kidsplay.lt\/lv\/products\/lubinis-sviestuvas-kamuolys-4\/","og_locale":"lv_LV","og_type":"article","og_title":"Lubinis \u0161viestuvas Kamuolys - KidsPlay","og_description":"Lubinis \u0161viestuvas Kamuolys b\u016bsim\u0173 futbolinink\u0173 kambari\u0173 ap\u0161vietimui. \u0160viestuvas pasi\u017eymi \u012fdomiu dizainu ir originalia forma. Lempos turi judan\u010dias jungtis.","og_url":"https:\/\/kidsplay.lt\/lv\/products\/lubinis-sviestuvas-kamuolys-4\/","og_site_name":"KidsPlay","article_publisher":"https:\/\/www.facebook.com\/www.kidsplay.lt","article_modified_time":"2025-10-04T11:11:57+00:00","og_image":[{"width":720,"height":448,"url":"https:\/\/kidsplay.lt\/wp-content\/uploads\/2023\/07\/Lubinis-sviestuvas-Kamuolys5.jpg","type":"image\/jpeg"}],"twitter_card":"summary_large_image","schema":{"@context":"https:\/\/schema.org","@graph":[{"@type":"WebPage","@id":"https:\/\/kidsplay.lt\/produktas\/lubinis-sviestuvas-kamuolys-4\/","url":"https:\/\/kidsplay.lt\/produktas\/lubinis-sviestuvas-kamuolys-4\/","name":"Lubinis \u0161viestuvas Kamuolys - KidsPlay","isPartOf":{"@id":"https:\/\/kidsplay.lt\/#website"},"primaryImageOfPage":{"@id":"https:\/\/kidsplay.lt\/produktas\/lubinis-sviestuvas-kamuolys-4\/#primaryimage"},"image":{"@id":"https:\/\/kidsplay.lt\/produktas\/lubinis-sviestuvas-kamuolys-4\/#primaryimage"},"thumbnailUrl":"https:\/\/kidsplay.lt\/wp-content\/uploads\/2023\/07\/Lubinis-sviestuvas-Kamuolys5.jpg","datePublished":"2023-07-06T22:23:50+00:00","dateModified":"2025-10-04T11:11:57+00:00","description":"Lubinis \u0161viestuvas Kamuolys b\u016bsim\u0173 futbolinink\u0173 kambari\u0173 ap\u0161vietimui. \u0160viestuvas pasi\u017eymi \u012fdomiu dizainu ir originalia forma. Lempos turi judan\u010dias jungtis.","breadcrumb":{"@id":"https:\/\/kidsplay.lt\/produktas\/lubinis-sviestuvas-kamuolys-4\/#breadcrumb"},"inLanguage":"lv-LV","potentialAction":[{"@type":"ReadAction","target":["https:\/\/kidsplay.lt\/produktas\/lubinis-sviestuvas-kamuolys-4\/"]}]},{"@type":"ImageObject","inLanguage":"lv-LV","@id":"https:\/\/kidsplay.lt\/produktas\/lubinis-sviestuvas-kamuolys-4\/#primaryimage","url":"https:\/\/kidsplay.lt\/wp-content\/uploads\/2023\/07\/Lubinis-sviestuvas-Kamuolys5.jpg","contentUrl":"https:\/\/kidsplay.lt\/wp-content\/uploads\/2023\/07\/Lubinis-sviestuvas-Kamuolys5.jpg","width":720,"height":448},{"@type":"BreadcrumbList","@id":"https:\/\/kidsplay.lt\/produktas\/lubinis-sviestuvas-kamuolys-4\/#breadcrumb","itemListElement":[{"@type":"ListItem","position":1,"name":"Pagrindinis","item":"https:\/\/kidsplay.lt\/"},{"@type":"ListItem","position":2,"name":"Parduotuv\u0117","item":"https:\/\/kidsplay.lt\/parduotuve\/"},{"@type":"ListItem","position":3,"name":"Lubinis \u0161viestuvas Kamuolys"}]},{"@type":"WebSite","@id":"https:\/\/kidsplay.lt\/#website","url":"https:\/\/kidsplay.lt\/","name":"B\u0113rnu sp\u0113les.lv","description":"\u012evairios prek\u0117s vaikams","publisher":{"@id":"https:\/\/kidsplay.lt\/#organization"},"alternateName":"Kidsplay","potentialAction":[{"@type":"SearchAction","target":{"@type":"EntryPoint","urlTemplate":"https:\/\/kidsplay.lt\/?s={search_term_string}"},"query-input":{"@type":"PropertyValueSpecification","valueRequired":true,"valueName":"search_term_string"}}],"inLanguage":"lv-LV"},{"@type":"Organization","@id":"https:\/\/kidsplay.lt\/#organization","name":"B\u0113rnu sp\u0113le","url":"https:\/\/kidsplay.lt\/","logo":{"@type":"ImageObject","inLanguage":"lv-LV","@id":"https:\/\/kidsplay.lt\/#\/schema\/logo\/image\/","url":"https:\/\/kidsplay.lt\/wp-content\/uploads\/2023\/07\/kidsplay-logo.png","contentUrl":"https:\/\/kidsplay.lt\/wp-content\/uploads\/2023\/07\/kidsplay-logo.png","width":451,"height":98,"caption":"KidsPlay"},"image":{"@id":"https:\/\/kidsplay.lt\/#\/schema\/logo\/image\/"},"sameAs":["https:\/\/www.facebook.com\/www.kidsplay.lt"]}]}},"_links":{"self":[{"href":"https:\/\/kidsplay.lt\/lv\/wp-json\/wp\/v2\/product\/24999","targetHints":{"allow":["GET"]}}],"collection":[{"href":"https:\/\/kidsplay.lt\/lv\/wp-json\/wp\/v2\/product"}],"about":[{"href":"https:\/\/kidsplay.lt\/lv\/wp-json\/wp\/v2\/types\/product"}],"version-history":[{"count":1,"href":"https:\/\/kidsplay.lt\/lv\/wp-json\/wp\/v2\/product\/24999\/revisions"}],"predecessor-version":[{"id":65097,"href":"https:\/\/kidsplay.lt\/lv\/wp-json\/wp\/v2\/product\/24999\/revisions\/65097"}],"wp:featuredmedia":[{"embeddable":true,"href":"https:\/\/kidsplay.lt\/lv\/wp-json\/wp\/v2\/media\/25074"}],"wp:attachment":[{"href":"https:\/\/kidsplay.lt\/lv\/wp-json\/wp\/v2\/media?parent=24999"}],"wp:term":[{"taxonomy":"product_brand","embeddable":true,"href":"https:\/\/kidsplay.lt\/lv\/wp-json\/wp\/v2\/product_brand?post=24999"},{"taxonomy":"product_cat","embeddable":true,"href":"https:\/\/kidsplay.lt\/lv\/wp-json\/wp\/v2\/product_cat?post=24999"},{"taxonomy":"product_tag","embeddable":true,"href":"https:\/\/kidsplay.lt\/lv\/wp-json\/wp\/v2\/product_tag?post=24999"}],"curies":[{"name":"wp","href":"https:\/\/api.w.org\/{rel}","templated":true}]}}