{"id":25002,"date":"2023-07-06T22:23:50","date_gmt":"2023-07-06T22:23:50","guid":{"rendered":"https:\/\/kidsplay.lt\/?post_type=product&#038;p=25002"},"modified":"2025-12-24T08:53:11","modified_gmt":"2025-12-24T06:53:11","slug":"sulankstomas-triratukas-rito-3","status":"publish","type":"product","link":"https:\/\/kidsplay.lt\/lv\/products\/sulankstomas-triratukas-rito-3\/","title":{"rendered":"Saliekamais tr\u012bsritenis Rito"},"content":{"rendered":"<p>Sulankstomas triratukas Rito skirtas vaikams nuo 1 iki 3 met\u0173 (maksimali apkrova 30kg). Triratuk\u0105 nesunkiai pritaikysite pagal vaiko am\u017ei\u0173 \u2013 laikui b\u0117gant nuimant atskirus dviratuko elementus (stogas, st\u016bmiklis, saugos juosta, auk\u0161tas s\u0117dyn\u0117s atlo\u0161as, koj\u0173 atrama), kad niekas netrukdyt\u0173 laisvai va\u017eiuoti! Triratuk\u0105 sulankstysite\/i\u0161skleiskite grei\u010diau nei per minut\u0119. Sulenktas jis u\u017eima tiek pat vietos kaip ir vidutinio dyd\u017eio ve\u017eim\u0117lis. Naujovi\u0161ka sulankstymo sistema leid\u017eia lengvai sulankstyti arba i\u0161skleisti.<\/p>\n<p>Sulankstomas skydelis suteikia apsaug\u0105 nuo saul\u0117s ir v\u0117jo. Jei jo nereikia, galite lengvai j\u012f nuimti nuo dvira\u010dio \u2013 nenaudodami papildom\u0173 \u012franki\u0173. Sulankstoma p\u0117d\u0173 atrama yra patogus pasirinkimas vaikui, kuris dar negali pasiekti pedal\u0173 arba nori pails\u0117ti nuo pedal\u0173 minimo. Galini\u0173 rat\u0173 u\u017eraktas leid\u017eia saugiai pastatyti dvirat\u012f.<\/p>\n<p>Reguliuojama rankena &#8211; st\u016bmikas J\u016bs\u0173 vaiko saugumui, kur\u012f suaug\u0119s gali valdyti tol, kol vaikas i\u0161moks va\u017eiuoti pats. St\u016bmiklis reguliuojamas. \u012ejungus \u201elaisvo rato\u201c funkcij\u0105, va\u017eiuojant pedalai nesisuka. Vaikas va\u017eiuodamas gali laikyti kojas ant pedal\u0173, ta\u010diau pedalai su ratuku nesisuka.<\/p>\n<p>Laisvas vairas &#8211; labai naudinga funkcija. \u012ejungus &#8222;laisv\u0105 vairavim\u0105&#8221;, tik t\u0117vai, st\u016bmiklio pagalba, sprend\u017eia va\u017eiavimo krypt\u012f. Vairas laisvai sukasi \u012f de\u0161in\u0119 ir \u012f kair\u0119, ta\u010diau tai neturi \u012ftakos va\u017eiavimo kryp\u010diai.<\/p>\n<p>Dvira\u010dio sulankstymas &#8211; tereikia paspausti du mygtukus, kurie atleid\u017eia r\u0117mo u\u017erakt\u0105 ir po keli\u0173 sekund\u017ei\u0173 dviratis bus paruo\u0161tas transportuoti \u2013 tilps net \u012f automobil\u012f su ma\u017ea baga\u017eine.<\/p>\n<p>Triratukas apr\u016bpintas penki\u0173 ta\u0161k\u0173 dir\u017eais ir saugos juosta. Auk\u0161tas s\u0117dyn\u0117s atlo\u0161as suteikia patogi\u0105 atram\u0105 vaiko galvai ir nugarai. Dviratis atitinka EN71 standarto reikalavimus \u0161io tipo gaminiams. Pumpuojami ratai i\u0161siskiria dideliu lankstumu ir suteikia amortizacij\u0105.<\/p>","protected":false},"excerpt":{"rendered":"<p>Sulankstomas triratukas Rito skirtas vaikams nuo 1 iki 3 met\u0173 (maksimali apkrova 30kg). Triratuk\u0105 nesunkiai pritaikysite pagal vaiko am\u017ei\u0173 \u2013 laikui b\u0117gant nuimant atskirus dviratuko elementus (stogas, st\u016bmiklis, saugos juosta, auk\u0161tas s\u0117dyn\u0117s atlo\u0161as, koj\u0173 atrama), kad niekas netrukdyt\u0173 laisvai va\u017eiuoti!<\/p>","protected":false},"featured_media":25096,"template":"","meta":{"_acf_changed":false,"_glsr_average":0,"_glsr_ranking":0,"_glsr_reviews":0},"product_brand":[],"product_cat":[237,239],"product_tag":[210],"class_list":{"0":"post-25002","1":"product","2":"type-product","3":"status-publish","4":"has-post-thumbnail","6":"product_cat-judejimo-priemones","7":"product_cat-triratukai","8":"product_tag-triratukas","9":"\"style=\"background-color: #2ecc711c;\"","11":"first","12":"instock","13":"shipping-taxable","14":"purchasable","15":"product-type-simple"},"acf":[],"yoast_head":"<!-- This site is optimized with the Yoast SEO plugin v27.3 - https:\/\/yoast.com\/product\/yoast-seo-wordpress\/ -->\n<title>Sulankstomas triratukas Rito - KidsPlay<\/title>\n<meta name=\"description\" content=\"Sulankstomas triratukas Rito skirtas vaikams nuo 1 iki 3 met\u0173 (maksimali apkrova 30kg). Triratuk\u0105 nesunkiai pritaikysite pagal vaiko am\u017ei\u0173.\" \/>\n<meta name=\"robots\" content=\"index, follow, max-snippet:-1, max-image-preview:large, max-video-preview:-1\" \/>\n<link rel=\"canonical\" href=\"https:\/\/kidsplay.lt\/lv\/products\/sulankstomas-triratukas-rito-3\/\" \/>\n<meta property=\"og:locale\" content=\"lv_LV\" \/>\n<meta property=\"og:type\" content=\"article\" \/>\n<meta property=\"og:title\" content=\"Sulankstomas triratukas Rito - KidsPlay\" \/>\n<meta property=\"og:description\" content=\"Sulankstomas triratukas Rito skirtas vaikams nuo 1 iki 3 met\u0173 (maksimali apkrova 30kg). Triratuk\u0105 nesunkiai pritaikysite pagal vaiko am\u017ei\u0173.\" \/>\n<meta property=\"og:url\" content=\"https:\/\/kidsplay.lt\/lv\/products\/sulankstomas-triratukas-rito-3\/\" \/>\n<meta property=\"og:site_name\" content=\"KidsPlay\" \/>\n<meta property=\"article:publisher\" content=\"https:\/\/www.facebook.com\/www.kidsplay.lt\" \/>\n<meta property=\"article:modified_time\" content=\"2025-12-24T06:53:11+00:00\" \/>\n<meta property=\"og:image\" content=\"https:\/\/kidsplay.lt\/wp-content\/uploads\/2023\/07\/Sulankstomas-triratukas-Rito18.jpg\" \/>\n\t<meta property=\"og:image:width\" content=\"720\" \/>\n\t<meta property=\"og:image:height\" content=\"720\" \/>\n\t<meta property=\"og:image:type\" content=\"image\/jpeg\" \/>\n<meta name=\"twitter:card\" content=\"summary_large_image\" \/>\n<meta name=\"twitter:label1\" content=\"Est. reading time\" \/>\n\t<meta name=\"twitter:data1\" content=\"2 min\u016btes\" \/>\n<script type=\"application\/ld+json\" class=\"yoast-schema-graph\">{\"@context\":\"https:\\\/\\\/schema.org\",\"@graph\":[{\"@type\":\"WebPage\",\"@id\":\"https:\\\/\\\/kidsplay.lt\\\/produktas\\\/sulankstomas-triratukas-rito-3\\\/\",\"url\":\"https:\\\/\\\/kidsplay.lt\\\/produktas\\\/sulankstomas-triratukas-rito-3\\\/\",\"name\":\"Sulankstomas triratukas Rito - KidsPlay\",\"isPartOf\":{\"@id\":\"https:\\\/\\\/kidsplay.lt\\\/#website\"},\"primaryImageOfPage\":{\"@id\":\"https:\\\/\\\/kidsplay.lt\\\/produktas\\\/sulankstomas-triratukas-rito-3\\\/#primaryimage\"},\"image\":{\"@id\":\"https:\\\/\\\/kidsplay.lt\\\/produktas\\\/sulankstomas-triratukas-rito-3\\\/#primaryimage\"},\"thumbnailUrl\":\"https:\\\/\\\/kidsplay.lt\\\/wp-content\\\/uploads\\\/2023\\\/07\\\/Sulankstomas-triratukas-Rito18.jpg\",\"datePublished\":\"2023-07-06T22:23:50+00:00\",\"dateModified\":\"2025-12-24T06:53:11+00:00\",\"description\":\"Sulankstomas triratukas Rito skirtas vaikams nuo 1 iki 3 met\u0173 (maksimali apkrova 30kg). Triratuk\u0105 nesunkiai pritaikysite pagal vaiko am\u017ei\u0173.\",\"breadcrumb\":{\"@id\":\"https:\\\/\\\/kidsplay.lt\\\/produktas\\\/sulankstomas-triratukas-rito-3\\\/#breadcrumb\"},\"inLanguage\":\"lv-LV\",\"potentialAction\":[{\"@type\":\"ReadAction\",\"target\":[\"https:\\\/\\\/kidsplay.lt\\\/produktas\\\/sulankstomas-triratukas-rito-3\\\/\"]}]},{\"@type\":\"ImageObject\",\"inLanguage\":\"lv-LV\",\"@id\":\"https:\\\/\\\/kidsplay.lt\\\/produktas\\\/sulankstomas-triratukas-rito-3\\\/#primaryimage\",\"url\":\"https:\\\/\\\/kidsplay.lt\\\/wp-content\\\/uploads\\\/2023\\\/07\\\/Sulankstomas-triratukas-Rito18.jpg\",\"contentUrl\":\"https:\\\/\\\/kidsplay.lt\\\/wp-content\\\/uploads\\\/2023\\\/07\\\/Sulankstomas-triratukas-Rito18.jpg\",\"width\":720,\"height\":720},{\"@type\":\"BreadcrumbList\",\"@id\":\"https:\\\/\\\/kidsplay.lt\\\/produktas\\\/sulankstomas-triratukas-rito-3\\\/#breadcrumb\",\"itemListElement\":[{\"@type\":\"ListItem\",\"position\":1,\"name\":\"Pagrindinis\",\"item\":\"https:\\\/\\\/kidsplay.lt\\\/\"},{\"@type\":\"ListItem\",\"position\":2,\"name\":\"Parduotuv\u0117\",\"item\":\"https:\\\/\\\/kidsplay.lt\\\/parduotuve\\\/\"},{\"@type\":\"ListItem\",\"position\":3,\"name\":\"Sulankstomas triratukas Rito\"}]},{\"@type\":\"WebSite\",\"@id\":\"https:\\\/\\\/kidsplay.lt\\\/#website\",\"url\":\"https:\\\/\\\/kidsplay.lt\\\/\",\"name\":\"Kidsplay.lt\",\"description\":\"\u012evairios prek\u0117s vaikams\",\"publisher\":{\"@id\":\"https:\\\/\\\/kidsplay.lt\\\/#organization\"},\"alternateName\":\"Kidsplay\",\"potentialAction\":[{\"@type\":\"SearchAction\",\"target\":{\"@type\":\"EntryPoint\",\"urlTemplate\":\"https:\\\/\\\/kidsplay.lt\\\/?s={search_term_string}\"},\"query-input\":{\"@type\":\"PropertyValueSpecification\",\"valueRequired\":true,\"valueName\":\"search_term_string\"}}],\"inLanguage\":\"lv-LV\"},{\"@type\":\"Organization\",\"@id\":\"https:\\\/\\\/kidsplay.lt\\\/#organization\",\"name\":\"KidsPlay\",\"url\":\"https:\\\/\\\/kidsplay.lt\\\/\",\"logo\":{\"@type\":\"ImageObject\",\"inLanguage\":\"lv-LV\",\"@id\":\"https:\\\/\\\/kidsplay.lt\\\/#\\\/schema\\\/logo\\\/image\\\/\",\"url\":\"https:\\\/\\\/kidsplay.lt\\\/wp-content\\\/uploads\\\/2023\\\/07\\\/kidsplay-logo.png\",\"contentUrl\":\"https:\\\/\\\/kidsplay.lt\\\/wp-content\\\/uploads\\\/2023\\\/07\\\/kidsplay-logo.png\",\"width\":451,\"height\":98,\"caption\":\"KidsPlay\"},\"image\":{\"@id\":\"https:\\\/\\\/kidsplay.lt\\\/#\\\/schema\\\/logo\\\/image\\\/\"},\"sameAs\":[\"https:\\\/\\\/www.facebook.com\\\/www.kidsplay.lt\"]}]}<\/script>\n<!-- \/ Yoast SEO plugin. -->","yoast_head_json":{"title":"Sulankstomas triratukas Rito - KidsPlay","description":"Sulankstomas triratukas Rito skirtas vaikams nuo 1 iki 3 met\u0173 (maksimali apkrova 30kg). Triratuk\u0105 nesunkiai pritaikysite pagal vaiko am\u017ei\u0173.","robots":{"index":"index","follow":"follow","max-snippet":"max-snippet:-1","max-image-preview":"max-image-preview:large","max-video-preview":"max-video-preview:-1"},"canonical":"https:\/\/kidsplay.lt\/lv\/products\/sulankstomas-triratukas-rito-3\/","og_locale":"lv_LV","og_type":"article","og_title":"Sulankstomas triratukas Rito - KidsPlay","og_description":"Sulankstomas triratukas Rito skirtas vaikams nuo 1 iki 3 met\u0173 (maksimali apkrova 30kg). Triratuk\u0105 nesunkiai pritaikysite pagal vaiko am\u017ei\u0173.","og_url":"https:\/\/kidsplay.lt\/lv\/products\/sulankstomas-triratukas-rito-3\/","og_site_name":"KidsPlay","article_publisher":"https:\/\/www.facebook.com\/www.kidsplay.lt","article_modified_time":"2025-12-24T06:53:11+00:00","og_image":[{"width":720,"height":720,"url":"https:\/\/kidsplay.lt\/wp-content\/uploads\/2023\/07\/Sulankstomas-triratukas-Rito18.jpg","type":"image\/jpeg"}],"twitter_card":"summary_large_image","twitter_misc":{"Est. reading time":"2 min\u016btes"},"schema":{"@context":"https:\/\/schema.org","@graph":[{"@type":"WebPage","@id":"https:\/\/kidsplay.lt\/produktas\/sulankstomas-triratukas-rito-3\/","url":"https:\/\/kidsplay.lt\/produktas\/sulankstomas-triratukas-rito-3\/","name":"Sulankstomas triratukas Rito - KidsPlay","isPartOf":{"@id":"https:\/\/kidsplay.lt\/#website"},"primaryImageOfPage":{"@id":"https:\/\/kidsplay.lt\/produktas\/sulankstomas-triratukas-rito-3\/#primaryimage"},"image":{"@id":"https:\/\/kidsplay.lt\/produktas\/sulankstomas-triratukas-rito-3\/#primaryimage"},"thumbnailUrl":"https:\/\/kidsplay.lt\/wp-content\/uploads\/2023\/07\/Sulankstomas-triratukas-Rito18.jpg","datePublished":"2023-07-06T22:23:50+00:00","dateModified":"2025-12-24T06:53:11+00:00","description":"Sulankstomas triratukas Rito skirtas vaikams nuo 1 iki 3 met\u0173 (maksimali apkrova 30kg). Triratuk\u0105 nesunkiai pritaikysite pagal vaiko am\u017ei\u0173.","breadcrumb":{"@id":"https:\/\/kidsplay.lt\/produktas\/sulankstomas-triratukas-rito-3\/#breadcrumb"},"inLanguage":"lv-LV","potentialAction":[{"@type":"ReadAction","target":["https:\/\/kidsplay.lt\/produktas\/sulankstomas-triratukas-rito-3\/"]}]},{"@type":"ImageObject","inLanguage":"lv-LV","@id":"https:\/\/kidsplay.lt\/produktas\/sulankstomas-triratukas-rito-3\/#primaryimage","url":"https:\/\/kidsplay.lt\/wp-content\/uploads\/2023\/07\/Sulankstomas-triratukas-Rito18.jpg","contentUrl":"https:\/\/kidsplay.lt\/wp-content\/uploads\/2023\/07\/Sulankstomas-triratukas-Rito18.jpg","width":720,"height":720},{"@type":"BreadcrumbList","@id":"https:\/\/kidsplay.lt\/produktas\/sulankstomas-triratukas-rito-3\/#breadcrumb","itemListElement":[{"@type":"ListItem","position":1,"name":"Pagrindinis","item":"https:\/\/kidsplay.lt\/"},{"@type":"ListItem","position":2,"name":"Parduotuv\u0117","item":"https:\/\/kidsplay.lt\/parduotuve\/"},{"@type":"ListItem","position":3,"name":"Sulankstomas triratukas Rito"}]},{"@type":"WebSite","@id":"https:\/\/kidsplay.lt\/#website","url":"https:\/\/kidsplay.lt\/","name":"B\u0113rnu sp\u0113les.lv","description":"\u012evairios prek\u0117s vaikams","publisher":{"@id":"https:\/\/kidsplay.lt\/#organization"},"alternateName":"Kidsplay","potentialAction":[{"@type":"SearchAction","target":{"@type":"EntryPoint","urlTemplate":"https:\/\/kidsplay.lt\/?s={search_term_string}"},"query-input":{"@type":"PropertyValueSpecification","valueRequired":true,"valueName":"search_term_string"}}],"inLanguage":"lv-LV"},{"@type":"Organization","@id":"https:\/\/kidsplay.lt\/#organization","name":"B\u0113rnu sp\u0113le","url":"https:\/\/kidsplay.lt\/","logo":{"@type":"ImageObject","inLanguage":"lv-LV","@id":"https:\/\/kidsplay.lt\/#\/schema\/logo\/image\/","url":"https:\/\/kidsplay.lt\/wp-content\/uploads\/2023\/07\/kidsplay-logo.png","contentUrl":"https:\/\/kidsplay.lt\/wp-content\/uploads\/2023\/07\/kidsplay-logo.png","width":451,"height":98,"caption":"KidsPlay"},"image":{"@id":"https:\/\/kidsplay.lt\/#\/schema\/logo\/image\/"},"sameAs":["https:\/\/www.facebook.com\/www.kidsplay.lt"]}]}},"_links":{"self":[{"href":"https:\/\/kidsplay.lt\/lv\/wp-json\/wp\/v2\/product\/25002","targetHints":{"allow":["GET"]}}],"collection":[{"href":"https:\/\/kidsplay.lt\/lv\/wp-json\/wp\/v2\/product"}],"about":[{"href":"https:\/\/kidsplay.lt\/lv\/wp-json\/wp\/v2\/types\/product"}],"version-history":[{"count":2,"href":"https:\/\/kidsplay.lt\/lv\/wp-json\/wp\/v2\/product\/25002\/revisions"}],"predecessor-version":[{"id":74350,"href":"https:\/\/kidsplay.lt\/lv\/wp-json\/wp\/v2\/product\/25002\/revisions\/74350"}],"wp:featuredmedia":[{"embeddable":true,"href":"https:\/\/kidsplay.lt\/lv\/wp-json\/wp\/v2\/media\/25096"}],"wp:attachment":[{"href":"https:\/\/kidsplay.lt\/lv\/wp-json\/wp\/v2\/media?parent=25002"}],"wp:term":[{"taxonomy":"product_brand","embeddable":true,"href":"https:\/\/kidsplay.lt\/lv\/wp-json\/wp\/v2\/product_brand?post=25002"},{"taxonomy":"product_cat","embeddable":true,"href":"https:\/\/kidsplay.lt\/lv\/wp-json\/wp\/v2\/product_cat?post=25002"},{"taxonomy":"product_tag","embeddable":true,"href":"https:\/\/kidsplay.lt\/lv\/wp-json\/wp\/v2\/product_tag?post=25002"}],"curies":[{"name":"wp","href":"https:\/\/api.w.org\/{rel}","templated":true}]}}