{"id":25040,"date":"2023-07-06T22:24:15","date_gmt":"2023-07-06T22:24:15","guid":{"rendered":"https:\/\/kidsplay.lt\/?post_type=product&#038;p=25040"},"modified":"2025-10-04T14:15:01","modified_gmt":"2025-10-04T11:15:01","slug":"triratukas-toyz-3","status":"publish","type":"product","link":"https:\/\/kidsplay.lt\/lv\/products\/triratukas-toyz-3\/","title":{"rendered":"Toyz tricikls"},"content":{"rendered":"<p>Toyz tr\u012bsritenis ar rot\u0113jo\u0161u s\u0113dekli. Modul\u0101r\u0101 konstrukcija \u013cauj pak\u0101peniski izjaukt atsevi\u0161\u0137us elementus, b\u0113rnam augot. Var izmantot k\u0101 alternat\u012bvu rati\u0146iem. \u0112rts s\u0113deklis ar galvas balstu, regul\u0113jamu atzveltni un nolok\u0101mu p\u0101rsegu. Stum\u0161anas rokturis \u013cauj vec\u0101kiem \u0113rti vad\u012bt velosip\u0113du. Velosip\u0113dam ir visi nepiecie\u0161amie Eiropas sertifik\u0101ti. Paredz\u0113ts b\u0113rniem l\u012bdz 25 kg.<\/p>\n<ul>\n<li>Izm\u0113ri: 105 x 98 x 36 cm<\/li>\n<li>svars: 8,8 kg<\/li>\n<li>Rite\u0146u diametrs: priek\u0161\u0113jais 24 cm, aizmugur\u0113jais 20 cm<\/li>\n<\/ul>","protected":false},"excerpt":{"rendered":"<p>Triratukas Toyz su pasukama s\u0117dyne. Modulin\u0117 strukt\u016bra leid\u017eia palaipsniui i\u0161ardyti atskirus elementus vaikui augant. Gali b\u016bti naudojamas kaip alternatyva ve\u017eim\u0117liui.<\/p>","protected":false},"featured_media":25167,"template":"","meta":{"_acf_changed":false,"_glsr_average":0,"_glsr_ranking":0,"_glsr_reviews":0},"product_brand":[],"product_cat":[237,239],"product_tag":[210],"class_list":{"0":"post-25040","1":"product","2":"type-product","3":"status-publish","4":"has-post-thumbnail","6":"product_cat-judejimo-priemones","7":"product_cat-triratukai","8":"product_tag-triratukas","9":"\"style=\"background-color: #2ecc711c;\"","11":"first","12":"instock","13":"shipping-taxable","14":"purchasable","15":"product-type-simple"},"acf":[],"yoast_head":"<!-- This site is optimized with the Yoast SEO plugin v27.4 - https:\/\/yoast.com\/product\/yoast-seo-wordpress\/ -->\n<title>Triratukas Toyz - KidsPlay<\/title>\n<meta name=\"description\" content=\"Triratukas Toyz su pasukama s\u0117dyne. Modulin\u0117 strukt\u016bra leid\u017eia palaipsniui i\u0161ardyti atskirus elementus vaikui augant. Gali b\u016bti kaip alternatyva ve\u017eim\u0117liui.\" \/>\n<meta name=\"robots\" content=\"index, follow, max-snippet:-1, max-image-preview:large, max-video-preview:-1\" \/>\n<link rel=\"canonical\" href=\"https:\/\/kidsplay.lt\/lv\/products\/triratukas-toyz-3\/\" \/>\n<meta property=\"og:locale\" content=\"lv_LV\" \/>\n<meta property=\"og:type\" content=\"article\" \/>\n<meta property=\"og:title\" content=\"Triratukas Toyz - KidsPlay\" \/>\n<meta property=\"og:description\" content=\"Triratukas Toyz su pasukama s\u0117dyne. Modulin\u0117 strukt\u016bra leid\u017eia palaipsniui i\u0161ardyti atskirus elementus vaikui augant. Gali b\u016bti kaip alternatyva ve\u017eim\u0117liui.\" \/>\n<meta property=\"og:url\" content=\"https:\/\/kidsplay.lt\/lv\/products\/triratukas-toyz-3\/\" \/>\n<meta property=\"og:site_name\" content=\"KidsPlay\" \/>\n<meta property=\"article:publisher\" content=\"https:\/\/www.facebook.com\/www.kidsplay.lt\" \/>\n<meta property=\"article:modified_time\" content=\"2025-10-04T11:15:01+00:00\" \/>\n<meta property=\"og:image\" content=\"https:\/\/kidsplay.lt\/wp-content\/uploads\/2023\/07\/Triratukas-Toyz18.jpg\" \/>\n\t<meta property=\"og:image:width\" content=\"488\" \/>\n\t<meta property=\"og:image:height\" content=\"650\" \/>\n\t<meta property=\"og:image:type\" content=\"image\/jpeg\" \/>\n<meta name=\"twitter:card\" content=\"summary_large_image\" \/>\n<script type=\"application\/ld+json\" class=\"yoast-schema-graph\">{\"@context\":\"https:\\\/\\\/schema.org\",\"@graph\":[{\"@type\":\"WebPage\",\"@id\":\"https:\\\/\\\/kidsplay.lt\\\/produktas\\\/triratukas-toyz-3\\\/\",\"url\":\"https:\\\/\\\/kidsplay.lt\\\/produktas\\\/triratukas-toyz-3\\\/\",\"name\":\"Triratukas Toyz - KidsPlay\",\"isPartOf\":{\"@id\":\"https:\\\/\\\/kidsplay.lt\\\/#website\"},\"primaryImageOfPage\":{\"@id\":\"https:\\\/\\\/kidsplay.lt\\\/produktas\\\/triratukas-toyz-3\\\/#primaryimage\"},\"image\":{\"@id\":\"https:\\\/\\\/kidsplay.lt\\\/produktas\\\/triratukas-toyz-3\\\/#primaryimage\"},\"thumbnailUrl\":\"https:\\\/\\\/kidsplay.lt\\\/wp-content\\\/uploads\\\/2023\\\/07\\\/Triratukas-Toyz18.jpg\",\"datePublished\":\"2023-07-06T22:24:15+00:00\",\"dateModified\":\"2025-10-04T11:15:01+00:00\",\"description\":\"Triratukas Toyz su pasukama s\u0117dyne. Modulin\u0117 strukt\u016bra leid\u017eia palaipsniui i\u0161ardyti atskirus elementus vaikui augant. Gali b\u016bti kaip alternatyva ve\u017eim\u0117liui.\",\"breadcrumb\":{\"@id\":\"https:\\\/\\\/kidsplay.lt\\\/produktas\\\/triratukas-toyz-3\\\/#breadcrumb\"},\"inLanguage\":\"lv-LV\",\"potentialAction\":[{\"@type\":\"ReadAction\",\"target\":[\"https:\\\/\\\/kidsplay.lt\\\/produktas\\\/triratukas-toyz-3\\\/\"]}]},{\"@type\":\"ImageObject\",\"inLanguage\":\"lv-LV\",\"@id\":\"https:\\\/\\\/kidsplay.lt\\\/produktas\\\/triratukas-toyz-3\\\/#primaryimage\",\"url\":\"https:\\\/\\\/kidsplay.lt\\\/wp-content\\\/uploads\\\/2023\\\/07\\\/Triratukas-Toyz18.jpg\",\"contentUrl\":\"https:\\\/\\\/kidsplay.lt\\\/wp-content\\\/uploads\\\/2023\\\/07\\\/Triratukas-Toyz18.jpg\",\"width\":488,\"height\":650},{\"@type\":\"BreadcrumbList\",\"@id\":\"https:\\\/\\\/kidsplay.lt\\\/produktas\\\/triratukas-toyz-3\\\/#breadcrumb\",\"itemListElement\":[{\"@type\":\"ListItem\",\"position\":1,\"name\":\"Pagrindinis\",\"item\":\"https:\\\/\\\/kidsplay.lt\\\/\"},{\"@type\":\"ListItem\",\"position\":2,\"name\":\"Parduotuv\u0117\",\"item\":\"https:\\\/\\\/kidsplay.lt\\\/parduotuve\\\/\"},{\"@type\":\"ListItem\",\"position\":3,\"name\":\"Triratukas Toyz\"}]},{\"@type\":\"WebSite\",\"@id\":\"https:\\\/\\\/kidsplay.lt\\\/#website\",\"url\":\"https:\\\/\\\/kidsplay.lt\\\/\",\"name\":\"Kidsplay.lt\",\"description\":\"\u012evairios prek\u0117s vaikams\",\"publisher\":{\"@id\":\"https:\\\/\\\/kidsplay.lt\\\/#organization\"},\"alternateName\":\"Kidsplay\",\"potentialAction\":[{\"@type\":\"SearchAction\",\"target\":{\"@type\":\"EntryPoint\",\"urlTemplate\":\"https:\\\/\\\/kidsplay.lt\\\/?s={search_term_string}\"},\"query-input\":{\"@type\":\"PropertyValueSpecification\",\"valueRequired\":true,\"valueName\":\"search_term_string\"}}],\"inLanguage\":\"lv-LV\"},{\"@type\":\"Organization\",\"@id\":\"https:\\\/\\\/kidsplay.lt\\\/#organization\",\"name\":\"KidsPlay\",\"url\":\"https:\\\/\\\/kidsplay.lt\\\/\",\"logo\":{\"@type\":\"ImageObject\",\"inLanguage\":\"lv-LV\",\"@id\":\"https:\\\/\\\/kidsplay.lt\\\/#\\\/schema\\\/logo\\\/image\\\/\",\"url\":\"https:\\\/\\\/kidsplay.lt\\\/wp-content\\\/uploads\\\/2023\\\/07\\\/kidsplay-logo.png\",\"contentUrl\":\"https:\\\/\\\/kidsplay.lt\\\/wp-content\\\/uploads\\\/2023\\\/07\\\/kidsplay-logo.png\",\"width\":451,\"height\":98,\"caption\":\"KidsPlay\"},\"image\":{\"@id\":\"https:\\\/\\\/kidsplay.lt\\\/#\\\/schema\\\/logo\\\/image\\\/\"},\"sameAs\":[\"https:\\\/\\\/www.facebook.com\\\/www.kidsplay.lt\"]}]}<\/script>\n<!-- \/ Yoast SEO plugin. -->","yoast_head_json":{"title":"Triratukas Toyz - KidsPlay","description":"Triratukas Toyz su pasukama s\u0117dyne. Modulin\u0117 strukt\u016bra leid\u017eia palaipsniui i\u0161ardyti atskirus elementus vaikui augant. Gali b\u016bti kaip alternatyva ve\u017eim\u0117liui.","robots":{"index":"index","follow":"follow","max-snippet":"max-snippet:-1","max-image-preview":"max-image-preview:large","max-video-preview":"max-video-preview:-1"},"canonical":"https:\/\/kidsplay.lt\/lv\/products\/triratukas-toyz-3\/","og_locale":"lv_LV","og_type":"article","og_title":"Triratukas Toyz - KidsPlay","og_description":"Triratukas Toyz su pasukama s\u0117dyne. Modulin\u0117 strukt\u016bra leid\u017eia palaipsniui i\u0161ardyti atskirus elementus vaikui augant. Gali b\u016bti kaip alternatyva ve\u017eim\u0117liui.","og_url":"https:\/\/kidsplay.lt\/lv\/products\/triratukas-toyz-3\/","og_site_name":"KidsPlay","article_publisher":"https:\/\/www.facebook.com\/www.kidsplay.lt","article_modified_time":"2025-10-04T11:15:01+00:00","og_image":[{"width":488,"height":650,"url":"https:\/\/kidsplay.lt\/wp-content\/uploads\/2023\/07\/Triratukas-Toyz18.jpg","type":"image\/jpeg"}],"twitter_card":"summary_large_image","schema":{"@context":"https:\/\/schema.org","@graph":[{"@type":"WebPage","@id":"https:\/\/kidsplay.lt\/produktas\/triratukas-toyz-3\/","url":"https:\/\/kidsplay.lt\/produktas\/triratukas-toyz-3\/","name":"Triratukas Toyz - KidsPlay","isPartOf":{"@id":"https:\/\/kidsplay.lt\/#website"},"primaryImageOfPage":{"@id":"https:\/\/kidsplay.lt\/produktas\/triratukas-toyz-3\/#primaryimage"},"image":{"@id":"https:\/\/kidsplay.lt\/produktas\/triratukas-toyz-3\/#primaryimage"},"thumbnailUrl":"https:\/\/kidsplay.lt\/wp-content\/uploads\/2023\/07\/Triratukas-Toyz18.jpg","datePublished":"2023-07-06T22:24:15+00:00","dateModified":"2025-10-04T11:15:01+00:00","description":"Triratukas Toyz su pasukama s\u0117dyne. Modulin\u0117 strukt\u016bra leid\u017eia palaipsniui i\u0161ardyti atskirus elementus vaikui augant. Gali b\u016bti kaip alternatyva ve\u017eim\u0117liui.","breadcrumb":{"@id":"https:\/\/kidsplay.lt\/produktas\/triratukas-toyz-3\/#breadcrumb"},"inLanguage":"lv-LV","potentialAction":[{"@type":"ReadAction","target":["https:\/\/kidsplay.lt\/produktas\/triratukas-toyz-3\/"]}]},{"@type":"ImageObject","inLanguage":"lv-LV","@id":"https:\/\/kidsplay.lt\/produktas\/triratukas-toyz-3\/#primaryimage","url":"https:\/\/kidsplay.lt\/wp-content\/uploads\/2023\/07\/Triratukas-Toyz18.jpg","contentUrl":"https:\/\/kidsplay.lt\/wp-content\/uploads\/2023\/07\/Triratukas-Toyz18.jpg","width":488,"height":650},{"@type":"BreadcrumbList","@id":"https:\/\/kidsplay.lt\/produktas\/triratukas-toyz-3\/#breadcrumb","itemListElement":[{"@type":"ListItem","position":1,"name":"Pagrindinis","item":"https:\/\/kidsplay.lt\/"},{"@type":"ListItem","position":2,"name":"Parduotuv\u0117","item":"https:\/\/kidsplay.lt\/parduotuve\/"},{"@type":"ListItem","position":3,"name":"Triratukas Toyz"}]},{"@type":"WebSite","@id":"https:\/\/kidsplay.lt\/#website","url":"https:\/\/kidsplay.lt\/","name":"B\u0113rnu sp\u0113les.lv","description":"\u012evairios prek\u0117s vaikams","publisher":{"@id":"https:\/\/kidsplay.lt\/#organization"},"alternateName":"Kidsplay","potentialAction":[{"@type":"SearchAction","target":{"@type":"EntryPoint","urlTemplate":"https:\/\/kidsplay.lt\/?s={search_term_string}"},"query-input":{"@type":"PropertyValueSpecification","valueRequired":true,"valueName":"search_term_string"}}],"inLanguage":"lv-LV"},{"@type":"Organization","@id":"https:\/\/kidsplay.lt\/#organization","name":"B\u0113rnu sp\u0113le","url":"https:\/\/kidsplay.lt\/","logo":{"@type":"ImageObject","inLanguage":"lv-LV","@id":"https:\/\/kidsplay.lt\/#\/schema\/logo\/image\/","url":"https:\/\/kidsplay.lt\/wp-content\/uploads\/2023\/07\/kidsplay-logo.png","contentUrl":"https:\/\/kidsplay.lt\/wp-content\/uploads\/2023\/07\/kidsplay-logo.png","width":451,"height":98,"caption":"KidsPlay"},"image":{"@id":"https:\/\/kidsplay.lt\/#\/schema\/logo\/image\/"},"sameAs":["https:\/\/www.facebook.com\/www.kidsplay.lt"]}]}},"_links":{"self":[{"href":"https:\/\/kidsplay.lt\/lv\/wp-json\/wp\/v2\/product\/25040","targetHints":{"allow":["GET"]}}],"collection":[{"href":"https:\/\/kidsplay.lt\/lv\/wp-json\/wp\/v2\/product"}],"about":[{"href":"https:\/\/kidsplay.lt\/lv\/wp-json\/wp\/v2\/types\/product"}],"version-history":[{"count":1,"href":"https:\/\/kidsplay.lt\/lv\/wp-json\/wp\/v2\/product\/25040\/revisions"}],"predecessor-version":[{"id":65102,"href":"https:\/\/kidsplay.lt\/lv\/wp-json\/wp\/v2\/product\/25040\/revisions\/65102"}],"wp:featuredmedia":[{"embeddable":true,"href":"https:\/\/kidsplay.lt\/lv\/wp-json\/wp\/v2\/media\/25167"}],"wp:attachment":[{"href":"https:\/\/kidsplay.lt\/lv\/wp-json\/wp\/v2\/media?parent=25040"}],"wp:term":[{"taxonomy":"product_brand","embeddable":true,"href":"https:\/\/kidsplay.lt\/lv\/wp-json\/wp\/v2\/product_brand?post=25040"},{"taxonomy":"product_cat","embeddable":true,"href":"https:\/\/kidsplay.lt\/lv\/wp-json\/wp\/v2\/product_cat?post=25040"},{"taxonomy":"product_tag","embeddable":true,"href":"https:\/\/kidsplay.lt\/lv\/wp-json\/wp\/v2\/product_tag?post=25040"}],"curies":[{"name":"wp","href":"https:\/\/api.w.org\/{rel}","templated":true}]}}