{"id":25041,"date":"2023-07-06T22:24:15","date_gmt":"2023-07-06T22:24:15","guid":{"rendered":"https:\/\/kidsplay.lt\/?post_type=product&#038;p=25041"},"modified":"2025-10-04T14:15:28","modified_gmt":"2025-10-04T11:15:28","slug":"triratukas-toyz-4","status":"publish","type":"product","link":"https:\/\/kidsplay.lt\/lv\/products\/triratukas-toyz-4\/","title":{"rendered":"Toyz tricikls"},"content":{"rendered":"<p>Triratukas Toyz su pasukama s\u0117dyne. Modulin\u0117 strukt\u016bra leid\u017eia palaipsniui i\u0161ardyti atskirus elementus vaikui augant. Gali b\u016bti naudojamas kaip alternatyva ve\u017eim\u0117liui. Patogi s\u0117dyn\u0117 su galvos atrama ir reguliuojamu atlo\u0161u bei atlenkiamu gaubtu. St\u016bmimo rankena leid\u017eia t\u0117vams patogiai valdyti dvirat\u012f. Dviratis turi visus reikiamus europinius sertifikatus. Skirtas vaikams iki 25 kg.<\/p>\n<ul>\n<li>i\u0161matavimai: 105 x 98 x 36 cm<\/li>\n<li>svoris: 8,8 kg<\/li>\n<li>rato skersmuo: priekis 24 cm, galinis 20 cm<\/li>\n<\/ul>","protected":false},"excerpt":{"rendered":"<p>Triratukas Toyz su pasukama s\u0117dyne. Modulin\u0117 strukt\u016bra leid\u017eia palaipsniui i\u0161ardyti atskirus elementus vaikui augant. Gali b\u016bti naudojamas kaip alternatyva ve\u017eim\u0117liui.<\/p>","protected":false},"featured_media":25170,"template":"","meta":{"_acf_changed":false,"_glsr_average":0,"_glsr_ranking":0,"_glsr_reviews":0},"product_brand":[],"product_cat":[237,239],"product_tag":[210],"class_list":{"0":"post-25041","1":"product","2":"type-product","3":"status-publish","4":"has-post-thumbnail","6":"product_cat-judejimo-priemones","7":"product_cat-triratukai","8":"product_tag-triratukas","9":"\"style=\"background-color: #2ecc711c;\"","11":"first","12":"instock","13":"shipping-taxable","14":"purchasable","15":"product-type-simple"},"acf":[],"yoast_head":"<!-- This site is optimized with the Yoast SEO plugin v27.3 - https:\/\/yoast.com\/product\/yoast-seo-wordpress\/ -->\n<title>Triratukas Toyz - KidsPlay<\/title>\n<meta name=\"description\" content=\"Triratukas Toyz su pasukama s\u0117dyne. Modulin\u0117 strukt\u016bra leid\u017eia palaipsniui i\u0161ardyti atskirus elementus vaikui augant. Gali b\u016bti kaip alternatyva ve\u017eim\u0117liui.\" \/>\n<meta name=\"robots\" content=\"index, follow, max-snippet:-1, max-image-preview:large, max-video-preview:-1\" \/>\n<link rel=\"canonical\" href=\"https:\/\/kidsplay.lt\/lv\/products\/triratukas-toyz-4\/\" \/>\n<meta property=\"og:locale\" content=\"lv_LV\" \/>\n<meta property=\"og:type\" content=\"article\" \/>\n<meta property=\"og:title\" content=\"Triratukas Toyz - KidsPlay\" \/>\n<meta property=\"og:description\" content=\"Triratukas Toyz su pasukama s\u0117dyne. Modulin\u0117 strukt\u016bra leid\u017eia palaipsniui i\u0161ardyti atskirus elementus vaikui augant. Gali b\u016bti kaip alternatyva ve\u017eim\u0117liui.\" \/>\n<meta property=\"og:url\" content=\"https:\/\/kidsplay.lt\/lv\/products\/triratukas-toyz-4\/\" \/>\n<meta property=\"og:site_name\" content=\"KidsPlay\" \/>\n<meta property=\"article:publisher\" content=\"https:\/\/www.facebook.com\/www.kidsplay.lt\" \/>\n<meta property=\"article:modified_time\" content=\"2025-10-04T11:15:28+00:00\" \/>\n<meta property=\"og:image\" content=\"https:\/\/kidsplay.lt\/wp-content\/uploads\/2023\/07\/Triratukas-Toyz20.jpg\" \/>\n\t<meta property=\"og:image:width\" content=\"464\" \/>\n\t<meta property=\"og:image:height\" content=\"650\" \/>\n\t<meta property=\"og:image:type\" content=\"image\/jpeg\" \/>\n<meta name=\"twitter:card\" content=\"summary_large_image\" \/>\n<script type=\"application\/ld+json\" class=\"yoast-schema-graph\">{\"@context\":\"https:\\\/\\\/schema.org\",\"@graph\":[{\"@type\":\"WebPage\",\"@id\":\"https:\\\/\\\/kidsplay.lt\\\/produktas\\\/triratukas-toyz-4\\\/\",\"url\":\"https:\\\/\\\/kidsplay.lt\\\/produktas\\\/triratukas-toyz-4\\\/\",\"name\":\"Triratukas Toyz - KidsPlay\",\"isPartOf\":{\"@id\":\"https:\\\/\\\/kidsplay.lt\\\/#website\"},\"primaryImageOfPage\":{\"@id\":\"https:\\\/\\\/kidsplay.lt\\\/produktas\\\/triratukas-toyz-4\\\/#primaryimage\"},\"image\":{\"@id\":\"https:\\\/\\\/kidsplay.lt\\\/produktas\\\/triratukas-toyz-4\\\/#primaryimage\"},\"thumbnailUrl\":\"https:\\\/\\\/kidsplay.lt\\\/wp-content\\\/uploads\\\/2023\\\/07\\\/Triratukas-Toyz20.jpg\",\"datePublished\":\"2023-07-06T22:24:15+00:00\",\"dateModified\":\"2025-10-04T11:15:28+00:00\",\"description\":\"Triratukas Toyz su pasukama s\u0117dyne. Modulin\u0117 strukt\u016bra leid\u017eia palaipsniui i\u0161ardyti atskirus elementus vaikui augant. Gali b\u016bti kaip alternatyva ve\u017eim\u0117liui.\",\"breadcrumb\":{\"@id\":\"https:\\\/\\\/kidsplay.lt\\\/produktas\\\/triratukas-toyz-4\\\/#breadcrumb\"},\"inLanguage\":\"lv-LV\",\"potentialAction\":[{\"@type\":\"ReadAction\",\"target\":[\"https:\\\/\\\/kidsplay.lt\\\/produktas\\\/triratukas-toyz-4\\\/\"]}]},{\"@type\":\"ImageObject\",\"inLanguage\":\"lv-LV\",\"@id\":\"https:\\\/\\\/kidsplay.lt\\\/produktas\\\/triratukas-toyz-4\\\/#primaryimage\",\"url\":\"https:\\\/\\\/kidsplay.lt\\\/wp-content\\\/uploads\\\/2023\\\/07\\\/Triratukas-Toyz20.jpg\",\"contentUrl\":\"https:\\\/\\\/kidsplay.lt\\\/wp-content\\\/uploads\\\/2023\\\/07\\\/Triratukas-Toyz20.jpg\",\"width\":464,\"height\":650},{\"@type\":\"BreadcrumbList\",\"@id\":\"https:\\\/\\\/kidsplay.lt\\\/produktas\\\/triratukas-toyz-4\\\/#breadcrumb\",\"itemListElement\":[{\"@type\":\"ListItem\",\"position\":1,\"name\":\"Pagrindinis\",\"item\":\"https:\\\/\\\/kidsplay.lt\\\/\"},{\"@type\":\"ListItem\",\"position\":2,\"name\":\"Parduotuv\u0117\",\"item\":\"https:\\\/\\\/kidsplay.lt\\\/parduotuve\\\/\"},{\"@type\":\"ListItem\",\"position\":3,\"name\":\"Triratukas Toyz\"}]},{\"@type\":\"WebSite\",\"@id\":\"https:\\\/\\\/kidsplay.lt\\\/#website\",\"url\":\"https:\\\/\\\/kidsplay.lt\\\/\",\"name\":\"Kidsplay.lt\",\"description\":\"\u012evairios prek\u0117s vaikams\",\"publisher\":{\"@id\":\"https:\\\/\\\/kidsplay.lt\\\/#organization\"},\"alternateName\":\"Kidsplay\",\"potentialAction\":[{\"@type\":\"SearchAction\",\"target\":{\"@type\":\"EntryPoint\",\"urlTemplate\":\"https:\\\/\\\/kidsplay.lt\\\/?s={search_term_string}\"},\"query-input\":{\"@type\":\"PropertyValueSpecification\",\"valueRequired\":true,\"valueName\":\"search_term_string\"}}],\"inLanguage\":\"lv-LV\"},{\"@type\":\"Organization\",\"@id\":\"https:\\\/\\\/kidsplay.lt\\\/#organization\",\"name\":\"KidsPlay\",\"url\":\"https:\\\/\\\/kidsplay.lt\\\/\",\"logo\":{\"@type\":\"ImageObject\",\"inLanguage\":\"lv-LV\",\"@id\":\"https:\\\/\\\/kidsplay.lt\\\/#\\\/schema\\\/logo\\\/image\\\/\",\"url\":\"https:\\\/\\\/kidsplay.lt\\\/wp-content\\\/uploads\\\/2023\\\/07\\\/kidsplay-logo.png\",\"contentUrl\":\"https:\\\/\\\/kidsplay.lt\\\/wp-content\\\/uploads\\\/2023\\\/07\\\/kidsplay-logo.png\",\"width\":451,\"height\":98,\"caption\":\"KidsPlay\"},\"image\":{\"@id\":\"https:\\\/\\\/kidsplay.lt\\\/#\\\/schema\\\/logo\\\/image\\\/\"},\"sameAs\":[\"https:\\\/\\\/www.facebook.com\\\/www.kidsplay.lt\"]}]}<\/script>\n<!-- \/ Yoast SEO plugin. -->","yoast_head_json":{"title":"Triratukas Toyz - KidsPlay","description":"Triratukas Toyz su pasukama s\u0117dyne. Modulin\u0117 strukt\u016bra leid\u017eia palaipsniui i\u0161ardyti atskirus elementus vaikui augant. Gali b\u016bti kaip alternatyva ve\u017eim\u0117liui.","robots":{"index":"index","follow":"follow","max-snippet":"max-snippet:-1","max-image-preview":"max-image-preview:large","max-video-preview":"max-video-preview:-1"},"canonical":"https:\/\/kidsplay.lt\/lv\/products\/triratukas-toyz-4\/","og_locale":"lv_LV","og_type":"article","og_title":"Triratukas Toyz - KidsPlay","og_description":"Triratukas Toyz su pasukama s\u0117dyne. Modulin\u0117 strukt\u016bra leid\u017eia palaipsniui i\u0161ardyti atskirus elementus vaikui augant. Gali b\u016bti kaip alternatyva ve\u017eim\u0117liui.","og_url":"https:\/\/kidsplay.lt\/lv\/products\/triratukas-toyz-4\/","og_site_name":"KidsPlay","article_publisher":"https:\/\/www.facebook.com\/www.kidsplay.lt","article_modified_time":"2025-10-04T11:15:28+00:00","og_image":[{"width":464,"height":650,"url":"https:\/\/kidsplay.lt\/wp-content\/uploads\/2023\/07\/Triratukas-Toyz20.jpg","type":"image\/jpeg"}],"twitter_card":"summary_large_image","schema":{"@context":"https:\/\/schema.org","@graph":[{"@type":"WebPage","@id":"https:\/\/kidsplay.lt\/produktas\/triratukas-toyz-4\/","url":"https:\/\/kidsplay.lt\/produktas\/triratukas-toyz-4\/","name":"Triratukas Toyz - KidsPlay","isPartOf":{"@id":"https:\/\/kidsplay.lt\/#website"},"primaryImageOfPage":{"@id":"https:\/\/kidsplay.lt\/produktas\/triratukas-toyz-4\/#primaryimage"},"image":{"@id":"https:\/\/kidsplay.lt\/produktas\/triratukas-toyz-4\/#primaryimage"},"thumbnailUrl":"https:\/\/kidsplay.lt\/wp-content\/uploads\/2023\/07\/Triratukas-Toyz20.jpg","datePublished":"2023-07-06T22:24:15+00:00","dateModified":"2025-10-04T11:15:28+00:00","description":"Triratukas Toyz su pasukama s\u0117dyne. Modulin\u0117 strukt\u016bra leid\u017eia palaipsniui i\u0161ardyti atskirus elementus vaikui augant. Gali b\u016bti kaip alternatyva ve\u017eim\u0117liui.","breadcrumb":{"@id":"https:\/\/kidsplay.lt\/produktas\/triratukas-toyz-4\/#breadcrumb"},"inLanguage":"lv-LV","potentialAction":[{"@type":"ReadAction","target":["https:\/\/kidsplay.lt\/produktas\/triratukas-toyz-4\/"]}]},{"@type":"ImageObject","inLanguage":"lv-LV","@id":"https:\/\/kidsplay.lt\/produktas\/triratukas-toyz-4\/#primaryimage","url":"https:\/\/kidsplay.lt\/wp-content\/uploads\/2023\/07\/Triratukas-Toyz20.jpg","contentUrl":"https:\/\/kidsplay.lt\/wp-content\/uploads\/2023\/07\/Triratukas-Toyz20.jpg","width":464,"height":650},{"@type":"BreadcrumbList","@id":"https:\/\/kidsplay.lt\/produktas\/triratukas-toyz-4\/#breadcrumb","itemListElement":[{"@type":"ListItem","position":1,"name":"Pagrindinis","item":"https:\/\/kidsplay.lt\/"},{"@type":"ListItem","position":2,"name":"Parduotuv\u0117","item":"https:\/\/kidsplay.lt\/parduotuve\/"},{"@type":"ListItem","position":3,"name":"Triratukas Toyz"}]},{"@type":"WebSite","@id":"https:\/\/kidsplay.lt\/#website","url":"https:\/\/kidsplay.lt\/","name":"B\u0113rnu sp\u0113les.lv","description":"\u012evairios prek\u0117s vaikams","publisher":{"@id":"https:\/\/kidsplay.lt\/#organization"},"alternateName":"Kidsplay","potentialAction":[{"@type":"SearchAction","target":{"@type":"EntryPoint","urlTemplate":"https:\/\/kidsplay.lt\/?s={search_term_string}"},"query-input":{"@type":"PropertyValueSpecification","valueRequired":true,"valueName":"search_term_string"}}],"inLanguage":"lv-LV"},{"@type":"Organization","@id":"https:\/\/kidsplay.lt\/#organization","name":"B\u0113rnu sp\u0113le","url":"https:\/\/kidsplay.lt\/","logo":{"@type":"ImageObject","inLanguage":"lv-LV","@id":"https:\/\/kidsplay.lt\/#\/schema\/logo\/image\/","url":"https:\/\/kidsplay.lt\/wp-content\/uploads\/2023\/07\/kidsplay-logo.png","contentUrl":"https:\/\/kidsplay.lt\/wp-content\/uploads\/2023\/07\/kidsplay-logo.png","width":451,"height":98,"caption":"KidsPlay"},"image":{"@id":"https:\/\/kidsplay.lt\/#\/schema\/logo\/image\/"},"sameAs":["https:\/\/www.facebook.com\/www.kidsplay.lt"]}]}},"_links":{"self":[{"href":"https:\/\/kidsplay.lt\/lv\/wp-json\/wp\/v2\/product\/25041","targetHints":{"allow":["GET"]}}],"collection":[{"href":"https:\/\/kidsplay.lt\/lv\/wp-json\/wp\/v2\/product"}],"about":[{"href":"https:\/\/kidsplay.lt\/lv\/wp-json\/wp\/v2\/types\/product"}],"version-history":[{"count":1,"href":"https:\/\/kidsplay.lt\/lv\/wp-json\/wp\/v2\/product\/25041\/revisions"}],"predecessor-version":[{"id":65100,"href":"https:\/\/kidsplay.lt\/lv\/wp-json\/wp\/v2\/product\/25041\/revisions\/65100"}],"wp:featuredmedia":[{"embeddable":true,"href":"https:\/\/kidsplay.lt\/lv\/wp-json\/wp\/v2\/media\/25170"}],"wp:attachment":[{"href":"https:\/\/kidsplay.lt\/lv\/wp-json\/wp\/v2\/media?parent=25041"}],"wp:term":[{"taxonomy":"product_brand","embeddable":true,"href":"https:\/\/kidsplay.lt\/lv\/wp-json\/wp\/v2\/product_brand?post=25041"},{"taxonomy":"product_cat","embeddable":true,"href":"https:\/\/kidsplay.lt\/lv\/wp-json\/wp\/v2\/product_cat?post=25041"},{"taxonomy":"product_tag","embeddable":true,"href":"https:\/\/kidsplay.lt\/lv\/wp-json\/wp\/v2\/product_tag?post=25041"}],"curies":[{"name":"wp","href":"https:\/\/api.w.org\/{rel}","templated":true}]}}