{"id":25043,"date":"2023-07-06T22:24:15","date_gmt":"2023-07-06T22:24:15","guid":{"rendered":"https:\/\/kidsplay.lt\/?post_type=product&#038;p=25043"},"modified":"2025-10-04T14:15:49","modified_gmt":"2025-10-04T11:15:49","slug":"medinis-balansinis-dviratis-kinderkraft","status":"publish","type":"product","link":"https:\/\/kidsplay.lt\/lv\/products\/medinis-balansinis-dviratis-kinderkraft\/","title":{"rendered":"Kinderkraft koka l\u012bdzsvara velosip\u0113ds"},"content":{"rendered":"<p>Medinis balansinis dviratis Kinderkraft lavina geb\u0117jim\u0105 i\u0161laikyti pusiausvyr\u0105 ir u\u017etikrina vaiko motorin\u0119 raid\u0105. Balansinis dviratis skirtas vaikams nuo 3 met\u0173 am\u017eiaus. Jo patvari konstrukcija sukurta pagal naujausi\u0105 saugos standart\u0105, o vairas turi pasukimo u\u017erakt\u0105, kurio d\u0117ka rizika nukristi buvo suma\u017einta iki minimumo. Reguliuojamas s\u0117dyn\u0117s auk\u0161tis nuo 37 iki 44 cm. 12 coli\u0173 ratai su rutuliniais guoliais pagaminti i\u0161 EVA put\u0173, sugeriantys sm\u016bgius ir pasi\u017eymintys dideliu atsparumu dilimui.<\/p>\n<ul>\n<li>Rat\u0173 dydis: 12 coli\u0173<\/li>\n<li>Vartotojo svoris: iki 35 kg<\/li>\n<li>Produkto svoris: 3,4 kg<\/li>\n<li>Matmenys: ilgis: 83 cm \/ plotis: 38 cm<\/li>\n<\/ul>","protected":false},"excerpt":{"rendered":"<p>Medinis balansinis dviratis Kinderkraft lavina geb\u0117jim\u0105 i\u0161laikyti pusiausvyr\u0105 ir u\u017etikrina vaiko motorin\u0119 raid\u0105. Balansinis dviratis skirtas vaikams nuo 3 met\u0173 am\u017eiaus.<\/p>","protected":false},"featured_media":25182,"template":"","meta":{"_acf_changed":false,"_glsr_average":0,"_glsr_ranking":0,"_glsr_reviews":0},"product_brand":[],"product_cat":[240,237],"product_tag":[318],"class_list":{"0":"post-25043","1":"product","2":"type-product","3":"status-publish","4":"has-post-thumbnail","6":"product_cat-balansiniai-dviratukai","7":"product_cat-judejimo-priemones","8":"product_tag-balansiniai-dviratukai","9":"\"style=\"background-color: #2ecc711c;\"","11":"first","12":"instock","13":"shipping-taxable","14":"purchasable","15":"product-type-simple"},"acf":[],"yoast_head":"<!-- This site is optimized with the Yoast SEO plugin v27.3 - https:\/\/yoast.com\/product\/yoast-seo-wordpress\/ -->\n<title>Medinis balansinis dviratis Kinderkraft - KidsPlay<\/title>\n<meta name=\"description\" content=\"Medinis balansinis dviratis Kinderkraft lavina geb\u0117jim\u0105 i\u0161laikyti pusiausvyr\u0105 ir u\u017etikrina vaiko motorin\u0119 raid\u0105. Balansinis dviratis nuo 3 met\u0173 am\u017eiaus.\" \/>\n<meta name=\"robots\" content=\"index, follow, max-snippet:-1, max-image-preview:large, max-video-preview:-1\" \/>\n<link rel=\"canonical\" href=\"https:\/\/kidsplay.lt\/lv\/products\/medinis-balansinis-dviratis-kinderkraft\/\" \/>\n<meta property=\"og:locale\" content=\"lv_LV\" \/>\n<meta property=\"og:type\" content=\"article\" \/>\n<meta property=\"og:title\" content=\"Medinis balansinis dviratis Kinderkraft - KidsPlay\" \/>\n<meta property=\"og:description\" content=\"Medinis balansinis dviratis Kinderkraft lavina geb\u0117jim\u0105 i\u0161laikyti pusiausvyr\u0105 ir u\u017etikrina vaiko motorin\u0119 raid\u0105. Balansinis dviratis nuo 3 met\u0173 am\u017eiaus.\" \/>\n<meta property=\"og:url\" content=\"https:\/\/kidsplay.lt\/lv\/products\/medinis-balansinis-dviratis-kinderkraft\/\" \/>\n<meta property=\"og:site_name\" content=\"KidsPlay\" \/>\n<meta property=\"article:publisher\" content=\"https:\/\/www.facebook.com\/www.kidsplay.lt\" \/>\n<meta property=\"article:modified_time\" content=\"2025-10-04T11:15:49+00:00\" \/>\n<meta property=\"og:image\" content=\"https:\/\/kidsplay.lt\/wp-content\/uploads\/2023\/07\/Medinis-balansinis-dviratis-Kinderkraft.jpg\" \/>\n\t<meta property=\"og:image:width\" content=\"1600\" \/>\n\t<meta property=\"og:image:height\" content=\"1600\" \/>\n\t<meta property=\"og:image:type\" content=\"image\/jpeg\" \/>\n<meta name=\"twitter:card\" content=\"summary_large_image\" \/>\n<script type=\"application\/ld+json\" class=\"yoast-schema-graph\">{\"@context\":\"https:\\\/\\\/schema.org\",\"@graph\":[{\"@type\":\"WebPage\",\"@id\":\"https:\\\/\\\/kidsplay.lt\\\/produktas\\\/medinis-balansinis-dviratis-kinderkraft\\\/\",\"url\":\"https:\\\/\\\/kidsplay.lt\\\/produktas\\\/medinis-balansinis-dviratis-kinderkraft\\\/\",\"name\":\"Medinis balansinis dviratis Kinderkraft - KidsPlay\",\"isPartOf\":{\"@id\":\"https:\\\/\\\/kidsplay.lt\\\/#website\"},\"primaryImageOfPage\":{\"@id\":\"https:\\\/\\\/kidsplay.lt\\\/produktas\\\/medinis-balansinis-dviratis-kinderkraft\\\/#primaryimage\"},\"image\":{\"@id\":\"https:\\\/\\\/kidsplay.lt\\\/produktas\\\/medinis-balansinis-dviratis-kinderkraft\\\/#primaryimage\"},\"thumbnailUrl\":\"https:\\\/\\\/kidsplay.lt\\\/wp-content\\\/uploads\\\/2023\\\/07\\\/Medinis-balansinis-dviratis-Kinderkraft.jpg\",\"datePublished\":\"2023-07-06T22:24:15+00:00\",\"dateModified\":\"2025-10-04T11:15:49+00:00\",\"description\":\"Medinis balansinis dviratis Kinderkraft lavina geb\u0117jim\u0105 i\u0161laikyti pusiausvyr\u0105 ir u\u017etikrina vaiko motorin\u0119 raid\u0105. Balansinis dviratis nuo 3 met\u0173 am\u017eiaus.\",\"breadcrumb\":{\"@id\":\"https:\\\/\\\/kidsplay.lt\\\/produktas\\\/medinis-balansinis-dviratis-kinderkraft\\\/#breadcrumb\"},\"inLanguage\":\"lv-LV\",\"potentialAction\":[{\"@type\":\"ReadAction\",\"target\":[\"https:\\\/\\\/kidsplay.lt\\\/produktas\\\/medinis-balansinis-dviratis-kinderkraft\\\/\"]}]},{\"@type\":\"ImageObject\",\"inLanguage\":\"lv-LV\",\"@id\":\"https:\\\/\\\/kidsplay.lt\\\/produktas\\\/medinis-balansinis-dviratis-kinderkraft\\\/#primaryimage\",\"url\":\"https:\\\/\\\/kidsplay.lt\\\/wp-content\\\/uploads\\\/2023\\\/07\\\/Medinis-balansinis-dviratis-Kinderkraft.jpg\",\"contentUrl\":\"https:\\\/\\\/kidsplay.lt\\\/wp-content\\\/uploads\\\/2023\\\/07\\\/Medinis-balansinis-dviratis-Kinderkraft.jpg\",\"width\":1600,\"height\":1600,\"caption\":\"medinis balansinis dviratukas\"},{\"@type\":\"BreadcrumbList\",\"@id\":\"https:\\\/\\\/kidsplay.lt\\\/produktas\\\/medinis-balansinis-dviratis-kinderkraft\\\/#breadcrumb\",\"itemListElement\":[{\"@type\":\"ListItem\",\"position\":1,\"name\":\"Pagrindinis\",\"item\":\"https:\\\/\\\/kidsplay.lt\\\/\"},{\"@type\":\"ListItem\",\"position\":2,\"name\":\"Parduotuv\u0117\",\"item\":\"https:\\\/\\\/kidsplay.lt\\\/parduotuve\\\/\"},{\"@type\":\"ListItem\",\"position\":3,\"name\":\"Medinis balansinis dviratis Kinderkraft\"}]},{\"@type\":\"WebSite\",\"@id\":\"https:\\\/\\\/kidsplay.lt\\\/#website\",\"url\":\"https:\\\/\\\/kidsplay.lt\\\/\",\"name\":\"Kidsplay.lt\",\"description\":\"\u012evairios prek\u0117s vaikams\",\"publisher\":{\"@id\":\"https:\\\/\\\/kidsplay.lt\\\/#organization\"},\"alternateName\":\"Kidsplay\",\"potentialAction\":[{\"@type\":\"SearchAction\",\"target\":{\"@type\":\"EntryPoint\",\"urlTemplate\":\"https:\\\/\\\/kidsplay.lt\\\/?s={search_term_string}\"},\"query-input\":{\"@type\":\"PropertyValueSpecification\",\"valueRequired\":true,\"valueName\":\"search_term_string\"}}],\"inLanguage\":\"lv-LV\"},{\"@type\":\"Organization\",\"@id\":\"https:\\\/\\\/kidsplay.lt\\\/#organization\",\"name\":\"KidsPlay\",\"url\":\"https:\\\/\\\/kidsplay.lt\\\/\",\"logo\":{\"@type\":\"ImageObject\",\"inLanguage\":\"lv-LV\",\"@id\":\"https:\\\/\\\/kidsplay.lt\\\/#\\\/schema\\\/logo\\\/image\\\/\",\"url\":\"https:\\\/\\\/kidsplay.lt\\\/wp-content\\\/uploads\\\/2023\\\/07\\\/kidsplay-logo.png\",\"contentUrl\":\"https:\\\/\\\/kidsplay.lt\\\/wp-content\\\/uploads\\\/2023\\\/07\\\/kidsplay-logo.png\",\"width\":451,\"height\":98,\"caption\":\"KidsPlay\"},\"image\":{\"@id\":\"https:\\\/\\\/kidsplay.lt\\\/#\\\/schema\\\/logo\\\/image\\\/\"},\"sameAs\":[\"https:\\\/\\\/www.facebook.com\\\/www.kidsplay.lt\"]}]}<\/script>\n<!-- \/ Yoast SEO plugin. -->","yoast_head_json":{"title":"Medinis balansinis dviratis Kinderkraft - KidsPlay","description":"Medinis balansinis dviratis Kinderkraft lavina geb\u0117jim\u0105 i\u0161laikyti pusiausvyr\u0105 ir u\u017etikrina vaiko motorin\u0119 raid\u0105. Balansinis dviratis nuo 3 met\u0173 am\u017eiaus.","robots":{"index":"index","follow":"follow","max-snippet":"max-snippet:-1","max-image-preview":"max-image-preview:large","max-video-preview":"max-video-preview:-1"},"canonical":"https:\/\/kidsplay.lt\/lv\/products\/medinis-balansinis-dviratis-kinderkraft\/","og_locale":"lv_LV","og_type":"article","og_title":"Medinis balansinis dviratis Kinderkraft - KidsPlay","og_description":"Medinis balansinis dviratis Kinderkraft lavina geb\u0117jim\u0105 i\u0161laikyti pusiausvyr\u0105 ir u\u017etikrina vaiko motorin\u0119 raid\u0105. Balansinis dviratis nuo 3 met\u0173 am\u017eiaus.","og_url":"https:\/\/kidsplay.lt\/lv\/products\/medinis-balansinis-dviratis-kinderkraft\/","og_site_name":"KidsPlay","article_publisher":"https:\/\/www.facebook.com\/www.kidsplay.lt","article_modified_time":"2025-10-04T11:15:49+00:00","og_image":[{"width":1600,"height":1600,"url":"https:\/\/kidsplay.lt\/wp-content\/uploads\/2023\/07\/Medinis-balansinis-dviratis-Kinderkraft.jpg","type":"image\/jpeg"}],"twitter_card":"summary_large_image","schema":{"@context":"https:\/\/schema.org","@graph":[{"@type":"WebPage","@id":"https:\/\/kidsplay.lt\/produktas\/medinis-balansinis-dviratis-kinderkraft\/","url":"https:\/\/kidsplay.lt\/produktas\/medinis-balansinis-dviratis-kinderkraft\/","name":"Medinis balansinis dviratis Kinderkraft - KidsPlay","isPartOf":{"@id":"https:\/\/kidsplay.lt\/#website"},"primaryImageOfPage":{"@id":"https:\/\/kidsplay.lt\/produktas\/medinis-balansinis-dviratis-kinderkraft\/#primaryimage"},"image":{"@id":"https:\/\/kidsplay.lt\/produktas\/medinis-balansinis-dviratis-kinderkraft\/#primaryimage"},"thumbnailUrl":"https:\/\/kidsplay.lt\/wp-content\/uploads\/2023\/07\/Medinis-balansinis-dviratis-Kinderkraft.jpg","datePublished":"2023-07-06T22:24:15+00:00","dateModified":"2025-10-04T11:15:49+00:00","description":"Medinis balansinis dviratis Kinderkraft lavina geb\u0117jim\u0105 i\u0161laikyti pusiausvyr\u0105 ir u\u017etikrina vaiko motorin\u0119 raid\u0105. Balansinis dviratis nuo 3 met\u0173 am\u017eiaus.","breadcrumb":{"@id":"https:\/\/kidsplay.lt\/produktas\/medinis-balansinis-dviratis-kinderkraft\/#breadcrumb"},"inLanguage":"lv-LV","potentialAction":[{"@type":"ReadAction","target":["https:\/\/kidsplay.lt\/produktas\/medinis-balansinis-dviratis-kinderkraft\/"]}]},{"@type":"ImageObject","inLanguage":"lv-LV","@id":"https:\/\/kidsplay.lt\/produktas\/medinis-balansinis-dviratis-kinderkraft\/#primaryimage","url":"https:\/\/kidsplay.lt\/wp-content\/uploads\/2023\/07\/Medinis-balansinis-dviratis-Kinderkraft.jpg","contentUrl":"https:\/\/kidsplay.lt\/wp-content\/uploads\/2023\/07\/Medinis-balansinis-dviratis-Kinderkraft.jpg","width":1600,"height":1600,"caption":"medinis balansinis dviratukas"},{"@type":"BreadcrumbList","@id":"https:\/\/kidsplay.lt\/produktas\/medinis-balansinis-dviratis-kinderkraft\/#breadcrumb","itemListElement":[{"@type":"ListItem","position":1,"name":"Pagrindinis","item":"https:\/\/kidsplay.lt\/"},{"@type":"ListItem","position":2,"name":"Parduotuv\u0117","item":"https:\/\/kidsplay.lt\/parduotuve\/"},{"@type":"ListItem","position":3,"name":"Medinis balansinis dviratis Kinderkraft"}]},{"@type":"WebSite","@id":"https:\/\/kidsplay.lt\/#website","url":"https:\/\/kidsplay.lt\/","name":"B\u0113rnu sp\u0113les.lv","description":"\u012evairios prek\u0117s vaikams","publisher":{"@id":"https:\/\/kidsplay.lt\/#organization"},"alternateName":"Kidsplay","potentialAction":[{"@type":"SearchAction","target":{"@type":"EntryPoint","urlTemplate":"https:\/\/kidsplay.lt\/?s={search_term_string}"},"query-input":{"@type":"PropertyValueSpecification","valueRequired":true,"valueName":"search_term_string"}}],"inLanguage":"lv-LV"},{"@type":"Organization","@id":"https:\/\/kidsplay.lt\/#organization","name":"B\u0113rnu sp\u0113le","url":"https:\/\/kidsplay.lt\/","logo":{"@type":"ImageObject","inLanguage":"lv-LV","@id":"https:\/\/kidsplay.lt\/#\/schema\/logo\/image\/","url":"https:\/\/kidsplay.lt\/wp-content\/uploads\/2023\/07\/kidsplay-logo.png","contentUrl":"https:\/\/kidsplay.lt\/wp-content\/uploads\/2023\/07\/kidsplay-logo.png","width":451,"height":98,"caption":"KidsPlay"},"image":{"@id":"https:\/\/kidsplay.lt\/#\/schema\/logo\/image\/"},"sameAs":["https:\/\/www.facebook.com\/www.kidsplay.lt"]}]}},"_links":{"self":[{"href":"https:\/\/kidsplay.lt\/lv\/wp-json\/wp\/v2\/product\/25043","targetHints":{"allow":["GET"]}}],"collection":[{"href":"https:\/\/kidsplay.lt\/lv\/wp-json\/wp\/v2\/product"}],"about":[{"href":"https:\/\/kidsplay.lt\/lv\/wp-json\/wp\/v2\/types\/product"}],"version-history":[{"count":2,"href":"https:\/\/kidsplay.lt\/lv\/wp-json\/wp\/v2\/product\/25043\/revisions"}],"predecessor-version":[{"id":74352,"href":"https:\/\/kidsplay.lt\/lv\/wp-json\/wp\/v2\/product\/25043\/revisions\/74352"}],"wp:featuredmedia":[{"embeddable":true,"href":"https:\/\/kidsplay.lt\/lv\/wp-json\/wp\/v2\/media\/25182"}],"wp:attachment":[{"href":"https:\/\/kidsplay.lt\/lv\/wp-json\/wp\/v2\/media?parent=25043"}],"wp:term":[{"taxonomy":"product_brand","embeddable":true,"href":"https:\/\/kidsplay.lt\/lv\/wp-json\/wp\/v2\/product_brand?post=25043"},{"taxonomy":"product_cat","embeddable":true,"href":"https:\/\/kidsplay.lt\/lv\/wp-json\/wp\/v2\/product_cat?post=25043"},{"taxonomy":"product_tag","embeddable":true,"href":"https:\/\/kidsplay.lt\/lv\/wp-json\/wp\/v2\/product_tag?post=25043"}],"curies":[{"name":"wp","href":"https:\/\/api.w.org\/{rel}","templated":true}]}}