{"id":25070,"date":"2023-07-06T22:24:39","date_gmt":"2023-07-06T22:24:39","guid":{"rendered":"https:\/\/kidsplay.lt\/?post_type=product&#038;p=25070"},"modified":"2025-12-24T08:56:13","modified_gmt":"2025-12-24T06:56:13","slug":"dviratis-mergaitei-artpol-20-coliu-ratais","status":"publish","type":"product","link":"https:\/\/kidsplay.lt\/lv\/product\/dviratis-mergaitei-artpol-20-coliu-ratais\/","title":{"rendered":"Artpol meite\u0146u velosip\u0113ds ar 20 collu rite\u0146iem"},"content":{"rendered":"<p>Dviratis mergaitei Artpol 20 coli\u0173 ratais skirtas vaikams nuo 5 iki 8 &#8211; 9 met\u0173. Dviratis pagamintas i\u0161 auk\u0161tos kokyb\u0117s komponent\u0173, \u012fsp\u016bdingas dizainas ir d\u0117mesys detal\u0117ms neabejotinai yra \u0161io dvira\u010dio privalumai.<\/p>\n<p>Specifikacija:<\/p>\n<ul>\n<li>20 coli\u0173 da\u017eyti aliuminio ratlankiai,<\/li>\n<li>padangos 20 x 2.125<\/li>\n<li>priekiniai V formos stabd\u017eiai,<\/li>\n<li>galinis torpedinis stabdys &#8222;pedaluose&#8221;<\/li>\n<li>patogi s\u0117dyn\u0117,<\/li>\n<li>reguliuojamas vairas,<\/li>\n<li>grandin\u0117s apsauga,<\/li>\n<li>priekinis krep\u0161elis,<\/li>\n<li>sparnai,<\/li>\n<li>atspindin\u010dios \u0161viesos<\/li>\n<\/ul>","protected":false},"excerpt":{"rendered":"<p>Dviratis mergaitei Artpol 20 coli\u0173 ratais skirtas vaikams nuo 5 iki 8 &#8211; 9 met\u0173. Dviratis pagamintas i\u0161 auk\u0161tos kokyb\u0117s komponent\u0173, \u012fsp\u016bdingas dizainas ir d\u0117mesys detal\u0117ms neabejotinai yra \u0161io dvira\u010dio privalumai.<\/p>","protected":false},"featured_media":25221,"template":"","meta":{"_acf_changed":false,"_glsr_average":0,"_glsr_ranking":0,"_glsr_reviews":0},"product_brand":[],"product_cat":[245,237],"product_tag":[317],"class_list":{"0":"post-25070","1":"product","2":"type-product","3":"status-publish","4":"has-post-thumbnail","6":"product_cat-dviratukai","7":"product_cat-judejimo-priemones","8":"product_tag-vaikiskas-dviratukas","9":"\"style=\"background-color: #2ecc711c;\"","11":"first","12":"instock","13":"shipping-taxable","14":"purchasable","15":"product-type-variable"},"acf":[],"yoast_head":"<!-- This site is optimized with the Yoast SEO plugin v27.3 - https:\/\/yoast.com\/product\/yoast-seo-wordpress\/ -->\n<title>Dviratis mergaitei Artpol 20 coli\u0173 ratais - KidsPlay<\/title>\n<meta name=\"description\" content=\"Dviratis mergaitei Artpol 20 coli\u0173 ratais skirtas vaikams nuo 5 iki 8 - 9 met\u0173. Dviratis pagamintas i\u0161 auk\u0161tos kokyb\u0117s komponent\u0173, \u012fsp\u016bdingas dizainas.\" \/>\n<meta name=\"robots\" content=\"index, follow, max-snippet:-1, max-image-preview:large, max-video-preview:-1\" \/>\n<link rel=\"canonical\" href=\"https:\/\/kidsplay.lt\/lv\/product\/dviratis-mergaitei-artpol-20-coliu-ratais\/\" \/>\n<meta property=\"og:locale\" content=\"lv_LV\" \/>\n<meta property=\"og:type\" content=\"article\" \/>\n<meta property=\"og:title\" content=\"Dviratis mergaitei Artpol 20 coli\u0173 ratais - KidsPlay\" \/>\n<meta property=\"og:description\" content=\"Dviratis mergaitei Artpol 20 coli\u0173 ratais skirtas vaikams nuo 5 iki 8 - 9 met\u0173. Dviratis pagamintas i\u0161 auk\u0161tos kokyb\u0117s komponent\u0173, \u012fsp\u016bdingas dizainas.\" \/>\n<meta property=\"og:url\" content=\"https:\/\/kidsplay.lt\/lv\/product\/dviratis-mergaitei-artpol-20-coliu-ratais\/\" \/>\n<meta property=\"og:site_name\" content=\"KidsPlay\" \/>\n<meta property=\"article:publisher\" content=\"https:\/\/www.facebook.com\/www.kidsplay.lt\" \/>\n<meta property=\"article:modified_time\" content=\"2025-12-24T06:56:13+00:00\" \/>\n<meta property=\"og:image\" content=\"https:\/\/kidsplay.lt\/wp-content\/uploads\/2023\/07\/Dviratis-mergaitei-Artpol-20-coliu-ratais.jpg\" \/>\n\t<meta property=\"og:image:width\" content=\"1440\" \/>\n\t<meta property=\"og:image:height\" content=\"960\" \/>\n\t<meta property=\"og:image:type\" content=\"image\/jpeg\" \/>\n<meta name=\"twitter:card\" content=\"summary_large_image\" \/>\n<meta name=\"twitter:label1\" content=\"Est. reading time\" \/>\n\t<meta name=\"twitter:data1\" content=\"1 min\u016bte\" \/>\n<script type=\"application\/ld+json\" class=\"yoast-schema-graph\">{\"@context\":\"https:\\\/\\\/schema.org\",\"@graph\":[{\"@type\":\"WebPage\",\"@id\":\"https:\\\/\\\/kidsplay.lt\\\/produktas\\\/dviratis-mergaitei-artpol-20-coliu-ratais\\\/\",\"url\":\"https:\\\/\\\/kidsplay.lt\\\/produktas\\\/dviratis-mergaitei-artpol-20-coliu-ratais\\\/\",\"name\":\"Dviratis mergaitei Artpol 20 coli\u0173 ratais - KidsPlay\",\"isPartOf\":{\"@id\":\"https:\\\/\\\/kidsplay.lt\\\/#website\"},\"primaryImageOfPage\":{\"@id\":\"https:\\\/\\\/kidsplay.lt\\\/produktas\\\/dviratis-mergaitei-artpol-20-coliu-ratais\\\/#primaryimage\"},\"image\":{\"@id\":\"https:\\\/\\\/kidsplay.lt\\\/produktas\\\/dviratis-mergaitei-artpol-20-coliu-ratais\\\/#primaryimage\"},\"thumbnailUrl\":\"https:\\\/\\\/kidsplay.lt\\\/wp-content\\\/uploads\\\/2023\\\/07\\\/Dviratis-mergaitei-Artpol-20-coliu-ratais.jpg\",\"datePublished\":\"2023-07-06T22:24:39+00:00\",\"dateModified\":\"2025-12-24T06:56:13+00:00\",\"description\":\"Dviratis mergaitei Artpol 20 coli\u0173 ratais skirtas vaikams nuo 5 iki 8 - 9 met\u0173. Dviratis pagamintas i\u0161 auk\u0161tos kokyb\u0117s komponent\u0173, \u012fsp\u016bdingas dizainas.\",\"breadcrumb\":{\"@id\":\"https:\\\/\\\/kidsplay.lt\\\/produktas\\\/dviratis-mergaitei-artpol-20-coliu-ratais\\\/#breadcrumb\"},\"inLanguage\":\"lv-LV\",\"potentialAction\":[{\"@type\":\"ReadAction\",\"target\":[\"https:\\\/\\\/kidsplay.lt\\\/produktas\\\/dviratis-mergaitei-artpol-20-coliu-ratais\\\/\"]}]},{\"@type\":\"ImageObject\",\"inLanguage\":\"lv-LV\",\"@id\":\"https:\\\/\\\/kidsplay.lt\\\/produktas\\\/dviratis-mergaitei-artpol-20-coliu-ratais\\\/#primaryimage\",\"url\":\"https:\\\/\\\/kidsplay.lt\\\/wp-content\\\/uploads\\\/2023\\\/07\\\/Dviratis-mergaitei-Artpol-20-coliu-ratais.jpg\",\"contentUrl\":\"https:\\\/\\\/kidsplay.lt\\\/wp-content\\\/uploads\\\/2023\\\/07\\\/Dviratis-mergaitei-Artpol-20-coliu-ratais.jpg\",\"width\":1440,\"height\":960},{\"@type\":\"BreadcrumbList\",\"@id\":\"https:\\\/\\\/kidsplay.lt\\\/produktas\\\/dviratis-mergaitei-artpol-20-coliu-ratais\\\/#breadcrumb\",\"itemListElement\":[{\"@type\":\"ListItem\",\"position\":1,\"name\":\"Pagrindinis\",\"item\":\"https:\\\/\\\/kidsplay.lt\\\/\"},{\"@type\":\"ListItem\",\"position\":2,\"name\":\"Parduotuv\u0117\",\"item\":\"https:\\\/\\\/kidsplay.lt\\\/parduotuve\\\/\"},{\"@type\":\"ListItem\",\"position\":3,\"name\":\"Dviratis mergaitei Artpol 20 coli\u0173 ratais\"}]},{\"@type\":\"WebSite\",\"@id\":\"https:\\\/\\\/kidsplay.lt\\\/#website\",\"url\":\"https:\\\/\\\/kidsplay.lt\\\/\",\"name\":\"Kidsplay.lt\",\"description\":\"\u012evairios prek\u0117s vaikams\",\"publisher\":{\"@id\":\"https:\\\/\\\/kidsplay.lt\\\/#organization\"},\"alternateName\":\"Kidsplay\",\"potentialAction\":[{\"@type\":\"SearchAction\",\"target\":{\"@type\":\"EntryPoint\",\"urlTemplate\":\"https:\\\/\\\/kidsplay.lt\\\/?s={search_term_string}\"},\"query-input\":{\"@type\":\"PropertyValueSpecification\",\"valueRequired\":true,\"valueName\":\"search_term_string\"}}],\"inLanguage\":\"lv-LV\"},{\"@type\":\"Organization\",\"@id\":\"https:\\\/\\\/kidsplay.lt\\\/#organization\",\"name\":\"KidsPlay\",\"url\":\"https:\\\/\\\/kidsplay.lt\\\/\",\"logo\":{\"@type\":\"ImageObject\",\"inLanguage\":\"lv-LV\",\"@id\":\"https:\\\/\\\/kidsplay.lt\\\/#\\\/schema\\\/logo\\\/image\\\/\",\"url\":\"https:\\\/\\\/kidsplay.lt\\\/wp-content\\\/uploads\\\/2023\\\/07\\\/kidsplay-logo.png\",\"contentUrl\":\"https:\\\/\\\/kidsplay.lt\\\/wp-content\\\/uploads\\\/2023\\\/07\\\/kidsplay-logo.png\",\"width\":451,\"height\":98,\"caption\":\"KidsPlay\"},\"image\":{\"@id\":\"https:\\\/\\\/kidsplay.lt\\\/#\\\/schema\\\/logo\\\/image\\\/\"},\"sameAs\":[\"https:\\\/\\\/www.facebook.com\\\/www.kidsplay.lt\"]}]}<\/script>\n<!-- \/ Yoast SEO plugin. -->","yoast_head_json":{"title":"Dviratis mergaitei Artpol 20 coli\u0173 ratais - KidsPlay","description":"Dviratis mergaitei Artpol 20 coli\u0173 ratais skirtas vaikams nuo 5 iki 8 - 9 met\u0173. Dviratis pagamintas i\u0161 auk\u0161tos kokyb\u0117s komponent\u0173, \u012fsp\u016bdingas dizainas.","robots":{"index":"index","follow":"follow","max-snippet":"max-snippet:-1","max-image-preview":"max-image-preview:large","max-video-preview":"max-video-preview:-1"},"canonical":"https:\/\/kidsplay.lt\/lv\/product\/dviratis-mergaitei-artpol-20-coliu-ratais\/","og_locale":"lv_LV","og_type":"article","og_title":"Dviratis mergaitei Artpol 20 coli\u0173 ratais - KidsPlay","og_description":"Dviratis mergaitei Artpol 20 coli\u0173 ratais skirtas vaikams nuo 5 iki 8 - 9 met\u0173. Dviratis pagamintas i\u0161 auk\u0161tos kokyb\u0117s komponent\u0173, \u012fsp\u016bdingas dizainas.","og_url":"https:\/\/kidsplay.lt\/lv\/product\/dviratis-mergaitei-artpol-20-coliu-ratais\/","og_site_name":"KidsPlay","article_publisher":"https:\/\/www.facebook.com\/www.kidsplay.lt","article_modified_time":"2025-12-24T06:56:13+00:00","og_image":[{"width":1440,"height":960,"url":"https:\/\/kidsplay.lt\/wp-content\/uploads\/2023\/07\/Dviratis-mergaitei-Artpol-20-coliu-ratais.jpg","type":"image\/jpeg"}],"twitter_card":"summary_large_image","twitter_misc":{"Est. reading time":"1 min\u016bte"},"schema":{"@context":"https:\/\/schema.org","@graph":[{"@type":"WebPage","@id":"https:\/\/kidsplay.lt\/produktas\/dviratis-mergaitei-artpol-20-coliu-ratais\/","url":"https:\/\/kidsplay.lt\/produktas\/dviratis-mergaitei-artpol-20-coliu-ratais\/","name":"Dviratis mergaitei Artpol 20 coli\u0173 ratais - KidsPlay","isPartOf":{"@id":"https:\/\/kidsplay.lt\/#website"},"primaryImageOfPage":{"@id":"https:\/\/kidsplay.lt\/produktas\/dviratis-mergaitei-artpol-20-coliu-ratais\/#primaryimage"},"image":{"@id":"https:\/\/kidsplay.lt\/produktas\/dviratis-mergaitei-artpol-20-coliu-ratais\/#primaryimage"},"thumbnailUrl":"https:\/\/kidsplay.lt\/wp-content\/uploads\/2023\/07\/Dviratis-mergaitei-Artpol-20-coliu-ratais.jpg","datePublished":"2023-07-06T22:24:39+00:00","dateModified":"2025-12-24T06:56:13+00:00","description":"Dviratis mergaitei Artpol 20 coli\u0173 ratais skirtas vaikams nuo 5 iki 8 - 9 met\u0173. Dviratis pagamintas i\u0161 auk\u0161tos kokyb\u0117s komponent\u0173, \u012fsp\u016bdingas dizainas.","breadcrumb":{"@id":"https:\/\/kidsplay.lt\/produktas\/dviratis-mergaitei-artpol-20-coliu-ratais\/#breadcrumb"},"inLanguage":"lv-LV","potentialAction":[{"@type":"ReadAction","target":["https:\/\/kidsplay.lt\/produktas\/dviratis-mergaitei-artpol-20-coliu-ratais\/"]}]},{"@type":"ImageObject","inLanguage":"lv-LV","@id":"https:\/\/kidsplay.lt\/produktas\/dviratis-mergaitei-artpol-20-coliu-ratais\/#primaryimage","url":"https:\/\/kidsplay.lt\/wp-content\/uploads\/2023\/07\/Dviratis-mergaitei-Artpol-20-coliu-ratais.jpg","contentUrl":"https:\/\/kidsplay.lt\/wp-content\/uploads\/2023\/07\/Dviratis-mergaitei-Artpol-20-coliu-ratais.jpg","width":1440,"height":960},{"@type":"BreadcrumbList","@id":"https:\/\/kidsplay.lt\/produktas\/dviratis-mergaitei-artpol-20-coliu-ratais\/#breadcrumb","itemListElement":[{"@type":"ListItem","position":1,"name":"Pagrindinis","item":"https:\/\/kidsplay.lt\/"},{"@type":"ListItem","position":2,"name":"Parduotuv\u0117","item":"https:\/\/kidsplay.lt\/parduotuve\/"},{"@type":"ListItem","position":3,"name":"Dviratis mergaitei Artpol 20 coli\u0173 ratais"}]},{"@type":"WebSite","@id":"https:\/\/kidsplay.lt\/#website","url":"https:\/\/kidsplay.lt\/","name":"B\u0113rnu sp\u0113les.lv","description":"\u012evairios prek\u0117s vaikams","publisher":{"@id":"https:\/\/kidsplay.lt\/#organization"},"alternateName":"Kidsplay","potentialAction":[{"@type":"SearchAction","target":{"@type":"EntryPoint","urlTemplate":"https:\/\/kidsplay.lt\/?s={search_term_string}"},"query-input":{"@type":"PropertyValueSpecification","valueRequired":true,"valueName":"search_term_string"}}],"inLanguage":"lv-LV"},{"@type":"Organization","@id":"https:\/\/kidsplay.lt\/#organization","name":"B\u0113rnu sp\u0113le","url":"https:\/\/kidsplay.lt\/","logo":{"@type":"ImageObject","inLanguage":"lv-LV","@id":"https:\/\/kidsplay.lt\/#\/schema\/logo\/image\/","url":"https:\/\/kidsplay.lt\/wp-content\/uploads\/2023\/07\/kidsplay-logo.png","contentUrl":"https:\/\/kidsplay.lt\/wp-content\/uploads\/2023\/07\/kidsplay-logo.png","width":451,"height":98,"caption":"KidsPlay"},"image":{"@id":"https:\/\/kidsplay.lt\/#\/schema\/logo\/image\/"},"sameAs":["https:\/\/www.facebook.com\/www.kidsplay.lt"]}]}},"_links":{"self":[{"href":"https:\/\/kidsplay.lt\/lv\/wp-json\/wp\/v2\/product\/25070","targetHints":{"allow":["GET"]}}],"collection":[{"href":"https:\/\/kidsplay.lt\/lv\/wp-json\/wp\/v2\/product"}],"about":[{"href":"https:\/\/kidsplay.lt\/lv\/wp-json\/wp\/v2\/types\/product"}],"version-history":[{"count":2,"href":"https:\/\/kidsplay.lt\/lv\/wp-json\/wp\/v2\/product\/25070\/revisions"}],"predecessor-version":[{"id":65104,"href":"https:\/\/kidsplay.lt\/lv\/wp-json\/wp\/v2\/product\/25070\/revisions\/65104"}],"wp:featuredmedia":[{"embeddable":true,"href":"https:\/\/kidsplay.lt\/lv\/wp-json\/wp\/v2\/media\/25221"}],"wp:attachment":[{"href":"https:\/\/kidsplay.lt\/lv\/wp-json\/wp\/v2\/media?parent=25070"}],"wp:term":[{"taxonomy":"product_brand","embeddable":true,"href":"https:\/\/kidsplay.lt\/lv\/wp-json\/wp\/v2\/product_brand?post=25070"},{"taxonomy":"product_cat","embeddable":true,"href":"https:\/\/kidsplay.lt\/lv\/wp-json\/wp\/v2\/product_cat?post=25070"},{"taxonomy":"product_tag","embeddable":true,"href":"https:\/\/kidsplay.lt\/lv\/wp-json\/wp\/v2\/product_tag?post=25070"}],"curies":[{"name":"wp","href":"https:\/\/api.w.org\/{rel}","templated":true}]}}