{"id":25144,"date":"2023-07-06T22:25:46","date_gmt":"2023-07-06T22:25:46","guid":{"rendered":"https:\/\/kidsplay.lt\/?post_type=product&#038;p=25144"},"modified":"2025-12-24T08:57:23","modified_gmt":"2025-12-24T06:57:23","slug":"vaikiskas-sodininko-stalas-ecoiffier","status":"publish","type":"product","link":"https:\/\/kidsplay.lt\/lv\/products\/vaikiskas-sodininko-stalas-ecoiffier\/","title":{"rendered":"B\u0113rnu d\u0101rza galds Ecoiffier"},"content":{"rendered":"<p>Vaiki\u0161kas sodininko stalas Ecoiffier leis j\u016bs\u0173 vaikui pasijusti tikru sodininku! Stalas turi tinkamus matmenis, kad kiekvienas vaikas jaust\u0173si patogiai. \u012e komplektacij\u0105 \u012feinantys priedai leis sodinti sodinukus, kasti, purenti \u017eem\u0119 ir rav\u0117ti. Stalas pagamintas i\u0161 patvari\u0173 ir tvirt\u0173 med\u017eiag\u0173, galite b\u016bti tikri, kad net ilgai ir da\u017enai naudojant jis vis tiek atrodys puikiai.<\/p>\n<ul>\n<li>i\u0161matavimai: 43 x 27,5 x 31 cm<\/li>\n<\/ul>","protected":false},"excerpt":{"rendered":"<p>Vaiki\u0161kas sodininko stalas Ecoiffier leis j\u016bs\u0173 vaikui pasijusti tikru sodininku! Stalas turi tinkamus matmenis, kad kiekvienas vaikas jaust\u0173si patogiai.<\/p>","protected":false},"featured_media":25322,"template":"","meta":{"_acf_changed":false,"_glsr_average":0,"_glsr_ranking":0,"_glsr_reviews":0},"product_brand":[],"product_cat":[233],"product_tag":[],"class_list":{"0":"post-25144","1":"product","2":"type-product","3":"status-publish","4":"has-post-thumbnail","6":"product_cat-lauko-pramogos","7":"\"style=\"background-color: #2ecc711c;\"","9":"first","10":"instock","11":"shipping-taxable","12":"purchasable","13":"product-type-simple"},"acf":[],"yoast_head":"<!-- This site is optimized with the Yoast SEO plugin v27.3 - https:\/\/yoast.com\/product\/yoast-seo-wordpress\/ -->\n<title>Vaiki\u0161kas sodininko stalas Ecoiffier - KidsPlay<\/title>\n<meta name=\"description\" content=\"Vaiki\u0161kas sodininko stalas Ecoiffier leis j\u016bs\u0173 vaikui pasijusti tikru sodininku! Stalas turi tinkamus matmenis, kad kiekvienas vaikas jaust\u0173si patogiai.\" \/>\n<meta name=\"robots\" content=\"index, follow, max-snippet:-1, max-image-preview:large, max-video-preview:-1\" \/>\n<link rel=\"canonical\" href=\"https:\/\/kidsplay.lt\/lv\/products\/vaikiskas-sodininko-stalas-ecoiffier\/\" \/>\n<meta property=\"og:locale\" content=\"lv_LV\" \/>\n<meta property=\"og:type\" content=\"article\" \/>\n<meta property=\"og:title\" content=\"Vaiki\u0161kas sodininko stalas Ecoiffier - KidsPlay\" \/>\n<meta property=\"og:description\" content=\"Vaiki\u0161kas sodininko stalas Ecoiffier leis j\u016bs\u0173 vaikui pasijusti tikru sodininku! Stalas turi tinkamus matmenis, kad kiekvienas vaikas jaust\u0173si patogiai.\" \/>\n<meta property=\"og:url\" content=\"https:\/\/kidsplay.lt\/lv\/products\/vaikiskas-sodininko-stalas-ecoiffier\/\" \/>\n<meta property=\"og:site_name\" content=\"KidsPlay\" \/>\n<meta property=\"article:publisher\" content=\"https:\/\/www.facebook.com\/www.kidsplay.lt\" \/>\n<meta property=\"article:modified_time\" content=\"2025-12-24T06:57:23+00:00\" \/>\n<meta property=\"og:image\" content=\"https:\/\/kidsplay.lt\/wp-content\/uploads\/2023\/07\/Vaikiskas-sodininko-stalas-Ecoiffier.jpg\" \/>\n\t<meta property=\"og:image:width\" content=\"2000\" \/>\n\t<meta property=\"og:image:height\" content=\"1500\" \/>\n\t<meta property=\"og:image:type\" content=\"image\/jpeg\" \/>\n<meta name=\"twitter:card\" content=\"summary_large_image\" \/>\n<script type=\"application\/ld+json\" class=\"yoast-schema-graph\">{\"@context\":\"https:\\\/\\\/schema.org\",\"@graph\":[{\"@type\":\"WebPage\",\"@id\":\"https:\\\/\\\/kidsplay.lt\\\/produktas\\\/vaikiskas-sodininko-stalas-ecoiffier\\\/\",\"url\":\"https:\\\/\\\/kidsplay.lt\\\/produktas\\\/vaikiskas-sodininko-stalas-ecoiffier\\\/\",\"name\":\"Vaiki\u0161kas sodininko stalas Ecoiffier - KidsPlay\",\"isPartOf\":{\"@id\":\"https:\\\/\\\/kidsplay.lt\\\/#website\"},\"primaryImageOfPage\":{\"@id\":\"https:\\\/\\\/kidsplay.lt\\\/produktas\\\/vaikiskas-sodininko-stalas-ecoiffier\\\/#primaryimage\"},\"image\":{\"@id\":\"https:\\\/\\\/kidsplay.lt\\\/produktas\\\/vaikiskas-sodininko-stalas-ecoiffier\\\/#primaryimage\"},\"thumbnailUrl\":\"https:\\\/\\\/kidsplay.lt\\\/wp-content\\\/uploads\\\/2023\\\/07\\\/Vaikiskas-sodininko-stalas-Ecoiffier.jpg\",\"datePublished\":\"2023-07-06T22:25:46+00:00\",\"dateModified\":\"2025-12-24T06:57:23+00:00\",\"description\":\"Vaiki\u0161kas sodininko stalas Ecoiffier leis j\u016bs\u0173 vaikui pasijusti tikru sodininku! Stalas turi tinkamus matmenis, kad kiekvienas vaikas jaust\u0173si patogiai.\",\"breadcrumb\":{\"@id\":\"https:\\\/\\\/kidsplay.lt\\\/produktas\\\/vaikiskas-sodininko-stalas-ecoiffier\\\/#breadcrumb\"},\"inLanguage\":\"lv-LV\",\"potentialAction\":[{\"@type\":\"ReadAction\",\"target\":[\"https:\\\/\\\/kidsplay.lt\\\/produktas\\\/vaikiskas-sodininko-stalas-ecoiffier\\\/\"]}]},{\"@type\":\"ImageObject\",\"inLanguage\":\"lv-LV\",\"@id\":\"https:\\\/\\\/kidsplay.lt\\\/produktas\\\/vaikiskas-sodininko-stalas-ecoiffier\\\/#primaryimage\",\"url\":\"https:\\\/\\\/kidsplay.lt\\\/wp-content\\\/uploads\\\/2023\\\/07\\\/Vaikiskas-sodininko-stalas-Ecoiffier.jpg\",\"contentUrl\":\"https:\\\/\\\/kidsplay.lt\\\/wp-content\\\/uploads\\\/2023\\\/07\\\/Vaikiskas-sodininko-stalas-Ecoiffier.jpg\",\"width\":2000,\"height\":1500},{\"@type\":\"BreadcrumbList\",\"@id\":\"https:\\\/\\\/kidsplay.lt\\\/produktas\\\/vaikiskas-sodininko-stalas-ecoiffier\\\/#breadcrumb\",\"itemListElement\":[{\"@type\":\"ListItem\",\"position\":1,\"name\":\"Pagrindinis\",\"item\":\"https:\\\/\\\/kidsplay.lt\\\/\"},{\"@type\":\"ListItem\",\"position\":2,\"name\":\"Parduotuv\u0117\",\"item\":\"https:\\\/\\\/kidsplay.lt\\\/parduotuve\\\/\"},{\"@type\":\"ListItem\",\"position\":3,\"name\":\"Vaiki\u0161kas sodininko stalas Ecoiffier\"}]},{\"@type\":\"WebSite\",\"@id\":\"https:\\\/\\\/kidsplay.lt\\\/#website\",\"url\":\"https:\\\/\\\/kidsplay.lt\\\/\",\"name\":\"Kidsplay.lt\",\"description\":\"\u012evairios prek\u0117s vaikams\",\"publisher\":{\"@id\":\"https:\\\/\\\/kidsplay.lt\\\/#organization\"},\"alternateName\":\"Kidsplay\",\"potentialAction\":[{\"@type\":\"SearchAction\",\"target\":{\"@type\":\"EntryPoint\",\"urlTemplate\":\"https:\\\/\\\/kidsplay.lt\\\/?s={search_term_string}\"},\"query-input\":{\"@type\":\"PropertyValueSpecification\",\"valueRequired\":true,\"valueName\":\"search_term_string\"}}],\"inLanguage\":\"lv-LV\"},{\"@type\":\"Organization\",\"@id\":\"https:\\\/\\\/kidsplay.lt\\\/#organization\",\"name\":\"KidsPlay\",\"url\":\"https:\\\/\\\/kidsplay.lt\\\/\",\"logo\":{\"@type\":\"ImageObject\",\"inLanguage\":\"lv-LV\",\"@id\":\"https:\\\/\\\/kidsplay.lt\\\/#\\\/schema\\\/logo\\\/image\\\/\",\"url\":\"https:\\\/\\\/kidsplay.lt\\\/wp-content\\\/uploads\\\/2023\\\/07\\\/kidsplay-logo.png\",\"contentUrl\":\"https:\\\/\\\/kidsplay.lt\\\/wp-content\\\/uploads\\\/2023\\\/07\\\/kidsplay-logo.png\",\"width\":451,\"height\":98,\"caption\":\"KidsPlay\"},\"image\":{\"@id\":\"https:\\\/\\\/kidsplay.lt\\\/#\\\/schema\\\/logo\\\/image\\\/\"},\"sameAs\":[\"https:\\\/\\\/www.facebook.com\\\/www.kidsplay.lt\"]}]}<\/script>\n<!-- \/ Yoast SEO plugin. -->","yoast_head_json":{"title":"Vaiki\u0161kas sodininko stalas Ecoiffier - KidsPlay","description":"Vaiki\u0161kas sodininko stalas Ecoiffier leis j\u016bs\u0173 vaikui pasijusti tikru sodininku! Stalas turi tinkamus matmenis, kad kiekvienas vaikas jaust\u0173si patogiai.","robots":{"index":"index","follow":"follow","max-snippet":"max-snippet:-1","max-image-preview":"max-image-preview:large","max-video-preview":"max-video-preview:-1"},"canonical":"https:\/\/kidsplay.lt\/lv\/products\/vaikiskas-sodininko-stalas-ecoiffier\/","og_locale":"lv_LV","og_type":"article","og_title":"Vaiki\u0161kas sodininko stalas Ecoiffier - KidsPlay","og_description":"Vaiki\u0161kas sodininko stalas Ecoiffier leis j\u016bs\u0173 vaikui pasijusti tikru sodininku! Stalas turi tinkamus matmenis, kad kiekvienas vaikas jaust\u0173si patogiai.","og_url":"https:\/\/kidsplay.lt\/lv\/products\/vaikiskas-sodininko-stalas-ecoiffier\/","og_site_name":"KidsPlay","article_publisher":"https:\/\/www.facebook.com\/www.kidsplay.lt","article_modified_time":"2025-12-24T06:57:23+00:00","og_image":[{"width":2000,"height":1500,"url":"https:\/\/kidsplay.lt\/wp-content\/uploads\/2023\/07\/Vaikiskas-sodininko-stalas-Ecoiffier.jpg","type":"image\/jpeg"}],"twitter_card":"summary_large_image","schema":{"@context":"https:\/\/schema.org","@graph":[{"@type":"WebPage","@id":"https:\/\/kidsplay.lt\/produktas\/vaikiskas-sodininko-stalas-ecoiffier\/","url":"https:\/\/kidsplay.lt\/produktas\/vaikiskas-sodininko-stalas-ecoiffier\/","name":"Vaiki\u0161kas sodininko stalas Ecoiffier - KidsPlay","isPartOf":{"@id":"https:\/\/kidsplay.lt\/#website"},"primaryImageOfPage":{"@id":"https:\/\/kidsplay.lt\/produktas\/vaikiskas-sodininko-stalas-ecoiffier\/#primaryimage"},"image":{"@id":"https:\/\/kidsplay.lt\/produktas\/vaikiskas-sodininko-stalas-ecoiffier\/#primaryimage"},"thumbnailUrl":"https:\/\/kidsplay.lt\/wp-content\/uploads\/2023\/07\/Vaikiskas-sodininko-stalas-Ecoiffier.jpg","datePublished":"2023-07-06T22:25:46+00:00","dateModified":"2025-12-24T06:57:23+00:00","description":"Vaiki\u0161kas sodininko stalas Ecoiffier leis j\u016bs\u0173 vaikui pasijusti tikru sodininku! Stalas turi tinkamus matmenis, kad kiekvienas vaikas jaust\u0173si patogiai.","breadcrumb":{"@id":"https:\/\/kidsplay.lt\/produktas\/vaikiskas-sodininko-stalas-ecoiffier\/#breadcrumb"},"inLanguage":"lv-LV","potentialAction":[{"@type":"ReadAction","target":["https:\/\/kidsplay.lt\/produktas\/vaikiskas-sodininko-stalas-ecoiffier\/"]}]},{"@type":"ImageObject","inLanguage":"lv-LV","@id":"https:\/\/kidsplay.lt\/produktas\/vaikiskas-sodininko-stalas-ecoiffier\/#primaryimage","url":"https:\/\/kidsplay.lt\/wp-content\/uploads\/2023\/07\/Vaikiskas-sodininko-stalas-Ecoiffier.jpg","contentUrl":"https:\/\/kidsplay.lt\/wp-content\/uploads\/2023\/07\/Vaikiskas-sodininko-stalas-Ecoiffier.jpg","width":2000,"height":1500},{"@type":"BreadcrumbList","@id":"https:\/\/kidsplay.lt\/produktas\/vaikiskas-sodininko-stalas-ecoiffier\/#breadcrumb","itemListElement":[{"@type":"ListItem","position":1,"name":"Pagrindinis","item":"https:\/\/kidsplay.lt\/"},{"@type":"ListItem","position":2,"name":"Parduotuv\u0117","item":"https:\/\/kidsplay.lt\/parduotuve\/"},{"@type":"ListItem","position":3,"name":"Vaiki\u0161kas sodininko stalas Ecoiffier"}]},{"@type":"WebSite","@id":"https:\/\/kidsplay.lt\/#website","url":"https:\/\/kidsplay.lt\/","name":"B\u0113rnu sp\u0113les.lv","description":"\u012evairios prek\u0117s vaikams","publisher":{"@id":"https:\/\/kidsplay.lt\/#organization"},"alternateName":"Kidsplay","potentialAction":[{"@type":"SearchAction","target":{"@type":"EntryPoint","urlTemplate":"https:\/\/kidsplay.lt\/?s={search_term_string}"},"query-input":{"@type":"PropertyValueSpecification","valueRequired":true,"valueName":"search_term_string"}}],"inLanguage":"lv-LV"},{"@type":"Organization","@id":"https:\/\/kidsplay.lt\/#organization","name":"B\u0113rnu sp\u0113le","url":"https:\/\/kidsplay.lt\/","logo":{"@type":"ImageObject","inLanguage":"lv-LV","@id":"https:\/\/kidsplay.lt\/#\/schema\/logo\/image\/","url":"https:\/\/kidsplay.lt\/wp-content\/uploads\/2023\/07\/kidsplay-logo.png","contentUrl":"https:\/\/kidsplay.lt\/wp-content\/uploads\/2023\/07\/kidsplay-logo.png","width":451,"height":98,"caption":"KidsPlay"},"image":{"@id":"https:\/\/kidsplay.lt\/#\/schema\/logo\/image\/"},"sameAs":["https:\/\/www.facebook.com\/www.kidsplay.lt"]}]}},"_links":{"self":[{"href":"https:\/\/kidsplay.lt\/lv\/wp-json\/wp\/v2\/product\/25144","targetHints":{"allow":["GET"]}}],"collection":[{"href":"https:\/\/kidsplay.lt\/lv\/wp-json\/wp\/v2\/product"}],"about":[{"href":"https:\/\/kidsplay.lt\/lv\/wp-json\/wp\/v2\/types\/product"}],"version-history":[{"count":2,"href":"https:\/\/kidsplay.lt\/lv\/wp-json\/wp\/v2\/product\/25144\/revisions"}],"predecessor-version":[{"id":74353,"href":"https:\/\/kidsplay.lt\/lv\/wp-json\/wp\/v2\/product\/25144\/revisions\/74353"}],"wp:featuredmedia":[{"embeddable":true,"href":"https:\/\/kidsplay.lt\/lv\/wp-json\/wp\/v2\/media\/25322"}],"wp:attachment":[{"href":"https:\/\/kidsplay.lt\/lv\/wp-json\/wp\/v2\/media?parent=25144"}],"wp:term":[{"taxonomy":"product_brand","embeddable":true,"href":"https:\/\/kidsplay.lt\/lv\/wp-json\/wp\/v2\/product_brand?post=25144"},{"taxonomy":"product_cat","embeddable":true,"href":"https:\/\/kidsplay.lt\/lv\/wp-json\/wp\/v2\/product_cat?post=25144"},{"taxonomy":"product_tag","embeddable":true,"href":"https:\/\/kidsplay.lt\/lv\/wp-json\/wp\/v2\/product_tag?post=25144"}],"curies":[{"name":"wp","href":"https:\/\/api.w.org\/{rel}","templated":true}]}}