{"id":25145,"date":"2023-07-06T22:25:46","date_gmt":"2023-07-06T22:25:46","guid":{"rendered":"https:\/\/kidsplay.lt\/?post_type=product&#038;p=25145"},"modified":"2025-10-04T14:27:22","modified_gmt":"2025-10-04T11:27:22","slug":"vaiku-zaidimu-namelis-frozen","status":"publish","type":"product","link":"https:\/\/kidsplay.lt\/lv\/products\/vaiku-zaidimu-namelis-frozen\/","title":{"rendered":"Vaik\u0173 \u017eaidim\u0173 namelis Frozen"},"content":{"rendered":"<p>Vaik\u0173 \u017eaidim\u0173 namelis Frozen vaikams suteiks daug pramog\u0173. Papildomi sodo namelio privalumai \u2013 solidus apdirbimas su d\u0117mesiu detal\u0117ms ir danga nuo UV spinduli\u0173, u\u017etikrinanti ilgaam\u017ei\u0161kum\u0105 ir spalv\u0173 patvarum\u0105. Namo spalvose dominuoja balta ir m\u0117lyna, o stogas violetinis. Jame yra atidaromos durys su Elzos ir Anos atvaizdu ir didel\u0117s lang\u0173 angos, i\u0161 kuri\u0173 2 yra \u017ealiuz\u0117s.<\/p>\n<ul>\n<li>Namo matmenys: 127 x 110 x 105 cm<\/li>\n<\/ul>","protected":false},"excerpt":{"rendered":"<p>Vaik\u0173 \u017eaidim\u0173 namelis Frozen vaikams suteiks daug pramog\u0173. Papildomi sodo namelio privalumai \u2013 solidus apdirbimas su d\u0117mesiu detal\u0117ms ir danga nuo UV spinduli\u0173, u\u017etikrinanti ilgaam\u017ei\u0161kum\u0105 ir spalv\u0173 patvarum\u0105.<\/p>","protected":false},"featured_media":25328,"template":"","meta":{"_acf_changed":false,"_glsr_average":0,"_glsr_ranking":0,"_glsr_reviews":0},"product_brand":[],"product_cat":[233,234],"product_tag":[316],"class_list":{"0":"post-25145","1":"product","2":"type-product","3":"status-publish","4":"has-post-thumbnail","6":"product_cat-lauko-pramogos","7":"product_cat-vaikiski-nameliai","8":"product_tag-zaidimu-nameliai","9":"\"style=\"background-color: #2ecc711c;\"","11":"first","12":"instock","13":"shipping-taxable","14":"purchasable","15":"product-type-simple"},"acf":[],"yoast_head":"<!-- This site is optimized with the Yoast SEO plugin v27.3 - https:\/\/yoast.com\/product\/yoast-seo-wordpress\/ -->\n<title>Vaik\u0173 \u017eaidim\u0173 namelis Frozen - KidsPlay<\/title>\n<meta name=\"description\" content=\"Vaik\u0173 \u017eaidim\u0173 namelis Frozen vaikams suteiks daug pramog\u0173. Papildomi sodo namelio privalumai \u2013 solidus apdirbimas su d\u0117mesiu detal\u0117ms.\" \/>\n<meta name=\"robots\" content=\"index, follow, max-snippet:-1, max-image-preview:large, max-video-preview:-1\" \/>\n<link rel=\"canonical\" href=\"https:\/\/kidsplay.lt\/lv\/products\/vaiku-zaidimu-namelis-frozen\/\" \/>\n<meta property=\"og:locale\" content=\"lv_LV\" \/>\n<meta property=\"og:type\" content=\"article\" \/>\n<meta property=\"og:title\" content=\"Vaik\u0173 \u017eaidim\u0173 namelis Frozen - KidsPlay\" \/>\n<meta property=\"og:description\" content=\"Vaik\u0173 \u017eaidim\u0173 namelis Frozen vaikams suteiks daug pramog\u0173. Papildomi sodo namelio privalumai \u2013 solidus apdirbimas su d\u0117mesiu detal\u0117ms.\" \/>\n<meta property=\"og:url\" content=\"https:\/\/kidsplay.lt\/lv\/products\/vaiku-zaidimu-namelis-frozen\/\" \/>\n<meta property=\"og:site_name\" content=\"KidsPlay\" \/>\n<meta property=\"article:publisher\" content=\"https:\/\/www.facebook.com\/www.kidsplay.lt\" \/>\n<meta property=\"article:modified_time\" content=\"2025-10-04T11:27:22+00:00\" \/>\n<meta property=\"og:image\" content=\"https:\/\/kidsplay.lt\/wp-content\/uploads\/2023\/07\/Vaiku-zaidimu-namelis-Frozen.jpg\" \/>\n\t<meta property=\"og:image:width\" content=\"701\" \/>\n\t<meta property=\"og:image:height\" content=\"720\" \/>\n\t<meta property=\"og:image:type\" content=\"image\/jpeg\" \/>\n<meta name=\"twitter:card\" content=\"summary_large_image\" \/>\n<script type=\"application\/ld+json\" class=\"yoast-schema-graph\">{\"@context\":\"https:\\\/\\\/schema.org\",\"@graph\":[{\"@type\":\"WebPage\",\"@id\":\"https:\\\/\\\/kidsplay.lt\\\/produktas\\\/vaiku-zaidimu-namelis-frozen\\\/\",\"url\":\"https:\\\/\\\/kidsplay.lt\\\/produktas\\\/vaiku-zaidimu-namelis-frozen\\\/\",\"name\":\"Vaik\u0173 \u017eaidim\u0173 namelis Frozen - KidsPlay\",\"isPartOf\":{\"@id\":\"https:\\\/\\\/kidsplay.lt\\\/#website\"},\"primaryImageOfPage\":{\"@id\":\"https:\\\/\\\/kidsplay.lt\\\/produktas\\\/vaiku-zaidimu-namelis-frozen\\\/#primaryimage\"},\"image\":{\"@id\":\"https:\\\/\\\/kidsplay.lt\\\/produktas\\\/vaiku-zaidimu-namelis-frozen\\\/#primaryimage\"},\"thumbnailUrl\":\"https:\\\/\\\/kidsplay.lt\\\/wp-content\\\/uploads\\\/2023\\\/07\\\/Vaiku-zaidimu-namelis-Frozen.jpg\",\"datePublished\":\"2023-07-06T22:25:46+00:00\",\"dateModified\":\"2025-10-04T11:27:22+00:00\",\"description\":\"Vaik\u0173 \u017eaidim\u0173 namelis Frozen vaikams suteiks daug pramog\u0173. Papildomi sodo namelio privalumai \u2013 solidus apdirbimas su d\u0117mesiu detal\u0117ms.\",\"breadcrumb\":{\"@id\":\"https:\\\/\\\/kidsplay.lt\\\/produktas\\\/vaiku-zaidimu-namelis-frozen\\\/#breadcrumb\"},\"inLanguage\":\"lv-LV\",\"potentialAction\":[{\"@type\":\"ReadAction\",\"target\":[\"https:\\\/\\\/kidsplay.lt\\\/produktas\\\/vaiku-zaidimu-namelis-frozen\\\/\"]}]},{\"@type\":\"ImageObject\",\"inLanguage\":\"lv-LV\",\"@id\":\"https:\\\/\\\/kidsplay.lt\\\/produktas\\\/vaiku-zaidimu-namelis-frozen\\\/#primaryimage\",\"url\":\"https:\\\/\\\/kidsplay.lt\\\/wp-content\\\/uploads\\\/2023\\\/07\\\/Vaiku-zaidimu-namelis-Frozen.jpg\",\"contentUrl\":\"https:\\\/\\\/kidsplay.lt\\\/wp-content\\\/uploads\\\/2023\\\/07\\\/Vaiku-zaidimu-namelis-Frozen.jpg\",\"width\":701,\"height\":720},{\"@type\":\"BreadcrumbList\",\"@id\":\"https:\\\/\\\/kidsplay.lt\\\/produktas\\\/vaiku-zaidimu-namelis-frozen\\\/#breadcrumb\",\"itemListElement\":[{\"@type\":\"ListItem\",\"position\":1,\"name\":\"Pagrindinis\",\"item\":\"https:\\\/\\\/kidsplay.lt\\\/\"},{\"@type\":\"ListItem\",\"position\":2,\"name\":\"Parduotuv\u0117\",\"item\":\"https:\\\/\\\/kidsplay.lt\\\/parduotuve\\\/\"},{\"@type\":\"ListItem\",\"position\":3,\"name\":\"Vaik\u0173 \u017eaidim\u0173 namelis Frozen\"}]},{\"@type\":\"WebSite\",\"@id\":\"https:\\\/\\\/kidsplay.lt\\\/#website\",\"url\":\"https:\\\/\\\/kidsplay.lt\\\/\",\"name\":\"Kidsplay.lt\",\"description\":\"\u012evairios prek\u0117s vaikams\",\"publisher\":{\"@id\":\"https:\\\/\\\/kidsplay.lt\\\/#organization\"},\"alternateName\":\"Kidsplay\",\"potentialAction\":[{\"@type\":\"SearchAction\",\"target\":{\"@type\":\"EntryPoint\",\"urlTemplate\":\"https:\\\/\\\/kidsplay.lt\\\/?s={search_term_string}\"},\"query-input\":{\"@type\":\"PropertyValueSpecification\",\"valueRequired\":true,\"valueName\":\"search_term_string\"}}],\"inLanguage\":\"lv-LV\"},{\"@type\":\"Organization\",\"@id\":\"https:\\\/\\\/kidsplay.lt\\\/#organization\",\"name\":\"KidsPlay\",\"url\":\"https:\\\/\\\/kidsplay.lt\\\/\",\"logo\":{\"@type\":\"ImageObject\",\"inLanguage\":\"lv-LV\",\"@id\":\"https:\\\/\\\/kidsplay.lt\\\/#\\\/schema\\\/logo\\\/image\\\/\",\"url\":\"https:\\\/\\\/kidsplay.lt\\\/wp-content\\\/uploads\\\/2023\\\/07\\\/kidsplay-logo.png\",\"contentUrl\":\"https:\\\/\\\/kidsplay.lt\\\/wp-content\\\/uploads\\\/2023\\\/07\\\/kidsplay-logo.png\",\"width\":451,\"height\":98,\"caption\":\"KidsPlay\"},\"image\":{\"@id\":\"https:\\\/\\\/kidsplay.lt\\\/#\\\/schema\\\/logo\\\/image\\\/\"},\"sameAs\":[\"https:\\\/\\\/www.facebook.com\\\/www.kidsplay.lt\"]}]}<\/script>\n<!-- \/ Yoast SEO plugin. -->","yoast_head_json":{"title":"Vaik\u0173 \u017eaidim\u0173 namelis Frozen - KidsPlay","description":"Vaik\u0173 \u017eaidim\u0173 namelis Frozen vaikams suteiks daug pramog\u0173. Papildomi sodo namelio privalumai \u2013 solidus apdirbimas su d\u0117mesiu detal\u0117ms.","robots":{"index":"index","follow":"follow","max-snippet":"max-snippet:-1","max-image-preview":"max-image-preview:large","max-video-preview":"max-video-preview:-1"},"canonical":"https:\/\/kidsplay.lt\/lv\/products\/vaiku-zaidimu-namelis-frozen\/","og_locale":"lv_LV","og_type":"article","og_title":"Vaik\u0173 \u017eaidim\u0173 namelis Frozen - KidsPlay","og_description":"Vaik\u0173 \u017eaidim\u0173 namelis Frozen vaikams suteiks daug pramog\u0173. Papildomi sodo namelio privalumai \u2013 solidus apdirbimas su d\u0117mesiu detal\u0117ms.","og_url":"https:\/\/kidsplay.lt\/lv\/products\/vaiku-zaidimu-namelis-frozen\/","og_site_name":"KidsPlay","article_publisher":"https:\/\/www.facebook.com\/www.kidsplay.lt","article_modified_time":"2025-10-04T11:27:22+00:00","og_image":[{"width":701,"height":720,"url":"https:\/\/kidsplay.lt\/wp-content\/uploads\/2023\/07\/Vaiku-zaidimu-namelis-Frozen.jpg","type":"image\/jpeg"}],"twitter_card":"summary_large_image","schema":{"@context":"https:\/\/schema.org","@graph":[{"@type":"WebPage","@id":"https:\/\/kidsplay.lt\/produktas\/vaiku-zaidimu-namelis-frozen\/","url":"https:\/\/kidsplay.lt\/produktas\/vaiku-zaidimu-namelis-frozen\/","name":"Vaik\u0173 \u017eaidim\u0173 namelis Frozen - KidsPlay","isPartOf":{"@id":"https:\/\/kidsplay.lt\/#website"},"primaryImageOfPage":{"@id":"https:\/\/kidsplay.lt\/produktas\/vaiku-zaidimu-namelis-frozen\/#primaryimage"},"image":{"@id":"https:\/\/kidsplay.lt\/produktas\/vaiku-zaidimu-namelis-frozen\/#primaryimage"},"thumbnailUrl":"https:\/\/kidsplay.lt\/wp-content\/uploads\/2023\/07\/Vaiku-zaidimu-namelis-Frozen.jpg","datePublished":"2023-07-06T22:25:46+00:00","dateModified":"2025-10-04T11:27:22+00:00","description":"Vaik\u0173 \u017eaidim\u0173 namelis Frozen vaikams suteiks daug pramog\u0173. Papildomi sodo namelio privalumai \u2013 solidus apdirbimas su d\u0117mesiu detal\u0117ms.","breadcrumb":{"@id":"https:\/\/kidsplay.lt\/produktas\/vaiku-zaidimu-namelis-frozen\/#breadcrumb"},"inLanguage":"lv-LV","potentialAction":[{"@type":"ReadAction","target":["https:\/\/kidsplay.lt\/produktas\/vaiku-zaidimu-namelis-frozen\/"]}]},{"@type":"ImageObject","inLanguage":"lv-LV","@id":"https:\/\/kidsplay.lt\/produktas\/vaiku-zaidimu-namelis-frozen\/#primaryimage","url":"https:\/\/kidsplay.lt\/wp-content\/uploads\/2023\/07\/Vaiku-zaidimu-namelis-Frozen.jpg","contentUrl":"https:\/\/kidsplay.lt\/wp-content\/uploads\/2023\/07\/Vaiku-zaidimu-namelis-Frozen.jpg","width":701,"height":720},{"@type":"BreadcrumbList","@id":"https:\/\/kidsplay.lt\/produktas\/vaiku-zaidimu-namelis-frozen\/#breadcrumb","itemListElement":[{"@type":"ListItem","position":1,"name":"Pagrindinis","item":"https:\/\/kidsplay.lt\/"},{"@type":"ListItem","position":2,"name":"Parduotuv\u0117","item":"https:\/\/kidsplay.lt\/parduotuve\/"},{"@type":"ListItem","position":3,"name":"Vaik\u0173 \u017eaidim\u0173 namelis Frozen"}]},{"@type":"WebSite","@id":"https:\/\/kidsplay.lt\/#website","url":"https:\/\/kidsplay.lt\/","name":"B\u0113rnu sp\u0113les.lv","description":"\u012evairios prek\u0117s vaikams","publisher":{"@id":"https:\/\/kidsplay.lt\/#organization"},"alternateName":"Kidsplay","potentialAction":[{"@type":"SearchAction","target":{"@type":"EntryPoint","urlTemplate":"https:\/\/kidsplay.lt\/?s={search_term_string}"},"query-input":{"@type":"PropertyValueSpecification","valueRequired":true,"valueName":"search_term_string"}}],"inLanguage":"lv-LV"},{"@type":"Organization","@id":"https:\/\/kidsplay.lt\/#organization","name":"B\u0113rnu sp\u0113le","url":"https:\/\/kidsplay.lt\/","logo":{"@type":"ImageObject","inLanguage":"lv-LV","@id":"https:\/\/kidsplay.lt\/#\/schema\/logo\/image\/","url":"https:\/\/kidsplay.lt\/wp-content\/uploads\/2023\/07\/kidsplay-logo.png","contentUrl":"https:\/\/kidsplay.lt\/wp-content\/uploads\/2023\/07\/kidsplay-logo.png","width":451,"height":98,"caption":"KidsPlay"},"image":{"@id":"https:\/\/kidsplay.lt\/#\/schema\/logo\/image\/"},"sameAs":["https:\/\/www.facebook.com\/www.kidsplay.lt"]}]}},"_links":{"self":[{"href":"https:\/\/kidsplay.lt\/lv\/wp-json\/wp\/v2\/product\/25145","targetHints":{"allow":["GET"]}}],"collection":[{"href":"https:\/\/kidsplay.lt\/lv\/wp-json\/wp\/v2\/product"}],"about":[{"href":"https:\/\/kidsplay.lt\/lv\/wp-json\/wp\/v2\/types\/product"}],"version-history":[{"count":1,"href":"https:\/\/kidsplay.lt\/lv\/wp-json\/wp\/v2\/product\/25145\/revisions"}],"predecessor-version":[{"id":57509,"href":"https:\/\/kidsplay.lt\/lv\/wp-json\/wp\/v2\/product\/25145\/revisions\/57509"}],"wp:featuredmedia":[{"embeddable":true,"href":"https:\/\/kidsplay.lt\/lv\/wp-json\/wp\/v2\/media\/25328"}],"wp:attachment":[{"href":"https:\/\/kidsplay.lt\/lv\/wp-json\/wp\/v2\/media?parent=25145"}],"wp:term":[{"taxonomy":"product_brand","embeddable":true,"href":"https:\/\/kidsplay.lt\/lv\/wp-json\/wp\/v2\/product_brand?post=25145"},{"taxonomy":"product_cat","embeddable":true,"href":"https:\/\/kidsplay.lt\/lv\/wp-json\/wp\/v2\/product_cat?post=25145"},{"taxonomy":"product_tag","embeddable":true,"href":"https:\/\/kidsplay.lt\/lv\/wp-json\/wp\/v2\/product_tag?post=25145"}],"curies":[{"name":"wp","href":"https:\/\/api.w.org\/{rel}","templated":true}]}}