{"id":25275,"date":"2023-07-06T22:28:02","date_gmt":"2023-07-06T19:28:02","guid":{"rendered":"https:\/\/kidsplay.lt\/?post_type=product&#038;p=25275"},"modified":"2025-10-04T14:30:53","modified_gmt":"2025-10-04T11:30:53","slug":"vaikiska-palapine-tipi-10","status":"publish","type":"product","link":"https:\/\/kidsplay.lt\/lv\/products\/vaikiska-palapine-tipi-10\/","title":{"rendered":"B\u0113rnu telts Tipi"},"content":{"rendered":"<p>Vaiki\u0161ka palapin\u0117 Tipi buvo sukurta tam, kad gaminys vaikams b\u016bt\u0173 ne tik gra\u017eus, bet ir funkcionalus bei esteti\u0161kas. Lengvai susilanksto ir u\u017eima ma\u017eai vietos, stabili konstrukcija. Palapin\u0117 pagaminta i\u0161 auk\u0161\u010diausios kokyb\u0117s medviln\u0117s. Medviln\u0117 idealiai tinka vaiki\u0161koms palapin\u0117ms, nes puikiai praleid\u017eia or\u0105.<\/p>\n<ul>\n<li>palapin\u0117s matmenys: 120 x 120 x 165 cm,<\/li>\n<li>stulpo matmenys: \u00f82,2 x 190 cm,<\/li>\n<li>pagalv\u0117s: 2 vnt.,<\/li>\n<li>medviln\u0117s svoris: 175 g\/m2,<\/li>\n<li>stulpo med\u017eiaga: pu\u0161is.<\/li>\n<\/ul>","protected":false},"excerpt":{"rendered":"<p>Vaiki\u0161ka palapin\u0117 Tipi buvo sukurta tam, kad gaminys vaikams b\u016bt\u0173 ne tik gra\u017eus, bet ir funkcionalus bei esteti\u0161kas.<\/p>","protected":false},"featured_media":25433,"template":"","meta":{"_acf_changed":false,"_glsr_average":0,"_glsr_ranking":0,"_glsr_reviews":0},"product_brand":[],"product_cat":[236],"product_tag":[289],"class_list":{"0":"post-25275","1":"product","2":"type-product","3":"status-publish","4":"has-post-thumbnail","6":"product_cat-vaikiskos-palapines","7":"product_tag-vaikiska-palapine","8":"\"style=\"background-color: #2ecc711c;\"","10":"first","11":"instock","12":"shipping-taxable","13":"purchasable","14":"product-type-simple"},"acf":[],"yoast_head":"<!-- This site is optimized with the Yoast SEO plugin v27.3 - https:\/\/yoast.com\/product\/yoast-seo-wordpress\/ -->\n<title>Vaiki\u0161ka palapin\u0117 Tipi - KidsPlay<\/title>\n<meta name=\"description\" content=\"Vaiki\u0161ka palapin\u0117 Tipi buvo sukurta tam, kad gaminys vaikams b\u016bt\u0173 ne tik gra\u017eus, bet ir funkcionalus bei esteti\u0161kas. Lengvai susilanksto.\" \/>\n<meta name=\"robots\" content=\"index, follow, max-snippet:-1, max-image-preview:large, max-video-preview:-1\" \/>\n<link rel=\"canonical\" href=\"https:\/\/kidsplay.lt\/lv\/products\/vaikiska-palapine-tipi-10\/\" \/>\n<meta property=\"og:locale\" content=\"lv_LV\" \/>\n<meta property=\"og:type\" content=\"article\" \/>\n<meta property=\"og:title\" content=\"Vaiki\u0161ka palapin\u0117 Tipi - KidsPlay\" \/>\n<meta property=\"og:description\" content=\"Vaiki\u0161ka palapin\u0117 Tipi buvo sukurta tam, kad gaminys vaikams b\u016bt\u0173 ne tik gra\u017eus, bet ir funkcionalus bei esteti\u0161kas. Lengvai susilanksto.\" \/>\n<meta property=\"og:url\" content=\"https:\/\/kidsplay.lt\/lv\/products\/vaikiska-palapine-tipi-10\/\" \/>\n<meta property=\"og:site_name\" content=\"KidsPlay\" \/>\n<meta property=\"article:publisher\" content=\"https:\/\/www.facebook.com\/www.kidsplay.lt\" \/>\n<meta property=\"article:modified_time\" content=\"2025-10-04T11:30:53+00:00\" \/>\n<meta property=\"og:image\" content=\"https:\/\/kidsplay.lt\/wp-content\/uploads\/2023\/07\/Vaikiska-palapine-Tipi-1.jpg\" \/>\n\t<meta property=\"og:image:width\" content=\"681\" \/>\n\t<meta property=\"og:image:height\" content=\"720\" \/>\n\t<meta property=\"og:image:type\" content=\"image\/jpeg\" \/>\n<meta name=\"twitter:card\" content=\"summary_large_image\" \/>\n<script type=\"application\/ld+json\" class=\"yoast-schema-graph\">{\"@context\":\"https:\\\/\\\/schema.org\",\"@graph\":[{\"@type\":\"WebPage\",\"@id\":\"https:\\\/\\\/kidsplay.lt\\\/produktas\\\/vaikiska-palapine-tipi-10\\\/\",\"url\":\"https:\\\/\\\/kidsplay.lt\\\/produktas\\\/vaikiska-palapine-tipi-10\\\/\",\"name\":\"Vaiki\u0161ka palapin\u0117 Tipi - KidsPlay\",\"isPartOf\":{\"@id\":\"https:\\\/\\\/kidsplay.lt\\\/#website\"},\"primaryImageOfPage\":{\"@id\":\"https:\\\/\\\/kidsplay.lt\\\/produktas\\\/vaikiska-palapine-tipi-10\\\/#primaryimage\"},\"image\":{\"@id\":\"https:\\\/\\\/kidsplay.lt\\\/produktas\\\/vaikiska-palapine-tipi-10\\\/#primaryimage\"},\"thumbnailUrl\":\"https:\\\/\\\/kidsplay.lt\\\/wp-content\\\/uploads\\\/2023\\\/07\\\/Vaikiska-palapine-Tipi-1.jpg\",\"datePublished\":\"2023-07-06T19:28:02+00:00\",\"dateModified\":\"2025-10-04T11:30:53+00:00\",\"description\":\"Vaiki\u0161ka palapin\u0117 Tipi buvo sukurta tam, kad gaminys vaikams b\u016bt\u0173 ne tik gra\u017eus, bet ir funkcionalus bei esteti\u0161kas. Lengvai susilanksto.\",\"breadcrumb\":{\"@id\":\"https:\\\/\\\/kidsplay.lt\\\/produktas\\\/vaikiska-palapine-tipi-10\\\/#breadcrumb\"},\"inLanguage\":\"lv-LV\",\"potentialAction\":[{\"@type\":\"ReadAction\",\"target\":[\"https:\\\/\\\/kidsplay.lt\\\/produktas\\\/vaikiska-palapine-tipi-10\\\/\"]}]},{\"@type\":\"ImageObject\",\"inLanguage\":\"lv-LV\",\"@id\":\"https:\\\/\\\/kidsplay.lt\\\/produktas\\\/vaikiska-palapine-tipi-10\\\/#primaryimage\",\"url\":\"https:\\\/\\\/kidsplay.lt\\\/wp-content\\\/uploads\\\/2023\\\/07\\\/Vaikiska-palapine-Tipi-1.jpg\",\"contentUrl\":\"https:\\\/\\\/kidsplay.lt\\\/wp-content\\\/uploads\\\/2023\\\/07\\\/Vaikiska-palapine-Tipi-1.jpg\",\"width\":681,\"height\":720},{\"@type\":\"BreadcrumbList\",\"@id\":\"https:\\\/\\\/kidsplay.lt\\\/produktas\\\/vaikiska-palapine-tipi-10\\\/#breadcrumb\",\"itemListElement\":[{\"@type\":\"ListItem\",\"position\":1,\"name\":\"Pagrindinis\",\"item\":\"https:\\\/\\\/kidsplay.lt\\\/\"},{\"@type\":\"ListItem\",\"position\":2,\"name\":\"Parduotuv\u0117\",\"item\":\"https:\\\/\\\/kidsplay.lt\\\/parduotuve\\\/\"},{\"@type\":\"ListItem\",\"position\":3,\"name\":\"Vaiki\u0161ka palapin\u0117 Tipi\"}]},{\"@type\":\"WebSite\",\"@id\":\"https:\\\/\\\/kidsplay.lt\\\/#website\",\"url\":\"https:\\\/\\\/kidsplay.lt\\\/\",\"name\":\"Kidsplay.lt\",\"description\":\"\u012evairios prek\u0117s vaikams\",\"publisher\":{\"@id\":\"https:\\\/\\\/kidsplay.lt\\\/#organization\"},\"alternateName\":\"Kidsplay\",\"potentialAction\":[{\"@type\":\"SearchAction\",\"target\":{\"@type\":\"EntryPoint\",\"urlTemplate\":\"https:\\\/\\\/kidsplay.lt\\\/?s={search_term_string}\"},\"query-input\":{\"@type\":\"PropertyValueSpecification\",\"valueRequired\":true,\"valueName\":\"search_term_string\"}}],\"inLanguage\":\"lv-LV\"},{\"@type\":\"Organization\",\"@id\":\"https:\\\/\\\/kidsplay.lt\\\/#organization\",\"name\":\"KidsPlay\",\"url\":\"https:\\\/\\\/kidsplay.lt\\\/\",\"logo\":{\"@type\":\"ImageObject\",\"inLanguage\":\"lv-LV\",\"@id\":\"https:\\\/\\\/kidsplay.lt\\\/#\\\/schema\\\/logo\\\/image\\\/\",\"url\":\"https:\\\/\\\/kidsplay.lt\\\/wp-content\\\/uploads\\\/2023\\\/07\\\/kidsplay-logo.png\",\"contentUrl\":\"https:\\\/\\\/kidsplay.lt\\\/wp-content\\\/uploads\\\/2023\\\/07\\\/kidsplay-logo.png\",\"width\":451,\"height\":98,\"caption\":\"KidsPlay\"},\"image\":{\"@id\":\"https:\\\/\\\/kidsplay.lt\\\/#\\\/schema\\\/logo\\\/image\\\/\"},\"sameAs\":[\"https:\\\/\\\/www.facebook.com\\\/www.kidsplay.lt\"]}]}<\/script>\n<!-- \/ Yoast SEO plugin. -->","yoast_head_json":{"title":"Vaiki\u0161ka palapin\u0117 Tipi - KidsPlay","description":"Vaiki\u0161ka palapin\u0117 Tipi buvo sukurta tam, kad gaminys vaikams b\u016bt\u0173 ne tik gra\u017eus, bet ir funkcionalus bei esteti\u0161kas. Lengvai susilanksto.","robots":{"index":"index","follow":"follow","max-snippet":"max-snippet:-1","max-image-preview":"max-image-preview:large","max-video-preview":"max-video-preview:-1"},"canonical":"https:\/\/kidsplay.lt\/lv\/products\/vaikiska-palapine-tipi-10\/","og_locale":"lv_LV","og_type":"article","og_title":"Vaiki\u0161ka palapin\u0117 Tipi - KidsPlay","og_description":"Vaiki\u0161ka palapin\u0117 Tipi buvo sukurta tam, kad gaminys vaikams b\u016bt\u0173 ne tik gra\u017eus, bet ir funkcionalus bei esteti\u0161kas. Lengvai susilanksto.","og_url":"https:\/\/kidsplay.lt\/lv\/products\/vaikiska-palapine-tipi-10\/","og_site_name":"KidsPlay","article_publisher":"https:\/\/www.facebook.com\/www.kidsplay.lt","article_modified_time":"2025-10-04T11:30:53+00:00","og_image":[{"width":681,"height":720,"url":"https:\/\/kidsplay.lt\/wp-content\/uploads\/2023\/07\/Vaikiska-palapine-Tipi-1.jpg","type":"image\/jpeg"}],"twitter_card":"summary_large_image","schema":{"@context":"https:\/\/schema.org","@graph":[{"@type":"WebPage","@id":"https:\/\/kidsplay.lt\/produktas\/vaikiska-palapine-tipi-10\/","url":"https:\/\/kidsplay.lt\/produktas\/vaikiska-palapine-tipi-10\/","name":"Vaiki\u0161ka palapin\u0117 Tipi - KidsPlay","isPartOf":{"@id":"https:\/\/kidsplay.lt\/#website"},"primaryImageOfPage":{"@id":"https:\/\/kidsplay.lt\/produktas\/vaikiska-palapine-tipi-10\/#primaryimage"},"image":{"@id":"https:\/\/kidsplay.lt\/produktas\/vaikiska-palapine-tipi-10\/#primaryimage"},"thumbnailUrl":"https:\/\/kidsplay.lt\/wp-content\/uploads\/2023\/07\/Vaikiska-palapine-Tipi-1.jpg","datePublished":"2023-07-06T19:28:02+00:00","dateModified":"2025-10-04T11:30:53+00:00","description":"Vaiki\u0161ka palapin\u0117 Tipi buvo sukurta tam, kad gaminys vaikams b\u016bt\u0173 ne tik gra\u017eus, bet ir funkcionalus bei esteti\u0161kas. Lengvai susilanksto.","breadcrumb":{"@id":"https:\/\/kidsplay.lt\/produktas\/vaikiska-palapine-tipi-10\/#breadcrumb"},"inLanguage":"lv-LV","potentialAction":[{"@type":"ReadAction","target":["https:\/\/kidsplay.lt\/produktas\/vaikiska-palapine-tipi-10\/"]}]},{"@type":"ImageObject","inLanguage":"lv-LV","@id":"https:\/\/kidsplay.lt\/produktas\/vaikiska-palapine-tipi-10\/#primaryimage","url":"https:\/\/kidsplay.lt\/wp-content\/uploads\/2023\/07\/Vaikiska-palapine-Tipi-1.jpg","contentUrl":"https:\/\/kidsplay.lt\/wp-content\/uploads\/2023\/07\/Vaikiska-palapine-Tipi-1.jpg","width":681,"height":720},{"@type":"BreadcrumbList","@id":"https:\/\/kidsplay.lt\/produktas\/vaikiska-palapine-tipi-10\/#breadcrumb","itemListElement":[{"@type":"ListItem","position":1,"name":"Pagrindinis","item":"https:\/\/kidsplay.lt\/"},{"@type":"ListItem","position":2,"name":"Parduotuv\u0117","item":"https:\/\/kidsplay.lt\/parduotuve\/"},{"@type":"ListItem","position":3,"name":"Vaiki\u0161ka palapin\u0117 Tipi"}]},{"@type":"WebSite","@id":"https:\/\/kidsplay.lt\/#website","url":"https:\/\/kidsplay.lt\/","name":"B\u0113rnu sp\u0113les.lv","description":"\u012evairios prek\u0117s vaikams","publisher":{"@id":"https:\/\/kidsplay.lt\/#organization"},"alternateName":"Kidsplay","potentialAction":[{"@type":"SearchAction","target":{"@type":"EntryPoint","urlTemplate":"https:\/\/kidsplay.lt\/?s={search_term_string}"},"query-input":{"@type":"PropertyValueSpecification","valueRequired":true,"valueName":"search_term_string"}}],"inLanguage":"lv-LV"},{"@type":"Organization","@id":"https:\/\/kidsplay.lt\/#organization","name":"B\u0113rnu sp\u0113le","url":"https:\/\/kidsplay.lt\/","logo":{"@type":"ImageObject","inLanguage":"lv-LV","@id":"https:\/\/kidsplay.lt\/#\/schema\/logo\/image\/","url":"https:\/\/kidsplay.lt\/wp-content\/uploads\/2023\/07\/kidsplay-logo.png","contentUrl":"https:\/\/kidsplay.lt\/wp-content\/uploads\/2023\/07\/kidsplay-logo.png","width":451,"height":98,"caption":"KidsPlay"},"image":{"@id":"https:\/\/kidsplay.lt\/#\/schema\/logo\/image\/"},"sameAs":["https:\/\/www.facebook.com\/www.kidsplay.lt"]}]}},"_links":{"self":[{"href":"https:\/\/kidsplay.lt\/lv\/wp-json\/wp\/v2\/product\/25275","targetHints":{"allow":["GET"]}}],"collection":[{"href":"https:\/\/kidsplay.lt\/lv\/wp-json\/wp\/v2\/product"}],"about":[{"href":"https:\/\/kidsplay.lt\/lv\/wp-json\/wp\/v2\/types\/product"}],"version-history":[{"count":2,"href":"https:\/\/kidsplay.lt\/lv\/wp-json\/wp\/v2\/product\/25275\/revisions"}],"predecessor-version":[{"id":74354,"href":"https:\/\/kidsplay.lt\/lv\/wp-json\/wp\/v2\/product\/25275\/revisions\/74354"}],"wp:featuredmedia":[{"embeddable":true,"href":"https:\/\/kidsplay.lt\/lv\/wp-json\/wp\/v2\/media\/25433"}],"wp:attachment":[{"href":"https:\/\/kidsplay.lt\/lv\/wp-json\/wp\/v2\/media?parent=25275"}],"wp:term":[{"taxonomy":"product_brand","embeddable":true,"href":"https:\/\/kidsplay.lt\/lv\/wp-json\/wp\/v2\/product_brand?post=25275"},{"taxonomy":"product_cat","embeddable":true,"href":"https:\/\/kidsplay.lt\/lv\/wp-json\/wp\/v2\/product_cat?post=25275"},{"taxonomy":"product_tag","embeddable":true,"href":"https:\/\/kidsplay.lt\/lv\/wp-json\/wp\/v2\/product_tag?post=25275"}],"curies":[{"name":"wp","href":"https:\/\/api.w.org\/{rel}","templated":true}]}}