{"id":25454,"date":"2023-07-06T22:31:47","date_gmt":"2023-07-06T22:31:47","guid":{"rendered":"https:\/\/kidsplay.lt\/?post_type=product&#038;p=25454"},"modified":"2025-10-04T14:33:16","modified_gmt":"2025-10-04T11:33:16","slug":"smelio-deze-su-dangciu","status":"publish","type":"product","link":"https:\/\/kidsplay.lt\/lv\/product\/smelio-deze-su-dangciu\/","title":{"rendered":"Smil\u0161u kaste ar v\u0101ku"},"content":{"rendered":"<p>Sm\u0117lio d\u0117\u017e\u0117 su dang\u010diu pagaminta i\u0161 auk\u0161tos kokyb\u0117s sausos sertifikuotos pu\u0161ies medienos. Siekiant padidinti j\u016bs\u0173 vaik\u0173 saugum\u0105, lent\u0173 kra\u0161tai buvo suapvalinti, o pavir\u0161ius obliuotas ir \u0161lifuotas. Sm\u0117lio d\u0117\u017e\u0117 yra saugi vieta vaikams \u017eaisti. Sm\u0117lio d\u0117\u017e\u0117je yra du sulankstomi suolai, kurie paskui apsaugo sm\u0117l\u012f nuo patekimo \u012f vid\u0173, pvz., \u0161iuk\u0161li\u0173, lap\u0173, gyv\u016bn\u0173 ar kit\u0173 nepageidaujam\u0173 ne\u0161varum\u0173. Diegimas yra gana paprastas ir lengvas. Sm\u0117lio d\u0117\u017e\u0117 yra impregnuota EN71-3 standart\u0105 atitinkan\u010diu impregnavimu, atitinkan\u010diu auk\u0161\u010diausius saugos standartus. Stogas reguliuojamas horizontalioje plok\u0161tumoje ir taip pat nuleid\u017eiamas.<\/p>\n<p>Juoda agrotekstil\u0117\u00a0 sm\u0117lio d\u0117\u017e\u0119 izoliuos nuo \u017eem\u0117s, kad sm\u0117lis nesimai\u0161yt\u0173 su \u017eeme po sm\u0117lio d\u0117\u017ee. Apsaugos nuo pikt\u017eoli\u0173 ir augal\u0173 prasiskverbimo.<\/p>\n<p>M\u0117lynas apsauginis brezentas\u00a0skirtas geriau apsaugoti sm\u0117lio d\u0117\u017e\u0119 nuo oro s\u0105lyg\u0173, ypa\u010d lietaus, saul\u0117s ir v\u0117jo, ir leid\u017eia apsaugoti sm\u0117lio d\u0117\u017e\u0119 \u017eiemos metu.<\/p>\n<p>\u012e komplektacij\u0105 \u012feina: sulankstoma sm\u0117lio d\u0117\u017e\u0117 su suolais, apsauginis brezentas, izoliuojanti agrotekstil\u0117, instrukcija.<\/p>\n<p>Sm\u0117lio d\u0117\u017e\u0117s su suolais matmenys:<\/p>\n<ul>\n<li>ilgis: apie 120 cm;<\/li>\n<li>plotis: apie 120 cm;<\/li>\n<li>auk\u0161tis: apie 120 cm;<\/li>\n<li>lentos storis: 18 mm;<\/li>\n<\/ul>","protected":false},"excerpt":{"rendered":"<p>Sm\u0117lio d\u0117\u017e\u0117 su dang\u010diu pagaminta i\u0161 auk\u0161tos kokyb\u0117s sausos sertifikuotos pu\u0161ies medienos. Siekiant padidinti j\u016bs\u0173 vaik\u0173 saugum\u0105, lent\u0173 kra\u0161tai buvo suapvalinti, o pavir\u0161ius obliuotas ir \u0161lifuotas. Sm\u0117lio d\u0117\u017e\u0117 yra saugi vieta vaikams \u017eaisti.<\/p>","protected":false},"featured_media":25647,"template":"","meta":{"_acf_changed":false,"_glsr_average":0,"_glsr_ranking":0,"_glsr_reviews":0},"product_brand":[],"product_cat":[233,327],"product_tag":[],"class_list":{"0":"post-25454","1":"product","2":"type-product","3":"status-publish","4":"has-post-thumbnail","6":"product_cat-lauko-pramogos","7":"product_cat-smelio-dezes-ir-priedai","8":"\"style=\"background-color: #2ecc711c;\"","10":"first","11":"instock","12":"shipping-taxable","13":"purchasable","14":"product-type-simple"},"acf":[],"yoast_head":"<!-- This site is optimized with the Yoast SEO plugin v27.3 - https:\/\/yoast.com\/product\/yoast-seo-wordpress\/ -->\n<title>Sm\u0117lio d\u0117\u017e\u0117 su dang\u010diu - KidsPlay<\/title>\n<meta name=\"description\" content=\"Sm\u0117lio d\u0117\u017e\u0117 su dang\u010diu pagaminta i\u0161 auk\u0161tos kokyb\u0117s sausos sertifikuotos pu\u0161ies medienos. Sm\u0117lio d\u0117\u017e\u0117 yra saugi vieta vaikams \u017eaisti.\" \/>\n<meta name=\"robots\" content=\"index, follow, max-snippet:-1, max-image-preview:large, max-video-preview:-1\" \/>\n<link rel=\"canonical\" href=\"https:\/\/kidsplay.lt\/lv\/product\/smelio-deze-su-dangciu\/\" \/>\n<meta property=\"og:locale\" content=\"lv_LV\" \/>\n<meta property=\"og:type\" content=\"article\" \/>\n<meta property=\"og:title\" content=\"Sm\u0117lio d\u0117\u017e\u0117 su dang\u010diu - KidsPlay\" \/>\n<meta property=\"og:description\" content=\"Sm\u0117lio d\u0117\u017e\u0117 su dang\u010diu pagaminta i\u0161 auk\u0161tos kokyb\u0117s sausos sertifikuotos pu\u0161ies medienos. Sm\u0117lio d\u0117\u017e\u0117 yra saugi vieta vaikams \u017eaisti.\" \/>\n<meta property=\"og:url\" content=\"https:\/\/kidsplay.lt\/lv\/product\/smelio-deze-su-dangciu\/\" \/>\n<meta property=\"og:site_name\" content=\"KidsPlay\" \/>\n<meta property=\"article:publisher\" content=\"https:\/\/www.facebook.com\/www.kidsplay.lt\" \/>\n<meta property=\"article:modified_time\" content=\"2025-10-04T11:33:16+00:00\" \/>\n<meta property=\"og:image\" content=\"https:\/\/kidsplay.lt\/wp-content\/uploads\/2023\/07\/Smelio-deze-su-dangciu.jpg\" \/>\n\t<meta property=\"og:image:width\" content=\"1501\" \/>\n\t<meta property=\"og:image:height\" content=\"1501\" \/>\n\t<meta property=\"og:image:type\" content=\"image\/jpeg\" \/>\n<meta name=\"twitter:card\" content=\"summary_large_image\" \/>\n<meta name=\"twitter:label1\" content=\"Est. reading time\" \/>\n\t<meta name=\"twitter:data1\" content=\"1 min\u016bte\" \/>\n<script type=\"application\/ld+json\" class=\"yoast-schema-graph\">{\"@context\":\"https:\\\/\\\/schema.org\",\"@graph\":[{\"@type\":\"WebPage\",\"@id\":\"https:\\\/\\\/kidsplay.lt\\\/produktas\\\/smelio-deze-su-dangciu\\\/\",\"url\":\"https:\\\/\\\/kidsplay.lt\\\/produktas\\\/smelio-deze-su-dangciu\\\/\",\"name\":\"Sm\u0117lio d\u0117\u017e\u0117 su dang\u010diu - KidsPlay\",\"isPartOf\":{\"@id\":\"https:\\\/\\\/kidsplay.lt\\\/#website\"},\"primaryImageOfPage\":{\"@id\":\"https:\\\/\\\/kidsplay.lt\\\/produktas\\\/smelio-deze-su-dangciu\\\/#primaryimage\"},\"image\":{\"@id\":\"https:\\\/\\\/kidsplay.lt\\\/produktas\\\/smelio-deze-su-dangciu\\\/#primaryimage\"},\"thumbnailUrl\":\"https:\\\/\\\/kidsplay.lt\\\/wp-content\\\/uploads\\\/2023\\\/07\\\/Smelio-deze-su-dangciu.jpg\",\"datePublished\":\"2023-07-06T22:31:47+00:00\",\"dateModified\":\"2025-10-04T11:33:16+00:00\",\"description\":\"Sm\u0117lio d\u0117\u017e\u0117 su dang\u010diu pagaminta i\u0161 auk\u0161tos kokyb\u0117s sausos sertifikuotos pu\u0161ies medienos. Sm\u0117lio d\u0117\u017e\u0117 yra saugi vieta vaikams \u017eaisti.\",\"breadcrumb\":{\"@id\":\"https:\\\/\\\/kidsplay.lt\\\/produktas\\\/smelio-deze-su-dangciu\\\/#breadcrumb\"},\"inLanguage\":\"lv-LV\",\"potentialAction\":[{\"@type\":\"ReadAction\",\"target\":[\"https:\\\/\\\/kidsplay.lt\\\/produktas\\\/smelio-deze-su-dangciu\\\/\"]}]},{\"@type\":\"ImageObject\",\"inLanguage\":\"lv-LV\",\"@id\":\"https:\\\/\\\/kidsplay.lt\\\/produktas\\\/smelio-deze-su-dangciu\\\/#primaryimage\",\"url\":\"https:\\\/\\\/kidsplay.lt\\\/wp-content\\\/uploads\\\/2023\\\/07\\\/Smelio-deze-su-dangciu.jpg\",\"contentUrl\":\"https:\\\/\\\/kidsplay.lt\\\/wp-content\\\/uploads\\\/2023\\\/07\\\/Smelio-deze-su-dangciu.jpg\",\"width\":1501,\"height\":1501},{\"@type\":\"BreadcrumbList\",\"@id\":\"https:\\\/\\\/kidsplay.lt\\\/produktas\\\/smelio-deze-su-dangciu\\\/#breadcrumb\",\"itemListElement\":[{\"@type\":\"ListItem\",\"position\":1,\"name\":\"Pagrindinis\",\"item\":\"https:\\\/\\\/kidsplay.lt\\\/\"},{\"@type\":\"ListItem\",\"position\":2,\"name\":\"Parduotuv\u0117\",\"item\":\"https:\\\/\\\/kidsplay.lt\\\/parduotuve\\\/\"},{\"@type\":\"ListItem\",\"position\":3,\"name\":\"Sm\u0117lio d\u0117\u017e\u0117 su dang\u010diu\"}]},{\"@type\":\"WebSite\",\"@id\":\"https:\\\/\\\/kidsplay.lt\\\/#website\",\"url\":\"https:\\\/\\\/kidsplay.lt\\\/\",\"name\":\"Kidsplay.lt\",\"description\":\"\u012evairios prek\u0117s vaikams\",\"publisher\":{\"@id\":\"https:\\\/\\\/kidsplay.lt\\\/#organization\"},\"alternateName\":\"Kidsplay\",\"potentialAction\":[{\"@type\":\"SearchAction\",\"target\":{\"@type\":\"EntryPoint\",\"urlTemplate\":\"https:\\\/\\\/kidsplay.lt\\\/?s={search_term_string}\"},\"query-input\":{\"@type\":\"PropertyValueSpecification\",\"valueRequired\":true,\"valueName\":\"search_term_string\"}}],\"inLanguage\":\"lv-LV\"},{\"@type\":\"Organization\",\"@id\":\"https:\\\/\\\/kidsplay.lt\\\/#organization\",\"name\":\"KidsPlay\",\"url\":\"https:\\\/\\\/kidsplay.lt\\\/\",\"logo\":{\"@type\":\"ImageObject\",\"inLanguage\":\"lv-LV\",\"@id\":\"https:\\\/\\\/kidsplay.lt\\\/#\\\/schema\\\/logo\\\/image\\\/\",\"url\":\"https:\\\/\\\/kidsplay.lt\\\/wp-content\\\/uploads\\\/2023\\\/07\\\/kidsplay-logo.png\",\"contentUrl\":\"https:\\\/\\\/kidsplay.lt\\\/wp-content\\\/uploads\\\/2023\\\/07\\\/kidsplay-logo.png\",\"width\":451,\"height\":98,\"caption\":\"KidsPlay\"},\"image\":{\"@id\":\"https:\\\/\\\/kidsplay.lt\\\/#\\\/schema\\\/logo\\\/image\\\/\"},\"sameAs\":[\"https:\\\/\\\/www.facebook.com\\\/www.kidsplay.lt\"]}]}<\/script>\n<!-- \/ Yoast SEO plugin. -->","yoast_head_json":{"title":"Sm\u0117lio d\u0117\u017e\u0117 su dang\u010diu - KidsPlay","description":"Sm\u0117lio d\u0117\u017e\u0117 su dang\u010diu pagaminta i\u0161 auk\u0161tos kokyb\u0117s sausos sertifikuotos pu\u0161ies medienos. Sm\u0117lio d\u0117\u017e\u0117 yra saugi vieta vaikams \u017eaisti.","robots":{"index":"index","follow":"follow","max-snippet":"max-snippet:-1","max-image-preview":"max-image-preview:large","max-video-preview":"max-video-preview:-1"},"canonical":"https:\/\/kidsplay.lt\/lv\/product\/smelio-deze-su-dangciu\/","og_locale":"lv_LV","og_type":"article","og_title":"Sm\u0117lio d\u0117\u017e\u0117 su dang\u010diu - KidsPlay","og_description":"Sm\u0117lio d\u0117\u017e\u0117 su dang\u010diu pagaminta i\u0161 auk\u0161tos kokyb\u0117s sausos sertifikuotos pu\u0161ies medienos. Sm\u0117lio d\u0117\u017e\u0117 yra saugi vieta vaikams \u017eaisti.","og_url":"https:\/\/kidsplay.lt\/lv\/product\/smelio-deze-su-dangciu\/","og_site_name":"KidsPlay","article_publisher":"https:\/\/www.facebook.com\/www.kidsplay.lt","article_modified_time":"2025-10-04T11:33:16+00:00","og_image":[{"width":1501,"height":1501,"url":"https:\/\/kidsplay.lt\/wp-content\/uploads\/2023\/07\/Smelio-deze-su-dangciu.jpg","type":"image\/jpeg"}],"twitter_card":"summary_large_image","twitter_misc":{"Est. reading time":"1 min\u016bte"},"schema":{"@context":"https:\/\/schema.org","@graph":[{"@type":"WebPage","@id":"https:\/\/kidsplay.lt\/produktas\/smelio-deze-su-dangciu\/","url":"https:\/\/kidsplay.lt\/produktas\/smelio-deze-su-dangciu\/","name":"Sm\u0117lio d\u0117\u017e\u0117 su dang\u010diu - KidsPlay","isPartOf":{"@id":"https:\/\/kidsplay.lt\/#website"},"primaryImageOfPage":{"@id":"https:\/\/kidsplay.lt\/produktas\/smelio-deze-su-dangciu\/#primaryimage"},"image":{"@id":"https:\/\/kidsplay.lt\/produktas\/smelio-deze-su-dangciu\/#primaryimage"},"thumbnailUrl":"https:\/\/kidsplay.lt\/wp-content\/uploads\/2023\/07\/Smelio-deze-su-dangciu.jpg","datePublished":"2023-07-06T22:31:47+00:00","dateModified":"2025-10-04T11:33:16+00:00","description":"Sm\u0117lio d\u0117\u017e\u0117 su dang\u010diu pagaminta i\u0161 auk\u0161tos kokyb\u0117s sausos sertifikuotos pu\u0161ies medienos. Sm\u0117lio d\u0117\u017e\u0117 yra saugi vieta vaikams \u017eaisti.","breadcrumb":{"@id":"https:\/\/kidsplay.lt\/produktas\/smelio-deze-su-dangciu\/#breadcrumb"},"inLanguage":"lv-LV","potentialAction":[{"@type":"ReadAction","target":["https:\/\/kidsplay.lt\/produktas\/smelio-deze-su-dangciu\/"]}]},{"@type":"ImageObject","inLanguage":"lv-LV","@id":"https:\/\/kidsplay.lt\/produktas\/smelio-deze-su-dangciu\/#primaryimage","url":"https:\/\/kidsplay.lt\/wp-content\/uploads\/2023\/07\/Smelio-deze-su-dangciu.jpg","contentUrl":"https:\/\/kidsplay.lt\/wp-content\/uploads\/2023\/07\/Smelio-deze-su-dangciu.jpg","width":1501,"height":1501},{"@type":"BreadcrumbList","@id":"https:\/\/kidsplay.lt\/produktas\/smelio-deze-su-dangciu\/#breadcrumb","itemListElement":[{"@type":"ListItem","position":1,"name":"Pagrindinis","item":"https:\/\/kidsplay.lt\/"},{"@type":"ListItem","position":2,"name":"Parduotuv\u0117","item":"https:\/\/kidsplay.lt\/parduotuve\/"},{"@type":"ListItem","position":3,"name":"Sm\u0117lio d\u0117\u017e\u0117 su dang\u010diu"}]},{"@type":"WebSite","@id":"https:\/\/kidsplay.lt\/#website","url":"https:\/\/kidsplay.lt\/","name":"B\u0113rnu sp\u0113les.lv","description":"\u012evairios prek\u0117s vaikams","publisher":{"@id":"https:\/\/kidsplay.lt\/#organization"},"alternateName":"Kidsplay","potentialAction":[{"@type":"SearchAction","target":{"@type":"EntryPoint","urlTemplate":"https:\/\/kidsplay.lt\/?s={search_term_string}"},"query-input":{"@type":"PropertyValueSpecification","valueRequired":true,"valueName":"search_term_string"}}],"inLanguage":"lv-LV"},{"@type":"Organization","@id":"https:\/\/kidsplay.lt\/#organization","name":"B\u0113rnu sp\u0113le","url":"https:\/\/kidsplay.lt\/","logo":{"@type":"ImageObject","inLanguage":"lv-LV","@id":"https:\/\/kidsplay.lt\/#\/schema\/logo\/image\/","url":"https:\/\/kidsplay.lt\/wp-content\/uploads\/2023\/07\/kidsplay-logo.png","contentUrl":"https:\/\/kidsplay.lt\/wp-content\/uploads\/2023\/07\/kidsplay-logo.png","width":451,"height":98,"caption":"KidsPlay"},"image":{"@id":"https:\/\/kidsplay.lt\/#\/schema\/logo\/image\/"},"sameAs":["https:\/\/www.facebook.com\/www.kidsplay.lt"]}]}},"_links":{"self":[{"href":"https:\/\/kidsplay.lt\/lv\/wp-json\/wp\/v2\/product\/25454","targetHints":{"allow":["GET"]}}],"collection":[{"href":"https:\/\/kidsplay.lt\/lv\/wp-json\/wp\/v2\/product"}],"about":[{"href":"https:\/\/kidsplay.lt\/lv\/wp-json\/wp\/v2\/types\/product"}],"version-history":[{"count":2,"href":"https:\/\/kidsplay.lt\/lv\/wp-json\/wp\/v2\/product\/25454\/revisions"}],"predecessor-version":[{"id":74355,"href":"https:\/\/kidsplay.lt\/lv\/wp-json\/wp\/v2\/product\/25454\/revisions\/74355"}],"wp:featuredmedia":[{"embeddable":true,"href":"https:\/\/kidsplay.lt\/lv\/wp-json\/wp\/v2\/media\/25647"}],"wp:attachment":[{"href":"https:\/\/kidsplay.lt\/lv\/wp-json\/wp\/v2\/media?parent=25454"}],"wp:term":[{"taxonomy":"product_brand","embeddable":true,"href":"https:\/\/kidsplay.lt\/lv\/wp-json\/wp\/v2\/product_brand?post=25454"},{"taxonomy":"product_cat","embeddable":true,"href":"https:\/\/kidsplay.lt\/lv\/wp-json\/wp\/v2\/product_cat?post=25454"},{"taxonomy":"product_tag","embeddable":true,"href":"https:\/\/kidsplay.lt\/lv\/wp-json\/wp\/v2\/product_tag?post=25454"}],"curies":[{"name":"wp","href":"https:\/\/api.w.org\/{rel}","templated":true}]}}