{"id":26088,"date":"2023-07-18T08:53:21","date_gmt":"2023-07-18T08:53:21","guid":{"rendered":"https:\/\/kidsplay.lt\/?post_type=product&#038;p=26088"},"modified":"2025-10-04T14:35:23","modified_gmt":"2025-10-04T11:35:23","slug":"ikimokykline-kuprine-visagaliai-kersytojai","status":"publish","type":"product","link":"https:\/\/kidsplay.lt\/lv\/products\/ikimokykline-kuprine-visagaliai-kersytojai\/","title":{"rendered":"Mugursoma pirmsskolas vecuma b\u0113rniem - Atrieb\u0113ji"},"content":{"rendered":"<div class=\"mp4t_16_s mryx_16_s mr3m_1 mli2_1 mh85_56 mh85_0_l\">\n<div class=\"mgn2_16 _0d3bd_am0a-\">\n<p>Turi vien\u0105 pagrindin\u012f skyri\u0173 su u\u017etrauktuku ir \u0161onin\u0119 ki\u0161en\u0119, kurioje gal\u0117site susid\u0117ti nedidel\u012f buteliuk\u0105 ar vandens buteliuk\u0105. Kuprin\u0117je yra mink\u0161ti, reguliuojami pe\u010di\u0173 dir\u017eeliai, kuri\u0173 d\u0117ka galite puikiai priderinti model\u012f prie vaiko \u016bgio. Dekoratyviniai u\u017etrauktuk\u0173 traukikliai palengvina skyri\u0173 u\u017edarym\u0105 ir padidina visumos patrauklum\u0105. Puikiai tinka jaunesniems vaikams, i\u0161vykai \u012f mokykl\u0105, popamokinei veiklai ar dar\u017eeliui.<\/p>\n<p>Talpa: 6L<br \/>\nPoliesterio: med\u017eiaga<br \/>\nSvoris: 190g<br \/>\nDydis: 28x22x10<\/p>\n<\/div>\n<\/div>\n<div class=\"mp4t_16_s mryx_16_s mr3m_1 mli2_1 mh85_56 mh85_0_l\">\n<div class=\"mg9e_8 mj7a_8 mg9e_0_s mvrt_0_s mj7a_0_s mh36_0_s mzmg_6m munh_16_l m3h2_16_l\">\n<div class=\"mp4t_0 mryx_0 munh_56 m3h2_56\"><\/div>\n<\/div>\n<\/div>","protected":false},"excerpt":{"rendered":"<p>Turi vien\u0105 skyri\u0173 ir \u0161onin\u0119 ki\u0161en\u0119 i\u0161 tinklelio, kurioje gal\u0117site laikyti nedidel\u012f buteliuk\u0105, vandens buteliuk\u0105 ar termos\u0105. Kuprin\u0117 turi reguliuojamus dir\u017eelius, kuri\u0173 d\u0117ka gal\u0117site puikiai pritaikyti kuprin\u0119 pagal vaiko \u016bg\u012f. Puikiai tinka jaunesniems vaikams, i\u0161vykoms \u012f mokykl\u0105, popamokinei veiklai ar dar\u017eeliui.<\/p>","protected":false},"featured_media":26061,"template":"","meta":{"_acf_changed":false,"_glsr_average":0,"_glsr_ranking":0,"_glsr_reviews":0},"product_brand":[],"product_cat":[338,337],"product_tag":[344],"class_list":{"0":"post-26088","1":"product","2":"type-product","3":"status-publish","4":"has-post-thumbnail","6":"product_cat-ikimokyklines-kuprines","7":"product_cat-mokyklines-prekes","8":"product_tag-kuprines","9":"\"style=\"background-color: #2ecc711c;\"","11":"first","12":"instock","13":"shipping-taxable","14":"purchasable","15":"product-type-simple"},"acf":[],"yoast_head":"<!-- This site is optimized with the Yoast SEO plugin v27.3 - https:\/\/yoast.com\/product\/yoast-seo-wordpress\/ -->\n<title>Ikimokyklin\u0117 kuprin\u0117 - visagaliai ker\u0161ytojai - KidsPlay<\/title>\n<meta name=\"description\" content=\"Vaiki\u0161ka kuprin\u0117 visagaliai ker\u0161ytojai bus puiki dovana ma\u017eiems vaikams. Puikiai tinka jaunesniems vaikams, i\u0161vykoms \u012f mokykl\u0105 ar dar\u017eeliui.\" \/>\n<meta name=\"robots\" content=\"index, follow, max-snippet:-1, max-image-preview:large, max-video-preview:-1\" \/>\n<link rel=\"canonical\" href=\"https:\/\/kidsplay.lt\/lv\/products\/ikimokykline-kuprine-visagaliai-kersytojai\/\" \/>\n<meta property=\"og:locale\" content=\"lv_LV\" \/>\n<meta property=\"og:type\" content=\"article\" \/>\n<meta property=\"og:title\" content=\"Ikimokyklin\u0117 kuprin\u0117 - visagaliai ker\u0161ytojai - KidsPlay\" \/>\n<meta property=\"og:description\" content=\"Vaiki\u0161ka kuprin\u0117 visagaliai ker\u0161ytojai bus puiki dovana ma\u017eiems vaikams. Puikiai tinka jaunesniems vaikams, i\u0161vykoms \u012f mokykl\u0105 ar dar\u017eeliui.\" \/>\n<meta property=\"og:url\" content=\"https:\/\/kidsplay.lt\/lv\/products\/ikimokykline-kuprine-visagaliai-kersytojai\/\" \/>\n<meta property=\"og:site_name\" content=\"KidsPlay\" \/>\n<meta property=\"article:publisher\" content=\"https:\/\/www.facebook.com\/www.kidsplay.lt\" \/>\n<meta property=\"article:modified_time\" content=\"2025-10-04T11:35:23+00:00\" \/>\n<meta property=\"og:image\" content=\"https:\/\/kidsplay.lt\/wp-content\/uploads\/2023\/07\/8.jpg\" \/>\n\t<meta property=\"og:image:width\" content=\"1800\" \/>\n\t<meta property=\"og:image:height\" content=\"1800\" \/>\n\t<meta property=\"og:image:type\" content=\"image\/jpeg\" \/>\n<meta name=\"twitter:card\" content=\"summary_large_image\" \/>\n<meta name=\"twitter:label1\" content=\"Est. reading time\" \/>\n\t<meta name=\"twitter:data1\" content=\"1 min\u016bte\" \/>\n<script type=\"application\/ld+json\" class=\"yoast-schema-graph\">{\"@context\":\"https:\\\/\\\/schema.org\",\"@graph\":[{\"@type\":\"WebPage\",\"@id\":\"https:\\\/\\\/kidsplay.lt\\\/produktas\\\/ikimokykline-kuprine-visagaliai-kersytojai\\\/\",\"url\":\"https:\\\/\\\/kidsplay.lt\\\/produktas\\\/ikimokykline-kuprine-visagaliai-kersytojai\\\/\",\"name\":\"Ikimokyklin\u0117 kuprin\u0117 - visagaliai ker\u0161ytojai - KidsPlay\",\"isPartOf\":{\"@id\":\"https:\\\/\\\/kidsplay.lt\\\/#website\"},\"primaryImageOfPage\":{\"@id\":\"https:\\\/\\\/kidsplay.lt\\\/produktas\\\/ikimokykline-kuprine-visagaliai-kersytojai\\\/#primaryimage\"},\"image\":{\"@id\":\"https:\\\/\\\/kidsplay.lt\\\/produktas\\\/ikimokykline-kuprine-visagaliai-kersytojai\\\/#primaryimage\"},\"thumbnailUrl\":\"https:\\\/\\\/kidsplay.lt\\\/wp-content\\\/uploads\\\/2023\\\/07\\\/8.jpg\",\"datePublished\":\"2023-07-18T08:53:21+00:00\",\"dateModified\":\"2025-10-04T11:35:23+00:00\",\"description\":\"Vaiki\u0161ka kuprin\u0117 visagaliai ker\u0161ytojai bus puiki dovana ma\u017eiems vaikams. Puikiai tinka jaunesniems vaikams, i\u0161vykoms \u012f mokykl\u0105 ar dar\u017eeliui.\",\"breadcrumb\":{\"@id\":\"https:\\\/\\\/kidsplay.lt\\\/produktas\\\/ikimokykline-kuprine-visagaliai-kersytojai\\\/#breadcrumb\"},\"inLanguage\":\"lv-LV\",\"potentialAction\":[{\"@type\":\"ReadAction\",\"target\":[\"https:\\\/\\\/kidsplay.lt\\\/produktas\\\/ikimokykline-kuprine-visagaliai-kersytojai\\\/\"]}]},{\"@type\":\"ImageObject\",\"inLanguage\":\"lv-LV\",\"@id\":\"https:\\\/\\\/kidsplay.lt\\\/produktas\\\/ikimokykline-kuprine-visagaliai-kersytojai\\\/#primaryimage\",\"url\":\"https:\\\/\\\/kidsplay.lt\\\/wp-content\\\/uploads\\\/2023\\\/07\\\/8.jpg\",\"contentUrl\":\"https:\\\/\\\/kidsplay.lt\\\/wp-content\\\/uploads\\\/2023\\\/07\\\/8.jpg\",\"width\":1800,\"height\":1800,\"caption\":\"Ikimokyklin\u0117 kuprin\u0117 - visagaliai ker\u0161ytojai\"},{\"@type\":\"BreadcrumbList\",\"@id\":\"https:\\\/\\\/kidsplay.lt\\\/produktas\\\/ikimokykline-kuprine-visagaliai-kersytojai\\\/#breadcrumb\",\"itemListElement\":[{\"@type\":\"ListItem\",\"position\":1,\"name\":\"Pagrindinis\",\"item\":\"https:\\\/\\\/kidsplay.lt\\\/\"},{\"@type\":\"ListItem\",\"position\":2,\"name\":\"Parduotuv\u0117\",\"item\":\"https:\\\/\\\/kidsplay.lt\\\/parduotuve\\\/\"},{\"@type\":\"ListItem\",\"position\":3,\"name\":\"Ikimokyklin\u0117 kuprin\u0117 &#8211; visagaliai ker\u0161ytojai\"}]},{\"@type\":\"WebSite\",\"@id\":\"https:\\\/\\\/kidsplay.lt\\\/#website\",\"url\":\"https:\\\/\\\/kidsplay.lt\\\/\",\"name\":\"Kidsplay.lt\",\"description\":\"\u012evairios prek\u0117s vaikams\",\"publisher\":{\"@id\":\"https:\\\/\\\/kidsplay.lt\\\/#organization\"},\"alternateName\":\"Kidsplay\",\"potentialAction\":[{\"@type\":\"SearchAction\",\"target\":{\"@type\":\"EntryPoint\",\"urlTemplate\":\"https:\\\/\\\/kidsplay.lt\\\/?s={search_term_string}\"},\"query-input\":{\"@type\":\"PropertyValueSpecification\",\"valueRequired\":true,\"valueName\":\"search_term_string\"}}],\"inLanguage\":\"lv-LV\"},{\"@type\":\"Organization\",\"@id\":\"https:\\\/\\\/kidsplay.lt\\\/#organization\",\"name\":\"KidsPlay\",\"url\":\"https:\\\/\\\/kidsplay.lt\\\/\",\"logo\":{\"@type\":\"ImageObject\",\"inLanguage\":\"lv-LV\",\"@id\":\"https:\\\/\\\/kidsplay.lt\\\/#\\\/schema\\\/logo\\\/image\\\/\",\"url\":\"https:\\\/\\\/kidsplay.lt\\\/wp-content\\\/uploads\\\/2023\\\/07\\\/kidsplay-logo.png\",\"contentUrl\":\"https:\\\/\\\/kidsplay.lt\\\/wp-content\\\/uploads\\\/2023\\\/07\\\/kidsplay-logo.png\",\"width\":451,\"height\":98,\"caption\":\"KidsPlay\"},\"image\":{\"@id\":\"https:\\\/\\\/kidsplay.lt\\\/#\\\/schema\\\/logo\\\/image\\\/\"},\"sameAs\":[\"https:\\\/\\\/www.facebook.com\\\/www.kidsplay.lt\"]}]}<\/script>\n<!-- \/ Yoast SEO plugin. -->","yoast_head_json":{"title":"Ikimokyklin\u0117 kuprin\u0117 - visagaliai ker\u0161ytojai - KidsPlay","description":"Vaiki\u0161ka kuprin\u0117 visagaliai ker\u0161ytojai bus puiki dovana ma\u017eiems vaikams. Puikiai tinka jaunesniems vaikams, i\u0161vykoms \u012f mokykl\u0105 ar dar\u017eeliui.","robots":{"index":"index","follow":"follow","max-snippet":"max-snippet:-1","max-image-preview":"max-image-preview:large","max-video-preview":"max-video-preview:-1"},"canonical":"https:\/\/kidsplay.lt\/lv\/products\/ikimokykline-kuprine-visagaliai-kersytojai\/","og_locale":"lv_LV","og_type":"article","og_title":"Ikimokyklin\u0117 kuprin\u0117 - visagaliai ker\u0161ytojai - KidsPlay","og_description":"Vaiki\u0161ka kuprin\u0117 visagaliai ker\u0161ytojai bus puiki dovana ma\u017eiems vaikams. Puikiai tinka jaunesniems vaikams, i\u0161vykoms \u012f mokykl\u0105 ar dar\u017eeliui.","og_url":"https:\/\/kidsplay.lt\/lv\/products\/ikimokykline-kuprine-visagaliai-kersytojai\/","og_site_name":"KidsPlay","article_publisher":"https:\/\/www.facebook.com\/www.kidsplay.lt","article_modified_time":"2025-10-04T11:35:23+00:00","og_image":[{"width":1800,"height":1800,"url":"https:\/\/kidsplay.lt\/wp-content\/uploads\/2023\/07\/8.jpg","type":"image\/jpeg"}],"twitter_card":"summary_large_image","twitter_misc":{"Est. reading time":"1 min\u016bte"},"schema":{"@context":"https:\/\/schema.org","@graph":[{"@type":"WebPage","@id":"https:\/\/kidsplay.lt\/produktas\/ikimokykline-kuprine-visagaliai-kersytojai\/","url":"https:\/\/kidsplay.lt\/produktas\/ikimokykline-kuprine-visagaliai-kersytojai\/","name":"Ikimokyklin\u0117 kuprin\u0117 - visagaliai ker\u0161ytojai - KidsPlay","isPartOf":{"@id":"https:\/\/kidsplay.lt\/#website"},"primaryImageOfPage":{"@id":"https:\/\/kidsplay.lt\/produktas\/ikimokykline-kuprine-visagaliai-kersytojai\/#primaryimage"},"image":{"@id":"https:\/\/kidsplay.lt\/produktas\/ikimokykline-kuprine-visagaliai-kersytojai\/#primaryimage"},"thumbnailUrl":"https:\/\/kidsplay.lt\/wp-content\/uploads\/2023\/07\/8.jpg","datePublished":"2023-07-18T08:53:21+00:00","dateModified":"2025-10-04T11:35:23+00:00","description":"Vaiki\u0161ka kuprin\u0117 visagaliai ker\u0161ytojai bus puiki dovana ma\u017eiems vaikams. Puikiai tinka jaunesniems vaikams, i\u0161vykoms \u012f mokykl\u0105 ar dar\u017eeliui.","breadcrumb":{"@id":"https:\/\/kidsplay.lt\/produktas\/ikimokykline-kuprine-visagaliai-kersytojai\/#breadcrumb"},"inLanguage":"lv-LV","potentialAction":[{"@type":"ReadAction","target":["https:\/\/kidsplay.lt\/produktas\/ikimokykline-kuprine-visagaliai-kersytojai\/"]}]},{"@type":"ImageObject","inLanguage":"lv-LV","@id":"https:\/\/kidsplay.lt\/produktas\/ikimokykline-kuprine-visagaliai-kersytojai\/#primaryimage","url":"https:\/\/kidsplay.lt\/wp-content\/uploads\/2023\/07\/8.jpg","contentUrl":"https:\/\/kidsplay.lt\/wp-content\/uploads\/2023\/07\/8.jpg","width":1800,"height":1800,"caption":"Ikimokyklin\u0117 kuprin\u0117 - visagaliai ker\u0161ytojai"},{"@type":"BreadcrumbList","@id":"https:\/\/kidsplay.lt\/produktas\/ikimokykline-kuprine-visagaliai-kersytojai\/#breadcrumb","itemListElement":[{"@type":"ListItem","position":1,"name":"Pagrindinis","item":"https:\/\/kidsplay.lt\/"},{"@type":"ListItem","position":2,"name":"Parduotuv\u0117","item":"https:\/\/kidsplay.lt\/parduotuve\/"},{"@type":"ListItem","position":3,"name":"Ikimokyklin\u0117 kuprin\u0117 &#8211; visagaliai ker\u0161ytojai"}]},{"@type":"WebSite","@id":"https:\/\/kidsplay.lt\/#website","url":"https:\/\/kidsplay.lt\/","name":"B\u0113rnu sp\u0113les.lv","description":"\u012evairios prek\u0117s vaikams","publisher":{"@id":"https:\/\/kidsplay.lt\/#organization"},"alternateName":"Kidsplay","potentialAction":[{"@type":"SearchAction","target":{"@type":"EntryPoint","urlTemplate":"https:\/\/kidsplay.lt\/?s={search_term_string}"},"query-input":{"@type":"PropertyValueSpecification","valueRequired":true,"valueName":"search_term_string"}}],"inLanguage":"lv-LV"},{"@type":"Organization","@id":"https:\/\/kidsplay.lt\/#organization","name":"B\u0113rnu sp\u0113le","url":"https:\/\/kidsplay.lt\/","logo":{"@type":"ImageObject","inLanguage":"lv-LV","@id":"https:\/\/kidsplay.lt\/#\/schema\/logo\/image\/","url":"https:\/\/kidsplay.lt\/wp-content\/uploads\/2023\/07\/kidsplay-logo.png","contentUrl":"https:\/\/kidsplay.lt\/wp-content\/uploads\/2023\/07\/kidsplay-logo.png","width":451,"height":98,"caption":"KidsPlay"},"image":{"@id":"https:\/\/kidsplay.lt\/#\/schema\/logo\/image\/"},"sameAs":["https:\/\/www.facebook.com\/www.kidsplay.lt"]}]}},"_links":{"self":[{"href":"https:\/\/kidsplay.lt\/lv\/wp-json\/wp\/v2\/product\/26088","targetHints":{"allow":["GET"]}}],"collection":[{"href":"https:\/\/kidsplay.lt\/lv\/wp-json\/wp\/v2\/product"}],"about":[{"href":"https:\/\/kidsplay.lt\/lv\/wp-json\/wp\/v2\/types\/product"}],"version-history":[{"count":2,"href":"https:\/\/kidsplay.lt\/lv\/wp-json\/wp\/v2\/product\/26088\/revisions"}],"predecessor-version":[{"id":74356,"href":"https:\/\/kidsplay.lt\/lv\/wp-json\/wp\/v2\/product\/26088\/revisions\/74356"}],"wp:featuredmedia":[{"embeddable":true,"href":"https:\/\/kidsplay.lt\/lv\/wp-json\/wp\/v2\/media\/26061"}],"wp:attachment":[{"href":"https:\/\/kidsplay.lt\/lv\/wp-json\/wp\/v2\/media?parent=26088"}],"wp:term":[{"taxonomy":"product_brand","embeddable":true,"href":"https:\/\/kidsplay.lt\/lv\/wp-json\/wp\/v2\/product_brand?post=26088"},{"taxonomy":"product_cat","embeddable":true,"href":"https:\/\/kidsplay.lt\/lv\/wp-json\/wp\/v2\/product_cat?post=26088"},{"taxonomy":"product_tag","embeddable":true,"href":"https:\/\/kidsplay.lt\/lv\/wp-json\/wp\/v2\/product_tag?post=26088"}],"curies":[{"name":"wp","href":"https:\/\/api.w.org\/{rel}","templated":true}]}}