{"id":26210,"date":"2023-07-18T19:44:13","date_gmt":"2023-07-18T19:44:13","guid":{"rendered":"https:\/\/kidsplay.lt\/?post_type=product&#038;p=26210"},"modified":"2025-12-24T09:00:38","modified_gmt":"2025-12-24T07:00:38","slug":"piesimo-lenta-su-projektoriumi-vaikams","status":"publish","type":"product","link":"https:\/\/kidsplay.lt\/lv\/products\/piesimo-lenta-su-projektoriumi-vaikams\/","title":{"rendered":"Z\u012bm\u0113\u0161anas t\u0101fele ar projektoru b\u0113rniem"},"content":{"rendered":"<p>Piln\u012bb\u0101 apr\u012bkota t\u0101fele ar projektoru.<br \/>\nRot\u0113jo\u0161s projektors.<br \/>\nTabula.<br \/>\n24 att\u0113li.<br \/>\n3 main\u0101mas pl\u0101ksnes ar slaidiem, kas sak\u0101rtoti pa t\u0113m\u0101m.<br \/>\nParedz\u0113ts b\u0113rniem no 3 gadu vecuma.<br \/>\nRota\u013clietas izm\u0113ri: 30 cm (augstums) x 21 cm (platums) x 19 cm (dzi\u013cums).<br \/>\nIepakojuma izm\u0113ri: 23 x 18,5 x 7 cm.<br \/>\nBaterijas: 2 x AA 1,5 V baterijas (nav iek\u013cautas komplekt\u0101).<\/p>\n<p>Komplekt\u0101 ietilpst 24 att\u0113li:<br \/>\n<strong>Aug\u013ci un d\u0101rze\u0146i<\/strong>bumbieri, anan\u0101si, tom\u0101ti, apels\u012bni, v\u012bnogas, \u0137ir\u0161i, \u0101boli, arb\u016bzs.<br \/>\n<strong>Dz\u012bvnieki<\/strong>: lauva, kaza, zirgs, t\u012b\u0123eris, bizons, p\u0113rti\u0137is, zilonis, \u017eirafe.<br \/>\n<strong>Transportl\u012bdzek\u013ci<\/strong>: lidma\u0161\u012bna, \u0101tr\u0101 pal\u012bdz\u012bba, gaisa balons, autobuss, vilciens, ekskavators, zem\u016bdene, kosmosa ku\u0123is<\/p>","protected":false},"excerpt":{"rendered":"<p>Z\u012bm\u0113\u0161anas t\u0101fele ar projektoru ir lieliska ideja b\u0113rnam, kuram pat\u012bk z\u012bm\u0113t un gleznot. T\u0101fele ar projektoru un 24 att\u0113liem noteikti ieinteres\u0113s jauno m\u0101kslinieku. Jautr\u012bba un m\u0101c\u012b\u0161an\u0101s nekad nebeigsies! Att\u012bstiet b\u0113rna izt\u0113li, roku darba un m\u0101ksliniecisk\u0101s prasmes jau no mazotnes.<\/p>","protected":false},"featured_media":26214,"template":"","meta":{"_acf_changed":false,"_glsr_average":0,"_glsr_ranking":0,"_glsr_reviews":0},"product_brand":[],"product_cat":[265,365,388,229],"product_tag":[],"class_list":{"0":"post-26210","1":"product","2":"type-product","3":"status-publish","4":"has-post-thumbnail","6":"product_cat-dovanu-idejos","7":"product_cat-dovanu-idejos-mergaitems","8":"product_cat-edukaciniai-lavinamieji-zaislai","9":"product_cat-zaislai-vaikams","10":"\"style=\"background-color: #2ecc711c;\"","12":"first","13":"instock","14":"shipping-taxable","15":"purchasable","16":"product-type-simple"},"acf":[],"yoast_head":"<!-- This site is optimized with the Yoast SEO plugin v27.3 - https:\/\/yoast.com\/product\/yoast-seo-wordpress\/ -->\n<title>Pie\u0161imo lenta su projektoriumi vaikams - KidsPlay<\/title>\n<meta name=\"description\" content=\"Pie\u0161imo lenta su projektoriumi \u2013 puiki id\u0117ja pie\u0161ti ir tapyti m\u0117gstan\u010diam vaikui. Lenta su projektoriumi ir 24 paveiksliukais.\" \/>\n<meta name=\"robots\" content=\"index, follow, max-snippet:-1, max-image-preview:large, max-video-preview:-1\" \/>\n<link rel=\"canonical\" href=\"https:\/\/kidsplay.lt\/lv\/products\/piesimo-lenta-su-projektoriumi-vaikams\/\" \/>\n<meta property=\"og:locale\" content=\"lv_LV\" \/>\n<meta property=\"og:type\" content=\"article\" \/>\n<meta property=\"og:title\" content=\"Pie\u0161imo lenta su projektoriumi vaikams - KidsPlay\" \/>\n<meta property=\"og:description\" content=\"Pie\u0161imo lenta su projektoriumi \u2013 puiki id\u0117ja pie\u0161ti ir tapyti m\u0117gstan\u010diam vaikui. Lenta su projektoriumi ir 24 paveiksliukais.\" \/>\n<meta property=\"og:url\" content=\"https:\/\/kidsplay.lt\/lv\/products\/piesimo-lenta-su-projektoriumi-vaikams\/\" \/>\n<meta property=\"og:site_name\" content=\"KidsPlay\" \/>\n<meta property=\"article:publisher\" content=\"https:\/\/www.facebook.com\/www.kidsplay.lt\" \/>\n<meta property=\"article:modified_time\" content=\"2025-12-24T07:00:38+00:00\" \/>\n<meta property=\"og:image\" content=\"https:\/\/kidsplay.lt\/wp-content\/uploads\/2023\/07\/piesimo-lenta-su-projektoriumi.png\" \/>\n\t<meta property=\"og:image:width\" content=\"846\" \/>\n\t<meta property=\"og:image:height\" content=\"776\" \/>\n\t<meta property=\"og:image:type\" content=\"image\/png\" \/>\n<meta name=\"twitter:card\" content=\"summary_large_image\" \/>\n<meta name=\"twitter:label1\" content=\"Est. reading time\" \/>\n\t<meta name=\"twitter:data1\" content=\"1 min\u016bte\" \/>\n<script type=\"application\/ld+json\" class=\"yoast-schema-graph\">{\"@context\":\"https:\\\/\\\/schema.org\",\"@graph\":[{\"@type\":\"WebPage\",\"@id\":\"https:\\\/\\\/kidsplay.lt\\\/produktas\\\/piesimo-lenta-su-projektoriumi-vaikams\\\/\",\"url\":\"https:\\\/\\\/kidsplay.lt\\\/produktas\\\/piesimo-lenta-su-projektoriumi-vaikams\\\/\",\"name\":\"Pie\u0161imo lenta su projektoriumi vaikams - KidsPlay\",\"isPartOf\":{\"@id\":\"https:\\\/\\\/kidsplay.lt\\\/#website\"},\"primaryImageOfPage\":{\"@id\":\"https:\\\/\\\/kidsplay.lt\\\/produktas\\\/piesimo-lenta-su-projektoriumi-vaikams\\\/#primaryimage\"},\"image\":{\"@id\":\"https:\\\/\\\/kidsplay.lt\\\/produktas\\\/piesimo-lenta-su-projektoriumi-vaikams\\\/#primaryimage\"},\"thumbnailUrl\":\"https:\\\/\\\/kidsplay.lt\\\/wp-content\\\/uploads\\\/2023\\\/07\\\/piesimo-lenta-su-projektoriumi.png\",\"datePublished\":\"2023-07-18T19:44:13+00:00\",\"dateModified\":\"2025-12-24T07:00:38+00:00\",\"description\":\"Pie\u0161imo lenta su projektoriumi \u2013 puiki id\u0117ja pie\u0161ti ir tapyti m\u0117gstan\u010diam vaikui. Lenta su projektoriumi ir 24 paveiksliukais.\",\"breadcrumb\":{\"@id\":\"https:\\\/\\\/kidsplay.lt\\\/produktas\\\/piesimo-lenta-su-projektoriumi-vaikams\\\/#breadcrumb\"},\"inLanguage\":\"lv-LV\",\"potentialAction\":[{\"@type\":\"ReadAction\",\"target\":[\"https:\\\/\\\/kidsplay.lt\\\/produktas\\\/piesimo-lenta-su-projektoriumi-vaikams\\\/\"]}]},{\"@type\":\"ImageObject\",\"inLanguage\":\"lv-LV\",\"@id\":\"https:\\\/\\\/kidsplay.lt\\\/produktas\\\/piesimo-lenta-su-projektoriumi-vaikams\\\/#primaryimage\",\"url\":\"https:\\\/\\\/kidsplay.lt\\\/wp-content\\\/uploads\\\/2023\\\/07\\\/piesimo-lenta-su-projektoriumi.png\",\"contentUrl\":\"https:\\\/\\\/kidsplay.lt\\\/wp-content\\\/uploads\\\/2023\\\/07\\\/piesimo-lenta-su-projektoriumi.png\",\"width\":846,\"height\":776,\"caption\":\"piesimo lenta su projektoriumi\"},{\"@type\":\"BreadcrumbList\",\"@id\":\"https:\\\/\\\/kidsplay.lt\\\/produktas\\\/piesimo-lenta-su-projektoriumi-vaikams\\\/#breadcrumb\",\"itemListElement\":[{\"@type\":\"ListItem\",\"position\":1,\"name\":\"Pagrindinis\",\"item\":\"https:\\\/\\\/kidsplay.lt\\\/\"},{\"@type\":\"ListItem\",\"position\":2,\"name\":\"Parduotuv\u0117\",\"item\":\"https:\\\/\\\/kidsplay.lt\\\/parduotuve\\\/\"},{\"@type\":\"ListItem\",\"position\":3,\"name\":\"Pie\u0161imo lenta su projektoriumi vaikams\"}]},{\"@type\":\"WebSite\",\"@id\":\"https:\\\/\\\/kidsplay.lt\\\/#website\",\"url\":\"https:\\\/\\\/kidsplay.lt\\\/\",\"name\":\"Kidsplay.lt\",\"description\":\"\u012evairios prek\u0117s vaikams\",\"publisher\":{\"@id\":\"https:\\\/\\\/kidsplay.lt\\\/#organization\"},\"alternateName\":\"Kidsplay\",\"potentialAction\":[{\"@type\":\"SearchAction\",\"target\":{\"@type\":\"EntryPoint\",\"urlTemplate\":\"https:\\\/\\\/kidsplay.lt\\\/?s={search_term_string}\"},\"query-input\":{\"@type\":\"PropertyValueSpecification\",\"valueRequired\":true,\"valueName\":\"search_term_string\"}}],\"inLanguage\":\"lv-LV\"},{\"@type\":\"Organization\",\"@id\":\"https:\\\/\\\/kidsplay.lt\\\/#organization\",\"name\":\"KidsPlay\",\"url\":\"https:\\\/\\\/kidsplay.lt\\\/\",\"logo\":{\"@type\":\"ImageObject\",\"inLanguage\":\"lv-LV\",\"@id\":\"https:\\\/\\\/kidsplay.lt\\\/#\\\/schema\\\/logo\\\/image\\\/\",\"url\":\"https:\\\/\\\/kidsplay.lt\\\/wp-content\\\/uploads\\\/2023\\\/07\\\/kidsplay-logo.png\",\"contentUrl\":\"https:\\\/\\\/kidsplay.lt\\\/wp-content\\\/uploads\\\/2023\\\/07\\\/kidsplay-logo.png\",\"width\":451,\"height\":98,\"caption\":\"KidsPlay\"},\"image\":{\"@id\":\"https:\\\/\\\/kidsplay.lt\\\/#\\\/schema\\\/logo\\\/image\\\/\"},\"sameAs\":[\"https:\\\/\\\/www.facebook.com\\\/www.kidsplay.lt\"]}]}<\/script>\n<!-- \/ Yoast SEO plugin. -->","yoast_head_json":{"title":"Pie\u0161imo lenta su projektoriumi vaikams - KidsPlay","description":"Pie\u0161imo lenta su projektoriumi \u2013 puiki id\u0117ja pie\u0161ti ir tapyti m\u0117gstan\u010diam vaikui. Lenta su projektoriumi ir 24 paveiksliukais.","robots":{"index":"index","follow":"follow","max-snippet":"max-snippet:-1","max-image-preview":"max-image-preview:large","max-video-preview":"max-video-preview:-1"},"canonical":"https:\/\/kidsplay.lt\/lv\/products\/piesimo-lenta-su-projektoriumi-vaikams\/","og_locale":"lv_LV","og_type":"article","og_title":"Pie\u0161imo lenta su projektoriumi vaikams - KidsPlay","og_description":"Pie\u0161imo lenta su projektoriumi \u2013 puiki id\u0117ja pie\u0161ti ir tapyti m\u0117gstan\u010diam vaikui. Lenta su projektoriumi ir 24 paveiksliukais.","og_url":"https:\/\/kidsplay.lt\/lv\/products\/piesimo-lenta-su-projektoriumi-vaikams\/","og_site_name":"KidsPlay","article_publisher":"https:\/\/www.facebook.com\/www.kidsplay.lt","article_modified_time":"2025-12-24T07:00:38+00:00","og_image":[{"width":846,"height":776,"url":"https:\/\/kidsplay.lt\/wp-content\/uploads\/2023\/07\/piesimo-lenta-su-projektoriumi.png","type":"image\/png"}],"twitter_card":"summary_large_image","twitter_misc":{"Est. reading time":"1 min\u016bte"},"schema":{"@context":"https:\/\/schema.org","@graph":[{"@type":"WebPage","@id":"https:\/\/kidsplay.lt\/produktas\/piesimo-lenta-su-projektoriumi-vaikams\/","url":"https:\/\/kidsplay.lt\/produktas\/piesimo-lenta-su-projektoriumi-vaikams\/","name":"Pie\u0161imo lenta su projektoriumi vaikams - KidsPlay","isPartOf":{"@id":"https:\/\/kidsplay.lt\/#website"},"primaryImageOfPage":{"@id":"https:\/\/kidsplay.lt\/produktas\/piesimo-lenta-su-projektoriumi-vaikams\/#primaryimage"},"image":{"@id":"https:\/\/kidsplay.lt\/produktas\/piesimo-lenta-su-projektoriumi-vaikams\/#primaryimage"},"thumbnailUrl":"https:\/\/kidsplay.lt\/wp-content\/uploads\/2023\/07\/piesimo-lenta-su-projektoriumi.png","datePublished":"2023-07-18T19:44:13+00:00","dateModified":"2025-12-24T07:00:38+00:00","description":"Pie\u0161imo lenta su projektoriumi \u2013 puiki id\u0117ja pie\u0161ti ir tapyti m\u0117gstan\u010diam vaikui. Lenta su projektoriumi ir 24 paveiksliukais.","breadcrumb":{"@id":"https:\/\/kidsplay.lt\/produktas\/piesimo-lenta-su-projektoriumi-vaikams\/#breadcrumb"},"inLanguage":"lv-LV","potentialAction":[{"@type":"ReadAction","target":["https:\/\/kidsplay.lt\/produktas\/piesimo-lenta-su-projektoriumi-vaikams\/"]}]},{"@type":"ImageObject","inLanguage":"lv-LV","@id":"https:\/\/kidsplay.lt\/produktas\/piesimo-lenta-su-projektoriumi-vaikams\/#primaryimage","url":"https:\/\/kidsplay.lt\/wp-content\/uploads\/2023\/07\/piesimo-lenta-su-projektoriumi.png","contentUrl":"https:\/\/kidsplay.lt\/wp-content\/uploads\/2023\/07\/piesimo-lenta-su-projektoriumi.png","width":846,"height":776,"caption":"piesimo lenta su projektoriumi"},{"@type":"BreadcrumbList","@id":"https:\/\/kidsplay.lt\/produktas\/piesimo-lenta-su-projektoriumi-vaikams\/#breadcrumb","itemListElement":[{"@type":"ListItem","position":1,"name":"Pagrindinis","item":"https:\/\/kidsplay.lt\/"},{"@type":"ListItem","position":2,"name":"Parduotuv\u0117","item":"https:\/\/kidsplay.lt\/parduotuve\/"},{"@type":"ListItem","position":3,"name":"Pie\u0161imo lenta su projektoriumi vaikams"}]},{"@type":"WebSite","@id":"https:\/\/kidsplay.lt\/#website","url":"https:\/\/kidsplay.lt\/","name":"B\u0113rnu sp\u0113les.lv","description":"\u012evairios prek\u0117s vaikams","publisher":{"@id":"https:\/\/kidsplay.lt\/#organization"},"alternateName":"Kidsplay","potentialAction":[{"@type":"SearchAction","target":{"@type":"EntryPoint","urlTemplate":"https:\/\/kidsplay.lt\/?s={search_term_string}"},"query-input":{"@type":"PropertyValueSpecification","valueRequired":true,"valueName":"search_term_string"}}],"inLanguage":"lv-LV"},{"@type":"Organization","@id":"https:\/\/kidsplay.lt\/#organization","name":"B\u0113rnu sp\u0113le","url":"https:\/\/kidsplay.lt\/","logo":{"@type":"ImageObject","inLanguage":"lv-LV","@id":"https:\/\/kidsplay.lt\/#\/schema\/logo\/image\/","url":"https:\/\/kidsplay.lt\/wp-content\/uploads\/2023\/07\/kidsplay-logo.png","contentUrl":"https:\/\/kidsplay.lt\/wp-content\/uploads\/2023\/07\/kidsplay-logo.png","width":451,"height":98,"caption":"KidsPlay"},"image":{"@id":"https:\/\/kidsplay.lt\/#\/schema\/logo\/image\/"},"sameAs":["https:\/\/www.facebook.com\/www.kidsplay.lt"]}]}},"_links":{"self":[{"href":"https:\/\/kidsplay.lt\/lv\/wp-json\/wp\/v2\/product\/26210","targetHints":{"allow":["GET"]}}],"collection":[{"href":"https:\/\/kidsplay.lt\/lv\/wp-json\/wp\/v2\/product"}],"about":[{"href":"https:\/\/kidsplay.lt\/lv\/wp-json\/wp\/v2\/types\/product"}],"version-history":[{"count":2,"href":"https:\/\/kidsplay.lt\/lv\/wp-json\/wp\/v2\/product\/26210\/revisions"}],"predecessor-version":[{"id":65120,"href":"https:\/\/kidsplay.lt\/lv\/wp-json\/wp\/v2\/product\/26210\/revisions\/65120"}],"wp:featuredmedia":[{"embeddable":true,"href":"https:\/\/kidsplay.lt\/lv\/wp-json\/wp\/v2\/media\/26214"}],"wp:attachment":[{"href":"https:\/\/kidsplay.lt\/lv\/wp-json\/wp\/v2\/media?parent=26210"}],"wp:term":[{"taxonomy":"product_brand","embeddable":true,"href":"https:\/\/kidsplay.lt\/lv\/wp-json\/wp\/v2\/product_brand?post=26210"},{"taxonomy":"product_cat","embeddable":true,"href":"https:\/\/kidsplay.lt\/lv\/wp-json\/wp\/v2\/product_cat?post=26210"},{"taxonomy":"product_tag","embeddable":true,"href":"https:\/\/kidsplay.lt\/lv\/wp-json\/wp\/v2\/product_tag?post=26210"}],"curies":[{"name":"wp","href":"https:\/\/api.w.org\/{rel}","templated":true}]}}