{"id":26316,"date":"2023-07-20T17:27:04","date_gmt":"2023-07-20T17:27:04","guid":{"rendered":"https:\/\/kidsplay.lt\/?post_type=product&#038;p=26316"},"modified":"2025-12-01T16:26:58","modified_gmt":"2025-12-01T14:26:58","slug":"dideliu-pasteliniu-balionu-rinkinys-30cm-50vnt","status":"publish","type":"product","link":"https:\/\/kidsplay.lt\/lv\/products\/dideliu-pasteliniu-balionu-rinkinys-30cm-50vnt\/","title":{"rendered":"Lielu paste\u013cto\u0146u balonu komplekts 30 cm 50 gab."},"content":{"rendered":"<p>Pasteliniai balionai yra puikus pasirinkimas bet kuriame vakar\u0117lyje. Jie puikiai tiks helovino, nauj\u0173j\u0173 met\u0173 vakar\u0117liams, vaik\u0173 gimtadieniams ir net vestuv\u0117ms. \u0160ie balionai turi labai eleganti\u0161k\u0105 i\u0161vaizd\u0105 su matiniu pavir\u0161iumi, tod\u0117l patiks net i\u0161rankiausiems rengini\u0173 organizatoriams. Tinka tiek priva\u010diam, tiek profesionaliam naudojimui.<\/p>\n<p>Pakuot\u0117je rasite:<br \/>\n50vnt. 30cm. balion\u0173.<br \/>\nSpalvos: Ro\u017ein\u0117 &#8211; 22 vnt., Raudona &#8211; 6 vnt., M\u0117tin\u0117 &#8211; 4 vnt., \u0160viesiai \u017ealia &#8211; 6 vnt., Oran\u017ein\u0117 &#8211; 3 vnt., Geltona &#8211; 4 vnt., Violetin\u0117 &#8211; 2 vnt., M\u0117lyna &#8211; 3 vnt.<\/p>","protected":false},"excerpt":{"rendered":"<p>Lielu paste\u013cto\u0146u balonu komplekts 30 cm 50 gab.<\/p>","protected":false},"featured_media":26317,"template":"","meta":{"_acf_changed":false,"_glsr_average":0,"_glsr_ranking":0,"_glsr_reviews":0},"product_brand":[],"product_cat":[374,372],"product_tag":[],"class_list":{"0":"post-26316","1":"product","2":"type-product","3":"status-publish","4":"has-post-thumbnail","6":"product_cat-balionai","7":"product_cat-vaiku-sventems","8":"\"style=\"background-color: #2ecc711c;\"","10":"first","11":"instock","12":"shipping-taxable","13":"purchasable","14":"product-type-simple"},"acf":[],"yoast_head":"<!-- This site is optimized with the Yoast SEO plugin v27.4 - https:\/\/yoast.com\/product\/yoast-seo-wordpress\/ -->\n<title>Dideli\u0173 pastelini\u0173 balion\u0173 rinkinys 30CM 50vnt. - KidsPlay<\/title>\n<meta name=\"description\" content=\"\u0160ventiniai balionai tiks helovino, nauj\u0173j\u0173 met\u0173 vakar\u0117liams, vaik\u0173 gimtadieniams ir net vestuv\u0117ms. Balionai su eleganti\u0161ka i\u0161vaizda ir matiniu pavir\u0161iumi.\" \/>\n<meta name=\"robots\" content=\"index, follow, max-snippet:-1, max-image-preview:large, max-video-preview:-1\" \/>\n<link rel=\"canonical\" href=\"https:\/\/kidsplay.lt\/lv\/products\/dideliu-pasteliniu-balionu-rinkinys-30cm-50vnt\/\" \/>\n<meta property=\"og:locale\" content=\"lv_LV\" \/>\n<meta property=\"og:type\" content=\"article\" \/>\n<meta property=\"og:title\" content=\"Dideli\u0173 pastelini\u0173 balion\u0173 rinkinys 30CM 50vnt. - KidsPlay\" \/>\n<meta property=\"og:description\" content=\"\u0160ventiniai balionai tiks helovino, nauj\u0173j\u0173 met\u0173 vakar\u0117liams, vaik\u0173 gimtadieniams ir net vestuv\u0117ms. Balionai su eleganti\u0161ka i\u0161vaizda ir matiniu pavir\u0161iumi.\" \/>\n<meta property=\"og:url\" content=\"https:\/\/kidsplay.lt\/lv\/products\/dideliu-pasteliniu-balionu-rinkinys-30cm-50vnt\/\" \/>\n<meta property=\"og:site_name\" content=\"KidsPlay\" \/>\n<meta property=\"article:publisher\" content=\"https:\/\/www.facebook.com\/www.kidsplay.lt\" \/>\n<meta property=\"article:modified_time\" content=\"2025-12-01T14:26:58+00:00\" \/>\n<meta property=\"og:image\" content=\"https:\/\/kidsplay.lt\/wp-content\/uploads\/2023\/07\/pasteliniai-balionai.png\" \/>\n\t<meta property=\"og:image:width\" content=\"947\" \/>\n\t<meta property=\"og:image:height\" content=\"864\" \/>\n\t<meta property=\"og:image:type\" content=\"image\/png\" \/>\n<meta name=\"twitter:card\" content=\"summary_large_image\" \/>\n<meta name=\"twitter:label1\" content=\"Est. reading time\" \/>\n\t<meta name=\"twitter:data1\" content=\"1 min\u016bte\" \/>\n<script type=\"application\/ld+json\" class=\"yoast-schema-graph\">{\"@context\":\"https:\\\/\\\/schema.org\",\"@graph\":[{\"@type\":\"WebPage\",\"@id\":\"https:\\\/\\\/kidsplay.lt\\\/produktas\\\/dideliu-pasteliniu-balionu-rinkinys-30cm-50vnt\\\/\",\"url\":\"https:\\\/\\\/kidsplay.lt\\\/produktas\\\/dideliu-pasteliniu-balionu-rinkinys-30cm-50vnt\\\/\",\"name\":\"Dideli\u0173 pastelini\u0173 balion\u0173 rinkinys 30CM 50vnt. - KidsPlay\",\"isPartOf\":{\"@id\":\"https:\\\/\\\/kidsplay.lt\\\/#website\"},\"primaryImageOfPage\":{\"@id\":\"https:\\\/\\\/kidsplay.lt\\\/produktas\\\/dideliu-pasteliniu-balionu-rinkinys-30cm-50vnt\\\/#primaryimage\"},\"image\":{\"@id\":\"https:\\\/\\\/kidsplay.lt\\\/produktas\\\/dideliu-pasteliniu-balionu-rinkinys-30cm-50vnt\\\/#primaryimage\"},\"thumbnailUrl\":\"https:\\\/\\\/kidsplay.lt\\\/wp-content\\\/uploads\\\/2023\\\/07\\\/pasteliniai-balionai.png\",\"datePublished\":\"2023-07-20T17:27:04+00:00\",\"dateModified\":\"2025-12-01T14:26:58+00:00\",\"description\":\"\u0160ventiniai balionai tiks helovino, nauj\u0173j\u0173 met\u0173 vakar\u0117liams, vaik\u0173 gimtadieniams ir net vestuv\u0117ms. Balionai su eleganti\u0161ka i\u0161vaizda ir matiniu pavir\u0161iumi.\",\"breadcrumb\":{\"@id\":\"https:\\\/\\\/kidsplay.lt\\\/produktas\\\/dideliu-pasteliniu-balionu-rinkinys-30cm-50vnt\\\/#breadcrumb\"},\"inLanguage\":\"lv-LV\",\"potentialAction\":[{\"@type\":\"ReadAction\",\"target\":[\"https:\\\/\\\/kidsplay.lt\\\/produktas\\\/dideliu-pasteliniu-balionu-rinkinys-30cm-50vnt\\\/\"]}]},{\"@type\":\"ImageObject\",\"inLanguage\":\"lv-LV\",\"@id\":\"https:\\\/\\\/kidsplay.lt\\\/produktas\\\/dideliu-pasteliniu-balionu-rinkinys-30cm-50vnt\\\/#primaryimage\",\"url\":\"https:\\\/\\\/kidsplay.lt\\\/wp-content\\\/uploads\\\/2023\\\/07\\\/pasteliniai-balionai.png\",\"contentUrl\":\"https:\\\/\\\/kidsplay.lt\\\/wp-content\\\/uploads\\\/2023\\\/07\\\/pasteliniai-balionai.png\",\"width\":947,\"height\":864,\"caption\":\"balionu rinkinys 50vnt\"},{\"@type\":\"BreadcrumbList\",\"@id\":\"https:\\\/\\\/kidsplay.lt\\\/produktas\\\/dideliu-pasteliniu-balionu-rinkinys-30cm-50vnt\\\/#breadcrumb\",\"itemListElement\":[{\"@type\":\"ListItem\",\"position\":1,\"name\":\"Pagrindinis\",\"item\":\"https:\\\/\\\/kidsplay.lt\\\/\"},{\"@type\":\"ListItem\",\"position\":2,\"name\":\"Parduotuv\u0117\",\"item\":\"https:\\\/\\\/kidsplay.lt\\\/parduotuve\\\/\"},{\"@type\":\"ListItem\",\"position\":3,\"name\":\"Dideli\u0173 pastelini\u0173 balion\u0173 rinkinys 30CM 50vnt.\"}]},{\"@type\":\"WebSite\",\"@id\":\"https:\\\/\\\/kidsplay.lt\\\/#website\",\"url\":\"https:\\\/\\\/kidsplay.lt\\\/\",\"name\":\"Kidsplay.lt\",\"description\":\"\u012evairios prek\u0117s vaikams\",\"publisher\":{\"@id\":\"https:\\\/\\\/kidsplay.lt\\\/#organization\"},\"alternateName\":\"Kidsplay\",\"potentialAction\":[{\"@type\":\"SearchAction\",\"target\":{\"@type\":\"EntryPoint\",\"urlTemplate\":\"https:\\\/\\\/kidsplay.lt\\\/?s={search_term_string}\"},\"query-input\":{\"@type\":\"PropertyValueSpecification\",\"valueRequired\":true,\"valueName\":\"search_term_string\"}}],\"inLanguage\":\"lv-LV\"},{\"@type\":\"Organization\",\"@id\":\"https:\\\/\\\/kidsplay.lt\\\/#organization\",\"name\":\"KidsPlay\",\"url\":\"https:\\\/\\\/kidsplay.lt\\\/\",\"logo\":{\"@type\":\"ImageObject\",\"inLanguage\":\"lv-LV\",\"@id\":\"https:\\\/\\\/kidsplay.lt\\\/#\\\/schema\\\/logo\\\/image\\\/\",\"url\":\"https:\\\/\\\/kidsplay.lt\\\/wp-content\\\/uploads\\\/2023\\\/07\\\/kidsplay-logo.png\",\"contentUrl\":\"https:\\\/\\\/kidsplay.lt\\\/wp-content\\\/uploads\\\/2023\\\/07\\\/kidsplay-logo.png\",\"width\":451,\"height\":98,\"caption\":\"KidsPlay\"},\"image\":{\"@id\":\"https:\\\/\\\/kidsplay.lt\\\/#\\\/schema\\\/logo\\\/image\\\/\"},\"sameAs\":[\"https:\\\/\\\/www.facebook.com\\\/www.kidsplay.lt\"]}]}<\/script>\n<!-- \/ Yoast SEO plugin. -->","yoast_head_json":{"title":"Dideli\u0173 pastelini\u0173 balion\u0173 rinkinys 30CM 50vnt. - KidsPlay","description":"\u0160ventiniai balionai tiks helovino, nauj\u0173j\u0173 met\u0173 vakar\u0117liams, vaik\u0173 gimtadieniams ir net vestuv\u0117ms. Balionai su eleganti\u0161ka i\u0161vaizda ir matiniu pavir\u0161iumi.","robots":{"index":"index","follow":"follow","max-snippet":"max-snippet:-1","max-image-preview":"max-image-preview:large","max-video-preview":"max-video-preview:-1"},"canonical":"https:\/\/kidsplay.lt\/lv\/products\/dideliu-pasteliniu-balionu-rinkinys-30cm-50vnt\/","og_locale":"lv_LV","og_type":"article","og_title":"Dideli\u0173 pastelini\u0173 balion\u0173 rinkinys 30CM 50vnt. - KidsPlay","og_description":"\u0160ventiniai balionai tiks helovino, nauj\u0173j\u0173 met\u0173 vakar\u0117liams, vaik\u0173 gimtadieniams ir net vestuv\u0117ms. Balionai su eleganti\u0161ka i\u0161vaizda ir matiniu pavir\u0161iumi.","og_url":"https:\/\/kidsplay.lt\/lv\/products\/dideliu-pasteliniu-balionu-rinkinys-30cm-50vnt\/","og_site_name":"KidsPlay","article_publisher":"https:\/\/www.facebook.com\/www.kidsplay.lt","article_modified_time":"2025-12-01T14:26:58+00:00","og_image":[{"width":947,"height":864,"url":"https:\/\/kidsplay.lt\/wp-content\/uploads\/2023\/07\/pasteliniai-balionai.png","type":"image\/png"}],"twitter_card":"summary_large_image","twitter_misc":{"Est. reading time":"1 min\u016bte"},"schema":{"@context":"https:\/\/schema.org","@graph":[{"@type":"WebPage","@id":"https:\/\/kidsplay.lt\/produktas\/dideliu-pasteliniu-balionu-rinkinys-30cm-50vnt\/","url":"https:\/\/kidsplay.lt\/produktas\/dideliu-pasteliniu-balionu-rinkinys-30cm-50vnt\/","name":"Dideli\u0173 pastelini\u0173 balion\u0173 rinkinys 30CM 50vnt. - KidsPlay","isPartOf":{"@id":"https:\/\/kidsplay.lt\/#website"},"primaryImageOfPage":{"@id":"https:\/\/kidsplay.lt\/produktas\/dideliu-pasteliniu-balionu-rinkinys-30cm-50vnt\/#primaryimage"},"image":{"@id":"https:\/\/kidsplay.lt\/produktas\/dideliu-pasteliniu-balionu-rinkinys-30cm-50vnt\/#primaryimage"},"thumbnailUrl":"https:\/\/kidsplay.lt\/wp-content\/uploads\/2023\/07\/pasteliniai-balionai.png","datePublished":"2023-07-20T17:27:04+00:00","dateModified":"2025-12-01T14:26:58+00:00","description":"\u0160ventiniai balionai tiks helovino, nauj\u0173j\u0173 met\u0173 vakar\u0117liams, vaik\u0173 gimtadieniams ir net vestuv\u0117ms. Balionai su eleganti\u0161ka i\u0161vaizda ir matiniu pavir\u0161iumi.","breadcrumb":{"@id":"https:\/\/kidsplay.lt\/produktas\/dideliu-pasteliniu-balionu-rinkinys-30cm-50vnt\/#breadcrumb"},"inLanguage":"lv-LV","potentialAction":[{"@type":"ReadAction","target":["https:\/\/kidsplay.lt\/produktas\/dideliu-pasteliniu-balionu-rinkinys-30cm-50vnt\/"]}]},{"@type":"ImageObject","inLanguage":"lv-LV","@id":"https:\/\/kidsplay.lt\/produktas\/dideliu-pasteliniu-balionu-rinkinys-30cm-50vnt\/#primaryimage","url":"https:\/\/kidsplay.lt\/wp-content\/uploads\/2023\/07\/pasteliniai-balionai.png","contentUrl":"https:\/\/kidsplay.lt\/wp-content\/uploads\/2023\/07\/pasteliniai-balionai.png","width":947,"height":864,"caption":"balionu rinkinys 50vnt"},{"@type":"BreadcrumbList","@id":"https:\/\/kidsplay.lt\/produktas\/dideliu-pasteliniu-balionu-rinkinys-30cm-50vnt\/#breadcrumb","itemListElement":[{"@type":"ListItem","position":1,"name":"Pagrindinis","item":"https:\/\/kidsplay.lt\/"},{"@type":"ListItem","position":2,"name":"Parduotuv\u0117","item":"https:\/\/kidsplay.lt\/parduotuve\/"},{"@type":"ListItem","position":3,"name":"Dideli\u0173 pastelini\u0173 balion\u0173 rinkinys 30CM 50vnt."}]},{"@type":"WebSite","@id":"https:\/\/kidsplay.lt\/#website","url":"https:\/\/kidsplay.lt\/","name":"B\u0113rnu sp\u0113les.lv","description":"\u012evairios prek\u0117s vaikams","publisher":{"@id":"https:\/\/kidsplay.lt\/#organization"},"alternateName":"Kidsplay","potentialAction":[{"@type":"SearchAction","target":{"@type":"EntryPoint","urlTemplate":"https:\/\/kidsplay.lt\/?s={search_term_string}"},"query-input":{"@type":"PropertyValueSpecification","valueRequired":true,"valueName":"search_term_string"}}],"inLanguage":"lv-LV"},{"@type":"Organization","@id":"https:\/\/kidsplay.lt\/#organization","name":"B\u0113rnu sp\u0113le","url":"https:\/\/kidsplay.lt\/","logo":{"@type":"ImageObject","inLanguage":"lv-LV","@id":"https:\/\/kidsplay.lt\/#\/schema\/logo\/image\/","url":"https:\/\/kidsplay.lt\/wp-content\/uploads\/2023\/07\/kidsplay-logo.png","contentUrl":"https:\/\/kidsplay.lt\/wp-content\/uploads\/2023\/07\/kidsplay-logo.png","width":451,"height":98,"caption":"KidsPlay"},"image":{"@id":"https:\/\/kidsplay.lt\/#\/schema\/logo\/image\/"},"sameAs":["https:\/\/www.facebook.com\/www.kidsplay.lt"]}]}},"_links":{"self":[{"href":"https:\/\/kidsplay.lt\/lv\/wp-json\/wp\/v2\/product\/26316","targetHints":{"allow":["GET"]}}],"collection":[{"href":"https:\/\/kidsplay.lt\/lv\/wp-json\/wp\/v2\/product"}],"about":[{"href":"https:\/\/kidsplay.lt\/lv\/wp-json\/wp\/v2\/types\/product"}],"version-history":[{"count":3,"href":"https:\/\/kidsplay.lt\/lv\/wp-json\/wp\/v2\/product\/26316\/revisions"}],"predecessor-version":[{"id":74357,"href":"https:\/\/kidsplay.lt\/lv\/wp-json\/wp\/v2\/product\/26316\/revisions\/74357"}],"wp:featuredmedia":[{"embeddable":true,"href":"https:\/\/kidsplay.lt\/lv\/wp-json\/wp\/v2\/media\/26317"}],"wp:attachment":[{"href":"https:\/\/kidsplay.lt\/lv\/wp-json\/wp\/v2\/media?parent=26316"}],"wp:term":[{"taxonomy":"product_brand","embeddable":true,"href":"https:\/\/kidsplay.lt\/lv\/wp-json\/wp\/v2\/product_brand?post=26316"},{"taxonomy":"product_cat","embeddable":true,"href":"https:\/\/kidsplay.lt\/lv\/wp-json\/wp\/v2\/product_cat?post=26316"},{"taxonomy":"product_tag","embeddable":true,"href":"https:\/\/kidsplay.lt\/lv\/wp-json\/wp\/v2\/product_tag?post=26316"}],"curies":[{"name":"wp","href":"https:\/\/api.w.org\/{rel}","templated":true}]}}