{"id":26322,"date":"2023-07-20T17:38:40","date_gmt":"2023-07-20T17:38:40","guid":{"rendered":"https:\/\/kidsplay.lt\/?post_type=product&#038;p=26322"},"modified":"2025-12-24T09:01:53","modified_gmt":"2025-12-24T07:01:53","slug":"svieciantis-led-balionas-1vnt","status":"publish","type":"product","link":"https:\/\/kidsplay.lt\/lv\/products\/svieciantis-led-balionas-1vnt\/","title":{"rendered":"Liels, sp\u012bdo\u0161s LED balons 1 gab."},"content":{"rendered":"<p>Komplekt\u0101 ietilpst:<\/p>\n<p>\u2714 Folijos balionas apie 45 cm (dydis prip\u016btus).<br \/>\n\u2714 Rankena laikyti.<br \/>\n\u2714 LED lemput\u0117s.<br \/>\n\u2714 Lazdel\u0117s ilgis apie 68 cm.<\/p>\n<p>Pagrindin\u0117s produkto savyb\u0117s:<br \/>\n\u2714 Kri\u0161tolo skaidrumo balionas, kurio skersmuo prip\u016bstas 45 cm.<br \/>\n\u2714 Pagaminta i\u0161 patvaraus ir skaidraus plastiko.<br \/>\n\u2714 Galima prip\u016bsti oru arba heliu.<br \/>\n\u2714 \u012e komplekt\u0105 \u012feina rankena, pagaliukas su LED lemput\u0117mis.<br \/>\n\u2714 \u0160viesos diodai \u0161vie\u010dia skirtingomis spalvomis, nuolatine ir pertraukiama \u0161viesa.<br \/>\n\u2714 Maitinimas: 3 AA baterijos (\u012f komplekt\u0105 ne\u012feina).<br \/>\n\u2714 Puikiai tinka vaik\u0173 vakar\u0117liams, vestuv\u0117ms, gimtadieniams ir t.t.<br \/>\n\u2714 Rekomenduojama tiek priva\u010diam, tiek komerciniam naudojimui.<br \/>\n\u2714 3 ap\u0161vietimo re\u017eimai.<\/p>\n<p>\u2714 Kri\u0161tolo skaidrumo balionas, kurio skersmuo 45 cm po prip\u016btimo \u2013 puiki puo\u0161mena bet kokiai progai. \u0160is patvarus ir skaidrus balionas pagamintas i\u0161 auk\u0161tos kokyb\u0117s plastiko, kuris garantuoja jo ilgaam\u017ei\u0161kum\u0105 ir leid\u017eia pakartotinai naudoti. Balion\u0105 galima prip\u016bsti oru arba heliu.<\/p>\n<p>\u2714 \u012e komplekt\u0105 \u012feina ir laikiklis, permatomas pagaliukas balionams. Lazdoje sumontuoti modern\u016bs, lengvi ir energij\u0105 taupantys daugiaspalviai \u0161viesos diodai, kurie sudaro i\u0161tisin\u0119 linij\u0105. Diodai dedami \u012f laid\u0105 ir \u0161vie\u010dia skirtingomis spalvomis nuolatine ir pertraukiama \u0161viesa. Maitinimas: 3 AA baterijos (\u012f komplekt\u0105 ne\u012feina).<\/p>\n<p>\u2714 LED \u0161vie\u010diantis balionas, kuris patrauks vis\u0173 d\u0117mes\u012f ir sukurs nuostabi\u0105 atmosfer\u0105. \u0160is balionas puikiai tiks kaip buto puo\u0161mena, sodo, terasos ar lauko renginiams vaik\u0173 \u0161vent\u0117ms, vestuv\u0117ms, gimtadieniams, mergvakariams ir daugeliui kit\u0173.<\/p>","protected":false},"excerpt":{"rendered":"<p>Liels, sp\u012bdo\u0161s LED balons 1 gab.<\/p>","protected":false},"featured_media":26323,"template":"","meta":{"_acf_changed":false,"_glsr_average":0,"_glsr_ranking":0,"_glsr_reviews":0},"product_brand":[],"product_cat":[374,372],"product_tag":[],"class_list":{"0":"post-26322","1":"product","2":"type-product","3":"status-publish","4":"has-post-thumbnail","6":"product_cat-balionai","7":"product_cat-vaiku-sventems","8":"\"style=\"background-color: #2ecc711c;\"","10":"first","11":"instock","12":"shipping-taxable","13":"purchasable","14":"product-type-simple"},"acf":[],"yoast_head":"<!-- This site is optimized with the Yoast SEO plugin v27.4 - https:\/\/yoast.com\/product\/yoast-seo-wordpress\/ -->\n<title>Didelis \u0161vie\u010diantis LED balionas 1vnt. - KidsPlay<\/title>\n<meta name=\"description\" content=\"\u0160is patvarus, \u0161vie\u010diantis ir skaidrus balionas pagamintas i\u0161 auk\u0161tos kokyb\u0117s plastiko, kuris garantuoja jo ilgaam\u017ei\u0161kum\u0105 ir leid\u017eia pakartotinai naudoti\" \/>\n<meta name=\"robots\" content=\"index, follow, max-snippet:-1, max-image-preview:large, max-video-preview:-1\" \/>\n<link rel=\"canonical\" href=\"https:\/\/kidsplay.lt\/lv\/products\/svieciantis-led-balionas-1vnt\/\" \/>\n<meta property=\"og:locale\" content=\"lv_LV\" \/>\n<meta property=\"og:type\" content=\"article\" \/>\n<meta property=\"og:title\" content=\"Didelis \u0161vie\u010diantis LED balionas 1vnt. - KidsPlay\" \/>\n<meta property=\"og:description\" content=\"\u0160is patvarus, \u0161vie\u010diantis ir skaidrus balionas pagamintas i\u0161 auk\u0161tos kokyb\u0117s plastiko, kuris garantuoja jo ilgaam\u017ei\u0161kum\u0105 ir leid\u017eia pakartotinai naudoti\" \/>\n<meta property=\"og:url\" content=\"https:\/\/kidsplay.lt\/lv\/products\/svieciantis-led-balionas-1vnt\/\" \/>\n<meta property=\"og:site_name\" content=\"KidsPlay\" \/>\n<meta property=\"article:publisher\" content=\"https:\/\/www.facebook.com\/www.kidsplay.lt\" \/>\n<meta property=\"article:modified_time\" content=\"2025-12-24T07:01:53+00:00\" \/>\n<meta property=\"og:image\" content=\"https:\/\/kidsplay.lt\/wp-content\/uploads\/2023\/07\/svieciantis-led-balionas.png\" \/>\n\t<meta property=\"og:image:width\" content=\"993\" \/>\n\t<meta property=\"og:image:height\" content=\"885\" \/>\n\t<meta property=\"og:image:type\" content=\"image\/png\" \/>\n<meta name=\"twitter:card\" content=\"summary_large_image\" \/>\n<meta name=\"twitter:label1\" content=\"Est. reading time\" \/>\n\t<meta name=\"twitter:data1\" content=\"2 min\u016btes\" \/>\n<script type=\"application\/ld+json\" class=\"yoast-schema-graph\">{\"@context\":\"https:\\\/\\\/schema.org\",\"@graph\":[{\"@type\":\"WebPage\",\"@id\":\"https:\\\/\\\/kidsplay.lt\\\/produktas\\\/svieciantis-led-balionas-1vnt\\\/\",\"url\":\"https:\\\/\\\/kidsplay.lt\\\/produktas\\\/svieciantis-led-balionas-1vnt\\\/\",\"name\":\"Didelis \u0161vie\u010diantis LED balionas 1vnt. - KidsPlay\",\"isPartOf\":{\"@id\":\"https:\\\/\\\/kidsplay.lt\\\/#website\"},\"primaryImageOfPage\":{\"@id\":\"https:\\\/\\\/kidsplay.lt\\\/produktas\\\/svieciantis-led-balionas-1vnt\\\/#primaryimage\"},\"image\":{\"@id\":\"https:\\\/\\\/kidsplay.lt\\\/produktas\\\/svieciantis-led-balionas-1vnt\\\/#primaryimage\"},\"thumbnailUrl\":\"https:\\\/\\\/kidsplay.lt\\\/wp-content\\\/uploads\\\/2023\\\/07\\\/svieciantis-led-balionas.png\",\"datePublished\":\"2023-07-20T17:38:40+00:00\",\"dateModified\":\"2025-12-24T07:01:53+00:00\",\"description\":\"\u0160is patvarus, \u0161vie\u010diantis ir skaidrus balionas pagamintas i\u0161 auk\u0161tos kokyb\u0117s plastiko, kuris garantuoja jo ilgaam\u017ei\u0161kum\u0105 ir leid\u017eia pakartotinai naudoti\",\"breadcrumb\":{\"@id\":\"https:\\\/\\\/kidsplay.lt\\\/produktas\\\/svieciantis-led-balionas-1vnt\\\/#breadcrumb\"},\"inLanguage\":\"lv-LV\",\"potentialAction\":[{\"@type\":\"ReadAction\",\"target\":[\"https:\\\/\\\/kidsplay.lt\\\/produktas\\\/svieciantis-led-balionas-1vnt\\\/\"]}]},{\"@type\":\"ImageObject\",\"inLanguage\":\"lv-LV\",\"@id\":\"https:\\\/\\\/kidsplay.lt\\\/produktas\\\/svieciantis-led-balionas-1vnt\\\/#primaryimage\",\"url\":\"https:\\\/\\\/kidsplay.lt\\\/wp-content\\\/uploads\\\/2023\\\/07\\\/svieciantis-led-balionas.png\",\"contentUrl\":\"https:\\\/\\\/kidsplay.lt\\\/wp-content\\\/uploads\\\/2023\\\/07\\\/svieciantis-led-balionas.png\",\"width\":993,\"height\":885,\"caption\":\"\u0160vie\u010diantis led balionas vaik\u0173 \u0161vent\u0117ms\"},{\"@type\":\"BreadcrumbList\",\"@id\":\"https:\\\/\\\/kidsplay.lt\\\/produktas\\\/svieciantis-led-balionas-1vnt\\\/#breadcrumb\",\"itemListElement\":[{\"@type\":\"ListItem\",\"position\":1,\"name\":\"Pagrindinis\",\"item\":\"https:\\\/\\\/kidsplay.lt\\\/\"},{\"@type\":\"ListItem\",\"position\":2,\"name\":\"Parduotuv\u0117\",\"item\":\"https:\\\/\\\/kidsplay.lt\\\/parduotuve\\\/\"},{\"@type\":\"ListItem\",\"position\":3,\"name\":\"Didelis \u0161vie\u010diantis LED balionas 1vnt.\"}]},{\"@type\":\"WebSite\",\"@id\":\"https:\\\/\\\/kidsplay.lt\\\/#website\",\"url\":\"https:\\\/\\\/kidsplay.lt\\\/\",\"name\":\"Kidsplay.lt\",\"description\":\"\u012evairios prek\u0117s vaikams\",\"publisher\":{\"@id\":\"https:\\\/\\\/kidsplay.lt\\\/#organization\"},\"alternateName\":\"Kidsplay\",\"potentialAction\":[{\"@type\":\"SearchAction\",\"target\":{\"@type\":\"EntryPoint\",\"urlTemplate\":\"https:\\\/\\\/kidsplay.lt\\\/?s={search_term_string}\"},\"query-input\":{\"@type\":\"PropertyValueSpecification\",\"valueRequired\":true,\"valueName\":\"search_term_string\"}}],\"inLanguage\":\"lv-LV\"},{\"@type\":\"Organization\",\"@id\":\"https:\\\/\\\/kidsplay.lt\\\/#organization\",\"name\":\"KidsPlay\",\"url\":\"https:\\\/\\\/kidsplay.lt\\\/\",\"logo\":{\"@type\":\"ImageObject\",\"inLanguage\":\"lv-LV\",\"@id\":\"https:\\\/\\\/kidsplay.lt\\\/#\\\/schema\\\/logo\\\/image\\\/\",\"url\":\"https:\\\/\\\/kidsplay.lt\\\/wp-content\\\/uploads\\\/2023\\\/07\\\/kidsplay-logo.png\",\"contentUrl\":\"https:\\\/\\\/kidsplay.lt\\\/wp-content\\\/uploads\\\/2023\\\/07\\\/kidsplay-logo.png\",\"width\":451,\"height\":98,\"caption\":\"KidsPlay\"},\"image\":{\"@id\":\"https:\\\/\\\/kidsplay.lt\\\/#\\\/schema\\\/logo\\\/image\\\/\"},\"sameAs\":[\"https:\\\/\\\/www.facebook.com\\\/www.kidsplay.lt\"]}]}<\/script>\n<!-- \/ Yoast SEO plugin. -->","yoast_head_json":{"title":"Didelis \u0161vie\u010diantis LED balionas 1vnt. - KidsPlay","description":"\u0160is patvarus, \u0161vie\u010diantis ir skaidrus balionas pagamintas i\u0161 auk\u0161tos kokyb\u0117s plastiko, kuris garantuoja jo ilgaam\u017ei\u0161kum\u0105 ir leid\u017eia pakartotinai naudoti","robots":{"index":"index","follow":"follow","max-snippet":"max-snippet:-1","max-image-preview":"max-image-preview:large","max-video-preview":"max-video-preview:-1"},"canonical":"https:\/\/kidsplay.lt\/lv\/products\/svieciantis-led-balionas-1vnt\/","og_locale":"lv_LV","og_type":"article","og_title":"Didelis \u0161vie\u010diantis LED balionas 1vnt. - KidsPlay","og_description":"\u0160is patvarus, \u0161vie\u010diantis ir skaidrus balionas pagamintas i\u0161 auk\u0161tos kokyb\u0117s plastiko, kuris garantuoja jo ilgaam\u017ei\u0161kum\u0105 ir leid\u017eia pakartotinai naudoti","og_url":"https:\/\/kidsplay.lt\/lv\/products\/svieciantis-led-balionas-1vnt\/","og_site_name":"KidsPlay","article_publisher":"https:\/\/www.facebook.com\/www.kidsplay.lt","article_modified_time":"2025-12-24T07:01:53+00:00","og_image":[{"width":993,"height":885,"url":"https:\/\/kidsplay.lt\/wp-content\/uploads\/2023\/07\/svieciantis-led-balionas.png","type":"image\/png"}],"twitter_card":"summary_large_image","twitter_misc":{"Est. reading time":"2 min\u016btes"},"schema":{"@context":"https:\/\/schema.org","@graph":[{"@type":"WebPage","@id":"https:\/\/kidsplay.lt\/produktas\/svieciantis-led-balionas-1vnt\/","url":"https:\/\/kidsplay.lt\/produktas\/svieciantis-led-balionas-1vnt\/","name":"Didelis \u0161vie\u010diantis LED balionas 1vnt. - KidsPlay","isPartOf":{"@id":"https:\/\/kidsplay.lt\/#website"},"primaryImageOfPage":{"@id":"https:\/\/kidsplay.lt\/produktas\/svieciantis-led-balionas-1vnt\/#primaryimage"},"image":{"@id":"https:\/\/kidsplay.lt\/produktas\/svieciantis-led-balionas-1vnt\/#primaryimage"},"thumbnailUrl":"https:\/\/kidsplay.lt\/wp-content\/uploads\/2023\/07\/svieciantis-led-balionas.png","datePublished":"2023-07-20T17:38:40+00:00","dateModified":"2025-12-24T07:01:53+00:00","description":"\u0160is patvarus, \u0161vie\u010diantis ir skaidrus balionas pagamintas i\u0161 auk\u0161tos kokyb\u0117s plastiko, kuris garantuoja jo ilgaam\u017ei\u0161kum\u0105 ir leid\u017eia pakartotinai naudoti","breadcrumb":{"@id":"https:\/\/kidsplay.lt\/produktas\/svieciantis-led-balionas-1vnt\/#breadcrumb"},"inLanguage":"lv-LV","potentialAction":[{"@type":"ReadAction","target":["https:\/\/kidsplay.lt\/produktas\/svieciantis-led-balionas-1vnt\/"]}]},{"@type":"ImageObject","inLanguage":"lv-LV","@id":"https:\/\/kidsplay.lt\/produktas\/svieciantis-led-balionas-1vnt\/#primaryimage","url":"https:\/\/kidsplay.lt\/wp-content\/uploads\/2023\/07\/svieciantis-led-balionas.png","contentUrl":"https:\/\/kidsplay.lt\/wp-content\/uploads\/2023\/07\/svieciantis-led-balionas.png","width":993,"height":885,"caption":"\u0160vie\u010diantis led balionas vaik\u0173 \u0161vent\u0117ms"},{"@type":"BreadcrumbList","@id":"https:\/\/kidsplay.lt\/produktas\/svieciantis-led-balionas-1vnt\/#breadcrumb","itemListElement":[{"@type":"ListItem","position":1,"name":"Pagrindinis","item":"https:\/\/kidsplay.lt\/"},{"@type":"ListItem","position":2,"name":"Parduotuv\u0117","item":"https:\/\/kidsplay.lt\/parduotuve\/"},{"@type":"ListItem","position":3,"name":"Didelis \u0161vie\u010diantis LED balionas 1vnt."}]},{"@type":"WebSite","@id":"https:\/\/kidsplay.lt\/#website","url":"https:\/\/kidsplay.lt\/","name":"B\u0113rnu sp\u0113les.lv","description":"\u012evairios prek\u0117s vaikams","publisher":{"@id":"https:\/\/kidsplay.lt\/#organization"},"alternateName":"Kidsplay","potentialAction":[{"@type":"SearchAction","target":{"@type":"EntryPoint","urlTemplate":"https:\/\/kidsplay.lt\/?s={search_term_string}"},"query-input":{"@type":"PropertyValueSpecification","valueRequired":true,"valueName":"search_term_string"}}],"inLanguage":"lv-LV"},{"@type":"Organization","@id":"https:\/\/kidsplay.lt\/#organization","name":"B\u0113rnu sp\u0113le","url":"https:\/\/kidsplay.lt\/","logo":{"@type":"ImageObject","inLanguage":"lv-LV","@id":"https:\/\/kidsplay.lt\/#\/schema\/logo\/image\/","url":"https:\/\/kidsplay.lt\/wp-content\/uploads\/2023\/07\/kidsplay-logo.png","contentUrl":"https:\/\/kidsplay.lt\/wp-content\/uploads\/2023\/07\/kidsplay-logo.png","width":451,"height":98,"caption":"KidsPlay"},"image":{"@id":"https:\/\/kidsplay.lt\/#\/schema\/logo\/image\/"},"sameAs":["https:\/\/www.facebook.com\/www.kidsplay.lt"]}]}},"_links":{"self":[{"href":"https:\/\/kidsplay.lt\/lv\/wp-json\/wp\/v2\/product\/26322","targetHints":{"allow":["GET"]}}],"collection":[{"href":"https:\/\/kidsplay.lt\/lv\/wp-json\/wp\/v2\/product"}],"about":[{"href":"https:\/\/kidsplay.lt\/lv\/wp-json\/wp\/v2\/types\/product"}],"version-history":[{"count":2,"href":"https:\/\/kidsplay.lt\/lv\/wp-json\/wp\/v2\/product\/26322\/revisions"}],"predecessor-version":[{"id":74331,"href":"https:\/\/kidsplay.lt\/lv\/wp-json\/wp\/v2\/product\/26322\/revisions\/74331"}],"wp:featuredmedia":[{"embeddable":true,"href":"https:\/\/kidsplay.lt\/lv\/wp-json\/wp\/v2\/media\/26323"}],"wp:attachment":[{"href":"https:\/\/kidsplay.lt\/lv\/wp-json\/wp\/v2\/media?parent=26322"}],"wp:term":[{"taxonomy":"product_brand","embeddable":true,"href":"https:\/\/kidsplay.lt\/lv\/wp-json\/wp\/v2\/product_brand?post=26322"},{"taxonomy":"product_cat","embeddable":true,"href":"https:\/\/kidsplay.lt\/lv\/wp-json\/wp\/v2\/product_cat?post=26322"},{"taxonomy":"product_tag","embeddable":true,"href":"https:\/\/kidsplay.lt\/lv\/wp-json\/wp\/v2\/product_tag?post=26322"}],"curies":[{"name":"wp","href":"https:\/\/api.w.org\/{rel}","templated":true}]}}