{"id":26356,"date":"2023-07-20T18:57:36","date_gmt":"2023-07-20T18:57:36","guid":{"rendered":"https:\/\/kidsplay.lt\/?post_type=product&#038;p=26356"},"modified":"2025-10-04T14:40:08","modified_gmt":"2025-10-04T11:40:08","slug":"vaikiska-virtuvele-su-priedais","status":"publish","type":"product","link":"https:\/\/kidsplay.lt\/lv\/products\/vaikiska-virtuvele-su-priedais\/","title":{"rendered":"Vaiki\u0161ka virtuv\u0117l\u0117 su priedais"},"content":{"rendered":"<h4>PAGRINDINIAI VIRTUV\u0116S PRIVALUMAI:<\/h4>\n<ul>\n<li>\u0161viesa ir garsas imituoja gaminim\u0105 ant virykl\u0117s degikli\u0173<\/li>\n<li>kriaukl\u0117 ir \u010diaupas su tikra vandens cirkuliacija<\/li>\n<li>judantys elementai &#8211; atidaroma orkait\u0117, mai\u0161ytuvas ir virtuv\u0117s ranken\u0117l\u0117s<\/li>\n<li>virtuv\u0117 yra: l\u0117k\u0161\u010di\u0173 d\u017eiovintuvas, kabliukas stalo \u012frankiams, vieta mentel\u0117ms ir lentyna priedams<\/li>\n<li>recept\u0173 knyga<\/li>\n<li>tobula tikrojo imitacija: orkait\u0117, kriaukl\u0117 ir laikrodis<\/li>\n<li>estetinis dizainas, pastelin\u0117s spalvos<\/li>\n<li>tobulas dovan\u0173 \u012fpakavimas<\/li>\n<\/ul>\n<h4>VIRTUV\u0116S MATMENYS:<\/h4>\n<ul>\n<li>auk\u0161tis: 62 cm<\/li>\n<li>auk\u0161tis iki vir\u0161aus: apie 31 cm<\/li>\n<li>plotis: 45 cm<\/li>\n<li>gylis: 21,5 cm<\/li>\n<\/ul>\n<p><b>\u017daislui reikia naudoti baterijas:<\/b>\u00a0\u00a03 x AA (\u012f komplekt\u0105 ne\u012feina)<\/p>","protected":false},"excerpt":{"rendered":"<p>Vaiki\u0161ka virtuv\u0117l\u0117 lavina vaizduot\u0119 ir skatina k\u016brybi\u0161kum\u0105, o b\u016bdama didesn\u0117je grup\u0117je moko bendrauti, bendradarbiauti grup\u0117je ir tobulina socialinius bei integracijos \u012fg\u016bd\u017eius; didina rankinius \u012fg\u016bd\u017eius, taip pat gali tapti \u012fkv\u0117pimu ir prisid\u0117ti prie b\u016bsimo vir\u0117jo s\u0117km\u0117s.<\/p>","protected":false},"featured_media":26346,"template":"","meta":{"_acf_changed":false,"_glsr_average":0,"_glsr_ranking":0,"_glsr_reviews":0},"product_brand":[],"product_cat":[399,282,229],"product_tag":[],"class_list":{"0":"post-26356","1":"product","2":"type-product","3":"status-publish","4":"has-post-thumbnail","6":"product_cat-vaidmenu-zaidimai-2","7":"product_cat-virtuves-reikmenys-vaidmenu-zaidimai","8":"product_cat-zaislai-vaikams","9":"\"style=\"background-color: #2ecc711c;\"","11":"first","12":"instock","13":"purchasable","14":"product-type-simple"},"acf":[],"yoast_head":"<!-- This site is optimized with the Yoast SEO plugin v27.3 - https:\/\/yoast.com\/product\/yoast-seo-wordpress\/ -->\n<title>Vaiki\u0161ka virtuv\u0117l\u0117 su priedais - KidsPlay<\/title>\n<meta name=\"description\" content=\"Vaiki\u0161ka virtuv\u0117l\u0117 lavina vaizduot\u0119 ir skatina k\u016brybi\u0161kum\u0105, o b\u016bdama didesn\u0117je grup\u0117je moko bendrauti, bendradarbiauti grup\u0117je.\" \/>\n<meta name=\"robots\" content=\"index, follow, max-snippet:-1, max-image-preview:large, max-video-preview:-1\" \/>\n<link rel=\"canonical\" href=\"https:\/\/kidsplay.lt\/lv\/products\/vaikiska-virtuvele-su-priedais\/\" \/>\n<meta property=\"og:locale\" content=\"lv_LV\" \/>\n<meta property=\"og:type\" content=\"article\" \/>\n<meta property=\"og:title\" content=\"Vaiki\u0161ka virtuv\u0117l\u0117 su priedais - KidsPlay\" \/>\n<meta property=\"og:description\" content=\"Vaiki\u0161ka virtuv\u0117l\u0117 lavina vaizduot\u0119 ir skatina k\u016brybi\u0161kum\u0105, o b\u016bdama didesn\u0117je grup\u0117je moko bendrauti, bendradarbiauti grup\u0117je.\" \/>\n<meta property=\"og:url\" content=\"https:\/\/kidsplay.lt\/lv\/products\/vaikiska-virtuvele-su-priedais\/\" \/>\n<meta property=\"og:site_name\" content=\"KidsPlay\" \/>\n<meta property=\"article:publisher\" content=\"https:\/\/www.facebook.com\/www.kidsplay.lt\" \/>\n<meta property=\"article:modified_time\" content=\"2025-10-04T11:40:08+00:00\" \/>\n<meta property=\"og:image\" content=\"https:\/\/kidsplay.lt\/wp-content\/uploads\/2023\/07\/vaikiska-virtuvele-su-priedais-2.jpg\" \/>\n\t<meta property=\"og:image:width\" content=\"1568\" \/>\n\t<meta property=\"og:image:height\" content=\"2456\" \/>\n\t<meta property=\"og:image:type\" content=\"image\/jpeg\" \/>\n<meta name=\"twitter:card\" content=\"summary_large_image\" \/>\n<meta name=\"twitter:label1\" content=\"Est. reading time\" \/>\n\t<meta name=\"twitter:data1\" content=\"1 min\u016bte\" \/>\n<script type=\"application\/ld+json\" class=\"yoast-schema-graph\">{\"@context\":\"https:\\\/\\\/schema.org\",\"@graph\":[{\"@type\":\"WebPage\",\"@id\":\"https:\\\/\\\/kidsplay.lt\\\/produktas\\\/vaikiska-virtuvele-su-priedais\\\/\",\"url\":\"https:\\\/\\\/kidsplay.lt\\\/produktas\\\/vaikiska-virtuvele-su-priedais\\\/\",\"name\":\"Vaiki\u0161ka virtuv\u0117l\u0117 su priedais - KidsPlay\",\"isPartOf\":{\"@id\":\"https:\\\/\\\/kidsplay.lt\\\/#website\"},\"primaryImageOfPage\":{\"@id\":\"https:\\\/\\\/kidsplay.lt\\\/produktas\\\/vaikiska-virtuvele-su-priedais\\\/#primaryimage\"},\"image\":{\"@id\":\"https:\\\/\\\/kidsplay.lt\\\/produktas\\\/vaikiska-virtuvele-su-priedais\\\/#primaryimage\"},\"thumbnailUrl\":\"https:\\\/\\\/kidsplay.lt\\\/wp-content\\\/uploads\\\/2023\\\/07\\\/vaikiska-virtuvele-su-priedais-2.jpg\",\"datePublished\":\"2023-07-20T18:57:36+00:00\",\"dateModified\":\"2025-10-04T11:40:08+00:00\",\"description\":\"Vaiki\u0161ka virtuv\u0117l\u0117 lavina vaizduot\u0119 ir skatina k\u016brybi\u0161kum\u0105, o b\u016bdama didesn\u0117je grup\u0117je moko bendrauti, bendradarbiauti grup\u0117je.\",\"breadcrumb\":{\"@id\":\"https:\\\/\\\/kidsplay.lt\\\/produktas\\\/vaikiska-virtuvele-su-priedais\\\/#breadcrumb\"},\"inLanguage\":\"lv-LV\",\"potentialAction\":[{\"@type\":\"ReadAction\",\"target\":[\"https:\\\/\\\/kidsplay.lt\\\/produktas\\\/vaikiska-virtuvele-su-priedais\\\/\"]}]},{\"@type\":\"ImageObject\",\"inLanguage\":\"lv-LV\",\"@id\":\"https:\\\/\\\/kidsplay.lt\\\/produktas\\\/vaikiska-virtuvele-su-priedais\\\/#primaryimage\",\"url\":\"https:\\\/\\\/kidsplay.lt\\\/wp-content\\\/uploads\\\/2023\\\/07\\\/vaikiska-virtuvele-su-priedais-2.jpg\",\"contentUrl\":\"https:\\\/\\\/kidsplay.lt\\\/wp-content\\\/uploads\\\/2023\\\/07\\\/vaikiska-virtuvele-su-priedais-2.jpg\",\"width\":1568,\"height\":2456,\"caption\":\"Vaiki\u0161ka virtuv\u0117l\u0117 su priedais\"},{\"@type\":\"BreadcrumbList\",\"@id\":\"https:\\\/\\\/kidsplay.lt\\\/produktas\\\/vaikiska-virtuvele-su-priedais\\\/#breadcrumb\",\"itemListElement\":[{\"@type\":\"ListItem\",\"position\":1,\"name\":\"Pagrindinis\",\"item\":\"https:\\\/\\\/kidsplay.lt\\\/\"},{\"@type\":\"ListItem\",\"position\":2,\"name\":\"Parduotuv\u0117\",\"item\":\"https:\\\/\\\/kidsplay.lt\\\/parduotuve\\\/\"},{\"@type\":\"ListItem\",\"position\":3,\"name\":\"Vaiki\u0161ka virtuv\u0117l\u0117 su priedais\"}]},{\"@type\":\"WebSite\",\"@id\":\"https:\\\/\\\/kidsplay.lt\\\/#website\",\"url\":\"https:\\\/\\\/kidsplay.lt\\\/\",\"name\":\"Kidsplay.lt\",\"description\":\"\u012evairios prek\u0117s vaikams\",\"publisher\":{\"@id\":\"https:\\\/\\\/kidsplay.lt\\\/#organization\"},\"alternateName\":\"Kidsplay\",\"potentialAction\":[{\"@type\":\"SearchAction\",\"target\":{\"@type\":\"EntryPoint\",\"urlTemplate\":\"https:\\\/\\\/kidsplay.lt\\\/?s={search_term_string}\"},\"query-input\":{\"@type\":\"PropertyValueSpecification\",\"valueRequired\":true,\"valueName\":\"search_term_string\"}}],\"inLanguage\":\"lv-LV\"},{\"@type\":\"Organization\",\"@id\":\"https:\\\/\\\/kidsplay.lt\\\/#organization\",\"name\":\"KidsPlay\",\"url\":\"https:\\\/\\\/kidsplay.lt\\\/\",\"logo\":{\"@type\":\"ImageObject\",\"inLanguage\":\"lv-LV\",\"@id\":\"https:\\\/\\\/kidsplay.lt\\\/#\\\/schema\\\/logo\\\/image\\\/\",\"url\":\"https:\\\/\\\/kidsplay.lt\\\/wp-content\\\/uploads\\\/2023\\\/07\\\/kidsplay-logo.png\",\"contentUrl\":\"https:\\\/\\\/kidsplay.lt\\\/wp-content\\\/uploads\\\/2023\\\/07\\\/kidsplay-logo.png\",\"width\":451,\"height\":98,\"caption\":\"KidsPlay\"},\"image\":{\"@id\":\"https:\\\/\\\/kidsplay.lt\\\/#\\\/schema\\\/logo\\\/image\\\/\"},\"sameAs\":[\"https:\\\/\\\/www.facebook.com\\\/www.kidsplay.lt\"]}]}<\/script>\n<!-- \/ Yoast SEO plugin. -->","yoast_head_json":{"title":"Vaiki\u0161ka virtuv\u0117l\u0117 su priedais - KidsPlay","description":"Vaiki\u0161ka virtuv\u0117l\u0117 lavina vaizduot\u0119 ir skatina k\u016brybi\u0161kum\u0105, o b\u016bdama didesn\u0117je grup\u0117je moko bendrauti, bendradarbiauti grup\u0117je.","robots":{"index":"index","follow":"follow","max-snippet":"max-snippet:-1","max-image-preview":"max-image-preview:large","max-video-preview":"max-video-preview:-1"},"canonical":"https:\/\/kidsplay.lt\/lv\/products\/vaikiska-virtuvele-su-priedais\/","og_locale":"lv_LV","og_type":"article","og_title":"Vaiki\u0161ka virtuv\u0117l\u0117 su priedais - KidsPlay","og_description":"Vaiki\u0161ka virtuv\u0117l\u0117 lavina vaizduot\u0119 ir skatina k\u016brybi\u0161kum\u0105, o b\u016bdama didesn\u0117je grup\u0117je moko bendrauti, bendradarbiauti grup\u0117je.","og_url":"https:\/\/kidsplay.lt\/lv\/products\/vaikiska-virtuvele-su-priedais\/","og_site_name":"KidsPlay","article_publisher":"https:\/\/www.facebook.com\/www.kidsplay.lt","article_modified_time":"2025-10-04T11:40:08+00:00","og_image":[{"width":1568,"height":2456,"url":"https:\/\/kidsplay.lt\/wp-content\/uploads\/2023\/07\/vaikiska-virtuvele-su-priedais-2.jpg","type":"image\/jpeg"}],"twitter_card":"summary_large_image","twitter_misc":{"Est. reading time":"1 min\u016bte"},"schema":{"@context":"https:\/\/schema.org","@graph":[{"@type":"WebPage","@id":"https:\/\/kidsplay.lt\/produktas\/vaikiska-virtuvele-su-priedais\/","url":"https:\/\/kidsplay.lt\/produktas\/vaikiska-virtuvele-su-priedais\/","name":"Vaiki\u0161ka virtuv\u0117l\u0117 su priedais - KidsPlay","isPartOf":{"@id":"https:\/\/kidsplay.lt\/#website"},"primaryImageOfPage":{"@id":"https:\/\/kidsplay.lt\/produktas\/vaikiska-virtuvele-su-priedais\/#primaryimage"},"image":{"@id":"https:\/\/kidsplay.lt\/produktas\/vaikiska-virtuvele-su-priedais\/#primaryimage"},"thumbnailUrl":"https:\/\/kidsplay.lt\/wp-content\/uploads\/2023\/07\/vaikiska-virtuvele-su-priedais-2.jpg","datePublished":"2023-07-20T18:57:36+00:00","dateModified":"2025-10-04T11:40:08+00:00","description":"Vaiki\u0161ka virtuv\u0117l\u0117 lavina vaizduot\u0119 ir skatina k\u016brybi\u0161kum\u0105, o b\u016bdama didesn\u0117je grup\u0117je moko bendrauti, bendradarbiauti grup\u0117je.","breadcrumb":{"@id":"https:\/\/kidsplay.lt\/produktas\/vaikiska-virtuvele-su-priedais\/#breadcrumb"},"inLanguage":"lv-LV","potentialAction":[{"@type":"ReadAction","target":["https:\/\/kidsplay.lt\/produktas\/vaikiska-virtuvele-su-priedais\/"]}]},{"@type":"ImageObject","inLanguage":"lv-LV","@id":"https:\/\/kidsplay.lt\/produktas\/vaikiska-virtuvele-su-priedais\/#primaryimage","url":"https:\/\/kidsplay.lt\/wp-content\/uploads\/2023\/07\/vaikiska-virtuvele-su-priedais-2.jpg","contentUrl":"https:\/\/kidsplay.lt\/wp-content\/uploads\/2023\/07\/vaikiska-virtuvele-su-priedais-2.jpg","width":1568,"height":2456,"caption":"Vaiki\u0161ka virtuv\u0117l\u0117 su priedais"},{"@type":"BreadcrumbList","@id":"https:\/\/kidsplay.lt\/produktas\/vaikiska-virtuvele-su-priedais\/#breadcrumb","itemListElement":[{"@type":"ListItem","position":1,"name":"Pagrindinis","item":"https:\/\/kidsplay.lt\/"},{"@type":"ListItem","position":2,"name":"Parduotuv\u0117","item":"https:\/\/kidsplay.lt\/parduotuve\/"},{"@type":"ListItem","position":3,"name":"Vaiki\u0161ka virtuv\u0117l\u0117 su priedais"}]},{"@type":"WebSite","@id":"https:\/\/kidsplay.lt\/#website","url":"https:\/\/kidsplay.lt\/","name":"B\u0113rnu sp\u0113les.lv","description":"\u012evairios prek\u0117s vaikams","publisher":{"@id":"https:\/\/kidsplay.lt\/#organization"},"alternateName":"Kidsplay","potentialAction":[{"@type":"SearchAction","target":{"@type":"EntryPoint","urlTemplate":"https:\/\/kidsplay.lt\/?s={search_term_string}"},"query-input":{"@type":"PropertyValueSpecification","valueRequired":true,"valueName":"search_term_string"}}],"inLanguage":"lv-LV"},{"@type":"Organization","@id":"https:\/\/kidsplay.lt\/#organization","name":"B\u0113rnu sp\u0113le","url":"https:\/\/kidsplay.lt\/","logo":{"@type":"ImageObject","inLanguage":"lv-LV","@id":"https:\/\/kidsplay.lt\/#\/schema\/logo\/image\/","url":"https:\/\/kidsplay.lt\/wp-content\/uploads\/2023\/07\/kidsplay-logo.png","contentUrl":"https:\/\/kidsplay.lt\/wp-content\/uploads\/2023\/07\/kidsplay-logo.png","width":451,"height":98,"caption":"KidsPlay"},"image":{"@id":"https:\/\/kidsplay.lt\/#\/schema\/logo\/image\/"},"sameAs":["https:\/\/www.facebook.com\/www.kidsplay.lt"]}]}},"_links":{"self":[{"href":"https:\/\/kidsplay.lt\/lv\/wp-json\/wp\/v2\/product\/26356","targetHints":{"allow":["GET"]}}],"collection":[{"href":"https:\/\/kidsplay.lt\/lv\/wp-json\/wp\/v2\/product"}],"about":[{"href":"https:\/\/kidsplay.lt\/lv\/wp-json\/wp\/v2\/types\/product"}],"version-history":[{"count":1,"href":"https:\/\/kidsplay.lt\/lv\/wp-json\/wp\/v2\/product\/26356\/revisions"}],"predecessor-version":[{"id":65124,"href":"https:\/\/kidsplay.lt\/lv\/wp-json\/wp\/v2\/product\/26356\/revisions\/65124"}],"wp:featuredmedia":[{"embeddable":true,"href":"https:\/\/kidsplay.lt\/lv\/wp-json\/wp\/v2\/media\/26346"}],"wp:attachment":[{"href":"https:\/\/kidsplay.lt\/lv\/wp-json\/wp\/v2\/media?parent=26356"}],"wp:term":[{"taxonomy":"product_brand","embeddable":true,"href":"https:\/\/kidsplay.lt\/lv\/wp-json\/wp\/v2\/product_brand?post=26356"},{"taxonomy":"product_cat","embeddable":true,"href":"https:\/\/kidsplay.lt\/lv\/wp-json\/wp\/v2\/product_cat?post=26356"},{"taxonomy":"product_tag","embeddable":true,"href":"https:\/\/kidsplay.lt\/lv\/wp-json\/wp\/v2\/product_tag?post=26356"}],"curies":[{"name":"wp","href":"https:\/\/api.w.org\/{rel}","templated":true}]}}