{"id":26360,"date":"2023-07-20T19:01:18","date_gmt":"2023-07-20T19:01:18","guid":{"rendered":"https:\/\/kidsplay.lt\/?post_type=product&#038;p=26360"},"modified":"2026-04-19T09:59:37","modified_gmt":"2026-04-19T06:59:37","slug":"virtuvele-vaikams-raudona-spalva","status":"publish","type":"product","link":"https:\/\/kidsplay.lt\/lv\/products\/virtuvele-vaikams-raudona-spalva\/","title":{"rendered":"B\u0113rnu virtuve sarkan\u0101 kr\u0101s\u0101"},"content":{"rendered":"<p><strong><em>PAGRINDINIAI \u017dAISLO PRIVALUMAI:<\/em><\/strong><br \/>\n\u017daid\u017eiant virtuv\u0117je sklinda garsai, o degikliuose dega \u0161viesos , tod\u0117l gaminimas atrodo dar tikrovi\u0161kesnis.<br \/>\nVirtuv\u0117je yra du degikliai, \u0161oninis stalvir\u0161is, kriaukl\u0117 ir atvira orkait\u0117 .<br \/>\nBe to, komplekte yra visi reikalingi priedai s\u0117kmingam maisto gaminimui: puodai su dangteliais, stalo \u012frankiai, puodeliai, virtuv\u0117s reikmenys ir prieskoni\u0173 indai.<br \/>\n\u017daislas u\u017esegamas prakti\u0161kame lagamin\u0117lyje \u2013 kad b\u016bt\u0173 patogu laikyti ir pasiimti su savimi \u012f kelion\u0119.<br \/>\nVirtuv\u0117 kruop\u0161\u010diai pagaminta i\u0161 labai kokybi\u0161k\u0173 med\u017eiag\u0173 .<\/p>\n<p><strong><em>IZM\u0112RI:<\/em><\/strong><br \/>\nauk\u0161tis: apie 65,5 cm<br \/>\nplotis: apie 42 cm<br \/>\ngylis: apie 25 cm<br \/>\nauk\u0161tis iki vir\u0161aus: apie 35 cm<br \/>\nReikalingos baterijos: 2 x AA (\u012f komplekt\u0105 ne\u012feina).<\/p>","protected":false},"excerpt":{"rendered":"<p>Vaiki\u0161ka virtuv\u0117l\u0117 lavina vaizduot\u0119 ir skatina k\u016brybi\u0161kum\u0105, o b\u016bdama didesn\u0117je grup\u0117je moko bendrauti, bendradarbiauti grup\u0117je ir tobulina socialinius bei integracijos \u012fg\u016bd\u017eius; didina rankinius \u012fg\u016bd\u017eius, taip pat gali tapti \u012fkv\u0117pimu ir prisid\u0117ti prie b\u016bsimo vir\u0117jo s\u0117km\u0117s.<\/p>","protected":false},"featured_media":26352,"template":"","meta":{"_acf_changed":false,"_glsr_average":0,"_glsr_ranking":0,"_glsr_reviews":0},"product_brand":[],"product_cat":[399,282,229],"product_tag":[],"class_list":{"0":"post-26360","1":"product","2":"type-product","3":"status-publish","4":"has-post-thumbnail","6":"product_cat-vaidmenu-zaidimai-2","7":"product_cat-virtuves-reikmenys-vaidmenu-zaidimai","8":"product_cat-zaislai-vaikams","9":"\"style=\"background-color: #2ecc711c;\"","11":"first","12":"instock","13":"featured","14":"purchasable","15":"product-type-simple"},"acf":[],"yoast_head":"<!-- This site is optimized with the Yoast SEO plugin v27.4 - https:\/\/yoast.com\/product\/yoast-seo-wordpress\/ -->\n<title>Virtuv\u0117l\u0117 vaikams raudona spalva - KidsPlay<\/title>\n<meta name=\"description\" content=\"Vaiki\u0161ka virtuv\u0117l\u0117 lavina vaizduot\u0119 ir skatina k\u016brybi\u0161kum\u0105, o b\u016bdama didesn\u0117je grup\u0117je moko bendrauti, bendradarbiauti grup\u0117je.\" \/>\n<meta name=\"robots\" content=\"index, follow, max-snippet:-1, max-image-preview:large, max-video-preview:-1\" \/>\n<link rel=\"canonical\" href=\"https:\/\/kidsplay.lt\/lv\/products\/virtuvele-vaikams-raudona-spalva\/\" \/>\n<meta property=\"og:locale\" content=\"lv_LV\" \/>\n<meta property=\"og:type\" content=\"article\" \/>\n<meta property=\"og:title\" content=\"Virtuv\u0117l\u0117 vaikams raudona spalva - KidsPlay\" \/>\n<meta property=\"og:description\" content=\"Vaiki\u0161ka virtuv\u0117l\u0117 lavina vaizduot\u0119 ir skatina k\u016brybi\u0161kum\u0105, o b\u016bdama didesn\u0117je grup\u0117je moko bendrauti, bendradarbiauti grup\u0117je.\" \/>\n<meta property=\"og:url\" content=\"https:\/\/kidsplay.lt\/lv\/products\/virtuvele-vaikams-raudona-spalva\/\" \/>\n<meta property=\"og:site_name\" content=\"KidsPlay\" \/>\n<meta property=\"article:publisher\" content=\"https:\/\/www.facebook.com\/www.kidsplay.lt\" \/>\n<meta property=\"article:modified_time\" content=\"2026-04-19T06:59:37+00:00\" \/>\n<meta property=\"og:image\" content=\"https:\/\/kidsplay.lt\/wp-content\/uploads\/2023\/07\/Virtuvele-vaikams-raudona-spalva-1.jpg\" \/>\n\t<meta property=\"og:image:width\" content=\"1278\" \/>\n\t<meta property=\"og:image:height\" content=\"1536\" \/>\n\t<meta property=\"og:image:type\" content=\"image\/jpeg\" \/>\n<meta name=\"twitter:card\" content=\"summary_large_image\" \/>\n<meta name=\"twitter:label1\" content=\"Est. reading time\" \/>\n\t<meta name=\"twitter:data1\" content=\"1 min\u016bte\" \/>\n<script type=\"application\/ld+json\" class=\"yoast-schema-graph\">{\"@context\":\"https:\\\/\\\/schema.org\",\"@graph\":[{\"@type\":\"WebPage\",\"@id\":\"https:\\\/\\\/kidsplay.lt\\\/produktas\\\/virtuvele-vaikams-raudona-spalva\\\/\",\"url\":\"https:\\\/\\\/kidsplay.lt\\\/produktas\\\/virtuvele-vaikams-raudona-spalva\\\/\",\"name\":\"Virtuv\u0117l\u0117 vaikams raudona spalva - KidsPlay\",\"isPartOf\":{\"@id\":\"https:\\\/\\\/kidsplay.lt\\\/#website\"},\"primaryImageOfPage\":{\"@id\":\"https:\\\/\\\/kidsplay.lt\\\/produktas\\\/virtuvele-vaikams-raudona-spalva\\\/#primaryimage\"},\"image\":{\"@id\":\"https:\\\/\\\/kidsplay.lt\\\/produktas\\\/virtuvele-vaikams-raudona-spalva\\\/#primaryimage\"},\"thumbnailUrl\":\"https:\\\/\\\/kidsplay.lt\\\/wp-content\\\/uploads\\\/2023\\\/07\\\/Virtuvele-vaikams-raudona-spalva-1.jpg\",\"datePublished\":\"2023-07-20T19:01:18+00:00\",\"dateModified\":\"2026-04-19T06:59:37+00:00\",\"description\":\"Vaiki\u0161ka virtuv\u0117l\u0117 lavina vaizduot\u0119 ir skatina k\u016brybi\u0161kum\u0105, o b\u016bdama didesn\u0117je grup\u0117je moko bendrauti, bendradarbiauti grup\u0117je.\",\"breadcrumb\":{\"@id\":\"https:\\\/\\\/kidsplay.lt\\\/produktas\\\/virtuvele-vaikams-raudona-spalva\\\/#breadcrumb\"},\"inLanguage\":\"lv-LV\",\"potentialAction\":[{\"@type\":\"ReadAction\",\"target\":[\"https:\\\/\\\/kidsplay.lt\\\/produktas\\\/virtuvele-vaikams-raudona-spalva\\\/\"]}]},{\"@type\":\"ImageObject\",\"inLanguage\":\"lv-LV\",\"@id\":\"https:\\\/\\\/kidsplay.lt\\\/produktas\\\/virtuvele-vaikams-raudona-spalva\\\/#primaryimage\",\"url\":\"https:\\\/\\\/kidsplay.lt\\\/wp-content\\\/uploads\\\/2023\\\/07\\\/Virtuvele-vaikams-raudona-spalva-1.jpg\",\"contentUrl\":\"https:\\\/\\\/kidsplay.lt\\\/wp-content\\\/uploads\\\/2023\\\/07\\\/Virtuvele-vaikams-raudona-spalva-1.jpg\",\"width\":1278,\"height\":1536,\"caption\":\"Virtuv\u0117l\u0117 vaikams raudona spalva\"},{\"@type\":\"BreadcrumbList\",\"@id\":\"https:\\\/\\\/kidsplay.lt\\\/produktas\\\/virtuvele-vaikams-raudona-spalva\\\/#breadcrumb\",\"itemListElement\":[{\"@type\":\"ListItem\",\"position\":1,\"name\":\"Pagrindinis\",\"item\":\"https:\\\/\\\/kidsplay.lt\\\/\"},{\"@type\":\"ListItem\",\"position\":2,\"name\":\"Parduotuv\u0117\",\"item\":\"https:\\\/\\\/kidsplay.lt\\\/parduotuve\\\/\"},{\"@type\":\"ListItem\",\"position\":3,\"name\":\"Virtuv\u0117l\u0117 vaikams raudona spalva\"}]},{\"@type\":\"WebSite\",\"@id\":\"https:\\\/\\\/kidsplay.lt\\\/#website\",\"url\":\"https:\\\/\\\/kidsplay.lt\\\/\",\"name\":\"Kidsplay.lt\",\"description\":\"\u012evairios prek\u0117s vaikams\",\"publisher\":{\"@id\":\"https:\\\/\\\/kidsplay.lt\\\/#organization\"},\"alternateName\":\"Kidsplay\",\"potentialAction\":[{\"@type\":\"SearchAction\",\"target\":{\"@type\":\"EntryPoint\",\"urlTemplate\":\"https:\\\/\\\/kidsplay.lt\\\/?s={search_term_string}\"},\"query-input\":{\"@type\":\"PropertyValueSpecification\",\"valueRequired\":true,\"valueName\":\"search_term_string\"}}],\"inLanguage\":\"lv-LV\"},{\"@type\":\"Organization\",\"@id\":\"https:\\\/\\\/kidsplay.lt\\\/#organization\",\"name\":\"KidsPlay\",\"url\":\"https:\\\/\\\/kidsplay.lt\\\/\",\"logo\":{\"@type\":\"ImageObject\",\"inLanguage\":\"lv-LV\",\"@id\":\"https:\\\/\\\/kidsplay.lt\\\/#\\\/schema\\\/logo\\\/image\\\/\",\"url\":\"https:\\\/\\\/kidsplay.lt\\\/wp-content\\\/uploads\\\/2023\\\/07\\\/kidsplay-logo.png\",\"contentUrl\":\"https:\\\/\\\/kidsplay.lt\\\/wp-content\\\/uploads\\\/2023\\\/07\\\/kidsplay-logo.png\",\"width\":451,\"height\":98,\"caption\":\"KidsPlay\"},\"image\":{\"@id\":\"https:\\\/\\\/kidsplay.lt\\\/#\\\/schema\\\/logo\\\/image\\\/\"},\"sameAs\":[\"https:\\\/\\\/www.facebook.com\\\/www.kidsplay.lt\"]}]}<\/script>\n<!-- \/ Yoast SEO plugin. -->","yoast_head_json":{"title":"Virtuv\u0117l\u0117 vaikams raudona spalva - KidsPlay","description":"Vaiki\u0161ka virtuv\u0117l\u0117 lavina vaizduot\u0119 ir skatina k\u016brybi\u0161kum\u0105, o b\u016bdama didesn\u0117je grup\u0117je moko bendrauti, bendradarbiauti grup\u0117je.","robots":{"index":"index","follow":"follow","max-snippet":"max-snippet:-1","max-image-preview":"max-image-preview:large","max-video-preview":"max-video-preview:-1"},"canonical":"https:\/\/kidsplay.lt\/lv\/products\/virtuvele-vaikams-raudona-spalva\/","og_locale":"lv_LV","og_type":"article","og_title":"Virtuv\u0117l\u0117 vaikams raudona spalva - KidsPlay","og_description":"Vaiki\u0161ka virtuv\u0117l\u0117 lavina vaizduot\u0119 ir skatina k\u016brybi\u0161kum\u0105, o b\u016bdama didesn\u0117je grup\u0117je moko bendrauti, bendradarbiauti grup\u0117je.","og_url":"https:\/\/kidsplay.lt\/lv\/products\/virtuvele-vaikams-raudona-spalva\/","og_site_name":"KidsPlay","article_publisher":"https:\/\/www.facebook.com\/www.kidsplay.lt","article_modified_time":"2026-04-19T06:59:37+00:00","og_image":[{"width":1278,"height":1536,"url":"https:\/\/kidsplay.lt\/wp-content\/uploads\/2023\/07\/Virtuvele-vaikams-raudona-spalva-1.jpg","type":"image\/jpeg"}],"twitter_card":"summary_large_image","twitter_misc":{"Est. reading time":"1 min\u016bte"},"schema":{"@context":"https:\/\/schema.org","@graph":[{"@type":"WebPage","@id":"https:\/\/kidsplay.lt\/produktas\/virtuvele-vaikams-raudona-spalva\/","url":"https:\/\/kidsplay.lt\/produktas\/virtuvele-vaikams-raudona-spalva\/","name":"Virtuv\u0117l\u0117 vaikams raudona spalva - KidsPlay","isPartOf":{"@id":"https:\/\/kidsplay.lt\/#website"},"primaryImageOfPage":{"@id":"https:\/\/kidsplay.lt\/produktas\/virtuvele-vaikams-raudona-spalva\/#primaryimage"},"image":{"@id":"https:\/\/kidsplay.lt\/produktas\/virtuvele-vaikams-raudona-spalva\/#primaryimage"},"thumbnailUrl":"https:\/\/kidsplay.lt\/wp-content\/uploads\/2023\/07\/Virtuvele-vaikams-raudona-spalva-1.jpg","datePublished":"2023-07-20T19:01:18+00:00","dateModified":"2026-04-19T06:59:37+00:00","description":"Vaiki\u0161ka virtuv\u0117l\u0117 lavina vaizduot\u0119 ir skatina k\u016brybi\u0161kum\u0105, o b\u016bdama didesn\u0117je grup\u0117je moko bendrauti, bendradarbiauti grup\u0117je.","breadcrumb":{"@id":"https:\/\/kidsplay.lt\/produktas\/virtuvele-vaikams-raudona-spalva\/#breadcrumb"},"inLanguage":"lv-LV","potentialAction":[{"@type":"ReadAction","target":["https:\/\/kidsplay.lt\/produktas\/virtuvele-vaikams-raudona-spalva\/"]}]},{"@type":"ImageObject","inLanguage":"lv-LV","@id":"https:\/\/kidsplay.lt\/produktas\/virtuvele-vaikams-raudona-spalva\/#primaryimage","url":"https:\/\/kidsplay.lt\/wp-content\/uploads\/2023\/07\/Virtuvele-vaikams-raudona-spalva-1.jpg","contentUrl":"https:\/\/kidsplay.lt\/wp-content\/uploads\/2023\/07\/Virtuvele-vaikams-raudona-spalva-1.jpg","width":1278,"height":1536,"caption":"Virtuv\u0117l\u0117 vaikams raudona spalva"},{"@type":"BreadcrumbList","@id":"https:\/\/kidsplay.lt\/produktas\/virtuvele-vaikams-raudona-spalva\/#breadcrumb","itemListElement":[{"@type":"ListItem","position":1,"name":"Pagrindinis","item":"https:\/\/kidsplay.lt\/"},{"@type":"ListItem","position":2,"name":"Parduotuv\u0117","item":"https:\/\/kidsplay.lt\/parduotuve\/"},{"@type":"ListItem","position":3,"name":"Virtuv\u0117l\u0117 vaikams raudona spalva"}]},{"@type":"WebSite","@id":"https:\/\/kidsplay.lt\/#website","url":"https:\/\/kidsplay.lt\/","name":"B\u0113rnu sp\u0113les.lv","description":"\u012evairios prek\u0117s vaikams","publisher":{"@id":"https:\/\/kidsplay.lt\/#organization"},"alternateName":"Kidsplay","potentialAction":[{"@type":"SearchAction","target":{"@type":"EntryPoint","urlTemplate":"https:\/\/kidsplay.lt\/?s={search_term_string}"},"query-input":{"@type":"PropertyValueSpecification","valueRequired":true,"valueName":"search_term_string"}}],"inLanguage":"lv-LV"},{"@type":"Organization","@id":"https:\/\/kidsplay.lt\/#organization","name":"B\u0113rnu sp\u0113le","url":"https:\/\/kidsplay.lt\/","logo":{"@type":"ImageObject","inLanguage":"lv-LV","@id":"https:\/\/kidsplay.lt\/#\/schema\/logo\/image\/","url":"https:\/\/kidsplay.lt\/wp-content\/uploads\/2023\/07\/kidsplay-logo.png","contentUrl":"https:\/\/kidsplay.lt\/wp-content\/uploads\/2023\/07\/kidsplay-logo.png","width":451,"height":98,"caption":"KidsPlay"},"image":{"@id":"https:\/\/kidsplay.lt\/#\/schema\/logo\/image\/"},"sameAs":["https:\/\/www.facebook.com\/www.kidsplay.lt"]}]}},"_links":{"self":[{"href":"https:\/\/kidsplay.lt\/lv\/wp-json\/wp\/v2\/product\/26360","targetHints":{"allow":["GET"]}}],"collection":[{"href":"https:\/\/kidsplay.lt\/lv\/wp-json\/wp\/v2\/product"}],"about":[{"href":"https:\/\/kidsplay.lt\/lv\/wp-json\/wp\/v2\/types\/product"}],"version-history":[{"count":1,"href":"https:\/\/kidsplay.lt\/lv\/wp-json\/wp\/v2\/product\/26360\/revisions"}],"predecessor-version":[{"id":65125,"href":"https:\/\/kidsplay.lt\/lv\/wp-json\/wp\/v2\/product\/26360\/revisions\/65125"}],"wp:featuredmedia":[{"embeddable":true,"href":"https:\/\/kidsplay.lt\/lv\/wp-json\/wp\/v2\/media\/26352"}],"wp:attachment":[{"href":"https:\/\/kidsplay.lt\/lv\/wp-json\/wp\/v2\/media?parent=26360"}],"wp:term":[{"taxonomy":"product_brand","embeddable":true,"href":"https:\/\/kidsplay.lt\/lv\/wp-json\/wp\/v2\/product_brand?post=26360"},{"taxonomy":"product_cat","embeddable":true,"href":"https:\/\/kidsplay.lt\/lv\/wp-json\/wp\/v2\/product_cat?post=26360"},{"taxonomy":"product_tag","embeddable":true,"href":"https:\/\/kidsplay.lt\/lv\/wp-json\/wp\/v2\/product_tag?post=26360"}],"curies":[{"name":"wp","href":"https:\/\/api.w.org\/{rel}","templated":true}]}}